{"id":27875,"date":"2022-11-14T15:09:21","date_gmt":"2022-11-14T15:09:22","guid":{"rendered":"https:\/\/chemitool.com\/?post_type=product&#038;p=27875"},"modified":"2023-02-09T15:15:38","modified_gmt":"2023-02-09T15:15:38","slug":"compressor-de-pistao-com-correia-200l-trifasico-380v","status":"publish","type":"product","link":"https:\/\/chemitool.com\/pt-pt\/products\/tools\/compressores\/compressores-com-correia\/compressor-de-pistao-com-correia-200l-trifasico-380v\/","title":{"rendered":"COMPRESSOR DE PIST\u00c3O COM CORREIA TRIF\u00c1SICO 200L 380V"},"content":{"rendered":"<p><strong>VANTAGENS<\/strong><\/p>\n<ul>\n<li>Qualidade profissional<\/li>\n<li>Cabe\u00e7a compressora de alto rendimento<\/li>\n<li>Elevado rendimento volum\u00e9trico<\/li>\n<li>Cilindros em alum\u00ednio com o interior revestido a ferro fundido ou em ferro fundido<\/li>\n<li>Prote\u00e7\u00e3o total da transmiss\u00e3o com alta ventila\u00e7\u00e3o<\/li>\n<li>Cabe\u00e7a, cilindro e coletores refrigerados com uma ampla superf\u00edcie para maior arrefecimento<\/li>\n<li>V\u00e1lvulas de a\u00e7o inox especiais<\/li>\n<li>Volante com elevada sa\u00edda de ar<\/li>\n<\/ul>\n<p><strong>Aplica\u00e7\u00f5es<\/strong><\/p>\n<p>Todo o tipo de necessidades de ar comprimido, em aplica\u00e7\u00f5es na ind\u00fastria,<br \/>\ntrabalhos de oficinas, manuten\u00e7\u00e3o e produ\u00e7\u00e3o.<\/p>\n","protected":false},"excerpt":{"rendered":"<p><b class=\"sap-label\">SAP:<\/b> <span class=\"codesap-label\">CHT100103200WT0<\/span><\/p>\n<p><em>Os Compressores de Pist\u00e3o com Correia CHEMITOOL<\/em> s\u00e3o compressores profissionais e fi\u00e1veis, desenvolvidos para utiliza\u00e7\u00e3o intensiva em ambiente industrial.<\/p>\n","protected":false},"featured_media":12113,"template":"","meta":[],"product_cat":[1455,2644,3628],"product_tag":[4570,4571,4569],"yoast_head":"<!-- This site is optimized with the Yoast SEO plugin v17.4 - https:\/\/yoast.com\/wordpress\/plugins\/seo\/ -->\n<title>COMPRESSOR DE PIST\u00c3O COM CORREIA TRIF\u00c1SICO 200L 380V &ndash; Chemitool<\/title>\n<meta name=\"description\" content=\"SAP: CHT100103200WT0  Os Compressores de Pist\u00e3o com Correia CHEMITOOL s\u00e3o compressores profissionais e fi\u00e1veis, desenvolvidos para utiliza\u00e7\u00e3o intensiva em ambiente industrial.\" \/>\n<meta name=\"robots\" content=\"index, follow, max-snippet:-1, max-image-preview:large, max-video-preview:-1\" \/>\n<link rel=\"canonical\" href=\"https:\/\/chemitool.com\/pt-pt\/products\/tools\/compressores\/compressores-com-correia\/compressor-de-pistao-com-correia-200l-trifasico-380v\/\" \/>\n<meta property=\"og:locale\" content=\"pt_PT\" \/>\n<meta property=\"og:type\" content=\"article\" \/>\n<meta property=\"og:title\" content=\"COMPRESSOR DE PIST\u00c3O COM CORREIA TRIF\u00c1SICO 200L 380V &ndash; Chemitool\" \/>\n<meta property=\"og:description\" content=\"SAP: CHT100103200WT0  Os Compressores de Pist\u00e3o com Correia CHEMITOOL s\u00e3o compressores profissionais e fi\u00e1veis, desenvolvidos para utiliza\u00e7\u00e3o intensiva em ambiente industrial.\" \/>\n<meta property=\"og:url\" content=\"https:\/\/chemitool.com\/pt-pt\/products\/tools\/compressores\/compressores-com-correia\/compressor-de-pistao-com-correia-200l-trifasico-380v\/\" \/>\n<meta property=\"og:site_name\" content=\"Chemitool\" \/>\n<meta property=\"article:publisher\" content=\"https:\/\/www.facebook.com\/chemitool\" \/>\n<meta property=\"article:modified_time\" content=\"2023-02-09T15:15:38+00:00\" \/>\n<meta property=\"og:image\" content=\"https:\/\/chemitool.com\/wp-content\/uploads\/2021\/04\/230V.png\" \/>\n\t<meta property=\"og:image:width\" content=\"800\" \/>\n\t<meta property=\"og:image:height\" content=\"800\" \/>\n<meta name=\"twitter:card\" content=\"summary_large_image\" \/>\n<script type=\"application\/ld+json\" class=\"yoast-schema-graph\">{\"@context\":\"https:\/\/schema.org\",\"@graph\":[{\"@type\":\"Organization\",\"@id\":\"https:\/\/chemitool.com\/#organization\",\"name\":\"Chemitool\",\"url\":\"https:\/\/chemitool.com\/\",\"sameAs\":[\"https:\/\/www.facebook.com\/chemitool\",\"https:\/\/www.instagram.com\/chemitool\/\"],\"logo\":{\"@type\":\"ImageObject\",\"@id\":\"https:\/\/chemitool.com\/#logo\",\"inLanguage\":\"pt-PT\",\"url\":\"https:\/\/chemitool.com\/wp-content\/uploads\/2020\/10\/logo_chemitool.png\",\"contentUrl\":\"https:\/\/chemitool.com\/wp-content\/uploads\/2020\/10\/logo_chemitool.png\",\"width\":400,\"height\":400,\"caption\":\"Chemitool\"},\"image\":{\"@id\":\"https:\/\/chemitool.com\/#logo\"}},{\"@type\":\"WebSite\",\"@id\":\"https:\/\/chemitool.com\/#website\",\"url\":\"https:\/\/chemitool.com\/\",\"name\":\"Chemitool\",\"description\":\"Chemitool - hardware and tools\",\"publisher\":{\"@id\":\"https:\/\/chemitool.com\/#organization\"},\"potentialAction\":[{\"@type\":\"SearchAction\",\"target\":{\"@type\":\"EntryPoint\",\"urlTemplate\":\"https:\/\/chemitool.com\/?s={search_term_string}\"},\"query-input\":\"required name=search_term_string\"}],\"inLanguage\":\"pt-PT\"},{\"@type\":\"ImageObject\",\"@id\":\"https:\/\/chemitool.com\/pt-pt\/products\/tools\/compressores\/compressores-com-correia\/compressor-de-pistao-com-correia-200l-trifasico-380v\/#primaryimage\",\"inLanguage\":\"pt-PT\",\"url\":\"https:\/\/chemitool.com\/wp-content\/uploads\/2021\/04\/230V.png\",\"contentUrl\":\"https:\/\/chemitool.com\/wp-content\/uploads\/2021\/04\/230V.png\",\"width\":800,\"height\":800},{\"@type\":\"WebPage\",\"@id\":\"https:\/\/chemitool.com\/pt-pt\/products\/tools\/compressores\/compressores-com-correia\/compressor-de-pistao-com-correia-200l-trifasico-380v\/#webpage\",\"url\":\"https:\/\/chemitool.com\/pt-pt\/products\/tools\/compressores\/compressores-com-correia\/compressor-de-pistao-com-correia-200l-trifasico-380v\/\",\"name\":\"COMPRESSOR DE PIST\\u00c3O COM CORREIA TRIF\\u00c1SICO 200L 380V &ndash; Chemitool\",\"isPartOf\":{\"@id\":\"https:\/\/chemitool.com\/#website\"},\"primaryImageOfPage\":{\"@id\":\"https:\/\/chemitool.com\/pt-pt\/products\/tools\/compressores\/compressores-com-correia\/compressor-de-pistao-com-correia-200l-trifasico-380v\/#primaryimage\"},\"datePublished\":\"2022-11-14T15:09:22+00:00\",\"dateModified\":\"2023-02-09T15:15:38+00:00\",\"description\":\"SAP: CHT100103200WT0 Os Compressores de Pist\\u00e3o com Correia CHEMITOOL s\\u00e3o compressores profissionais e fi\\u00e1veis, desenvolvidos para utiliza\\u00e7\\u00e3o intensiva em ambiente industrial.\",\"breadcrumb\":{\"@id\":\"https:\/\/chemitool.com\/pt-pt\/products\/tools\/compressores\/compressores-com-correia\/compressor-de-pistao-com-correia-200l-trifasico-380v\/#breadcrumb\"},\"inLanguage\":\"pt-PT\",\"potentialAction\":[{\"@type\":\"ReadAction\",\"target\":[\"https:\/\/chemitool.com\/pt-pt\/products\/tools\/compressores\/compressores-com-correia\/compressor-de-pistao-com-correia-200l-trifasico-380v\/\"]}]},{\"@type\":\"BreadcrumbList\",\"@id\":\"https:\/\/chemitool.com\/pt-pt\/products\/tools\/compressores\/compressores-com-correia\/compressor-de-pistao-com-correia-200l-trifasico-380v\/#breadcrumb\",\"itemListElement\":[{\"@type\":\"ListItem\",\"position\":1,\"name\":\"Home\",\"item\":\"https:\/\/chemitool.com\/pt-pt\/\"},{\"@type\":\"ListItem\",\"position\":2,\"name\":\"Produtos\",\"item\":\"https:\/\/chemitool.com\/pt-pt\/produtos\/\"},{\"@type\":\"ListItem\",\"position\":3,\"name\":\"Tools\",\"item\":\"https:\/\/chemitool.com\/pt-pt\/categoria-produto\/tools\/\"},{\"@type\":\"ListItem\",\"position\":4,\"name\":\"Compressores\",\"item\":\"https:\/\/chemitool.com\/pt-pt\/categoria-produto\/tools\/compressores\/\"},{\"@type\":\"ListItem\",\"position\":5,\"name\":\"Compressores com Correia\",\"item\":\"https:\/\/chemitool.com\/pt-pt\/categoria-produto\/tools\/compressores\/compressores-com-correia\/\"},{\"@type\":\"ListItem\",\"position\":6,\"name\":\"COMPRESSOR DE PIST\\u00c3O COM CORREIA TRIF\\u00c1SICO 200L 380V\"}]}]}<\/script>\n<!-- \/ Yoast SEO plugin. -->","yoast_head_json":{"title":"COMPRESSOR DE PIST\u00c3O COM CORREIA TRIF\u00c1SICO 200L 380V &ndash; Chemitool","description":"SAP: CHT100103200WT0  Os Compressores de Pist\u00e3o com Correia CHEMITOOL s\u00e3o compressores profissionais e fi\u00e1veis, desenvolvidos para utiliza\u00e7\u00e3o intensiva em ambiente industrial.","robots":{"index":"index","follow":"follow","max-snippet":"max-snippet:-1","max-image-preview":"max-image-preview:large","max-video-preview":"max-video-preview:-1"},"canonical":"https:\/\/chemitool.com\/pt-pt\/products\/tools\/compressores\/compressores-com-correia\/compressor-de-pistao-com-correia-200l-trifasico-380v\/","og_locale":"pt_PT","og_type":"article","og_title":"COMPRESSOR DE PIST\u00c3O COM CORREIA TRIF\u00c1SICO 200L 380V &ndash; Chemitool","og_description":"SAP: CHT100103200WT0  Os Compressores de Pist\u00e3o com Correia CHEMITOOL s\u00e3o compressores profissionais e fi\u00e1veis, desenvolvidos para utiliza\u00e7\u00e3o intensiva em ambiente industrial.","og_url":"https:\/\/chemitool.com\/pt-pt\/products\/tools\/compressores\/compressores-com-correia\/compressor-de-pistao-com-correia-200l-trifasico-380v\/","og_site_name":"Chemitool","article_publisher":"https:\/\/www.facebook.com\/chemitool","article_modified_time":"2023-02-09T15:15:38+00:00","og_image":[{"width":800,"height":800,"url":"https:\/\/chemitool.com\/wp-content\/uploads\/2021\/04\/230V.png","type":"image\/png"}],"twitter_card":"summary_large_image","schema":{"@context":"https:\/\/schema.org","@graph":[{"@type":"Organization","@id":"https:\/\/chemitool.com\/#organization","name":"Chemitool","url":"https:\/\/chemitool.com\/","sameAs":["https:\/\/www.facebook.com\/chemitool","https:\/\/www.instagram.com\/chemitool\/"],"logo":{"@type":"ImageObject","@id":"https:\/\/chemitool.com\/#logo","inLanguage":"pt-PT","url":"https:\/\/chemitool.com\/wp-content\/uploads\/2020\/10\/logo_chemitool.png","contentUrl":"https:\/\/chemitool.com\/wp-content\/uploads\/2020\/10\/logo_chemitool.png","width":400,"height":400,"caption":"Chemitool"},"image":{"@id":"https:\/\/chemitool.com\/#logo"}},{"@type":"WebSite","@id":"https:\/\/chemitool.com\/#website","url":"https:\/\/chemitool.com\/","name":"Chemitool","description":"Chemitool - hardware and tools","publisher":{"@id":"https:\/\/chemitool.com\/#organization"},"potentialAction":[{"@type":"SearchAction","target":{"@type":"EntryPoint","urlTemplate":"https:\/\/chemitool.com\/?s={search_term_string}"},"query-input":"required name=search_term_string"}],"inLanguage":"pt-PT"},{"@type":"ImageObject","@id":"https:\/\/chemitool.com\/pt-pt\/products\/tools\/compressores\/compressores-com-correia\/compressor-de-pistao-com-correia-200l-trifasico-380v\/#primaryimage","inLanguage":"pt-PT","url":"https:\/\/chemitool.com\/wp-content\/uploads\/2021\/04\/230V.png","contentUrl":"https:\/\/chemitool.com\/wp-content\/uploads\/2021\/04\/230V.png","width":800,"height":800},{"@type":"WebPage","@id":"https:\/\/chemitool.com\/pt-pt\/products\/tools\/compressores\/compressores-com-correia\/compressor-de-pistao-com-correia-200l-trifasico-380v\/#webpage","url":"https:\/\/chemitool.com\/pt-pt\/products\/tools\/compressores\/compressores-com-correia\/compressor-de-pistao-com-correia-200l-trifasico-380v\/","name":"COMPRESSOR DE PIST\u00c3O COM CORREIA TRIF\u00c1SICO 200L 380V &ndash; Chemitool","isPartOf":{"@id":"https:\/\/chemitool.com\/#website"},"primaryImageOfPage":{"@id":"https:\/\/chemitool.com\/pt-pt\/products\/tools\/compressores\/compressores-com-correia\/compressor-de-pistao-com-correia-200l-trifasico-380v\/#primaryimage"},"datePublished":"2022-11-14T15:09:22+00:00","dateModified":"2023-02-09T15:15:38+00:00","description":"SAP: CHT100103200WT0 Os Compressores de Pist\u00e3o com Correia CHEMITOOL s\u00e3o compressores profissionais e fi\u00e1veis, desenvolvidos para utiliza\u00e7\u00e3o intensiva em ambiente industrial.","breadcrumb":{"@id":"https:\/\/chemitool.com\/pt-pt\/products\/tools\/compressores\/compressores-com-correia\/compressor-de-pistao-com-correia-200l-trifasico-380v\/#breadcrumb"},"inLanguage":"pt-PT","potentialAction":[{"@type":"ReadAction","target":["https:\/\/chemitool.com\/pt-pt\/products\/tools\/compressores\/compressores-com-correia\/compressor-de-pistao-com-correia-200l-trifasico-380v\/"]}]},{"@type":"BreadcrumbList","@id":"https:\/\/chemitool.com\/pt-pt\/products\/tools\/compressores\/compressores-com-correia\/compressor-de-pistao-com-correia-200l-trifasico-380v\/#breadcrumb","itemListElement":[{"@type":"ListItem","position":1,"name":"Home","item":"https:\/\/chemitool.com\/pt-pt\/"},{"@type":"ListItem","position":2,"name":"Produtos","item":"https:\/\/chemitool.com\/pt-pt\/produtos\/"},{"@type":"ListItem","position":3,"name":"Tools","item":"https:\/\/chemitool.com\/pt-pt\/categoria-produto\/tools\/"},{"@type":"ListItem","position":4,"name":"Compressores","item":"https:\/\/chemitool.com\/pt-pt\/categoria-produto\/tools\/compressores\/"},{"@type":"ListItem","position":5,"name":"Compressores com Correia","item":"https:\/\/chemitool.com\/pt-pt\/categoria-produto\/tools\/compressores\/compressores-com-correia\/"},{"@type":"ListItem","position":6,"name":"COMPRESSOR DE PIST\u00c3O COM CORREIA TRIF\u00c1SICO 200L 380V"}]}]}},"_links":{"self":[{"href":"https:\/\/chemitool.com\/pt-pt\/wp-json\/wp\/v2\/product\/27875"}],"collection":[{"href":"https:\/\/chemitool.com\/pt-pt\/wp-json\/wp\/v2\/product"}],"about":[{"href":"https:\/\/chemitool.com\/pt-pt\/wp-json\/wp\/v2\/types\/product"}],"wp:featuredmedia":[{"embeddable":true,"href":"https:\/\/chemitool.com\/pt-pt\/wp-json\/wp\/v2\/media\/12113"}],"wp:attachment":[{"href":"https:\/\/chemitool.com\/pt-pt\/wp-json\/wp\/v2\/media?parent=27875"}],"wp:term":[{"taxonomy":"product_cat","embeddable":true,"href":"https:\/\/chemitool.com\/pt-pt\/wp-json\/wp\/v2\/product_cat?post=27875"},{"taxonomy":"product_tag","embeddable":true,"href":"https:\/\/chemitool.com\/pt-pt\/wp-json\/wp\/v2\/product_tag?post=27875"}],"curies":[{"name":"wp","href":"https:\/\/api.w.org\/{rel}","templated":true}]}}