{"id":27686,"date":"2022-11-09T11:18:58","date_gmt":"2022-11-09T11:18:59","guid":{"rendered":"https:\/\/chemitool.com\/?post_type=product&#038;p=27686"},"modified":"2022-11-09T15:16:20","modified_gmt":"2022-11-09T15:16:20","slug":"broca-escalonada-hss-g-m2-espiral","status":"publish","type":"product","link":"https:\/\/chemitool.com\/pt-pt\/products\/cutting\/ferramentas-de-perfuracao-metal\/brocas-escalonadas\/hss-g-m2-pt-pt\/broca-escalonada-hss-g-m2-espiral\/","title":{"rendered":"BROCA ESCALONADA HSS-G \u2013 M2 &#8211; ESPIRAL"},"content":{"rendered":"<p><strong>VANTAGENS<\/strong><\/p>\n<ul>\n<li>\u00d3tima rela\u00e7\u00e3o qualidade\/valor<\/li>\n<li>Totalmente retificada em A\u00e7o R\u00e1pido M2<\/li>\n<li>Elevada performance de corte<\/li>\n<li>Dispon\u00edvel do di\u00e2metro 4 at\u00e9 30mm<\/li>\n<li>Resist\u00eancia \u00e0 quebra<\/li>\n<li>Longa vida \u00fatil da ferramenta<\/li>\n<\/ul>\n<p>A broca escalonada HSS <strong>CHEMITOOL<\/strong> \u00e9 produzida totalmente em a\u00e7o r\u00e1pido M2, preparada para fura\u00e7\u00f5es em metais com uma dureza at\u00e9 800N\/mm2.<\/p>\n<p>A broca escalonada em forma de \u201cpinha\u201d tem como principal fun\u00e7\u00e3o, a perfura\u00e7\u00e3o cont\u00ednua atrav\u00e9s de diferentes escalas, permitindo assim ao profissional uma variedade de di\u00e2metros de fura\u00e7\u00e3o numa s\u00f3 ferramenta. Esta tem um \u00e2ngulo de ataque da broca escalonada de 118\u00ba, para r\u00e1pida entrada no material e bom poder de centragem.<\/p>\n<p>Os canais em forma de espiral ajudam a eliminar as aparas resultantes do corte, facilitando assim a constante entrada da broca no material e evitando o aquecimento localizado.<\/p>\n<p>Uma das principais vantagens desta broca escalonada \u00e9 o encabadouro facetado (3 faces), ajudando assim a manter a press\u00e3o sobre a broca escalonada, evitando que ela se solte mais facilmente dos mordentes da bucha.<\/p>\n<p>A utiliza\u00e7\u00e3o de lubrifica\u00e7\u00e3o no processo de fura\u00e7\u00e3o, aumentar\u00e1 a vida \u00fatil e reduz o aquecimento da broca escalonada, n\u00e3o devendo ser descorada esta aplica\u00e7\u00e3o em materiais com uma dureza e abras\u00e3o elevada.<\/p>\n<p>Dispon\u00edvel tamb\u00e9m em conjunto de 3 pe\u00e7as (caixa pl\u00e1stica).<\/p>\n<p><img class=\"alignnone wp-image-23608\" src=\"https:\/\/chemitool.com\/wp-content\/uploads\/2022\/06\/Condutividade-300x300.png\" alt=\"\" width=\"60\" height=\"60\" srcset=\"https:\/\/chemitool.com\/wp-content\/uploads\/2022\/06\/Condutividade-300x300.png 300w, https:\/\/chemitool.com\/wp-content\/uploads\/2022\/06\/Condutividade-150x150.png 150w, https:\/\/chemitool.com\/wp-content\/uploads\/2022\/06\/Condutividade-100x100.png 100w, https:\/\/chemitool.com\/wp-content\/uploads\/2022\/06\/Condutividade.png 377w\" sizes=\"(max-width: 60px) 100vw, 60px\" \/><img class=\"alignnone wp-image-23602\" src=\"https:\/\/chemitool.com\/wp-content\/uploads\/2022\/06\/Lubrificacao-300x300.png\" alt=\"\" width=\"60\" height=\"60\" srcset=\"https:\/\/chemitool.com\/wp-content\/uploads\/2022\/06\/Lubrificacao-300x300.png 300w, https:\/\/chemitool.com\/wp-content\/uploads\/2022\/06\/Lubrificacao-150x150.png 150w, https:\/\/chemitool.com\/wp-content\/uploads\/2022\/06\/Lubrificacao-100x100.png 100w, https:\/\/chemitool.com\/wp-content\/uploads\/2022\/06\/Lubrificacao.png 377w\" sizes=\"(max-width: 60px) 100vw, 60px\" \/><img class=\"alignnone wp-image-23605\" src=\"https:\/\/chemitool.com\/wp-content\/uploads\/2022\/06\/CorteMao-300x300.png\" alt=\"\" width=\"60\" height=\"60\" srcset=\"https:\/\/chemitool.com\/wp-content\/uploads\/2022\/06\/CorteMao-300x300.png 300w, https:\/\/chemitool.com\/wp-content\/uploads\/2022\/06\/CorteMao-150x150.png 150w, https:\/\/chemitool.com\/wp-content\/uploads\/2022\/06\/CorteMao-100x100.png 100w, https:\/\/chemitool.com\/wp-content\/uploads\/2022\/06\/CorteMao.png 378w\" sizes=\"(max-width: 60px) 100vw, 60px\" \/><img class=\"alignnone wp-image-21338\" src=\"https:\/\/chemitool.com\/wp-content\/uploads\/2022\/04\/Artboard-3-1-300x300.png\" alt=\"\" width=\"67\" height=\"67\" srcset=\"https:\/\/chemitool.com\/wp-content\/uploads\/2022\/04\/Artboard-3-1-300x300.png 300w, https:\/\/chemitool.com\/wp-content\/uploads\/2022\/04\/Artboard-3-1-150x150.png 150w, https:\/\/chemitool.com\/wp-content\/uploads\/2022\/04\/Artboard-3-1-768x767.png 768w, https:\/\/chemitool.com\/wp-content\/uploads\/2022\/04\/Artboard-3-1-650x650.png 650w, https:\/\/chemitool.com\/wp-content\/uploads\/2022\/04\/Artboard-3-1-600x599.png 600w, https:\/\/chemitool.com\/wp-content\/uploads\/2022\/04\/Artboard-3-1-100x100.png 100w, https:\/\/chemitool.com\/wp-content\/uploads\/2022\/04\/Artboard-3-1.png 801w\" sizes=\"(max-width: 67px) 100vw, 67px\" \/><img class=\"alignnone wp-image-21344\" src=\"https:\/\/chemitool.com\/wp-content\/uploads\/2022\/04\/Artboard-5-1-300x300.png\" alt=\"\" width=\"68\" height=\"68\" srcset=\"https:\/\/chemitool.com\/wp-content\/uploads\/2022\/04\/Artboard-5-1-300x300.png 300w, https:\/\/chemitool.com\/wp-content\/uploads\/2022\/04\/Artboard-5-1-150x150.png 150w, https:\/\/chemitool.com\/wp-content\/uploads\/2022\/04\/Artboard-5-1-768x767.png 768w, https:\/\/chemitool.com\/wp-content\/uploads\/2022\/04\/Artboard-5-1-650x650.png 650w, https:\/\/chemitool.com\/wp-content\/uploads\/2022\/04\/Artboard-5-1-600x599.png 600w, https:\/\/chemitool.com\/wp-content\/uploads\/2022\/04\/Artboard-5-1-100x100.png 100w, https:\/\/chemitool.com\/wp-content\/uploads\/2022\/04\/Artboard-5-1.png 801w\" sizes=\"(max-width: 68px) 100vw, 68px\" \/><img class=\"alignnone wp-image-21341\" src=\"https:\/\/chemitool.com\/wp-content\/uploads\/2022\/04\/Artboard-4-1-300x300.png\" alt=\"\" width=\"64\" height=\"64\" srcset=\"https:\/\/chemitool.com\/wp-content\/uploads\/2022\/04\/Artboard-4-1-300x300.png 300w, https:\/\/chemitool.com\/wp-content\/uploads\/2022\/04\/Artboard-4-1-150x150.png 150w, https:\/\/chemitool.com\/wp-content\/uploads\/2022\/04\/Artboard-4-1-768x767.png 768w, https:\/\/chemitool.com\/wp-content\/uploads\/2022\/04\/Artboard-4-1-650x650.png 650w, https:\/\/chemitool.com\/wp-content\/uploads\/2022\/04\/Artboard-4-1-600x599.png 600w, https:\/\/chemitool.com\/wp-content\/uploads\/2022\/04\/Artboard-4-1-100x100.png 100w, https:\/\/chemitool.com\/wp-content\/uploads\/2022\/04\/Artboard-4-1.png 801w\" sizes=\"(max-width: 64px) 100vw, 64px\" \/><\/p>\n","protected":false},"excerpt":{"rendered":"<p>As <em>brocas escalonadas CHEMITOOL<\/em> foram desenvolvidas sobre criteriosos processos de fabrico, no sentido de fornecer ao profissional uma excelente rela\u00e7\u00e3o de qualidade e performance no processo de fura\u00e7\u00e3o por escala. Esta broca escalonada distingue-se pela excelente rela\u00e7\u00e3o qualidade\/valor.<\/p>\n","protected":false},"featured_media":27681,"template":"","meta":[],"product_cat":[1422,4506,4517,4525],"product_tag":[],"yoast_head":"<!-- This site is optimized with the Yoast SEO plugin v17.4 - https:\/\/yoast.com\/wordpress\/plugins\/seo\/ -->\n<title>BROCA ESCALONADA HSS-G \u2013 M2 - ESPIRAL &ndash; Chemitool<\/title>\n<meta name=\"description\" content=\"As brocas escalonadas CHEMITOOL foram desenvolvidas sobre criteriosos processos de fabrico, no sentido de fornecer ao profissional uma excelente rela\u00e7\u00e3o de qualidade e performance no processo de fura\u00e7\u00e3o por escala. Esta broca escalonada distingue-se pela excelente rela\u00e7\u00e3o qualidade\/valor.\" \/>\n<meta name=\"robots\" content=\"index, follow, max-snippet:-1, max-image-preview:large, max-video-preview:-1\" \/>\n<link rel=\"canonical\" href=\"https:\/\/chemitool.com\/pt-pt\/products\/cutting\/ferramentas-de-perfuracao-metal\/brocas-escalonadas\/hss-g-m2-pt-pt\/broca-escalonada-hss-g-m2-espiral\/\" \/>\n<meta property=\"og:locale\" content=\"pt_PT\" \/>\n<meta property=\"og:type\" content=\"article\" \/>\n<meta property=\"og:title\" content=\"BROCA ESCALONADA HSS-G \u2013 M2 - ESPIRAL &ndash; Chemitool\" \/>\n<meta property=\"og:description\" content=\"As brocas escalonadas CHEMITOOL foram desenvolvidas sobre criteriosos processos de fabrico, no sentido de fornecer ao profissional uma excelente rela\u00e7\u00e3o de qualidade e performance no processo de fura\u00e7\u00e3o por escala. Esta broca escalonada distingue-se pela excelente rela\u00e7\u00e3o qualidade\/valor.\" \/>\n<meta property=\"og:url\" content=\"https:\/\/chemitool.com\/pt-pt\/products\/cutting\/ferramentas-de-perfuracao-metal\/brocas-escalonadas\/hss-g-m2-pt-pt\/broca-escalonada-hss-g-m2-espiral\/\" \/>\n<meta property=\"og:site_name\" content=\"Chemitool\" \/>\n<meta property=\"article:publisher\" content=\"https:\/\/www.facebook.com\/chemitool\" \/>\n<meta property=\"article:modified_time\" content=\"2022-11-09T15:16:20+00:00\" \/>\n<meta property=\"og:image\" content=\"https:\/\/chemitool.com\/wp-content\/uploads\/2022\/11\/CHA2101_M2.png\" \/>\n\t<meta property=\"og:image:width\" content=\"800\" \/>\n\t<meta property=\"og:image:height\" content=\"800\" \/>\n<meta name=\"twitter:card\" content=\"summary_large_image\" \/>\n<meta name=\"twitter:label1\" content=\"Tempo estimado de leitura\" \/>\n\t<meta name=\"twitter:data1\" content=\"1 minuto\" \/>\n<script type=\"application\/ld+json\" class=\"yoast-schema-graph\">{\"@context\":\"https:\/\/schema.org\",\"@graph\":[{\"@type\":\"Organization\",\"@id\":\"https:\/\/chemitool.com\/#organization\",\"name\":\"Chemitool\",\"url\":\"https:\/\/chemitool.com\/\",\"sameAs\":[\"https:\/\/www.facebook.com\/chemitool\",\"https:\/\/www.instagram.com\/chemitool\/\"],\"logo\":{\"@type\":\"ImageObject\",\"@id\":\"https:\/\/chemitool.com\/#logo\",\"inLanguage\":\"pt-PT\",\"url\":\"https:\/\/chemitool.com\/wp-content\/uploads\/2020\/10\/logo_chemitool.png\",\"contentUrl\":\"https:\/\/chemitool.com\/wp-content\/uploads\/2020\/10\/logo_chemitool.png\",\"width\":400,\"height\":400,\"caption\":\"Chemitool\"},\"image\":{\"@id\":\"https:\/\/chemitool.com\/#logo\"}},{\"@type\":\"WebSite\",\"@id\":\"https:\/\/chemitool.com\/#website\",\"url\":\"https:\/\/chemitool.com\/\",\"name\":\"Chemitool\",\"description\":\"Chemitool - hardware and tools\",\"publisher\":{\"@id\":\"https:\/\/chemitool.com\/#organization\"},\"potentialAction\":[{\"@type\":\"SearchAction\",\"target\":{\"@type\":\"EntryPoint\",\"urlTemplate\":\"https:\/\/chemitool.com\/?s={search_term_string}\"},\"query-input\":\"required name=search_term_string\"}],\"inLanguage\":\"pt-PT\"},{\"@type\":\"ImageObject\",\"@id\":\"https:\/\/chemitool.com\/pt-pt\/products\/cutting\/ferramentas-de-perfuracao-metal\/brocas-escalonadas\/hss-g-m2-pt-pt\/broca-escalonada-hss-g-m2-espiral\/#primaryimage\",\"inLanguage\":\"pt-PT\",\"url\":\"https:\/\/chemitool.com\/wp-content\/uploads\/2022\/11\/CHA2101_M2.png\",\"contentUrl\":\"https:\/\/chemitool.com\/wp-content\/uploads\/2022\/11\/CHA2101_M2.png\",\"width\":800,\"height\":800},{\"@type\":\"WebPage\",\"@id\":\"https:\/\/chemitool.com\/pt-pt\/products\/cutting\/ferramentas-de-perfuracao-metal\/brocas-escalonadas\/hss-g-m2-pt-pt\/broca-escalonada-hss-g-m2-espiral\/#webpage\",\"url\":\"https:\/\/chemitool.com\/pt-pt\/products\/cutting\/ferramentas-de-perfuracao-metal\/brocas-escalonadas\/hss-g-m2-pt-pt\/broca-escalonada-hss-g-m2-espiral\/\",\"name\":\"BROCA ESCALONADA HSS-G \\u2013 M2 - ESPIRAL &ndash; Chemitool\",\"isPartOf\":{\"@id\":\"https:\/\/chemitool.com\/#website\"},\"primaryImageOfPage\":{\"@id\":\"https:\/\/chemitool.com\/pt-pt\/products\/cutting\/ferramentas-de-perfuracao-metal\/brocas-escalonadas\/hss-g-m2-pt-pt\/broca-escalonada-hss-g-m2-espiral\/#primaryimage\"},\"datePublished\":\"2022-11-09T11:18:59+00:00\",\"dateModified\":\"2022-11-09T15:16:20+00:00\",\"description\":\"As brocas escalonadas CHEMITOOL foram desenvolvidas sobre criteriosos processos de fabrico, no sentido de fornecer ao profissional uma excelente rela\\u00e7\\u00e3o de qualidade e performance no processo de fura\\u00e7\\u00e3o por escala. Esta broca escalonada distingue-se pela excelente rela\\u00e7\\u00e3o qualidade\/valor.\",\"breadcrumb\":{\"@id\":\"https:\/\/chemitool.com\/pt-pt\/products\/cutting\/ferramentas-de-perfuracao-metal\/brocas-escalonadas\/hss-g-m2-pt-pt\/broca-escalonada-hss-g-m2-espiral\/#breadcrumb\"},\"inLanguage\":\"pt-PT\",\"potentialAction\":[{\"@type\":\"ReadAction\",\"target\":[\"https:\/\/chemitool.com\/pt-pt\/products\/cutting\/ferramentas-de-perfuracao-metal\/brocas-escalonadas\/hss-g-m2-pt-pt\/broca-escalonada-hss-g-m2-espiral\/\"]}]},{\"@type\":\"BreadcrumbList\",\"@id\":\"https:\/\/chemitool.com\/pt-pt\/products\/cutting\/ferramentas-de-perfuracao-metal\/brocas-escalonadas\/hss-g-m2-pt-pt\/broca-escalonada-hss-g-m2-espiral\/#breadcrumb\",\"itemListElement\":[{\"@type\":\"ListItem\",\"position\":1,\"name\":\"Home\",\"item\":\"https:\/\/chemitool.com\/pt-pt\/\"},{\"@type\":\"ListItem\",\"position\":2,\"name\":\"Produtos\",\"item\":\"https:\/\/chemitool.com\/pt-pt\/produtos\/\"},{\"@type\":\"ListItem\",\"position\":3,\"name\":\"Cutting\",\"item\":\"https:\/\/chemitool.com\/pt-pt\/categoria-produto\/cutting\/\"},{\"@type\":\"ListItem\",\"position\":4,\"name\":\"FERRAMENTAS DE PERFURA\\u00c7\\u00c3O METAL\",\"item\":\"https:\/\/chemitool.com\/pt-pt\/categoria-produto\/cutting\/ferramentas-de-perfuracao-metal\/\"},{\"@type\":\"ListItem\",\"position\":5,\"name\":\"BROCAS ESCALONADAS\",\"item\":\"https:\/\/chemitool.com\/pt-pt\/categoria-produto\/cutting\/ferramentas-de-perfuracao-metal\/brocas-escalonadas\/\"},{\"@type\":\"ListItem\",\"position\":6,\"name\":\"HSS-G M2\",\"item\":\"https:\/\/chemitool.com\/pt-pt\/categoria-produto\/cutting\/ferramentas-de-perfuracao-metal\/brocas-escalonadas\/hss-g-m2-pt-pt\/\"},{\"@type\":\"ListItem\",\"position\":7,\"name\":\"BROCA ESCALONADA HSS-G \\u2013 M2 &#8211; ESPIRAL\"}]}]}<\/script>\n<!-- \/ Yoast SEO plugin. -->","yoast_head_json":{"title":"BROCA ESCALONADA HSS-G \u2013 M2 - ESPIRAL &ndash; Chemitool","description":"As brocas escalonadas CHEMITOOL foram desenvolvidas sobre criteriosos processos de fabrico, no sentido de fornecer ao profissional uma excelente rela\u00e7\u00e3o de qualidade e performance no processo de fura\u00e7\u00e3o por escala. Esta broca escalonada distingue-se pela excelente rela\u00e7\u00e3o qualidade\/valor.","robots":{"index":"index","follow":"follow","max-snippet":"max-snippet:-1","max-image-preview":"max-image-preview:large","max-video-preview":"max-video-preview:-1"},"canonical":"https:\/\/chemitool.com\/pt-pt\/products\/cutting\/ferramentas-de-perfuracao-metal\/brocas-escalonadas\/hss-g-m2-pt-pt\/broca-escalonada-hss-g-m2-espiral\/","og_locale":"pt_PT","og_type":"article","og_title":"BROCA ESCALONADA HSS-G \u2013 M2 - ESPIRAL &ndash; Chemitool","og_description":"As brocas escalonadas CHEMITOOL foram desenvolvidas sobre criteriosos processos de fabrico, no sentido de fornecer ao profissional uma excelente rela\u00e7\u00e3o de qualidade e performance no processo de fura\u00e7\u00e3o por escala. Esta broca escalonada distingue-se pela excelente rela\u00e7\u00e3o qualidade\/valor.","og_url":"https:\/\/chemitool.com\/pt-pt\/products\/cutting\/ferramentas-de-perfuracao-metal\/brocas-escalonadas\/hss-g-m2-pt-pt\/broca-escalonada-hss-g-m2-espiral\/","og_site_name":"Chemitool","article_publisher":"https:\/\/www.facebook.com\/chemitool","article_modified_time":"2022-11-09T15:16:20+00:00","og_image":[{"width":800,"height":800,"url":"https:\/\/chemitool.com\/wp-content\/uploads\/2022\/11\/CHA2101_M2.png","type":"image\/png"}],"twitter_card":"summary_large_image","twitter_misc":{"Tempo estimado de leitura":"1 minuto"},"schema":{"@context":"https:\/\/schema.org","@graph":[{"@type":"Organization","@id":"https:\/\/chemitool.com\/#organization","name":"Chemitool","url":"https:\/\/chemitool.com\/","sameAs":["https:\/\/www.facebook.com\/chemitool","https:\/\/www.instagram.com\/chemitool\/"],"logo":{"@type":"ImageObject","@id":"https:\/\/chemitool.com\/#logo","inLanguage":"pt-PT","url":"https:\/\/chemitool.com\/wp-content\/uploads\/2020\/10\/logo_chemitool.png","contentUrl":"https:\/\/chemitool.com\/wp-content\/uploads\/2020\/10\/logo_chemitool.png","width":400,"height":400,"caption":"Chemitool"},"image":{"@id":"https:\/\/chemitool.com\/#logo"}},{"@type":"WebSite","@id":"https:\/\/chemitool.com\/#website","url":"https:\/\/chemitool.com\/","name":"Chemitool","description":"Chemitool - hardware and tools","publisher":{"@id":"https:\/\/chemitool.com\/#organization"},"potentialAction":[{"@type":"SearchAction","target":{"@type":"EntryPoint","urlTemplate":"https:\/\/chemitool.com\/?s={search_term_string}"},"query-input":"required name=search_term_string"}],"inLanguage":"pt-PT"},{"@type":"ImageObject","@id":"https:\/\/chemitool.com\/pt-pt\/products\/cutting\/ferramentas-de-perfuracao-metal\/brocas-escalonadas\/hss-g-m2-pt-pt\/broca-escalonada-hss-g-m2-espiral\/#primaryimage","inLanguage":"pt-PT","url":"https:\/\/chemitool.com\/wp-content\/uploads\/2022\/11\/CHA2101_M2.png","contentUrl":"https:\/\/chemitool.com\/wp-content\/uploads\/2022\/11\/CHA2101_M2.png","width":800,"height":800},{"@type":"WebPage","@id":"https:\/\/chemitool.com\/pt-pt\/products\/cutting\/ferramentas-de-perfuracao-metal\/brocas-escalonadas\/hss-g-m2-pt-pt\/broca-escalonada-hss-g-m2-espiral\/#webpage","url":"https:\/\/chemitool.com\/pt-pt\/products\/cutting\/ferramentas-de-perfuracao-metal\/brocas-escalonadas\/hss-g-m2-pt-pt\/broca-escalonada-hss-g-m2-espiral\/","name":"BROCA ESCALONADA HSS-G \u2013 M2 - ESPIRAL &ndash; Chemitool","isPartOf":{"@id":"https:\/\/chemitool.com\/#website"},"primaryImageOfPage":{"@id":"https:\/\/chemitool.com\/pt-pt\/products\/cutting\/ferramentas-de-perfuracao-metal\/brocas-escalonadas\/hss-g-m2-pt-pt\/broca-escalonada-hss-g-m2-espiral\/#primaryimage"},"datePublished":"2022-11-09T11:18:59+00:00","dateModified":"2022-11-09T15:16:20+00:00","description":"As brocas escalonadas CHEMITOOL foram desenvolvidas sobre criteriosos processos de fabrico, no sentido de fornecer ao profissional uma excelente rela\u00e7\u00e3o de qualidade e performance no processo de fura\u00e7\u00e3o por escala. Esta broca escalonada distingue-se pela excelente rela\u00e7\u00e3o qualidade\/valor.","breadcrumb":{"@id":"https:\/\/chemitool.com\/pt-pt\/products\/cutting\/ferramentas-de-perfuracao-metal\/brocas-escalonadas\/hss-g-m2-pt-pt\/broca-escalonada-hss-g-m2-espiral\/#breadcrumb"},"inLanguage":"pt-PT","potentialAction":[{"@type":"ReadAction","target":["https:\/\/chemitool.com\/pt-pt\/products\/cutting\/ferramentas-de-perfuracao-metal\/brocas-escalonadas\/hss-g-m2-pt-pt\/broca-escalonada-hss-g-m2-espiral\/"]}]},{"@type":"BreadcrumbList","@id":"https:\/\/chemitool.com\/pt-pt\/products\/cutting\/ferramentas-de-perfuracao-metal\/brocas-escalonadas\/hss-g-m2-pt-pt\/broca-escalonada-hss-g-m2-espiral\/#breadcrumb","itemListElement":[{"@type":"ListItem","position":1,"name":"Home","item":"https:\/\/chemitool.com\/pt-pt\/"},{"@type":"ListItem","position":2,"name":"Produtos","item":"https:\/\/chemitool.com\/pt-pt\/produtos\/"},{"@type":"ListItem","position":3,"name":"Cutting","item":"https:\/\/chemitool.com\/pt-pt\/categoria-produto\/cutting\/"},{"@type":"ListItem","position":4,"name":"FERRAMENTAS DE PERFURA\u00c7\u00c3O METAL","item":"https:\/\/chemitool.com\/pt-pt\/categoria-produto\/cutting\/ferramentas-de-perfuracao-metal\/"},{"@type":"ListItem","position":5,"name":"BROCAS ESCALONADAS","item":"https:\/\/chemitool.com\/pt-pt\/categoria-produto\/cutting\/ferramentas-de-perfuracao-metal\/brocas-escalonadas\/"},{"@type":"ListItem","position":6,"name":"HSS-G M2","item":"https:\/\/chemitool.com\/pt-pt\/categoria-produto\/cutting\/ferramentas-de-perfuracao-metal\/brocas-escalonadas\/hss-g-m2-pt-pt\/"},{"@type":"ListItem","position":7,"name":"BROCA ESCALONADA HSS-G \u2013 M2 &#8211; ESPIRAL"}]}]}},"_links":{"self":[{"href":"https:\/\/chemitool.com\/pt-pt\/wp-json\/wp\/v2\/product\/27686"}],"collection":[{"href":"https:\/\/chemitool.com\/pt-pt\/wp-json\/wp\/v2\/product"}],"about":[{"href":"https:\/\/chemitool.com\/pt-pt\/wp-json\/wp\/v2\/types\/product"}],"wp:featuredmedia":[{"embeddable":true,"href":"https:\/\/chemitool.com\/pt-pt\/wp-json\/wp\/v2\/media\/27681"}],"wp:attachment":[{"href":"https:\/\/chemitool.com\/pt-pt\/wp-json\/wp\/v2\/media?parent=27686"}],"wp:term":[{"taxonomy":"product_cat","embeddable":true,"href":"https:\/\/chemitool.com\/pt-pt\/wp-json\/wp\/v2\/product_cat?post=27686"},{"taxonomy":"product_tag","embeddable":true,"href":"https:\/\/chemitool.com\/pt-pt\/wp-json\/wp\/v2\/product_tag?post=27686"}],"curies":[{"name":"wp","href":"https:\/\/api.w.org\/{rel}","templated":true}]}}