{"id":26933,"date":"2022-09-30T10:27:45","date_gmt":"2022-09-30T10:27:59","guid":{"rendered":"https:\/\/chemitool.com\/?post_type=product&#038;p=26933"},"modified":"2023-05-22T16:49:27","modified_gmt":"2023-05-22T16:49:27","slug":"luva-poliester-revestida-a-pu","status":"publish","type":"product","link":"https:\/\/chemitool.com\/pt-pt\/products\/safety\/luvas-de-seguranca\/luvas-de-uso-geral\/luva-poliester-revestida-a-pu\/","title":{"rendered":"LUVA POLI\u00c9STER REVESTIDA A PU"},"content":{"rendered":"<ul>\n<li>Respir\u00e1vel no dorso<\/li>\n<li>Malha sem costura<\/li>\n<li>Resistente \u00e0 abras\u00e3o<\/li>\n<li>Livre de solventes e silicone<\/li>\n<li>Flex\u00edvel<\/li>\n<\/ul>\n<p>Usos: Manuten\u00e7\u00e3o na ind\u00fastria geral, log\u00edstica, constru\u00e7\u00e3o, ind\u00fastria (autom\u00f3vel, vidro, aeron\u00e1utica) e transporte.<\/p>\n<p><img class=\"alignnone wp-image-14896 size-full\" src=\"https:\/\/chemitool.com\/wp-content\/uploads\/2021\/09\/CE_CAT2.png\" alt=\"\" width=\"104\" height=\"119\" \/> \u00a0<img class=\"alignnone wp-image-26773\" src=\"https:\/\/chemitool.com\/wp-content\/uploads\/2022\/09\/EN-388_3.1.3.1.X.png\" alt=\"\" width=\"104\" height=\"119\" \/><\/p>\n","protected":false},"excerpt":{"rendered":"<p><em>A Luva Poli\u00e9ster Revestida a PU CHEMITOOL<\/em> \u00e9 uma luva de uso geral fabricada em Poli\u00e9ster com forro sem costuras para um maior conforto. Com revestimento em PU na palma da m\u00e3o e dedos e punho el\u00e1stico para garantir um ajuste perfeito e evitar a entrada de detritos e sujidade. Esta luva tem uma excelente combina\u00e7\u00e3o entre destreza e flexibilidade ao mesmo tempo que oferece uma boa resist\u00eancia \u00e0 abras\u00e3o.<\/p>\n","protected":false},"featured_media":27132,"template":"","meta":[],"product_cat":[1453,3101,4498],"product_tag":[],"yoast_head":"<!-- This site is optimized with the Yoast SEO plugin v17.4 - https:\/\/yoast.com\/wordpress\/plugins\/seo\/ -->\n<title>LUVA POLI\u00c9STER REVESTIDA A PU &ndash; Chemitool<\/title>\n<meta name=\"description\" content=\"A Luva Poli\u00e9ster Revestida a PU CHEMITOOL \u00e9 uma luva de uso geral fabricada em Poli\u00e9ster com forro sem costuras para um maior conforto. Com revestimento em PU na palma da m\u00e3o e dedos e punho el\u00e1stico para garantir um ajuste perfeito e evitar a entrada de detritos e sujidade. Esta luva tem uma excelente combina\u00e7\u00e3o entre destreza e flexibilidade ao mesmo tempo que oferece uma boa resist\u00eancia \u00e0 abras\u00e3o.\" \/>\n<meta name=\"robots\" content=\"index, follow, max-snippet:-1, max-image-preview:large, max-video-preview:-1\" \/>\n<link rel=\"canonical\" href=\"https:\/\/chemitool.com\/pt-pt\/products\/safety\/luvas-de-seguranca\/luvas-de-uso-geral\/luva-poliester-revestida-a-pu\/\" \/>\n<meta property=\"og:locale\" content=\"pt_PT\" \/>\n<meta property=\"og:type\" content=\"article\" \/>\n<meta property=\"og:title\" content=\"LUVA POLI\u00c9STER REVESTIDA A PU &ndash; Chemitool\" \/>\n<meta property=\"og:description\" content=\"A Luva Poli\u00e9ster Revestida a PU CHEMITOOL \u00e9 uma luva de uso geral fabricada em Poli\u00e9ster com forro sem costuras para um maior conforto. Com revestimento em PU na palma da m\u00e3o e dedos e punho el\u00e1stico para garantir um ajuste perfeito e evitar a entrada de detritos e sujidade. Esta luva tem uma excelente combina\u00e7\u00e3o entre destreza e flexibilidade ao mesmo tempo que oferece uma boa resist\u00eancia \u00e0 abras\u00e3o.\" \/>\n<meta property=\"og:url\" content=\"https:\/\/chemitool.com\/pt-pt\/products\/safety\/luvas-de-seguranca\/luvas-de-uso-geral\/luva-poliester-revestida-a-pu\/\" \/>\n<meta property=\"og:site_name\" content=\"Chemitool\" \/>\n<meta property=\"article:publisher\" content=\"https:\/\/www.facebook.com\/chemitool\" \/>\n<meta property=\"article:modified_time\" content=\"2023-05-22T16:49:27+00:00\" \/>\n<meta property=\"og:image\" content=\"https:\/\/chemitool.com\/wp-content\/uploads\/2022\/09\/CHS02111008_5604630114226-2.png\" \/>\n\t<meta property=\"og:image:width\" content=\"800\" \/>\n\t<meta property=\"og:image:height\" content=\"800\" \/>\n<meta name=\"twitter:card\" content=\"summary_large_image\" \/>\n<meta name=\"twitter:label1\" content=\"Tempo estimado de leitura\" \/>\n\t<meta name=\"twitter:data1\" content=\"2 minutos\" \/>\n<script type=\"application\/ld+json\" class=\"yoast-schema-graph\">{\"@context\":\"https:\/\/schema.org\",\"@graph\":[{\"@type\":\"Organization\",\"@id\":\"https:\/\/chemitool.com\/#organization\",\"name\":\"Chemitool\",\"url\":\"https:\/\/chemitool.com\/\",\"sameAs\":[\"https:\/\/www.facebook.com\/chemitool\",\"https:\/\/www.instagram.com\/chemitool\/\"],\"logo\":{\"@type\":\"ImageObject\",\"@id\":\"https:\/\/chemitool.com\/#logo\",\"inLanguage\":\"pt-PT\",\"url\":\"https:\/\/chemitool.com\/wp-content\/uploads\/2020\/10\/logo_chemitool.png\",\"contentUrl\":\"https:\/\/chemitool.com\/wp-content\/uploads\/2020\/10\/logo_chemitool.png\",\"width\":400,\"height\":400,\"caption\":\"Chemitool\"},\"image\":{\"@id\":\"https:\/\/chemitool.com\/#logo\"}},{\"@type\":\"WebSite\",\"@id\":\"https:\/\/chemitool.com\/#website\",\"url\":\"https:\/\/chemitool.com\/\",\"name\":\"Chemitool\",\"description\":\"Chemitool - hardware and tools\",\"publisher\":{\"@id\":\"https:\/\/chemitool.com\/#organization\"},\"potentialAction\":[{\"@type\":\"SearchAction\",\"target\":{\"@type\":\"EntryPoint\",\"urlTemplate\":\"https:\/\/chemitool.com\/?s={search_term_string}\"},\"query-input\":\"required name=search_term_string\"}],\"inLanguage\":\"pt-PT\"},{\"@type\":\"ImageObject\",\"@id\":\"https:\/\/chemitool.com\/pt-pt\/products\/safety\/luvas-de-seguranca\/luvas-de-uso-geral\/luva-poliester-revestida-a-pu\/#primaryimage\",\"inLanguage\":\"pt-PT\",\"url\":\"https:\/\/chemitool.com\/wp-content\/uploads\/2022\/09\/CHS02111008_5604630114226-2.png\",\"contentUrl\":\"https:\/\/chemitool.com\/wp-content\/uploads\/2022\/09\/CHS02111008_5604630114226-2.png\",\"width\":800,\"height\":800},{\"@type\":\"WebPage\",\"@id\":\"https:\/\/chemitool.com\/pt-pt\/products\/safety\/luvas-de-seguranca\/luvas-de-uso-geral\/luva-poliester-revestida-a-pu\/#webpage\",\"url\":\"https:\/\/chemitool.com\/pt-pt\/products\/safety\/luvas-de-seguranca\/luvas-de-uso-geral\/luva-poliester-revestida-a-pu\/\",\"name\":\"LUVA POLI\\u00c9STER REVESTIDA A PU &ndash; Chemitool\",\"isPartOf\":{\"@id\":\"https:\/\/chemitool.com\/#website\"},\"primaryImageOfPage\":{\"@id\":\"https:\/\/chemitool.com\/pt-pt\/products\/safety\/luvas-de-seguranca\/luvas-de-uso-geral\/luva-poliester-revestida-a-pu\/#primaryimage\"},\"datePublished\":\"2022-09-30T10:27:59+00:00\",\"dateModified\":\"2023-05-22T16:49:27+00:00\",\"description\":\"A Luva Poli\\u00e9ster Revestida a PU CHEMITOOL \\u00e9 uma luva de uso geral fabricada em Poli\\u00e9ster com forro sem costuras para um maior conforto. Com revestimento em PU na palma da m\\u00e3o e dedos e punho el\\u00e1stico para garantir um ajuste perfeito e evitar a entrada de detritos e sujidade. Esta luva tem uma excelente combina\\u00e7\\u00e3o entre destreza e flexibilidade ao mesmo tempo que oferece uma boa resist\\u00eancia \\u00e0 abras\\u00e3o.\",\"breadcrumb\":{\"@id\":\"https:\/\/chemitool.com\/pt-pt\/products\/safety\/luvas-de-seguranca\/luvas-de-uso-geral\/luva-poliester-revestida-a-pu\/#breadcrumb\"},\"inLanguage\":\"pt-PT\",\"potentialAction\":[{\"@type\":\"ReadAction\",\"target\":[\"https:\/\/chemitool.com\/pt-pt\/products\/safety\/luvas-de-seguranca\/luvas-de-uso-geral\/luva-poliester-revestida-a-pu\/\"]}]},{\"@type\":\"BreadcrumbList\",\"@id\":\"https:\/\/chemitool.com\/pt-pt\/products\/safety\/luvas-de-seguranca\/luvas-de-uso-geral\/luva-poliester-revestida-a-pu\/#breadcrumb\",\"itemListElement\":[{\"@type\":\"ListItem\",\"position\":1,\"name\":\"Home\",\"item\":\"https:\/\/chemitool.com\/pt-pt\/\"},{\"@type\":\"ListItem\",\"position\":2,\"name\":\"Produtos\",\"item\":\"https:\/\/chemitool.com\/pt-pt\/produtos\/\"},{\"@type\":\"ListItem\",\"position\":3,\"name\":\"Safety\",\"item\":\"https:\/\/chemitool.com\/pt-pt\/categoria-produto\/safety\/\"},{\"@type\":\"ListItem\",\"position\":4,\"name\":\"Luvas de seguran\\u00e7a\",\"item\":\"https:\/\/chemitool.com\/pt-pt\/categoria-produto\/safety\/luvas-de-seguranca\/\"},{\"@type\":\"ListItem\",\"position\":5,\"name\":\"Luvas de uso geral\",\"item\":\"https:\/\/chemitool.com\/pt-pt\/categoria-produto\/safety\/luvas-de-seguranca\/luvas-de-uso-geral\/\"},{\"@type\":\"ListItem\",\"position\":6,\"name\":\"LUVA POLI\\u00c9STER REVESTIDA A PU\"}]}]}<\/script>\n<!-- \/ Yoast SEO plugin. -->","yoast_head_json":{"title":"LUVA POLI\u00c9STER REVESTIDA A PU &ndash; Chemitool","description":"A Luva Poli\u00e9ster Revestida a PU CHEMITOOL \u00e9 uma luva de uso geral fabricada em Poli\u00e9ster com forro sem costuras para um maior conforto. Com revestimento em PU na palma da m\u00e3o e dedos e punho el\u00e1stico para garantir um ajuste perfeito e evitar a entrada de detritos e sujidade. Esta luva tem uma excelente combina\u00e7\u00e3o entre destreza e flexibilidade ao mesmo tempo que oferece uma boa resist\u00eancia \u00e0 abras\u00e3o.","robots":{"index":"index","follow":"follow","max-snippet":"max-snippet:-1","max-image-preview":"max-image-preview:large","max-video-preview":"max-video-preview:-1"},"canonical":"https:\/\/chemitool.com\/pt-pt\/products\/safety\/luvas-de-seguranca\/luvas-de-uso-geral\/luva-poliester-revestida-a-pu\/","og_locale":"pt_PT","og_type":"article","og_title":"LUVA POLI\u00c9STER REVESTIDA A PU &ndash; Chemitool","og_description":"A Luva Poli\u00e9ster Revestida a PU CHEMITOOL \u00e9 uma luva de uso geral fabricada em Poli\u00e9ster com forro sem costuras para um maior conforto. Com revestimento em PU na palma da m\u00e3o e dedos e punho el\u00e1stico para garantir um ajuste perfeito e evitar a entrada de detritos e sujidade. Esta luva tem uma excelente combina\u00e7\u00e3o entre destreza e flexibilidade ao mesmo tempo que oferece uma boa resist\u00eancia \u00e0 abras\u00e3o.","og_url":"https:\/\/chemitool.com\/pt-pt\/products\/safety\/luvas-de-seguranca\/luvas-de-uso-geral\/luva-poliester-revestida-a-pu\/","og_site_name":"Chemitool","article_publisher":"https:\/\/www.facebook.com\/chemitool","article_modified_time":"2023-05-22T16:49:27+00:00","og_image":[{"width":800,"height":800,"url":"https:\/\/chemitool.com\/wp-content\/uploads\/2022\/09\/CHS02111008_5604630114226-2.png","type":"image\/png"}],"twitter_card":"summary_large_image","twitter_misc":{"Tempo estimado de leitura":"2 minutos"},"schema":{"@context":"https:\/\/schema.org","@graph":[{"@type":"Organization","@id":"https:\/\/chemitool.com\/#organization","name":"Chemitool","url":"https:\/\/chemitool.com\/","sameAs":["https:\/\/www.facebook.com\/chemitool","https:\/\/www.instagram.com\/chemitool\/"],"logo":{"@type":"ImageObject","@id":"https:\/\/chemitool.com\/#logo","inLanguage":"pt-PT","url":"https:\/\/chemitool.com\/wp-content\/uploads\/2020\/10\/logo_chemitool.png","contentUrl":"https:\/\/chemitool.com\/wp-content\/uploads\/2020\/10\/logo_chemitool.png","width":400,"height":400,"caption":"Chemitool"},"image":{"@id":"https:\/\/chemitool.com\/#logo"}},{"@type":"WebSite","@id":"https:\/\/chemitool.com\/#website","url":"https:\/\/chemitool.com\/","name":"Chemitool","description":"Chemitool - hardware and tools","publisher":{"@id":"https:\/\/chemitool.com\/#organization"},"potentialAction":[{"@type":"SearchAction","target":{"@type":"EntryPoint","urlTemplate":"https:\/\/chemitool.com\/?s={search_term_string}"},"query-input":"required name=search_term_string"}],"inLanguage":"pt-PT"},{"@type":"ImageObject","@id":"https:\/\/chemitool.com\/pt-pt\/products\/safety\/luvas-de-seguranca\/luvas-de-uso-geral\/luva-poliester-revestida-a-pu\/#primaryimage","inLanguage":"pt-PT","url":"https:\/\/chemitool.com\/wp-content\/uploads\/2022\/09\/CHS02111008_5604630114226-2.png","contentUrl":"https:\/\/chemitool.com\/wp-content\/uploads\/2022\/09\/CHS02111008_5604630114226-2.png","width":800,"height":800},{"@type":"WebPage","@id":"https:\/\/chemitool.com\/pt-pt\/products\/safety\/luvas-de-seguranca\/luvas-de-uso-geral\/luva-poliester-revestida-a-pu\/#webpage","url":"https:\/\/chemitool.com\/pt-pt\/products\/safety\/luvas-de-seguranca\/luvas-de-uso-geral\/luva-poliester-revestida-a-pu\/","name":"LUVA POLI\u00c9STER REVESTIDA A PU &ndash; Chemitool","isPartOf":{"@id":"https:\/\/chemitool.com\/#website"},"primaryImageOfPage":{"@id":"https:\/\/chemitool.com\/pt-pt\/products\/safety\/luvas-de-seguranca\/luvas-de-uso-geral\/luva-poliester-revestida-a-pu\/#primaryimage"},"datePublished":"2022-09-30T10:27:59+00:00","dateModified":"2023-05-22T16:49:27+00:00","description":"A Luva Poli\u00e9ster Revestida a PU CHEMITOOL \u00e9 uma luva de uso geral fabricada em Poli\u00e9ster com forro sem costuras para um maior conforto. Com revestimento em PU na palma da m\u00e3o e dedos e punho el\u00e1stico para garantir um ajuste perfeito e evitar a entrada de detritos e sujidade. Esta luva tem uma excelente combina\u00e7\u00e3o entre destreza e flexibilidade ao mesmo tempo que oferece uma boa resist\u00eancia \u00e0 abras\u00e3o.","breadcrumb":{"@id":"https:\/\/chemitool.com\/pt-pt\/products\/safety\/luvas-de-seguranca\/luvas-de-uso-geral\/luva-poliester-revestida-a-pu\/#breadcrumb"},"inLanguage":"pt-PT","potentialAction":[{"@type":"ReadAction","target":["https:\/\/chemitool.com\/pt-pt\/products\/safety\/luvas-de-seguranca\/luvas-de-uso-geral\/luva-poliester-revestida-a-pu\/"]}]},{"@type":"BreadcrumbList","@id":"https:\/\/chemitool.com\/pt-pt\/products\/safety\/luvas-de-seguranca\/luvas-de-uso-geral\/luva-poliester-revestida-a-pu\/#breadcrumb","itemListElement":[{"@type":"ListItem","position":1,"name":"Home","item":"https:\/\/chemitool.com\/pt-pt\/"},{"@type":"ListItem","position":2,"name":"Produtos","item":"https:\/\/chemitool.com\/pt-pt\/produtos\/"},{"@type":"ListItem","position":3,"name":"Safety","item":"https:\/\/chemitool.com\/pt-pt\/categoria-produto\/safety\/"},{"@type":"ListItem","position":4,"name":"Luvas de seguran\u00e7a","item":"https:\/\/chemitool.com\/pt-pt\/categoria-produto\/safety\/luvas-de-seguranca\/"},{"@type":"ListItem","position":5,"name":"Luvas de uso geral","item":"https:\/\/chemitool.com\/pt-pt\/categoria-produto\/safety\/luvas-de-seguranca\/luvas-de-uso-geral\/"},{"@type":"ListItem","position":6,"name":"LUVA POLI\u00c9STER REVESTIDA A PU"}]}]}},"_links":{"self":[{"href":"https:\/\/chemitool.com\/pt-pt\/wp-json\/wp\/v2\/product\/26933"}],"collection":[{"href":"https:\/\/chemitool.com\/pt-pt\/wp-json\/wp\/v2\/product"}],"about":[{"href":"https:\/\/chemitool.com\/pt-pt\/wp-json\/wp\/v2\/types\/product"}],"wp:featuredmedia":[{"embeddable":true,"href":"https:\/\/chemitool.com\/pt-pt\/wp-json\/wp\/v2\/media\/27132"}],"wp:attachment":[{"href":"https:\/\/chemitool.com\/pt-pt\/wp-json\/wp\/v2\/media?parent=26933"}],"wp:term":[{"taxonomy":"product_cat","embeddable":true,"href":"https:\/\/chemitool.com\/pt-pt\/wp-json\/wp\/v2\/product_cat?post=26933"},{"taxonomy":"product_tag","embeddable":true,"href":"https:\/\/chemitool.com\/pt-pt\/wp-json\/wp\/v2\/product_tag?post=26933"}],"curies":[{"name":"wp","href":"https:\/\/api.w.org\/{rel}","templated":true}]}}