{"id":26896,"date":"2022-09-29T16:13:08","date_gmt":"2022-09-29T16:13:22","guid":{"rendered":"https:\/\/chemitool.com\/?post_type=product&#038;p=26896"},"modified":"2023-05-22T15:56:09","modified_gmt":"2023-05-22T15:56:09","slug":"luva-poliester-com-revestimento-duplo-de-nitrilo","status":"publish","type":"product","link":"https:\/\/chemitool.com\/pt-pt\/products\/safety\/luvas-de-seguranca\/luvas-de-uso-geral\/luva-poliester-com-revestimento-duplo-de-nitrilo\/","title":{"rendered":"LUVA POLI\u00c9STER COM REVESTIMENTO DUPLO DE NITRILO"},"content":{"rendered":"<ul>\n<li>Resistente \u00e0 \u00e1gua em toda a m\u00e3o<\/li>\n<li>Malha sem costura<\/li>\n<li>Flex\u00edvel<\/li>\n<li>Ader\u00eancia extra<\/li>\n<\/ul>\n<p>Usos: Ind\u00fastria em geral, log\u00edstica, constru\u00e7\u00e3o, ind\u00fastria autom\u00f3vel, aeron\u00e1utica, transporte, oficinas de mec\u00e2nica, servi\u00e7os de manuten\u00e7\u00e3o, manuseio de materiais com superf\u00edcies oleosas e h\u00famidas.<\/p>\n<p><img class=\"alignnone wp-image-14896 size-full\" src=\"https:\/\/chemitool.com\/wp-content\/uploads\/2021\/09\/CE_CAT2.png\" alt=\"\" width=\"104\" height=\"119\" \/>\u00a0<img class=\"alignnone wp-image-26897\" src=\"https:\/\/chemitool.com\/wp-content\/uploads\/2022\/09\/EN-388_4.1.3.1.X.png\" alt=\"\" width=\"104\" height=\"119\" \/><\/p>\n","protected":false},"excerpt":{"rendered":"<p><em>A Luva Poli\u00e9ster com Revestimento Duplo de Nitrilo CHEMITOOL <\/em> \u00e9 uma luva em poli\u00e9ster com revestimento duplo de nitrilo. Revestimento total de nitrilo no dorso e palma da m\u00e3o e refor\u00e7o em espuma de nitrilo arenoso na palma da m\u00e3o. Estas luvas resistentes a l\u00edquidos protegem da penetra\u00e7\u00e3o de l\u00edquidos com a dupla camada exterior de nitrilo. O revestimento de espuma de nitrilo arenoso sobre nitrilo garante a seguran\u00e7a com uma ader\u00eancia absorvente, mesmo quando se trabalha com componentes oleosos. Malha sem costuras para reduzir irrita\u00e7\u00f5es da pele e reduzir o cansa\u00e7o.<\/p>\n","protected":false},"featured_media":27113,"template":"","meta":[],"product_cat":[1453,3101,4498],"product_tag":[],"yoast_head":"<!-- This site is optimized with the Yoast SEO plugin v17.4 - https:\/\/yoast.com\/wordpress\/plugins\/seo\/ -->\n<title>LUVA POLI\u00c9STER COM REVESTIMENTO DUPLO DE NITRILO &ndash; Chemitool<\/title>\n<meta name=\"description\" content=\"A Luva Poli\u00e9ster com Revestimento Duplo de Nitrilo CHEMITOOL \u00e9 uma luva em poli\u00e9ster com revestimento duplo de nitrilo. Revestimento total de nitrilo no dorso e palma da m\u00e3o e refor\u00e7o em espuma de nitrilo arenoso na palma da m\u00e3o. Estas luvas resistentes a l\u00edquidos protegem da penetra\u00e7\u00e3o de l\u00edquidos com a dupla camada exterior de nitrilo. O revestimento de espuma de nitrilo arenoso sobre nitrilo garante a seguran\u00e7a com uma ader\u00eancia absorvente, mesmo quando se trabalha com componentes oleosos. Malha sem costuras para reduzir irrita\u00e7\u00f5es da pele e reduzir o cansa\u00e7o.\" \/>\n<meta name=\"robots\" content=\"index, follow, max-snippet:-1, max-image-preview:large, max-video-preview:-1\" \/>\n<link rel=\"canonical\" href=\"https:\/\/chemitool.com\/pt-pt\/products\/safety\/luvas-de-seguranca\/luvas-de-uso-geral\/luva-poliester-com-revestimento-duplo-de-nitrilo\/\" \/>\n<meta property=\"og:locale\" content=\"pt_PT\" \/>\n<meta property=\"og:type\" content=\"article\" \/>\n<meta property=\"og:title\" content=\"LUVA POLI\u00c9STER COM REVESTIMENTO DUPLO DE NITRILO &ndash; Chemitool\" \/>\n<meta property=\"og:description\" content=\"A Luva Poli\u00e9ster com Revestimento Duplo de Nitrilo CHEMITOOL \u00e9 uma luva em poli\u00e9ster com revestimento duplo de nitrilo. Revestimento total de nitrilo no dorso e palma da m\u00e3o e refor\u00e7o em espuma de nitrilo arenoso na palma da m\u00e3o. Estas luvas resistentes a l\u00edquidos protegem da penetra\u00e7\u00e3o de l\u00edquidos com a dupla camada exterior de nitrilo. O revestimento de espuma de nitrilo arenoso sobre nitrilo garante a seguran\u00e7a com uma ader\u00eancia absorvente, mesmo quando se trabalha com componentes oleosos. Malha sem costuras para reduzir irrita\u00e7\u00f5es da pele e reduzir o cansa\u00e7o.\" \/>\n<meta property=\"og:url\" content=\"https:\/\/chemitool.com\/pt-pt\/products\/safety\/luvas-de-seguranca\/luvas-de-uso-geral\/luva-poliester-com-revestimento-duplo-de-nitrilo\/\" \/>\n<meta property=\"og:site_name\" content=\"Chemitool\" \/>\n<meta property=\"article:publisher\" content=\"https:\/\/www.facebook.com\/chemitool\" \/>\n<meta property=\"article:modified_time\" content=\"2023-05-22T15:56:09+00:00\" \/>\n<meta property=\"og:image\" content=\"https:\/\/chemitool.com\/wp-content\/uploads\/2022\/09\/CHS02112808_5604630114035-1.png\" \/>\n\t<meta property=\"og:image:width\" content=\"800\" \/>\n\t<meta property=\"og:image:height\" content=\"800\" \/>\n<meta name=\"twitter:card\" content=\"summary_large_image\" \/>\n<meta name=\"twitter:label1\" content=\"Tempo estimado de leitura\" \/>\n\t<meta name=\"twitter:data1\" content=\"2 minutos\" \/>\n<script type=\"application\/ld+json\" class=\"yoast-schema-graph\">{\"@context\":\"https:\/\/schema.org\",\"@graph\":[{\"@type\":\"Organization\",\"@id\":\"https:\/\/chemitool.com\/#organization\",\"name\":\"Chemitool\",\"url\":\"https:\/\/chemitool.com\/\",\"sameAs\":[\"https:\/\/www.facebook.com\/chemitool\",\"https:\/\/www.instagram.com\/chemitool\/\"],\"logo\":{\"@type\":\"ImageObject\",\"@id\":\"https:\/\/chemitool.com\/#logo\",\"inLanguage\":\"pt-PT\",\"url\":\"https:\/\/chemitool.com\/wp-content\/uploads\/2020\/10\/logo_chemitool.png\",\"contentUrl\":\"https:\/\/chemitool.com\/wp-content\/uploads\/2020\/10\/logo_chemitool.png\",\"width\":400,\"height\":400,\"caption\":\"Chemitool\"},\"image\":{\"@id\":\"https:\/\/chemitool.com\/#logo\"}},{\"@type\":\"WebSite\",\"@id\":\"https:\/\/chemitool.com\/#website\",\"url\":\"https:\/\/chemitool.com\/\",\"name\":\"Chemitool\",\"description\":\"Chemitool - hardware and tools\",\"publisher\":{\"@id\":\"https:\/\/chemitool.com\/#organization\"},\"potentialAction\":[{\"@type\":\"SearchAction\",\"target\":{\"@type\":\"EntryPoint\",\"urlTemplate\":\"https:\/\/chemitool.com\/?s={search_term_string}\"},\"query-input\":\"required name=search_term_string\"}],\"inLanguage\":\"pt-PT\"},{\"@type\":\"ImageObject\",\"@id\":\"https:\/\/chemitool.com\/pt-pt\/products\/safety\/luvas-de-seguranca\/luvas-de-uso-geral\/luva-poliester-com-revestimento-duplo-de-nitrilo\/#primaryimage\",\"inLanguage\":\"pt-PT\",\"url\":\"https:\/\/chemitool.com\/wp-content\/uploads\/2022\/09\/CHS02112808_5604630114035-1.png\",\"contentUrl\":\"https:\/\/chemitool.com\/wp-content\/uploads\/2022\/09\/CHS02112808_5604630114035-1.png\",\"width\":800,\"height\":800},{\"@type\":\"WebPage\",\"@id\":\"https:\/\/chemitool.com\/pt-pt\/products\/safety\/luvas-de-seguranca\/luvas-de-uso-geral\/luva-poliester-com-revestimento-duplo-de-nitrilo\/#webpage\",\"url\":\"https:\/\/chemitool.com\/pt-pt\/products\/safety\/luvas-de-seguranca\/luvas-de-uso-geral\/luva-poliester-com-revestimento-duplo-de-nitrilo\/\",\"name\":\"LUVA POLI\\u00c9STER COM REVESTIMENTO DUPLO DE NITRILO &ndash; Chemitool\",\"isPartOf\":{\"@id\":\"https:\/\/chemitool.com\/#website\"},\"primaryImageOfPage\":{\"@id\":\"https:\/\/chemitool.com\/pt-pt\/products\/safety\/luvas-de-seguranca\/luvas-de-uso-geral\/luva-poliester-com-revestimento-duplo-de-nitrilo\/#primaryimage\"},\"datePublished\":\"2022-09-29T16:13:22+00:00\",\"dateModified\":\"2023-05-22T15:56:09+00:00\",\"description\":\"A Luva Poli\\u00e9ster com Revestimento Duplo de Nitrilo CHEMITOOL \\u00e9 uma luva em poli\\u00e9ster com revestimento duplo de nitrilo. Revestimento total de nitrilo no dorso e palma da m\\u00e3o e refor\\u00e7o em espuma de nitrilo arenoso na palma da m\\u00e3o. Estas luvas resistentes a l\\u00edquidos protegem da penetra\\u00e7\\u00e3o de l\\u00edquidos com a dupla camada exterior de nitrilo. O revestimento de espuma de nitrilo arenoso sobre nitrilo garante a seguran\\u00e7a com uma ader\\u00eancia absorvente, mesmo quando se trabalha com componentes oleosos. Malha sem costuras para reduzir irrita\\u00e7\\u00f5es da pele e reduzir o cansa\\u00e7o.\",\"breadcrumb\":{\"@id\":\"https:\/\/chemitool.com\/pt-pt\/products\/safety\/luvas-de-seguranca\/luvas-de-uso-geral\/luva-poliester-com-revestimento-duplo-de-nitrilo\/#breadcrumb\"},\"inLanguage\":\"pt-PT\",\"potentialAction\":[{\"@type\":\"ReadAction\",\"target\":[\"https:\/\/chemitool.com\/pt-pt\/products\/safety\/luvas-de-seguranca\/luvas-de-uso-geral\/luva-poliester-com-revestimento-duplo-de-nitrilo\/\"]}]},{\"@type\":\"BreadcrumbList\",\"@id\":\"https:\/\/chemitool.com\/pt-pt\/products\/safety\/luvas-de-seguranca\/luvas-de-uso-geral\/luva-poliester-com-revestimento-duplo-de-nitrilo\/#breadcrumb\",\"itemListElement\":[{\"@type\":\"ListItem\",\"position\":1,\"name\":\"Home\",\"item\":\"https:\/\/chemitool.com\/pt-pt\/\"},{\"@type\":\"ListItem\",\"position\":2,\"name\":\"Produtos\",\"item\":\"https:\/\/chemitool.com\/pt-pt\/produtos\/\"},{\"@type\":\"ListItem\",\"position\":3,\"name\":\"Safety\",\"item\":\"https:\/\/chemitool.com\/pt-pt\/categoria-produto\/safety\/\"},{\"@type\":\"ListItem\",\"position\":4,\"name\":\"Luvas de seguran\\u00e7a\",\"item\":\"https:\/\/chemitool.com\/pt-pt\/categoria-produto\/safety\/luvas-de-seguranca\/\"},{\"@type\":\"ListItem\",\"position\":5,\"name\":\"Luvas de uso geral\",\"item\":\"https:\/\/chemitool.com\/pt-pt\/categoria-produto\/safety\/luvas-de-seguranca\/luvas-de-uso-geral\/\"},{\"@type\":\"ListItem\",\"position\":6,\"name\":\"LUVA POLI\\u00c9STER COM REVESTIMENTO DUPLO DE NITRILO\"}]}]}<\/script>\n<!-- \/ Yoast SEO plugin. -->","yoast_head_json":{"title":"LUVA POLI\u00c9STER COM REVESTIMENTO DUPLO DE NITRILO &ndash; Chemitool","description":"A Luva Poli\u00e9ster com Revestimento Duplo de Nitrilo CHEMITOOL \u00e9 uma luva em poli\u00e9ster com revestimento duplo de nitrilo. Revestimento total de nitrilo no dorso e palma da m\u00e3o e refor\u00e7o em espuma de nitrilo arenoso na palma da m\u00e3o. Estas luvas resistentes a l\u00edquidos protegem da penetra\u00e7\u00e3o de l\u00edquidos com a dupla camada exterior de nitrilo. O revestimento de espuma de nitrilo arenoso sobre nitrilo garante a seguran\u00e7a com uma ader\u00eancia absorvente, mesmo quando se trabalha com componentes oleosos. Malha sem costuras para reduzir irrita\u00e7\u00f5es da pele e reduzir o cansa\u00e7o.","robots":{"index":"index","follow":"follow","max-snippet":"max-snippet:-1","max-image-preview":"max-image-preview:large","max-video-preview":"max-video-preview:-1"},"canonical":"https:\/\/chemitool.com\/pt-pt\/products\/safety\/luvas-de-seguranca\/luvas-de-uso-geral\/luva-poliester-com-revestimento-duplo-de-nitrilo\/","og_locale":"pt_PT","og_type":"article","og_title":"LUVA POLI\u00c9STER COM REVESTIMENTO DUPLO DE NITRILO &ndash; Chemitool","og_description":"A Luva Poli\u00e9ster com Revestimento Duplo de Nitrilo CHEMITOOL \u00e9 uma luva em poli\u00e9ster com revestimento duplo de nitrilo. Revestimento total de nitrilo no dorso e palma da m\u00e3o e refor\u00e7o em espuma de nitrilo arenoso na palma da m\u00e3o. Estas luvas resistentes a l\u00edquidos protegem da penetra\u00e7\u00e3o de l\u00edquidos com a dupla camada exterior de nitrilo. O revestimento de espuma de nitrilo arenoso sobre nitrilo garante a seguran\u00e7a com uma ader\u00eancia absorvente, mesmo quando se trabalha com componentes oleosos. Malha sem costuras para reduzir irrita\u00e7\u00f5es da pele e reduzir o cansa\u00e7o.","og_url":"https:\/\/chemitool.com\/pt-pt\/products\/safety\/luvas-de-seguranca\/luvas-de-uso-geral\/luva-poliester-com-revestimento-duplo-de-nitrilo\/","og_site_name":"Chemitool","article_publisher":"https:\/\/www.facebook.com\/chemitool","article_modified_time":"2023-05-22T15:56:09+00:00","og_image":[{"width":800,"height":800,"url":"https:\/\/chemitool.com\/wp-content\/uploads\/2022\/09\/CHS02112808_5604630114035-1.png","type":"image\/png"}],"twitter_card":"summary_large_image","twitter_misc":{"Tempo estimado de leitura":"2 minutos"},"schema":{"@context":"https:\/\/schema.org","@graph":[{"@type":"Organization","@id":"https:\/\/chemitool.com\/#organization","name":"Chemitool","url":"https:\/\/chemitool.com\/","sameAs":["https:\/\/www.facebook.com\/chemitool","https:\/\/www.instagram.com\/chemitool\/"],"logo":{"@type":"ImageObject","@id":"https:\/\/chemitool.com\/#logo","inLanguage":"pt-PT","url":"https:\/\/chemitool.com\/wp-content\/uploads\/2020\/10\/logo_chemitool.png","contentUrl":"https:\/\/chemitool.com\/wp-content\/uploads\/2020\/10\/logo_chemitool.png","width":400,"height":400,"caption":"Chemitool"},"image":{"@id":"https:\/\/chemitool.com\/#logo"}},{"@type":"WebSite","@id":"https:\/\/chemitool.com\/#website","url":"https:\/\/chemitool.com\/","name":"Chemitool","description":"Chemitool - hardware and tools","publisher":{"@id":"https:\/\/chemitool.com\/#organization"},"potentialAction":[{"@type":"SearchAction","target":{"@type":"EntryPoint","urlTemplate":"https:\/\/chemitool.com\/?s={search_term_string}"},"query-input":"required name=search_term_string"}],"inLanguage":"pt-PT"},{"@type":"ImageObject","@id":"https:\/\/chemitool.com\/pt-pt\/products\/safety\/luvas-de-seguranca\/luvas-de-uso-geral\/luva-poliester-com-revestimento-duplo-de-nitrilo\/#primaryimage","inLanguage":"pt-PT","url":"https:\/\/chemitool.com\/wp-content\/uploads\/2022\/09\/CHS02112808_5604630114035-1.png","contentUrl":"https:\/\/chemitool.com\/wp-content\/uploads\/2022\/09\/CHS02112808_5604630114035-1.png","width":800,"height":800},{"@type":"WebPage","@id":"https:\/\/chemitool.com\/pt-pt\/products\/safety\/luvas-de-seguranca\/luvas-de-uso-geral\/luva-poliester-com-revestimento-duplo-de-nitrilo\/#webpage","url":"https:\/\/chemitool.com\/pt-pt\/products\/safety\/luvas-de-seguranca\/luvas-de-uso-geral\/luva-poliester-com-revestimento-duplo-de-nitrilo\/","name":"LUVA POLI\u00c9STER COM REVESTIMENTO DUPLO DE NITRILO &ndash; Chemitool","isPartOf":{"@id":"https:\/\/chemitool.com\/#website"},"primaryImageOfPage":{"@id":"https:\/\/chemitool.com\/pt-pt\/products\/safety\/luvas-de-seguranca\/luvas-de-uso-geral\/luva-poliester-com-revestimento-duplo-de-nitrilo\/#primaryimage"},"datePublished":"2022-09-29T16:13:22+00:00","dateModified":"2023-05-22T15:56:09+00:00","description":"A Luva Poli\u00e9ster com Revestimento Duplo de Nitrilo CHEMITOOL \u00e9 uma luva em poli\u00e9ster com revestimento duplo de nitrilo. Revestimento total de nitrilo no dorso e palma da m\u00e3o e refor\u00e7o em espuma de nitrilo arenoso na palma da m\u00e3o. Estas luvas resistentes a l\u00edquidos protegem da penetra\u00e7\u00e3o de l\u00edquidos com a dupla camada exterior de nitrilo. O revestimento de espuma de nitrilo arenoso sobre nitrilo garante a seguran\u00e7a com uma ader\u00eancia absorvente, mesmo quando se trabalha com componentes oleosos. Malha sem costuras para reduzir irrita\u00e7\u00f5es da pele e reduzir o cansa\u00e7o.","breadcrumb":{"@id":"https:\/\/chemitool.com\/pt-pt\/products\/safety\/luvas-de-seguranca\/luvas-de-uso-geral\/luva-poliester-com-revestimento-duplo-de-nitrilo\/#breadcrumb"},"inLanguage":"pt-PT","potentialAction":[{"@type":"ReadAction","target":["https:\/\/chemitool.com\/pt-pt\/products\/safety\/luvas-de-seguranca\/luvas-de-uso-geral\/luva-poliester-com-revestimento-duplo-de-nitrilo\/"]}]},{"@type":"BreadcrumbList","@id":"https:\/\/chemitool.com\/pt-pt\/products\/safety\/luvas-de-seguranca\/luvas-de-uso-geral\/luva-poliester-com-revestimento-duplo-de-nitrilo\/#breadcrumb","itemListElement":[{"@type":"ListItem","position":1,"name":"Home","item":"https:\/\/chemitool.com\/pt-pt\/"},{"@type":"ListItem","position":2,"name":"Produtos","item":"https:\/\/chemitool.com\/pt-pt\/produtos\/"},{"@type":"ListItem","position":3,"name":"Safety","item":"https:\/\/chemitool.com\/pt-pt\/categoria-produto\/safety\/"},{"@type":"ListItem","position":4,"name":"Luvas de seguran\u00e7a","item":"https:\/\/chemitool.com\/pt-pt\/categoria-produto\/safety\/luvas-de-seguranca\/"},{"@type":"ListItem","position":5,"name":"Luvas de uso geral","item":"https:\/\/chemitool.com\/pt-pt\/categoria-produto\/safety\/luvas-de-seguranca\/luvas-de-uso-geral\/"},{"@type":"ListItem","position":6,"name":"LUVA POLI\u00c9STER COM REVESTIMENTO DUPLO DE NITRILO"}]}]}},"_links":{"self":[{"href":"https:\/\/chemitool.com\/pt-pt\/wp-json\/wp\/v2\/product\/26896"}],"collection":[{"href":"https:\/\/chemitool.com\/pt-pt\/wp-json\/wp\/v2\/product"}],"about":[{"href":"https:\/\/chemitool.com\/pt-pt\/wp-json\/wp\/v2\/types\/product"}],"wp:featuredmedia":[{"embeddable":true,"href":"https:\/\/chemitool.com\/pt-pt\/wp-json\/wp\/v2\/media\/27113"}],"wp:attachment":[{"href":"https:\/\/chemitool.com\/pt-pt\/wp-json\/wp\/v2\/media?parent=26896"}],"wp:term":[{"taxonomy":"product_cat","embeddable":true,"href":"https:\/\/chemitool.com\/pt-pt\/wp-json\/wp\/v2\/product_cat?post=26896"},{"taxonomy":"product_tag","embeddable":true,"href":"https:\/\/chemitool.com\/pt-pt\/wp-json\/wp\/v2\/product_tag?post=26896"}],"curies":[{"name":"wp","href":"https:\/\/api.w.org\/{rel}","templated":true}]}}