{"id":26795,"date":"2022-09-28T10:29:52","date_gmt":"2022-09-28T10:29:53","guid":{"rendered":"https:\/\/chemitool.com\/?post_type=product&#038;p=26795"},"modified":"2022-09-29T08:10:56","modified_gmt":"2022-09-29T08:10:56","slug":"massa-consistente-calcica","status":"publish","type":"product","link":"https:\/\/chemitool.com\/pt-pt\/products\/chemicals\/lubrificacao-pt-pt\/massa-consistente\/massa-consistente-calcica\/","title":{"rendered":"MASSA CONSISTENTE C\u00c1LCICA"},"content":{"rendered":"<p><strong>Propriedades<\/strong><\/p>\n<ul>\n<li>Excelente resist\u00eancia \u00e0 \u00e1gua<\/li>\n<li>Excelentes propriedades antioxidantes, anticorrosivas e lubrificantes<\/li>\n<li>Adequada a partir de -20\u00baC a +80\u00ba continuadamente<\/li>\n<li>Consist\u00eancia NLGL-2<\/li>\n<li>Massa de uso universal<\/li>\n<li>Totalmente insol\u00favel com \u00e1gua doce e salgada<\/li>\n<li>Muito boa bombeabilidade, incluindo a baixas temperaturas<\/li>\n<li>Grande resist\u00eancia mec\u00e2nica<\/li>\n<\/ul>\n","protected":false},"excerpt":{"rendered":"<p><b class=\"sap-label\">SAP:<\/b> <span class=\"codesap-label\"> CHC410105004 <\/span><\/p>\n<p><em>A Massa Consistente C\u00e1lcica CHEMILUB <\/em> \u00e9 uma massa lubrificante \u00e0 base de sab\u00e3o de c\u00e1lcio anidro de grande qualidade e com elevada resist\u00eancia \u00e0 \u00e1gua, para lubrifica\u00e7\u00e3o de sistemas a temperaturas moderadas.<\/p>\n","protected":false},"featured_media":26790,"template":"","meta":[],"product_cat":[109,3984,4314],"product_tag":[4484],"yoast_head":"<!-- This site is optimized with the Yoast SEO plugin v17.4 - https:\/\/yoast.com\/wordpress\/plugins\/seo\/ -->\n<title>MASSA CONSISTENTE C\u00c1LCICA &ndash; Chemitool<\/title>\n<meta name=\"description\" content=\"SAP: CHC410105004   A Massa Consistente C\u00e1lcica CHEMILUB \u00e9 uma massa lubrificante \u00e0 base de sab\u00e3o de c\u00e1lcio anidro de grande qualidade e com elevada resist\u00eancia \u00e0 \u00e1gua, para lubrifica\u00e7\u00e3o de sistemas a temperaturas moderadas.\" \/>\n<meta name=\"robots\" content=\"index, follow, max-snippet:-1, max-image-preview:large, max-video-preview:-1\" \/>\n<link rel=\"canonical\" href=\"https:\/\/chemitool.com\/pt-pt\/products\/chemicals\/lubrificacao-pt-pt\/massa-consistente\/massa-consistente-calcica\/\" \/>\n<meta property=\"og:locale\" content=\"pt_PT\" \/>\n<meta property=\"og:type\" content=\"article\" \/>\n<meta property=\"og:title\" content=\"MASSA CONSISTENTE C\u00c1LCICA &ndash; Chemitool\" \/>\n<meta property=\"og:description\" content=\"SAP: CHC410105004   A Massa Consistente C\u00e1lcica CHEMILUB \u00e9 uma massa lubrificante \u00e0 base de sab\u00e3o de c\u00e1lcio anidro de grande qualidade e com elevada resist\u00eancia \u00e0 \u00e1gua, para lubrifica\u00e7\u00e3o de sistemas a temperaturas moderadas.\" \/>\n<meta property=\"og:url\" content=\"https:\/\/chemitool.com\/pt-pt\/products\/chemicals\/lubrificacao-pt-pt\/massa-consistente\/massa-consistente-calcica\/\" \/>\n<meta property=\"og:site_name\" content=\"Chemitool\" \/>\n<meta property=\"article:publisher\" content=\"https:\/\/www.facebook.com\/chemitool\" \/>\n<meta property=\"article:modified_time\" content=\"2022-09-29T08:10:56+00:00\" \/>\n<meta property=\"og:image\" content=\"https:\/\/chemitool.com\/wp-content\/uploads\/2022\/09\/CHC410105004_5604630152310.png\" \/>\n\t<meta property=\"og:image:width\" content=\"800\" \/>\n\t<meta property=\"og:image:height\" content=\"800\" \/>\n<meta name=\"twitter:card\" content=\"summary_large_image\" \/>\n<script type=\"application\/ld+json\" class=\"yoast-schema-graph\">{\"@context\":\"https:\/\/schema.org\",\"@graph\":[{\"@type\":\"Organization\",\"@id\":\"https:\/\/chemitool.com\/#organization\",\"name\":\"Chemitool\",\"url\":\"https:\/\/chemitool.com\/\",\"sameAs\":[\"https:\/\/www.facebook.com\/chemitool\",\"https:\/\/www.instagram.com\/chemitool\/\"],\"logo\":{\"@type\":\"ImageObject\",\"@id\":\"https:\/\/chemitool.com\/#logo\",\"inLanguage\":\"pt-PT\",\"url\":\"https:\/\/chemitool.com\/wp-content\/uploads\/2020\/10\/logo_chemitool.png\",\"contentUrl\":\"https:\/\/chemitool.com\/wp-content\/uploads\/2020\/10\/logo_chemitool.png\",\"width\":400,\"height\":400,\"caption\":\"Chemitool\"},\"image\":{\"@id\":\"https:\/\/chemitool.com\/#logo\"}},{\"@type\":\"WebSite\",\"@id\":\"https:\/\/chemitool.com\/#website\",\"url\":\"https:\/\/chemitool.com\/\",\"name\":\"Chemitool\",\"description\":\"Chemitool - hardware and tools\",\"publisher\":{\"@id\":\"https:\/\/chemitool.com\/#organization\"},\"potentialAction\":[{\"@type\":\"SearchAction\",\"target\":{\"@type\":\"EntryPoint\",\"urlTemplate\":\"https:\/\/chemitool.com\/?s={search_term_string}\"},\"query-input\":\"required name=search_term_string\"}],\"inLanguage\":\"pt-PT\"},{\"@type\":\"ImageObject\",\"@id\":\"https:\/\/chemitool.com\/pt-pt\/products\/chemicals\/lubrificacao-pt-pt\/massa-consistente\/massa-consistente-calcica\/#primaryimage\",\"inLanguage\":\"pt-PT\",\"url\":\"https:\/\/chemitool.com\/wp-content\/uploads\/2022\/09\/CHC410105004_5604630152310.png\",\"contentUrl\":\"https:\/\/chemitool.com\/wp-content\/uploads\/2022\/09\/CHC410105004_5604630152310.png\",\"width\":800,\"height\":800},{\"@type\":\"WebPage\",\"@id\":\"https:\/\/chemitool.com\/pt-pt\/products\/chemicals\/lubrificacao-pt-pt\/massa-consistente\/massa-consistente-calcica\/#webpage\",\"url\":\"https:\/\/chemitool.com\/pt-pt\/products\/chemicals\/lubrificacao-pt-pt\/massa-consistente\/massa-consistente-calcica\/\",\"name\":\"MASSA CONSISTENTE C\\u00c1LCICA &ndash; Chemitool\",\"isPartOf\":{\"@id\":\"https:\/\/chemitool.com\/#website\"},\"primaryImageOfPage\":{\"@id\":\"https:\/\/chemitool.com\/pt-pt\/products\/chemicals\/lubrificacao-pt-pt\/massa-consistente\/massa-consistente-calcica\/#primaryimage\"},\"datePublished\":\"2022-09-28T10:29:53+00:00\",\"dateModified\":\"2022-09-29T08:10:56+00:00\",\"description\":\"SAP: CHC410105004 A Massa Consistente C\\u00e1lcica CHEMILUB \\u00e9 uma massa lubrificante \\u00e0 base de sab\\u00e3o de c\\u00e1lcio anidro de grande qualidade e com elevada resist\\u00eancia \\u00e0 \\u00e1gua, para lubrifica\\u00e7\\u00e3o de sistemas a temperaturas moderadas.\",\"breadcrumb\":{\"@id\":\"https:\/\/chemitool.com\/pt-pt\/products\/chemicals\/lubrificacao-pt-pt\/massa-consistente\/massa-consistente-calcica\/#breadcrumb\"},\"inLanguage\":\"pt-PT\",\"potentialAction\":[{\"@type\":\"ReadAction\",\"target\":[\"https:\/\/chemitool.com\/pt-pt\/products\/chemicals\/lubrificacao-pt-pt\/massa-consistente\/massa-consistente-calcica\/\"]}]},{\"@type\":\"BreadcrumbList\",\"@id\":\"https:\/\/chemitool.com\/pt-pt\/products\/chemicals\/lubrificacao-pt-pt\/massa-consistente\/massa-consistente-calcica\/#breadcrumb\",\"itemListElement\":[{\"@type\":\"ListItem\",\"position\":1,\"name\":\"Home\",\"item\":\"https:\/\/chemitool.com\/pt-pt\/\"},{\"@type\":\"ListItem\",\"position\":2,\"name\":\"Produtos\",\"item\":\"https:\/\/chemitool.com\/pt-pt\/produtos\/\"},{\"@type\":\"ListItem\",\"position\":3,\"name\":\"Tools\",\"item\":\"https:\/\/chemitool.com\/pt-pt\/categoria-produto\/tools\/\"},{\"@type\":\"ListItem\",\"position\":4,\"name\":\"Escadas e Escadotes\",\"item\":\"https:\/\/chemitool.com\/pt-pt\/categoria-produto\/tools\/escadas-e-escadotes\/\"},{\"@type\":\"ListItem\",\"position\":5,\"name\":\"MASSA CONSISTENTE C\\u00c1LCICA\"}]}]}<\/script>\n<!-- \/ Yoast SEO plugin. -->","yoast_head_json":{"title":"MASSA CONSISTENTE C\u00c1LCICA &ndash; Chemitool","description":"SAP: CHC410105004   A Massa Consistente C\u00e1lcica CHEMILUB \u00e9 uma massa lubrificante \u00e0 base de sab\u00e3o de c\u00e1lcio anidro de grande qualidade e com elevada resist\u00eancia \u00e0 \u00e1gua, para lubrifica\u00e7\u00e3o de sistemas a temperaturas moderadas.","robots":{"index":"index","follow":"follow","max-snippet":"max-snippet:-1","max-image-preview":"max-image-preview:large","max-video-preview":"max-video-preview:-1"},"canonical":"https:\/\/chemitool.com\/pt-pt\/products\/chemicals\/lubrificacao-pt-pt\/massa-consistente\/massa-consistente-calcica\/","og_locale":"pt_PT","og_type":"article","og_title":"MASSA CONSISTENTE C\u00c1LCICA &ndash; Chemitool","og_description":"SAP: CHC410105004   A Massa Consistente C\u00e1lcica CHEMILUB \u00e9 uma massa lubrificante \u00e0 base de sab\u00e3o de c\u00e1lcio anidro de grande qualidade e com elevada resist\u00eancia \u00e0 \u00e1gua, para lubrifica\u00e7\u00e3o de sistemas a temperaturas moderadas.","og_url":"https:\/\/chemitool.com\/pt-pt\/products\/chemicals\/lubrificacao-pt-pt\/massa-consistente\/massa-consistente-calcica\/","og_site_name":"Chemitool","article_publisher":"https:\/\/www.facebook.com\/chemitool","article_modified_time":"2022-09-29T08:10:56+00:00","og_image":[{"width":800,"height":800,"url":"https:\/\/chemitool.com\/wp-content\/uploads\/2022\/09\/CHC410105004_5604630152310.png","type":"image\/png"}],"twitter_card":"summary_large_image","schema":{"@context":"https:\/\/schema.org","@graph":[{"@type":"Organization","@id":"https:\/\/chemitool.com\/#organization","name":"Chemitool","url":"https:\/\/chemitool.com\/","sameAs":["https:\/\/www.facebook.com\/chemitool","https:\/\/www.instagram.com\/chemitool\/"],"logo":{"@type":"ImageObject","@id":"https:\/\/chemitool.com\/#logo","inLanguage":"pt-PT","url":"https:\/\/chemitool.com\/wp-content\/uploads\/2020\/10\/logo_chemitool.png","contentUrl":"https:\/\/chemitool.com\/wp-content\/uploads\/2020\/10\/logo_chemitool.png","width":400,"height":400,"caption":"Chemitool"},"image":{"@id":"https:\/\/chemitool.com\/#logo"}},{"@type":"WebSite","@id":"https:\/\/chemitool.com\/#website","url":"https:\/\/chemitool.com\/","name":"Chemitool","description":"Chemitool - hardware and tools","publisher":{"@id":"https:\/\/chemitool.com\/#organization"},"potentialAction":[{"@type":"SearchAction","target":{"@type":"EntryPoint","urlTemplate":"https:\/\/chemitool.com\/?s={search_term_string}"},"query-input":"required name=search_term_string"}],"inLanguage":"pt-PT"},{"@type":"ImageObject","@id":"https:\/\/chemitool.com\/pt-pt\/products\/chemicals\/lubrificacao-pt-pt\/massa-consistente\/massa-consistente-calcica\/#primaryimage","inLanguage":"pt-PT","url":"https:\/\/chemitool.com\/wp-content\/uploads\/2022\/09\/CHC410105004_5604630152310.png","contentUrl":"https:\/\/chemitool.com\/wp-content\/uploads\/2022\/09\/CHC410105004_5604630152310.png","width":800,"height":800},{"@type":"WebPage","@id":"https:\/\/chemitool.com\/pt-pt\/products\/chemicals\/lubrificacao-pt-pt\/massa-consistente\/massa-consistente-calcica\/#webpage","url":"https:\/\/chemitool.com\/pt-pt\/products\/chemicals\/lubrificacao-pt-pt\/massa-consistente\/massa-consistente-calcica\/","name":"MASSA CONSISTENTE C\u00c1LCICA &ndash; Chemitool","isPartOf":{"@id":"https:\/\/chemitool.com\/#website"},"primaryImageOfPage":{"@id":"https:\/\/chemitool.com\/pt-pt\/products\/chemicals\/lubrificacao-pt-pt\/massa-consistente\/massa-consistente-calcica\/#primaryimage"},"datePublished":"2022-09-28T10:29:53+00:00","dateModified":"2022-09-29T08:10:56+00:00","description":"SAP: CHC410105004 A Massa Consistente C\u00e1lcica CHEMILUB \u00e9 uma massa lubrificante \u00e0 base de sab\u00e3o de c\u00e1lcio anidro de grande qualidade e com elevada resist\u00eancia \u00e0 \u00e1gua, para lubrifica\u00e7\u00e3o de sistemas a temperaturas moderadas.","breadcrumb":{"@id":"https:\/\/chemitool.com\/pt-pt\/products\/chemicals\/lubrificacao-pt-pt\/massa-consistente\/massa-consistente-calcica\/#breadcrumb"},"inLanguage":"pt-PT","potentialAction":[{"@type":"ReadAction","target":["https:\/\/chemitool.com\/pt-pt\/products\/chemicals\/lubrificacao-pt-pt\/massa-consistente\/massa-consistente-calcica\/"]}]},{"@type":"BreadcrumbList","@id":"https:\/\/chemitool.com\/pt-pt\/products\/chemicals\/lubrificacao-pt-pt\/massa-consistente\/massa-consistente-calcica\/#breadcrumb","itemListElement":[{"@type":"ListItem","position":1,"name":"Home","item":"https:\/\/chemitool.com\/pt-pt\/"},{"@type":"ListItem","position":2,"name":"Produtos","item":"https:\/\/chemitool.com\/pt-pt\/produtos\/"},{"@type":"ListItem","position":3,"name":"Tools","item":"https:\/\/chemitool.com\/pt-pt\/categoria-produto\/tools\/"},{"@type":"ListItem","position":4,"name":"Escadas e Escadotes","item":"https:\/\/chemitool.com\/pt-pt\/categoria-produto\/tools\/escadas-e-escadotes\/"},{"@type":"ListItem","position":5,"name":"MASSA CONSISTENTE C\u00c1LCICA"}]}]}},"_links":{"self":[{"href":"https:\/\/chemitool.com\/pt-pt\/wp-json\/wp\/v2\/product\/26795"}],"collection":[{"href":"https:\/\/chemitool.com\/pt-pt\/wp-json\/wp\/v2\/product"}],"about":[{"href":"https:\/\/chemitool.com\/pt-pt\/wp-json\/wp\/v2\/types\/product"}],"wp:featuredmedia":[{"embeddable":true,"href":"https:\/\/chemitool.com\/pt-pt\/wp-json\/wp\/v2\/media\/26790"}],"wp:attachment":[{"href":"https:\/\/chemitool.com\/pt-pt\/wp-json\/wp\/v2\/media?parent=26795"}],"wp:term":[{"taxonomy":"product_cat","embeddable":true,"href":"https:\/\/chemitool.com\/pt-pt\/wp-json\/wp\/v2\/product_cat?post=26795"},{"taxonomy":"product_tag","embeddable":true,"href":"https:\/\/chemitool.com\/pt-pt\/wp-json\/wp\/v2\/product_tag?post=26795"}],"curies":[{"name":"wp","href":"https:\/\/api.w.org\/{rel}","templated":true}]}}