{"id":25796,"date":"2022-08-31T15:21:19","date_gmt":"2022-08-31T15:21:23","guid":{"rendered":"https:\/\/chemitool.com\/?post_type=product&#038;p=25796"},"modified":"2022-08-31T16:56:41","modified_gmt":"2022-08-31T16:56:41","slug":"diluente-celuloso","status":"publish","type":"product","link":"https:\/\/chemitool.com\/pt-pt\/products\/chemicals\/limpeza-e-manutencao\/diluentes\/diluente-celuloso\/","title":{"rendered":"DILUENTE CELULOSO"},"content":{"rendered":"<p><strong>VANTAGENS<\/strong><\/p>\n<ul>\n<li>Qualidade professional<\/li>\n<li>Dilui\u00e7\u00e3o de produtos de base celulosa<\/li>\n<li>Excelente agente de limpeza e desengorduramento de ferramentas met\u00e1licas<\/li>\n<li>Limpeza de pinceis, trinchas, rolos esp\u00e1tulas e outros acess\u00f3rios de pintura<\/li>\n<li>Aspecto transparente<\/li>\n<\/ul>\n<p><strong>INDICA\u00c7\u00d5ES<\/strong><\/p>\n<p>Armazenar a embalagem original bem fechada, de p\u00e9, num ambiente fresco, seco e bem ventilado, a \u00e1rea de armazenagem n\u00e3o deve exceder condi\u00e7\u00f5es extremas de temperatura (5-30\u00baC), afastado de fontes de calor, da luz solar e humidade. O produto tem a validade de 12 meses conservado na embalagem original e respeitando as condi\u00e7\u00f5es de armazenagem.<\/p>\n","protected":false},"excerpt":{"rendered":"<p><em>Diluente Celuloso CHEMICLEAN\u00a0<\/em>\u00e9 um diluente destinado \u00e0 dilui\u00e7\u00e3o de produtos de base celulosa (tintas, subcapas, esmaltes e vernizes) e para limpeza e desengorduramento de acess\u00f3rios de pintura, ferramentas e pe\u00e7as met\u00e1licas.<\/p>\n","protected":false},"featured_media":25799,"template":"","meta":[],"product_cat":[109,1556,4376],"product_tag":[],"yoast_head":"<!-- This site is optimized with the Yoast SEO plugin v17.4 - https:\/\/yoast.com\/wordpress\/plugins\/seo\/ -->\n<title>DILUENTE CELULOSO &ndash; Chemitool<\/title>\n<meta name=\"description\" content=\"Diluente Celuloso CHEMICLEAN\u00a0\u00e9 um diluente destinado \u00e0 dilui\u00e7\u00e3o de produtos de base celulosa (tintas, subcapas, esmaltes e vernizes) e para limpeza e desengorduramento de acess\u00f3rios de pintura, ferramentas e pe\u00e7as met\u00e1licas.\" \/>\n<meta name=\"robots\" content=\"index, follow, max-snippet:-1, max-image-preview:large, max-video-preview:-1\" \/>\n<link rel=\"canonical\" href=\"https:\/\/chemitool.com\/pt-pt\/products\/chemicals\/limpeza-e-manutencao\/diluentes\/diluente-celuloso\/\" \/>\n<meta property=\"og:locale\" content=\"pt_PT\" \/>\n<meta property=\"og:type\" content=\"article\" \/>\n<meta property=\"og:title\" content=\"DILUENTE CELULOSO &ndash; Chemitool\" \/>\n<meta property=\"og:description\" content=\"Diluente Celuloso CHEMICLEAN\u00a0\u00e9 um diluente destinado \u00e0 dilui\u00e7\u00e3o de produtos de base celulosa (tintas, subcapas, esmaltes e vernizes) e para limpeza e desengorduramento de acess\u00f3rios de pintura, ferramentas e pe\u00e7as met\u00e1licas.\" \/>\n<meta property=\"og:url\" content=\"https:\/\/chemitool.com\/pt-pt\/products\/chemicals\/limpeza-e-manutencao\/diluentes\/diluente-celuloso\/\" \/>\n<meta property=\"og:site_name\" content=\"Chemitool\" \/>\n<meta property=\"article:publisher\" content=\"https:\/\/www.facebook.com\/chemitool\" \/>\n<meta property=\"article:modified_time\" content=\"2022-08-31T16:56:41+00:00\" \/>\n<meta property=\"og:image\" content=\"https:\/\/chemitool.com\/wp-content\/uploads\/2022\/08\/CHC24030201.png\" \/>\n\t<meta property=\"og:image:width\" content=\"800\" \/>\n\t<meta property=\"og:image:height\" content=\"800\" \/>\n<meta name=\"twitter:card\" content=\"summary_large_image\" \/>\n<script type=\"application\/ld+json\" class=\"yoast-schema-graph\">{\"@context\":\"https:\/\/schema.org\",\"@graph\":[{\"@type\":\"Organization\",\"@id\":\"https:\/\/chemitool.com\/#organization\",\"name\":\"Chemitool\",\"url\":\"https:\/\/chemitool.com\/\",\"sameAs\":[\"https:\/\/www.facebook.com\/chemitool\",\"https:\/\/www.instagram.com\/chemitool\/\"],\"logo\":{\"@type\":\"ImageObject\",\"@id\":\"https:\/\/chemitool.com\/#logo\",\"inLanguage\":\"pt-PT\",\"url\":\"https:\/\/chemitool.com\/wp-content\/uploads\/2020\/10\/logo_chemitool.png\",\"contentUrl\":\"https:\/\/chemitool.com\/wp-content\/uploads\/2020\/10\/logo_chemitool.png\",\"width\":400,\"height\":400,\"caption\":\"Chemitool\"},\"image\":{\"@id\":\"https:\/\/chemitool.com\/#logo\"}},{\"@type\":\"WebSite\",\"@id\":\"https:\/\/chemitool.com\/#website\",\"url\":\"https:\/\/chemitool.com\/\",\"name\":\"Chemitool\",\"description\":\"Chemitool - hardware and tools\",\"publisher\":{\"@id\":\"https:\/\/chemitool.com\/#organization\"},\"potentialAction\":[{\"@type\":\"SearchAction\",\"target\":{\"@type\":\"EntryPoint\",\"urlTemplate\":\"https:\/\/chemitool.com\/?s={search_term_string}\"},\"query-input\":\"required name=search_term_string\"}],\"inLanguage\":\"pt-PT\"},{\"@type\":\"ImageObject\",\"@id\":\"https:\/\/chemitool.com\/pt-pt\/products\/chemicals\/limpeza-e-manutencao\/diluentes\/diluente-celuloso\/#primaryimage\",\"inLanguage\":\"pt-PT\",\"url\":\"https:\/\/chemitool.com\/wp-content\/uploads\/2022\/08\/CHC24030201.png\",\"contentUrl\":\"https:\/\/chemitool.com\/wp-content\/uploads\/2022\/08\/CHC24030201.png\",\"width\":800,\"height\":800},{\"@type\":\"WebPage\",\"@id\":\"https:\/\/chemitool.com\/pt-pt\/products\/chemicals\/limpeza-e-manutencao\/diluentes\/diluente-celuloso\/#webpage\",\"url\":\"https:\/\/chemitool.com\/pt-pt\/products\/chemicals\/limpeza-e-manutencao\/diluentes\/diluente-celuloso\/\",\"name\":\"DILUENTE CELULOSO &ndash; Chemitool\",\"isPartOf\":{\"@id\":\"https:\/\/chemitool.com\/#website\"},\"primaryImageOfPage\":{\"@id\":\"https:\/\/chemitool.com\/pt-pt\/products\/chemicals\/limpeza-e-manutencao\/diluentes\/diluente-celuloso\/#primaryimage\"},\"datePublished\":\"2022-08-31T15:21:23+00:00\",\"dateModified\":\"2022-08-31T16:56:41+00:00\",\"description\":\"Diluente Celuloso CHEMICLEAN\\u00a0\\u00e9 um diluente destinado \\u00e0 dilui\\u00e7\\u00e3o de produtos de base celulosa (tintas, subcapas, esmaltes e vernizes) e para limpeza e desengorduramento de acess\\u00f3rios de pintura, ferramentas e pe\\u00e7as met\\u00e1licas.\",\"breadcrumb\":{\"@id\":\"https:\/\/chemitool.com\/pt-pt\/products\/chemicals\/limpeza-e-manutencao\/diluentes\/diluente-celuloso\/#breadcrumb\"},\"inLanguage\":\"pt-PT\",\"potentialAction\":[{\"@type\":\"ReadAction\",\"target\":[\"https:\/\/chemitool.com\/pt-pt\/products\/chemicals\/limpeza-e-manutencao\/diluentes\/diluente-celuloso\/\"]}]},{\"@type\":\"BreadcrumbList\",\"@id\":\"https:\/\/chemitool.com\/pt-pt\/products\/chemicals\/limpeza-e-manutencao\/diluentes\/diluente-celuloso\/#breadcrumb\",\"itemListElement\":[{\"@type\":\"ListItem\",\"position\":1,\"name\":\"Home\",\"item\":\"https:\/\/chemitool.com\/pt-pt\/\"},{\"@type\":\"ListItem\",\"position\":2,\"name\":\"Produtos\",\"item\":\"https:\/\/chemitool.com\/pt-pt\/produtos\/\"},{\"@type\":\"ListItem\",\"position\":3,\"name\":\"Tools\",\"item\":\"https:\/\/chemitool.com\/pt-pt\/categoria-produto\/tools\/\"},{\"@type\":\"ListItem\",\"position\":4,\"name\":\"Escadas e Escadotes\",\"item\":\"https:\/\/chemitool.com\/pt-pt\/categoria-produto\/tools\/escadas-e-escadotes\/\"},{\"@type\":\"ListItem\",\"position\":5,\"name\":\"DILUENTE CELULOSO\"}]}]}<\/script>\n<!-- \/ Yoast SEO plugin. -->","yoast_head_json":{"title":"DILUENTE CELULOSO &ndash; Chemitool","description":"Diluente Celuloso CHEMICLEAN\u00a0\u00e9 um diluente destinado \u00e0 dilui\u00e7\u00e3o de produtos de base celulosa (tintas, subcapas, esmaltes e vernizes) e para limpeza e desengorduramento de acess\u00f3rios de pintura, ferramentas e pe\u00e7as met\u00e1licas.","robots":{"index":"index","follow":"follow","max-snippet":"max-snippet:-1","max-image-preview":"max-image-preview:large","max-video-preview":"max-video-preview:-1"},"canonical":"https:\/\/chemitool.com\/pt-pt\/products\/chemicals\/limpeza-e-manutencao\/diluentes\/diluente-celuloso\/","og_locale":"pt_PT","og_type":"article","og_title":"DILUENTE CELULOSO &ndash; Chemitool","og_description":"Diluente Celuloso CHEMICLEAN\u00a0\u00e9 um diluente destinado \u00e0 dilui\u00e7\u00e3o de produtos de base celulosa (tintas, subcapas, esmaltes e vernizes) e para limpeza e desengorduramento de acess\u00f3rios de pintura, ferramentas e pe\u00e7as met\u00e1licas.","og_url":"https:\/\/chemitool.com\/pt-pt\/products\/chemicals\/limpeza-e-manutencao\/diluentes\/diluente-celuloso\/","og_site_name":"Chemitool","article_publisher":"https:\/\/www.facebook.com\/chemitool","article_modified_time":"2022-08-31T16:56:41+00:00","og_image":[{"width":800,"height":800,"url":"https:\/\/chemitool.com\/wp-content\/uploads\/2022\/08\/CHC24030201.png","type":"image\/png"}],"twitter_card":"summary_large_image","schema":{"@context":"https:\/\/schema.org","@graph":[{"@type":"Organization","@id":"https:\/\/chemitool.com\/#organization","name":"Chemitool","url":"https:\/\/chemitool.com\/","sameAs":["https:\/\/www.facebook.com\/chemitool","https:\/\/www.instagram.com\/chemitool\/"],"logo":{"@type":"ImageObject","@id":"https:\/\/chemitool.com\/#logo","inLanguage":"pt-PT","url":"https:\/\/chemitool.com\/wp-content\/uploads\/2020\/10\/logo_chemitool.png","contentUrl":"https:\/\/chemitool.com\/wp-content\/uploads\/2020\/10\/logo_chemitool.png","width":400,"height":400,"caption":"Chemitool"},"image":{"@id":"https:\/\/chemitool.com\/#logo"}},{"@type":"WebSite","@id":"https:\/\/chemitool.com\/#website","url":"https:\/\/chemitool.com\/","name":"Chemitool","description":"Chemitool - hardware and tools","publisher":{"@id":"https:\/\/chemitool.com\/#organization"},"potentialAction":[{"@type":"SearchAction","target":{"@type":"EntryPoint","urlTemplate":"https:\/\/chemitool.com\/?s={search_term_string}"},"query-input":"required name=search_term_string"}],"inLanguage":"pt-PT"},{"@type":"ImageObject","@id":"https:\/\/chemitool.com\/pt-pt\/products\/chemicals\/limpeza-e-manutencao\/diluentes\/diluente-celuloso\/#primaryimage","inLanguage":"pt-PT","url":"https:\/\/chemitool.com\/wp-content\/uploads\/2022\/08\/CHC24030201.png","contentUrl":"https:\/\/chemitool.com\/wp-content\/uploads\/2022\/08\/CHC24030201.png","width":800,"height":800},{"@type":"WebPage","@id":"https:\/\/chemitool.com\/pt-pt\/products\/chemicals\/limpeza-e-manutencao\/diluentes\/diluente-celuloso\/#webpage","url":"https:\/\/chemitool.com\/pt-pt\/products\/chemicals\/limpeza-e-manutencao\/diluentes\/diluente-celuloso\/","name":"DILUENTE CELULOSO &ndash; Chemitool","isPartOf":{"@id":"https:\/\/chemitool.com\/#website"},"primaryImageOfPage":{"@id":"https:\/\/chemitool.com\/pt-pt\/products\/chemicals\/limpeza-e-manutencao\/diluentes\/diluente-celuloso\/#primaryimage"},"datePublished":"2022-08-31T15:21:23+00:00","dateModified":"2022-08-31T16:56:41+00:00","description":"Diluente Celuloso CHEMICLEAN\u00a0\u00e9 um diluente destinado \u00e0 dilui\u00e7\u00e3o de produtos de base celulosa (tintas, subcapas, esmaltes e vernizes) e para limpeza e desengorduramento de acess\u00f3rios de pintura, ferramentas e pe\u00e7as met\u00e1licas.","breadcrumb":{"@id":"https:\/\/chemitool.com\/pt-pt\/products\/chemicals\/limpeza-e-manutencao\/diluentes\/diluente-celuloso\/#breadcrumb"},"inLanguage":"pt-PT","potentialAction":[{"@type":"ReadAction","target":["https:\/\/chemitool.com\/pt-pt\/products\/chemicals\/limpeza-e-manutencao\/diluentes\/diluente-celuloso\/"]}]},{"@type":"BreadcrumbList","@id":"https:\/\/chemitool.com\/pt-pt\/products\/chemicals\/limpeza-e-manutencao\/diluentes\/diluente-celuloso\/#breadcrumb","itemListElement":[{"@type":"ListItem","position":1,"name":"Home","item":"https:\/\/chemitool.com\/pt-pt\/"},{"@type":"ListItem","position":2,"name":"Produtos","item":"https:\/\/chemitool.com\/pt-pt\/produtos\/"},{"@type":"ListItem","position":3,"name":"Tools","item":"https:\/\/chemitool.com\/pt-pt\/categoria-produto\/tools\/"},{"@type":"ListItem","position":4,"name":"Escadas e Escadotes","item":"https:\/\/chemitool.com\/pt-pt\/categoria-produto\/tools\/escadas-e-escadotes\/"},{"@type":"ListItem","position":5,"name":"DILUENTE CELULOSO"}]}]}},"_links":{"self":[{"href":"https:\/\/chemitool.com\/pt-pt\/wp-json\/wp\/v2\/product\/25796"}],"collection":[{"href":"https:\/\/chemitool.com\/pt-pt\/wp-json\/wp\/v2\/product"}],"about":[{"href":"https:\/\/chemitool.com\/pt-pt\/wp-json\/wp\/v2\/types\/product"}],"wp:featuredmedia":[{"embeddable":true,"href":"https:\/\/chemitool.com\/pt-pt\/wp-json\/wp\/v2\/media\/25799"}],"wp:attachment":[{"href":"https:\/\/chemitool.com\/pt-pt\/wp-json\/wp\/v2\/media?parent=25796"}],"wp:term":[{"taxonomy":"product_cat","embeddable":true,"href":"https:\/\/chemitool.com\/pt-pt\/wp-json\/wp\/v2\/product_cat?post=25796"},{"taxonomy":"product_tag","embeddable":true,"href":"https:\/\/chemitool.com\/pt-pt\/wp-json\/wp\/v2\/product_tag?post=25796"}],"curies":[{"name":"wp","href":"https:\/\/api.w.org\/{rel}","templated":true}]}}