{"id":25496,"date":"2022-08-11T15:55:59","date_gmt":"2022-08-11T15:56:00","guid":{"rendered":"https:\/\/chemitool.com\/?post_type=product&#038;p=25496"},"modified":"2023-02-09T14:58:01","modified_gmt":"2023-02-09T14:58:01","slug":"trapos-de-algodao","status":"publish","type":"product","link":"https:\/\/chemitool.com\/pt-pt\/products\/automotive-3\/trapos-e-desperdicios-de-algodao\/trapos-de-algodao\/","title":{"rendered":"TRAPOS DE ALGOD\u00c3O"},"content":{"rendered":"<ul>\n<li>Este trapo \u00e9 o excedente da confe\u00e7\u00e3o das T-shirts e pijamas.<\/li>\n<li>Nunca foi utilizado, mantendo assim total limpeza e higiene.<\/li>\n<li>Como \u00e9 de algod\u00e3o \u00e9 muito absorvente, macio e f\u00e1cil de manusear.<\/li>\n<li>Os seus tamanhos s\u00e3o variados pelo que se adaptam a qualquer utiliza\u00e7\u00e3o.<\/li>\n<li>Muito \u00fateis na manuten\u00e7\u00e3o industrial, rodovi\u00e1ria, tipogr\u00e1fica, etc.<\/li>\n<\/ul>\n","protected":false},"excerpt":{"rendered":"<p><em>Os Trapos de Algod\u00e3o CHEMITOOL <\/em>s\u00e3o bastante \u00fateis na manuten\u00e7\u00e3o industrial, automotiva, entre outros setores.<\/p>\n","protected":false},"featured_media":25489,"template":"","meta":[],"product_cat":[1430,4343],"product_tag":[4345],"yoast_head":"<!-- This site is optimized with the Yoast SEO plugin v17.4 - https:\/\/yoast.com\/wordpress\/plugins\/seo\/ -->\n<title>TRAPOS DE ALGOD\u00c3O &ndash; Chemitool<\/title>\n<meta name=\"description\" content=\"Os Trapos de Algod\u00e3o CHEMITOOL s\u00e3o bastante \u00fateis na manuten\u00e7\u00e3o industrial, automotiva, entre outros setores.\" \/>\n<meta name=\"robots\" content=\"index, follow, max-snippet:-1, max-image-preview:large, max-video-preview:-1\" \/>\n<link rel=\"canonical\" href=\"https:\/\/chemitool.com\/pt-pt\/products\/automotive-3\/trapos-e-desperdicios-de-algodao\/trapos-de-algodao\/\" \/>\n<meta property=\"og:locale\" content=\"pt_PT\" \/>\n<meta property=\"og:type\" content=\"article\" \/>\n<meta property=\"og:title\" content=\"TRAPOS DE ALGOD\u00c3O &ndash; Chemitool\" \/>\n<meta property=\"og:description\" content=\"Os Trapos de Algod\u00e3o CHEMITOOL s\u00e3o bastante \u00fateis na manuten\u00e7\u00e3o industrial, automotiva, entre outros setores.\" \/>\n<meta property=\"og:url\" content=\"https:\/\/chemitool.com\/pt-pt\/products\/automotive-3\/trapos-e-desperdicios-de-algodao\/trapos-de-algodao\/\" \/>\n<meta property=\"og:site_name\" content=\"Chemitool\" \/>\n<meta property=\"article:publisher\" content=\"https:\/\/www.facebook.com\/chemitool\" \/>\n<meta property=\"article:modified_time\" content=\"2023-02-09T14:58:01+00:00\" \/>\n<meta property=\"og:image\" content=\"https:\/\/chemitool.com\/wp-content\/uploads\/2022\/08\/CHU03010201.png\" \/>\n\t<meta property=\"og:image:width\" content=\"800\" \/>\n\t<meta property=\"og:image:height\" content=\"800\" \/>\n<meta name=\"twitter:card\" content=\"summary_large_image\" \/>\n<script type=\"application\/ld+json\" class=\"yoast-schema-graph\">{\"@context\":\"https:\/\/schema.org\",\"@graph\":[{\"@type\":\"Organization\",\"@id\":\"https:\/\/chemitool.com\/#organization\",\"name\":\"Chemitool\",\"url\":\"https:\/\/chemitool.com\/\",\"sameAs\":[\"https:\/\/www.facebook.com\/chemitool\",\"https:\/\/www.instagram.com\/chemitool\/\"],\"logo\":{\"@type\":\"ImageObject\",\"@id\":\"https:\/\/chemitool.com\/#logo\",\"inLanguage\":\"pt-PT\",\"url\":\"https:\/\/chemitool.com\/wp-content\/uploads\/2020\/10\/logo_chemitool.png\",\"contentUrl\":\"https:\/\/chemitool.com\/wp-content\/uploads\/2020\/10\/logo_chemitool.png\",\"width\":400,\"height\":400,\"caption\":\"Chemitool\"},\"image\":{\"@id\":\"https:\/\/chemitool.com\/#logo\"}},{\"@type\":\"WebSite\",\"@id\":\"https:\/\/chemitool.com\/#website\",\"url\":\"https:\/\/chemitool.com\/\",\"name\":\"Chemitool\",\"description\":\"Chemitool - hardware and tools\",\"publisher\":{\"@id\":\"https:\/\/chemitool.com\/#organization\"},\"potentialAction\":[{\"@type\":\"SearchAction\",\"target\":{\"@type\":\"EntryPoint\",\"urlTemplate\":\"https:\/\/chemitool.com\/?s={search_term_string}\"},\"query-input\":\"required name=search_term_string\"}],\"inLanguage\":\"pt-PT\"},{\"@type\":\"ImageObject\",\"@id\":\"https:\/\/chemitool.com\/pt-pt\/products\/automotive-3\/trapos-e-desperdicios-de-algodao\/trapos-de-algodao\/#primaryimage\",\"inLanguage\":\"pt-PT\",\"url\":\"https:\/\/chemitool.com\/wp-content\/uploads\/2022\/08\/CHU03010201.png\",\"contentUrl\":\"https:\/\/chemitool.com\/wp-content\/uploads\/2022\/08\/CHU03010201.png\",\"width\":800,\"height\":800},{\"@type\":\"WebPage\",\"@id\":\"https:\/\/chemitool.com\/pt-pt\/products\/automotive-3\/trapos-e-desperdicios-de-algodao\/trapos-de-algodao\/#webpage\",\"url\":\"https:\/\/chemitool.com\/pt-pt\/products\/automotive-3\/trapos-e-desperdicios-de-algodao\/trapos-de-algodao\/\",\"name\":\"TRAPOS DE ALGOD\\u00c3O &ndash; Chemitool\",\"isPartOf\":{\"@id\":\"https:\/\/chemitool.com\/#website\"},\"primaryImageOfPage\":{\"@id\":\"https:\/\/chemitool.com\/pt-pt\/products\/automotive-3\/trapos-e-desperdicios-de-algodao\/trapos-de-algodao\/#primaryimage\"},\"datePublished\":\"2022-08-11T15:56:00+00:00\",\"dateModified\":\"2023-02-09T14:58:01+00:00\",\"description\":\"Os Trapos de Algod\\u00e3o CHEMITOOL s\\u00e3o bastante \\u00fateis na manuten\\u00e7\\u00e3o industrial, automotiva, entre outros setores.\",\"breadcrumb\":{\"@id\":\"https:\/\/chemitool.com\/pt-pt\/products\/automotive-3\/trapos-e-desperdicios-de-algodao\/trapos-de-algodao\/#breadcrumb\"},\"inLanguage\":\"pt-PT\",\"potentialAction\":[{\"@type\":\"ReadAction\",\"target\":[\"https:\/\/chemitool.com\/pt-pt\/products\/automotive-3\/trapos-e-desperdicios-de-algodao\/trapos-de-algodao\/\"]}]},{\"@type\":\"BreadcrumbList\",\"@id\":\"https:\/\/chemitool.com\/pt-pt\/products\/automotive-3\/trapos-e-desperdicios-de-algodao\/trapos-de-algodao\/#breadcrumb\",\"itemListElement\":[{\"@type\":\"ListItem\",\"position\":1,\"name\":\"Home\",\"item\":\"https:\/\/chemitool.com\/pt-pt\/\"},{\"@type\":\"ListItem\",\"position\":2,\"name\":\"Produtos\",\"item\":\"https:\/\/chemitool.com\/pt-pt\/produtos\/\"},{\"@type\":\"ListItem\",\"position\":3,\"name\":\"Tools\",\"item\":\"https:\/\/chemitool.com\/pt-pt\/categoria-produto\/tools\/\"},{\"@type\":\"ListItem\",\"position\":4,\"name\":\"Escadas e Escadotes\",\"item\":\"https:\/\/chemitool.com\/pt-pt\/categoria-produto\/tools\/escadas-e-escadotes\/\"},{\"@type\":\"ListItem\",\"position\":5,\"name\":\"TRAPOS DE ALGOD\\u00c3O\"}]}]}<\/script>\n<!-- \/ Yoast SEO plugin. -->","yoast_head_json":{"title":"TRAPOS DE ALGOD\u00c3O &ndash; Chemitool","description":"Os Trapos de Algod\u00e3o CHEMITOOL s\u00e3o bastante \u00fateis na manuten\u00e7\u00e3o industrial, automotiva, entre outros setores.","robots":{"index":"index","follow":"follow","max-snippet":"max-snippet:-1","max-image-preview":"max-image-preview:large","max-video-preview":"max-video-preview:-1"},"canonical":"https:\/\/chemitool.com\/pt-pt\/products\/automotive-3\/trapos-e-desperdicios-de-algodao\/trapos-de-algodao\/","og_locale":"pt_PT","og_type":"article","og_title":"TRAPOS DE ALGOD\u00c3O &ndash; Chemitool","og_description":"Os Trapos de Algod\u00e3o CHEMITOOL s\u00e3o bastante \u00fateis na manuten\u00e7\u00e3o industrial, automotiva, entre outros setores.","og_url":"https:\/\/chemitool.com\/pt-pt\/products\/automotive-3\/trapos-e-desperdicios-de-algodao\/trapos-de-algodao\/","og_site_name":"Chemitool","article_publisher":"https:\/\/www.facebook.com\/chemitool","article_modified_time":"2023-02-09T14:58:01+00:00","og_image":[{"width":800,"height":800,"url":"https:\/\/chemitool.com\/wp-content\/uploads\/2022\/08\/CHU03010201.png","type":"image\/png"}],"twitter_card":"summary_large_image","schema":{"@context":"https:\/\/schema.org","@graph":[{"@type":"Organization","@id":"https:\/\/chemitool.com\/#organization","name":"Chemitool","url":"https:\/\/chemitool.com\/","sameAs":["https:\/\/www.facebook.com\/chemitool","https:\/\/www.instagram.com\/chemitool\/"],"logo":{"@type":"ImageObject","@id":"https:\/\/chemitool.com\/#logo","inLanguage":"pt-PT","url":"https:\/\/chemitool.com\/wp-content\/uploads\/2020\/10\/logo_chemitool.png","contentUrl":"https:\/\/chemitool.com\/wp-content\/uploads\/2020\/10\/logo_chemitool.png","width":400,"height":400,"caption":"Chemitool"},"image":{"@id":"https:\/\/chemitool.com\/#logo"}},{"@type":"WebSite","@id":"https:\/\/chemitool.com\/#website","url":"https:\/\/chemitool.com\/","name":"Chemitool","description":"Chemitool - hardware and tools","publisher":{"@id":"https:\/\/chemitool.com\/#organization"},"potentialAction":[{"@type":"SearchAction","target":{"@type":"EntryPoint","urlTemplate":"https:\/\/chemitool.com\/?s={search_term_string}"},"query-input":"required name=search_term_string"}],"inLanguage":"pt-PT"},{"@type":"ImageObject","@id":"https:\/\/chemitool.com\/pt-pt\/products\/automotive-3\/trapos-e-desperdicios-de-algodao\/trapos-de-algodao\/#primaryimage","inLanguage":"pt-PT","url":"https:\/\/chemitool.com\/wp-content\/uploads\/2022\/08\/CHU03010201.png","contentUrl":"https:\/\/chemitool.com\/wp-content\/uploads\/2022\/08\/CHU03010201.png","width":800,"height":800},{"@type":"WebPage","@id":"https:\/\/chemitool.com\/pt-pt\/products\/automotive-3\/trapos-e-desperdicios-de-algodao\/trapos-de-algodao\/#webpage","url":"https:\/\/chemitool.com\/pt-pt\/products\/automotive-3\/trapos-e-desperdicios-de-algodao\/trapos-de-algodao\/","name":"TRAPOS DE ALGOD\u00c3O &ndash; Chemitool","isPartOf":{"@id":"https:\/\/chemitool.com\/#website"},"primaryImageOfPage":{"@id":"https:\/\/chemitool.com\/pt-pt\/products\/automotive-3\/trapos-e-desperdicios-de-algodao\/trapos-de-algodao\/#primaryimage"},"datePublished":"2022-08-11T15:56:00+00:00","dateModified":"2023-02-09T14:58:01+00:00","description":"Os Trapos de Algod\u00e3o CHEMITOOL s\u00e3o bastante \u00fateis na manuten\u00e7\u00e3o industrial, automotiva, entre outros setores.","breadcrumb":{"@id":"https:\/\/chemitool.com\/pt-pt\/products\/automotive-3\/trapos-e-desperdicios-de-algodao\/trapos-de-algodao\/#breadcrumb"},"inLanguage":"pt-PT","potentialAction":[{"@type":"ReadAction","target":["https:\/\/chemitool.com\/pt-pt\/products\/automotive-3\/trapos-e-desperdicios-de-algodao\/trapos-de-algodao\/"]}]},{"@type":"BreadcrumbList","@id":"https:\/\/chemitool.com\/pt-pt\/products\/automotive-3\/trapos-e-desperdicios-de-algodao\/trapos-de-algodao\/#breadcrumb","itemListElement":[{"@type":"ListItem","position":1,"name":"Home","item":"https:\/\/chemitool.com\/pt-pt\/"},{"@type":"ListItem","position":2,"name":"Produtos","item":"https:\/\/chemitool.com\/pt-pt\/produtos\/"},{"@type":"ListItem","position":3,"name":"Tools","item":"https:\/\/chemitool.com\/pt-pt\/categoria-produto\/tools\/"},{"@type":"ListItem","position":4,"name":"Escadas e Escadotes","item":"https:\/\/chemitool.com\/pt-pt\/categoria-produto\/tools\/escadas-e-escadotes\/"},{"@type":"ListItem","position":5,"name":"TRAPOS DE ALGOD\u00c3O"}]}]}},"_links":{"self":[{"href":"https:\/\/chemitool.com\/pt-pt\/wp-json\/wp\/v2\/product\/25496"}],"collection":[{"href":"https:\/\/chemitool.com\/pt-pt\/wp-json\/wp\/v2\/product"}],"about":[{"href":"https:\/\/chemitool.com\/pt-pt\/wp-json\/wp\/v2\/types\/product"}],"wp:featuredmedia":[{"embeddable":true,"href":"https:\/\/chemitool.com\/pt-pt\/wp-json\/wp\/v2\/media\/25489"}],"wp:attachment":[{"href":"https:\/\/chemitool.com\/pt-pt\/wp-json\/wp\/v2\/media?parent=25496"}],"wp:term":[{"taxonomy":"product_cat","embeddable":true,"href":"https:\/\/chemitool.com\/pt-pt\/wp-json\/wp\/v2\/product_cat?post=25496"},{"taxonomy":"product_tag","embeddable":true,"href":"https:\/\/chemitool.com\/pt-pt\/wp-json\/wp\/v2\/product_tag?post=25496"}],"curies":[{"name":"wp","href":"https:\/\/api.w.org\/{rel}","templated":true}]}}