{"id":25479,"date":"2022-08-11T15:08:40","date_gmt":"2022-08-11T15:08:41","guid":{"rendered":"https:\/\/chemitool.com\/?post_type=product&#038;p=25479"},"modified":"2023-02-09T14:57:34","modified_gmt":"2023-02-09T14:57:34","slug":"desperdicios-de-algodao","status":"publish","type":"product","link":"https:\/\/chemitool.com\/pt-pt\/products\/automotive-3\/trapos-e-desperdicios-de-algodao\/desperdicios-de-algodao\/","title":{"rendered":"DESPERD\u00cdCIOS DE ALGOD\u00c3O"},"content":{"rendered":"<ul>\n<li>Procedentes de bobinadores e teares da industria t\u00eaxtil, os quais nunca foram utilizados.<\/li>\n<li>S\u00f3 uma parte foi branqueada, a cor cru \u00e9 a cor original do algod\u00e3o.<\/li>\n<li>Ap\u00f3s sele\u00e7\u00e3o, os desperd\u00edcios de fios s\u00e3o penteados em grandes penteadeiras para lhe dar mais volume, ficando assim mais absorvente e f\u00e1cil de manusear.<\/li>\n<li>Muito \u00fateis na manuten\u00e7\u00e3o industrial, rodovi\u00e1ria, tipogr\u00e1fica, etc.<\/li>\n<\/ul>\n<p>&nbsp;<\/p>\n","protected":false},"excerpt":{"rendered":"<p><em>Os Desperd\u00edcios de Algod\u00e3o CHEMITOOL\u00a0<\/em>s\u00e3o bastante \u00fateis na manuten\u00e7\u00e3o industrial, automotiva, entre outros setores.<\/p>\n","protected":false},"featured_media":25486,"template":"","meta":[],"product_cat":[1430,4343],"product_tag":[4345],"yoast_head":"<!-- This site is optimized with the Yoast SEO plugin v17.4 - https:\/\/yoast.com\/wordpress\/plugins\/seo\/ -->\n<title>DESPERD\u00cdCIOS DE ALGOD\u00c3O &ndash; Chemitool<\/title>\n<meta name=\"description\" content=\"Os Desperd\u00edcios de Algod\u00e3o CHEMITOOL\u00a0s\u00e3o bastante \u00fateis na manuten\u00e7\u00e3o industrial, automotiva, entre outros setores.\" \/>\n<meta name=\"robots\" content=\"index, follow, max-snippet:-1, max-image-preview:large, max-video-preview:-1\" \/>\n<link rel=\"canonical\" href=\"https:\/\/chemitool.com\/pt-pt\/products\/automotive-3\/trapos-e-desperdicios-de-algodao\/desperdicios-de-algodao\/\" \/>\n<meta property=\"og:locale\" content=\"pt_PT\" \/>\n<meta property=\"og:type\" content=\"article\" \/>\n<meta property=\"og:title\" content=\"DESPERD\u00cdCIOS DE ALGOD\u00c3O &ndash; Chemitool\" \/>\n<meta property=\"og:description\" content=\"Os Desperd\u00edcios de Algod\u00e3o CHEMITOOL\u00a0s\u00e3o bastante \u00fateis na manuten\u00e7\u00e3o industrial, automotiva, entre outros setores.\" \/>\n<meta property=\"og:url\" content=\"https:\/\/chemitool.com\/pt-pt\/products\/automotive-3\/trapos-e-desperdicios-de-algodao\/desperdicios-de-algodao\/\" \/>\n<meta property=\"og:site_name\" content=\"Chemitool\" \/>\n<meta property=\"article:publisher\" content=\"https:\/\/www.facebook.com\/chemitool\" \/>\n<meta property=\"article:modified_time\" content=\"2023-02-09T14:57:34+00:00\" \/>\n<meta property=\"og:image\" content=\"https:\/\/chemitool.com\/wp-content\/uploads\/2022\/08\/CHU03010102.png\" \/>\n\t<meta property=\"og:image:width\" content=\"800\" \/>\n\t<meta property=\"og:image:height\" content=\"800\" \/>\n<meta name=\"twitter:card\" content=\"summary_large_image\" \/>\n<script type=\"application\/ld+json\" class=\"yoast-schema-graph\">{\"@context\":\"https:\/\/schema.org\",\"@graph\":[{\"@type\":\"Organization\",\"@id\":\"https:\/\/chemitool.com\/#organization\",\"name\":\"Chemitool\",\"url\":\"https:\/\/chemitool.com\/\",\"sameAs\":[\"https:\/\/www.facebook.com\/chemitool\",\"https:\/\/www.instagram.com\/chemitool\/\"],\"logo\":{\"@type\":\"ImageObject\",\"@id\":\"https:\/\/chemitool.com\/#logo\",\"inLanguage\":\"pt-PT\",\"url\":\"https:\/\/chemitool.com\/wp-content\/uploads\/2020\/10\/logo_chemitool.png\",\"contentUrl\":\"https:\/\/chemitool.com\/wp-content\/uploads\/2020\/10\/logo_chemitool.png\",\"width\":400,\"height\":400,\"caption\":\"Chemitool\"},\"image\":{\"@id\":\"https:\/\/chemitool.com\/#logo\"}},{\"@type\":\"WebSite\",\"@id\":\"https:\/\/chemitool.com\/#website\",\"url\":\"https:\/\/chemitool.com\/\",\"name\":\"Chemitool\",\"description\":\"Chemitool - hardware and tools\",\"publisher\":{\"@id\":\"https:\/\/chemitool.com\/#organization\"},\"potentialAction\":[{\"@type\":\"SearchAction\",\"target\":{\"@type\":\"EntryPoint\",\"urlTemplate\":\"https:\/\/chemitool.com\/?s={search_term_string}\"},\"query-input\":\"required name=search_term_string\"}],\"inLanguage\":\"pt-PT\"},{\"@type\":\"ImageObject\",\"@id\":\"https:\/\/chemitool.com\/pt-pt\/products\/automotive-3\/trapos-e-desperdicios-de-algodao\/desperdicios-de-algodao\/#primaryimage\",\"inLanguage\":\"pt-PT\",\"url\":\"https:\/\/chemitool.com\/wp-content\/uploads\/2022\/08\/CHU03010102.png\",\"contentUrl\":\"https:\/\/chemitool.com\/wp-content\/uploads\/2022\/08\/CHU03010102.png\",\"width\":800,\"height\":800},{\"@type\":\"WebPage\",\"@id\":\"https:\/\/chemitool.com\/pt-pt\/products\/automotive-3\/trapos-e-desperdicios-de-algodao\/desperdicios-de-algodao\/#webpage\",\"url\":\"https:\/\/chemitool.com\/pt-pt\/products\/automotive-3\/trapos-e-desperdicios-de-algodao\/desperdicios-de-algodao\/\",\"name\":\"DESPERD\\u00cdCIOS DE ALGOD\\u00c3O &ndash; Chemitool\",\"isPartOf\":{\"@id\":\"https:\/\/chemitool.com\/#website\"},\"primaryImageOfPage\":{\"@id\":\"https:\/\/chemitool.com\/pt-pt\/products\/automotive-3\/trapos-e-desperdicios-de-algodao\/desperdicios-de-algodao\/#primaryimage\"},\"datePublished\":\"2022-08-11T15:08:41+00:00\",\"dateModified\":\"2023-02-09T14:57:34+00:00\",\"description\":\"Os Desperd\\u00edcios de Algod\\u00e3o CHEMITOOL\\u00a0s\\u00e3o bastante \\u00fateis na manuten\\u00e7\\u00e3o industrial, automotiva, entre outros setores.\",\"breadcrumb\":{\"@id\":\"https:\/\/chemitool.com\/pt-pt\/products\/automotive-3\/trapos-e-desperdicios-de-algodao\/desperdicios-de-algodao\/#breadcrumb\"},\"inLanguage\":\"pt-PT\",\"potentialAction\":[{\"@type\":\"ReadAction\",\"target\":[\"https:\/\/chemitool.com\/pt-pt\/products\/automotive-3\/trapos-e-desperdicios-de-algodao\/desperdicios-de-algodao\/\"]}]},{\"@type\":\"BreadcrumbList\",\"@id\":\"https:\/\/chemitool.com\/pt-pt\/products\/automotive-3\/trapos-e-desperdicios-de-algodao\/desperdicios-de-algodao\/#breadcrumb\",\"itemListElement\":[{\"@type\":\"ListItem\",\"position\":1,\"name\":\"Home\",\"item\":\"https:\/\/chemitool.com\/pt-pt\/\"},{\"@type\":\"ListItem\",\"position\":2,\"name\":\"Produtos\",\"item\":\"https:\/\/chemitool.com\/pt-pt\/produtos\/\"},{\"@type\":\"ListItem\",\"position\":3,\"name\":\"Tools\",\"item\":\"https:\/\/chemitool.com\/pt-pt\/categoria-produto\/tools\/\"},{\"@type\":\"ListItem\",\"position\":4,\"name\":\"Escadas e Escadotes\",\"item\":\"https:\/\/chemitool.com\/pt-pt\/categoria-produto\/tools\/escadas-e-escadotes\/\"},{\"@type\":\"ListItem\",\"position\":5,\"name\":\"DESPERD\\u00cdCIOS DE ALGOD\\u00c3O\"}]}]}<\/script>\n<!-- \/ Yoast SEO plugin. -->","yoast_head_json":{"title":"DESPERD\u00cdCIOS DE ALGOD\u00c3O &ndash; Chemitool","description":"Os Desperd\u00edcios de Algod\u00e3o CHEMITOOL\u00a0s\u00e3o bastante \u00fateis na manuten\u00e7\u00e3o industrial, automotiva, entre outros setores.","robots":{"index":"index","follow":"follow","max-snippet":"max-snippet:-1","max-image-preview":"max-image-preview:large","max-video-preview":"max-video-preview:-1"},"canonical":"https:\/\/chemitool.com\/pt-pt\/products\/automotive-3\/trapos-e-desperdicios-de-algodao\/desperdicios-de-algodao\/","og_locale":"pt_PT","og_type":"article","og_title":"DESPERD\u00cdCIOS DE ALGOD\u00c3O &ndash; Chemitool","og_description":"Os Desperd\u00edcios de Algod\u00e3o CHEMITOOL\u00a0s\u00e3o bastante \u00fateis na manuten\u00e7\u00e3o industrial, automotiva, entre outros setores.","og_url":"https:\/\/chemitool.com\/pt-pt\/products\/automotive-3\/trapos-e-desperdicios-de-algodao\/desperdicios-de-algodao\/","og_site_name":"Chemitool","article_publisher":"https:\/\/www.facebook.com\/chemitool","article_modified_time":"2023-02-09T14:57:34+00:00","og_image":[{"width":800,"height":800,"url":"https:\/\/chemitool.com\/wp-content\/uploads\/2022\/08\/CHU03010102.png","type":"image\/png"}],"twitter_card":"summary_large_image","schema":{"@context":"https:\/\/schema.org","@graph":[{"@type":"Organization","@id":"https:\/\/chemitool.com\/#organization","name":"Chemitool","url":"https:\/\/chemitool.com\/","sameAs":["https:\/\/www.facebook.com\/chemitool","https:\/\/www.instagram.com\/chemitool\/"],"logo":{"@type":"ImageObject","@id":"https:\/\/chemitool.com\/#logo","inLanguage":"pt-PT","url":"https:\/\/chemitool.com\/wp-content\/uploads\/2020\/10\/logo_chemitool.png","contentUrl":"https:\/\/chemitool.com\/wp-content\/uploads\/2020\/10\/logo_chemitool.png","width":400,"height":400,"caption":"Chemitool"},"image":{"@id":"https:\/\/chemitool.com\/#logo"}},{"@type":"WebSite","@id":"https:\/\/chemitool.com\/#website","url":"https:\/\/chemitool.com\/","name":"Chemitool","description":"Chemitool - hardware and tools","publisher":{"@id":"https:\/\/chemitool.com\/#organization"},"potentialAction":[{"@type":"SearchAction","target":{"@type":"EntryPoint","urlTemplate":"https:\/\/chemitool.com\/?s={search_term_string}"},"query-input":"required name=search_term_string"}],"inLanguage":"pt-PT"},{"@type":"ImageObject","@id":"https:\/\/chemitool.com\/pt-pt\/products\/automotive-3\/trapos-e-desperdicios-de-algodao\/desperdicios-de-algodao\/#primaryimage","inLanguage":"pt-PT","url":"https:\/\/chemitool.com\/wp-content\/uploads\/2022\/08\/CHU03010102.png","contentUrl":"https:\/\/chemitool.com\/wp-content\/uploads\/2022\/08\/CHU03010102.png","width":800,"height":800},{"@type":"WebPage","@id":"https:\/\/chemitool.com\/pt-pt\/products\/automotive-3\/trapos-e-desperdicios-de-algodao\/desperdicios-de-algodao\/#webpage","url":"https:\/\/chemitool.com\/pt-pt\/products\/automotive-3\/trapos-e-desperdicios-de-algodao\/desperdicios-de-algodao\/","name":"DESPERD\u00cdCIOS DE ALGOD\u00c3O &ndash; Chemitool","isPartOf":{"@id":"https:\/\/chemitool.com\/#website"},"primaryImageOfPage":{"@id":"https:\/\/chemitool.com\/pt-pt\/products\/automotive-3\/trapos-e-desperdicios-de-algodao\/desperdicios-de-algodao\/#primaryimage"},"datePublished":"2022-08-11T15:08:41+00:00","dateModified":"2023-02-09T14:57:34+00:00","description":"Os Desperd\u00edcios de Algod\u00e3o CHEMITOOL\u00a0s\u00e3o bastante \u00fateis na manuten\u00e7\u00e3o industrial, automotiva, entre outros setores.","breadcrumb":{"@id":"https:\/\/chemitool.com\/pt-pt\/products\/automotive-3\/trapos-e-desperdicios-de-algodao\/desperdicios-de-algodao\/#breadcrumb"},"inLanguage":"pt-PT","potentialAction":[{"@type":"ReadAction","target":["https:\/\/chemitool.com\/pt-pt\/products\/automotive-3\/trapos-e-desperdicios-de-algodao\/desperdicios-de-algodao\/"]}]},{"@type":"BreadcrumbList","@id":"https:\/\/chemitool.com\/pt-pt\/products\/automotive-3\/trapos-e-desperdicios-de-algodao\/desperdicios-de-algodao\/#breadcrumb","itemListElement":[{"@type":"ListItem","position":1,"name":"Home","item":"https:\/\/chemitool.com\/pt-pt\/"},{"@type":"ListItem","position":2,"name":"Produtos","item":"https:\/\/chemitool.com\/pt-pt\/produtos\/"},{"@type":"ListItem","position":3,"name":"Tools","item":"https:\/\/chemitool.com\/pt-pt\/categoria-produto\/tools\/"},{"@type":"ListItem","position":4,"name":"Escadas e Escadotes","item":"https:\/\/chemitool.com\/pt-pt\/categoria-produto\/tools\/escadas-e-escadotes\/"},{"@type":"ListItem","position":5,"name":"DESPERD\u00cdCIOS DE ALGOD\u00c3O"}]}]}},"_links":{"self":[{"href":"https:\/\/chemitool.com\/pt-pt\/wp-json\/wp\/v2\/product\/25479"}],"collection":[{"href":"https:\/\/chemitool.com\/pt-pt\/wp-json\/wp\/v2\/product"}],"about":[{"href":"https:\/\/chemitool.com\/pt-pt\/wp-json\/wp\/v2\/types\/product"}],"wp:featuredmedia":[{"embeddable":true,"href":"https:\/\/chemitool.com\/pt-pt\/wp-json\/wp\/v2\/media\/25486"}],"wp:attachment":[{"href":"https:\/\/chemitool.com\/pt-pt\/wp-json\/wp\/v2\/media?parent=25479"}],"wp:term":[{"taxonomy":"product_cat","embeddable":true,"href":"https:\/\/chemitool.com\/pt-pt\/wp-json\/wp\/v2\/product_cat?post=25479"},{"taxonomy":"product_tag","embeddable":true,"href":"https:\/\/chemitool.com\/pt-pt\/wp-json\/wp\/v2\/product_tag?post=25479"}],"curies":[{"name":"wp","href":"https:\/\/api.w.org\/{rel}","templated":true}]}}