{"id":25304,"date":"2022-07-25T09:37:03","date_gmt":"2022-07-25T09:37:07","guid":{"rendered":"https:\/\/chemitool.com\/?post_type=product&#038;p=25304"},"modified":"2022-09-29T08:23:56","modified_gmt":"2022-09-29T08:23:56","slug":"massa-consistente-multiusos-litio-ep2","status":"publish","type":"product","link":"https:\/\/chemitool.com\/pt-pt\/products\/chemicals\/lubrificacao-pt-pt\/massa-consistente\/massa-consistente-multiusos-litio-ep2\/","title":{"rendered":"MASSA CONSISTENTE MULTIUSOS LITIO EP2"},"content":{"rendered":"<p><strong>VANTAGENS<\/strong><\/p>\n<ul>\n<li>Alto poder anti desgaste, anticorrosivo, antioxidante e antiferrugem<\/li>\n<li>Alta ader\u00eancia e untuosidade<\/li>\n<li>Cont\u00e9m aditivos EP de \u00faltima tecnologia<\/li>\n<li>Grande poder de lubrifica\u00e7\u00e3o<\/li>\n<li>Excelente durabilidade<\/li>\n<li>Previne a ferrugem e a corros\u00e3o em zonas de contacto metal\/metal, sob cargas fortes e press\u00f5es extremas<\/li>\n<li>Temperatura de servi\u00e7o de -20\u00baC a +120\u00baC, (-4\u00baF a +248\u00baF) com m\u00e1ximos de 135\u00baC (275\u00baF)<\/li>\n<li>Repelente a poeiras, sujidades e \u00e1gua<\/li>\n<li>Excelente bombagem para uso com pistola e lubrifica\u00e7\u00e3o centralizada<\/li>\n<li>Excelentes propriedades e extrema press\u00e3o<\/li>\n<li>Produto isento de materiais de enchimento, cargas e metais pesados<\/li>\n<\/ul>\n","protected":false},"excerpt":{"rendered":"<p>A<em> Massa Consistente Multiusos Litio EP2 CHEMILUB<\/em> \u00e9 uma massa EP multifuncional melhorada, de extrema press\u00e3o para lubrifica\u00e7\u00e3o sob duras condi\u00e7\u00f5es mec\u00e2nicas e grandes cad\u00eancias na frequ\u00eancia de lubrifica\u00e7\u00e3o.<\/p>\n","protected":false},"featured_media":30211,"template":"","meta":[],"product_cat":[109,3984,4314,1217,1246],"product_tag":[4490],"yoast_head":"<!-- This site is optimized with the Yoast SEO plugin v17.4 - https:\/\/yoast.com\/wordpress\/plugins\/seo\/ -->\n<title>MASSA CONSISTENTE MULTIUSOS LITIO EP2 &ndash; Chemitool<\/title>\n<meta name=\"description\" content=\"A Massa Consistente Multiusos Litio EP2 CHEMILUB \u00e9 uma massa EP multifuncional melhorada, de extrema press\u00e3o para lubrifica\u00e7\u00e3o sob duras condi\u00e7\u00f5es mec\u00e2nicas e grandes cad\u00eancias na frequ\u00eancia de lubrifica\u00e7\u00e3o.\" \/>\n<meta name=\"robots\" content=\"index, follow, max-snippet:-1, max-image-preview:large, max-video-preview:-1\" \/>\n<link rel=\"canonical\" href=\"https:\/\/chemitool.com\/pt-pt\/products\/chemicals\/lubrificacao-pt-pt\/massa-consistente\/massa-consistente-multiusos-litio-ep2\/\" \/>\n<meta property=\"og:locale\" content=\"pt_PT\" \/>\n<meta property=\"og:type\" content=\"article\" \/>\n<meta property=\"og:title\" content=\"MASSA CONSISTENTE MULTIUSOS LITIO EP2 &ndash; Chemitool\" \/>\n<meta property=\"og:description\" content=\"A Massa Consistente Multiusos Litio EP2 CHEMILUB \u00e9 uma massa EP multifuncional melhorada, de extrema press\u00e3o para lubrifica\u00e7\u00e3o sob duras condi\u00e7\u00f5es mec\u00e2nicas e grandes cad\u00eancias na frequ\u00eancia de lubrifica\u00e7\u00e3o.\" \/>\n<meta property=\"og:url\" content=\"https:\/\/chemitool.com\/pt-pt\/products\/chemicals\/lubrificacao-pt-pt\/massa-consistente\/massa-consistente-multiusos-litio-ep2\/\" \/>\n<meta property=\"og:site_name\" content=\"Chemitool\" \/>\n<meta property=\"article:publisher\" content=\"https:\/\/www.facebook.com\/chemitool\" \/>\n<meta property=\"article:modified_time\" content=\"2022-09-29T08:23:56+00:00\" \/>\n<meta property=\"og:image\" content=\"https:\/\/chemitool.com\/wp-content\/uploads\/2022\/08\/CHC41010120_5604630146531.png\" \/>\n\t<meta property=\"og:image:width\" content=\"800\" \/>\n\t<meta property=\"og:image:height\" content=\"800\" \/>\n<meta name=\"twitter:card\" content=\"summary_large_image\" \/>\n<script type=\"application\/ld+json\" class=\"yoast-schema-graph\">{\"@context\":\"https:\/\/schema.org\",\"@graph\":[{\"@type\":\"Organization\",\"@id\":\"https:\/\/chemitool.com\/#organization\",\"name\":\"Chemitool\",\"url\":\"https:\/\/chemitool.com\/\",\"sameAs\":[\"https:\/\/www.facebook.com\/chemitool\",\"https:\/\/www.instagram.com\/chemitool\/\"],\"logo\":{\"@type\":\"ImageObject\",\"@id\":\"https:\/\/chemitool.com\/#logo\",\"inLanguage\":\"pt-PT\",\"url\":\"https:\/\/chemitool.com\/wp-content\/uploads\/2020\/10\/logo_chemitool.png\",\"contentUrl\":\"https:\/\/chemitool.com\/wp-content\/uploads\/2020\/10\/logo_chemitool.png\",\"width\":400,\"height\":400,\"caption\":\"Chemitool\"},\"image\":{\"@id\":\"https:\/\/chemitool.com\/#logo\"}},{\"@type\":\"WebSite\",\"@id\":\"https:\/\/chemitool.com\/#website\",\"url\":\"https:\/\/chemitool.com\/\",\"name\":\"Chemitool\",\"description\":\"Chemitool - hardware and tools\",\"publisher\":{\"@id\":\"https:\/\/chemitool.com\/#organization\"},\"potentialAction\":[{\"@type\":\"SearchAction\",\"target\":{\"@type\":\"EntryPoint\",\"urlTemplate\":\"https:\/\/chemitool.com\/?s={search_term_string}\"},\"query-input\":\"required name=search_term_string\"}],\"inLanguage\":\"pt-PT\"},{\"@type\":\"ImageObject\",\"@id\":\"https:\/\/chemitool.com\/pt-pt\/products\/chemicals\/lubrificacao-pt-pt\/massa-consistente\/massa-consistente-multiusos-litio-ep2\/#primaryimage\",\"inLanguage\":\"pt-PT\",\"url\":\"https:\/\/chemitool.com\/wp-content\/uploads\/2022\/07\/CHC410101004_5604630146517.png\",\"contentUrl\":\"https:\/\/chemitool.com\/wp-content\/uploads\/2022\/07\/CHC410101004_5604630146517.png\",\"width\":800,\"height\":800},{\"@type\":\"WebPage\",\"@id\":\"https:\/\/chemitool.com\/pt-pt\/products\/chemicals\/lubrificacao-pt-pt\/massa-consistente\/massa-consistente-multiusos-litio-ep2\/#webpage\",\"url\":\"https:\/\/chemitool.com\/pt-pt\/products\/chemicals\/lubrificacao-pt-pt\/massa-consistente\/massa-consistente-multiusos-litio-ep2\/\",\"name\":\"MASSA CONSISTENTE MULTIUSOS LITIO EP2 &ndash; Chemitool\",\"isPartOf\":{\"@id\":\"https:\/\/chemitool.com\/#website\"},\"primaryImageOfPage\":{\"@id\":\"https:\/\/chemitool.com\/pt-pt\/products\/chemicals\/lubrificacao-pt-pt\/massa-consistente\/massa-consistente-multiusos-litio-ep2\/#primaryimage\"},\"datePublished\":\"2022-07-25T09:37:07+00:00\",\"dateModified\":\"2022-09-29T08:23:56+00:00\",\"description\":\"A Massa Consistente Multiusos Litio EP2 CHEMILUB \\u00e9 uma massa EP multifuncional melhorada, de extrema press\\u00e3o para lubrifica\\u00e7\\u00e3o sob duras condi\\u00e7\\u00f5es mec\\u00e2nicas e grandes cad\\u00eancias na frequ\\u00eancia de lubrifica\\u00e7\\u00e3o.\",\"breadcrumb\":{\"@id\":\"https:\/\/chemitool.com\/pt-pt\/products\/chemicals\/lubrificacao-pt-pt\/massa-consistente\/massa-consistente-multiusos-litio-ep2\/#breadcrumb\"},\"inLanguage\":\"pt-PT\",\"potentialAction\":[{\"@type\":\"ReadAction\",\"target\":[\"https:\/\/chemitool.com\/pt-pt\/products\/chemicals\/lubrificacao-pt-pt\/massa-consistente\/massa-consistente-multiusos-litio-ep2\/\"]}]},{\"@type\":\"BreadcrumbList\",\"@id\":\"https:\/\/chemitool.com\/pt-pt\/products\/chemicals\/lubrificacao-pt-pt\/massa-consistente\/massa-consistente-multiusos-litio-ep2\/#breadcrumb\",\"itemListElement\":[{\"@type\":\"ListItem\",\"position\":1,\"name\":\"Home\",\"item\":\"https:\/\/chemitool.com\/pt-pt\/\"},{\"@type\":\"ListItem\",\"position\":2,\"name\":\"Produtos\",\"item\":\"https:\/\/chemitool.com\/pt-pt\/produtos\/\"},{\"@type\":\"ListItem\",\"position\":3,\"name\":\"Chemicals\",\"item\":\"https:\/\/chemitool.com\/product-category\/chemical-products\/\"},{\"@type\":\"ListItem\",\"position\":4,\"name\":\"MASSA CONSISTENTE MULTIUSOS LITIO EP2\"}]}]}<\/script>\n<!-- \/ Yoast SEO plugin. -->","yoast_head_json":{"title":"MASSA CONSISTENTE MULTIUSOS LITIO EP2 &ndash; Chemitool","description":"A Massa Consistente Multiusos Litio EP2 CHEMILUB \u00e9 uma massa EP multifuncional melhorada, de extrema press\u00e3o para lubrifica\u00e7\u00e3o sob duras condi\u00e7\u00f5es mec\u00e2nicas e grandes cad\u00eancias na frequ\u00eancia de lubrifica\u00e7\u00e3o.","robots":{"index":"index","follow":"follow","max-snippet":"max-snippet:-1","max-image-preview":"max-image-preview:large","max-video-preview":"max-video-preview:-1"},"canonical":"https:\/\/chemitool.com\/pt-pt\/products\/chemicals\/lubrificacao-pt-pt\/massa-consistente\/massa-consistente-multiusos-litio-ep2\/","og_locale":"pt_PT","og_type":"article","og_title":"MASSA CONSISTENTE MULTIUSOS LITIO EP2 &ndash; Chemitool","og_description":"A Massa Consistente Multiusos Litio EP2 CHEMILUB \u00e9 uma massa EP multifuncional melhorada, de extrema press\u00e3o para lubrifica\u00e7\u00e3o sob duras condi\u00e7\u00f5es mec\u00e2nicas e grandes cad\u00eancias na frequ\u00eancia de lubrifica\u00e7\u00e3o.","og_url":"https:\/\/chemitool.com\/pt-pt\/products\/chemicals\/lubrificacao-pt-pt\/massa-consistente\/massa-consistente-multiusos-litio-ep2\/","og_site_name":"Chemitool","article_publisher":"https:\/\/www.facebook.com\/chemitool","article_modified_time":"2022-09-29T08:23:56+00:00","og_image":[{"width":800,"height":800,"url":"https:\/\/chemitool.com\/wp-content\/uploads\/2022\/08\/CHC41010120_5604630146531.png","type":"image\/png"}],"twitter_card":"summary_large_image","schema":{"@context":"https:\/\/schema.org","@graph":[{"@type":"Organization","@id":"https:\/\/chemitool.com\/#organization","name":"Chemitool","url":"https:\/\/chemitool.com\/","sameAs":["https:\/\/www.facebook.com\/chemitool","https:\/\/www.instagram.com\/chemitool\/"],"logo":{"@type":"ImageObject","@id":"https:\/\/chemitool.com\/#logo","inLanguage":"pt-PT","url":"https:\/\/chemitool.com\/wp-content\/uploads\/2020\/10\/logo_chemitool.png","contentUrl":"https:\/\/chemitool.com\/wp-content\/uploads\/2020\/10\/logo_chemitool.png","width":400,"height":400,"caption":"Chemitool"},"image":{"@id":"https:\/\/chemitool.com\/#logo"}},{"@type":"WebSite","@id":"https:\/\/chemitool.com\/#website","url":"https:\/\/chemitool.com\/","name":"Chemitool","description":"Chemitool - hardware and tools","publisher":{"@id":"https:\/\/chemitool.com\/#organization"},"potentialAction":[{"@type":"SearchAction","target":{"@type":"EntryPoint","urlTemplate":"https:\/\/chemitool.com\/?s={search_term_string}"},"query-input":"required name=search_term_string"}],"inLanguage":"pt-PT"},{"@type":"ImageObject","@id":"https:\/\/chemitool.com\/pt-pt\/products\/chemicals\/lubrificacao-pt-pt\/massa-consistente\/massa-consistente-multiusos-litio-ep2\/#primaryimage","inLanguage":"pt-PT","url":"https:\/\/chemitool.com\/wp-content\/uploads\/2022\/07\/CHC410101004_5604630146517.png","contentUrl":"https:\/\/chemitool.com\/wp-content\/uploads\/2022\/07\/CHC410101004_5604630146517.png","width":800,"height":800},{"@type":"WebPage","@id":"https:\/\/chemitool.com\/pt-pt\/products\/chemicals\/lubrificacao-pt-pt\/massa-consistente\/massa-consistente-multiusos-litio-ep2\/#webpage","url":"https:\/\/chemitool.com\/pt-pt\/products\/chemicals\/lubrificacao-pt-pt\/massa-consistente\/massa-consistente-multiusos-litio-ep2\/","name":"MASSA CONSISTENTE MULTIUSOS LITIO EP2 &ndash; Chemitool","isPartOf":{"@id":"https:\/\/chemitool.com\/#website"},"primaryImageOfPage":{"@id":"https:\/\/chemitool.com\/pt-pt\/products\/chemicals\/lubrificacao-pt-pt\/massa-consistente\/massa-consistente-multiusos-litio-ep2\/#primaryimage"},"datePublished":"2022-07-25T09:37:07+00:00","dateModified":"2022-09-29T08:23:56+00:00","description":"A Massa Consistente Multiusos Litio EP2 CHEMILUB \u00e9 uma massa EP multifuncional melhorada, de extrema press\u00e3o para lubrifica\u00e7\u00e3o sob duras condi\u00e7\u00f5es mec\u00e2nicas e grandes cad\u00eancias na frequ\u00eancia de lubrifica\u00e7\u00e3o.","breadcrumb":{"@id":"https:\/\/chemitool.com\/pt-pt\/products\/chemicals\/lubrificacao-pt-pt\/massa-consistente\/massa-consistente-multiusos-litio-ep2\/#breadcrumb"},"inLanguage":"pt-PT","potentialAction":[{"@type":"ReadAction","target":["https:\/\/chemitool.com\/pt-pt\/products\/chemicals\/lubrificacao-pt-pt\/massa-consistente\/massa-consistente-multiusos-litio-ep2\/"]}]},{"@type":"BreadcrumbList","@id":"https:\/\/chemitool.com\/pt-pt\/products\/chemicals\/lubrificacao-pt-pt\/massa-consistente\/massa-consistente-multiusos-litio-ep2\/#breadcrumb","itemListElement":[{"@type":"ListItem","position":1,"name":"Home","item":"https:\/\/chemitool.com\/pt-pt\/"},{"@type":"ListItem","position":2,"name":"Produtos","item":"https:\/\/chemitool.com\/pt-pt\/produtos\/"},{"@type":"ListItem","position":3,"name":"Chemicals","item":"https:\/\/chemitool.com\/product-category\/chemical-products\/"},{"@type":"ListItem","position":4,"name":"MASSA CONSISTENTE MULTIUSOS LITIO EP2"}]}]}},"_links":{"self":[{"href":"https:\/\/chemitool.com\/pt-pt\/wp-json\/wp\/v2\/product\/25304"}],"collection":[{"href":"https:\/\/chemitool.com\/pt-pt\/wp-json\/wp\/v2\/product"}],"about":[{"href":"https:\/\/chemitool.com\/pt-pt\/wp-json\/wp\/v2\/types\/product"}],"wp:featuredmedia":[{"embeddable":true,"href":"https:\/\/chemitool.com\/pt-pt\/wp-json\/wp\/v2\/media\/30211"}],"wp:attachment":[{"href":"https:\/\/chemitool.com\/pt-pt\/wp-json\/wp\/v2\/media?parent=25304"}],"wp:term":[{"taxonomy":"product_cat","embeddable":true,"href":"https:\/\/chemitool.com\/pt-pt\/wp-json\/wp\/v2\/product_cat?post=25304"},{"taxonomy":"product_tag","embeddable":true,"href":"https:\/\/chemitool.com\/pt-pt\/wp-json\/wp\/v2\/product_tag?post=25304"}],"curies":[{"name":"wp","href":"https:\/\/api.w.org\/{rel}","templated":true}]}}