{"id":24663,"date":"2022-07-08T14:12:25","date_gmt":"2022-07-08T14:12:27","guid":{"rendered":"https:\/\/chemitool.com\/?post_type=product&#038;p=24663"},"modified":"2022-07-26T10:19:43","modified_gmt":"2022-07-26T10:19:43","slug":"sapatilha-de-seguranca-get-texforce-low-s1p-src-esd-azul","status":"publish","type":"product","link":"https:\/\/chemitool.com\/pt-pt\/products\/safety\/calcado-de-seguranca\/sapatilhas\/sapatilha-de-seguranca-get-texforce-low-s1p-src-esd-azul\/","title":{"rendered":"SAPATILHA DE SEGURAN\u00c7A GET TEXFORCE LOW S1P SRC ESD &#8211; AZUL"},"content":{"rendered":"<ul>\n<li>Crute de bovino de primeira qualidade repelente \u00e0 \u00e1gua<\/li>\n<li>Tecido t\u00e9cnico Cordura\u00ae respir\u00e1vel<\/li>\n<li>Biqueira de alum\u00ednio com refor\u00e7o interno em policarbonato para uma melhor regula\u00e7\u00e3o t\u00e9rmica da sapatilha<\/li>\n<li>Palmilha de conforto ORTHOLITE\u00ae lav\u00e1vel e anti-fadiga<\/li>\n<li>Entressola com amortecimento MASTER BALANCE para reduzir a fadiga e o cansa\u00e7o<\/li>\n<li>Alma anti-entorse<\/li>\n<li>Sola exterior XTRAIL GRIP TPU com refor\u00e7o do calcanhar<\/li>\n<li>Sola exterior resistente \u00e0 hidr\u00f3lise<\/li>\n<\/ul>\n<p><img class=\"alignnone size-full wp-image-15160\" src=\"https:\/\/chemitool.com\/wp-content\/uploads\/2021\/09\/CE_CAT2-1.png\" alt=\"\" width=\"105\" height=\"119\" \/><\/p>\n<p><img class=\"alignnone size-full wp-image-25153\" src=\"https:\/\/chemitool.com\/wp-content\/uploads\/2022\/07\/ESD.png\" alt=\"\" width=\"85\" height=\"98\" \/><img class=\"alignnone size-full wp-image-25157\" src=\"https:\/\/chemitool.com\/wp-content\/uploads\/2022\/07\/SRC.png\" alt=\"\" width=\"85\" height=\"98\" \/><img class=\"alignnone size-full wp-image-25194\" src=\"https:\/\/chemitool.com\/wp-content\/uploads\/2022\/07\/S1P.png\" alt=\"\" width=\"85\" height=\"98\" \/><img class=\"alignnone size-full wp-image-25165\" src=\"https:\/\/chemitool.com\/wp-content\/uploads\/2022\/07\/Sole_Protect.png\" alt=\"\" width=\"85\" height=\"98\" \/>\u00a0<img class=\"alignnone size-full wp-image-25169\" src=\"https:\/\/chemitool.com\/wp-content\/uploads\/2022\/07\/Italian_leather.png\" alt=\"\" width=\"85\" height=\"98\" \/>\u00a0<img class=\"alignnone size-full wp-image-25173\" src=\"https:\/\/chemitool.com\/wp-content\/uploads\/2022\/07\/TOP_ALU_CAP.png\" alt=\"\" width=\"85\" height=\"98\" \/><\/p>\n<p><img class=\"alignnone size-full wp-image-25176\" src=\"https:\/\/chemitool.com\/wp-content\/uploads\/2022\/07\/ORTHOLITE.png\" alt=\"\" width=\"85\" height=\"98\" \/>\u00a0<img class=\"alignnone size-full wp-image-25179\" src=\"https:\/\/chemitool.com\/wp-content\/uploads\/2022\/07\/Master_Balance.png\" alt=\"\" width=\"85\" height=\"98\" \/>\u00a0<img class=\"alignnone size-full wp-image-25182\" src=\"https:\/\/chemitool.com\/wp-content\/uploads\/2022\/07\/Get_Soul.png\" alt=\"\" width=\"85\" height=\"98\" \/>\u00a0<img class=\"alignnone size-full wp-image-25185\" src=\"https:\/\/chemitool.com\/wp-content\/uploads\/2022\/07\/Regular_fit.png\" alt=\"\" width=\"85\" height=\"98\" \/>\u00a0<img class=\"alignnone size-full wp-image-25188\" src=\"https:\/\/chemitool.com\/wp-content\/uploads\/2022\/07\/WATER-REPELLENT-1.png\" alt=\"\" width=\"85\" height=\"97\" \/>\u00a0<img class=\"alignnone size-full wp-image-25191\" src=\"https:\/\/chemitool.com\/wp-content\/uploads\/2022\/07\/BREATHABLE-1.png\" alt=\"\" width=\"85\" height=\"97\" \/><\/p>\n","protected":false},"excerpt":{"rendered":"<p><em>GET TEXFORCE LOW S1P SRC ESD <\/em>\u00e9 uma sapatilha de seguran\u00e7a antiest\u00e1tica cano baixo, com g\u00e1spea em croute repelente \u00e0 agua com aplica\u00e7\u00f5es de tecido t\u00e9cnico respir\u00e1vel, forro interno (para toda a superf\u00edcie interna) respir\u00e1vel e resistente \u00e0 abras\u00e3o, 6+6 ilhoses metal-free, aplica\u00e7\u00e3o refletora na prote\u00e7\u00e3o do calcanhar, biqueira alum\u00ednio fundido sob press\u00e3o, palmilha remov\u00edvel Ortholite X40 016, palmilha remov\u00edvel, alma anti-entorse, refor\u00e7o biqueira interna em policarbonato em forma de ferradura, sola interm\u00e9dia em poliuretano ultraleve, amortecimento MASTER BALANCE poli\u00e9ster PU de alta tenacidade e densidade equilibrada, sola XTRAIL GRIP em TPU com protetor de calcanhar e protetor de ponta.<\/p>\n","protected":false},"featured_media":24677,"template":"","meta":[],"product_cat":[1453,3035,4286],"product_tag":[],"yoast_head":"<!-- This site is optimized with the Yoast SEO plugin v17.4 - https:\/\/yoast.com\/wordpress\/plugins\/seo\/ -->\n<title>SAPATILHA DE SEGURAN\u00c7A GET TEXFORCE LOW S1P SRC ESD - AZUL &ndash; Chemitool<\/title>\n<meta name=\"description\" content=\"GET TEXFORCE LOW S1P SRC ESD \u00e9 uma sapatilha de seguran\u00e7a antiest\u00e1tica cano baixo, com g\u00e1spea em croute repelente \u00e0 agua com aplica\u00e7\u00f5es de tecido t\u00e9cnico respir\u00e1vel, forro interno (para toda a superf\u00edcie interna) respir\u00e1vel e resistente \u00e0 abras\u00e3o, 6+6 ilhoses metal-free, aplica\u00e7\u00e3o refletora na prote\u00e7\u00e3o do calcanhar, biqueira alum\u00ednio fundido sob press\u00e3o, palmilha remov\u00edvel Ortholite X40 016, palmilha remov\u00edvel, alma anti-entorse, refor\u00e7o biqueira interna em policarbonato em forma de ferradura, sola interm\u00e9dia em poliuretano ultraleve, amortecimento MASTER BALANCE poli\u00e9ster PU de alta tenacidade e densidade equilibrada, sola XTRAIL GRIP em TPU com protetor de calcanhar e protetor de ponta.\" \/>\n<meta name=\"robots\" content=\"index, follow, max-snippet:-1, max-image-preview:large, max-video-preview:-1\" \/>\n<link rel=\"canonical\" href=\"https:\/\/chemitool.com\/pt-pt\/products\/safety\/calcado-de-seguranca\/sapatilhas\/sapatilha-de-seguranca-get-texforce-low-s1p-src-esd-azul\/\" \/>\n<meta property=\"og:locale\" content=\"pt_PT\" \/>\n<meta property=\"og:type\" content=\"article\" \/>\n<meta property=\"og:title\" content=\"SAPATILHA DE SEGURAN\u00c7A GET TEXFORCE LOW S1P SRC ESD - AZUL &ndash; Chemitool\" \/>\n<meta property=\"og:description\" content=\"GET TEXFORCE LOW S1P SRC ESD \u00e9 uma sapatilha de seguran\u00e7a antiest\u00e1tica cano baixo, com g\u00e1spea em croute repelente \u00e0 agua com aplica\u00e7\u00f5es de tecido t\u00e9cnico respir\u00e1vel, forro interno (para toda a superf\u00edcie interna) respir\u00e1vel e resistente \u00e0 abras\u00e3o, 6+6 ilhoses metal-free, aplica\u00e7\u00e3o refletora na prote\u00e7\u00e3o do calcanhar, biqueira alum\u00ednio fundido sob press\u00e3o, palmilha remov\u00edvel Ortholite X40 016, palmilha remov\u00edvel, alma anti-entorse, refor\u00e7o biqueira interna em policarbonato em forma de ferradura, sola interm\u00e9dia em poliuretano ultraleve, amortecimento MASTER BALANCE poli\u00e9ster PU de alta tenacidade e densidade equilibrada, sola XTRAIL GRIP em TPU com protetor de calcanhar e protetor de ponta.\" \/>\n<meta property=\"og:url\" content=\"https:\/\/chemitool.com\/pt-pt\/products\/safety\/calcado-de-seguranca\/sapatilhas\/sapatilha-de-seguranca-get-texforce-low-s1p-src-esd-azul\/\" \/>\n<meta property=\"og:site_name\" content=\"Chemitool\" \/>\n<meta property=\"article:publisher\" content=\"https:\/\/www.facebook.com\/chemitool\" \/>\n<meta property=\"article:modified_time\" content=\"2022-07-26T10:19:43+00:00\" \/>\n<meta property=\"og:image\" content=\"https:\/\/chemitool.com\/wp-content\/uploads\/2022\/07\/P014810464S0300_perfil_inverted.png\" \/>\n\t<meta property=\"og:image:width\" content=\"800\" \/>\n\t<meta property=\"og:image:height\" content=\"800\" \/>\n<meta name=\"twitter:card\" content=\"summary_large_image\" \/>\n<script type=\"application\/ld+json\" class=\"yoast-schema-graph\">{\"@context\":\"https:\/\/schema.org\",\"@graph\":[{\"@type\":\"Organization\",\"@id\":\"https:\/\/chemitool.com\/#organization\",\"name\":\"Chemitool\",\"url\":\"https:\/\/chemitool.com\/\",\"sameAs\":[\"https:\/\/www.facebook.com\/chemitool\",\"https:\/\/www.instagram.com\/chemitool\/\"],\"logo\":{\"@type\":\"ImageObject\",\"@id\":\"https:\/\/chemitool.com\/#logo\",\"inLanguage\":\"pt-PT\",\"url\":\"https:\/\/chemitool.com\/wp-content\/uploads\/2020\/10\/logo_chemitool.png\",\"contentUrl\":\"https:\/\/chemitool.com\/wp-content\/uploads\/2020\/10\/logo_chemitool.png\",\"width\":400,\"height\":400,\"caption\":\"Chemitool\"},\"image\":{\"@id\":\"https:\/\/chemitool.com\/#logo\"}},{\"@type\":\"WebSite\",\"@id\":\"https:\/\/chemitool.com\/#website\",\"url\":\"https:\/\/chemitool.com\/\",\"name\":\"Chemitool\",\"description\":\"Chemitool - hardware and tools\",\"publisher\":{\"@id\":\"https:\/\/chemitool.com\/#organization\"},\"potentialAction\":[{\"@type\":\"SearchAction\",\"target\":{\"@type\":\"EntryPoint\",\"urlTemplate\":\"https:\/\/chemitool.com\/?s={search_term_string}\"},\"query-input\":\"required name=search_term_string\"}],\"inLanguage\":\"pt-PT\"},{\"@type\":\"ImageObject\",\"@id\":\"https:\/\/chemitool.com\/pt-pt\/products\/safety\/calcado-de-seguranca\/sapatilhas\/sapatilha-de-seguranca-get-texforce-low-s1p-src-esd-azul\/#primaryimage\",\"inLanguage\":\"pt-PT\",\"url\":\"https:\/\/chemitool.com\/wp-content\/uploads\/2022\/07\/P014810464S0300_perfil_inverted.png\",\"contentUrl\":\"https:\/\/chemitool.com\/wp-content\/uploads\/2022\/07\/P014810464S0300_perfil_inverted.png\",\"width\":800,\"height\":800},{\"@type\":\"WebPage\",\"@id\":\"https:\/\/chemitool.com\/pt-pt\/products\/safety\/calcado-de-seguranca\/sapatilhas\/sapatilha-de-seguranca-get-texforce-low-s1p-src-esd-azul\/#webpage\",\"url\":\"https:\/\/chemitool.com\/pt-pt\/products\/safety\/calcado-de-seguranca\/sapatilhas\/sapatilha-de-seguranca-get-texforce-low-s1p-src-esd-azul\/\",\"name\":\"SAPATILHA DE SEGURAN\\u00c7A GET TEXFORCE LOW S1P SRC ESD - AZUL &ndash; Chemitool\",\"isPartOf\":{\"@id\":\"https:\/\/chemitool.com\/#website\"},\"primaryImageOfPage\":{\"@id\":\"https:\/\/chemitool.com\/pt-pt\/products\/safety\/calcado-de-seguranca\/sapatilhas\/sapatilha-de-seguranca-get-texforce-low-s1p-src-esd-azul\/#primaryimage\"},\"datePublished\":\"2022-07-08T14:12:27+00:00\",\"dateModified\":\"2022-07-26T10:19:43+00:00\",\"description\":\"GET TEXFORCE LOW S1P SRC ESD \\u00e9 uma sapatilha de seguran\\u00e7a antiest\\u00e1tica cano baixo, com g\\u00e1spea em croute repelente \\u00e0 agua com aplica\\u00e7\\u00f5es de tecido t\\u00e9cnico respir\\u00e1vel, forro interno (para toda a superf\\u00edcie interna) respir\\u00e1vel e resistente \\u00e0 abras\\u00e3o, 6+6 ilhoses metal-free, aplica\\u00e7\\u00e3o refletora na prote\\u00e7\\u00e3o do calcanhar, biqueira alum\\u00ednio fundido sob press\\u00e3o, palmilha remov\\u00edvel Ortholite X40 016, palmilha remov\\u00edvel, alma anti-entorse, refor\\u00e7o biqueira interna em policarbonato em forma de ferradura, sola interm\\u00e9dia em poliuretano ultraleve, amortecimento MASTER BALANCE poli\\u00e9ster PU de alta tenacidade e densidade equilibrada, sola XTRAIL GRIP em TPU com protetor de calcanhar e protetor de ponta.\",\"breadcrumb\":{\"@id\":\"https:\/\/chemitool.com\/pt-pt\/products\/safety\/calcado-de-seguranca\/sapatilhas\/sapatilha-de-seguranca-get-texforce-low-s1p-src-esd-azul\/#breadcrumb\"},\"inLanguage\":\"pt-PT\",\"potentialAction\":[{\"@type\":\"ReadAction\",\"target\":[\"https:\/\/chemitool.com\/pt-pt\/products\/safety\/calcado-de-seguranca\/sapatilhas\/sapatilha-de-seguranca-get-texforce-low-s1p-src-esd-azul\/\"]}]},{\"@type\":\"BreadcrumbList\",\"@id\":\"https:\/\/chemitool.com\/pt-pt\/products\/safety\/calcado-de-seguranca\/sapatilhas\/sapatilha-de-seguranca-get-texforce-low-s1p-src-esd-azul\/#breadcrumb\",\"itemListElement\":[{\"@type\":\"ListItem\",\"position\":1,\"name\":\"Home\",\"item\":\"https:\/\/chemitool.com\/pt-pt\/\"},{\"@type\":\"ListItem\",\"position\":2,\"name\":\"Produtos\",\"item\":\"https:\/\/chemitool.com\/pt-pt\/produtos\/\"},{\"@type\":\"ListItem\",\"position\":3,\"name\":\"Safety\",\"item\":\"https:\/\/chemitool.com\/pt-pt\/categoria-produto\/safety\/\"},{\"@type\":\"ListItem\",\"position\":4,\"name\":\"Cal\\u00e7ado de Seguran\\u00e7a\",\"item\":\"https:\/\/chemitool.com\/pt-pt\/categoria-produto\/safety\/calcado-de-seguranca\/\"},{\"@type\":\"ListItem\",\"position\":5,\"name\":\"Sapatilhas\",\"item\":\"https:\/\/chemitool.com\/pt-pt\/categoria-produto\/safety\/calcado-de-seguranca\/sapatilhas\/\"},{\"@type\":\"ListItem\",\"position\":6,\"name\":\"SAPATILHA DE SEGURAN\\u00c7A GET TEXFORCE LOW S1P SRC ESD &#8211; AZUL\"}]}]}<\/script>\n<!-- \/ Yoast SEO plugin. -->","yoast_head_json":{"title":"SAPATILHA DE SEGURAN\u00c7A GET TEXFORCE LOW S1P SRC ESD - AZUL &ndash; Chemitool","description":"GET TEXFORCE LOW S1P SRC ESD \u00e9 uma sapatilha de seguran\u00e7a antiest\u00e1tica cano baixo, com g\u00e1spea em croute repelente \u00e0 agua com aplica\u00e7\u00f5es de tecido t\u00e9cnico respir\u00e1vel, forro interno (para toda a superf\u00edcie interna) respir\u00e1vel e resistente \u00e0 abras\u00e3o, 6+6 ilhoses metal-free, aplica\u00e7\u00e3o refletora na prote\u00e7\u00e3o do calcanhar, biqueira alum\u00ednio fundido sob press\u00e3o, palmilha remov\u00edvel Ortholite X40 016, palmilha remov\u00edvel, alma anti-entorse, refor\u00e7o biqueira interna em policarbonato em forma de ferradura, sola interm\u00e9dia em poliuretano ultraleve, amortecimento MASTER BALANCE poli\u00e9ster PU de alta tenacidade e densidade equilibrada, sola XTRAIL GRIP em TPU com protetor de calcanhar e protetor de ponta.","robots":{"index":"index","follow":"follow","max-snippet":"max-snippet:-1","max-image-preview":"max-image-preview:large","max-video-preview":"max-video-preview:-1"},"canonical":"https:\/\/chemitool.com\/pt-pt\/products\/safety\/calcado-de-seguranca\/sapatilhas\/sapatilha-de-seguranca-get-texforce-low-s1p-src-esd-azul\/","og_locale":"pt_PT","og_type":"article","og_title":"SAPATILHA DE SEGURAN\u00c7A GET TEXFORCE LOW S1P SRC ESD - AZUL &ndash; Chemitool","og_description":"GET TEXFORCE LOW S1P SRC ESD \u00e9 uma sapatilha de seguran\u00e7a antiest\u00e1tica cano baixo, com g\u00e1spea em croute repelente \u00e0 agua com aplica\u00e7\u00f5es de tecido t\u00e9cnico respir\u00e1vel, forro interno (para toda a superf\u00edcie interna) respir\u00e1vel e resistente \u00e0 abras\u00e3o, 6+6 ilhoses metal-free, aplica\u00e7\u00e3o refletora na prote\u00e7\u00e3o do calcanhar, biqueira alum\u00ednio fundido sob press\u00e3o, palmilha remov\u00edvel Ortholite X40 016, palmilha remov\u00edvel, alma anti-entorse, refor\u00e7o biqueira interna em policarbonato em forma de ferradura, sola interm\u00e9dia em poliuretano ultraleve, amortecimento MASTER BALANCE poli\u00e9ster PU de alta tenacidade e densidade equilibrada, sola XTRAIL GRIP em TPU com protetor de calcanhar e protetor de ponta.","og_url":"https:\/\/chemitool.com\/pt-pt\/products\/safety\/calcado-de-seguranca\/sapatilhas\/sapatilha-de-seguranca-get-texforce-low-s1p-src-esd-azul\/","og_site_name":"Chemitool","article_publisher":"https:\/\/www.facebook.com\/chemitool","article_modified_time":"2022-07-26T10:19:43+00:00","og_image":[{"width":800,"height":800,"url":"https:\/\/chemitool.com\/wp-content\/uploads\/2022\/07\/P014810464S0300_perfil_inverted.png","type":"image\/png"}],"twitter_card":"summary_large_image","schema":{"@context":"https:\/\/schema.org","@graph":[{"@type":"Organization","@id":"https:\/\/chemitool.com\/#organization","name":"Chemitool","url":"https:\/\/chemitool.com\/","sameAs":["https:\/\/www.facebook.com\/chemitool","https:\/\/www.instagram.com\/chemitool\/"],"logo":{"@type":"ImageObject","@id":"https:\/\/chemitool.com\/#logo","inLanguage":"pt-PT","url":"https:\/\/chemitool.com\/wp-content\/uploads\/2020\/10\/logo_chemitool.png","contentUrl":"https:\/\/chemitool.com\/wp-content\/uploads\/2020\/10\/logo_chemitool.png","width":400,"height":400,"caption":"Chemitool"},"image":{"@id":"https:\/\/chemitool.com\/#logo"}},{"@type":"WebSite","@id":"https:\/\/chemitool.com\/#website","url":"https:\/\/chemitool.com\/","name":"Chemitool","description":"Chemitool - hardware and tools","publisher":{"@id":"https:\/\/chemitool.com\/#organization"},"potentialAction":[{"@type":"SearchAction","target":{"@type":"EntryPoint","urlTemplate":"https:\/\/chemitool.com\/?s={search_term_string}"},"query-input":"required name=search_term_string"}],"inLanguage":"pt-PT"},{"@type":"ImageObject","@id":"https:\/\/chemitool.com\/pt-pt\/products\/safety\/calcado-de-seguranca\/sapatilhas\/sapatilha-de-seguranca-get-texforce-low-s1p-src-esd-azul\/#primaryimage","inLanguage":"pt-PT","url":"https:\/\/chemitool.com\/wp-content\/uploads\/2022\/07\/P014810464S0300_perfil_inverted.png","contentUrl":"https:\/\/chemitool.com\/wp-content\/uploads\/2022\/07\/P014810464S0300_perfil_inverted.png","width":800,"height":800},{"@type":"WebPage","@id":"https:\/\/chemitool.com\/pt-pt\/products\/safety\/calcado-de-seguranca\/sapatilhas\/sapatilha-de-seguranca-get-texforce-low-s1p-src-esd-azul\/#webpage","url":"https:\/\/chemitool.com\/pt-pt\/products\/safety\/calcado-de-seguranca\/sapatilhas\/sapatilha-de-seguranca-get-texforce-low-s1p-src-esd-azul\/","name":"SAPATILHA DE SEGURAN\u00c7A GET TEXFORCE LOW S1P SRC ESD - AZUL &ndash; Chemitool","isPartOf":{"@id":"https:\/\/chemitool.com\/#website"},"primaryImageOfPage":{"@id":"https:\/\/chemitool.com\/pt-pt\/products\/safety\/calcado-de-seguranca\/sapatilhas\/sapatilha-de-seguranca-get-texforce-low-s1p-src-esd-azul\/#primaryimage"},"datePublished":"2022-07-08T14:12:27+00:00","dateModified":"2022-07-26T10:19:43+00:00","description":"GET TEXFORCE LOW S1P SRC ESD \u00e9 uma sapatilha de seguran\u00e7a antiest\u00e1tica cano baixo, com g\u00e1spea em croute repelente \u00e0 agua com aplica\u00e7\u00f5es de tecido t\u00e9cnico respir\u00e1vel, forro interno (para toda a superf\u00edcie interna) respir\u00e1vel e resistente \u00e0 abras\u00e3o, 6+6 ilhoses metal-free, aplica\u00e7\u00e3o refletora na prote\u00e7\u00e3o do calcanhar, biqueira alum\u00ednio fundido sob press\u00e3o, palmilha remov\u00edvel Ortholite X40 016, palmilha remov\u00edvel, alma anti-entorse, refor\u00e7o biqueira interna em policarbonato em forma de ferradura, sola interm\u00e9dia em poliuretano ultraleve, amortecimento MASTER BALANCE poli\u00e9ster PU de alta tenacidade e densidade equilibrada, sola XTRAIL GRIP em TPU com protetor de calcanhar e protetor de ponta.","breadcrumb":{"@id":"https:\/\/chemitool.com\/pt-pt\/products\/safety\/calcado-de-seguranca\/sapatilhas\/sapatilha-de-seguranca-get-texforce-low-s1p-src-esd-azul\/#breadcrumb"},"inLanguage":"pt-PT","potentialAction":[{"@type":"ReadAction","target":["https:\/\/chemitool.com\/pt-pt\/products\/safety\/calcado-de-seguranca\/sapatilhas\/sapatilha-de-seguranca-get-texforce-low-s1p-src-esd-azul\/"]}]},{"@type":"BreadcrumbList","@id":"https:\/\/chemitool.com\/pt-pt\/products\/safety\/calcado-de-seguranca\/sapatilhas\/sapatilha-de-seguranca-get-texforce-low-s1p-src-esd-azul\/#breadcrumb","itemListElement":[{"@type":"ListItem","position":1,"name":"Home","item":"https:\/\/chemitool.com\/pt-pt\/"},{"@type":"ListItem","position":2,"name":"Produtos","item":"https:\/\/chemitool.com\/pt-pt\/produtos\/"},{"@type":"ListItem","position":3,"name":"Safety","item":"https:\/\/chemitool.com\/pt-pt\/categoria-produto\/safety\/"},{"@type":"ListItem","position":4,"name":"Cal\u00e7ado de Seguran\u00e7a","item":"https:\/\/chemitool.com\/pt-pt\/categoria-produto\/safety\/calcado-de-seguranca\/"},{"@type":"ListItem","position":5,"name":"Sapatilhas","item":"https:\/\/chemitool.com\/pt-pt\/categoria-produto\/safety\/calcado-de-seguranca\/sapatilhas\/"},{"@type":"ListItem","position":6,"name":"SAPATILHA DE SEGURAN\u00c7A GET TEXFORCE LOW S1P SRC ESD &#8211; AZUL"}]}]}},"_links":{"self":[{"href":"https:\/\/chemitool.com\/pt-pt\/wp-json\/wp\/v2\/product\/24663"}],"collection":[{"href":"https:\/\/chemitool.com\/pt-pt\/wp-json\/wp\/v2\/product"}],"about":[{"href":"https:\/\/chemitool.com\/pt-pt\/wp-json\/wp\/v2\/types\/product"}],"wp:featuredmedia":[{"embeddable":true,"href":"https:\/\/chemitool.com\/pt-pt\/wp-json\/wp\/v2\/media\/24677"}],"wp:attachment":[{"href":"https:\/\/chemitool.com\/pt-pt\/wp-json\/wp\/v2\/media?parent=24663"}],"wp:term":[{"taxonomy":"product_cat","embeddable":true,"href":"https:\/\/chemitool.com\/pt-pt\/wp-json\/wp\/v2\/product_cat?post=24663"},{"taxonomy":"product_tag","embeddable":true,"href":"https:\/\/chemitool.com\/pt-pt\/wp-json\/wp\/v2\/product_tag?post=24663"}],"curies":[{"name":"wp","href":"https:\/\/api.w.org\/{rel}","templated":true}]}}