{"id":24557,"date":"2022-07-08T09:50:15","date_gmt":"2022-07-08T09:50:19","guid":{"rendered":"https:\/\/chemitool.com\/?post_type=product&#038;p=24557"},"modified":"2023-01-26T17:33:47","modified_gmt":"2023-01-26T17:33:47","slug":"casaco-pacific-2-0","status":"publish","type":"product","link":"https:\/\/chemitool.com\/pt-pt\/products\/safety\/vestuario-de-trabalho\/casaco-pacific-2-0\/","title":{"rendered":"Casaco Pacific 2.0"},"content":{"rendered":"<ul>\n<li>100% nylon<\/li>\n<li>Repelente de \u00e1gua<\/li>\n<li>Respir\u00e1vel<\/li>\n<li>Dois bolsos laterais com fecho de correr<\/li>\n<li>Bolso para smartphone no interior<\/li>\n<\/ul>\n<p><img class=\"alignnone size-full wp-image-24588\" src=\"https:\/\/chemitool.com\/wp-content\/uploads\/2022\/07\/MATCH-MAN-LADY.png\" alt=\"\" width=\"85\" height=\"97\" \/>\u00a0<img class=\"alignnone size-medium wp-image-24591\" src=\"https:\/\/chemitool.com\/wp-content\/uploads\/2022\/07\/REGULAR-FIT.png\" alt=\"\" width=\"85\" height=\"97\" \/>\u00a0<img class=\"alignnone size-medium wp-image-24594\" src=\"https:\/\/chemitool.com\/wp-content\/uploads\/2022\/07\/WATER-REPELLENT.png\" alt=\"\" width=\"85\" height=\"97\" \/>\u00a0<img class=\"alignnone size-medium wp-image-24597\" src=\"https:\/\/chemitool.com\/wp-content\/uploads\/2022\/07\/BREATHABLE.png\" alt=\"\" width=\"85\" height=\"97\" \/>\u00a0<img class=\"alignnone size-medium wp-image-24600\" src=\"https:\/\/chemitool.com\/wp-content\/uploads\/2022\/07\/WINDPROOF.png\" alt=\"\" width=\"85\" height=\"97\" \/><\/p>\n","protected":false},"excerpt":{"rendered":"<p><em>Casaco Pacific 2.0 CHEMITOOL<\/em> \u00e9 um blus\u00e3o corta-vento com fecho de correr de 8 mm em pl\u00e1stico e cursor de metal. Tem colarinho, canelado (rib) el\u00e1stico no c\u00f3s e nos punhos com riscas, e ainda dois bolsos exteriores com fecho de correr de pl\u00e1stico. O interior do casaco n\u00e3o \u00e9 acolchoado, e o seu material \u00e9 em malha de rede. Cont\u00e9m um bolso para smartphone com fecho de correr e abertura para passagem de cabo, fecho de correr no peito e nas costas para facilitar a estampagem ou a aplica\u00e7\u00e3o de bordados.<\/p>\n","protected":false},"featured_media":24559,"template":"","meta":[],"product_cat":[1453,3463],"product_tag":[],"yoast_head":"<!-- This site is optimized with the Yoast SEO plugin v17.4 - https:\/\/yoast.com\/wordpress\/plugins\/seo\/ -->\n<title>Casaco Pacific 2.0 &ndash; Chemitool<\/title>\n<meta name=\"description\" content=\"Casaco Pacific 2.0 CHEMITOOL \u00e9 um blus\u00e3o corta-vento com fecho de correr de 8 mm em pl\u00e1stico e cursor de metal. Tem colarinho, canelado (rib) el\u00e1stico no c\u00f3s e nos punhos com riscas, e ainda dois bolsos exteriores com fecho de correr de pl\u00e1stico. O interior do casaco n\u00e3o \u00e9 acolchoado, e o seu material \u00e9 em malha de rede. Cont\u00e9m um bolso para smartphone com fecho de correr e abertura para passagem de cabo, fecho de correr no peito e nas costas para facilitar a estampagem ou a aplica\u00e7\u00e3o de bordados.\" \/>\n<meta name=\"robots\" content=\"index, follow, max-snippet:-1, max-image-preview:large, max-video-preview:-1\" \/>\n<link rel=\"canonical\" href=\"https:\/\/chemitool.com\/pt-pt\/products\/safety\/vestuario-de-trabalho\/casaco-pacific-2-0\/\" \/>\n<meta property=\"og:locale\" content=\"pt_PT\" \/>\n<meta property=\"og:type\" content=\"article\" \/>\n<meta property=\"og:title\" content=\"Casaco Pacific 2.0 &ndash; Chemitool\" \/>\n<meta property=\"og:description\" content=\"Casaco Pacific 2.0 CHEMITOOL \u00e9 um blus\u00e3o corta-vento com fecho de correr de 8 mm em pl\u00e1stico e cursor de metal. Tem colarinho, canelado (rib) el\u00e1stico no c\u00f3s e nos punhos com riscas, e ainda dois bolsos exteriores com fecho de correr de pl\u00e1stico. O interior do casaco n\u00e3o \u00e9 acolchoado, e o seu material \u00e9 em malha de rede. Cont\u00e9m um bolso para smartphone com fecho de correr e abertura para passagem de cabo, fecho de correr no peito e nas costas para facilitar a estampagem ou a aplica\u00e7\u00e3o de bordados.\" \/>\n<meta property=\"og:url\" content=\"https:\/\/chemitool.com\/pt-pt\/products\/safety\/vestuario-de-trabalho\/casaco-pacific-2-0\/\" \/>\n<meta property=\"og:site_name\" content=\"Chemitool\" \/>\n<meta property=\"article:publisher\" content=\"https:\/\/www.facebook.com\/chemitool\" \/>\n<meta property=\"article:modified_time\" content=\"2023-01-26T17:33:47+00:00\" \/>\n<meta property=\"og:image\" content=\"https:\/\/chemitool.com\/wp-content\/uploads\/2022\/07\/P1148034303000_site.png\" \/>\n\t<meta property=\"og:image:width\" content=\"800\" \/>\n\t<meta property=\"og:image:height\" content=\"800\" \/>\n<meta name=\"twitter:card\" content=\"summary_large_image\" \/>\n<script type=\"application\/ld+json\" class=\"yoast-schema-graph\">{\"@context\":\"https:\/\/schema.org\",\"@graph\":[{\"@type\":\"Organization\",\"@id\":\"https:\/\/chemitool.com\/#organization\",\"name\":\"Chemitool\",\"url\":\"https:\/\/chemitool.com\/\",\"sameAs\":[\"https:\/\/www.facebook.com\/chemitool\",\"https:\/\/www.instagram.com\/chemitool\/\"],\"logo\":{\"@type\":\"ImageObject\",\"@id\":\"https:\/\/chemitool.com\/#logo\",\"inLanguage\":\"pt-PT\",\"url\":\"https:\/\/chemitool.com\/wp-content\/uploads\/2020\/10\/logo_chemitool.png\",\"contentUrl\":\"https:\/\/chemitool.com\/wp-content\/uploads\/2020\/10\/logo_chemitool.png\",\"width\":400,\"height\":400,\"caption\":\"Chemitool\"},\"image\":{\"@id\":\"https:\/\/chemitool.com\/#logo\"}},{\"@type\":\"WebSite\",\"@id\":\"https:\/\/chemitool.com\/#website\",\"url\":\"https:\/\/chemitool.com\/\",\"name\":\"Chemitool\",\"description\":\"Chemitool - hardware and tools\",\"publisher\":{\"@id\":\"https:\/\/chemitool.com\/#organization\"},\"potentialAction\":[{\"@type\":\"SearchAction\",\"target\":{\"@type\":\"EntryPoint\",\"urlTemplate\":\"https:\/\/chemitool.com\/?s={search_term_string}\"},\"query-input\":\"required name=search_term_string\"}],\"inLanguage\":\"pt-PT\"},{\"@type\":\"ImageObject\",\"@id\":\"https:\/\/chemitool.com\/pt-pt\/products\/safety\/vestuario-de-trabalho\/casaco-pacific-2-0\/#primaryimage\",\"inLanguage\":\"pt-PT\",\"url\":\"https:\/\/chemitool.com\/wp-content\/uploads\/2022\/07\/P1148034303000_site.png\",\"contentUrl\":\"https:\/\/chemitool.com\/wp-content\/uploads\/2022\/07\/P1148034303000_site.png\",\"width\":800,\"height\":800},{\"@type\":\"WebPage\",\"@id\":\"https:\/\/chemitool.com\/pt-pt\/products\/safety\/vestuario-de-trabalho\/casaco-pacific-2-0\/#webpage\",\"url\":\"https:\/\/chemitool.com\/pt-pt\/products\/safety\/vestuario-de-trabalho\/casaco-pacific-2-0\/\",\"name\":\"Casaco Pacific 2.0 &ndash; Chemitool\",\"isPartOf\":{\"@id\":\"https:\/\/chemitool.com\/#website\"},\"primaryImageOfPage\":{\"@id\":\"https:\/\/chemitool.com\/pt-pt\/products\/safety\/vestuario-de-trabalho\/casaco-pacific-2-0\/#primaryimage\"},\"datePublished\":\"2022-07-08T09:50:19+00:00\",\"dateModified\":\"2023-01-26T17:33:47+00:00\",\"description\":\"Casaco Pacific 2.0 CHEMITOOL \\u00e9 um blus\\u00e3o corta-vento com fecho de correr de 8 mm em pl\\u00e1stico e cursor de metal. Tem colarinho, canelado (rib) el\\u00e1stico no c\\u00f3s e nos punhos com riscas, e ainda dois bolsos exteriores com fecho de correr de pl\\u00e1stico. O interior do casaco n\\u00e3o \\u00e9 acolchoado, e o seu material \\u00e9 em malha de rede. Cont\\u00e9m um bolso para smartphone com fecho de correr e abertura para passagem de cabo, fecho de correr no peito e nas costas para facilitar a estampagem ou a aplica\\u00e7\\u00e3o de bordados.\",\"breadcrumb\":{\"@id\":\"https:\/\/chemitool.com\/pt-pt\/products\/safety\/vestuario-de-trabalho\/casaco-pacific-2-0\/#breadcrumb\"},\"inLanguage\":\"pt-PT\",\"potentialAction\":[{\"@type\":\"ReadAction\",\"target\":[\"https:\/\/chemitool.com\/pt-pt\/products\/safety\/vestuario-de-trabalho\/casaco-pacific-2-0\/\"]}]},{\"@type\":\"BreadcrumbList\",\"@id\":\"https:\/\/chemitool.com\/pt-pt\/products\/safety\/vestuario-de-trabalho\/casaco-pacific-2-0\/#breadcrumb\",\"itemListElement\":[{\"@type\":\"ListItem\",\"position\":1,\"name\":\"Home\",\"item\":\"https:\/\/chemitool.com\/pt-pt\/\"},{\"@type\":\"ListItem\",\"position\":2,\"name\":\"Produtos\",\"item\":\"https:\/\/chemitool.com\/pt-pt\/produtos\/\"},{\"@type\":\"ListItem\",\"position\":3,\"name\":\"Safety\",\"item\":\"https:\/\/chemitool.com\/pt-pt\/categoria-produto\/safety\/\"},{\"@type\":\"ListItem\",\"position\":4,\"name\":\"Vestu\\u00e1rio de Trabalho\",\"item\":\"https:\/\/chemitool.com\/pt-pt\/categoria-produto\/safety\/vestuario-de-trabalho\/\"},{\"@type\":\"ListItem\",\"position\":5,\"name\":\"Casaco Pacific 2.0\"}]}]}<\/script>\n<!-- \/ Yoast SEO plugin. -->","yoast_head_json":{"title":"Casaco Pacific 2.0 &ndash; Chemitool","description":"Casaco Pacific 2.0 CHEMITOOL \u00e9 um blus\u00e3o corta-vento com fecho de correr de 8 mm em pl\u00e1stico e cursor de metal. Tem colarinho, canelado (rib) el\u00e1stico no c\u00f3s e nos punhos com riscas, e ainda dois bolsos exteriores com fecho de correr de pl\u00e1stico. O interior do casaco n\u00e3o \u00e9 acolchoado, e o seu material \u00e9 em malha de rede. Cont\u00e9m um bolso para smartphone com fecho de correr e abertura para passagem de cabo, fecho de correr no peito e nas costas para facilitar a estampagem ou a aplica\u00e7\u00e3o de bordados.","robots":{"index":"index","follow":"follow","max-snippet":"max-snippet:-1","max-image-preview":"max-image-preview:large","max-video-preview":"max-video-preview:-1"},"canonical":"https:\/\/chemitool.com\/pt-pt\/products\/safety\/vestuario-de-trabalho\/casaco-pacific-2-0\/","og_locale":"pt_PT","og_type":"article","og_title":"Casaco Pacific 2.0 &ndash; Chemitool","og_description":"Casaco Pacific 2.0 CHEMITOOL \u00e9 um blus\u00e3o corta-vento com fecho de correr de 8 mm em pl\u00e1stico e cursor de metal. Tem colarinho, canelado (rib) el\u00e1stico no c\u00f3s e nos punhos com riscas, e ainda dois bolsos exteriores com fecho de correr de pl\u00e1stico. O interior do casaco n\u00e3o \u00e9 acolchoado, e o seu material \u00e9 em malha de rede. Cont\u00e9m um bolso para smartphone com fecho de correr e abertura para passagem de cabo, fecho de correr no peito e nas costas para facilitar a estampagem ou a aplica\u00e7\u00e3o de bordados.","og_url":"https:\/\/chemitool.com\/pt-pt\/products\/safety\/vestuario-de-trabalho\/casaco-pacific-2-0\/","og_site_name":"Chemitool","article_publisher":"https:\/\/www.facebook.com\/chemitool","article_modified_time":"2023-01-26T17:33:47+00:00","og_image":[{"width":800,"height":800,"url":"https:\/\/chemitool.com\/wp-content\/uploads\/2022\/07\/P1148034303000_site.png","type":"image\/png"}],"twitter_card":"summary_large_image","schema":{"@context":"https:\/\/schema.org","@graph":[{"@type":"Organization","@id":"https:\/\/chemitool.com\/#organization","name":"Chemitool","url":"https:\/\/chemitool.com\/","sameAs":["https:\/\/www.facebook.com\/chemitool","https:\/\/www.instagram.com\/chemitool\/"],"logo":{"@type":"ImageObject","@id":"https:\/\/chemitool.com\/#logo","inLanguage":"pt-PT","url":"https:\/\/chemitool.com\/wp-content\/uploads\/2020\/10\/logo_chemitool.png","contentUrl":"https:\/\/chemitool.com\/wp-content\/uploads\/2020\/10\/logo_chemitool.png","width":400,"height":400,"caption":"Chemitool"},"image":{"@id":"https:\/\/chemitool.com\/#logo"}},{"@type":"WebSite","@id":"https:\/\/chemitool.com\/#website","url":"https:\/\/chemitool.com\/","name":"Chemitool","description":"Chemitool - hardware and tools","publisher":{"@id":"https:\/\/chemitool.com\/#organization"},"potentialAction":[{"@type":"SearchAction","target":{"@type":"EntryPoint","urlTemplate":"https:\/\/chemitool.com\/?s={search_term_string}"},"query-input":"required name=search_term_string"}],"inLanguage":"pt-PT"},{"@type":"ImageObject","@id":"https:\/\/chemitool.com\/pt-pt\/products\/safety\/vestuario-de-trabalho\/casaco-pacific-2-0\/#primaryimage","inLanguage":"pt-PT","url":"https:\/\/chemitool.com\/wp-content\/uploads\/2022\/07\/P1148034303000_site.png","contentUrl":"https:\/\/chemitool.com\/wp-content\/uploads\/2022\/07\/P1148034303000_site.png","width":800,"height":800},{"@type":"WebPage","@id":"https:\/\/chemitool.com\/pt-pt\/products\/safety\/vestuario-de-trabalho\/casaco-pacific-2-0\/#webpage","url":"https:\/\/chemitool.com\/pt-pt\/products\/safety\/vestuario-de-trabalho\/casaco-pacific-2-0\/","name":"Casaco Pacific 2.0 &ndash; Chemitool","isPartOf":{"@id":"https:\/\/chemitool.com\/#website"},"primaryImageOfPage":{"@id":"https:\/\/chemitool.com\/pt-pt\/products\/safety\/vestuario-de-trabalho\/casaco-pacific-2-0\/#primaryimage"},"datePublished":"2022-07-08T09:50:19+00:00","dateModified":"2023-01-26T17:33:47+00:00","description":"Casaco Pacific 2.0 CHEMITOOL \u00e9 um blus\u00e3o corta-vento com fecho de correr de 8 mm em pl\u00e1stico e cursor de metal. Tem colarinho, canelado (rib) el\u00e1stico no c\u00f3s e nos punhos com riscas, e ainda dois bolsos exteriores com fecho de correr de pl\u00e1stico. O interior do casaco n\u00e3o \u00e9 acolchoado, e o seu material \u00e9 em malha de rede. Cont\u00e9m um bolso para smartphone com fecho de correr e abertura para passagem de cabo, fecho de correr no peito e nas costas para facilitar a estampagem ou a aplica\u00e7\u00e3o de bordados.","breadcrumb":{"@id":"https:\/\/chemitool.com\/pt-pt\/products\/safety\/vestuario-de-trabalho\/casaco-pacific-2-0\/#breadcrumb"},"inLanguage":"pt-PT","potentialAction":[{"@type":"ReadAction","target":["https:\/\/chemitool.com\/pt-pt\/products\/safety\/vestuario-de-trabalho\/casaco-pacific-2-0\/"]}]},{"@type":"BreadcrumbList","@id":"https:\/\/chemitool.com\/pt-pt\/products\/safety\/vestuario-de-trabalho\/casaco-pacific-2-0\/#breadcrumb","itemListElement":[{"@type":"ListItem","position":1,"name":"Home","item":"https:\/\/chemitool.com\/pt-pt\/"},{"@type":"ListItem","position":2,"name":"Produtos","item":"https:\/\/chemitool.com\/pt-pt\/produtos\/"},{"@type":"ListItem","position":3,"name":"Safety","item":"https:\/\/chemitool.com\/pt-pt\/categoria-produto\/safety\/"},{"@type":"ListItem","position":4,"name":"Vestu\u00e1rio de Trabalho","item":"https:\/\/chemitool.com\/pt-pt\/categoria-produto\/safety\/vestuario-de-trabalho\/"},{"@type":"ListItem","position":5,"name":"Casaco Pacific 2.0"}]}]}},"_links":{"self":[{"href":"https:\/\/chemitool.com\/pt-pt\/wp-json\/wp\/v2\/product\/24557"}],"collection":[{"href":"https:\/\/chemitool.com\/pt-pt\/wp-json\/wp\/v2\/product"}],"about":[{"href":"https:\/\/chemitool.com\/pt-pt\/wp-json\/wp\/v2\/types\/product"}],"wp:featuredmedia":[{"embeddable":true,"href":"https:\/\/chemitool.com\/pt-pt\/wp-json\/wp\/v2\/media\/24559"}],"wp:attachment":[{"href":"https:\/\/chemitool.com\/pt-pt\/wp-json\/wp\/v2\/media?parent=24557"}],"wp:term":[{"taxonomy":"product_cat","embeddable":true,"href":"https:\/\/chemitool.com\/pt-pt\/wp-json\/wp\/v2\/product_cat?post=24557"},{"taxonomy":"product_tag","embeddable":true,"href":"https:\/\/chemitool.com\/pt-pt\/wp-json\/wp\/v2\/product_tag?post=24557"}],"curies":[{"name":"wp","href":"https:\/\/api.w.org\/{rel}","templated":true}]}}