{"id":24477,"date":"2022-07-07T09:29:42","date_gmt":"2022-07-07T09:29:46","guid":{"rendered":"https:\/\/chemitool.com\/?post_type=product&#038;p=24477"},"modified":"2022-07-26T09:37:37","modified_gmt":"2022-07-26T09:37:37","slug":"sapatilha-de-seguranca-get-force-low-s3-src-esd-preto","status":"publish","type":"product","link":"https:\/\/chemitool.com\/pt-pt\/products\/safety\/calcado-de-seguranca\/sapatilhas\/sapatilha-de-seguranca-get-force-low-s3-src-esd-preto\/","title":{"rendered":"SAPATILHA DE SEGURAN\u00c7A GET FORCE LOW S3 SRC ESD &#8211; Preto"},"content":{"rendered":"<ul>\n<li>Pele Nubuk premium hydro-pro repelente \u00e0 agua<\/li>\n<li>Biqueira de alum\u00ednio com refor\u00e7o interno em policarbonato para melhor regula\u00e7\u00e3o t\u00e9rmica do sapato<\/li>\n<li>Palmilha de conforto ORTHOLITE\u00ae anti fadiga e lav\u00e1vel<\/li>\n<li>Sola interm\u00e9dia com com Master Balance SYSTEM reduz a fadiga e o cansa\u00e7o<\/li>\n<li>Alma anti-entorse<\/li>\n<li>Sola XTRAIL GRIP em TPU com refor\u00e7o no calcanhar<\/li>\n<li>Sola resistente \u00e0 hidr\u00f3lise<\/li>\n<li>Modelo dispon\u00edvel em duas cores: preto e castanho<\/li>\n<\/ul>\n<p><img class=\"alignnone size-full wp-image-15160\" src=\"https:\/\/chemitool.com\/wp-content\/uploads\/2021\/09\/CE_CAT2-1.png\" alt=\"\" width=\"105\" height=\"119\" \/><\/p>\n<p><img class=\"alignnone size-medium wp-image-25161\" src=\"https:\/\/chemitool.com\/wp-content\/uploads\/2022\/07\/S3.png\" alt=\"\" width=\"85\" height=\"98\" \/><img class=\"alignnone size-medium wp-image-25157\" src=\"https:\/\/chemitool.com\/wp-content\/uploads\/2022\/07\/SRC.png\" alt=\"\" width=\"85\" height=\"98\" \/><img class=\"alignnone size-full wp-image-25153\" src=\"https:\/\/chemitool.com\/wp-content\/uploads\/2022\/07\/ESD.png\" alt=\"\" width=\"85\" height=\"98\" \/><img class=\"alignnone size-medium wp-image-25165\" src=\"https:\/\/chemitool.com\/wp-content\/uploads\/2022\/07\/Sole_Protect.png\" alt=\"\" width=\"85\" height=\"98\" \/><img class=\"alignnone size-medium wp-image-25169\" src=\"https:\/\/chemitool.com\/wp-content\/uploads\/2022\/07\/Italian_leather.png\" alt=\"\" width=\"85\" height=\"98\" \/>\u00a0<img class=\"alignnone size-medium wp-image-25173\" src=\"https:\/\/chemitool.com\/wp-content\/uploads\/2022\/07\/TOP_ALU_CAP.png\" alt=\"\" width=\"85\" height=\"98\" \/><\/p>\n<p><img class=\"alignnone size-medium wp-image-25176\" src=\"https:\/\/chemitool.com\/wp-content\/uploads\/2022\/07\/ORTHOLITE.png\" alt=\"\" width=\"85\" height=\"98\" \/><img class=\"alignnone size-medium wp-image-25182\" src=\"https:\/\/chemitool.com\/wp-content\/uploads\/2022\/07\/Get_Soul.png\" alt=\"\" width=\"85\" height=\"98\" \/><img class=\"alignnone size-medium wp-image-25179\" src=\"https:\/\/chemitool.com\/wp-content\/uploads\/2022\/07\/Master_Balance.png\" alt=\"\" width=\"85\" height=\"98\" \/><img class=\"alignnone size-medium wp-image-25185\" src=\"https:\/\/chemitool.com\/wp-content\/uploads\/2022\/07\/Regular_fit.png\" alt=\"\" width=\"85\" height=\"98\" \/>\u00a0<img class=\"alignnone size-medium wp-image-25188\" src=\"https:\/\/chemitool.com\/wp-content\/uploads\/2022\/07\/WATER-REPELLENT-1.png\" alt=\"\" width=\"85\" height=\"97\" \/>\u00a0<img class=\"alignnone size-medium wp-image-25191\" src=\"https:\/\/chemitool.com\/wp-content\/uploads\/2022\/07\/BREATHABLE-1.png\" alt=\"\" width=\"85\" height=\"97\" \/><\/p>\n","protected":false},"excerpt":{"rendered":"<p><em>GET FORCE LOW S3 SRC ESD\u00a0<\/em>\u00e9 uma sapatilha de seguran\u00e7a antiest\u00e1tica com cano baixo para homem. Tem g\u00e1spea em pele repelente \u00e0 \u00e1gua e respir\u00e1vel, forro interno (para toda a superf\u00edcie interna) que \u00e9 respir\u00e1vel e resistente \u00e0 abras\u00e3o, 6+6 ilhoses metal-free, prote\u00e7\u00e3o do calcanhar em gr\u00e3o pampas com aplica\u00e7\u00e3o refletora, biqueira alum\u00ednio fundido sob press\u00e3o, palmilha remov\u00edvel Ortholite\u00ae X40 016, palmilha remov\u00edvel, alma anti-entorse, refor\u00e7o biqueira interna em policarbonato em forma de ferradura, sola interm\u00e9dia em poliuretano ultraleve, amortecimento MASTER BALANCE poli\u00e9ster PU de alta tenacidade e densidade equilibrada, sola XTRAIL GRIP em TPU com protetor de calcanhar e protetor de ponta .<\/p>\n","protected":false},"featured_media":25084,"template":"","meta":[],"product_cat":[1453,3035,4286],"product_tag":[],"yoast_head":"<!-- This site is optimized with the Yoast SEO plugin v17.4 - https:\/\/yoast.com\/wordpress\/plugins\/seo\/ -->\n<title>SAPATILHA DE SEGURAN\u00c7A GET FORCE LOW S3 SRC ESD - Preto &ndash; Chemitool<\/title>\n<meta name=\"description\" content=\"GET FORCE LOW S3 SRC ESD\u00a0\u00e9 uma sapatilha de seguran\u00e7a antiest\u00e1tica com cano baixo para homem. Tem g\u00e1spea em pele repelente \u00e0 \u00e1gua e respir\u00e1vel, forro interno (para toda a superf\u00edcie interna) que \u00e9 respir\u00e1vel e resistente \u00e0 abras\u00e3o, 6+6 ilhoses metal-free, prote\u00e7\u00e3o do calcanhar em gr\u00e3o pampas com aplica\u00e7\u00e3o refletora, biqueira alum\u00ednio fundido sob press\u00e3o, palmilha remov\u00edvel Ortholite\u00ae X40 016, palmilha remov\u00edvel, alma anti-entorse, refor\u00e7o biqueira interna em policarbonato em forma de ferradura, sola interm\u00e9dia em poliuretano ultraleve, amortecimento MASTER BALANCE poli\u00e9ster PU de alta tenacidade e densidade equilibrada, sola XTRAIL GRIP em TPU com protetor de calcanhar e protetor de ponta .\" \/>\n<meta name=\"robots\" content=\"index, follow, max-snippet:-1, max-image-preview:large, max-video-preview:-1\" \/>\n<link rel=\"canonical\" href=\"https:\/\/chemitool.com\/pt-pt\/products\/safety\/calcado-de-seguranca\/sapatilhas\/sapatilha-de-seguranca-get-force-low-s3-src-esd-preto\/\" \/>\n<meta property=\"og:locale\" content=\"pt_PT\" \/>\n<meta property=\"og:type\" content=\"article\" \/>\n<meta property=\"og:title\" content=\"SAPATILHA DE SEGURAN\u00c7A GET FORCE LOW S3 SRC ESD - Preto &ndash; Chemitool\" \/>\n<meta property=\"og:description\" content=\"GET FORCE LOW S3 SRC ESD\u00a0\u00e9 uma sapatilha de seguran\u00e7a antiest\u00e1tica com cano baixo para homem. Tem g\u00e1spea em pele repelente \u00e0 \u00e1gua e respir\u00e1vel, forro interno (para toda a superf\u00edcie interna) que \u00e9 respir\u00e1vel e resistente \u00e0 abras\u00e3o, 6+6 ilhoses metal-free, prote\u00e7\u00e3o do calcanhar em gr\u00e3o pampas com aplica\u00e7\u00e3o refletora, biqueira alum\u00ednio fundido sob press\u00e3o, palmilha remov\u00edvel Ortholite\u00ae X40 016, palmilha remov\u00edvel, alma anti-entorse, refor\u00e7o biqueira interna em policarbonato em forma de ferradura, sola interm\u00e9dia em poliuretano ultraleve, amortecimento MASTER BALANCE poli\u00e9ster PU de alta tenacidade e densidade equilibrada, sola XTRAIL GRIP em TPU com protetor de calcanhar e protetor de ponta .\" \/>\n<meta property=\"og:url\" content=\"https:\/\/chemitool.com\/pt-pt\/products\/safety\/calcado-de-seguranca\/sapatilhas\/sapatilha-de-seguranca-get-force-low-s3-src-esd-preto\/\" \/>\n<meta property=\"og:site_name\" content=\"Chemitool\" \/>\n<meta property=\"article:publisher\" content=\"https:\/\/www.facebook.com\/chemitool\" \/>\n<meta property=\"article:modified_time\" content=\"2022-07-26T09:37:37+00:00\" \/>\n<meta property=\"og:image\" content=\"https:\/\/chemitool.com\/wp-content\/uploads\/2022\/07\/P014670414S0003_perfil_inverted-2.png\" \/>\n\t<meta property=\"og:image:width\" content=\"800\" \/>\n\t<meta property=\"og:image:height\" content=\"800\" \/>\n<meta name=\"twitter:card\" content=\"summary_large_image\" \/>\n<script type=\"application\/ld+json\" class=\"yoast-schema-graph\">{\"@context\":\"https:\/\/schema.org\",\"@graph\":[{\"@type\":\"Organization\",\"@id\":\"https:\/\/chemitool.com\/#organization\",\"name\":\"Chemitool\",\"url\":\"https:\/\/chemitool.com\/\",\"sameAs\":[\"https:\/\/www.facebook.com\/chemitool\",\"https:\/\/www.instagram.com\/chemitool\/\"],\"logo\":{\"@type\":\"ImageObject\",\"@id\":\"https:\/\/chemitool.com\/#logo\",\"inLanguage\":\"pt-PT\",\"url\":\"https:\/\/chemitool.com\/wp-content\/uploads\/2020\/10\/logo_chemitool.png\",\"contentUrl\":\"https:\/\/chemitool.com\/wp-content\/uploads\/2020\/10\/logo_chemitool.png\",\"width\":400,\"height\":400,\"caption\":\"Chemitool\"},\"image\":{\"@id\":\"https:\/\/chemitool.com\/#logo\"}},{\"@type\":\"WebSite\",\"@id\":\"https:\/\/chemitool.com\/#website\",\"url\":\"https:\/\/chemitool.com\/\",\"name\":\"Chemitool\",\"description\":\"Chemitool - hardware and tools\",\"publisher\":{\"@id\":\"https:\/\/chemitool.com\/#organization\"},\"potentialAction\":[{\"@type\":\"SearchAction\",\"target\":{\"@type\":\"EntryPoint\",\"urlTemplate\":\"https:\/\/chemitool.com\/?s={search_term_string}\"},\"query-input\":\"required name=search_term_string\"}],\"inLanguage\":\"pt-PT\"},{\"@type\":\"ImageObject\",\"@id\":\"https:\/\/chemitool.com\/pt-pt\/products\/safety\/calcado-de-seguranca\/sapatilhas\/sapatilha-de-seguranca-get-force-low-s3-src-esd-preto\/#primaryimage\",\"inLanguage\":\"pt-PT\",\"url\":\"https:\/\/chemitool.com\/wp-content\/uploads\/2022\/07\/P014670414S0003_perfil_inverted-2.png\",\"contentUrl\":\"https:\/\/chemitool.com\/wp-content\/uploads\/2022\/07\/P014670414S0003_perfil_inverted-2.png\",\"width\":800,\"height\":800},{\"@type\":\"WebPage\",\"@id\":\"https:\/\/chemitool.com\/pt-pt\/products\/safety\/calcado-de-seguranca\/sapatilhas\/sapatilha-de-seguranca-get-force-low-s3-src-esd-preto\/#webpage\",\"url\":\"https:\/\/chemitool.com\/pt-pt\/products\/safety\/calcado-de-seguranca\/sapatilhas\/sapatilha-de-seguranca-get-force-low-s3-src-esd-preto\/\",\"name\":\"SAPATILHA DE SEGURAN\\u00c7A GET FORCE LOW S3 SRC ESD - Preto &ndash; Chemitool\",\"isPartOf\":{\"@id\":\"https:\/\/chemitool.com\/#website\"},\"primaryImageOfPage\":{\"@id\":\"https:\/\/chemitool.com\/pt-pt\/products\/safety\/calcado-de-seguranca\/sapatilhas\/sapatilha-de-seguranca-get-force-low-s3-src-esd-preto\/#primaryimage\"},\"datePublished\":\"2022-07-07T09:29:46+00:00\",\"dateModified\":\"2022-07-26T09:37:37+00:00\",\"description\":\"GET FORCE LOW S3 SRC ESD\\u00a0\\u00e9 uma sapatilha de seguran\\u00e7a antiest\\u00e1tica com cano baixo para homem. Tem g\\u00e1spea em pele repelente \\u00e0 \\u00e1gua e respir\\u00e1vel, forro interno (para toda a superf\\u00edcie interna) que \\u00e9 respir\\u00e1vel e resistente \\u00e0 abras\\u00e3o, 6+6 ilhoses metal-free, prote\\u00e7\\u00e3o do calcanhar em gr\\u00e3o pampas com aplica\\u00e7\\u00e3o refletora, biqueira alum\\u00ednio fundido sob press\\u00e3o, palmilha remov\\u00edvel Ortholite\\u00ae X40 016, palmilha remov\\u00edvel, alma anti-entorse, refor\\u00e7o biqueira interna em policarbonato em forma de ferradura, sola interm\\u00e9dia em poliuretano ultraleve, amortecimento MASTER BALANCE poli\\u00e9ster PU de alta tenacidade e densidade equilibrada, sola XTRAIL GRIP em TPU com protetor de calcanhar e protetor de ponta .\",\"breadcrumb\":{\"@id\":\"https:\/\/chemitool.com\/pt-pt\/products\/safety\/calcado-de-seguranca\/sapatilhas\/sapatilha-de-seguranca-get-force-low-s3-src-esd-preto\/#breadcrumb\"},\"inLanguage\":\"pt-PT\",\"potentialAction\":[{\"@type\":\"ReadAction\",\"target\":[\"https:\/\/chemitool.com\/pt-pt\/products\/safety\/calcado-de-seguranca\/sapatilhas\/sapatilha-de-seguranca-get-force-low-s3-src-esd-preto\/\"]}]},{\"@type\":\"BreadcrumbList\",\"@id\":\"https:\/\/chemitool.com\/pt-pt\/products\/safety\/calcado-de-seguranca\/sapatilhas\/sapatilha-de-seguranca-get-force-low-s3-src-esd-preto\/#breadcrumb\",\"itemListElement\":[{\"@type\":\"ListItem\",\"position\":1,\"name\":\"Home\",\"item\":\"https:\/\/chemitool.com\/pt-pt\/\"},{\"@type\":\"ListItem\",\"position\":2,\"name\":\"Produtos\",\"item\":\"https:\/\/chemitool.com\/pt-pt\/produtos\/\"},{\"@type\":\"ListItem\",\"position\":3,\"name\":\"Safety\",\"item\":\"https:\/\/chemitool.com\/pt-pt\/categoria-produto\/safety\/\"},{\"@type\":\"ListItem\",\"position\":4,\"name\":\"Cal\\u00e7ado de Seguran\\u00e7a\",\"item\":\"https:\/\/chemitool.com\/pt-pt\/categoria-produto\/safety\/calcado-de-seguranca\/\"},{\"@type\":\"ListItem\",\"position\":5,\"name\":\"Sapatilhas\",\"item\":\"https:\/\/chemitool.com\/pt-pt\/categoria-produto\/safety\/calcado-de-seguranca\/sapatilhas\/\"},{\"@type\":\"ListItem\",\"position\":6,\"name\":\"SAPATILHA DE SEGURAN\\u00c7A GET FORCE LOW S3 SRC ESD &#8211; Preto\"}]}]}<\/script>\n<!-- \/ Yoast SEO plugin. -->","yoast_head_json":{"title":"SAPATILHA DE SEGURAN\u00c7A GET FORCE LOW S3 SRC ESD - Preto &ndash; Chemitool","description":"GET FORCE LOW S3 SRC ESD\u00a0\u00e9 uma sapatilha de seguran\u00e7a antiest\u00e1tica com cano baixo para homem. Tem g\u00e1spea em pele repelente \u00e0 \u00e1gua e respir\u00e1vel, forro interno (para toda a superf\u00edcie interna) que \u00e9 respir\u00e1vel e resistente \u00e0 abras\u00e3o, 6+6 ilhoses metal-free, prote\u00e7\u00e3o do calcanhar em gr\u00e3o pampas com aplica\u00e7\u00e3o refletora, biqueira alum\u00ednio fundido sob press\u00e3o, palmilha remov\u00edvel Ortholite\u00ae X40 016, palmilha remov\u00edvel, alma anti-entorse, refor\u00e7o biqueira interna em policarbonato em forma de ferradura, sola interm\u00e9dia em poliuretano ultraleve, amortecimento MASTER BALANCE poli\u00e9ster PU de alta tenacidade e densidade equilibrada, sola XTRAIL GRIP em TPU com protetor de calcanhar e protetor de ponta .","robots":{"index":"index","follow":"follow","max-snippet":"max-snippet:-1","max-image-preview":"max-image-preview:large","max-video-preview":"max-video-preview:-1"},"canonical":"https:\/\/chemitool.com\/pt-pt\/products\/safety\/calcado-de-seguranca\/sapatilhas\/sapatilha-de-seguranca-get-force-low-s3-src-esd-preto\/","og_locale":"pt_PT","og_type":"article","og_title":"SAPATILHA DE SEGURAN\u00c7A GET FORCE LOW S3 SRC ESD - Preto &ndash; Chemitool","og_description":"GET FORCE LOW S3 SRC ESD\u00a0\u00e9 uma sapatilha de seguran\u00e7a antiest\u00e1tica com cano baixo para homem. Tem g\u00e1spea em pele repelente \u00e0 \u00e1gua e respir\u00e1vel, forro interno (para toda a superf\u00edcie interna) que \u00e9 respir\u00e1vel e resistente \u00e0 abras\u00e3o, 6+6 ilhoses metal-free, prote\u00e7\u00e3o do calcanhar em gr\u00e3o pampas com aplica\u00e7\u00e3o refletora, biqueira alum\u00ednio fundido sob press\u00e3o, palmilha remov\u00edvel Ortholite\u00ae X40 016, palmilha remov\u00edvel, alma anti-entorse, refor\u00e7o biqueira interna em policarbonato em forma de ferradura, sola interm\u00e9dia em poliuretano ultraleve, amortecimento MASTER BALANCE poli\u00e9ster PU de alta tenacidade e densidade equilibrada, sola XTRAIL GRIP em TPU com protetor de calcanhar e protetor de ponta .","og_url":"https:\/\/chemitool.com\/pt-pt\/products\/safety\/calcado-de-seguranca\/sapatilhas\/sapatilha-de-seguranca-get-force-low-s3-src-esd-preto\/","og_site_name":"Chemitool","article_publisher":"https:\/\/www.facebook.com\/chemitool","article_modified_time":"2022-07-26T09:37:37+00:00","og_image":[{"width":800,"height":800,"url":"https:\/\/chemitool.com\/wp-content\/uploads\/2022\/07\/P014670414S0003_perfil_inverted-2.png","type":"image\/png"}],"twitter_card":"summary_large_image","schema":{"@context":"https:\/\/schema.org","@graph":[{"@type":"Organization","@id":"https:\/\/chemitool.com\/#organization","name":"Chemitool","url":"https:\/\/chemitool.com\/","sameAs":["https:\/\/www.facebook.com\/chemitool","https:\/\/www.instagram.com\/chemitool\/"],"logo":{"@type":"ImageObject","@id":"https:\/\/chemitool.com\/#logo","inLanguage":"pt-PT","url":"https:\/\/chemitool.com\/wp-content\/uploads\/2020\/10\/logo_chemitool.png","contentUrl":"https:\/\/chemitool.com\/wp-content\/uploads\/2020\/10\/logo_chemitool.png","width":400,"height":400,"caption":"Chemitool"},"image":{"@id":"https:\/\/chemitool.com\/#logo"}},{"@type":"WebSite","@id":"https:\/\/chemitool.com\/#website","url":"https:\/\/chemitool.com\/","name":"Chemitool","description":"Chemitool - hardware and tools","publisher":{"@id":"https:\/\/chemitool.com\/#organization"},"potentialAction":[{"@type":"SearchAction","target":{"@type":"EntryPoint","urlTemplate":"https:\/\/chemitool.com\/?s={search_term_string}"},"query-input":"required name=search_term_string"}],"inLanguage":"pt-PT"},{"@type":"ImageObject","@id":"https:\/\/chemitool.com\/pt-pt\/products\/safety\/calcado-de-seguranca\/sapatilhas\/sapatilha-de-seguranca-get-force-low-s3-src-esd-preto\/#primaryimage","inLanguage":"pt-PT","url":"https:\/\/chemitool.com\/wp-content\/uploads\/2022\/07\/P014670414S0003_perfil_inverted-2.png","contentUrl":"https:\/\/chemitool.com\/wp-content\/uploads\/2022\/07\/P014670414S0003_perfil_inverted-2.png","width":800,"height":800},{"@type":"WebPage","@id":"https:\/\/chemitool.com\/pt-pt\/products\/safety\/calcado-de-seguranca\/sapatilhas\/sapatilha-de-seguranca-get-force-low-s3-src-esd-preto\/#webpage","url":"https:\/\/chemitool.com\/pt-pt\/products\/safety\/calcado-de-seguranca\/sapatilhas\/sapatilha-de-seguranca-get-force-low-s3-src-esd-preto\/","name":"SAPATILHA DE SEGURAN\u00c7A GET FORCE LOW S3 SRC ESD - Preto &ndash; Chemitool","isPartOf":{"@id":"https:\/\/chemitool.com\/#website"},"primaryImageOfPage":{"@id":"https:\/\/chemitool.com\/pt-pt\/products\/safety\/calcado-de-seguranca\/sapatilhas\/sapatilha-de-seguranca-get-force-low-s3-src-esd-preto\/#primaryimage"},"datePublished":"2022-07-07T09:29:46+00:00","dateModified":"2022-07-26T09:37:37+00:00","description":"GET FORCE LOW S3 SRC ESD\u00a0\u00e9 uma sapatilha de seguran\u00e7a antiest\u00e1tica com cano baixo para homem. Tem g\u00e1spea em pele repelente \u00e0 \u00e1gua e respir\u00e1vel, forro interno (para toda a superf\u00edcie interna) que \u00e9 respir\u00e1vel e resistente \u00e0 abras\u00e3o, 6+6 ilhoses metal-free, prote\u00e7\u00e3o do calcanhar em gr\u00e3o pampas com aplica\u00e7\u00e3o refletora, biqueira alum\u00ednio fundido sob press\u00e3o, palmilha remov\u00edvel Ortholite\u00ae X40 016, palmilha remov\u00edvel, alma anti-entorse, refor\u00e7o biqueira interna em policarbonato em forma de ferradura, sola interm\u00e9dia em poliuretano ultraleve, amortecimento MASTER BALANCE poli\u00e9ster PU de alta tenacidade e densidade equilibrada, sola XTRAIL GRIP em TPU com protetor de calcanhar e protetor de ponta .","breadcrumb":{"@id":"https:\/\/chemitool.com\/pt-pt\/products\/safety\/calcado-de-seguranca\/sapatilhas\/sapatilha-de-seguranca-get-force-low-s3-src-esd-preto\/#breadcrumb"},"inLanguage":"pt-PT","potentialAction":[{"@type":"ReadAction","target":["https:\/\/chemitool.com\/pt-pt\/products\/safety\/calcado-de-seguranca\/sapatilhas\/sapatilha-de-seguranca-get-force-low-s3-src-esd-preto\/"]}]},{"@type":"BreadcrumbList","@id":"https:\/\/chemitool.com\/pt-pt\/products\/safety\/calcado-de-seguranca\/sapatilhas\/sapatilha-de-seguranca-get-force-low-s3-src-esd-preto\/#breadcrumb","itemListElement":[{"@type":"ListItem","position":1,"name":"Home","item":"https:\/\/chemitool.com\/pt-pt\/"},{"@type":"ListItem","position":2,"name":"Produtos","item":"https:\/\/chemitool.com\/pt-pt\/produtos\/"},{"@type":"ListItem","position":3,"name":"Safety","item":"https:\/\/chemitool.com\/pt-pt\/categoria-produto\/safety\/"},{"@type":"ListItem","position":4,"name":"Cal\u00e7ado de Seguran\u00e7a","item":"https:\/\/chemitool.com\/pt-pt\/categoria-produto\/safety\/calcado-de-seguranca\/"},{"@type":"ListItem","position":5,"name":"Sapatilhas","item":"https:\/\/chemitool.com\/pt-pt\/categoria-produto\/safety\/calcado-de-seguranca\/sapatilhas\/"},{"@type":"ListItem","position":6,"name":"SAPATILHA DE SEGURAN\u00c7A GET FORCE LOW S3 SRC ESD &#8211; Preto"}]}]}},"_links":{"self":[{"href":"https:\/\/chemitool.com\/pt-pt\/wp-json\/wp\/v2\/product\/24477"}],"collection":[{"href":"https:\/\/chemitool.com\/pt-pt\/wp-json\/wp\/v2\/product"}],"about":[{"href":"https:\/\/chemitool.com\/pt-pt\/wp-json\/wp\/v2\/types\/product"}],"wp:featuredmedia":[{"embeddable":true,"href":"https:\/\/chemitool.com\/pt-pt\/wp-json\/wp\/v2\/media\/25084"}],"wp:attachment":[{"href":"https:\/\/chemitool.com\/pt-pt\/wp-json\/wp\/v2\/media?parent=24477"}],"wp:term":[{"taxonomy":"product_cat","embeddable":true,"href":"https:\/\/chemitool.com\/pt-pt\/wp-json\/wp\/v2\/product_cat?post=24477"},{"taxonomy":"product_tag","embeddable":true,"href":"https:\/\/chemitool.com\/pt-pt\/wp-json\/wp\/v2\/product_tag?post=24477"}],"curies":[{"name":"wp","href":"https:\/\/api.w.org\/{rel}","templated":true}]}}