{"id":24416,"date":"2022-07-06T14:34:30","date_gmt":"2022-07-06T14:34:34","guid":{"rendered":"https:\/\/chemitool.com\/?post_type=product&#038;p=24416"},"modified":"2022-07-08T10:18:42","modified_gmt":"2022-07-08T10:18:42","slug":"calcas-blasi1","status":"publish","type":"product","link":"https:\/\/chemitool.com\/pt-pt\/products\/safety\/vestuario-tecnico\/soldadura-pt-pt\/calcas-blasi1\/","title":{"rendered":"CAL\u00c7AS BLASI1"},"content":{"rendered":"<ul>\n<li>Prote\u00e7\u00e3o antiest\u00e1tica<\/li>\n<li>Soldadura- chama- arco el\u00e9trico<\/li>\n<\/ul>\n<p><img class=\"alignnone size-full wp-image-24537\" src=\"https:\/\/chemitool.com\/wp-content\/uploads\/2022\/07\/EN_ISO_11612_ABCDEF.png\" alt=\"\" width=\"105\" height=\"121\" \/><img class=\"alignnone size-full wp-image-24541\" src=\"https:\/\/chemitool.com\/wp-content\/uploads\/2022\/07\/EN_61482_1_2.png\" alt=\"\" width=\"105\" height=\"121\" \/><img class=\"alignnone size-full wp-image-24529\" src=\"https:\/\/chemitool.com\/wp-content\/uploads\/2022\/07\/EN-1149-5.png\" alt=\"\" width=\"104\" height=\"119\" \/><img class=\"alignnone size-full wp-image-24533\" src=\"https:\/\/chemitool.com\/wp-content\/uploads\/2022\/07\/WELDING.png\" alt=\"\" width=\"105\" height=\"121\" \/><\/p>\n","protected":false},"excerpt":{"rendered":"<p><em>Cal\u00e7as Blasi1 CHEMITOOL <\/em>s\u00e3o um modelo de prote\u00e7\u00e3o multi-norma com cintura el\u00e1stica nas costas, 2 bolsos frontais, 1 bolso de chapa com aba e velcro na perna direita, 1 bolso traseiro com aba e velcro. Bot\u00e3o de clipe oculto no c\u00f3s. Forro no mesmo tecido.<\/p>\n","protected":false},"featured_media":24419,"template":"","meta":[],"product_cat":[1453,3454,3457,3455],"product_tag":[],"yoast_head":"<!-- This site is optimized with the Yoast SEO plugin v17.4 - https:\/\/yoast.com\/wordpress\/plugins\/seo\/ -->\n<title>CAL\u00c7AS BLASI1 &ndash; Chemitool<\/title>\n<meta name=\"description\" content=\"Cal\u00e7as Blasi1 CHEMITOOL s\u00e3o um modelo de prote\u00e7\u00e3o multi-norma com cintura el\u00e1stica nas costas, 2 bolsos frontais, 1 bolso de chapa com aba e velcro na perna direita, 1 bolso traseiro com aba e velcro. Bot\u00e3o de clipe oculto no c\u00f3s. Forro no mesmo tecido.\" \/>\n<meta name=\"robots\" content=\"index, follow, max-snippet:-1, max-image-preview:large, max-video-preview:-1\" \/>\n<link rel=\"canonical\" href=\"https:\/\/chemitool.com\/pt-pt\/products\/safety\/vestuario-tecnico\/soldadura-pt-pt\/calcas-blasi1\/\" \/>\n<meta property=\"og:locale\" content=\"pt_PT\" \/>\n<meta property=\"og:type\" content=\"article\" \/>\n<meta property=\"og:title\" content=\"CAL\u00c7AS BLASI1 &ndash; Chemitool\" \/>\n<meta property=\"og:description\" content=\"Cal\u00e7as Blasi1 CHEMITOOL s\u00e3o um modelo de prote\u00e7\u00e3o multi-norma com cintura el\u00e1stica nas costas, 2 bolsos frontais, 1 bolso de chapa com aba e velcro na perna direita, 1 bolso traseiro com aba e velcro. Bot\u00e3o de clipe oculto no c\u00f3s. Forro no mesmo tecido.\" \/>\n<meta property=\"og:url\" content=\"https:\/\/chemitool.com\/pt-pt\/products\/safety\/vestuario-tecnico\/soldadura-pt-pt\/calcas-blasi1\/\" \/>\n<meta property=\"og:site_name\" content=\"Chemitool\" \/>\n<meta property=\"article:publisher\" content=\"https:\/\/www.facebook.com\/chemitool\" \/>\n<meta property=\"article:modified_time\" content=\"2022-07-08T10:18:42+00:00\" \/>\n<meta property=\"og:image\" content=\"https:\/\/chemitool.com\/wp-content\/uploads\/2022\/07\/CHS100601_site.png\" \/>\n\t<meta property=\"og:image:width\" content=\"800\" \/>\n\t<meta property=\"og:image:height\" content=\"800\" \/>\n<meta name=\"twitter:card\" content=\"summary_large_image\" \/>\n<script type=\"application\/ld+json\" class=\"yoast-schema-graph\">{\"@context\":\"https:\/\/schema.org\",\"@graph\":[{\"@type\":\"Organization\",\"@id\":\"https:\/\/chemitool.com\/#organization\",\"name\":\"Chemitool\",\"url\":\"https:\/\/chemitool.com\/\",\"sameAs\":[\"https:\/\/www.facebook.com\/chemitool\",\"https:\/\/www.instagram.com\/chemitool\/\"],\"logo\":{\"@type\":\"ImageObject\",\"@id\":\"https:\/\/chemitool.com\/#logo\",\"inLanguage\":\"pt-PT\",\"url\":\"https:\/\/chemitool.com\/wp-content\/uploads\/2020\/10\/logo_chemitool.png\",\"contentUrl\":\"https:\/\/chemitool.com\/wp-content\/uploads\/2020\/10\/logo_chemitool.png\",\"width\":400,\"height\":400,\"caption\":\"Chemitool\"},\"image\":{\"@id\":\"https:\/\/chemitool.com\/#logo\"}},{\"@type\":\"WebSite\",\"@id\":\"https:\/\/chemitool.com\/#website\",\"url\":\"https:\/\/chemitool.com\/\",\"name\":\"Chemitool\",\"description\":\"Chemitool - hardware and tools\",\"publisher\":{\"@id\":\"https:\/\/chemitool.com\/#organization\"},\"potentialAction\":[{\"@type\":\"SearchAction\",\"target\":{\"@type\":\"EntryPoint\",\"urlTemplate\":\"https:\/\/chemitool.com\/?s={search_term_string}\"},\"query-input\":\"required name=search_term_string\"}],\"inLanguage\":\"pt-PT\"},{\"@type\":\"ImageObject\",\"@id\":\"https:\/\/chemitool.com\/pt-pt\/products\/safety\/vestuario-tecnico\/soldadura-pt-pt\/calcas-blasi1\/#primaryimage\",\"inLanguage\":\"pt-PT\",\"url\":\"https:\/\/chemitool.com\/wp-content\/uploads\/2022\/07\/CHS100601_site.png\",\"contentUrl\":\"https:\/\/chemitool.com\/wp-content\/uploads\/2022\/07\/CHS100601_site.png\",\"width\":800,\"height\":800},{\"@type\":\"WebPage\",\"@id\":\"https:\/\/chemitool.com\/pt-pt\/products\/safety\/vestuario-tecnico\/soldadura-pt-pt\/calcas-blasi1\/#webpage\",\"url\":\"https:\/\/chemitool.com\/pt-pt\/products\/safety\/vestuario-tecnico\/soldadura-pt-pt\/calcas-blasi1\/\",\"name\":\"CAL\\u00c7AS BLASI1 &ndash; Chemitool\",\"isPartOf\":{\"@id\":\"https:\/\/chemitool.com\/#website\"},\"primaryImageOfPage\":{\"@id\":\"https:\/\/chemitool.com\/pt-pt\/products\/safety\/vestuario-tecnico\/soldadura-pt-pt\/calcas-blasi1\/#primaryimage\"},\"datePublished\":\"2022-07-06T14:34:34+00:00\",\"dateModified\":\"2022-07-08T10:18:42+00:00\",\"description\":\"Cal\\u00e7as Blasi1 CHEMITOOL s\\u00e3o um modelo de prote\\u00e7\\u00e3o multi-norma com cintura el\\u00e1stica nas costas, 2 bolsos frontais, 1 bolso de chapa com aba e velcro na perna direita, 1 bolso traseiro com aba e velcro. Bot\\u00e3o de clipe oculto no c\\u00f3s. Forro no mesmo tecido.\",\"breadcrumb\":{\"@id\":\"https:\/\/chemitool.com\/pt-pt\/products\/safety\/vestuario-tecnico\/soldadura-pt-pt\/calcas-blasi1\/#breadcrumb\"},\"inLanguage\":\"pt-PT\",\"potentialAction\":[{\"@type\":\"ReadAction\",\"target\":[\"https:\/\/chemitool.com\/pt-pt\/products\/safety\/vestuario-tecnico\/soldadura-pt-pt\/calcas-blasi1\/\"]}]},{\"@type\":\"BreadcrumbList\",\"@id\":\"https:\/\/chemitool.com\/pt-pt\/products\/safety\/vestuario-tecnico\/soldadura-pt-pt\/calcas-blasi1\/#breadcrumb\",\"itemListElement\":[{\"@type\":\"ListItem\",\"position\":1,\"name\":\"Home\",\"item\":\"https:\/\/chemitool.com\/pt-pt\/\"},{\"@type\":\"ListItem\",\"position\":2,\"name\":\"Produtos\",\"item\":\"https:\/\/chemitool.com\/pt-pt\/produtos\/\"},{\"@type\":\"ListItem\",\"position\":3,\"name\":\"Safety\",\"item\":\"https:\/\/chemitool.com\/pt-pt\/categoria-produto\/safety\/\"},{\"@type\":\"ListItem\",\"position\":4,\"name\":\"Vestu\\u00e1rio T\\u00e9cnico\",\"item\":\"https:\/\/chemitool.com\/pt-pt\/categoria-produto\/safety\/vestuario-tecnico\/\"},{\"@type\":\"ListItem\",\"position\":5,\"name\":\"Multi-Norma\",\"item\":\"https:\/\/chemitool.com\/pt-pt\/categoria-produto\/safety\/vestuario-tecnico\/multi-norma\/\"},{\"@type\":\"ListItem\",\"position\":6,\"name\":\"CAL\\u00c7AS BLASI1\"}]}]}<\/script>\n<!-- \/ Yoast SEO plugin. -->","yoast_head_json":{"title":"CAL\u00c7AS BLASI1 &ndash; Chemitool","description":"Cal\u00e7as Blasi1 CHEMITOOL s\u00e3o um modelo de prote\u00e7\u00e3o multi-norma com cintura el\u00e1stica nas costas, 2 bolsos frontais, 1 bolso de chapa com aba e velcro na perna direita, 1 bolso traseiro com aba e velcro. Bot\u00e3o de clipe oculto no c\u00f3s. Forro no mesmo tecido.","robots":{"index":"index","follow":"follow","max-snippet":"max-snippet:-1","max-image-preview":"max-image-preview:large","max-video-preview":"max-video-preview:-1"},"canonical":"https:\/\/chemitool.com\/pt-pt\/products\/safety\/vestuario-tecnico\/soldadura-pt-pt\/calcas-blasi1\/","og_locale":"pt_PT","og_type":"article","og_title":"CAL\u00c7AS BLASI1 &ndash; Chemitool","og_description":"Cal\u00e7as Blasi1 CHEMITOOL s\u00e3o um modelo de prote\u00e7\u00e3o multi-norma com cintura el\u00e1stica nas costas, 2 bolsos frontais, 1 bolso de chapa com aba e velcro na perna direita, 1 bolso traseiro com aba e velcro. Bot\u00e3o de clipe oculto no c\u00f3s. Forro no mesmo tecido.","og_url":"https:\/\/chemitool.com\/pt-pt\/products\/safety\/vestuario-tecnico\/soldadura-pt-pt\/calcas-blasi1\/","og_site_name":"Chemitool","article_publisher":"https:\/\/www.facebook.com\/chemitool","article_modified_time":"2022-07-08T10:18:42+00:00","og_image":[{"width":800,"height":800,"url":"https:\/\/chemitool.com\/wp-content\/uploads\/2022\/07\/CHS100601_site.png","type":"image\/png"}],"twitter_card":"summary_large_image","schema":{"@context":"https:\/\/schema.org","@graph":[{"@type":"Organization","@id":"https:\/\/chemitool.com\/#organization","name":"Chemitool","url":"https:\/\/chemitool.com\/","sameAs":["https:\/\/www.facebook.com\/chemitool","https:\/\/www.instagram.com\/chemitool\/"],"logo":{"@type":"ImageObject","@id":"https:\/\/chemitool.com\/#logo","inLanguage":"pt-PT","url":"https:\/\/chemitool.com\/wp-content\/uploads\/2020\/10\/logo_chemitool.png","contentUrl":"https:\/\/chemitool.com\/wp-content\/uploads\/2020\/10\/logo_chemitool.png","width":400,"height":400,"caption":"Chemitool"},"image":{"@id":"https:\/\/chemitool.com\/#logo"}},{"@type":"WebSite","@id":"https:\/\/chemitool.com\/#website","url":"https:\/\/chemitool.com\/","name":"Chemitool","description":"Chemitool - hardware and tools","publisher":{"@id":"https:\/\/chemitool.com\/#organization"},"potentialAction":[{"@type":"SearchAction","target":{"@type":"EntryPoint","urlTemplate":"https:\/\/chemitool.com\/?s={search_term_string}"},"query-input":"required name=search_term_string"}],"inLanguage":"pt-PT"},{"@type":"ImageObject","@id":"https:\/\/chemitool.com\/pt-pt\/products\/safety\/vestuario-tecnico\/soldadura-pt-pt\/calcas-blasi1\/#primaryimage","inLanguage":"pt-PT","url":"https:\/\/chemitool.com\/wp-content\/uploads\/2022\/07\/CHS100601_site.png","contentUrl":"https:\/\/chemitool.com\/wp-content\/uploads\/2022\/07\/CHS100601_site.png","width":800,"height":800},{"@type":"WebPage","@id":"https:\/\/chemitool.com\/pt-pt\/products\/safety\/vestuario-tecnico\/soldadura-pt-pt\/calcas-blasi1\/#webpage","url":"https:\/\/chemitool.com\/pt-pt\/products\/safety\/vestuario-tecnico\/soldadura-pt-pt\/calcas-blasi1\/","name":"CAL\u00c7AS BLASI1 &ndash; Chemitool","isPartOf":{"@id":"https:\/\/chemitool.com\/#website"},"primaryImageOfPage":{"@id":"https:\/\/chemitool.com\/pt-pt\/products\/safety\/vestuario-tecnico\/soldadura-pt-pt\/calcas-blasi1\/#primaryimage"},"datePublished":"2022-07-06T14:34:34+00:00","dateModified":"2022-07-08T10:18:42+00:00","description":"Cal\u00e7as Blasi1 CHEMITOOL s\u00e3o um modelo de prote\u00e7\u00e3o multi-norma com cintura el\u00e1stica nas costas, 2 bolsos frontais, 1 bolso de chapa com aba e velcro na perna direita, 1 bolso traseiro com aba e velcro. Bot\u00e3o de clipe oculto no c\u00f3s. Forro no mesmo tecido.","breadcrumb":{"@id":"https:\/\/chemitool.com\/pt-pt\/products\/safety\/vestuario-tecnico\/soldadura-pt-pt\/calcas-blasi1\/#breadcrumb"},"inLanguage":"pt-PT","potentialAction":[{"@type":"ReadAction","target":["https:\/\/chemitool.com\/pt-pt\/products\/safety\/vestuario-tecnico\/soldadura-pt-pt\/calcas-blasi1\/"]}]},{"@type":"BreadcrumbList","@id":"https:\/\/chemitool.com\/pt-pt\/products\/safety\/vestuario-tecnico\/soldadura-pt-pt\/calcas-blasi1\/#breadcrumb","itemListElement":[{"@type":"ListItem","position":1,"name":"Home","item":"https:\/\/chemitool.com\/pt-pt\/"},{"@type":"ListItem","position":2,"name":"Produtos","item":"https:\/\/chemitool.com\/pt-pt\/produtos\/"},{"@type":"ListItem","position":3,"name":"Safety","item":"https:\/\/chemitool.com\/pt-pt\/categoria-produto\/safety\/"},{"@type":"ListItem","position":4,"name":"Vestu\u00e1rio T\u00e9cnico","item":"https:\/\/chemitool.com\/pt-pt\/categoria-produto\/safety\/vestuario-tecnico\/"},{"@type":"ListItem","position":5,"name":"Multi-Norma","item":"https:\/\/chemitool.com\/pt-pt\/categoria-produto\/safety\/vestuario-tecnico\/multi-norma\/"},{"@type":"ListItem","position":6,"name":"CAL\u00c7AS BLASI1"}]}]}},"_links":{"self":[{"href":"https:\/\/chemitool.com\/pt-pt\/wp-json\/wp\/v2\/product\/24416"}],"collection":[{"href":"https:\/\/chemitool.com\/pt-pt\/wp-json\/wp\/v2\/product"}],"about":[{"href":"https:\/\/chemitool.com\/pt-pt\/wp-json\/wp\/v2\/types\/product"}],"wp:featuredmedia":[{"embeddable":true,"href":"https:\/\/chemitool.com\/pt-pt\/wp-json\/wp\/v2\/media\/24419"}],"wp:attachment":[{"href":"https:\/\/chemitool.com\/pt-pt\/wp-json\/wp\/v2\/media?parent=24416"}],"wp:term":[{"taxonomy":"product_cat","embeddable":true,"href":"https:\/\/chemitool.com\/pt-pt\/wp-json\/wp\/v2\/product_cat?post=24416"},{"taxonomy":"product_tag","embeddable":true,"href":"https:\/\/chemitool.com\/pt-pt\/wp-json\/wp\/v2\/product_tag?post=24416"}],"curies":[{"name":"wp","href":"https:\/\/api.w.org\/{rel}","templated":true}]}}