{"id":24237,"date":"2022-06-30T09:32:59","date_gmt":"2022-06-30T09:33:03","guid":{"rendered":"https:\/\/chemitool.com\/?post_type=product&#038;p=24237"},"modified":"2022-08-08T10:35:58","modified_gmt":"2022-08-08T10:35:58","slug":"membrana-liquida-impermeabilizacao-ms-chemicoat","status":"publish","type":"product","link":"https:\/\/chemitool.com\/pt-pt\/products\/chemicals\/impermeabilizacao\/membrana-liquida\/membrana-liquida-impermeabilizacao-ms-chemicoat\/","title":{"rendered":"Membrana L\u00edquida Impermeabiliza\u00e7\u00e3o MS CHEMICOAT"},"content":{"rendered":"<p><strong>VANTAGENS<\/strong><\/p>\n<ul>\n<li>Resistente \u00e0s intemp\u00e9ries e raios U.V<\/li>\n<li>Excelente ader\u00eancia em v\u00e1rios tipos de substratos<\/li>\n<li>Pode ser aplicado sobre superf\u00edcies h\u00famidas<\/li>\n<li>Pint\u00e1vel depois de seco<\/li>\n<li>\u00c9 inodoro e est\u00e1 livre de isocianatos<\/li>\n<li>N\u00e3o corrosivo em colagens sobre metal<\/li>\n<li>Elasticidade permanente e excelente ader\u00eancia<\/li>\n<li>Uso interior e exterior<\/li>\n<li>Sem Encolhimento<\/li>\n<li>Permanece flex\u00edvel a baixas (-40\u00b0C) e altas (+90\u00b0C) temperaturas<\/li>\n<li>Ecol\u00f3gico (sem solventes ou isocianatos)<\/li>\n<li>\u00c9 perme\u00e1vel ao vapor de \u00e1gua.<\/li>\n<li>Aplic\u00e1vel em superf\u00edcies horizontais e verticais<\/li>\n<li>Transit\u00e1vel com uso de malha de refor\u00e7o entre camadas<\/li>\n<li>F\u00e1cil Aplica\u00e7\u00e3o<\/li>\n<li>Alto rendimento 1,5 a 3,0 Kg\/m2<\/li>\n<\/ul>\n<p><strong>INDICA\u00c7\u00d5ES<\/strong><\/p>\n<p>Armazenar num ambiente fresco, seco e bem ventilado, entre os +5\u00b0C e + 25\u00b0C, afastado de fontes de calor e humidade. Validade 24 meses se armazenado nas condi\u00e7\u00f5es recomendadas, pois pode reduzir o prazo.<\/p>\n","protected":false},"excerpt":{"rendered":"<p><em>Membrana L\u00edquida Impermeabiliza\u00e7\u00e3o MS CHEMICOAT <\/em>com revestimento l\u00edquido de pol\u00edmero MS de um componente que cura com a humidade atmosf\u00e9rica formando uma membrana cont\u00ednua 100% imperme\u00e1vel e com grande elasticidade.<\/p>\n","protected":false},"featured_media":24292,"template":"","meta":[],"product_cat":[109,4216,4361],"product_tag":[4237],"yoast_head":"<!-- This site is optimized with the Yoast SEO plugin v17.4 - https:\/\/yoast.com\/wordpress\/plugins\/seo\/ -->\n<title>Membrana L\u00edquida Impermeabiliza\u00e7\u00e3o MS CHEMICOAT &ndash; Chemitool<\/title>\n<meta name=\"description\" content=\"Membrana L\u00edquida Impermeabiliza\u00e7\u00e3o MS CHEMICOAT com revestimento l\u00edquido de pol\u00edmero MS de um componente que cura com a humidade atmosf\u00e9rica formando uma membrana cont\u00ednua 100% imperme\u00e1vel e com grande elasticidade.\" \/>\n<meta name=\"robots\" content=\"index, follow, max-snippet:-1, max-image-preview:large, max-video-preview:-1\" \/>\n<link rel=\"canonical\" href=\"https:\/\/chemitool.com\/pt-pt\/products\/chemicals\/impermeabilizacao\/membrana-liquida\/membrana-liquida-impermeabilizacao-ms-chemicoat\/\" \/>\n<meta property=\"og:locale\" content=\"pt_PT\" \/>\n<meta property=\"og:type\" content=\"article\" \/>\n<meta property=\"og:title\" content=\"Membrana L\u00edquida Impermeabiliza\u00e7\u00e3o MS CHEMICOAT &ndash; Chemitool\" \/>\n<meta property=\"og:description\" content=\"Membrana L\u00edquida Impermeabiliza\u00e7\u00e3o MS CHEMICOAT com revestimento l\u00edquido de pol\u00edmero MS de um componente que cura com a humidade atmosf\u00e9rica formando uma membrana cont\u00ednua 100% imperme\u00e1vel e com grande elasticidade.\" \/>\n<meta property=\"og:url\" content=\"https:\/\/chemitool.com\/pt-pt\/products\/chemicals\/impermeabilizacao\/membrana-liquida\/membrana-liquida-impermeabilizacao-ms-chemicoat\/\" \/>\n<meta property=\"og:site_name\" content=\"Chemitool\" \/>\n<meta property=\"article:publisher\" content=\"https:\/\/www.facebook.com\/chemitool\" \/>\n<meta property=\"article:modified_time\" content=\"2022-08-08T10:35:58+00:00\" \/>\n<meta property=\"og:image\" content=\"https:\/\/chemitool.com\/wp-content\/uploads\/2022\/06\/5604630141574.png\" \/>\n\t<meta property=\"og:image:width\" content=\"800\" \/>\n\t<meta property=\"og:image:height\" content=\"800\" \/>\n<meta name=\"twitter:card\" content=\"summary_large_image\" \/>\n<meta name=\"twitter:label1\" content=\"Tempo estimado de leitura\" \/>\n\t<meta name=\"twitter:data1\" content=\"1 minuto\" \/>\n<script type=\"application\/ld+json\" class=\"yoast-schema-graph\">{\"@context\":\"https:\/\/schema.org\",\"@graph\":[{\"@type\":\"Organization\",\"@id\":\"https:\/\/chemitool.com\/#organization\",\"name\":\"Chemitool\",\"url\":\"https:\/\/chemitool.com\/\",\"sameAs\":[\"https:\/\/www.facebook.com\/chemitool\",\"https:\/\/www.instagram.com\/chemitool\/\"],\"logo\":{\"@type\":\"ImageObject\",\"@id\":\"https:\/\/chemitool.com\/#logo\",\"inLanguage\":\"pt-PT\",\"url\":\"https:\/\/chemitool.com\/wp-content\/uploads\/2020\/10\/logo_chemitool.png\",\"contentUrl\":\"https:\/\/chemitool.com\/wp-content\/uploads\/2020\/10\/logo_chemitool.png\",\"width\":400,\"height\":400,\"caption\":\"Chemitool\"},\"image\":{\"@id\":\"https:\/\/chemitool.com\/#logo\"}},{\"@type\":\"WebSite\",\"@id\":\"https:\/\/chemitool.com\/#website\",\"url\":\"https:\/\/chemitool.com\/\",\"name\":\"Chemitool\",\"description\":\"Chemitool - hardware and tools\",\"publisher\":{\"@id\":\"https:\/\/chemitool.com\/#organization\"},\"potentialAction\":[{\"@type\":\"SearchAction\",\"target\":{\"@type\":\"EntryPoint\",\"urlTemplate\":\"https:\/\/chemitool.com\/?s={search_term_string}\"},\"query-input\":\"required name=search_term_string\"}],\"inLanguage\":\"pt-PT\"},{\"@type\":\"ImageObject\",\"@id\":\"https:\/\/chemitool.com\/pt-pt\/products\/chemicals\/impermeabilizacao\/membrana-liquida\/membrana-liquida-impermeabilizacao-ms-chemicoat\/#primaryimage\",\"inLanguage\":\"pt-PT\",\"url\":\"https:\/\/chemitool.com\/wp-content\/uploads\/2022\/06\/5604630141574.png\",\"contentUrl\":\"https:\/\/chemitool.com\/wp-content\/uploads\/2022\/06\/5604630141574.png\",\"width\":800,\"height\":800},{\"@type\":\"WebPage\",\"@id\":\"https:\/\/chemitool.com\/pt-pt\/products\/chemicals\/impermeabilizacao\/membrana-liquida\/membrana-liquida-impermeabilizacao-ms-chemicoat\/#webpage\",\"url\":\"https:\/\/chemitool.com\/pt-pt\/products\/chemicals\/impermeabilizacao\/membrana-liquida\/membrana-liquida-impermeabilizacao-ms-chemicoat\/\",\"name\":\"Membrana L\\u00edquida Impermeabiliza\\u00e7\\u00e3o MS CHEMICOAT &ndash; Chemitool\",\"isPartOf\":{\"@id\":\"https:\/\/chemitool.com\/#website\"},\"primaryImageOfPage\":{\"@id\":\"https:\/\/chemitool.com\/pt-pt\/products\/chemicals\/impermeabilizacao\/membrana-liquida\/membrana-liquida-impermeabilizacao-ms-chemicoat\/#primaryimage\"},\"datePublished\":\"2022-06-30T09:33:03+00:00\",\"dateModified\":\"2022-08-08T10:35:58+00:00\",\"description\":\"Membrana L\\u00edquida Impermeabiliza\\u00e7\\u00e3o MS CHEMICOAT com revestimento l\\u00edquido de pol\\u00edmero MS de um componente que cura com a humidade atmosf\\u00e9rica formando uma membrana cont\\u00ednua 100% imperme\\u00e1vel e com grande elasticidade.\",\"breadcrumb\":{\"@id\":\"https:\/\/chemitool.com\/pt-pt\/products\/chemicals\/impermeabilizacao\/membrana-liquida\/membrana-liquida-impermeabilizacao-ms-chemicoat\/#breadcrumb\"},\"inLanguage\":\"pt-PT\",\"potentialAction\":[{\"@type\":\"ReadAction\",\"target\":[\"https:\/\/chemitool.com\/pt-pt\/products\/chemicals\/impermeabilizacao\/membrana-liquida\/membrana-liquida-impermeabilizacao-ms-chemicoat\/\"]}]},{\"@type\":\"BreadcrumbList\",\"@id\":\"https:\/\/chemitool.com\/pt-pt\/products\/chemicals\/impermeabilizacao\/membrana-liquida\/membrana-liquida-impermeabilizacao-ms-chemicoat\/#breadcrumb\",\"itemListElement\":[{\"@type\":\"ListItem\",\"position\":1,\"name\":\"Home\",\"item\":\"https:\/\/chemitool.com\/pt-pt\/\"},{\"@type\":\"ListItem\",\"position\":2,\"name\":\"Produtos\",\"item\":\"https:\/\/chemitool.com\/pt-pt\/produtos\/\"},{\"@type\":\"ListItem\",\"position\":3,\"name\":\"Tools\",\"item\":\"https:\/\/chemitool.com\/pt-pt\/categoria-produto\/tools\/\"},{\"@type\":\"ListItem\",\"position\":4,\"name\":\"Escadas e Escadotes\",\"item\":\"https:\/\/chemitool.com\/pt-pt\/categoria-produto\/tools\/escadas-e-escadotes\/\"},{\"@type\":\"ListItem\",\"position\":5,\"name\":\"Membrana L\\u00edquida Impermeabiliza\\u00e7\\u00e3o MS CHEMICOAT\"}]}]}<\/script>\n<!-- \/ Yoast SEO plugin. -->","yoast_head_json":{"title":"Membrana L\u00edquida Impermeabiliza\u00e7\u00e3o MS CHEMICOAT &ndash; Chemitool","description":"Membrana L\u00edquida Impermeabiliza\u00e7\u00e3o MS CHEMICOAT com revestimento l\u00edquido de pol\u00edmero MS de um componente que cura com a humidade atmosf\u00e9rica formando uma membrana cont\u00ednua 100% imperme\u00e1vel e com grande elasticidade.","robots":{"index":"index","follow":"follow","max-snippet":"max-snippet:-1","max-image-preview":"max-image-preview:large","max-video-preview":"max-video-preview:-1"},"canonical":"https:\/\/chemitool.com\/pt-pt\/products\/chemicals\/impermeabilizacao\/membrana-liquida\/membrana-liquida-impermeabilizacao-ms-chemicoat\/","og_locale":"pt_PT","og_type":"article","og_title":"Membrana L\u00edquida Impermeabiliza\u00e7\u00e3o MS CHEMICOAT &ndash; Chemitool","og_description":"Membrana L\u00edquida Impermeabiliza\u00e7\u00e3o MS CHEMICOAT com revestimento l\u00edquido de pol\u00edmero MS de um componente que cura com a humidade atmosf\u00e9rica formando uma membrana cont\u00ednua 100% imperme\u00e1vel e com grande elasticidade.","og_url":"https:\/\/chemitool.com\/pt-pt\/products\/chemicals\/impermeabilizacao\/membrana-liquida\/membrana-liquida-impermeabilizacao-ms-chemicoat\/","og_site_name":"Chemitool","article_publisher":"https:\/\/www.facebook.com\/chemitool","article_modified_time":"2022-08-08T10:35:58+00:00","og_image":[{"width":800,"height":800,"url":"https:\/\/chemitool.com\/wp-content\/uploads\/2022\/06\/5604630141574.png","type":"image\/png"}],"twitter_card":"summary_large_image","twitter_misc":{"Tempo estimado de leitura":"1 minuto"},"schema":{"@context":"https:\/\/schema.org","@graph":[{"@type":"Organization","@id":"https:\/\/chemitool.com\/#organization","name":"Chemitool","url":"https:\/\/chemitool.com\/","sameAs":["https:\/\/www.facebook.com\/chemitool","https:\/\/www.instagram.com\/chemitool\/"],"logo":{"@type":"ImageObject","@id":"https:\/\/chemitool.com\/#logo","inLanguage":"pt-PT","url":"https:\/\/chemitool.com\/wp-content\/uploads\/2020\/10\/logo_chemitool.png","contentUrl":"https:\/\/chemitool.com\/wp-content\/uploads\/2020\/10\/logo_chemitool.png","width":400,"height":400,"caption":"Chemitool"},"image":{"@id":"https:\/\/chemitool.com\/#logo"}},{"@type":"WebSite","@id":"https:\/\/chemitool.com\/#website","url":"https:\/\/chemitool.com\/","name":"Chemitool","description":"Chemitool - hardware and tools","publisher":{"@id":"https:\/\/chemitool.com\/#organization"},"potentialAction":[{"@type":"SearchAction","target":{"@type":"EntryPoint","urlTemplate":"https:\/\/chemitool.com\/?s={search_term_string}"},"query-input":"required name=search_term_string"}],"inLanguage":"pt-PT"},{"@type":"ImageObject","@id":"https:\/\/chemitool.com\/pt-pt\/products\/chemicals\/impermeabilizacao\/membrana-liquida\/membrana-liquida-impermeabilizacao-ms-chemicoat\/#primaryimage","inLanguage":"pt-PT","url":"https:\/\/chemitool.com\/wp-content\/uploads\/2022\/06\/5604630141574.png","contentUrl":"https:\/\/chemitool.com\/wp-content\/uploads\/2022\/06\/5604630141574.png","width":800,"height":800},{"@type":"WebPage","@id":"https:\/\/chemitool.com\/pt-pt\/products\/chemicals\/impermeabilizacao\/membrana-liquida\/membrana-liquida-impermeabilizacao-ms-chemicoat\/#webpage","url":"https:\/\/chemitool.com\/pt-pt\/products\/chemicals\/impermeabilizacao\/membrana-liquida\/membrana-liquida-impermeabilizacao-ms-chemicoat\/","name":"Membrana L\u00edquida Impermeabiliza\u00e7\u00e3o MS CHEMICOAT &ndash; Chemitool","isPartOf":{"@id":"https:\/\/chemitool.com\/#website"},"primaryImageOfPage":{"@id":"https:\/\/chemitool.com\/pt-pt\/products\/chemicals\/impermeabilizacao\/membrana-liquida\/membrana-liquida-impermeabilizacao-ms-chemicoat\/#primaryimage"},"datePublished":"2022-06-30T09:33:03+00:00","dateModified":"2022-08-08T10:35:58+00:00","description":"Membrana L\u00edquida Impermeabiliza\u00e7\u00e3o MS CHEMICOAT com revestimento l\u00edquido de pol\u00edmero MS de um componente que cura com a humidade atmosf\u00e9rica formando uma membrana cont\u00ednua 100% imperme\u00e1vel e com grande elasticidade.","breadcrumb":{"@id":"https:\/\/chemitool.com\/pt-pt\/products\/chemicals\/impermeabilizacao\/membrana-liquida\/membrana-liquida-impermeabilizacao-ms-chemicoat\/#breadcrumb"},"inLanguage":"pt-PT","potentialAction":[{"@type":"ReadAction","target":["https:\/\/chemitool.com\/pt-pt\/products\/chemicals\/impermeabilizacao\/membrana-liquida\/membrana-liquida-impermeabilizacao-ms-chemicoat\/"]}]},{"@type":"BreadcrumbList","@id":"https:\/\/chemitool.com\/pt-pt\/products\/chemicals\/impermeabilizacao\/membrana-liquida\/membrana-liquida-impermeabilizacao-ms-chemicoat\/#breadcrumb","itemListElement":[{"@type":"ListItem","position":1,"name":"Home","item":"https:\/\/chemitool.com\/pt-pt\/"},{"@type":"ListItem","position":2,"name":"Produtos","item":"https:\/\/chemitool.com\/pt-pt\/produtos\/"},{"@type":"ListItem","position":3,"name":"Tools","item":"https:\/\/chemitool.com\/pt-pt\/categoria-produto\/tools\/"},{"@type":"ListItem","position":4,"name":"Escadas e Escadotes","item":"https:\/\/chemitool.com\/pt-pt\/categoria-produto\/tools\/escadas-e-escadotes\/"},{"@type":"ListItem","position":5,"name":"Membrana L\u00edquida Impermeabiliza\u00e7\u00e3o MS CHEMICOAT"}]}]}},"_links":{"self":[{"href":"https:\/\/chemitool.com\/pt-pt\/wp-json\/wp\/v2\/product\/24237"}],"collection":[{"href":"https:\/\/chemitool.com\/pt-pt\/wp-json\/wp\/v2\/product"}],"about":[{"href":"https:\/\/chemitool.com\/pt-pt\/wp-json\/wp\/v2\/types\/product"}],"wp:featuredmedia":[{"embeddable":true,"href":"https:\/\/chemitool.com\/pt-pt\/wp-json\/wp\/v2\/media\/24292"}],"wp:attachment":[{"href":"https:\/\/chemitool.com\/pt-pt\/wp-json\/wp\/v2\/media?parent=24237"}],"wp:term":[{"taxonomy":"product_cat","embeddable":true,"href":"https:\/\/chemitool.com\/pt-pt\/wp-json\/wp\/v2\/product_cat?post=24237"},{"taxonomy":"product_tag","embeddable":true,"href":"https:\/\/chemitool.com\/pt-pt\/wp-json\/wp\/v2\/product_tag?post=24237"}],"curies":[{"name":"wp","href":"https:\/\/api.w.org\/{rel}","templated":true}]}}