{"id":24103,"date":"2022-06-28T09:49:33","date_gmt":"2022-06-28T09:49:33","guid":{"rendered":"https:\/\/chemitool.com\/?post_type=product&#038;p=24103"},"modified":"2024-10-22T11:01:01","modified_gmt":"2024-10-22T11:01:01","slug":"torno-de-bancada-fixo","status":"publish","type":"product","link":"https:\/\/chemitool.com\/pt-pt\/products\/tools\/ferramentas-construcao\/tornos-de-bancada\/torno-de-bancada-fixo\/","title":{"rendered":"TORNO DE BANCADA FIXO"},"content":{"rendered":"<ul>\n<li>Para prender ou fixar uma pe\u00e7a de trabalho para permitir um trabalho mais simples e seguro<\/li>\n<li>Mordentes de a\u00e7o temperado substitu\u00edveis<\/li>\n<li>Punho de a\u00e7o fundido<\/li>\n<li>Parafuso principal de a\u00e7o maquinado com rosca laminada para resist\u00eancia ao desgaste e bom funcionamento<\/li>\n<li>Totalmente maquinado em todas as superf\u00edcies de suporte de carga<\/li>\n<li>Com garras em a\u00e7o endurecido para fixa\u00e7\u00e3o de tubos<\/li>\n<\/ul>\n<p><strong>CAMPOS DE APLICA\u00c7\u00c3O<\/strong><\/p>\n<ul>\n<li>Fabrica\u00e7\u00e3o de pe\u00e7as met\u00e1licas<\/li>\n<li>Fabrica\u00e7\u00e3o de componentes personalizados<\/li>\n<li>Repara\u00e7\u00e3o e manuten\u00e7\u00e3o de equipamentos<\/li>\n<\/ul>\n","protected":false},"excerpt":{"rendered":"<p><em>Torno de Bancada Fixo CHEMITOOL,\u00a0<\/em>projetado para ser robusto e est\u00e1vel. Em a\u00e7o SG2 o que lhe proporciona uma boa combina\u00e7\u00e3o de resist\u00eancia ao desgaste e tenacidade, ideal para aplica\u00e7\u00f5es em ambientes industriais ou oficinas.<\/p>\n","protected":false},"featured_media":40025,"template":"","meta":[],"product_cat":[1455,3836,5020],"product_tag":[],"yoast_head":"<!-- This site is optimized with the Yoast SEO plugin v17.4 - https:\/\/yoast.com\/wordpress\/plugins\/seo\/ -->\n<title>TORNO DE BANCADA FIXO &ndash; Chemitool<\/title>\n<meta name=\"description\" content=\"Torno de Bancada Fixo CHEMITOOL,\u00a0projetado para ser robusto e est\u00e1vel. Em a\u00e7o SG2 o que lhe proporciona uma boa combina\u00e7\u00e3o de resist\u00eancia ao desgaste e tenacidade, ideal para aplica\u00e7\u00f5es em ambientes industriais ou oficinas.\" \/>\n<meta name=\"robots\" content=\"index, follow, max-snippet:-1, max-image-preview:large, max-video-preview:-1\" \/>\n<link rel=\"canonical\" href=\"https:\/\/chemitool.com\/pt-pt\/products\/tools\/ferramentas-construcao\/tornos-de-bancada\/torno-de-bancada-fixo\/\" \/>\n<meta property=\"og:locale\" content=\"pt_PT\" \/>\n<meta property=\"og:type\" content=\"article\" \/>\n<meta property=\"og:title\" content=\"TORNO DE BANCADA FIXO &ndash; Chemitool\" \/>\n<meta property=\"og:description\" content=\"Torno de Bancada Fixo CHEMITOOL,\u00a0projetado para ser robusto e est\u00e1vel. Em a\u00e7o SG2 o que lhe proporciona uma boa combina\u00e7\u00e3o de resist\u00eancia ao desgaste e tenacidade, ideal para aplica\u00e7\u00f5es em ambientes industriais ou oficinas.\" \/>\n<meta property=\"og:url\" content=\"https:\/\/chemitool.com\/pt-pt\/products\/tools\/ferramentas-construcao\/tornos-de-bancada\/torno-de-bancada-fixo\/\" \/>\n<meta property=\"og:site_name\" content=\"Chemitool\" \/>\n<meta property=\"article:publisher\" content=\"https:\/\/www.facebook.com\/chemitool\" \/>\n<meta property=\"article:modified_time\" content=\"2024-10-22T11:01:01+00:00\" \/>\n<meta property=\"og:image\" content=\"https:\/\/chemitool.com\/wp-content\/uploads\/2024\/10\/CHT20010000_WEB.png\" \/>\n\t<meta property=\"og:image:width\" content=\"800\" \/>\n\t<meta property=\"og:image:height\" content=\"800\" \/>\n<meta name=\"twitter:card\" content=\"summary_large_image\" \/>\n<script type=\"application\/ld+json\" class=\"yoast-schema-graph\">{\"@context\":\"https:\/\/schema.org\",\"@graph\":[{\"@type\":\"Organization\",\"@id\":\"https:\/\/chemitool.com\/#organization\",\"name\":\"Chemitool\",\"url\":\"https:\/\/chemitool.com\/\",\"sameAs\":[\"https:\/\/www.facebook.com\/chemitool\",\"https:\/\/www.instagram.com\/chemitool\/\"],\"logo\":{\"@type\":\"ImageObject\",\"@id\":\"https:\/\/chemitool.com\/#logo\",\"inLanguage\":\"pt-PT\",\"url\":\"https:\/\/chemitool.com\/wp-content\/uploads\/2020\/10\/logo_chemitool.png\",\"contentUrl\":\"https:\/\/chemitool.com\/wp-content\/uploads\/2020\/10\/logo_chemitool.png\",\"width\":400,\"height\":400,\"caption\":\"Chemitool\"},\"image\":{\"@id\":\"https:\/\/chemitool.com\/#logo\"}},{\"@type\":\"WebSite\",\"@id\":\"https:\/\/chemitool.com\/#website\",\"url\":\"https:\/\/chemitool.com\/\",\"name\":\"Chemitool\",\"description\":\"Chemitool - hardware and tools\",\"publisher\":{\"@id\":\"https:\/\/chemitool.com\/#organization\"},\"potentialAction\":[{\"@type\":\"SearchAction\",\"target\":{\"@type\":\"EntryPoint\",\"urlTemplate\":\"https:\/\/chemitool.com\/?s={search_term_string}\"},\"query-input\":\"required name=search_term_string\"}],\"inLanguage\":\"pt-PT\"},{\"@type\":\"ImageObject\",\"@id\":\"https:\/\/chemitool.com\/pt-pt\/products\/tools\/ferramentas-construcao\/tornos-de-bancada\/torno-de-bancada-fixo\/#primaryimage\",\"inLanguage\":\"pt-PT\",\"url\":\"https:\/\/chemitool.com\/wp-content\/uploads\/2024\/10\/CHT20010000_WEB.png\",\"contentUrl\":\"https:\/\/chemitool.com\/wp-content\/uploads\/2024\/10\/CHT20010000_WEB.png\",\"width\":800,\"height\":800},{\"@type\":\"WebPage\",\"@id\":\"https:\/\/chemitool.com\/pt-pt\/products\/tools\/ferramentas-construcao\/tornos-de-bancada\/torno-de-bancada-fixo\/#webpage\",\"url\":\"https:\/\/chemitool.com\/pt-pt\/products\/tools\/ferramentas-construcao\/tornos-de-bancada\/torno-de-bancada-fixo\/\",\"name\":\"TORNO DE BANCADA FIXO &ndash; Chemitool\",\"isPartOf\":{\"@id\":\"https:\/\/chemitool.com\/#website\"},\"primaryImageOfPage\":{\"@id\":\"https:\/\/chemitool.com\/pt-pt\/products\/tools\/ferramentas-construcao\/tornos-de-bancada\/torno-de-bancada-fixo\/#primaryimage\"},\"datePublished\":\"2022-06-28T09:49:33+00:00\",\"dateModified\":\"2024-10-22T11:01:01+00:00\",\"description\":\"Torno de Bancada Fixo CHEMITOOL,\\u00a0projetado para ser robusto e est\\u00e1vel. Em a\\u00e7o SG2 o que lhe proporciona uma boa combina\\u00e7\\u00e3o de resist\\u00eancia ao desgaste e tenacidade, ideal para aplica\\u00e7\\u00f5es em ambientes industriais ou oficinas.\",\"breadcrumb\":{\"@id\":\"https:\/\/chemitool.com\/pt-pt\/products\/tools\/ferramentas-construcao\/tornos-de-bancada\/torno-de-bancada-fixo\/#breadcrumb\"},\"inLanguage\":\"pt-PT\",\"potentialAction\":[{\"@type\":\"ReadAction\",\"target\":[\"https:\/\/chemitool.com\/pt-pt\/products\/tools\/ferramentas-construcao\/tornos-de-bancada\/torno-de-bancada-fixo\/\"]}]},{\"@type\":\"BreadcrumbList\",\"@id\":\"https:\/\/chemitool.com\/pt-pt\/products\/tools\/ferramentas-construcao\/tornos-de-bancada\/torno-de-bancada-fixo\/#breadcrumb\",\"itemListElement\":[{\"@type\":\"ListItem\",\"position\":1,\"name\":\"Home\",\"item\":\"https:\/\/chemitool.com\/pt-pt\/\"},{\"@type\":\"ListItem\",\"position\":2,\"name\":\"Produtos\",\"item\":\"https:\/\/chemitool.com\/pt-pt\/produtos\/\"},{\"@type\":\"ListItem\",\"position\":3,\"name\":\"Tools\",\"item\":\"https:\/\/chemitool.com\/pt-pt\/categoria-produto\/tools\/\"},{\"@type\":\"ListItem\",\"position\":4,\"name\":\"Escadas e Escadotes\",\"item\":\"https:\/\/chemitool.com\/pt-pt\/categoria-produto\/tools\/escadas-e-escadotes\/\"},{\"@type\":\"ListItem\",\"position\":5,\"name\":\"TORNO DE BANCADA FIXO\"}]}]}<\/script>\n<!-- \/ Yoast SEO plugin. -->","yoast_head_json":{"title":"TORNO DE BANCADA FIXO &ndash; Chemitool","description":"Torno de Bancada Fixo CHEMITOOL,\u00a0projetado para ser robusto e est\u00e1vel. Em a\u00e7o SG2 o que lhe proporciona uma boa combina\u00e7\u00e3o de resist\u00eancia ao desgaste e tenacidade, ideal para aplica\u00e7\u00f5es em ambientes industriais ou oficinas.","robots":{"index":"index","follow":"follow","max-snippet":"max-snippet:-1","max-image-preview":"max-image-preview:large","max-video-preview":"max-video-preview:-1"},"canonical":"https:\/\/chemitool.com\/pt-pt\/products\/tools\/ferramentas-construcao\/tornos-de-bancada\/torno-de-bancada-fixo\/","og_locale":"pt_PT","og_type":"article","og_title":"TORNO DE BANCADA FIXO &ndash; Chemitool","og_description":"Torno de Bancada Fixo CHEMITOOL,\u00a0projetado para ser robusto e est\u00e1vel. Em a\u00e7o SG2 o que lhe proporciona uma boa combina\u00e7\u00e3o de resist\u00eancia ao desgaste e tenacidade, ideal para aplica\u00e7\u00f5es em ambientes industriais ou oficinas.","og_url":"https:\/\/chemitool.com\/pt-pt\/products\/tools\/ferramentas-construcao\/tornos-de-bancada\/torno-de-bancada-fixo\/","og_site_name":"Chemitool","article_publisher":"https:\/\/www.facebook.com\/chemitool","article_modified_time":"2024-10-22T11:01:01+00:00","og_image":[{"width":800,"height":800,"url":"https:\/\/chemitool.com\/wp-content\/uploads\/2024\/10\/CHT20010000_WEB.png","type":"image\/png"}],"twitter_card":"summary_large_image","schema":{"@context":"https:\/\/schema.org","@graph":[{"@type":"Organization","@id":"https:\/\/chemitool.com\/#organization","name":"Chemitool","url":"https:\/\/chemitool.com\/","sameAs":["https:\/\/www.facebook.com\/chemitool","https:\/\/www.instagram.com\/chemitool\/"],"logo":{"@type":"ImageObject","@id":"https:\/\/chemitool.com\/#logo","inLanguage":"pt-PT","url":"https:\/\/chemitool.com\/wp-content\/uploads\/2020\/10\/logo_chemitool.png","contentUrl":"https:\/\/chemitool.com\/wp-content\/uploads\/2020\/10\/logo_chemitool.png","width":400,"height":400,"caption":"Chemitool"},"image":{"@id":"https:\/\/chemitool.com\/#logo"}},{"@type":"WebSite","@id":"https:\/\/chemitool.com\/#website","url":"https:\/\/chemitool.com\/","name":"Chemitool","description":"Chemitool - hardware and tools","publisher":{"@id":"https:\/\/chemitool.com\/#organization"},"potentialAction":[{"@type":"SearchAction","target":{"@type":"EntryPoint","urlTemplate":"https:\/\/chemitool.com\/?s={search_term_string}"},"query-input":"required name=search_term_string"}],"inLanguage":"pt-PT"},{"@type":"ImageObject","@id":"https:\/\/chemitool.com\/pt-pt\/products\/tools\/ferramentas-construcao\/tornos-de-bancada\/torno-de-bancada-fixo\/#primaryimage","inLanguage":"pt-PT","url":"https:\/\/chemitool.com\/wp-content\/uploads\/2024\/10\/CHT20010000_WEB.png","contentUrl":"https:\/\/chemitool.com\/wp-content\/uploads\/2024\/10\/CHT20010000_WEB.png","width":800,"height":800},{"@type":"WebPage","@id":"https:\/\/chemitool.com\/pt-pt\/products\/tools\/ferramentas-construcao\/tornos-de-bancada\/torno-de-bancada-fixo\/#webpage","url":"https:\/\/chemitool.com\/pt-pt\/products\/tools\/ferramentas-construcao\/tornos-de-bancada\/torno-de-bancada-fixo\/","name":"TORNO DE BANCADA FIXO &ndash; Chemitool","isPartOf":{"@id":"https:\/\/chemitool.com\/#website"},"primaryImageOfPage":{"@id":"https:\/\/chemitool.com\/pt-pt\/products\/tools\/ferramentas-construcao\/tornos-de-bancada\/torno-de-bancada-fixo\/#primaryimage"},"datePublished":"2022-06-28T09:49:33+00:00","dateModified":"2024-10-22T11:01:01+00:00","description":"Torno de Bancada Fixo CHEMITOOL,\u00a0projetado para ser robusto e est\u00e1vel. Em a\u00e7o SG2 o que lhe proporciona uma boa combina\u00e7\u00e3o de resist\u00eancia ao desgaste e tenacidade, ideal para aplica\u00e7\u00f5es em ambientes industriais ou oficinas.","breadcrumb":{"@id":"https:\/\/chemitool.com\/pt-pt\/products\/tools\/ferramentas-construcao\/tornos-de-bancada\/torno-de-bancada-fixo\/#breadcrumb"},"inLanguage":"pt-PT","potentialAction":[{"@type":"ReadAction","target":["https:\/\/chemitool.com\/pt-pt\/products\/tools\/ferramentas-construcao\/tornos-de-bancada\/torno-de-bancada-fixo\/"]}]},{"@type":"BreadcrumbList","@id":"https:\/\/chemitool.com\/pt-pt\/products\/tools\/ferramentas-construcao\/tornos-de-bancada\/torno-de-bancada-fixo\/#breadcrumb","itemListElement":[{"@type":"ListItem","position":1,"name":"Home","item":"https:\/\/chemitool.com\/pt-pt\/"},{"@type":"ListItem","position":2,"name":"Produtos","item":"https:\/\/chemitool.com\/pt-pt\/produtos\/"},{"@type":"ListItem","position":3,"name":"Tools","item":"https:\/\/chemitool.com\/pt-pt\/categoria-produto\/tools\/"},{"@type":"ListItem","position":4,"name":"Escadas e Escadotes","item":"https:\/\/chemitool.com\/pt-pt\/categoria-produto\/tools\/escadas-e-escadotes\/"},{"@type":"ListItem","position":5,"name":"TORNO DE BANCADA FIXO"}]}]}},"_links":{"self":[{"href":"https:\/\/chemitool.com\/pt-pt\/wp-json\/wp\/v2\/product\/24103"}],"collection":[{"href":"https:\/\/chemitool.com\/pt-pt\/wp-json\/wp\/v2\/product"}],"about":[{"href":"https:\/\/chemitool.com\/pt-pt\/wp-json\/wp\/v2\/types\/product"}],"wp:featuredmedia":[{"embeddable":true,"href":"https:\/\/chemitool.com\/pt-pt\/wp-json\/wp\/v2\/media\/40025"}],"wp:attachment":[{"href":"https:\/\/chemitool.com\/pt-pt\/wp-json\/wp\/v2\/media?parent=24103"}],"wp:term":[{"taxonomy":"product_cat","embeddable":true,"href":"https:\/\/chemitool.com\/pt-pt\/wp-json\/wp\/v2\/product_cat?post=24103"},{"taxonomy":"product_tag","embeddable":true,"href":"https:\/\/chemitool.com\/pt-pt\/wp-json\/wp\/v2\/product_tag?post=24103"}],"curies":[{"name":"wp","href":"https:\/\/api.w.org\/{rel}","templated":true}]}}