{"id":24056,"date":"2022-06-27T15:28:39","date_gmt":"2022-06-27T15:28:43","guid":{"rendered":"https:\/\/chemitool.com\/?post_type=product&#038;p=24056"},"modified":"2022-06-28T08:40:54","modified_gmt":"2022-06-28T08:40:54","slug":"mascara-com-filtro-e-bateria","status":"publish","type":"product","link":"https:\/\/chemitool.com\/pt-pt\/products\/welding\/mascaras-de-soldadura\/mascara-com-filtro-e-bateria\/","title":{"rendered":"M\u00c1SCARA COM FILTRO E BATERIA"},"content":{"rendered":"<ul>\n<li>Design Flip-up multifuncional<\/li>\n<li>Excelente capacidade de bateria: capaz de durar o dia inteiro<\/li>\n<li>Extra confort\u00e1vel<\/li>\n<li>Lentes de sensibilidade flip-up &#8211; 4 sensores de sensibilidade<\/li>\n<li>Modo de soldadura, corte, acabamento e desbaste<\/li>\n<li>Fornecimento inteligente de ar<\/li>\n<\/ul>\n<p><strong>Aplica\u00e7\u00f5es<\/strong><\/p>\n<p>Soldadura com el\u00e9trodo revestido (SMAW); TIG DC&amp;AC; TIG Pulse DC; TIG Pulse AC; MIG\/MAG\/CO2; MIG\/MAG Pulse; Corte Plasma (PAC); Soldadura Plasma (PAW); Corte por Carbono (CAC-A); Soldadura a g\u00e1s Oxyfuel (OFW); Corte a Oxigenio (OC); Desbaste.<\/p>\n","protected":false},"excerpt":{"rendered":"<p><b class=\"sap-label\">SAP:<\/b> <span class=\"codesap-label\"> CHT442400 <\/span><br \/>\n<em>A M\u00e1scara de Cabe\u00e7a CHEMITOOL\u00a0<\/em>possui um capacete flip-up de f\u00e1cil levantamento para a fun\u00e7\u00e3o de desbaste, adequando com o modo de soldadura\/corte\/retifica\u00e7\u00e3o. A lente transparente para desbaste \u00e9 curva com grande \u00e1rea de visualiza\u00e7\u00e3o (20&#215;12 cm). Lente com vidro da mais alta classe \u00f3ptica -1\/1\/1\/1- fornece uma vis\u00e3o clara do arco durante a soldadura.<\/p>\n","protected":false},"featured_media":24059,"template":"","meta":[],"product_cat":[1461,4163],"product_tag":[],"yoast_head":"<!-- This site is optimized with the Yoast SEO plugin v17.4 - https:\/\/yoast.com\/wordpress\/plugins\/seo\/ -->\n<title>M\u00c1SCARA COM FILTRO E BATERIA &ndash; Chemitool<\/title>\n<meta name=\"description\" content=\"SAP: CHT442400  A M\u00e1scara de Cabe\u00e7a CHEMITOOL\u00a0possui um capacete flip-up de f\u00e1cil levantamento para a fun\u00e7\u00e3o de desbaste, adequando com o modo de soldadura\/corte\/retifica\u00e7\u00e3o. A lente transparente para desbaste \u00e9 curva com grande \u00e1rea de visualiza\u00e7\u00e3o (20x12 cm). Lente com vidro da mais alta classe \u00f3ptica -1\/1\/1\/1- fornece uma vis\u00e3o clara do arco durante a soldadura.\" \/>\n<meta name=\"robots\" content=\"index, follow, max-snippet:-1, max-image-preview:large, max-video-preview:-1\" \/>\n<link rel=\"canonical\" href=\"https:\/\/chemitool.com\/pt-pt\/products\/welding\/mascaras-de-soldadura\/mascara-com-filtro-e-bateria\/\" \/>\n<meta property=\"og:locale\" content=\"pt_PT\" \/>\n<meta property=\"og:type\" content=\"article\" \/>\n<meta property=\"og:title\" content=\"M\u00c1SCARA COM FILTRO E BATERIA &ndash; Chemitool\" \/>\n<meta property=\"og:description\" content=\"SAP: CHT442400  A M\u00e1scara de Cabe\u00e7a CHEMITOOL\u00a0possui um capacete flip-up de f\u00e1cil levantamento para a fun\u00e7\u00e3o de desbaste, adequando com o modo de soldadura\/corte\/retifica\u00e7\u00e3o. A lente transparente para desbaste \u00e9 curva com grande \u00e1rea de visualiza\u00e7\u00e3o (20x12 cm). Lente com vidro da mais alta classe \u00f3ptica -1\/1\/1\/1- fornece uma vis\u00e3o clara do arco durante a soldadura.\" \/>\n<meta property=\"og:url\" content=\"https:\/\/chemitool.com\/pt-pt\/products\/welding\/mascaras-de-soldadura\/mascara-com-filtro-e-bateria\/\" \/>\n<meta property=\"og:site_name\" content=\"Chemitool\" \/>\n<meta property=\"article:publisher\" content=\"https:\/\/www.facebook.com\/chemitool\" \/>\n<meta property=\"article:modified_time\" content=\"2022-06-28T08:40:54+00:00\" \/>\n<meta property=\"og:image\" content=\"https:\/\/chemitool.com\/wp-content\/uploads\/2022\/06\/CHT442400.png\" \/>\n\t<meta property=\"og:image:width\" content=\"800\" \/>\n\t<meta property=\"og:image:height\" content=\"800\" \/>\n<meta name=\"twitter:card\" content=\"summary_large_image\" \/>\n<script type=\"application\/ld+json\" class=\"yoast-schema-graph\">{\"@context\":\"https:\/\/schema.org\",\"@graph\":[{\"@type\":\"Organization\",\"@id\":\"https:\/\/chemitool.com\/#organization\",\"name\":\"Chemitool\",\"url\":\"https:\/\/chemitool.com\/\",\"sameAs\":[\"https:\/\/www.facebook.com\/chemitool\",\"https:\/\/www.instagram.com\/chemitool\/\"],\"logo\":{\"@type\":\"ImageObject\",\"@id\":\"https:\/\/chemitool.com\/#logo\",\"inLanguage\":\"pt-PT\",\"url\":\"https:\/\/chemitool.com\/wp-content\/uploads\/2020\/10\/logo_chemitool.png\",\"contentUrl\":\"https:\/\/chemitool.com\/wp-content\/uploads\/2020\/10\/logo_chemitool.png\",\"width\":400,\"height\":400,\"caption\":\"Chemitool\"},\"image\":{\"@id\":\"https:\/\/chemitool.com\/#logo\"}},{\"@type\":\"WebSite\",\"@id\":\"https:\/\/chemitool.com\/#website\",\"url\":\"https:\/\/chemitool.com\/\",\"name\":\"Chemitool\",\"description\":\"Chemitool - hardware and tools\",\"publisher\":{\"@id\":\"https:\/\/chemitool.com\/#organization\"},\"potentialAction\":[{\"@type\":\"SearchAction\",\"target\":{\"@type\":\"EntryPoint\",\"urlTemplate\":\"https:\/\/chemitool.com\/?s={search_term_string}\"},\"query-input\":\"required name=search_term_string\"}],\"inLanguage\":\"pt-PT\"},{\"@type\":\"ImageObject\",\"@id\":\"https:\/\/chemitool.com\/pt-pt\/products\/welding\/mascaras-de-soldadura\/mascara-com-filtro-e-bateria\/#primaryimage\",\"inLanguage\":\"pt-PT\",\"url\":\"https:\/\/chemitool.com\/wp-content\/uploads\/2022\/06\/CHT442400.png\",\"contentUrl\":\"https:\/\/chemitool.com\/wp-content\/uploads\/2022\/06\/CHT442400.png\",\"width\":800,\"height\":800},{\"@type\":\"WebPage\",\"@id\":\"https:\/\/chemitool.com\/pt-pt\/products\/welding\/mascaras-de-soldadura\/mascara-com-filtro-e-bateria\/#webpage\",\"url\":\"https:\/\/chemitool.com\/pt-pt\/products\/welding\/mascaras-de-soldadura\/mascara-com-filtro-e-bateria\/\",\"name\":\"M\\u00c1SCARA COM FILTRO E BATERIA &ndash; Chemitool\",\"isPartOf\":{\"@id\":\"https:\/\/chemitool.com\/#website\"},\"primaryImageOfPage\":{\"@id\":\"https:\/\/chemitool.com\/pt-pt\/products\/welding\/mascaras-de-soldadura\/mascara-com-filtro-e-bateria\/#primaryimage\"},\"datePublished\":\"2022-06-27T15:28:43+00:00\",\"dateModified\":\"2022-06-28T08:40:54+00:00\",\"description\":\"SAP: CHT442400 A M\\u00e1scara de Cabe\\u00e7a CHEMITOOL\\u00a0possui um capacete flip-up de f\\u00e1cil levantamento para a fun\\u00e7\\u00e3o de desbaste, adequando com o modo de soldadura\/corte\/retifica\\u00e7\\u00e3o. A lente transparente para desbaste \\u00e9 curva com grande \\u00e1rea de visualiza\\u00e7\\u00e3o (20x12 cm). Lente com vidro da mais alta classe \\u00f3ptica -1\/1\/1\/1- fornece uma vis\\u00e3o clara do arco durante a soldadura.\",\"breadcrumb\":{\"@id\":\"https:\/\/chemitool.com\/pt-pt\/products\/welding\/mascaras-de-soldadura\/mascara-com-filtro-e-bateria\/#breadcrumb\"},\"inLanguage\":\"pt-PT\",\"potentialAction\":[{\"@type\":\"ReadAction\",\"target\":[\"https:\/\/chemitool.com\/pt-pt\/products\/welding\/mascaras-de-soldadura\/mascara-com-filtro-e-bateria\/\"]}]},{\"@type\":\"BreadcrumbList\",\"@id\":\"https:\/\/chemitool.com\/pt-pt\/products\/welding\/mascaras-de-soldadura\/mascara-com-filtro-e-bateria\/#breadcrumb\",\"itemListElement\":[{\"@type\":\"ListItem\",\"position\":1,\"name\":\"Home\",\"item\":\"https:\/\/chemitool.com\/pt-pt\/\"},{\"@type\":\"ListItem\",\"position\":2,\"name\":\"Produtos\",\"item\":\"https:\/\/chemitool.com\/pt-pt\/produtos\/\"},{\"@type\":\"ListItem\",\"position\":3,\"name\":\"Tools\",\"item\":\"https:\/\/chemitool.com\/pt-pt\/categoria-produto\/tools\/\"},{\"@type\":\"ListItem\",\"position\":4,\"name\":\"Escadas e Escadotes\",\"item\":\"https:\/\/chemitool.com\/pt-pt\/categoria-produto\/tools\/escadas-e-escadotes\/\"},{\"@type\":\"ListItem\",\"position\":5,\"name\":\"M\\u00c1SCARA COM FILTRO E BATERIA\"}]}]}<\/script>\n<!-- \/ Yoast SEO plugin. -->","yoast_head_json":{"title":"M\u00c1SCARA COM FILTRO E BATERIA &ndash; Chemitool","description":"SAP: CHT442400  A M\u00e1scara de Cabe\u00e7a CHEMITOOL\u00a0possui um capacete flip-up de f\u00e1cil levantamento para a fun\u00e7\u00e3o de desbaste, adequando com o modo de soldadura\/corte\/retifica\u00e7\u00e3o. A lente transparente para desbaste \u00e9 curva com grande \u00e1rea de visualiza\u00e7\u00e3o (20x12 cm). Lente com vidro da mais alta classe \u00f3ptica -1\/1\/1\/1- fornece uma vis\u00e3o clara do arco durante a soldadura.","robots":{"index":"index","follow":"follow","max-snippet":"max-snippet:-1","max-image-preview":"max-image-preview:large","max-video-preview":"max-video-preview:-1"},"canonical":"https:\/\/chemitool.com\/pt-pt\/products\/welding\/mascaras-de-soldadura\/mascara-com-filtro-e-bateria\/","og_locale":"pt_PT","og_type":"article","og_title":"M\u00c1SCARA COM FILTRO E BATERIA &ndash; Chemitool","og_description":"SAP: CHT442400  A M\u00e1scara de Cabe\u00e7a CHEMITOOL\u00a0possui um capacete flip-up de f\u00e1cil levantamento para a fun\u00e7\u00e3o de desbaste, adequando com o modo de soldadura\/corte\/retifica\u00e7\u00e3o. A lente transparente para desbaste \u00e9 curva com grande \u00e1rea de visualiza\u00e7\u00e3o (20x12 cm). Lente com vidro da mais alta classe \u00f3ptica -1\/1\/1\/1- fornece uma vis\u00e3o clara do arco durante a soldadura.","og_url":"https:\/\/chemitool.com\/pt-pt\/products\/welding\/mascaras-de-soldadura\/mascara-com-filtro-e-bateria\/","og_site_name":"Chemitool","article_publisher":"https:\/\/www.facebook.com\/chemitool","article_modified_time":"2022-06-28T08:40:54+00:00","og_image":[{"width":800,"height":800,"url":"https:\/\/chemitool.com\/wp-content\/uploads\/2022\/06\/CHT442400.png","type":"image\/png"}],"twitter_card":"summary_large_image","schema":{"@context":"https:\/\/schema.org","@graph":[{"@type":"Organization","@id":"https:\/\/chemitool.com\/#organization","name":"Chemitool","url":"https:\/\/chemitool.com\/","sameAs":["https:\/\/www.facebook.com\/chemitool","https:\/\/www.instagram.com\/chemitool\/"],"logo":{"@type":"ImageObject","@id":"https:\/\/chemitool.com\/#logo","inLanguage":"pt-PT","url":"https:\/\/chemitool.com\/wp-content\/uploads\/2020\/10\/logo_chemitool.png","contentUrl":"https:\/\/chemitool.com\/wp-content\/uploads\/2020\/10\/logo_chemitool.png","width":400,"height":400,"caption":"Chemitool"},"image":{"@id":"https:\/\/chemitool.com\/#logo"}},{"@type":"WebSite","@id":"https:\/\/chemitool.com\/#website","url":"https:\/\/chemitool.com\/","name":"Chemitool","description":"Chemitool - hardware and tools","publisher":{"@id":"https:\/\/chemitool.com\/#organization"},"potentialAction":[{"@type":"SearchAction","target":{"@type":"EntryPoint","urlTemplate":"https:\/\/chemitool.com\/?s={search_term_string}"},"query-input":"required name=search_term_string"}],"inLanguage":"pt-PT"},{"@type":"ImageObject","@id":"https:\/\/chemitool.com\/pt-pt\/products\/welding\/mascaras-de-soldadura\/mascara-com-filtro-e-bateria\/#primaryimage","inLanguage":"pt-PT","url":"https:\/\/chemitool.com\/wp-content\/uploads\/2022\/06\/CHT442400.png","contentUrl":"https:\/\/chemitool.com\/wp-content\/uploads\/2022\/06\/CHT442400.png","width":800,"height":800},{"@type":"WebPage","@id":"https:\/\/chemitool.com\/pt-pt\/products\/welding\/mascaras-de-soldadura\/mascara-com-filtro-e-bateria\/#webpage","url":"https:\/\/chemitool.com\/pt-pt\/products\/welding\/mascaras-de-soldadura\/mascara-com-filtro-e-bateria\/","name":"M\u00c1SCARA COM FILTRO E BATERIA &ndash; Chemitool","isPartOf":{"@id":"https:\/\/chemitool.com\/#website"},"primaryImageOfPage":{"@id":"https:\/\/chemitool.com\/pt-pt\/products\/welding\/mascaras-de-soldadura\/mascara-com-filtro-e-bateria\/#primaryimage"},"datePublished":"2022-06-27T15:28:43+00:00","dateModified":"2022-06-28T08:40:54+00:00","description":"SAP: CHT442400 A M\u00e1scara de Cabe\u00e7a CHEMITOOL\u00a0possui um capacete flip-up de f\u00e1cil levantamento para a fun\u00e7\u00e3o de desbaste, adequando com o modo de soldadura\/corte\/retifica\u00e7\u00e3o. A lente transparente para desbaste \u00e9 curva com grande \u00e1rea de visualiza\u00e7\u00e3o (20x12 cm). Lente com vidro da mais alta classe \u00f3ptica -1\/1\/1\/1- fornece uma vis\u00e3o clara do arco durante a soldadura.","breadcrumb":{"@id":"https:\/\/chemitool.com\/pt-pt\/products\/welding\/mascaras-de-soldadura\/mascara-com-filtro-e-bateria\/#breadcrumb"},"inLanguage":"pt-PT","potentialAction":[{"@type":"ReadAction","target":["https:\/\/chemitool.com\/pt-pt\/products\/welding\/mascaras-de-soldadura\/mascara-com-filtro-e-bateria\/"]}]},{"@type":"BreadcrumbList","@id":"https:\/\/chemitool.com\/pt-pt\/products\/welding\/mascaras-de-soldadura\/mascara-com-filtro-e-bateria\/#breadcrumb","itemListElement":[{"@type":"ListItem","position":1,"name":"Home","item":"https:\/\/chemitool.com\/pt-pt\/"},{"@type":"ListItem","position":2,"name":"Produtos","item":"https:\/\/chemitool.com\/pt-pt\/produtos\/"},{"@type":"ListItem","position":3,"name":"Tools","item":"https:\/\/chemitool.com\/pt-pt\/categoria-produto\/tools\/"},{"@type":"ListItem","position":4,"name":"Escadas e Escadotes","item":"https:\/\/chemitool.com\/pt-pt\/categoria-produto\/tools\/escadas-e-escadotes\/"},{"@type":"ListItem","position":5,"name":"M\u00c1SCARA COM FILTRO E BATERIA"}]}]}},"_links":{"self":[{"href":"https:\/\/chemitool.com\/pt-pt\/wp-json\/wp\/v2\/product\/24056"}],"collection":[{"href":"https:\/\/chemitool.com\/pt-pt\/wp-json\/wp\/v2\/product"}],"about":[{"href":"https:\/\/chemitool.com\/pt-pt\/wp-json\/wp\/v2\/types\/product"}],"wp:featuredmedia":[{"embeddable":true,"href":"https:\/\/chemitool.com\/pt-pt\/wp-json\/wp\/v2\/media\/24059"}],"wp:attachment":[{"href":"https:\/\/chemitool.com\/pt-pt\/wp-json\/wp\/v2\/media?parent=24056"}],"wp:term":[{"taxonomy":"product_cat","embeddable":true,"href":"https:\/\/chemitool.com\/pt-pt\/wp-json\/wp\/v2\/product_cat?post=24056"},{"taxonomy":"product_tag","embeddable":true,"href":"https:\/\/chemitool.com\/pt-pt\/wp-json\/wp\/v2\/product_tag?post=24056"}],"curies":[{"name":"wp","href":"https:\/\/api.w.org\/{rel}","templated":true}]}}