{"id":23703,"date":"2022-06-21T16:26:32","date_gmt":"2022-06-21T16:26:33","guid":{"rendered":"https:\/\/chemitool.com\/?post_type=product&#038;p=23703"},"modified":"2023-05-08T09:37:01","modified_gmt":"2023-05-08T09:37:01","slug":"luva-nitrilo-laranja-texturada","status":"publish","type":"product","link":"https:\/\/chemitool.com\/pt-pt\/products\/safety\/luvas-de-seguranca\/luvas-descartaveis\/luva-nitrilo-laranja-texturada\/","title":{"rendered":"LUVA NITRILO GTOUCH LARANJA TEXTURADA"},"content":{"rendered":"<ul>\n<li>Ambidestras<\/li>\n<li>Punho enrolado<\/li>\n<li>Textura diamante 360\u00ba<\/li>\n<li>Extra grip<\/li>\n<li>Alta visibilidade<\/li>\n<li>5x mais resistentes do que luvas convencionais<\/li>\n<li>Indicado para pessoas com alergia ao l\u00e1tex<\/li>\n<li>Recomendada para: Montagens, pinturas em spray, ind\u00fastria autom\u00f3vel, servi\u00e7os de limpeza, agricultura\/horticultura; Transforma\u00e7\u00e3o e manuseamento de alimentos. Manuten\u00e7\u00e3o e limpeza de equipamento e manuseamento de produtos qu\u00edmicos.<\/li>\n<\/ul>\n<p><img class=\"alignnone size-full wp-image-23713\" src=\"https:\/\/chemitool.com\/wp-content\/uploads\/2022\/06\/CE_CAT3_only.png\" alt=\"\" width=\"104\" height=\"119\" \/><img class=\"alignnone size-full wp-image-32743\" src=\"https:\/\/chemitool.com\/wp-content\/uploads\/2023\/05\/ENISO374-1_TIPOK.png\" alt=\"\" width=\"105\" height=\"121\" \/>\u00a0<img class=\"alignnone size-full wp-image-32717\" src=\"https:\/\/chemitool.com\/wp-content\/uploads\/2022\/06\/EN_ISO374-5.png\" alt=\"\" width=\"105\" height=\"121\" \/><img class=\"alignnone size-full wp-image-23808\" src=\"https:\/\/chemitool.com\/wp-content\/uploads\/2022\/06\/alimentar.png\" alt=\"\" width=\"105\" height=\"121\" \/><\/p>\n","protected":false},"excerpt":{"rendered":"<p><em>Luvas de Nitrilo Laranja Texturada sem p\u00f3 CHEMITOOL. <\/em>O modelo <em>GTOUCH<\/em> \u00e9 comercializado em caixa de 50 luvas n\u00e3o est\u00e9reis, ambidestras e sem p\u00f3.\u00a0 Destaca-se a textura diamante em toda a luva, com espessura de 0,20mm. Estas luvas com maior densidade foram projetadas especialmente para trabalho duro em automa\u00e7\u00e3o e trabalhos industriais. A intensa cor laranja melhora a visibilidade e seguran\u00e7a do trabalhador durante o seu uso. Esta luva com textura especial tem uma maior ader\u00eancia em superf\u00edcies h\u00famidas ou oleosas, e possui excelente resist\u00eancia qu\u00edmica e de pun\u00e7\u00e3o o que lhe garante uma maior prote\u00e7\u00e3o e durabilidade.<\/p>\n","protected":false},"featured_media":23752,"template":"","meta":[],"product_cat":[1453,3529],"product_tag":[3535,3534],"yoast_head":"<!-- This site is optimized with the Yoast SEO plugin v17.4 - https:\/\/yoast.com\/wordpress\/plugins\/seo\/ -->\n<title>LUVA NITRILO GTOUCH LARANJA TEXTURADA &ndash; Chemitool<\/title>\n<meta name=\"description\" content=\"Luvas de Nitrilo Laranja Texturada sem p\u00f3 CHEMITOOL. O modelo GTOUCH \u00e9 comercializado em caixa de 50 luvas n\u00e3o est\u00e9reis, ambidestras e sem p\u00f3.\u00a0 Destaca-se a textura diamante em toda a luva, com espessura de 0,20mm. Estas luvas com maior densidade foram projetadas especialmente para trabalho duro em automa\u00e7\u00e3o e trabalhos industriais. A intensa cor laranja melhora a visibilidade e seguran\u00e7a do trabalhador durante o seu uso. Esta luva com textura especial tem uma maior ader\u00eancia em superf\u00edcies h\u00famidas ou oleosas, e possui excelente resist\u00eancia qu\u00edmica e de pun\u00e7\u00e3o o que lhe garante uma maior prote\u00e7\u00e3o e durabilidade.\" \/>\n<meta name=\"robots\" content=\"index, follow, max-snippet:-1, max-image-preview:large, max-video-preview:-1\" \/>\n<link rel=\"canonical\" href=\"https:\/\/chemitool.com\/pt-pt\/products\/safety\/luvas-de-seguranca\/luvas-descartaveis\/luva-nitrilo-laranja-texturada\/\" \/>\n<meta property=\"og:locale\" content=\"pt_PT\" \/>\n<meta property=\"og:type\" content=\"article\" \/>\n<meta property=\"og:title\" content=\"LUVA NITRILO GTOUCH LARANJA TEXTURADA &ndash; Chemitool\" \/>\n<meta property=\"og:description\" content=\"Luvas de Nitrilo Laranja Texturada sem p\u00f3 CHEMITOOL. O modelo GTOUCH \u00e9 comercializado em caixa de 50 luvas n\u00e3o est\u00e9reis, ambidestras e sem p\u00f3.\u00a0 Destaca-se a textura diamante em toda a luva, com espessura de 0,20mm. Estas luvas com maior densidade foram projetadas especialmente para trabalho duro em automa\u00e7\u00e3o e trabalhos industriais. A intensa cor laranja melhora a visibilidade e seguran\u00e7a do trabalhador durante o seu uso. Esta luva com textura especial tem uma maior ader\u00eancia em superf\u00edcies h\u00famidas ou oleosas, e possui excelente resist\u00eancia qu\u00edmica e de pun\u00e7\u00e3o o que lhe garante uma maior prote\u00e7\u00e3o e durabilidade.\" \/>\n<meta property=\"og:url\" content=\"https:\/\/chemitool.com\/pt-pt\/products\/safety\/luvas-de-seguranca\/luvas-descartaveis\/luva-nitrilo-laranja-texturada\/\" \/>\n<meta property=\"og:site_name\" content=\"Chemitool\" \/>\n<meta property=\"article:publisher\" content=\"https:\/\/www.facebook.com\/chemitool\" \/>\n<meta property=\"article:modified_time\" content=\"2023-05-08T09:37:01+00:00\" \/>\n<meta property=\"og:image\" content=\"https:\/\/chemitool.com\/wp-content\/uploads\/2022\/06\/CHS020804_front.png\" \/>\n\t<meta property=\"og:image:width\" content=\"800\" \/>\n\t<meta property=\"og:image:height\" content=\"800\" \/>\n<meta name=\"twitter:card\" content=\"summary_large_image\" \/>\n<script type=\"application\/ld+json\" class=\"yoast-schema-graph\">{\"@context\":\"https:\/\/schema.org\",\"@graph\":[{\"@type\":\"Organization\",\"@id\":\"https:\/\/chemitool.com\/#organization\",\"name\":\"Chemitool\",\"url\":\"https:\/\/chemitool.com\/\",\"sameAs\":[\"https:\/\/www.facebook.com\/chemitool\",\"https:\/\/www.instagram.com\/chemitool\/\"],\"logo\":{\"@type\":\"ImageObject\",\"@id\":\"https:\/\/chemitool.com\/#logo\",\"inLanguage\":\"pt-PT\",\"url\":\"https:\/\/chemitool.com\/wp-content\/uploads\/2020\/10\/logo_chemitool.png\",\"contentUrl\":\"https:\/\/chemitool.com\/wp-content\/uploads\/2020\/10\/logo_chemitool.png\",\"width\":400,\"height\":400,\"caption\":\"Chemitool\"},\"image\":{\"@id\":\"https:\/\/chemitool.com\/#logo\"}},{\"@type\":\"WebSite\",\"@id\":\"https:\/\/chemitool.com\/#website\",\"url\":\"https:\/\/chemitool.com\/\",\"name\":\"Chemitool\",\"description\":\"Chemitool - hardware and tools\",\"publisher\":{\"@id\":\"https:\/\/chemitool.com\/#organization\"},\"potentialAction\":[{\"@type\":\"SearchAction\",\"target\":{\"@type\":\"EntryPoint\",\"urlTemplate\":\"https:\/\/chemitool.com\/?s={search_term_string}\"},\"query-input\":\"required name=search_term_string\"}],\"inLanguage\":\"pt-PT\"},{\"@type\":\"ImageObject\",\"@id\":\"https:\/\/chemitool.com\/pt-pt\/products\/safety\/luvas-de-seguranca\/luvas-descartaveis\/luva-nitrilo-laranja-texturada\/#primaryimage\",\"inLanguage\":\"pt-PT\",\"url\":\"https:\/\/chemitool.com\/wp-content\/uploads\/2022\/06\/CHS020804_front.png\",\"contentUrl\":\"https:\/\/chemitool.com\/wp-content\/uploads\/2022\/06\/CHS020804_front.png\",\"width\":800,\"height\":800},{\"@type\":\"WebPage\",\"@id\":\"https:\/\/chemitool.com\/pt-pt\/products\/safety\/luvas-de-seguranca\/luvas-descartaveis\/luva-nitrilo-laranja-texturada\/#webpage\",\"url\":\"https:\/\/chemitool.com\/pt-pt\/products\/safety\/luvas-de-seguranca\/luvas-descartaveis\/luva-nitrilo-laranja-texturada\/\",\"name\":\"LUVA NITRILO GTOUCH LARANJA TEXTURADA &ndash; Chemitool\",\"isPartOf\":{\"@id\":\"https:\/\/chemitool.com\/#website\"},\"primaryImageOfPage\":{\"@id\":\"https:\/\/chemitool.com\/pt-pt\/products\/safety\/luvas-de-seguranca\/luvas-descartaveis\/luva-nitrilo-laranja-texturada\/#primaryimage\"},\"datePublished\":\"2022-06-21T16:26:33+00:00\",\"dateModified\":\"2023-05-08T09:37:01+00:00\",\"description\":\"Luvas de Nitrilo Laranja Texturada sem p\\u00f3 CHEMITOOL. O modelo GTOUCH \\u00e9 comercializado em caixa de 50 luvas n\\u00e3o est\\u00e9reis, ambidestras e sem p\\u00f3.\\u00a0 Destaca-se a textura diamante em toda a luva, com espessura de 0,20mm. Estas luvas com maior densidade foram projetadas especialmente para trabalho duro em automa\\u00e7\\u00e3o e trabalhos industriais. A intensa cor laranja melhora a visibilidade e seguran\\u00e7a do trabalhador durante o seu uso. Esta luva com textura especial tem uma maior ader\\u00eancia em superf\\u00edcies h\\u00famidas ou oleosas, e possui excelente resist\\u00eancia qu\\u00edmica e de pun\\u00e7\\u00e3o o que lhe garante uma maior prote\\u00e7\\u00e3o e durabilidade.\",\"breadcrumb\":{\"@id\":\"https:\/\/chemitool.com\/pt-pt\/products\/safety\/luvas-de-seguranca\/luvas-descartaveis\/luva-nitrilo-laranja-texturada\/#breadcrumb\"},\"inLanguage\":\"pt-PT\",\"potentialAction\":[{\"@type\":\"ReadAction\",\"target\":[\"https:\/\/chemitool.com\/pt-pt\/products\/safety\/luvas-de-seguranca\/luvas-descartaveis\/luva-nitrilo-laranja-texturada\/\"]}]},{\"@type\":\"BreadcrumbList\",\"@id\":\"https:\/\/chemitool.com\/pt-pt\/products\/safety\/luvas-de-seguranca\/luvas-descartaveis\/luva-nitrilo-laranja-texturada\/#breadcrumb\",\"itemListElement\":[{\"@type\":\"ListItem\",\"position\":1,\"name\":\"Home\",\"item\":\"https:\/\/chemitool.com\/pt-pt\/\"},{\"@type\":\"ListItem\",\"position\":2,\"name\":\"Produtos\",\"item\":\"https:\/\/chemitool.com\/pt-pt\/produtos\/\"},{\"@type\":\"ListItem\",\"position\":3,\"name\":\"Safety\",\"item\":\"https:\/\/chemitool.com\/pt-pt\/categoria-produto\/safety\/\"},{\"@type\":\"ListItem\",\"position\":4,\"name\":\"Luvas de seguran\\u00e7a\",\"item\":\"https:\/\/chemitool.com\/pt-pt\/categoria-produto\/safety\/luvas-de-seguranca\/\"},{\"@type\":\"ListItem\",\"position\":5,\"name\":\"Luvas Descart\\u00e1veis\",\"item\":\"https:\/\/chemitool.com\/pt-pt\/categoria-produto\/safety\/luvas-de-seguranca\/luvas-descartaveis\/\"},{\"@type\":\"ListItem\",\"position\":6,\"name\":\"LUVA NITRILO GTOUCH LARANJA TEXTURADA\"}]}]}<\/script>\n<!-- \/ Yoast SEO plugin. -->","yoast_head_json":{"title":"LUVA NITRILO GTOUCH LARANJA TEXTURADA &ndash; Chemitool","description":"Luvas de Nitrilo Laranja Texturada sem p\u00f3 CHEMITOOL. O modelo GTOUCH \u00e9 comercializado em caixa de 50 luvas n\u00e3o est\u00e9reis, ambidestras e sem p\u00f3.\u00a0 Destaca-se a textura diamante em toda a luva, com espessura de 0,20mm. Estas luvas com maior densidade foram projetadas especialmente para trabalho duro em automa\u00e7\u00e3o e trabalhos industriais. A intensa cor laranja melhora a visibilidade e seguran\u00e7a do trabalhador durante o seu uso. Esta luva com textura especial tem uma maior ader\u00eancia em superf\u00edcies h\u00famidas ou oleosas, e possui excelente resist\u00eancia qu\u00edmica e de pun\u00e7\u00e3o o que lhe garante uma maior prote\u00e7\u00e3o e durabilidade.","robots":{"index":"index","follow":"follow","max-snippet":"max-snippet:-1","max-image-preview":"max-image-preview:large","max-video-preview":"max-video-preview:-1"},"canonical":"https:\/\/chemitool.com\/pt-pt\/products\/safety\/luvas-de-seguranca\/luvas-descartaveis\/luva-nitrilo-laranja-texturada\/","og_locale":"pt_PT","og_type":"article","og_title":"LUVA NITRILO GTOUCH LARANJA TEXTURADA &ndash; Chemitool","og_description":"Luvas de Nitrilo Laranja Texturada sem p\u00f3 CHEMITOOL. O modelo GTOUCH \u00e9 comercializado em caixa de 50 luvas n\u00e3o est\u00e9reis, ambidestras e sem p\u00f3.\u00a0 Destaca-se a textura diamante em toda a luva, com espessura de 0,20mm. Estas luvas com maior densidade foram projetadas especialmente para trabalho duro em automa\u00e7\u00e3o e trabalhos industriais. A intensa cor laranja melhora a visibilidade e seguran\u00e7a do trabalhador durante o seu uso. Esta luva com textura especial tem uma maior ader\u00eancia em superf\u00edcies h\u00famidas ou oleosas, e possui excelente resist\u00eancia qu\u00edmica e de pun\u00e7\u00e3o o que lhe garante uma maior prote\u00e7\u00e3o e durabilidade.","og_url":"https:\/\/chemitool.com\/pt-pt\/products\/safety\/luvas-de-seguranca\/luvas-descartaveis\/luva-nitrilo-laranja-texturada\/","og_site_name":"Chemitool","article_publisher":"https:\/\/www.facebook.com\/chemitool","article_modified_time":"2023-05-08T09:37:01+00:00","og_image":[{"width":800,"height":800,"url":"https:\/\/chemitool.com\/wp-content\/uploads\/2022\/06\/CHS020804_front.png","type":"image\/png"}],"twitter_card":"summary_large_image","schema":{"@context":"https:\/\/schema.org","@graph":[{"@type":"Organization","@id":"https:\/\/chemitool.com\/#organization","name":"Chemitool","url":"https:\/\/chemitool.com\/","sameAs":["https:\/\/www.facebook.com\/chemitool","https:\/\/www.instagram.com\/chemitool\/"],"logo":{"@type":"ImageObject","@id":"https:\/\/chemitool.com\/#logo","inLanguage":"pt-PT","url":"https:\/\/chemitool.com\/wp-content\/uploads\/2020\/10\/logo_chemitool.png","contentUrl":"https:\/\/chemitool.com\/wp-content\/uploads\/2020\/10\/logo_chemitool.png","width":400,"height":400,"caption":"Chemitool"},"image":{"@id":"https:\/\/chemitool.com\/#logo"}},{"@type":"WebSite","@id":"https:\/\/chemitool.com\/#website","url":"https:\/\/chemitool.com\/","name":"Chemitool","description":"Chemitool - hardware and tools","publisher":{"@id":"https:\/\/chemitool.com\/#organization"},"potentialAction":[{"@type":"SearchAction","target":{"@type":"EntryPoint","urlTemplate":"https:\/\/chemitool.com\/?s={search_term_string}"},"query-input":"required name=search_term_string"}],"inLanguage":"pt-PT"},{"@type":"ImageObject","@id":"https:\/\/chemitool.com\/pt-pt\/products\/safety\/luvas-de-seguranca\/luvas-descartaveis\/luva-nitrilo-laranja-texturada\/#primaryimage","inLanguage":"pt-PT","url":"https:\/\/chemitool.com\/wp-content\/uploads\/2022\/06\/CHS020804_front.png","contentUrl":"https:\/\/chemitool.com\/wp-content\/uploads\/2022\/06\/CHS020804_front.png","width":800,"height":800},{"@type":"WebPage","@id":"https:\/\/chemitool.com\/pt-pt\/products\/safety\/luvas-de-seguranca\/luvas-descartaveis\/luva-nitrilo-laranja-texturada\/#webpage","url":"https:\/\/chemitool.com\/pt-pt\/products\/safety\/luvas-de-seguranca\/luvas-descartaveis\/luva-nitrilo-laranja-texturada\/","name":"LUVA NITRILO GTOUCH LARANJA TEXTURADA &ndash; Chemitool","isPartOf":{"@id":"https:\/\/chemitool.com\/#website"},"primaryImageOfPage":{"@id":"https:\/\/chemitool.com\/pt-pt\/products\/safety\/luvas-de-seguranca\/luvas-descartaveis\/luva-nitrilo-laranja-texturada\/#primaryimage"},"datePublished":"2022-06-21T16:26:33+00:00","dateModified":"2023-05-08T09:37:01+00:00","description":"Luvas de Nitrilo Laranja Texturada sem p\u00f3 CHEMITOOL. O modelo GTOUCH \u00e9 comercializado em caixa de 50 luvas n\u00e3o est\u00e9reis, ambidestras e sem p\u00f3.\u00a0 Destaca-se a textura diamante em toda a luva, com espessura de 0,20mm. Estas luvas com maior densidade foram projetadas especialmente para trabalho duro em automa\u00e7\u00e3o e trabalhos industriais. A intensa cor laranja melhora a visibilidade e seguran\u00e7a do trabalhador durante o seu uso. Esta luva com textura especial tem uma maior ader\u00eancia em superf\u00edcies h\u00famidas ou oleosas, e possui excelente resist\u00eancia qu\u00edmica e de pun\u00e7\u00e3o o que lhe garante uma maior prote\u00e7\u00e3o e durabilidade.","breadcrumb":{"@id":"https:\/\/chemitool.com\/pt-pt\/products\/safety\/luvas-de-seguranca\/luvas-descartaveis\/luva-nitrilo-laranja-texturada\/#breadcrumb"},"inLanguage":"pt-PT","potentialAction":[{"@type":"ReadAction","target":["https:\/\/chemitool.com\/pt-pt\/products\/safety\/luvas-de-seguranca\/luvas-descartaveis\/luva-nitrilo-laranja-texturada\/"]}]},{"@type":"BreadcrumbList","@id":"https:\/\/chemitool.com\/pt-pt\/products\/safety\/luvas-de-seguranca\/luvas-descartaveis\/luva-nitrilo-laranja-texturada\/#breadcrumb","itemListElement":[{"@type":"ListItem","position":1,"name":"Home","item":"https:\/\/chemitool.com\/pt-pt\/"},{"@type":"ListItem","position":2,"name":"Produtos","item":"https:\/\/chemitool.com\/pt-pt\/produtos\/"},{"@type":"ListItem","position":3,"name":"Safety","item":"https:\/\/chemitool.com\/pt-pt\/categoria-produto\/safety\/"},{"@type":"ListItem","position":4,"name":"Luvas de seguran\u00e7a","item":"https:\/\/chemitool.com\/pt-pt\/categoria-produto\/safety\/luvas-de-seguranca\/"},{"@type":"ListItem","position":5,"name":"Luvas Descart\u00e1veis","item":"https:\/\/chemitool.com\/pt-pt\/categoria-produto\/safety\/luvas-de-seguranca\/luvas-descartaveis\/"},{"@type":"ListItem","position":6,"name":"LUVA NITRILO GTOUCH LARANJA TEXTURADA"}]}]}},"_links":{"self":[{"href":"https:\/\/chemitool.com\/pt-pt\/wp-json\/wp\/v2\/product\/23703"}],"collection":[{"href":"https:\/\/chemitool.com\/pt-pt\/wp-json\/wp\/v2\/product"}],"about":[{"href":"https:\/\/chemitool.com\/pt-pt\/wp-json\/wp\/v2\/types\/product"}],"wp:featuredmedia":[{"embeddable":true,"href":"https:\/\/chemitool.com\/pt-pt\/wp-json\/wp\/v2\/media\/23752"}],"wp:attachment":[{"href":"https:\/\/chemitool.com\/pt-pt\/wp-json\/wp\/v2\/media?parent=23703"}],"wp:term":[{"taxonomy":"product_cat","embeddable":true,"href":"https:\/\/chemitool.com\/pt-pt\/wp-json\/wp\/v2\/product_cat?post=23703"},{"taxonomy":"product_tag","embeddable":true,"href":"https:\/\/chemitool.com\/pt-pt\/wp-json\/wp\/v2\/product_tag?post=23703"}],"curies":[{"name":"wp","href":"https:\/\/api.w.org\/{rel}","templated":true}]}}