{"id":23659,"date":"2022-06-21T15:23:33","date_gmt":"2022-06-21T15:23:34","guid":{"rendered":"https:\/\/chemitool.com\/?post_type=product&#038;p=23659"},"modified":"2022-06-24T16:52:23","modified_gmt":"2022-06-24T16:52:23","slug":"cartucho-de-gas-copy","status":"publish","type":"product","link":"https:\/\/chemitool.com\/pt-pt\/products\/agro-pt-pt\/acessorios-outdoor\/cartucho-de-gas-copy\/","title":{"rendered":"Fog\u00e3o de Campismo"},"content":{"rendered":"<ul>\n<li>Interior\/ Exterior<\/li>\n<li>Com Isqueiro<\/li>\n<li>G\u00e1s butano<\/li>\n<\/ul>\n<p>Este aparelho s\u00f3 deve ser utilizado com os cartuchos de butano 190 gr. De acordo com a norma EN417. Pode ser perigoso tentar encaixar outros tipos de cartuchos de g\u00e1s. Use apenas numa \u00e1rea bem ventilada.<\/p>\n","protected":false},"excerpt":{"rendered":"<p><b class=\"sap-label\">SAP:<\/b> <span class=\"codesap-label\"> CHG00102000001 <\/span><\/p>\n<p><em>Fog\u00e3o de Campismo CHEMITOOL<\/em> de acendimento autom\u00e1tico e g\u00e1s butano. V\u00e1lvula de lat\u00e3o e corpo de pl\u00e1stico, ideal para uso interior e exterior com uma pot\u00eancia de 1,1kw.<\/p>\n","protected":false},"featured_media":23988,"template":"","meta":[],"product_cat":[3655,4157],"product_tag":[],"yoast_head":"<!-- This site is optimized with the Yoast SEO plugin v17.4 - https:\/\/yoast.com\/wordpress\/plugins\/seo\/ -->\n<title>Fog\u00e3o de Campismo &ndash; Chemitool<\/title>\n<meta name=\"description\" content=\"SAP: CHG00102000001   Fog\u00e3o de Campismo CHEMITOOL de acendimento autom\u00e1tico e g\u00e1s butano. V\u00e1lvula de lat\u00e3o e corpo de pl\u00e1stico, ideal para uso interior e exterior com uma pot\u00eancia de 1,1kw.\" \/>\n<meta name=\"robots\" content=\"index, follow, max-snippet:-1, max-image-preview:large, max-video-preview:-1\" \/>\n<link rel=\"canonical\" href=\"https:\/\/chemitool.com\/pt-pt\/products\/agro-pt-pt\/acessorios-outdoor\/cartucho-de-gas-copy\/\" \/>\n<meta property=\"og:locale\" content=\"pt_PT\" \/>\n<meta property=\"og:type\" content=\"article\" \/>\n<meta property=\"og:title\" content=\"Fog\u00e3o de Campismo &ndash; Chemitool\" \/>\n<meta property=\"og:description\" content=\"SAP: CHG00102000001   Fog\u00e3o de Campismo CHEMITOOL de acendimento autom\u00e1tico e g\u00e1s butano. V\u00e1lvula de lat\u00e3o e corpo de pl\u00e1stico, ideal para uso interior e exterior com uma pot\u00eancia de 1,1kw.\" \/>\n<meta property=\"og:url\" content=\"https:\/\/chemitool.com\/pt-pt\/products\/agro-pt-pt\/acessorios-outdoor\/cartucho-de-gas-copy\/\" \/>\n<meta property=\"og:site_name\" content=\"Chemitool\" \/>\n<meta property=\"article:publisher\" content=\"https:\/\/www.facebook.com\/chemitool\" \/>\n<meta property=\"article:modified_time\" content=\"2022-06-24T16:52:23+00:00\" \/>\n<meta property=\"og:image\" content=\"https:\/\/chemitool.com\/wp-content\/uploads\/2022\/06\/5604630117944_perfil.png\" \/>\n\t<meta property=\"og:image:width\" content=\"800\" \/>\n\t<meta property=\"og:image:height\" content=\"800\" \/>\n<meta name=\"twitter:card\" content=\"summary_large_image\" \/>\n<script type=\"application\/ld+json\" class=\"yoast-schema-graph\">{\"@context\":\"https:\/\/schema.org\",\"@graph\":[{\"@type\":\"Organization\",\"@id\":\"https:\/\/chemitool.com\/#organization\",\"name\":\"Chemitool\",\"url\":\"https:\/\/chemitool.com\/\",\"sameAs\":[\"https:\/\/www.facebook.com\/chemitool\",\"https:\/\/www.instagram.com\/chemitool\/\"],\"logo\":{\"@type\":\"ImageObject\",\"@id\":\"https:\/\/chemitool.com\/#logo\",\"inLanguage\":\"pt-PT\",\"url\":\"https:\/\/chemitool.com\/wp-content\/uploads\/2020\/10\/logo_chemitool.png\",\"contentUrl\":\"https:\/\/chemitool.com\/wp-content\/uploads\/2020\/10\/logo_chemitool.png\",\"width\":400,\"height\":400,\"caption\":\"Chemitool\"},\"image\":{\"@id\":\"https:\/\/chemitool.com\/#logo\"}},{\"@type\":\"WebSite\",\"@id\":\"https:\/\/chemitool.com\/#website\",\"url\":\"https:\/\/chemitool.com\/\",\"name\":\"Chemitool\",\"description\":\"Chemitool - hardware and tools\",\"publisher\":{\"@id\":\"https:\/\/chemitool.com\/#organization\"},\"potentialAction\":[{\"@type\":\"SearchAction\",\"target\":{\"@type\":\"EntryPoint\",\"urlTemplate\":\"https:\/\/chemitool.com\/?s={search_term_string}\"},\"query-input\":\"required name=search_term_string\"}],\"inLanguage\":\"pt-PT\"},{\"@type\":\"ImageObject\",\"@id\":\"https:\/\/chemitool.com\/pt-pt\/products\/agro-pt-pt\/acessorios-outdoor\/cartucho-de-gas-copy\/#primaryimage\",\"inLanguage\":\"pt-PT\",\"url\":\"https:\/\/chemitool.com\/wp-content\/uploads\/2022\/06\/5604630117944_perfil.png\",\"contentUrl\":\"https:\/\/chemitool.com\/wp-content\/uploads\/2022\/06\/5604630117944_perfil.png\",\"width\":800,\"height\":800},{\"@type\":\"WebPage\",\"@id\":\"https:\/\/chemitool.com\/pt-pt\/products\/agro-pt-pt\/acessorios-outdoor\/cartucho-de-gas-copy\/#webpage\",\"url\":\"https:\/\/chemitool.com\/pt-pt\/products\/agro-pt-pt\/acessorios-outdoor\/cartucho-de-gas-copy\/\",\"name\":\"Fog\\u00e3o de Campismo &ndash; Chemitool\",\"isPartOf\":{\"@id\":\"https:\/\/chemitool.com\/#website\"},\"primaryImageOfPage\":{\"@id\":\"https:\/\/chemitool.com\/pt-pt\/products\/agro-pt-pt\/acessorios-outdoor\/cartucho-de-gas-copy\/#primaryimage\"},\"datePublished\":\"2022-06-21T15:23:34+00:00\",\"dateModified\":\"2022-06-24T16:52:23+00:00\",\"description\":\"SAP: CHG00102000001 Fog\\u00e3o de Campismo CHEMITOOL de acendimento autom\\u00e1tico e g\\u00e1s butano. V\\u00e1lvula de lat\\u00e3o e corpo de pl\\u00e1stico, ideal para uso interior e exterior com uma pot\\u00eancia de 1,1kw.\",\"breadcrumb\":{\"@id\":\"https:\/\/chemitool.com\/pt-pt\/products\/agro-pt-pt\/acessorios-outdoor\/cartucho-de-gas-copy\/#breadcrumb\"},\"inLanguage\":\"pt-PT\",\"potentialAction\":[{\"@type\":\"ReadAction\",\"target\":[\"https:\/\/chemitool.com\/pt-pt\/products\/agro-pt-pt\/acessorios-outdoor\/cartucho-de-gas-copy\/\"]}]},{\"@type\":\"BreadcrumbList\",\"@id\":\"https:\/\/chemitool.com\/pt-pt\/products\/agro-pt-pt\/acessorios-outdoor\/cartucho-de-gas-copy\/#breadcrumb\",\"itemListElement\":[{\"@type\":\"ListItem\",\"position\":1,\"name\":\"Home\",\"item\":\"https:\/\/chemitool.com\/pt-pt\/\"},{\"@type\":\"ListItem\",\"position\":2,\"name\":\"Produtos\",\"item\":\"https:\/\/chemitool.com\/pt-pt\/produtos\/\"},{\"@type\":\"ListItem\",\"position\":3,\"name\":\"Tools\",\"item\":\"https:\/\/chemitool.com\/pt-pt\/categoria-produto\/tools\/\"},{\"@type\":\"ListItem\",\"position\":4,\"name\":\"Escadas e Escadotes\",\"item\":\"https:\/\/chemitool.com\/pt-pt\/categoria-produto\/tools\/escadas-e-escadotes\/\"},{\"@type\":\"ListItem\",\"position\":5,\"name\":\"Fog\\u00e3o de Campismo\"}]}]}<\/script>\n<!-- \/ Yoast SEO plugin. -->","yoast_head_json":{"title":"Fog\u00e3o de Campismo &ndash; Chemitool","description":"SAP: CHG00102000001   Fog\u00e3o de Campismo CHEMITOOL de acendimento autom\u00e1tico e g\u00e1s butano. V\u00e1lvula de lat\u00e3o e corpo de pl\u00e1stico, ideal para uso interior e exterior com uma pot\u00eancia de 1,1kw.","robots":{"index":"index","follow":"follow","max-snippet":"max-snippet:-1","max-image-preview":"max-image-preview:large","max-video-preview":"max-video-preview:-1"},"canonical":"https:\/\/chemitool.com\/pt-pt\/products\/agro-pt-pt\/acessorios-outdoor\/cartucho-de-gas-copy\/","og_locale":"pt_PT","og_type":"article","og_title":"Fog\u00e3o de Campismo &ndash; Chemitool","og_description":"SAP: CHG00102000001   Fog\u00e3o de Campismo CHEMITOOL de acendimento autom\u00e1tico e g\u00e1s butano. V\u00e1lvula de lat\u00e3o e corpo de pl\u00e1stico, ideal para uso interior e exterior com uma pot\u00eancia de 1,1kw.","og_url":"https:\/\/chemitool.com\/pt-pt\/products\/agro-pt-pt\/acessorios-outdoor\/cartucho-de-gas-copy\/","og_site_name":"Chemitool","article_publisher":"https:\/\/www.facebook.com\/chemitool","article_modified_time":"2022-06-24T16:52:23+00:00","og_image":[{"width":800,"height":800,"url":"https:\/\/chemitool.com\/wp-content\/uploads\/2022\/06\/5604630117944_perfil.png","type":"image\/png"}],"twitter_card":"summary_large_image","schema":{"@context":"https:\/\/schema.org","@graph":[{"@type":"Organization","@id":"https:\/\/chemitool.com\/#organization","name":"Chemitool","url":"https:\/\/chemitool.com\/","sameAs":["https:\/\/www.facebook.com\/chemitool","https:\/\/www.instagram.com\/chemitool\/"],"logo":{"@type":"ImageObject","@id":"https:\/\/chemitool.com\/#logo","inLanguage":"pt-PT","url":"https:\/\/chemitool.com\/wp-content\/uploads\/2020\/10\/logo_chemitool.png","contentUrl":"https:\/\/chemitool.com\/wp-content\/uploads\/2020\/10\/logo_chemitool.png","width":400,"height":400,"caption":"Chemitool"},"image":{"@id":"https:\/\/chemitool.com\/#logo"}},{"@type":"WebSite","@id":"https:\/\/chemitool.com\/#website","url":"https:\/\/chemitool.com\/","name":"Chemitool","description":"Chemitool - hardware and tools","publisher":{"@id":"https:\/\/chemitool.com\/#organization"},"potentialAction":[{"@type":"SearchAction","target":{"@type":"EntryPoint","urlTemplate":"https:\/\/chemitool.com\/?s={search_term_string}"},"query-input":"required name=search_term_string"}],"inLanguage":"pt-PT"},{"@type":"ImageObject","@id":"https:\/\/chemitool.com\/pt-pt\/products\/agro-pt-pt\/acessorios-outdoor\/cartucho-de-gas-copy\/#primaryimage","inLanguage":"pt-PT","url":"https:\/\/chemitool.com\/wp-content\/uploads\/2022\/06\/5604630117944_perfil.png","contentUrl":"https:\/\/chemitool.com\/wp-content\/uploads\/2022\/06\/5604630117944_perfil.png","width":800,"height":800},{"@type":"WebPage","@id":"https:\/\/chemitool.com\/pt-pt\/products\/agro-pt-pt\/acessorios-outdoor\/cartucho-de-gas-copy\/#webpage","url":"https:\/\/chemitool.com\/pt-pt\/products\/agro-pt-pt\/acessorios-outdoor\/cartucho-de-gas-copy\/","name":"Fog\u00e3o de Campismo &ndash; Chemitool","isPartOf":{"@id":"https:\/\/chemitool.com\/#website"},"primaryImageOfPage":{"@id":"https:\/\/chemitool.com\/pt-pt\/products\/agro-pt-pt\/acessorios-outdoor\/cartucho-de-gas-copy\/#primaryimage"},"datePublished":"2022-06-21T15:23:34+00:00","dateModified":"2022-06-24T16:52:23+00:00","description":"SAP: CHG00102000001 Fog\u00e3o de Campismo CHEMITOOL de acendimento autom\u00e1tico e g\u00e1s butano. V\u00e1lvula de lat\u00e3o e corpo de pl\u00e1stico, ideal para uso interior e exterior com uma pot\u00eancia de 1,1kw.","breadcrumb":{"@id":"https:\/\/chemitool.com\/pt-pt\/products\/agro-pt-pt\/acessorios-outdoor\/cartucho-de-gas-copy\/#breadcrumb"},"inLanguage":"pt-PT","potentialAction":[{"@type":"ReadAction","target":["https:\/\/chemitool.com\/pt-pt\/products\/agro-pt-pt\/acessorios-outdoor\/cartucho-de-gas-copy\/"]}]},{"@type":"BreadcrumbList","@id":"https:\/\/chemitool.com\/pt-pt\/products\/agro-pt-pt\/acessorios-outdoor\/cartucho-de-gas-copy\/#breadcrumb","itemListElement":[{"@type":"ListItem","position":1,"name":"Home","item":"https:\/\/chemitool.com\/pt-pt\/"},{"@type":"ListItem","position":2,"name":"Produtos","item":"https:\/\/chemitool.com\/pt-pt\/produtos\/"},{"@type":"ListItem","position":3,"name":"Tools","item":"https:\/\/chemitool.com\/pt-pt\/categoria-produto\/tools\/"},{"@type":"ListItem","position":4,"name":"Escadas e Escadotes","item":"https:\/\/chemitool.com\/pt-pt\/categoria-produto\/tools\/escadas-e-escadotes\/"},{"@type":"ListItem","position":5,"name":"Fog\u00e3o de Campismo"}]}]}},"_links":{"self":[{"href":"https:\/\/chemitool.com\/pt-pt\/wp-json\/wp\/v2\/product\/23659"}],"collection":[{"href":"https:\/\/chemitool.com\/pt-pt\/wp-json\/wp\/v2\/product"}],"about":[{"href":"https:\/\/chemitool.com\/pt-pt\/wp-json\/wp\/v2\/types\/product"}],"wp:featuredmedia":[{"embeddable":true,"href":"https:\/\/chemitool.com\/pt-pt\/wp-json\/wp\/v2\/media\/23988"}],"wp:attachment":[{"href":"https:\/\/chemitool.com\/pt-pt\/wp-json\/wp\/v2\/media?parent=23659"}],"wp:term":[{"taxonomy":"product_cat","embeddable":true,"href":"https:\/\/chemitool.com\/pt-pt\/wp-json\/wp\/v2\/product_cat?post=23659"},{"taxonomy":"product_tag","embeddable":true,"href":"https:\/\/chemitool.com\/pt-pt\/wp-json\/wp\/v2\/product_tag?post=23659"}],"curies":[{"name":"wp","href":"https:\/\/api.w.org\/{rel}","templated":true}]}}