{"id":23550,"date":"2022-06-20T16:44:07","date_gmt":"2022-06-20T16:44:21","guid":{"rendered":"https:\/\/chemitool.com\/?post_type=product&#038;p=23550"},"modified":"2024-11-21T11:09:03","modified_gmt":"2024-11-21T11:09:03","slug":"detector-de-fugas-protec-chemisol","status":"publish","type":"product","link":"https:\/\/chemitool.com\/pt-pt\/products\/chemicals\/sprays-pt\/protecao\/detector-de-fugas-protec-chemisol\/","title":{"rendered":"Detetor de Fugas PROTEC CHEMISOL"},"content":{"rendered":"<p><strong>VANTAGENS<\/strong><\/p>\n<ul>\n<li>Qualidade profissional<\/li>\n<li>PH neutro<\/li>\n<li>N\u00e3o inflam\u00e1vel<\/li>\n<li>Verifica\u00e7\u00e3o r\u00e1pida e sem esfor\u00e7o de fugas em tubagens pressurizadas<\/li>\n<li>N\u00e3o ataca os metais nem os pl\u00e1sticos<\/li>\n<li>N\u00e3o corrosivo<\/li>\n<li>Pulveriza\u00e7\u00e3o direta<\/li>\n<\/ul>\n<p><strong>INDICA\u00c7\u00d5ES<\/strong><\/p>\n<p>Armazenar num ambiente fresco, seco e bem ventilado, entre os +5\u00b0C e + 30\u00b0C, afastado de fontes de calor e humidade. Validade 10 anos se armazenado nas condi\u00e7\u00f5es recomendadas, pois pode reduzir o prazo. Ap\u00f3s o primeiro uso, deve ser conservado num local fresco e seco, longe de fontes de calor.<\/p>\n","protected":false},"excerpt":{"rendered":"<p><b class=\"sap-label\">SAP:<\/b> <span class=\"codesap-label\">CHC020317<\/span><\/p>\n<p><em>Spray Protect Detetor de Fugas CHEMISOL<\/em> \u00e9 um produto de alta perfomance, \u00e0 base de agentes sint\u00e9ticos ativos, para localizar r\u00e1pido e sem esfor\u00e7o, fugas de gases. N\u00e3o sendo um produto inflam\u00e1vel, permite controlar tamb\u00e9m a instala\u00e7\u00e3o de aparelhos, que operem com g\u00e1s inflam\u00e1vel.<\/p>\n","protected":false},"featured_media":23553,"template":"","meta":[],"product_cat":[109,1217,1248],"product_tag":[145],"yoast_head":"<!-- This site is optimized with the Yoast SEO plugin v17.4 - https:\/\/yoast.com\/wordpress\/plugins\/seo\/ -->\n<title>Detetor de Fugas PROTEC CHEMISOL &ndash; Chemitool<\/title>\n<meta name=\"description\" content=\"SAP: CHC020317  Spray Protect Detetor de Fugas CHEMISOL \u00e9 um produto de alta perfomance, \u00e0 base de agentes sint\u00e9ticos ativos, para localizar r\u00e1pido e sem esfor\u00e7o, fugas de gases. N\u00e3o sendo um produto inflam\u00e1vel, permite controlar tamb\u00e9m a instala\u00e7\u00e3o de aparelhos, que operem com g\u00e1s inflam\u00e1vel.\" \/>\n<meta name=\"robots\" content=\"index, follow, max-snippet:-1, max-image-preview:large, max-video-preview:-1\" \/>\n<link rel=\"canonical\" href=\"https:\/\/chemitool.com\/pt-pt\/products\/chemicals\/sprays-pt\/protecao\/detector-de-fugas-protec-chemisol\/\" \/>\n<meta property=\"og:locale\" content=\"pt_PT\" \/>\n<meta property=\"og:type\" content=\"article\" \/>\n<meta property=\"og:title\" content=\"Detetor de Fugas PROTEC CHEMISOL &ndash; Chemitool\" \/>\n<meta property=\"og:description\" content=\"SAP: CHC020317  Spray Protect Detetor de Fugas CHEMISOL \u00e9 um produto de alta perfomance, \u00e0 base de agentes sint\u00e9ticos ativos, para localizar r\u00e1pido e sem esfor\u00e7o, fugas de gases. N\u00e3o sendo um produto inflam\u00e1vel, permite controlar tamb\u00e9m a instala\u00e7\u00e3o de aparelhos, que operem com g\u00e1s inflam\u00e1vel.\" \/>\n<meta property=\"og:url\" content=\"https:\/\/chemitool.com\/pt-pt\/products\/chemicals\/sprays-pt\/protecao\/detector-de-fugas-protec-chemisol\/\" \/>\n<meta property=\"og:site_name\" content=\"Chemitool\" \/>\n<meta property=\"article:publisher\" content=\"https:\/\/www.facebook.com\/chemitool\" \/>\n<meta property=\"article:modified_time\" content=\"2024-11-21T11:09:03+00:00\" \/>\n<meta property=\"og:image\" content=\"https:\/\/chemitool.com\/wp-content\/uploads\/2022\/06\/CHC020317.png\" \/>\n\t<meta property=\"og:image:width\" content=\"800\" \/>\n\t<meta property=\"og:image:height\" content=\"800\" \/>\n<meta name=\"twitter:card\" content=\"summary_large_image\" \/>\n<script type=\"application\/ld+json\" class=\"yoast-schema-graph\">{\"@context\":\"https:\/\/schema.org\",\"@graph\":[{\"@type\":\"Organization\",\"@id\":\"https:\/\/chemitool.com\/#organization\",\"name\":\"Chemitool\",\"url\":\"https:\/\/chemitool.com\/\",\"sameAs\":[\"https:\/\/www.facebook.com\/chemitool\",\"https:\/\/www.instagram.com\/chemitool\/\"],\"logo\":{\"@type\":\"ImageObject\",\"@id\":\"https:\/\/chemitool.com\/#logo\",\"inLanguage\":\"pt-PT\",\"url\":\"https:\/\/chemitool.com\/wp-content\/uploads\/2020\/10\/logo_chemitool.png\",\"contentUrl\":\"https:\/\/chemitool.com\/wp-content\/uploads\/2020\/10\/logo_chemitool.png\",\"width\":400,\"height\":400,\"caption\":\"Chemitool\"},\"image\":{\"@id\":\"https:\/\/chemitool.com\/#logo\"}},{\"@type\":\"WebSite\",\"@id\":\"https:\/\/chemitool.com\/#website\",\"url\":\"https:\/\/chemitool.com\/\",\"name\":\"Chemitool\",\"description\":\"Chemitool - hardware and tools\",\"publisher\":{\"@id\":\"https:\/\/chemitool.com\/#organization\"},\"potentialAction\":[{\"@type\":\"SearchAction\",\"target\":{\"@type\":\"EntryPoint\",\"urlTemplate\":\"https:\/\/chemitool.com\/?s={search_term_string}\"},\"query-input\":\"required name=search_term_string\"}],\"inLanguage\":\"pt-PT\"},{\"@type\":\"ImageObject\",\"@id\":\"https:\/\/chemitool.com\/pt-pt\/products\/chemicals\/sprays-pt\/protecao\/detector-de-fugas-protec-chemisol\/#primaryimage\",\"inLanguage\":\"pt-PT\",\"url\":\"https:\/\/chemitool.com\/wp-content\/uploads\/2022\/06\/CHC020317.png\",\"contentUrl\":\"https:\/\/chemitool.com\/wp-content\/uploads\/2022\/06\/CHC020317.png\",\"width\":800,\"height\":800},{\"@type\":\"WebPage\",\"@id\":\"https:\/\/chemitool.com\/pt-pt\/products\/chemicals\/sprays-pt\/protecao\/detector-de-fugas-protec-chemisol\/#webpage\",\"url\":\"https:\/\/chemitool.com\/pt-pt\/products\/chemicals\/sprays-pt\/protecao\/detector-de-fugas-protec-chemisol\/\",\"name\":\"Detetor de Fugas PROTEC CHEMISOL &ndash; Chemitool\",\"isPartOf\":{\"@id\":\"https:\/\/chemitool.com\/#website\"},\"primaryImageOfPage\":{\"@id\":\"https:\/\/chemitool.com\/pt-pt\/products\/chemicals\/sprays-pt\/protecao\/detector-de-fugas-protec-chemisol\/#primaryimage\"},\"datePublished\":\"2022-06-20T16:44:21+00:00\",\"dateModified\":\"2024-11-21T11:09:03+00:00\",\"description\":\"SAP: CHC020317 Spray Protect Detetor de Fugas CHEMISOL \\u00e9 um produto de alta perfomance, \\u00e0 base de agentes sint\\u00e9ticos ativos, para localizar r\\u00e1pido e sem esfor\\u00e7o, fugas de gases. N\\u00e3o sendo um produto inflam\\u00e1vel, permite controlar tamb\\u00e9m a instala\\u00e7\\u00e3o de aparelhos, que operem com g\\u00e1s inflam\\u00e1vel.\",\"breadcrumb\":{\"@id\":\"https:\/\/chemitool.com\/pt-pt\/products\/chemicals\/sprays-pt\/protecao\/detector-de-fugas-protec-chemisol\/#breadcrumb\"},\"inLanguage\":\"pt-PT\",\"potentialAction\":[{\"@type\":\"ReadAction\",\"target\":[\"https:\/\/chemitool.com\/pt-pt\/products\/chemicals\/sprays-pt\/protecao\/detector-de-fugas-protec-chemisol\/\"]}]},{\"@type\":\"BreadcrumbList\",\"@id\":\"https:\/\/chemitool.com\/pt-pt\/products\/chemicals\/sprays-pt\/protecao\/detector-de-fugas-protec-chemisol\/#breadcrumb\",\"itemListElement\":[{\"@type\":\"ListItem\",\"position\":1,\"name\":\"Home\",\"item\":\"https:\/\/chemitool.com\/pt-pt\/\"},{\"@type\":\"ListItem\",\"position\":2,\"name\":\"Produtos\",\"item\":\"https:\/\/chemitool.com\/pt-pt\/produtos\/\"},{\"@type\":\"ListItem\",\"position\":3,\"name\":\"Chemicals\",\"item\":\"https:\/\/chemitool.com\/product-category\/chemical-products\/\"},{\"@type\":\"ListItem\",\"position\":4,\"name\":\"Detetor de Fugas PROTEC CHEMISOL\"}]}]}<\/script>\n<!-- \/ Yoast SEO plugin. -->","yoast_head_json":{"title":"Detetor de Fugas PROTEC CHEMISOL &ndash; Chemitool","description":"SAP: CHC020317  Spray Protect Detetor de Fugas CHEMISOL \u00e9 um produto de alta perfomance, \u00e0 base de agentes sint\u00e9ticos ativos, para localizar r\u00e1pido e sem esfor\u00e7o, fugas de gases. N\u00e3o sendo um produto inflam\u00e1vel, permite controlar tamb\u00e9m a instala\u00e7\u00e3o de aparelhos, que operem com g\u00e1s inflam\u00e1vel.","robots":{"index":"index","follow":"follow","max-snippet":"max-snippet:-1","max-image-preview":"max-image-preview:large","max-video-preview":"max-video-preview:-1"},"canonical":"https:\/\/chemitool.com\/pt-pt\/products\/chemicals\/sprays-pt\/protecao\/detector-de-fugas-protec-chemisol\/","og_locale":"pt_PT","og_type":"article","og_title":"Detetor de Fugas PROTEC CHEMISOL &ndash; Chemitool","og_description":"SAP: CHC020317  Spray Protect Detetor de Fugas CHEMISOL \u00e9 um produto de alta perfomance, \u00e0 base de agentes sint\u00e9ticos ativos, para localizar r\u00e1pido e sem esfor\u00e7o, fugas de gases. N\u00e3o sendo um produto inflam\u00e1vel, permite controlar tamb\u00e9m a instala\u00e7\u00e3o de aparelhos, que operem com g\u00e1s inflam\u00e1vel.","og_url":"https:\/\/chemitool.com\/pt-pt\/products\/chemicals\/sprays-pt\/protecao\/detector-de-fugas-protec-chemisol\/","og_site_name":"Chemitool","article_publisher":"https:\/\/www.facebook.com\/chemitool","article_modified_time":"2024-11-21T11:09:03+00:00","og_image":[{"width":800,"height":800,"url":"https:\/\/chemitool.com\/wp-content\/uploads\/2022\/06\/CHC020317.png","type":"image\/png"}],"twitter_card":"summary_large_image","schema":{"@context":"https:\/\/schema.org","@graph":[{"@type":"Organization","@id":"https:\/\/chemitool.com\/#organization","name":"Chemitool","url":"https:\/\/chemitool.com\/","sameAs":["https:\/\/www.facebook.com\/chemitool","https:\/\/www.instagram.com\/chemitool\/"],"logo":{"@type":"ImageObject","@id":"https:\/\/chemitool.com\/#logo","inLanguage":"pt-PT","url":"https:\/\/chemitool.com\/wp-content\/uploads\/2020\/10\/logo_chemitool.png","contentUrl":"https:\/\/chemitool.com\/wp-content\/uploads\/2020\/10\/logo_chemitool.png","width":400,"height":400,"caption":"Chemitool"},"image":{"@id":"https:\/\/chemitool.com\/#logo"}},{"@type":"WebSite","@id":"https:\/\/chemitool.com\/#website","url":"https:\/\/chemitool.com\/","name":"Chemitool","description":"Chemitool - hardware and tools","publisher":{"@id":"https:\/\/chemitool.com\/#organization"},"potentialAction":[{"@type":"SearchAction","target":{"@type":"EntryPoint","urlTemplate":"https:\/\/chemitool.com\/?s={search_term_string}"},"query-input":"required name=search_term_string"}],"inLanguage":"pt-PT"},{"@type":"ImageObject","@id":"https:\/\/chemitool.com\/pt-pt\/products\/chemicals\/sprays-pt\/protecao\/detector-de-fugas-protec-chemisol\/#primaryimage","inLanguage":"pt-PT","url":"https:\/\/chemitool.com\/wp-content\/uploads\/2022\/06\/CHC020317.png","contentUrl":"https:\/\/chemitool.com\/wp-content\/uploads\/2022\/06\/CHC020317.png","width":800,"height":800},{"@type":"WebPage","@id":"https:\/\/chemitool.com\/pt-pt\/products\/chemicals\/sprays-pt\/protecao\/detector-de-fugas-protec-chemisol\/#webpage","url":"https:\/\/chemitool.com\/pt-pt\/products\/chemicals\/sprays-pt\/protecao\/detector-de-fugas-protec-chemisol\/","name":"Detetor de Fugas PROTEC CHEMISOL &ndash; Chemitool","isPartOf":{"@id":"https:\/\/chemitool.com\/#website"},"primaryImageOfPage":{"@id":"https:\/\/chemitool.com\/pt-pt\/products\/chemicals\/sprays-pt\/protecao\/detector-de-fugas-protec-chemisol\/#primaryimage"},"datePublished":"2022-06-20T16:44:21+00:00","dateModified":"2024-11-21T11:09:03+00:00","description":"SAP: CHC020317 Spray Protect Detetor de Fugas CHEMISOL \u00e9 um produto de alta perfomance, \u00e0 base de agentes sint\u00e9ticos ativos, para localizar r\u00e1pido e sem esfor\u00e7o, fugas de gases. N\u00e3o sendo um produto inflam\u00e1vel, permite controlar tamb\u00e9m a instala\u00e7\u00e3o de aparelhos, que operem com g\u00e1s inflam\u00e1vel.","breadcrumb":{"@id":"https:\/\/chemitool.com\/pt-pt\/products\/chemicals\/sprays-pt\/protecao\/detector-de-fugas-protec-chemisol\/#breadcrumb"},"inLanguage":"pt-PT","potentialAction":[{"@type":"ReadAction","target":["https:\/\/chemitool.com\/pt-pt\/products\/chemicals\/sprays-pt\/protecao\/detector-de-fugas-protec-chemisol\/"]}]},{"@type":"BreadcrumbList","@id":"https:\/\/chemitool.com\/pt-pt\/products\/chemicals\/sprays-pt\/protecao\/detector-de-fugas-protec-chemisol\/#breadcrumb","itemListElement":[{"@type":"ListItem","position":1,"name":"Home","item":"https:\/\/chemitool.com\/pt-pt\/"},{"@type":"ListItem","position":2,"name":"Produtos","item":"https:\/\/chemitool.com\/pt-pt\/produtos\/"},{"@type":"ListItem","position":3,"name":"Chemicals","item":"https:\/\/chemitool.com\/product-category\/chemical-products\/"},{"@type":"ListItem","position":4,"name":"Detetor de Fugas PROTEC CHEMISOL"}]}]}},"_links":{"self":[{"href":"https:\/\/chemitool.com\/pt-pt\/wp-json\/wp\/v2\/product\/23550"}],"collection":[{"href":"https:\/\/chemitool.com\/pt-pt\/wp-json\/wp\/v2\/product"}],"about":[{"href":"https:\/\/chemitool.com\/pt-pt\/wp-json\/wp\/v2\/types\/product"}],"wp:featuredmedia":[{"embeddable":true,"href":"https:\/\/chemitool.com\/pt-pt\/wp-json\/wp\/v2\/media\/23553"}],"wp:attachment":[{"href":"https:\/\/chemitool.com\/pt-pt\/wp-json\/wp\/v2\/media?parent=23550"}],"wp:term":[{"taxonomy":"product_cat","embeddable":true,"href":"https:\/\/chemitool.com\/pt-pt\/wp-json\/wp\/v2\/product_cat?post=23550"},{"taxonomy":"product_tag","embeddable":true,"href":"https:\/\/chemitool.com\/pt-pt\/wp-json\/wp\/v2\/product_tag?post=23550"}],"curies":[{"name":"wp","href":"https:\/\/api.w.org\/{rel}","templated":true}]}}