{"id":23308,"date":"2022-06-07T10:49:51","date_gmt":"2022-06-07T10:49:52","guid":{"rendered":"https:\/\/chemitool.com\/?post_type=product&#038;p=23308"},"modified":"2022-06-07T13:25:05","modified_gmt":"2022-06-07T13:25:05","slug":"escada-tripla-aluminio-fibra","status":"publish","type":"product","link":"https:\/\/chemitool.com\/pt-pt\/products\/tools\/escadas-e-escadotes\/escadas\/escada-tripla-aluminio-fibra\/","title":{"rendered":"ESCADA TRIPLA EM ALUM\u00cdNIO E FIBRA"},"content":{"rendered":"<p><strong>Caracter\u00edsticas<\/strong><\/p>\n<ul>\n<li>Composta por 3 lances;<\/li>\n<li>2 lances em alum\u00ednio e um tramo em fibra de vidro com isolamento el\u00e9ctrico;<\/li>\n<li>Transform\u00e1vel em 2 vers\u00f5es, escada extens\u00edvel ou escadote;<\/li>\n<li>Constru\u00edda em tubo de alum\u00ednio 65mmx25mm;<\/li>\n<li>Degraus em tubo de alum\u00ednio 30x30mm antiderrapantes;<\/li>\n<li>Dist\u00e2ncia de 300mm entre degraus;<\/li>\n<li>Degraus firmemente embutidos \u00e0s sec\u00e7\u00f5es laterais;<\/li>\n<li>Base estabilizadora com p\u00e9s de borracha antiderrapantes;<\/li>\n<li>Tacos de pl\u00e1stico nos topos dos perfis;<\/li>\n<li>Grau de inclina\u00e7\u00e3o em utliza\u00e7\u00e3o \u2013 65\u00ba a 75\u00bagraus ;<\/li>\n<li>Sistema de bloqueio de seguran\u00e7a e encaixe r\u00e1pido;<\/li>\n<li>Precintas de seguran\u00e7a antiabertura excessiva;<\/li>\n<li>Sistema de deslizamento em alum\u00ednio colocados nas laterais;<\/li>\n<li>Casquilho de seguran\u00e7a e limitador de extens\u00e3o;<\/li>\n<\/ul>\n","protected":false},"excerpt":{"rendered":"<p><b class=\"sap-label\">SAP:<\/b> <span class=\"codesap-label\"> CHT200201050350 <\/span><br \/>\n<em>Escada Tripla em Alum\u00ednio e Fibra CHEMITOOL<\/em> \u00e9 um modelo cl\u00e1ssico, robusto, resistente e f\u00e1cil de transportar. A escada obriga a v\u00e1rios requisitos de seguran\u00e7a durante a sua utiliza\u00e7\u00e3o. Aconselha-se uma verifica\u00e7\u00e3o antes de cada utiliza\u00e7\u00e3o. Dispon\u00edvel na vers\u00e3o de 2,5 a 4 metros.<\/p>\n","protected":false},"featured_media":23278,"template":"","meta":[],"product_cat":[1455,3617,3595],"product_tag":[],"yoast_head":"<!-- This site is optimized with the Yoast SEO plugin v17.4 - https:\/\/yoast.com\/wordpress\/plugins\/seo\/ -->\n<title>ESCADA TRIPLA EM ALUM\u00cdNIO E FIBRA &ndash; Chemitool<\/title>\n<meta name=\"description\" content=\"SAP: CHT200201050350  Escada Tripla em Alum\u00ednio e Fibra CHEMITOOL \u00e9 um modelo cl\u00e1ssico, robusto, resistente e f\u00e1cil de transportar. A escada obriga a v\u00e1rios requisitos de seguran\u00e7a durante a sua utiliza\u00e7\u00e3o. Aconselha-se uma verifica\u00e7\u00e3o antes de cada utiliza\u00e7\u00e3o. Dispon\u00edvel na vers\u00e3o de 2,5 a 4 metros.\" \/>\n<meta name=\"robots\" content=\"index, follow, max-snippet:-1, max-image-preview:large, max-video-preview:-1\" \/>\n<link rel=\"canonical\" href=\"https:\/\/chemitool.com\/pt-pt\/products\/tools\/escadas-e-escadotes\/escadas\/escada-tripla-aluminio-fibra\/\" \/>\n<meta property=\"og:locale\" content=\"pt_PT\" \/>\n<meta property=\"og:type\" content=\"article\" \/>\n<meta property=\"og:title\" content=\"ESCADA TRIPLA EM ALUM\u00cdNIO E FIBRA &ndash; Chemitool\" \/>\n<meta property=\"og:description\" content=\"SAP: CHT200201050350  Escada Tripla em Alum\u00ednio e Fibra CHEMITOOL \u00e9 um modelo cl\u00e1ssico, robusto, resistente e f\u00e1cil de transportar. A escada obriga a v\u00e1rios requisitos de seguran\u00e7a durante a sua utiliza\u00e7\u00e3o. Aconselha-se uma verifica\u00e7\u00e3o antes de cada utiliza\u00e7\u00e3o. Dispon\u00edvel na vers\u00e3o de 2,5 a 4 metros.\" \/>\n<meta property=\"og:url\" content=\"https:\/\/chemitool.com\/pt-pt\/products\/tools\/escadas-e-escadotes\/escadas\/escada-tripla-aluminio-fibra\/\" \/>\n<meta property=\"og:site_name\" content=\"Chemitool\" \/>\n<meta property=\"article:publisher\" content=\"https:\/\/www.facebook.com\/chemitool\" \/>\n<meta property=\"article:modified_time\" content=\"2022-06-07T13:25:05+00:00\" \/>\n<meta property=\"og:image\" content=\"https:\/\/chemitool.com\/wp-content\/uploads\/2022\/06\/CHT200201050350_02.png\" \/>\n\t<meta property=\"og:image:width\" content=\"800\" \/>\n\t<meta property=\"og:image:height\" content=\"800\" \/>\n<meta name=\"twitter:card\" content=\"summary_large_image\" \/>\n<meta name=\"twitter:label1\" content=\"Tempo estimado de leitura\" \/>\n\t<meta name=\"twitter:data1\" content=\"1 minuto\" \/>\n<script type=\"application\/ld+json\" class=\"yoast-schema-graph\">{\"@context\":\"https:\/\/schema.org\",\"@graph\":[{\"@type\":\"Organization\",\"@id\":\"https:\/\/chemitool.com\/#organization\",\"name\":\"Chemitool\",\"url\":\"https:\/\/chemitool.com\/\",\"sameAs\":[\"https:\/\/www.facebook.com\/chemitool\",\"https:\/\/www.instagram.com\/chemitool\/\"],\"logo\":{\"@type\":\"ImageObject\",\"@id\":\"https:\/\/chemitool.com\/#logo\",\"inLanguage\":\"pt-PT\",\"url\":\"https:\/\/chemitool.com\/wp-content\/uploads\/2020\/10\/logo_chemitool.png\",\"contentUrl\":\"https:\/\/chemitool.com\/wp-content\/uploads\/2020\/10\/logo_chemitool.png\",\"width\":400,\"height\":400,\"caption\":\"Chemitool\"},\"image\":{\"@id\":\"https:\/\/chemitool.com\/#logo\"}},{\"@type\":\"WebSite\",\"@id\":\"https:\/\/chemitool.com\/#website\",\"url\":\"https:\/\/chemitool.com\/\",\"name\":\"Chemitool\",\"description\":\"Chemitool - hardware and tools\",\"publisher\":{\"@id\":\"https:\/\/chemitool.com\/#organization\"},\"potentialAction\":[{\"@type\":\"SearchAction\",\"target\":{\"@type\":\"EntryPoint\",\"urlTemplate\":\"https:\/\/chemitool.com\/?s={search_term_string}\"},\"query-input\":\"required name=search_term_string\"}],\"inLanguage\":\"pt-PT\"},{\"@type\":\"ImageObject\",\"@id\":\"https:\/\/chemitool.com\/pt-pt\/products\/tools\/escadas-e-escadotes\/escadas\/escada-tripla-aluminio-fibra\/#primaryimage\",\"inLanguage\":\"pt-PT\",\"url\":\"https:\/\/chemitool.com\/wp-content\/uploads\/2022\/06\/CHT200201050350_02.png\",\"contentUrl\":\"https:\/\/chemitool.com\/wp-content\/uploads\/2022\/06\/CHT200201050350_02.png\",\"width\":800,\"height\":800},{\"@type\":\"WebPage\",\"@id\":\"https:\/\/chemitool.com\/pt-pt\/products\/tools\/escadas-e-escadotes\/escadas\/escada-tripla-aluminio-fibra\/#webpage\",\"url\":\"https:\/\/chemitool.com\/pt-pt\/products\/tools\/escadas-e-escadotes\/escadas\/escada-tripla-aluminio-fibra\/\",\"name\":\"ESCADA TRIPLA EM ALUM\\u00cdNIO E FIBRA &ndash; Chemitool\",\"isPartOf\":{\"@id\":\"https:\/\/chemitool.com\/#website\"},\"primaryImageOfPage\":{\"@id\":\"https:\/\/chemitool.com\/pt-pt\/products\/tools\/escadas-e-escadotes\/escadas\/escada-tripla-aluminio-fibra\/#primaryimage\"},\"datePublished\":\"2022-06-07T10:49:52+00:00\",\"dateModified\":\"2022-06-07T13:25:05+00:00\",\"description\":\"SAP: CHT200201050350 Escada Tripla em Alum\\u00ednio e Fibra CHEMITOOL \\u00e9 um modelo cl\\u00e1ssico, robusto, resistente e f\\u00e1cil de transportar. A escada obriga a v\\u00e1rios requisitos de seguran\\u00e7a durante a sua utiliza\\u00e7\\u00e3o. Aconselha-se uma verifica\\u00e7\\u00e3o antes de cada utiliza\\u00e7\\u00e3o. Dispon\\u00edvel na vers\\u00e3o de 2,5 a 4 metros.\",\"breadcrumb\":{\"@id\":\"https:\/\/chemitool.com\/pt-pt\/products\/tools\/escadas-e-escadotes\/escadas\/escada-tripla-aluminio-fibra\/#breadcrumb\"},\"inLanguage\":\"pt-PT\",\"potentialAction\":[{\"@type\":\"ReadAction\",\"target\":[\"https:\/\/chemitool.com\/pt-pt\/products\/tools\/escadas-e-escadotes\/escadas\/escada-tripla-aluminio-fibra\/\"]}]},{\"@type\":\"BreadcrumbList\",\"@id\":\"https:\/\/chemitool.com\/pt-pt\/products\/tools\/escadas-e-escadotes\/escadas\/escada-tripla-aluminio-fibra\/#breadcrumb\",\"itemListElement\":[{\"@type\":\"ListItem\",\"position\":1,\"name\":\"Home\",\"item\":\"https:\/\/chemitool.com\/pt-pt\/\"},{\"@type\":\"ListItem\",\"position\":2,\"name\":\"Produtos\",\"item\":\"https:\/\/chemitool.com\/pt-pt\/produtos\/\"},{\"@type\":\"ListItem\",\"position\":3,\"name\":\"Chemicals\",\"item\":\"https:\/\/chemitool.com\/product-category\/chemical-products\/\"},{\"@type\":\"ListItem\",\"position\":4,\"name\":\"ESCADA TRIPLA EM ALUM\\u00cdNIO E FIBRA\"}]}]}<\/script>\n<!-- \/ Yoast SEO plugin. -->","yoast_head_json":{"title":"ESCADA TRIPLA EM ALUM\u00cdNIO E FIBRA &ndash; Chemitool","description":"SAP: CHT200201050350  Escada Tripla em Alum\u00ednio e Fibra CHEMITOOL \u00e9 um modelo cl\u00e1ssico, robusto, resistente e f\u00e1cil de transportar. A escada obriga a v\u00e1rios requisitos de seguran\u00e7a durante a sua utiliza\u00e7\u00e3o. Aconselha-se uma verifica\u00e7\u00e3o antes de cada utiliza\u00e7\u00e3o. Dispon\u00edvel na vers\u00e3o de 2,5 a 4 metros.","robots":{"index":"index","follow":"follow","max-snippet":"max-snippet:-1","max-image-preview":"max-image-preview:large","max-video-preview":"max-video-preview:-1"},"canonical":"https:\/\/chemitool.com\/pt-pt\/products\/tools\/escadas-e-escadotes\/escadas\/escada-tripla-aluminio-fibra\/","og_locale":"pt_PT","og_type":"article","og_title":"ESCADA TRIPLA EM ALUM\u00cdNIO E FIBRA &ndash; Chemitool","og_description":"SAP: CHT200201050350  Escada Tripla em Alum\u00ednio e Fibra CHEMITOOL \u00e9 um modelo cl\u00e1ssico, robusto, resistente e f\u00e1cil de transportar. A escada obriga a v\u00e1rios requisitos de seguran\u00e7a durante a sua utiliza\u00e7\u00e3o. Aconselha-se uma verifica\u00e7\u00e3o antes de cada utiliza\u00e7\u00e3o. Dispon\u00edvel na vers\u00e3o de 2,5 a 4 metros.","og_url":"https:\/\/chemitool.com\/pt-pt\/products\/tools\/escadas-e-escadotes\/escadas\/escada-tripla-aluminio-fibra\/","og_site_name":"Chemitool","article_publisher":"https:\/\/www.facebook.com\/chemitool","article_modified_time":"2022-06-07T13:25:05+00:00","og_image":[{"width":800,"height":800,"url":"https:\/\/chemitool.com\/wp-content\/uploads\/2022\/06\/CHT200201050350_02.png","type":"image\/png"}],"twitter_card":"summary_large_image","twitter_misc":{"Tempo estimado de leitura":"1 minuto"},"schema":{"@context":"https:\/\/schema.org","@graph":[{"@type":"Organization","@id":"https:\/\/chemitool.com\/#organization","name":"Chemitool","url":"https:\/\/chemitool.com\/","sameAs":["https:\/\/www.facebook.com\/chemitool","https:\/\/www.instagram.com\/chemitool\/"],"logo":{"@type":"ImageObject","@id":"https:\/\/chemitool.com\/#logo","inLanguage":"pt-PT","url":"https:\/\/chemitool.com\/wp-content\/uploads\/2020\/10\/logo_chemitool.png","contentUrl":"https:\/\/chemitool.com\/wp-content\/uploads\/2020\/10\/logo_chemitool.png","width":400,"height":400,"caption":"Chemitool"},"image":{"@id":"https:\/\/chemitool.com\/#logo"}},{"@type":"WebSite","@id":"https:\/\/chemitool.com\/#website","url":"https:\/\/chemitool.com\/","name":"Chemitool","description":"Chemitool - hardware and tools","publisher":{"@id":"https:\/\/chemitool.com\/#organization"},"potentialAction":[{"@type":"SearchAction","target":{"@type":"EntryPoint","urlTemplate":"https:\/\/chemitool.com\/?s={search_term_string}"},"query-input":"required name=search_term_string"}],"inLanguage":"pt-PT"},{"@type":"ImageObject","@id":"https:\/\/chemitool.com\/pt-pt\/products\/tools\/escadas-e-escadotes\/escadas\/escada-tripla-aluminio-fibra\/#primaryimage","inLanguage":"pt-PT","url":"https:\/\/chemitool.com\/wp-content\/uploads\/2022\/06\/CHT200201050350_02.png","contentUrl":"https:\/\/chemitool.com\/wp-content\/uploads\/2022\/06\/CHT200201050350_02.png","width":800,"height":800},{"@type":"WebPage","@id":"https:\/\/chemitool.com\/pt-pt\/products\/tools\/escadas-e-escadotes\/escadas\/escada-tripla-aluminio-fibra\/#webpage","url":"https:\/\/chemitool.com\/pt-pt\/products\/tools\/escadas-e-escadotes\/escadas\/escada-tripla-aluminio-fibra\/","name":"ESCADA TRIPLA EM ALUM\u00cdNIO E FIBRA &ndash; Chemitool","isPartOf":{"@id":"https:\/\/chemitool.com\/#website"},"primaryImageOfPage":{"@id":"https:\/\/chemitool.com\/pt-pt\/products\/tools\/escadas-e-escadotes\/escadas\/escada-tripla-aluminio-fibra\/#primaryimage"},"datePublished":"2022-06-07T10:49:52+00:00","dateModified":"2022-06-07T13:25:05+00:00","description":"SAP: CHT200201050350 Escada Tripla em Alum\u00ednio e Fibra CHEMITOOL \u00e9 um modelo cl\u00e1ssico, robusto, resistente e f\u00e1cil de transportar. A escada obriga a v\u00e1rios requisitos de seguran\u00e7a durante a sua utiliza\u00e7\u00e3o. Aconselha-se uma verifica\u00e7\u00e3o antes de cada utiliza\u00e7\u00e3o. Dispon\u00edvel na vers\u00e3o de 2,5 a 4 metros.","breadcrumb":{"@id":"https:\/\/chemitool.com\/pt-pt\/products\/tools\/escadas-e-escadotes\/escadas\/escada-tripla-aluminio-fibra\/#breadcrumb"},"inLanguage":"pt-PT","potentialAction":[{"@type":"ReadAction","target":["https:\/\/chemitool.com\/pt-pt\/products\/tools\/escadas-e-escadotes\/escadas\/escada-tripla-aluminio-fibra\/"]}]},{"@type":"BreadcrumbList","@id":"https:\/\/chemitool.com\/pt-pt\/products\/tools\/escadas-e-escadotes\/escadas\/escada-tripla-aluminio-fibra\/#breadcrumb","itemListElement":[{"@type":"ListItem","position":1,"name":"Home","item":"https:\/\/chemitool.com\/pt-pt\/"},{"@type":"ListItem","position":2,"name":"Produtos","item":"https:\/\/chemitool.com\/pt-pt\/produtos\/"},{"@type":"ListItem","position":3,"name":"Chemicals","item":"https:\/\/chemitool.com\/product-category\/chemical-products\/"},{"@type":"ListItem","position":4,"name":"ESCADA TRIPLA EM ALUM\u00cdNIO E FIBRA"}]}]}},"_links":{"self":[{"href":"https:\/\/chemitool.com\/pt-pt\/wp-json\/wp\/v2\/product\/23308"}],"collection":[{"href":"https:\/\/chemitool.com\/pt-pt\/wp-json\/wp\/v2\/product"}],"about":[{"href":"https:\/\/chemitool.com\/pt-pt\/wp-json\/wp\/v2\/types\/product"}],"wp:featuredmedia":[{"embeddable":true,"href":"https:\/\/chemitool.com\/pt-pt\/wp-json\/wp\/v2\/media\/23278"}],"wp:attachment":[{"href":"https:\/\/chemitool.com\/pt-pt\/wp-json\/wp\/v2\/media?parent=23308"}],"wp:term":[{"taxonomy":"product_cat","embeddable":true,"href":"https:\/\/chemitool.com\/pt-pt\/wp-json\/wp\/v2\/product_cat?post=23308"},{"taxonomy":"product_tag","embeddable":true,"href":"https:\/\/chemitool.com\/pt-pt\/wp-json\/wp\/v2\/product_tag?post=23308"}],"curies":[{"name":"wp","href":"https:\/\/api.w.org\/{rel}","templated":true}]}}