{"id":23261,"date":"2022-06-06T15:40:19","date_gmt":"2022-06-06T15:40:33","guid":{"rendered":"https:\/\/chemitool.com\/?post_type=product&#038;p=23261"},"modified":"2022-09-19T10:12:34","modified_gmt":"2022-09-19T10:12:34","slug":"sealbond-35-ms","status":"publish","type":"product","link":"https:\/\/chemitool.com\/pt-pt\/products\/chemicals\/vedantes-e-colas\/ms-polimero\/sealbond-35-ms\/","title":{"rendered":"SEAL&#038;BOND 35 MS CHEMIHYB"},"content":{"rendered":"<p><strong>Vantagens<\/strong><\/p>\n<ul>\n<li>Qualidade profissional<\/li>\n<li>Grande resist\u00eancia aos raios UV, altera\u00e7\u00f5es de temperatura e ao envelhecimento<\/li>\n<li>Excelente ades\u00e3o em superficies h\u00famidas<\/li>\n<li>Ades\u00e3o em v\u00e1rios tipos de substratos<\/li>\n<li>Cura r\u00e1pida e permanentemente el\u00e1stica<\/li>\n<li>Sem odor, livre de solventes e isocianatos<\/li>\n<li>Pode ser pintado<\/li>\n<li>Utiliza\u00e7\u00e3o interior e exterior<\/li>\n<li>Shore 35<\/li>\n<\/ul>\n<p><strong>Indica\u00e7\u00f5es<\/strong><\/p>\n<p>Armazenar num ambiente fresco, seco e bem ventilado, entre os +5\u00b0C e + 40\u00b0C, afastado de fontes de calor e humidade. Validade 24 meses se armazenado nas condi\u00e7\u00f5es recomendadas, pois pode reduzir o prazo.<\/p>\n","protected":false},"excerpt":{"rendered":"<p><em>Seal&amp;Bond 35 MS CHEMIHYB <\/em>\u00e9 um selante monocomponente \u00e0 base de MS Pol\u00edmeros de alta qualidade, de baixo m\u00f3dulo.<\/p>\n","protected":false},"featured_media":29993,"template":"","meta":[],"product_cat":[109,1221,3631],"product_tag":[],"yoast_head":"<!-- This site is optimized with the Yoast SEO plugin v17.4 - https:\/\/yoast.com\/wordpress\/plugins\/seo\/ -->\n<title>SEAL&amp;BOND 35 MS CHEMIHYB &ndash; Chemitool<\/title>\n<meta name=\"description\" content=\"Seal&amp;Bond 35 MS CHEMIHYB \u00e9 um selante monocomponente \u00e0 base de MS Pol\u00edmeros de alta qualidade, de baixo m\u00f3dulo.\" \/>\n<meta name=\"robots\" content=\"index, follow, max-snippet:-1, max-image-preview:large, max-video-preview:-1\" \/>\n<link rel=\"canonical\" href=\"https:\/\/chemitool.com\/pt-pt\/products\/chemicals\/vedantes-e-colas\/ms-polimero\/sealbond-35-ms\/\" \/>\n<meta property=\"og:locale\" content=\"pt_PT\" \/>\n<meta property=\"og:type\" content=\"article\" \/>\n<meta property=\"og:title\" content=\"SEAL&amp;BOND 35 MS CHEMIHYB &ndash; Chemitool\" \/>\n<meta property=\"og:description\" content=\"Seal&amp;Bond 35 MS CHEMIHYB \u00e9 um selante monocomponente \u00e0 base de MS Pol\u00edmeros de alta qualidade, de baixo m\u00f3dulo.\" \/>\n<meta property=\"og:url\" content=\"https:\/\/chemitool.com\/pt-pt\/products\/chemicals\/vedantes-e-colas\/ms-polimero\/sealbond-35-ms\/\" \/>\n<meta property=\"og:site_name\" content=\"Chemitool\" \/>\n<meta property=\"article:publisher\" content=\"https:\/\/www.facebook.com\/chemitool\" \/>\n<meta property=\"article:modified_time\" content=\"2022-09-19T10:12:34+00:00\" \/>\n<meta property=\"og:image\" content=\"https:\/\/chemitool.com\/wp-content\/uploads\/2022\/06\/CH0351000.png\" \/>\n\t<meta property=\"og:image:width\" content=\"800\" \/>\n\t<meta property=\"og:image:height\" content=\"800\" \/>\n<meta name=\"twitter:card\" content=\"summary_large_image\" \/>\n<script type=\"application\/ld+json\" class=\"yoast-schema-graph\">{\"@context\":\"https:\/\/schema.org\",\"@graph\":[{\"@type\":\"Organization\",\"@id\":\"https:\/\/chemitool.com\/#organization\",\"name\":\"Chemitool\",\"url\":\"https:\/\/chemitool.com\/\",\"sameAs\":[\"https:\/\/www.facebook.com\/chemitool\",\"https:\/\/www.instagram.com\/chemitool\/\"],\"logo\":{\"@type\":\"ImageObject\",\"@id\":\"https:\/\/chemitool.com\/#logo\",\"inLanguage\":\"pt-PT\",\"url\":\"https:\/\/chemitool.com\/wp-content\/uploads\/2020\/10\/logo_chemitool.png\",\"contentUrl\":\"https:\/\/chemitool.com\/wp-content\/uploads\/2020\/10\/logo_chemitool.png\",\"width\":400,\"height\":400,\"caption\":\"Chemitool\"},\"image\":{\"@id\":\"https:\/\/chemitool.com\/#logo\"}},{\"@type\":\"WebSite\",\"@id\":\"https:\/\/chemitool.com\/#website\",\"url\":\"https:\/\/chemitool.com\/\",\"name\":\"Chemitool\",\"description\":\"Chemitool - hardware and tools\",\"publisher\":{\"@id\":\"https:\/\/chemitool.com\/#organization\"},\"potentialAction\":[{\"@type\":\"SearchAction\",\"target\":{\"@type\":\"EntryPoint\",\"urlTemplate\":\"https:\/\/chemitool.com\/?s={search_term_string}\"},\"query-input\":\"required name=search_term_string\"}],\"inLanguage\":\"pt-PT\"},{\"@type\":\"ImageObject\",\"@id\":\"https:\/\/chemitool.com\/pt-pt\/products\/chemicals\/vedantes-e-colas\/ms-polimero\/sealbond-35-ms\/#primaryimage\",\"inLanguage\":\"pt-PT\",\"url\":\"https:\/\/chemitool.com\/wp-content\/uploads\/2022\/06\/CH0351.png\",\"contentUrl\":\"https:\/\/chemitool.com\/wp-content\/uploads\/2022\/06\/CH0351.png\",\"width\":800,\"height\":800},{\"@type\":\"WebPage\",\"@id\":\"https:\/\/chemitool.com\/pt-pt\/products\/chemicals\/vedantes-e-colas\/ms-polimero\/sealbond-35-ms\/#webpage\",\"url\":\"https:\/\/chemitool.com\/pt-pt\/products\/chemicals\/vedantes-e-colas\/ms-polimero\/sealbond-35-ms\/\",\"name\":\"SEAL&BOND 35 MS CHEMIHYB &ndash; Chemitool\",\"isPartOf\":{\"@id\":\"https:\/\/chemitool.com\/#website\"},\"primaryImageOfPage\":{\"@id\":\"https:\/\/chemitool.com\/pt-pt\/products\/chemicals\/vedantes-e-colas\/ms-polimero\/sealbond-35-ms\/#primaryimage\"},\"datePublished\":\"2022-06-06T15:40:33+00:00\",\"dateModified\":\"2022-09-19T10:12:34+00:00\",\"description\":\"Seal&amp;Bond 35 MS CHEMIHYB \\u00e9 um selante monocomponente \\u00e0 base de MS Pol\\u00edmeros de alta qualidade, de baixo m\\u00f3dulo.\",\"breadcrumb\":{\"@id\":\"https:\/\/chemitool.com\/pt-pt\/products\/chemicals\/vedantes-e-colas\/ms-polimero\/sealbond-35-ms\/#breadcrumb\"},\"inLanguage\":\"pt-PT\",\"potentialAction\":[{\"@type\":\"ReadAction\",\"target\":[\"https:\/\/chemitool.com\/pt-pt\/products\/chemicals\/vedantes-e-colas\/ms-polimero\/sealbond-35-ms\/\"]}]},{\"@type\":\"BreadcrumbList\",\"@id\":\"https:\/\/chemitool.com\/pt-pt\/products\/chemicals\/vedantes-e-colas\/ms-polimero\/sealbond-35-ms\/#breadcrumb\",\"itemListElement\":[{\"@type\":\"ListItem\",\"position\":1,\"name\":\"Home\",\"item\":\"https:\/\/chemitool.com\/pt-pt\/\"},{\"@type\":\"ListItem\",\"position\":2,\"name\":\"Produtos\",\"item\":\"https:\/\/chemitool.com\/pt-pt\/produtos\/\"},{\"@type\":\"ListItem\",\"position\":3,\"name\":\"Tools\",\"item\":\"https:\/\/chemitool.com\/pt-pt\/categoria-produto\/tools\/\"},{\"@type\":\"ListItem\",\"position\":4,\"name\":\"Escadas e Escadotes\",\"item\":\"https:\/\/chemitool.com\/pt-pt\/categoria-produto\/tools\/escadas-e-escadotes\/\"},{\"@type\":\"ListItem\",\"position\":5,\"name\":\"SEAL&#038;BOND 35 MS CHEMIHYB\"}]}]}<\/script>\n<!-- \/ Yoast SEO plugin. -->","yoast_head_json":{"title":"SEAL&BOND 35 MS CHEMIHYB &ndash; Chemitool","description":"Seal&amp;Bond 35 MS CHEMIHYB \u00e9 um selante monocomponente \u00e0 base de MS Pol\u00edmeros de alta qualidade, de baixo m\u00f3dulo.","robots":{"index":"index","follow":"follow","max-snippet":"max-snippet:-1","max-image-preview":"max-image-preview:large","max-video-preview":"max-video-preview:-1"},"canonical":"https:\/\/chemitool.com\/pt-pt\/products\/chemicals\/vedantes-e-colas\/ms-polimero\/sealbond-35-ms\/","og_locale":"pt_PT","og_type":"article","og_title":"SEAL&BOND 35 MS CHEMIHYB &ndash; Chemitool","og_description":"Seal&amp;Bond 35 MS CHEMIHYB \u00e9 um selante monocomponente \u00e0 base de MS Pol\u00edmeros de alta qualidade, de baixo m\u00f3dulo.","og_url":"https:\/\/chemitool.com\/pt-pt\/products\/chemicals\/vedantes-e-colas\/ms-polimero\/sealbond-35-ms\/","og_site_name":"Chemitool","article_publisher":"https:\/\/www.facebook.com\/chemitool","article_modified_time":"2022-09-19T10:12:34+00:00","og_image":[{"width":800,"height":800,"url":"https:\/\/chemitool.com\/wp-content\/uploads\/2022\/06\/CH0351000.png","type":"image\/png"}],"twitter_card":"summary_large_image","schema":{"@context":"https:\/\/schema.org","@graph":[{"@type":"Organization","@id":"https:\/\/chemitool.com\/#organization","name":"Chemitool","url":"https:\/\/chemitool.com\/","sameAs":["https:\/\/www.facebook.com\/chemitool","https:\/\/www.instagram.com\/chemitool\/"],"logo":{"@type":"ImageObject","@id":"https:\/\/chemitool.com\/#logo","inLanguage":"pt-PT","url":"https:\/\/chemitool.com\/wp-content\/uploads\/2020\/10\/logo_chemitool.png","contentUrl":"https:\/\/chemitool.com\/wp-content\/uploads\/2020\/10\/logo_chemitool.png","width":400,"height":400,"caption":"Chemitool"},"image":{"@id":"https:\/\/chemitool.com\/#logo"}},{"@type":"WebSite","@id":"https:\/\/chemitool.com\/#website","url":"https:\/\/chemitool.com\/","name":"Chemitool","description":"Chemitool - hardware and tools","publisher":{"@id":"https:\/\/chemitool.com\/#organization"},"potentialAction":[{"@type":"SearchAction","target":{"@type":"EntryPoint","urlTemplate":"https:\/\/chemitool.com\/?s={search_term_string}"},"query-input":"required name=search_term_string"}],"inLanguage":"pt-PT"},{"@type":"ImageObject","@id":"https:\/\/chemitool.com\/pt-pt\/products\/chemicals\/vedantes-e-colas\/ms-polimero\/sealbond-35-ms\/#primaryimage","inLanguage":"pt-PT","url":"https:\/\/chemitool.com\/wp-content\/uploads\/2022\/06\/CH0351.png","contentUrl":"https:\/\/chemitool.com\/wp-content\/uploads\/2022\/06\/CH0351.png","width":800,"height":800},{"@type":"WebPage","@id":"https:\/\/chemitool.com\/pt-pt\/products\/chemicals\/vedantes-e-colas\/ms-polimero\/sealbond-35-ms\/#webpage","url":"https:\/\/chemitool.com\/pt-pt\/products\/chemicals\/vedantes-e-colas\/ms-polimero\/sealbond-35-ms\/","name":"SEAL&BOND 35 MS CHEMIHYB &ndash; Chemitool","isPartOf":{"@id":"https:\/\/chemitool.com\/#website"},"primaryImageOfPage":{"@id":"https:\/\/chemitool.com\/pt-pt\/products\/chemicals\/vedantes-e-colas\/ms-polimero\/sealbond-35-ms\/#primaryimage"},"datePublished":"2022-06-06T15:40:33+00:00","dateModified":"2022-09-19T10:12:34+00:00","description":"Seal&amp;Bond 35 MS CHEMIHYB \u00e9 um selante monocomponente \u00e0 base de MS Pol\u00edmeros de alta qualidade, de baixo m\u00f3dulo.","breadcrumb":{"@id":"https:\/\/chemitool.com\/pt-pt\/products\/chemicals\/vedantes-e-colas\/ms-polimero\/sealbond-35-ms\/#breadcrumb"},"inLanguage":"pt-PT","potentialAction":[{"@type":"ReadAction","target":["https:\/\/chemitool.com\/pt-pt\/products\/chemicals\/vedantes-e-colas\/ms-polimero\/sealbond-35-ms\/"]}]},{"@type":"BreadcrumbList","@id":"https:\/\/chemitool.com\/pt-pt\/products\/chemicals\/vedantes-e-colas\/ms-polimero\/sealbond-35-ms\/#breadcrumb","itemListElement":[{"@type":"ListItem","position":1,"name":"Home","item":"https:\/\/chemitool.com\/pt-pt\/"},{"@type":"ListItem","position":2,"name":"Produtos","item":"https:\/\/chemitool.com\/pt-pt\/produtos\/"},{"@type":"ListItem","position":3,"name":"Tools","item":"https:\/\/chemitool.com\/pt-pt\/categoria-produto\/tools\/"},{"@type":"ListItem","position":4,"name":"Escadas e Escadotes","item":"https:\/\/chemitool.com\/pt-pt\/categoria-produto\/tools\/escadas-e-escadotes\/"},{"@type":"ListItem","position":5,"name":"SEAL&#038;BOND 35 MS CHEMIHYB"}]}]}},"_links":{"self":[{"href":"https:\/\/chemitool.com\/pt-pt\/wp-json\/wp\/v2\/product\/23261"}],"collection":[{"href":"https:\/\/chemitool.com\/pt-pt\/wp-json\/wp\/v2\/product"}],"about":[{"href":"https:\/\/chemitool.com\/pt-pt\/wp-json\/wp\/v2\/types\/product"}],"wp:featuredmedia":[{"embeddable":true,"href":"https:\/\/chemitool.com\/pt-pt\/wp-json\/wp\/v2\/media\/29993"}],"wp:attachment":[{"href":"https:\/\/chemitool.com\/pt-pt\/wp-json\/wp\/v2\/media?parent=23261"}],"wp:term":[{"taxonomy":"product_cat","embeddable":true,"href":"https:\/\/chemitool.com\/pt-pt\/wp-json\/wp\/v2\/product_cat?post=23261"},{"taxonomy":"product_tag","embeddable":true,"href":"https:\/\/chemitool.com\/pt-pt\/wp-json\/wp\/v2\/product_tag?post=23261"}],"curies":[{"name":"wp","href":"https:\/\/api.w.org\/{rel}","templated":true}]}}