{"id":23250,"date":"2022-06-06T14:40:07","date_gmt":"2022-06-06T14:40:08","guid":{"rendered":"https:\/\/chemitool.com\/?post_type=product&#038;p=23250"},"modified":"2022-06-06T15:25:57","modified_gmt":"2022-06-06T15:25:57","slug":"cabo-metalico-extensivel","status":"publish","type":"product","link":"https:\/\/chemitool.com\/pt-pt\/products\/tools\/pintura\/cabo-metalico-extensivel\/","title":{"rendered":"Cabo Met\u00e1lico Extens\u00edvel"},"content":{"rendered":"<ul>\n<li>Cabo Met\u00e1lico Extens\u00edvel<\/li>\n<li>O cabo \u00e9 extens\u00edvel at\u00e9 2 metros<\/li>\n<\/ul>\n<p><strong>Aplica\u00e7\u00f5es<\/strong><\/p>\n<p>Cabo em metal com rosca. Utiliza\u00e7\u00e3o bricolage e profissional. Produto resistente e especializado para rolos de pintura. Possibilita chegar a espa\u00e7os mais altos e de dif\u00edcil acesso gra\u00e7as \u00e0 sua pega extens\u00edvel.<\/p>\n","protected":false},"excerpt":{"rendered":"<p><b class=\"sap-label\">SAP:<\/b> <span class=\"codesap-label\"> CHT2001090006 <\/span><br \/>\n<em>Cabo Met\u00e1lico Extens\u00edvel CHEMITOOL.<\/em><\/p>\n","protected":false},"featured_media":23246,"template":"","meta":[],"product_cat":[1455,3667],"product_tag":[],"yoast_head":"<!-- This site is optimized with the Yoast SEO plugin v17.4 - https:\/\/yoast.com\/wordpress\/plugins\/seo\/ -->\n<title>Cabo Met\u00e1lico Extens\u00edvel &ndash; Chemitool<\/title>\n<meta name=\"description\" content=\"SAP: CHT2001090006  Cabo Met\u00e1lico Extens\u00edvel CHEMITOOL.\" \/>\n<meta name=\"robots\" content=\"index, follow, max-snippet:-1, max-image-preview:large, max-video-preview:-1\" \/>\n<link rel=\"canonical\" href=\"https:\/\/chemitool.com\/pt-pt\/products\/tools\/pintura\/cabo-metalico-extensivel\/\" \/>\n<meta property=\"og:locale\" content=\"pt_PT\" \/>\n<meta property=\"og:type\" content=\"article\" \/>\n<meta property=\"og:title\" content=\"Cabo Met\u00e1lico Extens\u00edvel &ndash; Chemitool\" \/>\n<meta property=\"og:description\" content=\"SAP: CHT2001090006  Cabo Met\u00e1lico Extens\u00edvel CHEMITOOL.\" \/>\n<meta property=\"og:url\" content=\"https:\/\/chemitool.com\/pt-pt\/products\/tools\/pintura\/cabo-metalico-extensivel\/\" \/>\n<meta property=\"og:site_name\" content=\"Chemitool\" \/>\n<meta property=\"article:publisher\" content=\"https:\/\/www.facebook.com\/chemitool\" \/>\n<meta property=\"article:modified_time\" content=\"2022-06-06T15:25:57+00:00\" \/>\n<meta property=\"og:image\" content=\"https:\/\/chemitool.com\/wp-content\/uploads\/2022\/06\/CHT2001090006.png\" \/>\n\t<meta property=\"og:image:width\" content=\"800\" \/>\n\t<meta property=\"og:image:height\" content=\"800\" \/>\n<meta name=\"twitter:card\" content=\"summary_large_image\" \/>\n<script type=\"application\/ld+json\" class=\"yoast-schema-graph\">{\"@context\":\"https:\/\/schema.org\",\"@graph\":[{\"@type\":\"Organization\",\"@id\":\"https:\/\/chemitool.com\/#organization\",\"name\":\"Chemitool\",\"url\":\"https:\/\/chemitool.com\/\",\"sameAs\":[\"https:\/\/www.facebook.com\/chemitool\",\"https:\/\/www.instagram.com\/chemitool\/\"],\"logo\":{\"@type\":\"ImageObject\",\"@id\":\"https:\/\/chemitool.com\/#logo\",\"inLanguage\":\"pt-PT\",\"url\":\"https:\/\/chemitool.com\/wp-content\/uploads\/2020\/10\/logo_chemitool.png\",\"contentUrl\":\"https:\/\/chemitool.com\/wp-content\/uploads\/2020\/10\/logo_chemitool.png\",\"width\":400,\"height\":400,\"caption\":\"Chemitool\"},\"image\":{\"@id\":\"https:\/\/chemitool.com\/#logo\"}},{\"@type\":\"WebSite\",\"@id\":\"https:\/\/chemitool.com\/#website\",\"url\":\"https:\/\/chemitool.com\/\",\"name\":\"Chemitool\",\"description\":\"Chemitool - hardware and tools\",\"publisher\":{\"@id\":\"https:\/\/chemitool.com\/#organization\"},\"potentialAction\":[{\"@type\":\"SearchAction\",\"target\":{\"@type\":\"EntryPoint\",\"urlTemplate\":\"https:\/\/chemitool.com\/?s={search_term_string}\"},\"query-input\":\"required name=search_term_string\"}],\"inLanguage\":\"pt-PT\"},{\"@type\":\"ImageObject\",\"@id\":\"https:\/\/chemitool.com\/pt-pt\/products\/tools\/pintura\/cabo-metalico-extensivel\/#primaryimage\",\"inLanguage\":\"pt-PT\",\"url\":\"https:\/\/chemitool.com\/wp-content\/uploads\/2022\/06\/CHT2001090006.png\",\"contentUrl\":\"https:\/\/chemitool.com\/wp-content\/uploads\/2022\/06\/CHT2001090006.png\",\"width\":800,\"height\":800},{\"@type\":\"WebPage\",\"@id\":\"https:\/\/chemitool.com\/pt-pt\/products\/tools\/pintura\/cabo-metalico-extensivel\/#webpage\",\"url\":\"https:\/\/chemitool.com\/pt-pt\/products\/tools\/pintura\/cabo-metalico-extensivel\/\",\"name\":\"Cabo Met\\u00e1lico Extens\\u00edvel &ndash; Chemitool\",\"isPartOf\":{\"@id\":\"https:\/\/chemitool.com\/#website\"},\"primaryImageOfPage\":{\"@id\":\"https:\/\/chemitool.com\/pt-pt\/products\/tools\/pintura\/cabo-metalico-extensivel\/#primaryimage\"},\"datePublished\":\"2022-06-06T14:40:08+00:00\",\"dateModified\":\"2022-06-06T15:25:57+00:00\",\"description\":\"SAP: CHT2001090006 Cabo Met\\u00e1lico Extens\\u00edvel CHEMITOOL.\",\"breadcrumb\":{\"@id\":\"https:\/\/chemitool.com\/pt-pt\/products\/tools\/pintura\/cabo-metalico-extensivel\/#breadcrumb\"},\"inLanguage\":\"pt-PT\",\"potentialAction\":[{\"@type\":\"ReadAction\",\"target\":[\"https:\/\/chemitool.com\/pt-pt\/products\/tools\/pintura\/cabo-metalico-extensivel\/\"]}]},{\"@type\":\"BreadcrumbList\",\"@id\":\"https:\/\/chemitool.com\/pt-pt\/products\/tools\/pintura\/cabo-metalico-extensivel\/#breadcrumb\",\"itemListElement\":[{\"@type\":\"ListItem\",\"position\":1,\"name\":\"Home\",\"item\":\"https:\/\/chemitool.com\/pt-pt\/\"},{\"@type\":\"ListItem\",\"position\":2,\"name\":\"Produtos\",\"item\":\"https:\/\/chemitool.com\/pt-pt\/produtos\/\"},{\"@type\":\"ListItem\",\"position\":3,\"name\":\"Tools\",\"item\":\"https:\/\/chemitool.com\/pt-pt\/categoria-produto\/tools\/\"},{\"@type\":\"ListItem\",\"position\":4,\"name\":\"Escadas e Escadotes\",\"item\":\"https:\/\/chemitool.com\/pt-pt\/categoria-produto\/tools\/escadas-e-escadotes\/\"},{\"@type\":\"ListItem\",\"position\":5,\"name\":\"Cabo Met\\u00e1lico Extens\\u00edvel\"}]}]}<\/script>\n<!-- \/ Yoast SEO plugin. -->","yoast_head_json":{"title":"Cabo Met\u00e1lico Extens\u00edvel &ndash; Chemitool","description":"SAP: CHT2001090006  Cabo Met\u00e1lico Extens\u00edvel CHEMITOOL.","robots":{"index":"index","follow":"follow","max-snippet":"max-snippet:-1","max-image-preview":"max-image-preview:large","max-video-preview":"max-video-preview:-1"},"canonical":"https:\/\/chemitool.com\/pt-pt\/products\/tools\/pintura\/cabo-metalico-extensivel\/","og_locale":"pt_PT","og_type":"article","og_title":"Cabo Met\u00e1lico Extens\u00edvel &ndash; Chemitool","og_description":"SAP: CHT2001090006  Cabo Met\u00e1lico Extens\u00edvel CHEMITOOL.","og_url":"https:\/\/chemitool.com\/pt-pt\/products\/tools\/pintura\/cabo-metalico-extensivel\/","og_site_name":"Chemitool","article_publisher":"https:\/\/www.facebook.com\/chemitool","article_modified_time":"2022-06-06T15:25:57+00:00","og_image":[{"width":800,"height":800,"url":"https:\/\/chemitool.com\/wp-content\/uploads\/2022\/06\/CHT2001090006.png","type":"image\/png"}],"twitter_card":"summary_large_image","schema":{"@context":"https:\/\/schema.org","@graph":[{"@type":"Organization","@id":"https:\/\/chemitool.com\/#organization","name":"Chemitool","url":"https:\/\/chemitool.com\/","sameAs":["https:\/\/www.facebook.com\/chemitool","https:\/\/www.instagram.com\/chemitool\/"],"logo":{"@type":"ImageObject","@id":"https:\/\/chemitool.com\/#logo","inLanguage":"pt-PT","url":"https:\/\/chemitool.com\/wp-content\/uploads\/2020\/10\/logo_chemitool.png","contentUrl":"https:\/\/chemitool.com\/wp-content\/uploads\/2020\/10\/logo_chemitool.png","width":400,"height":400,"caption":"Chemitool"},"image":{"@id":"https:\/\/chemitool.com\/#logo"}},{"@type":"WebSite","@id":"https:\/\/chemitool.com\/#website","url":"https:\/\/chemitool.com\/","name":"Chemitool","description":"Chemitool - hardware and tools","publisher":{"@id":"https:\/\/chemitool.com\/#organization"},"potentialAction":[{"@type":"SearchAction","target":{"@type":"EntryPoint","urlTemplate":"https:\/\/chemitool.com\/?s={search_term_string}"},"query-input":"required name=search_term_string"}],"inLanguage":"pt-PT"},{"@type":"ImageObject","@id":"https:\/\/chemitool.com\/pt-pt\/products\/tools\/pintura\/cabo-metalico-extensivel\/#primaryimage","inLanguage":"pt-PT","url":"https:\/\/chemitool.com\/wp-content\/uploads\/2022\/06\/CHT2001090006.png","contentUrl":"https:\/\/chemitool.com\/wp-content\/uploads\/2022\/06\/CHT2001090006.png","width":800,"height":800},{"@type":"WebPage","@id":"https:\/\/chemitool.com\/pt-pt\/products\/tools\/pintura\/cabo-metalico-extensivel\/#webpage","url":"https:\/\/chemitool.com\/pt-pt\/products\/tools\/pintura\/cabo-metalico-extensivel\/","name":"Cabo Met\u00e1lico Extens\u00edvel &ndash; Chemitool","isPartOf":{"@id":"https:\/\/chemitool.com\/#website"},"primaryImageOfPage":{"@id":"https:\/\/chemitool.com\/pt-pt\/products\/tools\/pintura\/cabo-metalico-extensivel\/#primaryimage"},"datePublished":"2022-06-06T14:40:08+00:00","dateModified":"2022-06-06T15:25:57+00:00","description":"SAP: CHT2001090006 Cabo Met\u00e1lico Extens\u00edvel CHEMITOOL.","breadcrumb":{"@id":"https:\/\/chemitool.com\/pt-pt\/products\/tools\/pintura\/cabo-metalico-extensivel\/#breadcrumb"},"inLanguage":"pt-PT","potentialAction":[{"@type":"ReadAction","target":["https:\/\/chemitool.com\/pt-pt\/products\/tools\/pintura\/cabo-metalico-extensivel\/"]}]},{"@type":"BreadcrumbList","@id":"https:\/\/chemitool.com\/pt-pt\/products\/tools\/pintura\/cabo-metalico-extensivel\/#breadcrumb","itemListElement":[{"@type":"ListItem","position":1,"name":"Home","item":"https:\/\/chemitool.com\/pt-pt\/"},{"@type":"ListItem","position":2,"name":"Produtos","item":"https:\/\/chemitool.com\/pt-pt\/produtos\/"},{"@type":"ListItem","position":3,"name":"Tools","item":"https:\/\/chemitool.com\/pt-pt\/categoria-produto\/tools\/"},{"@type":"ListItem","position":4,"name":"Escadas e Escadotes","item":"https:\/\/chemitool.com\/pt-pt\/categoria-produto\/tools\/escadas-e-escadotes\/"},{"@type":"ListItem","position":5,"name":"Cabo Met\u00e1lico Extens\u00edvel"}]}]}},"_links":{"self":[{"href":"https:\/\/chemitool.com\/pt-pt\/wp-json\/wp\/v2\/product\/23250"}],"collection":[{"href":"https:\/\/chemitool.com\/pt-pt\/wp-json\/wp\/v2\/product"}],"about":[{"href":"https:\/\/chemitool.com\/pt-pt\/wp-json\/wp\/v2\/types\/product"}],"wp:featuredmedia":[{"embeddable":true,"href":"https:\/\/chemitool.com\/pt-pt\/wp-json\/wp\/v2\/media\/23246"}],"wp:attachment":[{"href":"https:\/\/chemitool.com\/pt-pt\/wp-json\/wp\/v2\/media?parent=23250"}],"wp:term":[{"taxonomy":"product_cat","embeddable":true,"href":"https:\/\/chemitool.com\/pt-pt\/wp-json\/wp\/v2\/product_cat?post=23250"},{"taxonomy":"product_tag","embeddable":true,"href":"https:\/\/chemitool.com\/pt-pt\/wp-json\/wp\/v2\/product_tag?post=23250"}],"curies":[{"name":"wp","href":"https:\/\/api.w.org\/{rel}","templated":true}]}}