{"id":23222,"date":"2022-06-06T10:54:30","date_gmt":"2022-06-06T10:54:31","guid":{"rendered":"https:\/\/chemitool.com\/?post_type=product&#038;p=23222"},"modified":"2022-06-06T11:06:32","modified_gmt":"2022-06-06T11:06:32","slug":"tabuleiro-de-pintura-profissional","status":"publish","type":"product","link":"https:\/\/chemitool.com\/pt-pt\/products\/tools\/pintura\/tabuleiro-de-pintura-profissional\/","title":{"rendered":"Tabuleiro de Pintura Profissional"},"content":{"rendered":"<ul>\n<li><strong>Capacidade:<\/strong> Para rolos at\u00e9 250 mm de comprimento.<\/li>\n<li><strong>Material: <\/strong>Pl\u00e1stico<\/li>\n<\/ul>\n<p><strong>Aplica\u00e7\u00f5es<\/strong><\/p>\n<p>Tabuleiro de pintura em pl\u00e1stico (rolo n\u00e3o inclu\u00eddo), ideal para todos os tipos de tintas. Resistente a solventes.<\/p>\n","protected":false},"excerpt":{"rendered":"<p><b class=\"sap-label\">SAP:<\/b> <span class=\"codesap-label\"> CHT2001090003 <\/span><br \/>\n<em>Tabuleiro de Pintura Profissional CHEMITOOL.<\/em><\/p>\n","protected":false},"featured_media":23216,"template":"","meta":[],"product_cat":[1455,3667],"product_tag":[],"yoast_head":"<!-- This site is optimized with the Yoast SEO plugin v17.4 - https:\/\/yoast.com\/wordpress\/plugins\/seo\/ -->\n<title>Tabuleiro de Pintura Profissional &ndash; Chemitool<\/title>\n<meta name=\"description\" content=\"SAP: CHT2001090003  Tabuleiro de Pintura Profissional CHEMITOOL.\" \/>\n<meta name=\"robots\" content=\"index, follow, max-snippet:-1, max-image-preview:large, max-video-preview:-1\" \/>\n<link rel=\"canonical\" href=\"https:\/\/chemitool.com\/pt-pt\/products\/tools\/pintura\/tabuleiro-de-pintura-profissional\/\" \/>\n<meta property=\"og:locale\" content=\"pt_PT\" \/>\n<meta property=\"og:type\" content=\"article\" \/>\n<meta property=\"og:title\" content=\"Tabuleiro de Pintura Profissional &ndash; Chemitool\" \/>\n<meta property=\"og:description\" content=\"SAP: CHT2001090003  Tabuleiro de Pintura Profissional CHEMITOOL.\" \/>\n<meta property=\"og:url\" content=\"https:\/\/chemitool.com\/pt-pt\/products\/tools\/pintura\/tabuleiro-de-pintura-profissional\/\" \/>\n<meta property=\"og:site_name\" content=\"Chemitool\" \/>\n<meta property=\"article:publisher\" content=\"https:\/\/www.facebook.com\/chemitool\" \/>\n<meta property=\"article:modified_time\" content=\"2022-06-06T11:06:32+00:00\" \/>\n<meta property=\"og:image\" content=\"https:\/\/chemitool.com\/wp-content\/uploads\/2022\/06\/CHT2001090003.png\" \/>\n\t<meta property=\"og:image:width\" content=\"800\" \/>\n\t<meta property=\"og:image:height\" content=\"800\" \/>\n<meta name=\"twitter:card\" content=\"summary_large_image\" \/>\n<script type=\"application\/ld+json\" class=\"yoast-schema-graph\">{\"@context\":\"https:\/\/schema.org\",\"@graph\":[{\"@type\":\"Organization\",\"@id\":\"https:\/\/chemitool.com\/#organization\",\"name\":\"Chemitool\",\"url\":\"https:\/\/chemitool.com\/\",\"sameAs\":[\"https:\/\/www.facebook.com\/chemitool\",\"https:\/\/www.instagram.com\/chemitool\/\"],\"logo\":{\"@type\":\"ImageObject\",\"@id\":\"https:\/\/chemitool.com\/#logo\",\"inLanguage\":\"pt-PT\",\"url\":\"https:\/\/chemitool.com\/wp-content\/uploads\/2020\/10\/logo_chemitool.png\",\"contentUrl\":\"https:\/\/chemitool.com\/wp-content\/uploads\/2020\/10\/logo_chemitool.png\",\"width\":400,\"height\":400,\"caption\":\"Chemitool\"},\"image\":{\"@id\":\"https:\/\/chemitool.com\/#logo\"}},{\"@type\":\"WebSite\",\"@id\":\"https:\/\/chemitool.com\/#website\",\"url\":\"https:\/\/chemitool.com\/\",\"name\":\"Chemitool\",\"description\":\"Chemitool - hardware and tools\",\"publisher\":{\"@id\":\"https:\/\/chemitool.com\/#organization\"},\"potentialAction\":[{\"@type\":\"SearchAction\",\"target\":{\"@type\":\"EntryPoint\",\"urlTemplate\":\"https:\/\/chemitool.com\/?s={search_term_string}\"},\"query-input\":\"required name=search_term_string\"}],\"inLanguage\":\"pt-PT\"},{\"@type\":\"ImageObject\",\"@id\":\"https:\/\/chemitool.com\/pt-pt\/products\/tools\/pintura\/tabuleiro-de-pintura-profissional\/#primaryimage\",\"inLanguage\":\"pt-PT\",\"url\":\"https:\/\/chemitool.com\/wp-content\/uploads\/2022\/06\/CHT2001090003.png\",\"contentUrl\":\"https:\/\/chemitool.com\/wp-content\/uploads\/2022\/06\/CHT2001090003.png\",\"width\":800,\"height\":800},{\"@type\":\"WebPage\",\"@id\":\"https:\/\/chemitool.com\/pt-pt\/products\/tools\/pintura\/tabuleiro-de-pintura-profissional\/#webpage\",\"url\":\"https:\/\/chemitool.com\/pt-pt\/products\/tools\/pintura\/tabuleiro-de-pintura-profissional\/\",\"name\":\"Tabuleiro de Pintura Profissional &ndash; Chemitool\",\"isPartOf\":{\"@id\":\"https:\/\/chemitool.com\/#website\"},\"primaryImageOfPage\":{\"@id\":\"https:\/\/chemitool.com\/pt-pt\/products\/tools\/pintura\/tabuleiro-de-pintura-profissional\/#primaryimage\"},\"datePublished\":\"2022-06-06T10:54:31+00:00\",\"dateModified\":\"2022-06-06T11:06:32+00:00\",\"description\":\"SAP: CHT2001090003 Tabuleiro de Pintura Profissional CHEMITOOL.\",\"breadcrumb\":{\"@id\":\"https:\/\/chemitool.com\/pt-pt\/products\/tools\/pintura\/tabuleiro-de-pintura-profissional\/#breadcrumb\"},\"inLanguage\":\"pt-PT\",\"potentialAction\":[{\"@type\":\"ReadAction\",\"target\":[\"https:\/\/chemitool.com\/pt-pt\/products\/tools\/pintura\/tabuleiro-de-pintura-profissional\/\"]}]},{\"@type\":\"BreadcrumbList\",\"@id\":\"https:\/\/chemitool.com\/pt-pt\/products\/tools\/pintura\/tabuleiro-de-pintura-profissional\/#breadcrumb\",\"itemListElement\":[{\"@type\":\"ListItem\",\"position\":1,\"name\":\"Home\",\"item\":\"https:\/\/chemitool.com\/pt-pt\/\"},{\"@type\":\"ListItem\",\"position\":2,\"name\":\"Produtos\",\"item\":\"https:\/\/chemitool.com\/pt-pt\/produtos\/\"},{\"@type\":\"ListItem\",\"position\":3,\"name\":\"Tools\",\"item\":\"https:\/\/chemitool.com\/pt-pt\/categoria-produto\/tools\/\"},{\"@type\":\"ListItem\",\"position\":4,\"name\":\"Escadas e Escadotes\",\"item\":\"https:\/\/chemitool.com\/pt-pt\/categoria-produto\/tools\/escadas-e-escadotes\/\"},{\"@type\":\"ListItem\",\"position\":5,\"name\":\"Tabuleiro de Pintura Profissional\"}]}]}<\/script>\n<!-- \/ Yoast SEO plugin. -->","yoast_head_json":{"title":"Tabuleiro de Pintura Profissional &ndash; Chemitool","description":"SAP: CHT2001090003  Tabuleiro de Pintura Profissional CHEMITOOL.","robots":{"index":"index","follow":"follow","max-snippet":"max-snippet:-1","max-image-preview":"max-image-preview:large","max-video-preview":"max-video-preview:-1"},"canonical":"https:\/\/chemitool.com\/pt-pt\/products\/tools\/pintura\/tabuleiro-de-pintura-profissional\/","og_locale":"pt_PT","og_type":"article","og_title":"Tabuleiro de Pintura Profissional &ndash; Chemitool","og_description":"SAP: CHT2001090003  Tabuleiro de Pintura Profissional CHEMITOOL.","og_url":"https:\/\/chemitool.com\/pt-pt\/products\/tools\/pintura\/tabuleiro-de-pintura-profissional\/","og_site_name":"Chemitool","article_publisher":"https:\/\/www.facebook.com\/chemitool","article_modified_time":"2022-06-06T11:06:32+00:00","og_image":[{"width":800,"height":800,"url":"https:\/\/chemitool.com\/wp-content\/uploads\/2022\/06\/CHT2001090003.png","type":"image\/png"}],"twitter_card":"summary_large_image","schema":{"@context":"https:\/\/schema.org","@graph":[{"@type":"Organization","@id":"https:\/\/chemitool.com\/#organization","name":"Chemitool","url":"https:\/\/chemitool.com\/","sameAs":["https:\/\/www.facebook.com\/chemitool","https:\/\/www.instagram.com\/chemitool\/"],"logo":{"@type":"ImageObject","@id":"https:\/\/chemitool.com\/#logo","inLanguage":"pt-PT","url":"https:\/\/chemitool.com\/wp-content\/uploads\/2020\/10\/logo_chemitool.png","contentUrl":"https:\/\/chemitool.com\/wp-content\/uploads\/2020\/10\/logo_chemitool.png","width":400,"height":400,"caption":"Chemitool"},"image":{"@id":"https:\/\/chemitool.com\/#logo"}},{"@type":"WebSite","@id":"https:\/\/chemitool.com\/#website","url":"https:\/\/chemitool.com\/","name":"Chemitool","description":"Chemitool - hardware and tools","publisher":{"@id":"https:\/\/chemitool.com\/#organization"},"potentialAction":[{"@type":"SearchAction","target":{"@type":"EntryPoint","urlTemplate":"https:\/\/chemitool.com\/?s={search_term_string}"},"query-input":"required name=search_term_string"}],"inLanguage":"pt-PT"},{"@type":"ImageObject","@id":"https:\/\/chemitool.com\/pt-pt\/products\/tools\/pintura\/tabuleiro-de-pintura-profissional\/#primaryimage","inLanguage":"pt-PT","url":"https:\/\/chemitool.com\/wp-content\/uploads\/2022\/06\/CHT2001090003.png","contentUrl":"https:\/\/chemitool.com\/wp-content\/uploads\/2022\/06\/CHT2001090003.png","width":800,"height":800},{"@type":"WebPage","@id":"https:\/\/chemitool.com\/pt-pt\/products\/tools\/pintura\/tabuleiro-de-pintura-profissional\/#webpage","url":"https:\/\/chemitool.com\/pt-pt\/products\/tools\/pintura\/tabuleiro-de-pintura-profissional\/","name":"Tabuleiro de Pintura Profissional &ndash; Chemitool","isPartOf":{"@id":"https:\/\/chemitool.com\/#website"},"primaryImageOfPage":{"@id":"https:\/\/chemitool.com\/pt-pt\/products\/tools\/pintura\/tabuleiro-de-pintura-profissional\/#primaryimage"},"datePublished":"2022-06-06T10:54:31+00:00","dateModified":"2022-06-06T11:06:32+00:00","description":"SAP: CHT2001090003 Tabuleiro de Pintura Profissional CHEMITOOL.","breadcrumb":{"@id":"https:\/\/chemitool.com\/pt-pt\/products\/tools\/pintura\/tabuleiro-de-pintura-profissional\/#breadcrumb"},"inLanguage":"pt-PT","potentialAction":[{"@type":"ReadAction","target":["https:\/\/chemitool.com\/pt-pt\/products\/tools\/pintura\/tabuleiro-de-pintura-profissional\/"]}]},{"@type":"BreadcrumbList","@id":"https:\/\/chemitool.com\/pt-pt\/products\/tools\/pintura\/tabuleiro-de-pintura-profissional\/#breadcrumb","itemListElement":[{"@type":"ListItem","position":1,"name":"Home","item":"https:\/\/chemitool.com\/pt-pt\/"},{"@type":"ListItem","position":2,"name":"Produtos","item":"https:\/\/chemitool.com\/pt-pt\/produtos\/"},{"@type":"ListItem","position":3,"name":"Tools","item":"https:\/\/chemitool.com\/pt-pt\/categoria-produto\/tools\/"},{"@type":"ListItem","position":4,"name":"Escadas e Escadotes","item":"https:\/\/chemitool.com\/pt-pt\/categoria-produto\/tools\/escadas-e-escadotes\/"},{"@type":"ListItem","position":5,"name":"Tabuleiro de Pintura Profissional"}]}]}},"_links":{"self":[{"href":"https:\/\/chemitool.com\/pt-pt\/wp-json\/wp\/v2\/product\/23222"}],"collection":[{"href":"https:\/\/chemitool.com\/pt-pt\/wp-json\/wp\/v2\/product"}],"about":[{"href":"https:\/\/chemitool.com\/pt-pt\/wp-json\/wp\/v2\/types\/product"}],"wp:featuredmedia":[{"embeddable":true,"href":"https:\/\/chemitool.com\/pt-pt\/wp-json\/wp\/v2\/media\/23216"}],"wp:attachment":[{"href":"https:\/\/chemitool.com\/pt-pt\/wp-json\/wp\/v2\/media?parent=23222"}],"wp:term":[{"taxonomy":"product_cat","embeddable":true,"href":"https:\/\/chemitool.com\/pt-pt\/wp-json\/wp\/v2\/product_cat?post=23222"},{"taxonomy":"product_tag","embeddable":true,"href":"https:\/\/chemitool.com\/pt-pt\/wp-json\/wp\/v2\/product_tag?post=23222"}],"curies":[{"name":"wp","href":"https:\/\/api.w.org\/{rel}","templated":true}]}}