{"id":23108,"date":"2022-06-03T10:41:49","date_gmt":"2022-06-03T10:41:50","guid":{"rendered":"https:\/\/chemitool.com\/?post_type=product&#038;p=23108"},"modified":"2022-06-06T14:35:02","modified_gmt":"2022-06-06T14:35:02","slug":"rolo-anti-gota-amarelo","status":"publish","type":"product","link":"https:\/\/chemitool.com\/pt-pt\/products\/tools\/pintura\/rolo-anti-gota-amarelo\/","title":{"rendered":"ROLO ANTI GOTA AMARELO"},"content":{"rendered":"<ul>\n<li><strong>Tecido:<\/strong> 100% Poliamida<\/li>\n<li><strong>Altura:<\/strong> 12 mm<\/li>\n<li><strong>Cor:<\/strong> Branco com risca amarela<\/li>\n<li><strong>Di\u00e2metro:<\/strong> 45 mm<\/li>\n<li><strong>Cabo:<\/strong> Bimat\u00e9ria<\/li>\n<\/ul>\n<p><strong>Aplica\u00e7\u00f5es<\/strong><\/p>\n<p>Adequado para tintas aquosas em paredes e tetos lisos. Tem grande poder de absor\u00e7\u00e3o. Boa cobertura e bom acabamento. Resistente a solventes. Rolo para superf\u00edcies lisas, v\u00e1lido tanto para interiores como para exteriores, tecido em poliamida e cabo ergon\u00f3mico fabricado por termofus\u00e3o.<\/p>\n","protected":false},"excerpt":{"rendered":"<p><em>Rolo Anti Gota Amarelo CHEMITOOL <\/em>\u00e9 ideal para aplicar tintas pl\u00e1sticas lisas em paredes e tetos. Grande poder de absor\u00e7\u00e3o, boa cobertura e bom acabamento.<\/p>\n","protected":false},"featured_media":23101,"template":"","meta":[],"product_cat":[1455,3667],"product_tag":[],"yoast_head":"<!-- This site is optimized with the Yoast SEO plugin v17.4 - https:\/\/yoast.com\/wordpress\/plugins\/seo\/ -->\n<title>ROLO ANTI GOTA AMARELO &ndash; Chemitool<\/title>\n<meta name=\"description\" content=\"Rolo Anti Gota Amarelo CHEMITOOL \u00e9 ideal para aplicar tintas pl\u00e1sticas lisas em paredes e tetos. Grande poder de absor\u00e7\u00e3o, boa cobertura e bom acabamento.\" \/>\n<meta name=\"robots\" content=\"index, follow, max-snippet:-1, max-image-preview:large, max-video-preview:-1\" \/>\n<link rel=\"canonical\" href=\"https:\/\/chemitool.com\/pt-pt\/products\/tools\/pintura\/rolo-anti-gota-amarelo\/\" \/>\n<meta property=\"og:locale\" content=\"pt_PT\" \/>\n<meta property=\"og:type\" content=\"article\" \/>\n<meta property=\"og:title\" content=\"ROLO ANTI GOTA AMARELO &ndash; Chemitool\" \/>\n<meta property=\"og:description\" content=\"Rolo Anti Gota Amarelo CHEMITOOL \u00e9 ideal para aplicar tintas pl\u00e1sticas lisas em paredes e tetos. Grande poder de absor\u00e7\u00e3o, boa cobertura e bom acabamento.\" \/>\n<meta property=\"og:url\" content=\"https:\/\/chemitool.com\/pt-pt\/products\/tools\/pintura\/rolo-anti-gota-amarelo\/\" \/>\n<meta property=\"og:site_name\" content=\"Chemitool\" \/>\n<meta property=\"article:publisher\" content=\"https:\/\/www.facebook.com\/chemitool\" \/>\n<meta property=\"article:modified_time\" content=\"2022-06-06T14:35:02+00:00\" \/>\n<meta property=\"og:image\" content=\"https:\/\/chemitool.com\/wp-content\/uploads\/2022\/06\/CHT20010600.png\" \/>\n\t<meta property=\"og:image:width\" content=\"800\" \/>\n\t<meta property=\"og:image:height\" content=\"800\" \/>\n<meta name=\"twitter:card\" content=\"summary_large_image\" \/>\n<script type=\"application\/ld+json\" class=\"yoast-schema-graph\">{\"@context\":\"https:\/\/schema.org\",\"@graph\":[{\"@type\":\"Organization\",\"@id\":\"https:\/\/chemitool.com\/#organization\",\"name\":\"Chemitool\",\"url\":\"https:\/\/chemitool.com\/\",\"sameAs\":[\"https:\/\/www.facebook.com\/chemitool\",\"https:\/\/www.instagram.com\/chemitool\/\"],\"logo\":{\"@type\":\"ImageObject\",\"@id\":\"https:\/\/chemitool.com\/#logo\",\"inLanguage\":\"pt-PT\",\"url\":\"https:\/\/chemitool.com\/wp-content\/uploads\/2020\/10\/logo_chemitool.png\",\"contentUrl\":\"https:\/\/chemitool.com\/wp-content\/uploads\/2020\/10\/logo_chemitool.png\",\"width\":400,\"height\":400,\"caption\":\"Chemitool\"},\"image\":{\"@id\":\"https:\/\/chemitool.com\/#logo\"}},{\"@type\":\"WebSite\",\"@id\":\"https:\/\/chemitool.com\/#website\",\"url\":\"https:\/\/chemitool.com\/\",\"name\":\"Chemitool\",\"description\":\"Chemitool - hardware and tools\",\"publisher\":{\"@id\":\"https:\/\/chemitool.com\/#organization\"},\"potentialAction\":[{\"@type\":\"SearchAction\",\"target\":{\"@type\":\"EntryPoint\",\"urlTemplate\":\"https:\/\/chemitool.com\/?s={search_term_string}\"},\"query-input\":\"required name=search_term_string\"}],\"inLanguage\":\"pt-PT\"},{\"@type\":\"ImageObject\",\"@id\":\"https:\/\/chemitool.com\/pt-pt\/products\/tools\/pintura\/rolo-anti-gota-amarelo\/#primaryimage\",\"inLanguage\":\"pt-PT\",\"url\":\"https:\/\/chemitool.com\/wp-content\/uploads\/2022\/06\/CHT20010600.png\",\"contentUrl\":\"https:\/\/chemitool.com\/wp-content\/uploads\/2022\/06\/CHT20010600.png\",\"width\":800,\"height\":800},{\"@type\":\"WebPage\",\"@id\":\"https:\/\/chemitool.com\/pt-pt\/products\/tools\/pintura\/rolo-anti-gota-amarelo\/#webpage\",\"url\":\"https:\/\/chemitool.com\/pt-pt\/products\/tools\/pintura\/rolo-anti-gota-amarelo\/\",\"name\":\"ROLO ANTI GOTA AMARELO &ndash; Chemitool\",\"isPartOf\":{\"@id\":\"https:\/\/chemitool.com\/#website\"},\"primaryImageOfPage\":{\"@id\":\"https:\/\/chemitool.com\/pt-pt\/products\/tools\/pintura\/rolo-anti-gota-amarelo\/#primaryimage\"},\"datePublished\":\"2022-06-03T10:41:50+00:00\",\"dateModified\":\"2022-06-06T14:35:02+00:00\",\"description\":\"Rolo Anti Gota Amarelo CHEMITOOL \\u00e9 ideal para aplicar tintas pl\\u00e1sticas lisas em paredes e tetos. Grande poder de absor\\u00e7\\u00e3o, boa cobertura e bom acabamento.\",\"breadcrumb\":{\"@id\":\"https:\/\/chemitool.com\/pt-pt\/products\/tools\/pintura\/rolo-anti-gota-amarelo\/#breadcrumb\"},\"inLanguage\":\"pt-PT\",\"potentialAction\":[{\"@type\":\"ReadAction\",\"target\":[\"https:\/\/chemitool.com\/pt-pt\/products\/tools\/pintura\/rolo-anti-gota-amarelo\/\"]}]},{\"@type\":\"BreadcrumbList\",\"@id\":\"https:\/\/chemitool.com\/pt-pt\/products\/tools\/pintura\/rolo-anti-gota-amarelo\/#breadcrumb\",\"itemListElement\":[{\"@type\":\"ListItem\",\"position\":1,\"name\":\"Home\",\"item\":\"https:\/\/chemitool.com\/pt-pt\/\"},{\"@type\":\"ListItem\",\"position\":2,\"name\":\"Produtos\",\"item\":\"https:\/\/chemitool.com\/pt-pt\/produtos\/\"},{\"@type\":\"ListItem\",\"position\":3,\"name\":\"Tools\",\"item\":\"https:\/\/chemitool.com\/pt-pt\/categoria-produto\/tools\/\"},{\"@type\":\"ListItem\",\"position\":4,\"name\":\"Escadas e Escadotes\",\"item\":\"https:\/\/chemitool.com\/pt-pt\/categoria-produto\/tools\/escadas-e-escadotes\/\"},{\"@type\":\"ListItem\",\"position\":5,\"name\":\"ROLO ANTI GOTA AMARELO\"}]}]}<\/script>\n<!-- \/ Yoast SEO plugin. -->","yoast_head_json":{"title":"ROLO ANTI GOTA AMARELO &ndash; Chemitool","description":"Rolo Anti Gota Amarelo CHEMITOOL \u00e9 ideal para aplicar tintas pl\u00e1sticas lisas em paredes e tetos. Grande poder de absor\u00e7\u00e3o, boa cobertura e bom acabamento.","robots":{"index":"index","follow":"follow","max-snippet":"max-snippet:-1","max-image-preview":"max-image-preview:large","max-video-preview":"max-video-preview:-1"},"canonical":"https:\/\/chemitool.com\/pt-pt\/products\/tools\/pintura\/rolo-anti-gota-amarelo\/","og_locale":"pt_PT","og_type":"article","og_title":"ROLO ANTI GOTA AMARELO &ndash; Chemitool","og_description":"Rolo Anti Gota Amarelo CHEMITOOL \u00e9 ideal para aplicar tintas pl\u00e1sticas lisas em paredes e tetos. Grande poder de absor\u00e7\u00e3o, boa cobertura e bom acabamento.","og_url":"https:\/\/chemitool.com\/pt-pt\/products\/tools\/pintura\/rolo-anti-gota-amarelo\/","og_site_name":"Chemitool","article_publisher":"https:\/\/www.facebook.com\/chemitool","article_modified_time":"2022-06-06T14:35:02+00:00","og_image":[{"width":800,"height":800,"url":"https:\/\/chemitool.com\/wp-content\/uploads\/2022\/06\/CHT20010600.png","type":"image\/png"}],"twitter_card":"summary_large_image","schema":{"@context":"https:\/\/schema.org","@graph":[{"@type":"Organization","@id":"https:\/\/chemitool.com\/#organization","name":"Chemitool","url":"https:\/\/chemitool.com\/","sameAs":["https:\/\/www.facebook.com\/chemitool","https:\/\/www.instagram.com\/chemitool\/"],"logo":{"@type":"ImageObject","@id":"https:\/\/chemitool.com\/#logo","inLanguage":"pt-PT","url":"https:\/\/chemitool.com\/wp-content\/uploads\/2020\/10\/logo_chemitool.png","contentUrl":"https:\/\/chemitool.com\/wp-content\/uploads\/2020\/10\/logo_chemitool.png","width":400,"height":400,"caption":"Chemitool"},"image":{"@id":"https:\/\/chemitool.com\/#logo"}},{"@type":"WebSite","@id":"https:\/\/chemitool.com\/#website","url":"https:\/\/chemitool.com\/","name":"Chemitool","description":"Chemitool - hardware and tools","publisher":{"@id":"https:\/\/chemitool.com\/#organization"},"potentialAction":[{"@type":"SearchAction","target":{"@type":"EntryPoint","urlTemplate":"https:\/\/chemitool.com\/?s={search_term_string}"},"query-input":"required name=search_term_string"}],"inLanguage":"pt-PT"},{"@type":"ImageObject","@id":"https:\/\/chemitool.com\/pt-pt\/products\/tools\/pintura\/rolo-anti-gota-amarelo\/#primaryimage","inLanguage":"pt-PT","url":"https:\/\/chemitool.com\/wp-content\/uploads\/2022\/06\/CHT20010600.png","contentUrl":"https:\/\/chemitool.com\/wp-content\/uploads\/2022\/06\/CHT20010600.png","width":800,"height":800},{"@type":"WebPage","@id":"https:\/\/chemitool.com\/pt-pt\/products\/tools\/pintura\/rolo-anti-gota-amarelo\/#webpage","url":"https:\/\/chemitool.com\/pt-pt\/products\/tools\/pintura\/rolo-anti-gota-amarelo\/","name":"ROLO ANTI GOTA AMARELO &ndash; Chemitool","isPartOf":{"@id":"https:\/\/chemitool.com\/#website"},"primaryImageOfPage":{"@id":"https:\/\/chemitool.com\/pt-pt\/products\/tools\/pintura\/rolo-anti-gota-amarelo\/#primaryimage"},"datePublished":"2022-06-03T10:41:50+00:00","dateModified":"2022-06-06T14:35:02+00:00","description":"Rolo Anti Gota Amarelo CHEMITOOL \u00e9 ideal para aplicar tintas pl\u00e1sticas lisas em paredes e tetos. Grande poder de absor\u00e7\u00e3o, boa cobertura e bom acabamento.","breadcrumb":{"@id":"https:\/\/chemitool.com\/pt-pt\/products\/tools\/pintura\/rolo-anti-gota-amarelo\/#breadcrumb"},"inLanguage":"pt-PT","potentialAction":[{"@type":"ReadAction","target":["https:\/\/chemitool.com\/pt-pt\/products\/tools\/pintura\/rolo-anti-gota-amarelo\/"]}]},{"@type":"BreadcrumbList","@id":"https:\/\/chemitool.com\/pt-pt\/products\/tools\/pintura\/rolo-anti-gota-amarelo\/#breadcrumb","itemListElement":[{"@type":"ListItem","position":1,"name":"Home","item":"https:\/\/chemitool.com\/pt-pt\/"},{"@type":"ListItem","position":2,"name":"Produtos","item":"https:\/\/chemitool.com\/pt-pt\/produtos\/"},{"@type":"ListItem","position":3,"name":"Tools","item":"https:\/\/chemitool.com\/pt-pt\/categoria-produto\/tools\/"},{"@type":"ListItem","position":4,"name":"Escadas e Escadotes","item":"https:\/\/chemitool.com\/pt-pt\/categoria-produto\/tools\/escadas-e-escadotes\/"},{"@type":"ListItem","position":5,"name":"ROLO ANTI GOTA AMARELO"}]}]}},"_links":{"self":[{"href":"https:\/\/chemitool.com\/pt-pt\/wp-json\/wp\/v2\/product\/23108"}],"collection":[{"href":"https:\/\/chemitool.com\/pt-pt\/wp-json\/wp\/v2\/product"}],"about":[{"href":"https:\/\/chemitool.com\/pt-pt\/wp-json\/wp\/v2\/types\/product"}],"wp:featuredmedia":[{"embeddable":true,"href":"https:\/\/chemitool.com\/pt-pt\/wp-json\/wp\/v2\/media\/23101"}],"wp:attachment":[{"href":"https:\/\/chemitool.com\/pt-pt\/wp-json\/wp\/v2\/media?parent=23108"}],"wp:term":[{"taxonomy":"product_cat","embeddable":true,"href":"https:\/\/chemitool.com\/pt-pt\/wp-json\/wp\/v2\/product_cat?post=23108"},{"taxonomy":"product_tag","embeddable":true,"href":"https:\/\/chemitool.com\/pt-pt\/wp-json\/wp\/v2\/product_tag?post=23108"}],"curies":[{"name":"wp","href":"https:\/\/api.w.org\/{rel}","templated":true}]}}