{"id":22970,"date":"2022-05-30T15:22:16","date_gmt":"2022-05-30T15:22:17","guid":{"rendered":"https:\/\/chemitool.com\/?post_type=product&#038;p=22970"},"modified":"2022-07-05T09:22:28","modified_gmt":"2022-07-05T09:22:28","slug":"pincel-para-retoques-em-aluminio","status":"publish","type":"product","link":"https:\/\/chemitool.com\/pt-pt\/products\/chemicals\/pintura-acrilica-quimicos\/pincel-para-retoques-em-aluminio\/","title":{"rendered":"PINCEL PARA RETOQUES EM ALUM\u00cdNIO"},"content":{"rendered":"<p><strong>CARACTER\u00cdSTICAS <\/strong><\/p>\n<ul>\n<li>Resistente \u00e1s intemp\u00e9ries e aos raios UV, sem desvanecimento<\/li>\n<li>Excelente ader\u00eancia, cobertura e enchimento<\/li>\n<li>Qualidade acr\u00edlica de alta qualidade<\/li>\n<li>Muito boa correspond\u00eancia de cor<\/li>\n<li>Brilho duradouro<\/li>\n<li>Elevada dureza superficial e boa elasticidade<\/li>\n<li>Bom fluxo, superf\u00edcie lisa<\/li>\n<li>Secagem r\u00e1pida<\/li>\n<li>Adequado para aplica\u00e7\u00f5es interiores e ao ar livre<\/li>\n<li>Pol\u00edvel, de superf\u00edcie resistente \u00e0 sujidade<\/li>\n<li>Resistente a riscos, choques e ao impacto<\/li>\n<\/ul>\n<p><strong>Aplica\u00e7\u00f5es<\/strong><\/p>\n<p>Especialmente recomendado para lacagem e retoque de pe\u00e7as em alum\u00ednio e metal, mas tem tamb\u00e9m excelente ades\u00e3o em madeira, vidro, pedra, cer\u00e2mica, caixa de cart\u00e3o e muitos pl\u00e1sticos duros revestiveis. Elimina pequenas riscos ou fissuras em v\u00e1rios tipos de materiais utilizados em trabalhos na ind\u00fastria, bricolage, decora\u00e7\u00e3o, artesanato, entre outros. Pode ser utilizado tanto em interiores como em exteriores.<\/p>\n","protected":false},"excerpt":{"rendered":"<p><em>Pincel para Retoques em Alum\u00ednio CHEMIBRUSH<\/em> &#8211; Tinta acr\u00edlica de alto desempenho, ideal para lacagem ou retocar pe\u00e7as de alum\u00ednio e metal, de excelente qualidade. Aplic\u00e1vel em metal, madeira, vidro, pedra, cer\u00e2mica, caixa de cart\u00e3o e muitos pl\u00e1sticos duros revestiveis.<\/p>\n","protected":false},"featured_media":22972,"template":"","meta":[],"product_cat":[109,4001],"product_tag":[],"yoast_head":"<!-- This site is optimized with the Yoast SEO plugin v17.4 - https:\/\/yoast.com\/wordpress\/plugins\/seo\/ -->\n<title>PINCEL PARA RETOQUES EM ALUM\u00cdNIO &ndash; Chemitool<\/title>\n<meta name=\"description\" content=\"Pincel para Retoques em Alum\u00ednio CHEMIBRUSH - Tinta acr\u00edlica de alto desempenho, ideal para lacagem ou retocar pe\u00e7as de alum\u00ednio e metal, de excelente qualidade. Aplic\u00e1vel em metal, madeira, vidro, pedra, cer\u00e2mica, caixa de cart\u00e3o e muitos pl\u00e1sticos duros revestiveis.\" \/>\n<meta name=\"robots\" content=\"index, follow, max-snippet:-1, max-image-preview:large, max-video-preview:-1\" \/>\n<link rel=\"canonical\" href=\"https:\/\/chemitool.com\/pt-pt\/products\/chemicals\/pintura-acrilica-quimicos\/pincel-para-retoques-em-aluminio\/\" \/>\n<meta property=\"og:locale\" content=\"pt_PT\" \/>\n<meta property=\"og:type\" content=\"article\" \/>\n<meta property=\"og:title\" content=\"PINCEL PARA RETOQUES EM ALUM\u00cdNIO &ndash; Chemitool\" \/>\n<meta property=\"og:description\" content=\"Pincel para Retoques em Alum\u00ednio CHEMIBRUSH - Tinta acr\u00edlica de alto desempenho, ideal para lacagem ou retocar pe\u00e7as de alum\u00ednio e metal, de excelente qualidade. Aplic\u00e1vel em metal, madeira, vidro, pedra, cer\u00e2mica, caixa de cart\u00e3o e muitos pl\u00e1sticos duros revestiveis.\" \/>\n<meta property=\"og:url\" content=\"https:\/\/chemitool.com\/pt-pt\/products\/chemicals\/pintura-acrilica-quimicos\/pincel-para-retoques-em-aluminio\/\" \/>\n<meta property=\"og:site_name\" content=\"Chemitool\" \/>\n<meta property=\"article:publisher\" content=\"https:\/\/www.facebook.com\/chemitool\" \/>\n<meta property=\"article:modified_time\" content=\"2022-07-05T09:22:28+00:00\" \/>\n<meta property=\"og:image\" content=\"https:\/\/chemitool.com\/wp-content\/uploads\/2022\/05\/CHC390.png\" \/>\n\t<meta property=\"og:image:width\" content=\"800\" \/>\n\t<meta property=\"og:image:height\" content=\"800\" \/>\n<meta name=\"twitter:card\" content=\"summary_large_image\" \/>\n<meta name=\"twitter:label1\" content=\"Tempo estimado de leitura\" \/>\n\t<meta name=\"twitter:data1\" content=\"1 minuto\" \/>\n<script type=\"application\/ld+json\" class=\"yoast-schema-graph\">{\"@context\":\"https:\/\/schema.org\",\"@graph\":[{\"@type\":\"Organization\",\"@id\":\"https:\/\/chemitool.com\/#organization\",\"name\":\"Chemitool\",\"url\":\"https:\/\/chemitool.com\/\",\"sameAs\":[\"https:\/\/www.facebook.com\/chemitool\",\"https:\/\/www.instagram.com\/chemitool\/\"],\"logo\":{\"@type\":\"ImageObject\",\"@id\":\"https:\/\/chemitool.com\/#logo\",\"inLanguage\":\"pt-PT\",\"url\":\"https:\/\/chemitool.com\/wp-content\/uploads\/2020\/10\/logo_chemitool.png\",\"contentUrl\":\"https:\/\/chemitool.com\/wp-content\/uploads\/2020\/10\/logo_chemitool.png\",\"width\":400,\"height\":400,\"caption\":\"Chemitool\"},\"image\":{\"@id\":\"https:\/\/chemitool.com\/#logo\"}},{\"@type\":\"WebSite\",\"@id\":\"https:\/\/chemitool.com\/#website\",\"url\":\"https:\/\/chemitool.com\/\",\"name\":\"Chemitool\",\"description\":\"Chemitool - hardware and tools\",\"publisher\":{\"@id\":\"https:\/\/chemitool.com\/#organization\"},\"potentialAction\":[{\"@type\":\"SearchAction\",\"target\":{\"@type\":\"EntryPoint\",\"urlTemplate\":\"https:\/\/chemitool.com\/?s={search_term_string}\"},\"query-input\":\"required name=search_term_string\"}],\"inLanguage\":\"pt-PT\"},{\"@type\":\"ImageObject\",\"@id\":\"https:\/\/chemitool.com\/pt-pt\/products\/chemicals\/pintura-acrilica-quimicos\/pincel-para-retoques-em-aluminio\/#primaryimage\",\"inLanguage\":\"pt-PT\",\"url\":\"https:\/\/chemitool.com\/wp-content\/uploads\/2022\/05\/CHC390.png\",\"contentUrl\":\"https:\/\/chemitool.com\/wp-content\/uploads\/2022\/05\/CHC390.png\",\"width\":800,\"height\":800},{\"@type\":\"WebPage\",\"@id\":\"https:\/\/chemitool.com\/pt-pt\/products\/chemicals\/pintura-acrilica-quimicos\/pincel-para-retoques-em-aluminio\/#webpage\",\"url\":\"https:\/\/chemitool.com\/pt-pt\/products\/chemicals\/pintura-acrilica-quimicos\/pincel-para-retoques-em-aluminio\/\",\"name\":\"PINCEL PARA RETOQUES EM ALUM\\u00cdNIO &ndash; Chemitool\",\"isPartOf\":{\"@id\":\"https:\/\/chemitool.com\/#website\"},\"primaryImageOfPage\":{\"@id\":\"https:\/\/chemitool.com\/pt-pt\/products\/chemicals\/pintura-acrilica-quimicos\/pincel-para-retoques-em-aluminio\/#primaryimage\"},\"datePublished\":\"2022-05-30T15:22:17+00:00\",\"dateModified\":\"2022-07-05T09:22:28+00:00\",\"description\":\"Pincel para Retoques em Alum\\u00ednio CHEMIBRUSH - Tinta acr\\u00edlica de alto desempenho, ideal para lacagem ou retocar pe\\u00e7as de alum\\u00ednio e metal, de excelente qualidade. Aplic\\u00e1vel em metal, madeira, vidro, pedra, cer\\u00e2mica, caixa de cart\\u00e3o e muitos pl\\u00e1sticos duros revestiveis.\",\"breadcrumb\":{\"@id\":\"https:\/\/chemitool.com\/pt-pt\/products\/chemicals\/pintura-acrilica-quimicos\/pincel-para-retoques-em-aluminio\/#breadcrumb\"},\"inLanguage\":\"pt-PT\",\"potentialAction\":[{\"@type\":\"ReadAction\",\"target\":[\"https:\/\/chemitool.com\/pt-pt\/products\/chemicals\/pintura-acrilica-quimicos\/pincel-para-retoques-em-aluminio\/\"]}]},{\"@type\":\"BreadcrumbList\",\"@id\":\"https:\/\/chemitool.com\/pt-pt\/products\/chemicals\/pintura-acrilica-quimicos\/pincel-para-retoques-em-aluminio\/#breadcrumb\",\"itemListElement\":[{\"@type\":\"ListItem\",\"position\":1,\"name\":\"Home\",\"item\":\"https:\/\/chemitool.com\/pt-pt\/\"},{\"@type\":\"ListItem\",\"position\":2,\"name\":\"Produtos\",\"item\":\"https:\/\/chemitool.com\/pt-pt\/produtos\/\"},{\"@type\":\"ListItem\",\"position\":3,\"name\":\"Tools\",\"item\":\"https:\/\/chemitool.com\/pt-pt\/categoria-produto\/tools\/\"},{\"@type\":\"ListItem\",\"position\":4,\"name\":\"Escadas e Escadotes\",\"item\":\"https:\/\/chemitool.com\/pt-pt\/categoria-produto\/tools\/escadas-e-escadotes\/\"},{\"@type\":\"ListItem\",\"position\":5,\"name\":\"PINCEL PARA RETOQUES EM ALUM\\u00cdNIO\"}]}]}<\/script>\n<!-- \/ Yoast SEO plugin. -->","yoast_head_json":{"title":"PINCEL PARA RETOQUES EM ALUM\u00cdNIO &ndash; Chemitool","description":"Pincel para Retoques em Alum\u00ednio CHEMIBRUSH - Tinta acr\u00edlica de alto desempenho, ideal para lacagem ou retocar pe\u00e7as de alum\u00ednio e metal, de excelente qualidade. Aplic\u00e1vel em metal, madeira, vidro, pedra, cer\u00e2mica, caixa de cart\u00e3o e muitos pl\u00e1sticos duros revestiveis.","robots":{"index":"index","follow":"follow","max-snippet":"max-snippet:-1","max-image-preview":"max-image-preview:large","max-video-preview":"max-video-preview:-1"},"canonical":"https:\/\/chemitool.com\/pt-pt\/products\/chemicals\/pintura-acrilica-quimicos\/pincel-para-retoques-em-aluminio\/","og_locale":"pt_PT","og_type":"article","og_title":"PINCEL PARA RETOQUES EM ALUM\u00cdNIO &ndash; Chemitool","og_description":"Pincel para Retoques em Alum\u00ednio CHEMIBRUSH - Tinta acr\u00edlica de alto desempenho, ideal para lacagem ou retocar pe\u00e7as de alum\u00ednio e metal, de excelente qualidade. Aplic\u00e1vel em metal, madeira, vidro, pedra, cer\u00e2mica, caixa de cart\u00e3o e muitos pl\u00e1sticos duros revestiveis.","og_url":"https:\/\/chemitool.com\/pt-pt\/products\/chemicals\/pintura-acrilica-quimicos\/pincel-para-retoques-em-aluminio\/","og_site_name":"Chemitool","article_publisher":"https:\/\/www.facebook.com\/chemitool","article_modified_time":"2022-07-05T09:22:28+00:00","og_image":[{"width":800,"height":800,"url":"https:\/\/chemitool.com\/wp-content\/uploads\/2022\/05\/CHC390.png","type":"image\/png"}],"twitter_card":"summary_large_image","twitter_misc":{"Tempo estimado de leitura":"1 minuto"},"schema":{"@context":"https:\/\/schema.org","@graph":[{"@type":"Organization","@id":"https:\/\/chemitool.com\/#organization","name":"Chemitool","url":"https:\/\/chemitool.com\/","sameAs":["https:\/\/www.facebook.com\/chemitool","https:\/\/www.instagram.com\/chemitool\/"],"logo":{"@type":"ImageObject","@id":"https:\/\/chemitool.com\/#logo","inLanguage":"pt-PT","url":"https:\/\/chemitool.com\/wp-content\/uploads\/2020\/10\/logo_chemitool.png","contentUrl":"https:\/\/chemitool.com\/wp-content\/uploads\/2020\/10\/logo_chemitool.png","width":400,"height":400,"caption":"Chemitool"},"image":{"@id":"https:\/\/chemitool.com\/#logo"}},{"@type":"WebSite","@id":"https:\/\/chemitool.com\/#website","url":"https:\/\/chemitool.com\/","name":"Chemitool","description":"Chemitool - hardware and tools","publisher":{"@id":"https:\/\/chemitool.com\/#organization"},"potentialAction":[{"@type":"SearchAction","target":{"@type":"EntryPoint","urlTemplate":"https:\/\/chemitool.com\/?s={search_term_string}"},"query-input":"required name=search_term_string"}],"inLanguage":"pt-PT"},{"@type":"ImageObject","@id":"https:\/\/chemitool.com\/pt-pt\/products\/chemicals\/pintura-acrilica-quimicos\/pincel-para-retoques-em-aluminio\/#primaryimage","inLanguage":"pt-PT","url":"https:\/\/chemitool.com\/wp-content\/uploads\/2022\/05\/CHC390.png","contentUrl":"https:\/\/chemitool.com\/wp-content\/uploads\/2022\/05\/CHC390.png","width":800,"height":800},{"@type":"WebPage","@id":"https:\/\/chemitool.com\/pt-pt\/products\/chemicals\/pintura-acrilica-quimicos\/pincel-para-retoques-em-aluminio\/#webpage","url":"https:\/\/chemitool.com\/pt-pt\/products\/chemicals\/pintura-acrilica-quimicos\/pincel-para-retoques-em-aluminio\/","name":"PINCEL PARA RETOQUES EM ALUM\u00cdNIO &ndash; Chemitool","isPartOf":{"@id":"https:\/\/chemitool.com\/#website"},"primaryImageOfPage":{"@id":"https:\/\/chemitool.com\/pt-pt\/products\/chemicals\/pintura-acrilica-quimicos\/pincel-para-retoques-em-aluminio\/#primaryimage"},"datePublished":"2022-05-30T15:22:17+00:00","dateModified":"2022-07-05T09:22:28+00:00","description":"Pincel para Retoques em Alum\u00ednio CHEMIBRUSH - Tinta acr\u00edlica de alto desempenho, ideal para lacagem ou retocar pe\u00e7as de alum\u00ednio e metal, de excelente qualidade. Aplic\u00e1vel em metal, madeira, vidro, pedra, cer\u00e2mica, caixa de cart\u00e3o e muitos pl\u00e1sticos duros revestiveis.","breadcrumb":{"@id":"https:\/\/chemitool.com\/pt-pt\/products\/chemicals\/pintura-acrilica-quimicos\/pincel-para-retoques-em-aluminio\/#breadcrumb"},"inLanguage":"pt-PT","potentialAction":[{"@type":"ReadAction","target":["https:\/\/chemitool.com\/pt-pt\/products\/chemicals\/pintura-acrilica-quimicos\/pincel-para-retoques-em-aluminio\/"]}]},{"@type":"BreadcrumbList","@id":"https:\/\/chemitool.com\/pt-pt\/products\/chemicals\/pintura-acrilica-quimicos\/pincel-para-retoques-em-aluminio\/#breadcrumb","itemListElement":[{"@type":"ListItem","position":1,"name":"Home","item":"https:\/\/chemitool.com\/pt-pt\/"},{"@type":"ListItem","position":2,"name":"Produtos","item":"https:\/\/chemitool.com\/pt-pt\/produtos\/"},{"@type":"ListItem","position":3,"name":"Tools","item":"https:\/\/chemitool.com\/pt-pt\/categoria-produto\/tools\/"},{"@type":"ListItem","position":4,"name":"Escadas e Escadotes","item":"https:\/\/chemitool.com\/pt-pt\/categoria-produto\/tools\/escadas-e-escadotes\/"},{"@type":"ListItem","position":5,"name":"PINCEL PARA RETOQUES EM ALUM\u00cdNIO"}]}]}},"_links":{"self":[{"href":"https:\/\/chemitool.com\/pt-pt\/wp-json\/wp\/v2\/product\/22970"}],"collection":[{"href":"https:\/\/chemitool.com\/pt-pt\/wp-json\/wp\/v2\/product"}],"about":[{"href":"https:\/\/chemitool.com\/pt-pt\/wp-json\/wp\/v2\/types\/product"}],"wp:featuredmedia":[{"embeddable":true,"href":"https:\/\/chemitool.com\/pt-pt\/wp-json\/wp\/v2\/media\/22972"}],"wp:attachment":[{"href":"https:\/\/chemitool.com\/pt-pt\/wp-json\/wp\/v2\/media?parent=22970"}],"wp:term":[{"taxonomy":"product_cat","embeddable":true,"href":"https:\/\/chemitool.com\/pt-pt\/wp-json\/wp\/v2\/product_cat?post=22970"},{"taxonomy":"product_tag","embeddable":true,"href":"https:\/\/chemitool.com\/pt-pt\/wp-json\/wp\/v2\/product_tag?post=22970"}],"curies":[{"name":"wp","href":"https:\/\/api.w.org\/{rel}","templated":true}]}}