{"id":22787,"date":"2022-05-26T09:11:15","date_gmt":"2022-05-26T09:11:28","guid":{"rendered":"https:\/\/chemitool.com\/?post_type=product&#038;p=22787"},"modified":"2023-07-13T16:39:48","modified_gmt":"2023-07-13T16:39:48","slug":"empilhador-manual","status":"publish","type":"product","link":"https:\/\/chemitool.com\/pt-pt\/products\/logistics\/porta-paletes\/empilhador-manual\/","title":{"rendered":"EMPILHADOR MANUAL 1,6M"},"content":{"rendered":"<p><strong>VANTAGENS<\/strong><\/p>\n<ul>\n<li>Estrutura robusta e resistente em a\u00e7o<\/li>\n<li>Carga \u00fatil: 1000 Kg<\/li>\n<li>F\u00e1cil utiliza\u00e7\u00e3o e manuten\u00e7\u00e3o<\/li>\n<li>Desloca\u00e7\u00e3o silenciosa<\/li>\n<li>Boa manobrabilidade<\/li>\n<li>Rodas orient\u00e1veis de borracha maci\u00e7a e rodas do garfo em nylon resistente<\/li>\n<li>Fabricado em conformidade com padr\u00f5es de qualidade europeus<\/li>\n<\/ul>\n<p><strong>APLICA\u00c7\u00c3O<\/strong><\/p>\n<p>Recomendado para cargas paletizadas em geral, possibilitando a eleva\u00e7\u00e3o para carregar e descarregar.<\/p>\n","protected":false},"excerpt":{"rendered":"<p><b class=\"sap-label\">SAP:<\/b> <span class=\"codesap-label\"> CHL010300201016 <\/span><\/p>\n<p><em>O Empilhador Manual CHEMITOOL <\/em>\u00e9 recomendado para cargas paletizadas em geral, possibilitando a eleva\u00e7\u00e3o para carregar e descarregar. Muito procurada para o transporte de cargas para cami\u00f5es, pick ups, camionetes, serve tamb\u00e9m para retirar mercadorias de prateleiras. O funcionamento preciso e extremamente seguro deste produto permite que seja utilizado em ambientes com risco de explos\u00e3o causadas por centelhas el\u00e9tricas. O seu tamanho favorece o utilizador, permitindo mobilidade e controlo em ambientes estreitos.<\/p>\n","protected":false},"featured_media":30056,"template":"","meta":[],"product_cat":[3972,3975],"product_tag":[],"yoast_head":"<!-- This site is optimized with the Yoast SEO plugin v17.4 - https:\/\/yoast.com\/wordpress\/plugins\/seo\/ -->\n<title>EMPILHADOR MANUAL 1,6M &ndash; Chemitool<\/title>\n<meta name=\"description\" content=\"SAP: CHL010300201016   O Empilhador Manual CHEMITOOL \u00e9 recomendado para cargas paletizadas em geral, possibilitando a eleva\u00e7\u00e3o para carregar e descarregar. Muito procurada para o transporte de cargas para cami\u00f5es, pick ups, camionetes, serve tamb\u00e9m para retirar mercadorias de prateleiras. O funcionamento preciso e extremamente seguro deste produto permite que seja utilizado em ambientes com risco de explos\u00e3o causadas por centelhas el\u00e9tricas. O seu tamanho favorece o utilizador, permitindo mobilidade e controlo em ambientes estreitos.\" \/>\n<meta name=\"robots\" content=\"index, follow, max-snippet:-1, max-image-preview:large, max-video-preview:-1\" \/>\n<link rel=\"canonical\" href=\"https:\/\/chemitool.com\/pt-pt\/products\/logistics\/porta-paletes\/empilhador-manual\/\" \/>\n<meta property=\"og:locale\" content=\"pt_PT\" \/>\n<meta property=\"og:type\" content=\"article\" \/>\n<meta property=\"og:title\" content=\"EMPILHADOR MANUAL 1,6M &ndash; Chemitool\" \/>\n<meta property=\"og:description\" content=\"SAP: CHL010300201016   O Empilhador Manual CHEMITOOL \u00e9 recomendado para cargas paletizadas em geral, possibilitando a eleva\u00e7\u00e3o para carregar e descarregar. Muito procurada para o transporte de cargas para cami\u00f5es, pick ups, camionetes, serve tamb\u00e9m para retirar mercadorias de prateleiras. O funcionamento preciso e extremamente seguro deste produto permite que seja utilizado em ambientes com risco de explos\u00e3o causadas por centelhas el\u00e9tricas. O seu tamanho favorece o utilizador, permitindo mobilidade e controlo em ambientes estreitos.\" \/>\n<meta property=\"og:url\" content=\"https:\/\/chemitool.com\/pt-pt\/products\/logistics\/porta-paletes\/empilhador-manual\/\" \/>\n<meta property=\"og:site_name\" content=\"Chemitool\" \/>\n<meta property=\"article:publisher\" content=\"https:\/\/www.facebook.com\/chemitool\" \/>\n<meta property=\"article:modified_time\" content=\"2023-07-13T16:39:48+00:00\" \/>\n<meta property=\"og:image\" content=\"https:\/\/chemitool.com\/wp-content\/uploads\/2022\/05\/CHSDJ1016-1.png\" \/>\n\t<meta property=\"og:image:width\" content=\"800\" \/>\n\t<meta property=\"og:image:height\" content=\"800\" \/>\n<meta name=\"twitter:card\" content=\"summary_large_image\" \/>\n<script type=\"application\/ld+json\" class=\"yoast-schema-graph\">{\"@context\":\"https:\/\/schema.org\",\"@graph\":[{\"@type\":\"Organization\",\"@id\":\"https:\/\/chemitool.com\/#organization\",\"name\":\"Chemitool\",\"url\":\"https:\/\/chemitool.com\/\",\"sameAs\":[\"https:\/\/www.facebook.com\/chemitool\",\"https:\/\/www.instagram.com\/chemitool\/\"],\"logo\":{\"@type\":\"ImageObject\",\"@id\":\"https:\/\/chemitool.com\/#logo\",\"inLanguage\":\"pt-PT\",\"url\":\"https:\/\/chemitool.com\/wp-content\/uploads\/2020\/10\/logo_chemitool.png\",\"contentUrl\":\"https:\/\/chemitool.com\/wp-content\/uploads\/2020\/10\/logo_chemitool.png\",\"width\":400,\"height\":400,\"caption\":\"Chemitool\"},\"image\":{\"@id\":\"https:\/\/chemitool.com\/#logo\"}},{\"@type\":\"WebSite\",\"@id\":\"https:\/\/chemitool.com\/#website\",\"url\":\"https:\/\/chemitool.com\/\",\"name\":\"Chemitool\",\"description\":\"Chemitool - hardware and tools\",\"publisher\":{\"@id\":\"https:\/\/chemitool.com\/#organization\"},\"potentialAction\":[{\"@type\":\"SearchAction\",\"target\":{\"@type\":\"EntryPoint\",\"urlTemplate\":\"https:\/\/chemitool.com\/?s={search_term_string}\"},\"query-input\":\"required name=search_term_string\"}],\"inLanguage\":\"pt-PT\"},{\"@type\":\"ImageObject\",\"@id\":\"https:\/\/chemitool.com\/pt-pt\/products\/logistics\/porta-paletes\/empilhador-manual\/#primaryimage\",\"inLanguage\":\"pt-PT\",\"url\":\"https:\/\/chemitool.com\/wp-content\/uploads\/2022\/05\/CHSDJ1016-1.png\",\"contentUrl\":\"https:\/\/chemitool.com\/wp-content\/uploads\/2022\/05\/CHSDJ1016-1.png\",\"width\":800,\"height\":800},{\"@type\":\"WebPage\",\"@id\":\"https:\/\/chemitool.com\/pt-pt\/products\/logistics\/porta-paletes\/empilhador-manual\/#webpage\",\"url\":\"https:\/\/chemitool.com\/pt-pt\/products\/logistics\/porta-paletes\/empilhador-manual\/\",\"name\":\"EMPILHADOR MANUAL 1,6M &ndash; Chemitool\",\"isPartOf\":{\"@id\":\"https:\/\/chemitool.com\/#website\"},\"primaryImageOfPage\":{\"@id\":\"https:\/\/chemitool.com\/pt-pt\/products\/logistics\/porta-paletes\/empilhador-manual\/#primaryimage\"},\"datePublished\":\"2022-05-26T09:11:28+00:00\",\"dateModified\":\"2023-07-13T16:39:48+00:00\",\"description\":\"SAP: CHL010300201016 O Empilhador Manual CHEMITOOL \\u00e9 recomendado para cargas paletizadas em geral, possibilitando a eleva\\u00e7\\u00e3o para carregar e descarregar. Muito procurada para o transporte de cargas para cami\\u00f5es, pick ups, camionetes, serve tamb\\u00e9m para retirar mercadorias de prateleiras. O funcionamento preciso e extremamente seguro deste produto permite que seja utilizado em ambientes com risco de explos\\u00e3o causadas por centelhas el\\u00e9tricas. O seu tamanho favorece o utilizador, permitindo mobilidade e controlo em ambientes estreitos.\",\"breadcrumb\":{\"@id\":\"https:\/\/chemitool.com\/pt-pt\/products\/logistics\/porta-paletes\/empilhador-manual\/#breadcrumb\"},\"inLanguage\":\"pt-PT\",\"potentialAction\":[{\"@type\":\"ReadAction\",\"target\":[\"https:\/\/chemitool.com\/pt-pt\/products\/logistics\/porta-paletes\/empilhador-manual\/\"]}]},{\"@type\":\"BreadcrumbList\",\"@id\":\"https:\/\/chemitool.com\/pt-pt\/products\/logistics\/porta-paletes\/empilhador-manual\/#breadcrumb\",\"itemListElement\":[{\"@type\":\"ListItem\",\"position\":1,\"name\":\"Home\",\"item\":\"https:\/\/chemitool.com\/pt-pt\/\"},{\"@type\":\"ListItem\",\"position\":2,\"name\":\"Produtos\",\"item\":\"https:\/\/chemitool.com\/pt-pt\/produtos\/\"},{\"@type\":\"ListItem\",\"position\":3,\"name\":\"Tools\",\"item\":\"https:\/\/chemitool.com\/pt-pt\/categoria-produto\/tools\/\"},{\"@type\":\"ListItem\",\"position\":4,\"name\":\"Escadas e Escadotes\",\"item\":\"https:\/\/chemitool.com\/pt-pt\/categoria-produto\/tools\/escadas-e-escadotes\/\"},{\"@type\":\"ListItem\",\"position\":5,\"name\":\"EMPILHADOR MANUAL 1,6M\"}]}]}<\/script>\n<!-- \/ Yoast SEO plugin. -->","yoast_head_json":{"title":"EMPILHADOR MANUAL 1,6M &ndash; Chemitool","description":"SAP: CHL010300201016   O Empilhador Manual CHEMITOOL \u00e9 recomendado para cargas paletizadas em geral, possibilitando a eleva\u00e7\u00e3o para carregar e descarregar. Muito procurada para o transporte de cargas para cami\u00f5es, pick ups, camionetes, serve tamb\u00e9m para retirar mercadorias de prateleiras. O funcionamento preciso e extremamente seguro deste produto permite que seja utilizado em ambientes com risco de explos\u00e3o causadas por centelhas el\u00e9tricas. O seu tamanho favorece o utilizador, permitindo mobilidade e controlo em ambientes estreitos.","robots":{"index":"index","follow":"follow","max-snippet":"max-snippet:-1","max-image-preview":"max-image-preview:large","max-video-preview":"max-video-preview:-1"},"canonical":"https:\/\/chemitool.com\/pt-pt\/products\/logistics\/porta-paletes\/empilhador-manual\/","og_locale":"pt_PT","og_type":"article","og_title":"EMPILHADOR MANUAL 1,6M &ndash; Chemitool","og_description":"SAP: CHL010300201016   O Empilhador Manual CHEMITOOL \u00e9 recomendado para cargas paletizadas em geral, possibilitando a eleva\u00e7\u00e3o para carregar e descarregar. Muito procurada para o transporte de cargas para cami\u00f5es, pick ups, camionetes, serve tamb\u00e9m para retirar mercadorias de prateleiras. O funcionamento preciso e extremamente seguro deste produto permite que seja utilizado em ambientes com risco de explos\u00e3o causadas por centelhas el\u00e9tricas. O seu tamanho favorece o utilizador, permitindo mobilidade e controlo em ambientes estreitos.","og_url":"https:\/\/chemitool.com\/pt-pt\/products\/logistics\/porta-paletes\/empilhador-manual\/","og_site_name":"Chemitool","article_publisher":"https:\/\/www.facebook.com\/chemitool","article_modified_time":"2023-07-13T16:39:48+00:00","og_image":[{"width":800,"height":800,"url":"https:\/\/chemitool.com\/wp-content\/uploads\/2022\/05\/CHSDJ1016-1.png","type":"image\/png"}],"twitter_card":"summary_large_image","schema":{"@context":"https:\/\/schema.org","@graph":[{"@type":"Organization","@id":"https:\/\/chemitool.com\/#organization","name":"Chemitool","url":"https:\/\/chemitool.com\/","sameAs":["https:\/\/www.facebook.com\/chemitool","https:\/\/www.instagram.com\/chemitool\/"],"logo":{"@type":"ImageObject","@id":"https:\/\/chemitool.com\/#logo","inLanguage":"pt-PT","url":"https:\/\/chemitool.com\/wp-content\/uploads\/2020\/10\/logo_chemitool.png","contentUrl":"https:\/\/chemitool.com\/wp-content\/uploads\/2020\/10\/logo_chemitool.png","width":400,"height":400,"caption":"Chemitool"},"image":{"@id":"https:\/\/chemitool.com\/#logo"}},{"@type":"WebSite","@id":"https:\/\/chemitool.com\/#website","url":"https:\/\/chemitool.com\/","name":"Chemitool","description":"Chemitool - hardware and tools","publisher":{"@id":"https:\/\/chemitool.com\/#organization"},"potentialAction":[{"@type":"SearchAction","target":{"@type":"EntryPoint","urlTemplate":"https:\/\/chemitool.com\/?s={search_term_string}"},"query-input":"required name=search_term_string"}],"inLanguage":"pt-PT"},{"@type":"ImageObject","@id":"https:\/\/chemitool.com\/pt-pt\/products\/logistics\/porta-paletes\/empilhador-manual\/#primaryimage","inLanguage":"pt-PT","url":"https:\/\/chemitool.com\/wp-content\/uploads\/2022\/05\/CHSDJ1016-1.png","contentUrl":"https:\/\/chemitool.com\/wp-content\/uploads\/2022\/05\/CHSDJ1016-1.png","width":800,"height":800},{"@type":"WebPage","@id":"https:\/\/chemitool.com\/pt-pt\/products\/logistics\/porta-paletes\/empilhador-manual\/#webpage","url":"https:\/\/chemitool.com\/pt-pt\/products\/logistics\/porta-paletes\/empilhador-manual\/","name":"EMPILHADOR MANUAL 1,6M &ndash; Chemitool","isPartOf":{"@id":"https:\/\/chemitool.com\/#website"},"primaryImageOfPage":{"@id":"https:\/\/chemitool.com\/pt-pt\/products\/logistics\/porta-paletes\/empilhador-manual\/#primaryimage"},"datePublished":"2022-05-26T09:11:28+00:00","dateModified":"2023-07-13T16:39:48+00:00","description":"SAP: CHL010300201016 O Empilhador Manual CHEMITOOL \u00e9 recomendado para cargas paletizadas em geral, possibilitando a eleva\u00e7\u00e3o para carregar e descarregar. Muito procurada para o transporte de cargas para cami\u00f5es, pick ups, camionetes, serve tamb\u00e9m para retirar mercadorias de prateleiras. O funcionamento preciso e extremamente seguro deste produto permite que seja utilizado em ambientes com risco de explos\u00e3o causadas por centelhas el\u00e9tricas. O seu tamanho favorece o utilizador, permitindo mobilidade e controlo em ambientes estreitos.","breadcrumb":{"@id":"https:\/\/chemitool.com\/pt-pt\/products\/logistics\/porta-paletes\/empilhador-manual\/#breadcrumb"},"inLanguage":"pt-PT","potentialAction":[{"@type":"ReadAction","target":["https:\/\/chemitool.com\/pt-pt\/products\/logistics\/porta-paletes\/empilhador-manual\/"]}]},{"@type":"BreadcrumbList","@id":"https:\/\/chemitool.com\/pt-pt\/products\/logistics\/porta-paletes\/empilhador-manual\/#breadcrumb","itemListElement":[{"@type":"ListItem","position":1,"name":"Home","item":"https:\/\/chemitool.com\/pt-pt\/"},{"@type":"ListItem","position":2,"name":"Produtos","item":"https:\/\/chemitool.com\/pt-pt\/produtos\/"},{"@type":"ListItem","position":3,"name":"Tools","item":"https:\/\/chemitool.com\/pt-pt\/categoria-produto\/tools\/"},{"@type":"ListItem","position":4,"name":"Escadas e Escadotes","item":"https:\/\/chemitool.com\/pt-pt\/categoria-produto\/tools\/escadas-e-escadotes\/"},{"@type":"ListItem","position":5,"name":"EMPILHADOR MANUAL 1,6M"}]}]}},"_links":{"self":[{"href":"https:\/\/chemitool.com\/pt-pt\/wp-json\/wp\/v2\/product\/22787"}],"collection":[{"href":"https:\/\/chemitool.com\/pt-pt\/wp-json\/wp\/v2\/product"}],"about":[{"href":"https:\/\/chemitool.com\/pt-pt\/wp-json\/wp\/v2\/types\/product"}],"wp:featuredmedia":[{"embeddable":true,"href":"https:\/\/chemitool.com\/pt-pt\/wp-json\/wp\/v2\/media\/30056"}],"wp:attachment":[{"href":"https:\/\/chemitool.com\/pt-pt\/wp-json\/wp\/v2\/media?parent=22787"}],"wp:term":[{"taxonomy":"product_cat","embeddable":true,"href":"https:\/\/chemitool.com\/pt-pt\/wp-json\/wp\/v2\/product_cat?post=22787"},{"taxonomy":"product_tag","embeddable":true,"href":"https:\/\/chemitool.com\/pt-pt\/wp-json\/wp\/v2\/product_tag?post=22787"}],"curies":[{"name":"wp","href":"https:\/\/api.w.org\/{rel}","templated":true}]}}