{"id":22668,"date":"2022-05-24T15:22:09","date_gmt":"2022-05-24T15:22:23","guid":{"rendered":"https:\/\/chemitool.com\/?post_type=product&#038;p=22668"},"modified":"2022-06-24T13:59:27","modified_gmt":"2022-06-24T13:59:27","slug":"fita-de-sinalizacao","status":"publish","type":"product","link":"https:\/\/chemitool.com\/pt-pt\/products\/safety\/sinalizacao\/fita-de-sinalizacao\/","title":{"rendered":"FITA DE SINALIZA\u00c7\u00c3O"},"content":{"rendered":"<ul>\n<li>Rolo com 200m de comprimento e 7cm de largura<\/li>\n<li>Dispon\u00edvel em vermelho\/branco e amarelo\/preto<\/li>\n<\/ul>\n<p><img class=\"alignnone wp-image-22605\" src=\"https:\/\/chemitool.com\/wp-content\/uploads\/2022\/05\/CE_logo-300x213.png\" alt=\"\" width=\"47\" height=\"34\" srcset=\"https:\/\/chemitool.com\/wp-content\/uploads\/2022\/05\/CE_logo-300x213.png 300w, https:\/\/chemitool.com\/wp-content\/uploads\/2022\/05\/CE_logo.png 570w\" sizes=\"(max-width: 47px) 100vw, 47px\" \/><\/p>\n","protected":false},"excerpt":{"rendered":"<p><em>Fita de Sinaliza\u00e7\u00e3o CHEMITOOL.<\/em><\/p>\n","protected":false},"featured_media":22671,"template":"","meta":[],"product_cat":[1453,3915],"product_tag":[],"yoast_head":"<!-- This site is optimized with the Yoast SEO plugin v17.4 - https:\/\/yoast.com\/wordpress\/plugins\/seo\/ -->\n<title>FITA DE SINALIZA\u00c7\u00c3O &ndash; Chemitool<\/title>\n<meta name=\"description\" content=\"Fita de Sinaliza\u00e7\u00e3o CHEMITOOL.\" \/>\n<meta name=\"robots\" content=\"index, follow, max-snippet:-1, max-image-preview:large, max-video-preview:-1\" \/>\n<link rel=\"canonical\" href=\"https:\/\/chemitool.com\/pt-pt\/products\/safety\/sinalizacao\/fita-de-sinalizacao\/\" \/>\n<meta property=\"og:locale\" content=\"pt_PT\" \/>\n<meta property=\"og:type\" content=\"article\" \/>\n<meta property=\"og:title\" content=\"FITA DE SINALIZA\u00c7\u00c3O &ndash; Chemitool\" \/>\n<meta property=\"og:description\" content=\"Fita de Sinaliza\u00e7\u00e3o CHEMITOOL.\" \/>\n<meta property=\"og:url\" content=\"https:\/\/chemitool.com\/pt-pt\/products\/safety\/sinalizacao\/fita-de-sinalizacao\/\" \/>\n<meta property=\"og:site_name\" content=\"Chemitool\" \/>\n<meta property=\"article:publisher\" content=\"https:\/\/www.facebook.com\/chemitool\" \/>\n<meta property=\"article:modified_time\" content=\"2022-06-24T13:59:27+00:00\" \/>\n<meta property=\"og:image\" content=\"https:\/\/chemitool.com\/wp-content\/uploads\/2022\/05\/MP1103001.png\" \/>\n\t<meta property=\"og:image:width\" content=\"800\" \/>\n\t<meta property=\"og:image:height\" content=\"800\" \/>\n<meta name=\"twitter:card\" content=\"summary_large_image\" \/>\n<script type=\"application\/ld+json\" class=\"yoast-schema-graph\">{\"@context\":\"https:\/\/schema.org\",\"@graph\":[{\"@type\":\"Organization\",\"@id\":\"https:\/\/chemitool.com\/#organization\",\"name\":\"Chemitool\",\"url\":\"https:\/\/chemitool.com\/\",\"sameAs\":[\"https:\/\/www.facebook.com\/chemitool\",\"https:\/\/www.instagram.com\/chemitool\/\"],\"logo\":{\"@type\":\"ImageObject\",\"@id\":\"https:\/\/chemitool.com\/#logo\",\"inLanguage\":\"pt-PT\",\"url\":\"https:\/\/chemitool.com\/wp-content\/uploads\/2020\/10\/logo_chemitool.png\",\"contentUrl\":\"https:\/\/chemitool.com\/wp-content\/uploads\/2020\/10\/logo_chemitool.png\",\"width\":400,\"height\":400,\"caption\":\"Chemitool\"},\"image\":{\"@id\":\"https:\/\/chemitool.com\/#logo\"}},{\"@type\":\"WebSite\",\"@id\":\"https:\/\/chemitool.com\/#website\",\"url\":\"https:\/\/chemitool.com\/\",\"name\":\"Chemitool\",\"description\":\"Chemitool - hardware and tools\",\"publisher\":{\"@id\":\"https:\/\/chemitool.com\/#organization\"},\"potentialAction\":[{\"@type\":\"SearchAction\",\"target\":{\"@type\":\"EntryPoint\",\"urlTemplate\":\"https:\/\/chemitool.com\/?s={search_term_string}\"},\"query-input\":\"required name=search_term_string\"}],\"inLanguage\":\"pt-PT\"},{\"@type\":\"ImageObject\",\"@id\":\"https:\/\/chemitool.com\/pt-pt\/products\/safety\/sinalizacao\/fita-de-sinalizacao\/#primaryimage\",\"inLanguage\":\"pt-PT\",\"url\":\"https:\/\/chemitool.com\/wp-content\/uploads\/2022\/05\/MP1103001.png\",\"contentUrl\":\"https:\/\/chemitool.com\/wp-content\/uploads\/2022\/05\/MP1103001.png\",\"width\":800,\"height\":800},{\"@type\":\"WebPage\",\"@id\":\"https:\/\/chemitool.com\/pt-pt\/products\/safety\/sinalizacao\/fita-de-sinalizacao\/#webpage\",\"url\":\"https:\/\/chemitool.com\/pt-pt\/products\/safety\/sinalizacao\/fita-de-sinalizacao\/\",\"name\":\"FITA DE SINALIZA\\u00c7\\u00c3O &ndash; Chemitool\",\"isPartOf\":{\"@id\":\"https:\/\/chemitool.com\/#website\"},\"primaryImageOfPage\":{\"@id\":\"https:\/\/chemitool.com\/pt-pt\/products\/safety\/sinalizacao\/fita-de-sinalizacao\/#primaryimage\"},\"datePublished\":\"2022-05-24T15:22:23+00:00\",\"dateModified\":\"2022-06-24T13:59:27+00:00\",\"description\":\"Fita de Sinaliza\\u00e7\\u00e3o CHEMITOOL.\",\"breadcrumb\":{\"@id\":\"https:\/\/chemitool.com\/pt-pt\/products\/safety\/sinalizacao\/fita-de-sinalizacao\/#breadcrumb\"},\"inLanguage\":\"pt-PT\",\"potentialAction\":[{\"@type\":\"ReadAction\",\"target\":[\"https:\/\/chemitool.com\/pt-pt\/products\/safety\/sinalizacao\/fita-de-sinalizacao\/\"]}]},{\"@type\":\"BreadcrumbList\",\"@id\":\"https:\/\/chemitool.com\/pt-pt\/products\/safety\/sinalizacao\/fita-de-sinalizacao\/#breadcrumb\",\"itemListElement\":[{\"@type\":\"ListItem\",\"position\":1,\"name\":\"Home\",\"item\":\"https:\/\/chemitool.com\/pt-pt\/\"},{\"@type\":\"ListItem\",\"position\":2,\"name\":\"Produtos\",\"item\":\"https:\/\/chemitool.com\/pt-pt\/produtos\/\"},{\"@type\":\"ListItem\",\"position\":3,\"name\":\"Tools\",\"item\":\"https:\/\/chemitool.com\/pt-pt\/categoria-produto\/tools\/\"},{\"@type\":\"ListItem\",\"position\":4,\"name\":\"Escadas e Escadotes\",\"item\":\"https:\/\/chemitool.com\/pt-pt\/categoria-produto\/tools\/escadas-e-escadotes\/\"},{\"@type\":\"ListItem\",\"position\":5,\"name\":\"FITA DE SINALIZA\\u00c7\\u00c3O\"}]}]}<\/script>\n<!-- \/ Yoast SEO plugin. -->","yoast_head_json":{"title":"FITA DE SINALIZA\u00c7\u00c3O &ndash; Chemitool","description":"Fita de Sinaliza\u00e7\u00e3o CHEMITOOL.","robots":{"index":"index","follow":"follow","max-snippet":"max-snippet:-1","max-image-preview":"max-image-preview:large","max-video-preview":"max-video-preview:-1"},"canonical":"https:\/\/chemitool.com\/pt-pt\/products\/safety\/sinalizacao\/fita-de-sinalizacao\/","og_locale":"pt_PT","og_type":"article","og_title":"FITA DE SINALIZA\u00c7\u00c3O &ndash; Chemitool","og_description":"Fita de Sinaliza\u00e7\u00e3o CHEMITOOL.","og_url":"https:\/\/chemitool.com\/pt-pt\/products\/safety\/sinalizacao\/fita-de-sinalizacao\/","og_site_name":"Chemitool","article_publisher":"https:\/\/www.facebook.com\/chemitool","article_modified_time":"2022-06-24T13:59:27+00:00","og_image":[{"width":800,"height":800,"url":"https:\/\/chemitool.com\/wp-content\/uploads\/2022\/05\/MP1103001.png","type":"image\/png"}],"twitter_card":"summary_large_image","schema":{"@context":"https:\/\/schema.org","@graph":[{"@type":"Organization","@id":"https:\/\/chemitool.com\/#organization","name":"Chemitool","url":"https:\/\/chemitool.com\/","sameAs":["https:\/\/www.facebook.com\/chemitool","https:\/\/www.instagram.com\/chemitool\/"],"logo":{"@type":"ImageObject","@id":"https:\/\/chemitool.com\/#logo","inLanguage":"pt-PT","url":"https:\/\/chemitool.com\/wp-content\/uploads\/2020\/10\/logo_chemitool.png","contentUrl":"https:\/\/chemitool.com\/wp-content\/uploads\/2020\/10\/logo_chemitool.png","width":400,"height":400,"caption":"Chemitool"},"image":{"@id":"https:\/\/chemitool.com\/#logo"}},{"@type":"WebSite","@id":"https:\/\/chemitool.com\/#website","url":"https:\/\/chemitool.com\/","name":"Chemitool","description":"Chemitool - hardware and tools","publisher":{"@id":"https:\/\/chemitool.com\/#organization"},"potentialAction":[{"@type":"SearchAction","target":{"@type":"EntryPoint","urlTemplate":"https:\/\/chemitool.com\/?s={search_term_string}"},"query-input":"required name=search_term_string"}],"inLanguage":"pt-PT"},{"@type":"ImageObject","@id":"https:\/\/chemitool.com\/pt-pt\/products\/safety\/sinalizacao\/fita-de-sinalizacao\/#primaryimage","inLanguage":"pt-PT","url":"https:\/\/chemitool.com\/wp-content\/uploads\/2022\/05\/MP1103001.png","contentUrl":"https:\/\/chemitool.com\/wp-content\/uploads\/2022\/05\/MP1103001.png","width":800,"height":800},{"@type":"WebPage","@id":"https:\/\/chemitool.com\/pt-pt\/products\/safety\/sinalizacao\/fita-de-sinalizacao\/#webpage","url":"https:\/\/chemitool.com\/pt-pt\/products\/safety\/sinalizacao\/fita-de-sinalizacao\/","name":"FITA DE SINALIZA\u00c7\u00c3O &ndash; Chemitool","isPartOf":{"@id":"https:\/\/chemitool.com\/#website"},"primaryImageOfPage":{"@id":"https:\/\/chemitool.com\/pt-pt\/products\/safety\/sinalizacao\/fita-de-sinalizacao\/#primaryimage"},"datePublished":"2022-05-24T15:22:23+00:00","dateModified":"2022-06-24T13:59:27+00:00","description":"Fita de Sinaliza\u00e7\u00e3o CHEMITOOL.","breadcrumb":{"@id":"https:\/\/chemitool.com\/pt-pt\/products\/safety\/sinalizacao\/fita-de-sinalizacao\/#breadcrumb"},"inLanguage":"pt-PT","potentialAction":[{"@type":"ReadAction","target":["https:\/\/chemitool.com\/pt-pt\/products\/safety\/sinalizacao\/fita-de-sinalizacao\/"]}]},{"@type":"BreadcrumbList","@id":"https:\/\/chemitool.com\/pt-pt\/products\/safety\/sinalizacao\/fita-de-sinalizacao\/#breadcrumb","itemListElement":[{"@type":"ListItem","position":1,"name":"Home","item":"https:\/\/chemitool.com\/pt-pt\/"},{"@type":"ListItem","position":2,"name":"Produtos","item":"https:\/\/chemitool.com\/pt-pt\/produtos\/"},{"@type":"ListItem","position":3,"name":"Tools","item":"https:\/\/chemitool.com\/pt-pt\/categoria-produto\/tools\/"},{"@type":"ListItem","position":4,"name":"Escadas e Escadotes","item":"https:\/\/chemitool.com\/pt-pt\/categoria-produto\/tools\/escadas-e-escadotes\/"},{"@type":"ListItem","position":5,"name":"FITA DE SINALIZA\u00c7\u00c3O"}]}]}},"_links":{"self":[{"href":"https:\/\/chemitool.com\/pt-pt\/wp-json\/wp\/v2\/product\/22668"}],"collection":[{"href":"https:\/\/chemitool.com\/pt-pt\/wp-json\/wp\/v2\/product"}],"about":[{"href":"https:\/\/chemitool.com\/pt-pt\/wp-json\/wp\/v2\/types\/product"}],"wp:featuredmedia":[{"embeddable":true,"href":"https:\/\/chemitool.com\/pt-pt\/wp-json\/wp\/v2\/media\/22671"}],"wp:attachment":[{"href":"https:\/\/chemitool.com\/pt-pt\/wp-json\/wp\/v2\/media?parent=22668"}],"wp:term":[{"taxonomy":"product_cat","embeddable":true,"href":"https:\/\/chemitool.com\/pt-pt\/wp-json\/wp\/v2\/product_cat?post=22668"},{"taxonomy":"product_tag","embeddable":true,"href":"https:\/\/chemitool.com\/pt-pt\/wp-json\/wp\/v2\/product_tag?post=22668"}],"curies":[{"name":"wp","href":"https:\/\/api.w.org\/{rel}","templated":true}]}}