{"id":22587,"date":"2022-05-19T15:30:36","date_gmt":"2022-05-19T15:30:50","guid":{"rendered":"https:\/\/chemitool.com\/?post_type=product&#038;p=22587"},"modified":"2024-07-23T10:07:55","modified_gmt":"2024-07-23T10:07:55","slug":"gel-lubrificante-para-cabos-e-fios","status":"publish","type":"product","link":"https:\/\/chemitool.com\/pt-pt\/products\/chemicals\/lubrificacao-pt-pt\/gel-lubrificante-cabos-e-fios\/gel-lubrificante-para-cabos-e-fios\/","title":{"rendered":"GEL LUBRIFICANTE PARA CABOS E FIOS"},"content":{"rendered":"<p><strong>Vantagens<\/strong><\/p>\n<ul>\n<li>Qualidade profissional<\/li>\n<li>Elevada recupera\u00e7\u00e3o el\u00e1stica<\/li>\n<li>Excelente capacidade de ades\u00e3o e enchimento e alto valor de isolamento t\u00e9rmico e ac\u00fastico<\/li>\n<li>Utiliza\u00e7\u00e3o em exterior e interior<\/li>\n<li>Boa capacidade de preenchimento e fixa\u00e7\u00e3o<\/li>\n<li>Excelente ades\u00e3o \u00e0s mais diversas superf\u00edcies<\/li>\n<\/ul>\n<p><strong>Aplica\u00e7\u00f5es<\/strong><\/p>\n<p>Lubrificante em gel, especialmente desenvolvido para a coloca\u00e7\u00e3o de v\u00e1rios tipos de cabos, sejam el\u00e9tricos, telecomunica\u00e7\u00f5es, fibra \u00f3ptica, ou outros cabos usados na constru\u00e7\u00e3o. Elimina em 80% do atrito entre cabos e os canais, facilitando a instala\u00e7\u00e3o e posteriores manuseamentos.<\/p>\n","protected":false},"excerpt":{"rendered":"<p><em>Gel Lubrificante para Cabos e Fios CHEMILUB <\/em>\u00e9 um lubrificante de base aquosa em gel, que permite a facilidade da passagem dos cabos nos tubos e que tamb\u00e9m protege, ficando uma camada protetora contra poss\u00edveis danos, fissuras e encravamento e envelhecimento dos cabos.<\/p>\n","protected":false},"featured_media":22874,"template":"","meta":[],"product_cat":[109,3984,4311],"product_tag":[3998,142],"yoast_head":"<!-- This site is optimized with the Yoast SEO plugin v17.4 - https:\/\/yoast.com\/wordpress\/plugins\/seo\/ -->\n<title>GEL LUBRIFICANTE PARA CABOS E FIOS &ndash; Chemitool<\/title>\n<meta name=\"description\" content=\"Gel Lubrificante para Cabos e Fios CHEMILUB \u00e9 um lubrificante de base aquosa em gel, que permite a facilidade da passagem dos cabos nos tubos e que tamb\u00e9m protege, ficando uma camada protetora contra poss\u00edveis danos, fissuras e encravamento e envelhecimento dos cabos.\" \/>\n<meta name=\"robots\" content=\"index, follow, max-snippet:-1, max-image-preview:large, max-video-preview:-1\" \/>\n<link rel=\"canonical\" href=\"https:\/\/chemitool.com\/pt-pt\/products\/chemicals\/lubrificacao-pt-pt\/gel-lubrificante-cabos-e-fios\/gel-lubrificante-para-cabos-e-fios\/\" \/>\n<meta property=\"og:locale\" content=\"pt_PT\" \/>\n<meta property=\"og:type\" content=\"article\" \/>\n<meta property=\"og:title\" content=\"GEL LUBRIFICANTE PARA CABOS E FIOS &ndash; Chemitool\" \/>\n<meta property=\"og:description\" content=\"Gel Lubrificante para Cabos e Fios CHEMILUB \u00e9 um lubrificante de base aquosa em gel, que permite a facilidade da passagem dos cabos nos tubos e que tamb\u00e9m protege, ficando uma camada protetora contra poss\u00edveis danos, fissuras e encravamento e envelhecimento dos cabos.\" \/>\n<meta property=\"og:url\" content=\"https:\/\/chemitool.com\/pt-pt\/products\/chemicals\/lubrificacao-pt-pt\/gel-lubrificante-cabos-e-fios\/gel-lubrificante-para-cabos-e-fios\/\" \/>\n<meta property=\"og:site_name\" content=\"Chemitool\" \/>\n<meta property=\"article:publisher\" content=\"https:\/\/www.facebook.com\/chemitool\" \/>\n<meta property=\"article:modified_time\" content=\"2024-07-23T10:07:55+00:00\" \/>\n<meta property=\"og:image\" content=\"https:\/\/chemitool.com\/wp-content\/uploads\/2022\/05\/CHC080106.png\" \/>\n\t<meta property=\"og:image:width\" content=\"800\" \/>\n\t<meta property=\"og:image:height\" content=\"800\" \/>\n<meta name=\"twitter:card\" content=\"summary_large_image\" \/>\n<script type=\"application\/ld+json\" class=\"yoast-schema-graph\">{\"@context\":\"https:\/\/schema.org\",\"@graph\":[{\"@type\":\"Organization\",\"@id\":\"https:\/\/chemitool.com\/#organization\",\"name\":\"Chemitool\",\"url\":\"https:\/\/chemitool.com\/\",\"sameAs\":[\"https:\/\/www.facebook.com\/chemitool\",\"https:\/\/www.instagram.com\/chemitool\/\"],\"logo\":{\"@type\":\"ImageObject\",\"@id\":\"https:\/\/chemitool.com\/#logo\",\"inLanguage\":\"pt-PT\",\"url\":\"https:\/\/chemitool.com\/wp-content\/uploads\/2020\/10\/logo_chemitool.png\",\"contentUrl\":\"https:\/\/chemitool.com\/wp-content\/uploads\/2020\/10\/logo_chemitool.png\",\"width\":400,\"height\":400,\"caption\":\"Chemitool\"},\"image\":{\"@id\":\"https:\/\/chemitool.com\/#logo\"}},{\"@type\":\"WebSite\",\"@id\":\"https:\/\/chemitool.com\/#website\",\"url\":\"https:\/\/chemitool.com\/\",\"name\":\"Chemitool\",\"description\":\"Chemitool - hardware and tools\",\"publisher\":{\"@id\":\"https:\/\/chemitool.com\/#organization\"},\"potentialAction\":[{\"@type\":\"SearchAction\",\"target\":{\"@type\":\"EntryPoint\",\"urlTemplate\":\"https:\/\/chemitool.com\/?s={search_term_string}\"},\"query-input\":\"required name=search_term_string\"}],\"inLanguage\":\"pt-PT\"},{\"@type\":\"ImageObject\",\"@id\":\"https:\/\/chemitool.com\/pt-pt\/products\/chemicals\/lubrificacao-pt-pt\/gel-lubrificante-cabos-e-fios\/gel-lubrificante-para-cabos-e-fios\/#primaryimage\",\"inLanguage\":\"pt-PT\",\"url\":\"https:\/\/chemitool.com\/wp-content\/uploads\/2022\/05\/CHC080106.png\",\"contentUrl\":\"https:\/\/chemitool.com\/wp-content\/uploads\/2022\/05\/CHC080106.png\",\"width\":800,\"height\":800},{\"@type\":\"WebPage\",\"@id\":\"https:\/\/chemitool.com\/pt-pt\/products\/chemicals\/lubrificacao-pt-pt\/gel-lubrificante-cabos-e-fios\/gel-lubrificante-para-cabos-e-fios\/#webpage\",\"url\":\"https:\/\/chemitool.com\/pt-pt\/products\/chemicals\/lubrificacao-pt-pt\/gel-lubrificante-cabos-e-fios\/gel-lubrificante-para-cabos-e-fios\/\",\"name\":\"GEL LUBRIFICANTE PARA CABOS E FIOS &ndash; Chemitool\",\"isPartOf\":{\"@id\":\"https:\/\/chemitool.com\/#website\"},\"primaryImageOfPage\":{\"@id\":\"https:\/\/chemitool.com\/pt-pt\/products\/chemicals\/lubrificacao-pt-pt\/gel-lubrificante-cabos-e-fios\/gel-lubrificante-para-cabos-e-fios\/#primaryimage\"},\"datePublished\":\"2022-05-19T15:30:50+00:00\",\"dateModified\":\"2024-07-23T10:07:55+00:00\",\"description\":\"Gel Lubrificante para Cabos e Fios CHEMILUB \\u00e9 um lubrificante de base aquosa em gel, que permite a facilidade da passagem dos cabos nos tubos e que tamb\\u00e9m protege, ficando uma camada protetora contra poss\\u00edveis danos, fissuras e encravamento e envelhecimento dos cabos.\",\"breadcrumb\":{\"@id\":\"https:\/\/chemitool.com\/pt-pt\/products\/chemicals\/lubrificacao-pt-pt\/gel-lubrificante-cabos-e-fios\/gel-lubrificante-para-cabos-e-fios\/#breadcrumb\"},\"inLanguage\":\"pt-PT\",\"potentialAction\":[{\"@type\":\"ReadAction\",\"target\":[\"https:\/\/chemitool.com\/pt-pt\/products\/chemicals\/lubrificacao-pt-pt\/gel-lubrificante-cabos-e-fios\/gel-lubrificante-para-cabos-e-fios\/\"]}]},{\"@type\":\"BreadcrumbList\",\"@id\":\"https:\/\/chemitool.com\/pt-pt\/products\/chemicals\/lubrificacao-pt-pt\/gel-lubrificante-cabos-e-fios\/gel-lubrificante-para-cabos-e-fios\/#breadcrumb\",\"itemListElement\":[{\"@type\":\"ListItem\",\"position\":1,\"name\":\"Home\",\"item\":\"https:\/\/chemitool.com\/pt-pt\/\"},{\"@type\":\"ListItem\",\"position\":2,\"name\":\"Produtos\",\"item\":\"https:\/\/chemitool.com\/pt-pt\/produtos\/\"},{\"@type\":\"ListItem\",\"position\":3,\"name\":\"Tools\",\"item\":\"https:\/\/chemitool.com\/pt-pt\/categoria-produto\/tools\/\"},{\"@type\":\"ListItem\",\"position\":4,\"name\":\"Escadas e Escadotes\",\"item\":\"https:\/\/chemitool.com\/pt-pt\/categoria-produto\/tools\/escadas-e-escadotes\/\"},{\"@type\":\"ListItem\",\"position\":5,\"name\":\"GEL LUBRIFICANTE PARA CABOS E FIOS\"}]}]}<\/script>\n<!-- \/ Yoast SEO plugin. -->","yoast_head_json":{"title":"GEL LUBRIFICANTE PARA CABOS E FIOS &ndash; Chemitool","description":"Gel Lubrificante para Cabos e Fios CHEMILUB \u00e9 um lubrificante de base aquosa em gel, que permite a facilidade da passagem dos cabos nos tubos e que tamb\u00e9m protege, ficando uma camada protetora contra poss\u00edveis danos, fissuras e encravamento e envelhecimento dos cabos.","robots":{"index":"index","follow":"follow","max-snippet":"max-snippet:-1","max-image-preview":"max-image-preview:large","max-video-preview":"max-video-preview:-1"},"canonical":"https:\/\/chemitool.com\/pt-pt\/products\/chemicals\/lubrificacao-pt-pt\/gel-lubrificante-cabos-e-fios\/gel-lubrificante-para-cabos-e-fios\/","og_locale":"pt_PT","og_type":"article","og_title":"GEL LUBRIFICANTE PARA CABOS E FIOS &ndash; Chemitool","og_description":"Gel Lubrificante para Cabos e Fios CHEMILUB \u00e9 um lubrificante de base aquosa em gel, que permite a facilidade da passagem dos cabos nos tubos e que tamb\u00e9m protege, ficando uma camada protetora contra poss\u00edveis danos, fissuras e encravamento e envelhecimento dos cabos.","og_url":"https:\/\/chemitool.com\/pt-pt\/products\/chemicals\/lubrificacao-pt-pt\/gel-lubrificante-cabos-e-fios\/gel-lubrificante-para-cabos-e-fios\/","og_site_name":"Chemitool","article_publisher":"https:\/\/www.facebook.com\/chemitool","article_modified_time":"2024-07-23T10:07:55+00:00","og_image":[{"width":800,"height":800,"url":"https:\/\/chemitool.com\/wp-content\/uploads\/2022\/05\/CHC080106.png","type":"image\/png"}],"twitter_card":"summary_large_image","schema":{"@context":"https:\/\/schema.org","@graph":[{"@type":"Organization","@id":"https:\/\/chemitool.com\/#organization","name":"Chemitool","url":"https:\/\/chemitool.com\/","sameAs":["https:\/\/www.facebook.com\/chemitool","https:\/\/www.instagram.com\/chemitool\/"],"logo":{"@type":"ImageObject","@id":"https:\/\/chemitool.com\/#logo","inLanguage":"pt-PT","url":"https:\/\/chemitool.com\/wp-content\/uploads\/2020\/10\/logo_chemitool.png","contentUrl":"https:\/\/chemitool.com\/wp-content\/uploads\/2020\/10\/logo_chemitool.png","width":400,"height":400,"caption":"Chemitool"},"image":{"@id":"https:\/\/chemitool.com\/#logo"}},{"@type":"WebSite","@id":"https:\/\/chemitool.com\/#website","url":"https:\/\/chemitool.com\/","name":"Chemitool","description":"Chemitool - hardware and tools","publisher":{"@id":"https:\/\/chemitool.com\/#organization"},"potentialAction":[{"@type":"SearchAction","target":{"@type":"EntryPoint","urlTemplate":"https:\/\/chemitool.com\/?s={search_term_string}"},"query-input":"required name=search_term_string"}],"inLanguage":"pt-PT"},{"@type":"ImageObject","@id":"https:\/\/chemitool.com\/pt-pt\/products\/chemicals\/lubrificacao-pt-pt\/gel-lubrificante-cabos-e-fios\/gel-lubrificante-para-cabos-e-fios\/#primaryimage","inLanguage":"pt-PT","url":"https:\/\/chemitool.com\/wp-content\/uploads\/2022\/05\/CHC080106.png","contentUrl":"https:\/\/chemitool.com\/wp-content\/uploads\/2022\/05\/CHC080106.png","width":800,"height":800},{"@type":"WebPage","@id":"https:\/\/chemitool.com\/pt-pt\/products\/chemicals\/lubrificacao-pt-pt\/gel-lubrificante-cabos-e-fios\/gel-lubrificante-para-cabos-e-fios\/#webpage","url":"https:\/\/chemitool.com\/pt-pt\/products\/chemicals\/lubrificacao-pt-pt\/gel-lubrificante-cabos-e-fios\/gel-lubrificante-para-cabos-e-fios\/","name":"GEL LUBRIFICANTE PARA CABOS E FIOS &ndash; Chemitool","isPartOf":{"@id":"https:\/\/chemitool.com\/#website"},"primaryImageOfPage":{"@id":"https:\/\/chemitool.com\/pt-pt\/products\/chemicals\/lubrificacao-pt-pt\/gel-lubrificante-cabos-e-fios\/gel-lubrificante-para-cabos-e-fios\/#primaryimage"},"datePublished":"2022-05-19T15:30:50+00:00","dateModified":"2024-07-23T10:07:55+00:00","description":"Gel Lubrificante para Cabos e Fios CHEMILUB \u00e9 um lubrificante de base aquosa em gel, que permite a facilidade da passagem dos cabos nos tubos e que tamb\u00e9m protege, ficando uma camada protetora contra poss\u00edveis danos, fissuras e encravamento e envelhecimento dos cabos.","breadcrumb":{"@id":"https:\/\/chemitool.com\/pt-pt\/products\/chemicals\/lubrificacao-pt-pt\/gel-lubrificante-cabos-e-fios\/gel-lubrificante-para-cabos-e-fios\/#breadcrumb"},"inLanguage":"pt-PT","potentialAction":[{"@type":"ReadAction","target":["https:\/\/chemitool.com\/pt-pt\/products\/chemicals\/lubrificacao-pt-pt\/gel-lubrificante-cabos-e-fios\/gel-lubrificante-para-cabos-e-fios\/"]}]},{"@type":"BreadcrumbList","@id":"https:\/\/chemitool.com\/pt-pt\/products\/chemicals\/lubrificacao-pt-pt\/gel-lubrificante-cabos-e-fios\/gel-lubrificante-para-cabos-e-fios\/#breadcrumb","itemListElement":[{"@type":"ListItem","position":1,"name":"Home","item":"https:\/\/chemitool.com\/pt-pt\/"},{"@type":"ListItem","position":2,"name":"Produtos","item":"https:\/\/chemitool.com\/pt-pt\/produtos\/"},{"@type":"ListItem","position":3,"name":"Tools","item":"https:\/\/chemitool.com\/pt-pt\/categoria-produto\/tools\/"},{"@type":"ListItem","position":4,"name":"Escadas e Escadotes","item":"https:\/\/chemitool.com\/pt-pt\/categoria-produto\/tools\/escadas-e-escadotes\/"},{"@type":"ListItem","position":5,"name":"GEL LUBRIFICANTE PARA CABOS E FIOS"}]}]}},"_links":{"self":[{"href":"https:\/\/chemitool.com\/pt-pt\/wp-json\/wp\/v2\/product\/22587"}],"collection":[{"href":"https:\/\/chemitool.com\/pt-pt\/wp-json\/wp\/v2\/product"}],"about":[{"href":"https:\/\/chemitool.com\/pt-pt\/wp-json\/wp\/v2\/types\/product"}],"wp:featuredmedia":[{"embeddable":true,"href":"https:\/\/chemitool.com\/pt-pt\/wp-json\/wp\/v2\/media\/22874"}],"wp:attachment":[{"href":"https:\/\/chemitool.com\/pt-pt\/wp-json\/wp\/v2\/media?parent=22587"}],"wp:term":[{"taxonomy":"product_cat","embeddable":true,"href":"https:\/\/chemitool.com\/pt-pt\/wp-json\/wp\/v2\/product_cat?post=22587"},{"taxonomy":"product_tag","embeddable":true,"href":"https:\/\/chemitool.com\/pt-pt\/wp-json\/wp\/v2\/product_tag?post=22587"}],"curies":[{"name":"wp","href":"https:\/\/api.w.org\/{rel}","templated":true}]}}