{"id":21709,"date":"2022-05-04T14:19:08","date_gmt":"2022-05-04T14:19:23","guid":{"rendered":"https:\/\/chemitool.com\/?post_type=product&#038;p=21709"},"modified":"2022-06-22T08:21:52","modified_gmt":"2022-06-22T08:21:52","slug":"carro-de-mao-roda-pneumatica","status":"publish","type":"product","link":"https:\/\/chemitool.com\/pt-pt\/products\/tools\/ferramentas-construcao\/carros-de-mao\/carro-de-mao-roda-pneumatica\/","title":{"rendered":"CARRO DE M\u00c3O RODA PNEUM\u00c1TICA"},"content":{"rendered":"<ul>\n<li>Capacidade: 80 litros<\/li>\n<li>Cuba com frente quadrada<\/li>\n<li>Resguardo frontal da roda<\/li>\n<\/ul>\n","protected":false},"excerpt":{"rendered":"<p><b class=\"sap-label\">SAP:<\/b> <span class=\"codesap-label\"> CHT200304010001 <\/span><br \/>\n<em>Carro de M\u00e3o de Roda Pneum\u00e1tica CHEMITOOL<\/em>.<\/p>\n","protected":false},"featured_media":21712,"template":"","meta":[],"product_cat":[1455,3836,5014],"product_tag":[],"yoast_head":"<!-- This site is optimized with the Yoast SEO plugin v17.4 - https:\/\/yoast.com\/wordpress\/plugins\/seo\/ -->\n<title>CARRO DE M\u00c3O RODA PNEUM\u00c1TICA &ndash; Chemitool<\/title>\n<meta name=\"description\" content=\"SAP: CHT200304010001  Carro de M\u00e3o de Roda Pneum\u00e1tica CHEMITOOL.\" \/>\n<meta name=\"robots\" content=\"index, follow, max-snippet:-1, max-image-preview:large, max-video-preview:-1\" \/>\n<link rel=\"canonical\" href=\"https:\/\/chemitool.com\/pt-pt\/products\/tools\/ferramentas-construcao\/carro-de-mao-roda-pneumatica\/\" \/>\n<meta property=\"og:locale\" content=\"pt_PT\" \/>\n<meta property=\"og:type\" content=\"article\" \/>\n<meta property=\"og:title\" content=\"CARRO DE M\u00c3O RODA PNEUM\u00c1TICA &ndash; Chemitool\" \/>\n<meta property=\"og:description\" content=\"SAP: CHT200304010001  Carro de M\u00e3o de Roda Pneum\u00e1tica CHEMITOOL.\" \/>\n<meta property=\"og:url\" content=\"https:\/\/chemitool.com\/pt-pt\/products\/tools\/ferramentas-construcao\/carro-de-mao-roda-pneumatica\/\" \/>\n<meta property=\"og:site_name\" content=\"Chemitool\" \/>\n<meta property=\"article:publisher\" content=\"https:\/\/www.facebook.com\/chemitool\" \/>\n<meta property=\"article:modified_time\" content=\"2022-06-22T08:21:52+00:00\" \/>\n<meta property=\"og:image\" content=\"https:\/\/chemitool.com\/wp-content\/uploads\/2022\/05\/CHT200304010001.png\" \/>\n\t<meta property=\"og:image:width\" content=\"750\" \/>\n\t<meta property=\"og:image:height\" content=\"750\" \/>\n<meta name=\"twitter:card\" content=\"summary_large_image\" \/>\n<script type=\"application\/ld+json\" class=\"yoast-schema-graph\">{\"@context\":\"https:\/\/schema.org\",\"@graph\":[{\"@type\":\"Organization\",\"@id\":\"https:\/\/chemitool.com\/#organization\",\"name\":\"Chemitool\",\"url\":\"https:\/\/chemitool.com\/\",\"sameAs\":[\"https:\/\/www.facebook.com\/chemitool\",\"https:\/\/www.instagram.com\/chemitool\/\"],\"logo\":{\"@type\":\"ImageObject\",\"@id\":\"https:\/\/chemitool.com\/#logo\",\"inLanguage\":\"pt-PT\",\"url\":\"https:\/\/chemitool.com\/wp-content\/uploads\/2020\/10\/logo_chemitool.png\",\"contentUrl\":\"https:\/\/chemitool.com\/wp-content\/uploads\/2020\/10\/logo_chemitool.png\",\"width\":400,\"height\":400,\"caption\":\"Chemitool\"},\"image\":{\"@id\":\"https:\/\/chemitool.com\/#logo\"}},{\"@type\":\"WebSite\",\"@id\":\"https:\/\/chemitool.com\/#website\",\"url\":\"https:\/\/chemitool.com\/\",\"name\":\"Chemitool\",\"description\":\"Chemitool - hardware and tools\",\"publisher\":{\"@id\":\"https:\/\/chemitool.com\/#organization\"},\"potentialAction\":[{\"@type\":\"SearchAction\",\"target\":{\"@type\":\"EntryPoint\",\"urlTemplate\":\"https:\/\/chemitool.com\/?s={search_term_string}\"},\"query-input\":\"required name=search_term_string\"}],\"inLanguage\":\"pt-PT\"},{\"@type\":\"ImageObject\",\"@id\":\"https:\/\/chemitool.com\/pt-pt\/products\/tools\/ferramentas-construcao\/carro-de-mao-roda-pneumatica\/#primaryimage\",\"inLanguage\":\"pt-PT\",\"url\":\"https:\/\/chemitool.com\/wp-content\/uploads\/2022\/05\/CHT200304010001.png\",\"contentUrl\":\"https:\/\/chemitool.com\/wp-content\/uploads\/2022\/05\/CHT200304010001.png\",\"width\":750,\"height\":750},{\"@type\":\"WebPage\",\"@id\":\"https:\/\/chemitool.com\/pt-pt\/products\/tools\/ferramentas-construcao\/carro-de-mao-roda-pneumatica\/#webpage\",\"url\":\"https:\/\/chemitool.com\/pt-pt\/products\/tools\/ferramentas-construcao\/carro-de-mao-roda-pneumatica\/\",\"name\":\"CARRO DE M\\u00c3O RODA PNEUM\\u00c1TICA &ndash; Chemitool\",\"isPartOf\":{\"@id\":\"https:\/\/chemitool.com\/#website\"},\"primaryImageOfPage\":{\"@id\":\"https:\/\/chemitool.com\/pt-pt\/products\/tools\/ferramentas-construcao\/carro-de-mao-roda-pneumatica\/#primaryimage\"},\"datePublished\":\"2022-05-04T14:19:23+00:00\",\"dateModified\":\"2022-06-22T08:21:52+00:00\",\"description\":\"SAP: CHT200304010001 Carro de M\\u00e3o de Roda Pneum\\u00e1tica CHEMITOOL.\",\"breadcrumb\":{\"@id\":\"https:\/\/chemitool.com\/pt-pt\/products\/tools\/ferramentas-construcao\/carro-de-mao-roda-pneumatica\/#breadcrumb\"},\"inLanguage\":\"pt-PT\",\"potentialAction\":[{\"@type\":\"ReadAction\",\"target\":[\"https:\/\/chemitool.com\/pt-pt\/products\/tools\/ferramentas-construcao\/carro-de-mao-roda-pneumatica\/\"]}]},{\"@type\":\"BreadcrumbList\",\"@id\":\"https:\/\/chemitool.com\/pt-pt\/products\/tools\/ferramentas-construcao\/carro-de-mao-roda-pneumatica\/#breadcrumb\",\"itemListElement\":[{\"@type\":\"ListItem\",\"position\":1,\"name\":\"Home\",\"item\":\"https:\/\/chemitool.com\/pt-pt\/\"},{\"@type\":\"ListItem\",\"position\":2,\"name\":\"Produtos\",\"item\":\"https:\/\/chemitool.com\/pt-pt\/produtos\/\"},{\"@type\":\"ListItem\",\"position\":3,\"name\":\"Tools\",\"item\":\"https:\/\/chemitool.com\/pt-pt\/categoria-produto\/tools\/\"},{\"@type\":\"ListItem\",\"position\":4,\"name\":\"Escadas e Escadotes\",\"item\":\"https:\/\/chemitool.com\/pt-pt\/categoria-produto\/tools\/escadas-e-escadotes\/\"},{\"@type\":\"ListItem\",\"position\":5,\"name\":\"CARRO DE M\\u00c3O RODA PNEUM\\u00c1TICA\"}]}]}<\/script>\n<!-- \/ Yoast SEO plugin. -->","yoast_head_json":{"title":"CARRO DE M\u00c3O RODA PNEUM\u00c1TICA &ndash; Chemitool","description":"SAP: CHT200304010001  Carro de M\u00e3o de Roda Pneum\u00e1tica CHEMITOOL.","robots":{"index":"index","follow":"follow","max-snippet":"max-snippet:-1","max-image-preview":"max-image-preview:large","max-video-preview":"max-video-preview:-1"},"canonical":"https:\/\/chemitool.com\/pt-pt\/products\/tools\/ferramentas-construcao\/carro-de-mao-roda-pneumatica\/","og_locale":"pt_PT","og_type":"article","og_title":"CARRO DE M\u00c3O RODA PNEUM\u00c1TICA &ndash; Chemitool","og_description":"SAP: CHT200304010001  Carro de M\u00e3o de Roda Pneum\u00e1tica CHEMITOOL.","og_url":"https:\/\/chemitool.com\/pt-pt\/products\/tools\/ferramentas-construcao\/carro-de-mao-roda-pneumatica\/","og_site_name":"Chemitool","article_publisher":"https:\/\/www.facebook.com\/chemitool","article_modified_time":"2022-06-22T08:21:52+00:00","og_image":[{"width":750,"height":750,"url":"https:\/\/chemitool.com\/wp-content\/uploads\/2022\/05\/CHT200304010001.png","type":"image\/png"}],"twitter_card":"summary_large_image","schema":{"@context":"https:\/\/schema.org","@graph":[{"@type":"Organization","@id":"https:\/\/chemitool.com\/#organization","name":"Chemitool","url":"https:\/\/chemitool.com\/","sameAs":["https:\/\/www.facebook.com\/chemitool","https:\/\/www.instagram.com\/chemitool\/"],"logo":{"@type":"ImageObject","@id":"https:\/\/chemitool.com\/#logo","inLanguage":"pt-PT","url":"https:\/\/chemitool.com\/wp-content\/uploads\/2020\/10\/logo_chemitool.png","contentUrl":"https:\/\/chemitool.com\/wp-content\/uploads\/2020\/10\/logo_chemitool.png","width":400,"height":400,"caption":"Chemitool"},"image":{"@id":"https:\/\/chemitool.com\/#logo"}},{"@type":"WebSite","@id":"https:\/\/chemitool.com\/#website","url":"https:\/\/chemitool.com\/","name":"Chemitool","description":"Chemitool - hardware and tools","publisher":{"@id":"https:\/\/chemitool.com\/#organization"},"potentialAction":[{"@type":"SearchAction","target":{"@type":"EntryPoint","urlTemplate":"https:\/\/chemitool.com\/?s={search_term_string}"},"query-input":"required name=search_term_string"}],"inLanguage":"pt-PT"},{"@type":"ImageObject","@id":"https:\/\/chemitool.com\/pt-pt\/products\/tools\/ferramentas-construcao\/carro-de-mao-roda-pneumatica\/#primaryimage","inLanguage":"pt-PT","url":"https:\/\/chemitool.com\/wp-content\/uploads\/2022\/05\/CHT200304010001.png","contentUrl":"https:\/\/chemitool.com\/wp-content\/uploads\/2022\/05\/CHT200304010001.png","width":750,"height":750},{"@type":"WebPage","@id":"https:\/\/chemitool.com\/pt-pt\/products\/tools\/ferramentas-construcao\/carro-de-mao-roda-pneumatica\/#webpage","url":"https:\/\/chemitool.com\/pt-pt\/products\/tools\/ferramentas-construcao\/carro-de-mao-roda-pneumatica\/","name":"CARRO DE M\u00c3O RODA PNEUM\u00c1TICA &ndash; Chemitool","isPartOf":{"@id":"https:\/\/chemitool.com\/#website"},"primaryImageOfPage":{"@id":"https:\/\/chemitool.com\/pt-pt\/products\/tools\/ferramentas-construcao\/carro-de-mao-roda-pneumatica\/#primaryimage"},"datePublished":"2022-05-04T14:19:23+00:00","dateModified":"2022-06-22T08:21:52+00:00","description":"SAP: CHT200304010001 Carro de M\u00e3o de Roda Pneum\u00e1tica CHEMITOOL.","breadcrumb":{"@id":"https:\/\/chemitool.com\/pt-pt\/products\/tools\/ferramentas-construcao\/carro-de-mao-roda-pneumatica\/#breadcrumb"},"inLanguage":"pt-PT","potentialAction":[{"@type":"ReadAction","target":["https:\/\/chemitool.com\/pt-pt\/products\/tools\/ferramentas-construcao\/carro-de-mao-roda-pneumatica\/"]}]},{"@type":"BreadcrumbList","@id":"https:\/\/chemitool.com\/pt-pt\/products\/tools\/ferramentas-construcao\/carro-de-mao-roda-pneumatica\/#breadcrumb","itemListElement":[{"@type":"ListItem","position":1,"name":"Home","item":"https:\/\/chemitool.com\/pt-pt\/"},{"@type":"ListItem","position":2,"name":"Produtos","item":"https:\/\/chemitool.com\/pt-pt\/produtos\/"},{"@type":"ListItem","position":3,"name":"Tools","item":"https:\/\/chemitool.com\/pt-pt\/categoria-produto\/tools\/"},{"@type":"ListItem","position":4,"name":"Escadas e Escadotes","item":"https:\/\/chemitool.com\/pt-pt\/categoria-produto\/tools\/escadas-e-escadotes\/"},{"@type":"ListItem","position":5,"name":"CARRO DE M\u00c3O RODA PNEUM\u00c1TICA"}]}]}},"_links":{"self":[{"href":"https:\/\/chemitool.com\/pt-pt\/wp-json\/wp\/v2\/product\/21709"}],"collection":[{"href":"https:\/\/chemitool.com\/pt-pt\/wp-json\/wp\/v2\/product"}],"about":[{"href":"https:\/\/chemitool.com\/pt-pt\/wp-json\/wp\/v2\/types\/product"}],"wp:featuredmedia":[{"embeddable":true,"href":"https:\/\/chemitool.com\/pt-pt\/wp-json\/wp\/v2\/media\/21712"}],"wp:attachment":[{"href":"https:\/\/chemitool.com\/pt-pt\/wp-json\/wp\/v2\/media?parent=21709"}],"wp:term":[{"taxonomy":"product_cat","embeddable":true,"href":"https:\/\/chemitool.com\/pt-pt\/wp-json\/wp\/v2\/product_cat?post=21709"},{"taxonomy":"product_tag","embeddable":true,"href":"https:\/\/chemitool.com\/pt-pt\/wp-json\/wp\/v2\/product_tag?post=21709"}],"curies":[{"name":"wp","href":"https:\/\/api.w.org\/{rel}","templated":true}]}}