{"id":21689,"date":"2022-05-04T09:42:23","date_gmt":"2022-05-04T09:42:38","guid":{"rendered":"https:\/\/chemitool.com\/?post_type=product&#038;p=21689"},"modified":"2022-06-27T10:53:48","modified_gmt":"2022-06-27T10:53:48","slug":"tampao-auditivo-descartavel-com-cordao-snr-33db","status":"publish","type":"product","link":"https:\/\/chemitool.com\/pt-pt\/products\/safety\/protecao-auricular\/tampao-auditivo-descartavel-com-cordao-snr-33db\/","title":{"rendered":"TAMP\u00c3O AUDITIVO DESCART\u00c1VEL COM CORD\u00c3O SNR 33dB"},"content":{"rendered":"<ul>\n<li>Tamp\u00e3o auditivo descart\u00e1vel<\/li>\n<li>Em espuma de polietileno com formato c\u00f3nico<\/li>\n<li>Com fio<\/li>\n<li><strong>EN352<\/strong><\/li>\n<\/ul>\n<p><strong><img class=\"alignnone wp-image-18666\" src=\"https:\/\/chemitool.com\/wp-content\/uploads\/2022\/01\/CE_CAT2.png\" alt=\"\" width=\"80\" height=\"90\" \/><\/strong><\/p>\n","protected":false},"excerpt":{"rendered":"<p><em>Tamp\u00e3o Auditivo Descart\u00e1vel com Cord\u00e3o SNR 33dB CHEMITOOL.<\/em><\/p>\n","protected":false},"featured_media":21692,"template":"","meta":[],"product_cat":[1453,3811],"product_tag":[3816],"yoast_head":"<!-- This site is optimized with the Yoast SEO plugin v17.4 - https:\/\/yoast.com\/wordpress\/plugins\/seo\/ -->\n<title>TAMP\u00c3O AUDITIVO DESCART\u00c1VEL COM CORD\u00c3O SNR 33dB &ndash; Chemitool<\/title>\n<meta name=\"description\" content=\"Tamp\u00e3o Auditivo Descart\u00e1vel com Cord\u00e3o SNR 33dB CHEMITOOL.\" \/>\n<meta name=\"robots\" content=\"index, follow, max-snippet:-1, max-image-preview:large, max-video-preview:-1\" \/>\n<link rel=\"canonical\" href=\"https:\/\/chemitool.com\/pt-pt\/products\/safety\/protecao-auricular\/tampao-auditivo-descartavel-com-cordao-snr-33db\/\" \/>\n<meta property=\"og:locale\" content=\"pt_PT\" \/>\n<meta property=\"og:type\" content=\"article\" \/>\n<meta property=\"og:title\" content=\"TAMP\u00c3O AUDITIVO DESCART\u00c1VEL COM CORD\u00c3O SNR 33dB &ndash; Chemitool\" \/>\n<meta property=\"og:description\" content=\"Tamp\u00e3o Auditivo Descart\u00e1vel com Cord\u00e3o SNR 33dB CHEMITOOL.\" \/>\n<meta property=\"og:url\" content=\"https:\/\/chemitool.com\/pt-pt\/products\/safety\/protecao-auricular\/tampao-auditivo-descartavel-com-cordao-snr-33db\/\" \/>\n<meta property=\"og:site_name\" content=\"Chemitool\" \/>\n<meta property=\"article:publisher\" content=\"https:\/\/www.facebook.com\/chemitool\" \/>\n<meta property=\"article:modified_time\" content=\"2022-06-27T10:53:48+00:00\" \/>\n<meta property=\"og:image\" content=\"https:\/\/chemitool.com\/wp-content\/uploads\/2022\/05\/MP0402002B.png\" \/>\n\t<meta property=\"og:image:width\" content=\"640\" \/>\n\t<meta property=\"og:image:height\" content=\"640\" \/>\n<meta name=\"twitter:card\" content=\"summary_large_image\" \/>\n<script type=\"application\/ld+json\" class=\"yoast-schema-graph\">{\"@context\":\"https:\/\/schema.org\",\"@graph\":[{\"@type\":\"Organization\",\"@id\":\"https:\/\/chemitool.com\/#organization\",\"name\":\"Chemitool\",\"url\":\"https:\/\/chemitool.com\/\",\"sameAs\":[\"https:\/\/www.facebook.com\/chemitool\",\"https:\/\/www.instagram.com\/chemitool\/\"],\"logo\":{\"@type\":\"ImageObject\",\"@id\":\"https:\/\/chemitool.com\/#logo\",\"inLanguage\":\"pt-PT\",\"url\":\"https:\/\/chemitool.com\/wp-content\/uploads\/2020\/10\/logo_chemitool.png\",\"contentUrl\":\"https:\/\/chemitool.com\/wp-content\/uploads\/2020\/10\/logo_chemitool.png\",\"width\":400,\"height\":400,\"caption\":\"Chemitool\"},\"image\":{\"@id\":\"https:\/\/chemitool.com\/#logo\"}},{\"@type\":\"WebSite\",\"@id\":\"https:\/\/chemitool.com\/#website\",\"url\":\"https:\/\/chemitool.com\/\",\"name\":\"Chemitool\",\"description\":\"Chemitool - hardware and tools\",\"publisher\":{\"@id\":\"https:\/\/chemitool.com\/#organization\"},\"potentialAction\":[{\"@type\":\"SearchAction\",\"target\":{\"@type\":\"EntryPoint\",\"urlTemplate\":\"https:\/\/chemitool.com\/?s={search_term_string}\"},\"query-input\":\"required name=search_term_string\"}],\"inLanguage\":\"pt-PT\"},{\"@type\":\"ImageObject\",\"@id\":\"https:\/\/chemitool.com\/pt-pt\/products\/safety\/protecao-auricular\/tampao-auditivo-descartavel-com-cordao-snr-33db\/#primaryimage\",\"inLanguage\":\"pt-PT\",\"url\":\"https:\/\/chemitool.com\/wp-content\/uploads\/2022\/05\/MP0402002B.png\",\"contentUrl\":\"https:\/\/chemitool.com\/wp-content\/uploads\/2022\/05\/MP0402002B.png\",\"width\":640,\"height\":640},{\"@type\":\"WebPage\",\"@id\":\"https:\/\/chemitool.com\/pt-pt\/products\/safety\/protecao-auricular\/tampao-auditivo-descartavel-com-cordao-snr-33db\/#webpage\",\"url\":\"https:\/\/chemitool.com\/pt-pt\/products\/safety\/protecao-auricular\/tampao-auditivo-descartavel-com-cordao-snr-33db\/\",\"name\":\"TAMP\\u00c3O AUDITIVO DESCART\\u00c1VEL COM CORD\\u00c3O SNR 33dB &ndash; Chemitool\",\"isPartOf\":{\"@id\":\"https:\/\/chemitool.com\/#website\"},\"primaryImageOfPage\":{\"@id\":\"https:\/\/chemitool.com\/pt-pt\/products\/safety\/protecao-auricular\/tampao-auditivo-descartavel-com-cordao-snr-33db\/#primaryimage\"},\"datePublished\":\"2022-05-04T09:42:38+00:00\",\"dateModified\":\"2022-06-27T10:53:48+00:00\",\"description\":\"Tamp\\u00e3o Auditivo Descart\\u00e1vel com Cord\\u00e3o SNR 33dB CHEMITOOL.\",\"breadcrumb\":{\"@id\":\"https:\/\/chemitool.com\/pt-pt\/products\/safety\/protecao-auricular\/tampao-auditivo-descartavel-com-cordao-snr-33db\/#breadcrumb\"},\"inLanguage\":\"pt-PT\",\"potentialAction\":[{\"@type\":\"ReadAction\",\"target\":[\"https:\/\/chemitool.com\/pt-pt\/products\/safety\/protecao-auricular\/tampao-auditivo-descartavel-com-cordao-snr-33db\/\"]}]},{\"@type\":\"BreadcrumbList\",\"@id\":\"https:\/\/chemitool.com\/pt-pt\/products\/safety\/protecao-auricular\/tampao-auditivo-descartavel-com-cordao-snr-33db\/#breadcrumb\",\"itemListElement\":[{\"@type\":\"ListItem\",\"position\":1,\"name\":\"Home\",\"item\":\"https:\/\/chemitool.com\/pt-pt\/\"},{\"@type\":\"ListItem\",\"position\":2,\"name\":\"Produtos\",\"item\":\"https:\/\/chemitool.com\/pt-pt\/produtos\/\"},{\"@type\":\"ListItem\",\"position\":3,\"name\":\"Safety\",\"item\":\"https:\/\/chemitool.com\/pt-pt\/categoria-produto\/safety\/\"},{\"@type\":\"ListItem\",\"position\":4,\"name\":\"PROTE\\u00c7\\u00c3O AURICULAR\",\"item\":\"https:\/\/chemitool.com\/pt-pt\/categoria-produto\/safety\/protecao-auricular\/\"},{\"@type\":\"ListItem\",\"position\":5,\"name\":\"TAMP\\u00c3O AUDITIVO DESCART\\u00c1VEL COM CORD\\u00c3O SNR 33dB\"}]}]}<\/script>\n<!-- \/ Yoast SEO plugin. -->","yoast_head_json":{"title":"TAMP\u00c3O AUDITIVO DESCART\u00c1VEL COM CORD\u00c3O SNR 33dB &ndash; Chemitool","description":"Tamp\u00e3o Auditivo Descart\u00e1vel com Cord\u00e3o SNR 33dB CHEMITOOL.","robots":{"index":"index","follow":"follow","max-snippet":"max-snippet:-1","max-image-preview":"max-image-preview:large","max-video-preview":"max-video-preview:-1"},"canonical":"https:\/\/chemitool.com\/pt-pt\/products\/safety\/protecao-auricular\/tampao-auditivo-descartavel-com-cordao-snr-33db\/","og_locale":"pt_PT","og_type":"article","og_title":"TAMP\u00c3O AUDITIVO DESCART\u00c1VEL COM CORD\u00c3O SNR 33dB &ndash; Chemitool","og_description":"Tamp\u00e3o Auditivo Descart\u00e1vel com Cord\u00e3o SNR 33dB CHEMITOOL.","og_url":"https:\/\/chemitool.com\/pt-pt\/products\/safety\/protecao-auricular\/tampao-auditivo-descartavel-com-cordao-snr-33db\/","og_site_name":"Chemitool","article_publisher":"https:\/\/www.facebook.com\/chemitool","article_modified_time":"2022-06-27T10:53:48+00:00","og_image":[{"width":640,"height":640,"url":"https:\/\/chemitool.com\/wp-content\/uploads\/2022\/05\/MP0402002B.png","type":"image\/png"}],"twitter_card":"summary_large_image","schema":{"@context":"https:\/\/schema.org","@graph":[{"@type":"Organization","@id":"https:\/\/chemitool.com\/#organization","name":"Chemitool","url":"https:\/\/chemitool.com\/","sameAs":["https:\/\/www.facebook.com\/chemitool","https:\/\/www.instagram.com\/chemitool\/"],"logo":{"@type":"ImageObject","@id":"https:\/\/chemitool.com\/#logo","inLanguage":"pt-PT","url":"https:\/\/chemitool.com\/wp-content\/uploads\/2020\/10\/logo_chemitool.png","contentUrl":"https:\/\/chemitool.com\/wp-content\/uploads\/2020\/10\/logo_chemitool.png","width":400,"height":400,"caption":"Chemitool"},"image":{"@id":"https:\/\/chemitool.com\/#logo"}},{"@type":"WebSite","@id":"https:\/\/chemitool.com\/#website","url":"https:\/\/chemitool.com\/","name":"Chemitool","description":"Chemitool - hardware and tools","publisher":{"@id":"https:\/\/chemitool.com\/#organization"},"potentialAction":[{"@type":"SearchAction","target":{"@type":"EntryPoint","urlTemplate":"https:\/\/chemitool.com\/?s={search_term_string}"},"query-input":"required name=search_term_string"}],"inLanguage":"pt-PT"},{"@type":"ImageObject","@id":"https:\/\/chemitool.com\/pt-pt\/products\/safety\/protecao-auricular\/tampao-auditivo-descartavel-com-cordao-snr-33db\/#primaryimage","inLanguage":"pt-PT","url":"https:\/\/chemitool.com\/wp-content\/uploads\/2022\/05\/MP0402002B.png","contentUrl":"https:\/\/chemitool.com\/wp-content\/uploads\/2022\/05\/MP0402002B.png","width":640,"height":640},{"@type":"WebPage","@id":"https:\/\/chemitool.com\/pt-pt\/products\/safety\/protecao-auricular\/tampao-auditivo-descartavel-com-cordao-snr-33db\/#webpage","url":"https:\/\/chemitool.com\/pt-pt\/products\/safety\/protecao-auricular\/tampao-auditivo-descartavel-com-cordao-snr-33db\/","name":"TAMP\u00c3O AUDITIVO DESCART\u00c1VEL COM CORD\u00c3O SNR 33dB &ndash; Chemitool","isPartOf":{"@id":"https:\/\/chemitool.com\/#website"},"primaryImageOfPage":{"@id":"https:\/\/chemitool.com\/pt-pt\/products\/safety\/protecao-auricular\/tampao-auditivo-descartavel-com-cordao-snr-33db\/#primaryimage"},"datePublished":"2022-05-04T09:42:38+00:00","dateModified":"2022-06-27T10:53:48+00:00","description":"Tamp\u00e3o Auditivo Descart\u00e1vel com Cord\u00e3o SNR 33dB CHEMITOOL.","breadcrumb":{"@id":"https:\/\/chemitool.com\/pt-pt\/products\/safety\/protecao-auricular\/tampao-auditivo-descartavel-com-cordao-snr-33db\/#breadcrumb"},"inLanguage":"pt-PT","potentialAction":[{"@type":"ReadAction","target":["https:\/\/chemitool.com\/pt-pt\/products\/safety\/protecao-auricular\/tampao-auditivo-descartavel-com-cordao-snr-33db\/"]}]},{"@type":"BreadcrumbList","@id":"https:\/\/chemitool.com\/pt-pt\/products\/safety\/protecao-auricular\/tampao-auditivo-descartavel-com-cordao-snr-33db\/#breadcrumb","itemListElement":[{"@type":"ListItem","position":1,"name":"Home","item":"https:\/\/chemitool.com\/pt-pt\/"},{"@type":"ListItem","position":2,"name":"Produtos","item":"https:\/\/chemitool.com\/pt-pt\/produtos\/"},{"@type":"ListItem","position":3,"name":"Safety","item":"https:\/\/chemitool.com\/pt-pt\/categoria-produto\/safety\/"},{"@type":"ListItem","position":4,"name":"PROTE\u00c7\u00c3O AURICULAR","item":"https:\/\/chemitool.com\/pt-pt\/categoria-produto\/safety\/protecao-auricular\/"},{"@type":"ListItem","position":5,"name":"TAMP\u00c3O AUDITIVO DESCART\u00c1VEL COM CORD\u00c3O SNR 33dB"}]}]}},"_links":{"self":[{"href":"https:\/\/chemitool.com\/pt-pt\/wp-json\/wp\/v2\/product\/21689"}],"collection":[{"href":"https:\/\/chemitool.com\/pt-pt\/wp-json\/wp\/v2\/product"}],"about":[{"href":"https:\/\/chemitool.com\/pt-pt\/wp-json\/wp\/v2\/types\/product"}],"wp:featuredmedia":[{"embeddable":true,"href":"https:\/\/chemitool.com\/pt-pt\/wp-json\/wp\/v2\/media\/21692"}],"wp:attachment":[{"href":"https:\/\/chemitool.com\/pt-pt\/wp-json\/wp\/v2\/media?parent=21689"}],"wp:term":[{"taxonomy":"product_cat","embeddable":true,"href":"https:\/\/chemitool.com\/pt-pt\/wp-json\/wp\/v2\/product_cat?post=21689"},{"taxonomy":"product_tag","embeddable":true,"href":"https:\/\/chemitool.com\/pt-pt\/wp-json\/wp\/v2\/product_tag?post=21689"}],"curies":[{"name":"wp","href":"https:\/\/api.w.org\/{rel}","templated":true}]}}