{"id":21380,"date":"2022-04-28T09:30:07","date_gmt":"2022-04-28T09:30:08","guid":{"rendered":"https:\/\/chemitool.com\/?post_type=product&#038;p=21380"},"modified":"2025-07-15T11:32:25","modified_gmt":"2025-07-15T11:32:25","slug":"disco-rebarbar-metal-blacklabel","status":"publish","type":"product","link":"https:\/\/chemitool.com\/pt-pt\/products\/cutting\/abrasivos-rigidos\/discos-de-rebarbar\/disco-rebarbar-metal-blacklabel\/","title":{"rendered":"DISCO REBARBAR METAL \u2013 BLACKLABEL"},"content":{"rendered":"<p><strong>VANTAGENS<\/strong><\/p>\n<ul>\n<li>Certifica\u00e7\u00e3o oSa<\/li>\n<li>Elevada remo\u00e7\u00e3o material<\/li>\n<li>Longa vida \u00fatil da ferramenta<\/li>\n<li>Grande estabilidade e seguran\u00e7a de trabalho<\/li>\n<\/ul>\n<p>O Disco de Rebarbar Metal <strong>CHEMITOOL BLACKLABEL<\/strong> cont\u00e9m um gr\u00e3o abrasivo de<br \/>\n\u00d3xido de Alum\u00ednio A de excelente qualidade e sua matriz de colagem \u00e9 particularmente adequada \u00e0s aplica\u00e7\u00f5es em metal. Indicado para polir superf\u00edcies, desbastar soldaduras, chanfros e rebarbar cord\u00f5es de soldadura. Garante m\u00e1xima estabilidade e seguran\u00e7a de trabalho, gra\u00e7as \u00e0 rede de fibra de vidro fabricada com precis\u00e3o.<\/p>\n<p><img class=\"alignnone wp-image-21335\" src=\"https:\/\/chemitool.com\/wp-content\/uploads\/2022\/04\/Artboard-2-1-300x300.png\" alt=\"\" width=\"60\" height=\"60\" srcset=\"https:\/\/chemitool.com\/wp-content\/uploads\/2022\/04\/Artboard-2-1-300x300.png 300w, https:\/\/chemitool.com\/wp-content\/uploads\/2022\/04\/Artboard-2-1-150x150.png 150w, https:\/\/chemitool.com\/wp-content\/uploads\/2022\/04\/Artboard-2-1-768x767.png 768w, https:\/\/chemitool.com\/wp-content\/uploads\/2022\/04\/Artboard-2-1-650x650.png 650w, https:\/\/chemitool.com\/wp-content\/uploads\/2022\/04\/Artboard-2-1-600x599.png 600w, https:\/\/chemitool.com\/wp-content\/uploads\/2022\/04\/Artboard-2-1-100x100.png 100w, https:\/\/chemitool.com\/wp-content\/uploads\/2022\/04\/Artboard-2-1.png 801w\" sizes=\"(max-width: 60px) 100vw, 60px\" \/>\u00a0<img class=\"alignnone wp-image-21338\" src=\"https:\/\/chemitool.com\/wp-content\/uploads\/2022\/04\/Artboard-3-1-300x300.png\" alt=\"\" width=\"60\" height=\"60\" srcset=\"https:\/\/chemitool.com\/wp-content\/uploads\/2022\/04\/Artboard-3-1-300x300.png 300w, https:\/\/chemitool.com\/wp-content\/uploads\/2022\/04\/Artboard-3-1-150x150.png 150w, https:\/\/chemitool.com\/wp-content\/uploads\/2022\/04\/Artboard-3-1-768x767.png 768w, https:\/\/chemitool.com\/wp-content\/uploads\/2022\/04\/Artboard-3-1-650x650.png 650w, https:\/\/chemitool.com\/wp-content\/uploads\/2022\/04\/Artboard-3-1-600x599.png 600w, https:\/\/chemitool.com\/wp-content\/uploads\/2022\/04\/Artboard-3-1-100x100.png 100w, https:\/\/chemitool.com\/wp-content\/uploads\/2022\/04\/Artboard-3-1.png 801w\" sizes=\"(max-width: 60px) 100vw, 60px\" \/>\u00a0<img class=\"alignnone wp-image-21341\" src=\"https:\/\/chemitool.com\/wp-content\/uploads\/2022\/04\/Artboard-4-1-300x300.png\" alt=\"\" width=\"60\" height=\"60\" srcset=\"https:\/\/chemitool.com\/wp-content\/uploads\/2022\/04\/Artboard-4-1-300x300.png 300w, https:\/\/chemitool.com\/wp-content\/uploads\/2022\/04\/Artboard-4-1-150x150.png 150w, https:\/\/chemitool.com\/wp-content\/uploads\/2022\/04\/Artboard-4-1-768x767.png 768w, https:\/\/chemitool.com\/wp-content\/uploads\/2022\/04\/Artboard-4-1-650x650.png 650w, https:\/\/chemitool.com\/wp-content\/uploads\/2022\/04\/Artboard-4-1-600x599.png 600w, https:\/\/chemitool.com\/wp-content\/uploads\/2022\/04\/Artboard-4-1-100x100.png 100w, https:\/\/chemitool.com\/wp-content\/uploads\/2022\/04\/Artboard-4-1.png 801w\" sizes=\"(max-width: 60px) 100vw, 60px\" \/>\u00a0<img class=\"alignnone wp-image-21344\" src=\"https:\/\/chemitool.com\/wp-content\/uploads\/2022\/04\/Artboard-5-1-300x300.png\" alt=\"\" width=\"60\" height=\"60\" srcset=\"https:\/\/chemitool.com\/wp-content\/uploads\/2022\/04\/Artboard-5-1-300x300.png 300w, https:\/\/chemitool.com\/wp-content\/uploads\/2022\/04\/Artboard-5-1-150x150.png 150w, https:\/\/chemitool.com\/wp-content\/uploads\/2022\/04\/Artboard-5-1-768x767.png 768w, https:\/\/chemitool.com\/wp-content\/uploads\/2022\/04\/Artboard-5-1-650x650.png 650w, https:\/\/chemitool.com\/wp-content\/uploads\/2022\/04\/Artboard-5-1-600x599.png 600w, https:\/\/chemitool.com\/wp-content\/uploads\/2022\/04\/Artboard-5-1-100x100.png 100w, https:\/\/chemitool.com\/wp-content\/uploads\/2022\/04\/Artboard-5-1.png 801w\" sizes=\"(max-width: 60px) 100vw, 60px\" \/>\u00a0<img class=\"alignnone wp-image-21347\" src=\"https:\/\/chemitool.com\/wp-content\/uploads\/2022\/04\/Artboard-6-1-300x300.png\" alt=\"\" width=\"60\" height=\"60\" srcset=\"https:\/\/chemitool.com\/wp-content\/uploads\/2022\/04\/Artboard-6-1-300x300.png 300w, https:\/\/chemitool.com\/wp-content\/uploads\/2022\/04\/Artboard-6-1-150x150.png 150w, https:\/\/chemitool.com\/wp-content\/uploads\/2022\/04\/Artboard-6-1-768x767.png 768w, https:\/\/chemitool.com\/wp-content\/uploads\/2022\/04\/Artboard-6-1-650x650.png 650w, https:\/\/chemitool.com\/wp-content\/uploads\/2022\/04\/Artboard-6-1-600x599.png 600w, https:\/\/chemitool.com\/wp-content\/uploads\/2022\/04\/Artboard-6-1-100x100.png 100w, https:\/\/chemitool.com\/wp-content\/uploads\/2022\/04\/Artboard-6-1.png 801w\" sizes=\"(max-width: 60px) 100vw, 60px\" \/>\u00a0<img class=\"alignnone wp-image-21350\" src=\"https:\/\/chemitool.com\/wp-content\/uploads\/2022\/04\/Artboard-8-1-300x300.png\" alt=\"\" width=\"60\" height=\"60\" srcset=\"https:\/\/chemitool.com\/wp-content\/uploads\/2022\/04\/Artboard-8-1-300x300.png 300w, https:\/\/chemitool.com\/wp-content\/uploads\/2022\/04\/Artboard-8-1-150x150.png 150w, https:\/\/chemitool.com\/wp-content\/uploads\/2022\/04\/Artboard-8-1-768x767.png 768w, https:\/\/chemitool.com\/wp-content\/uploads\/2022\/04\/Artboard-8-1-650x650.png 650w, https:\/\/chemitool.com\/wp-content\/uploads\/2022\/04\/Artboard-8-1-600x599.png 600w, https:\/\/chemitool.com\/wp-content\/uploads\/2022\/04\/Artboard-8-1-100x100.png 100w, https:\/\/chemitool.com\/wp-content\/uploads\/2022\/04\/Artboard-8-1.png 801w\" sizes=\"(max-width: 60px) 100vw, 60px\" \/>\u00a0<img class=\"alignnone wp-image-21353\" src=\"https:\/\/chemitool.com\/wp-content\/uploads\/2022\/04\/Artboard-9-300x300.png\" alt=\"\" width=\"60\" height=\"60\" srcset=\"https:\/\/chemitool.com\/wp-content\/uploads\/2022\/04\/Artboard-9-300x300.png 300w, https:\/\/chemitool.com\/wp-content\/uploads\/2022\/04\/Artboard-9-150x150.png 150w, https:\/\/chemitool.com\/wp-content\/uploads\/2022\/04\/Artboard-9-768x767.png 768w, https:\/\/chemitool.com\/wp-content\/uploads\/2022\/04\/Artboard-9-650x650.png 650w, https:\/\/chemitool.com\/wp-content\/uploads\/2022\/04\/Artboard-9-600x599.png 600w, https:\/\/chemitool.com\/wp-content\/uploads\/2022\/04\/Artboard-9-100x100.png 100w, https:\/\/chemitool.com\/wp-content\/uploads\/2022\/04\/Artboard-9.png 801w\" sizes=\"(max-width: 60px) 100vw, 60px\" \/><\/p>\n<p>Os abrasivos r\u00edgidos\u00a0<strong>CHEMITOOL BLACKLABEL<\/strong>\u00a0cumprem as normas Europeias (EN12413) juntamente com a certifica\u00e7\u00e3o oSa.<\/p>\n","protected":false},"excerpt":{"rendered":"<p>O <em>Disco de Rebarbar Metal CHEMITOOL BLACKLABEL<\/em> oferece uma durabilidade excecional, bem como um excelente desempenho no processo de remo\u00e7\u00e3o de material. Indicado para trabalhos profissionais de rebarbar metal.<\/p>\n","protected":false},"featured_media":21482,"template":"","meta":[],"product_cat":[1422,1424,1449],"product_tag":[1425],"yoast_head":"<!-- This site is optimized with the Yoast SEO plugin v17.4 - https:\/\/yoast.com\/wordpress\/plugins\/seo\/ -->\n<title>DISCO REBARBAR METAL \u2013 BLACKLABEL &ndash; Chemitool<\/title>\n<meta name=\"description\" content=\"O Disco de Rebarbar Metal CHEMITOOL BLACKLABEL oferece uma durabilidade excecional, bem como um excelente desempenho no processo de remo\u00e7\u00e3o de material. Indicado para trabalhos profissionais de rebarbar metal.\" \/>\n<meta name=\"robots\" content=\"index, follow, max-snippet:-1, max-image-preview:large, max-video-preview:-1\" \/>\n<link rel=\"canonical\" href=\"https:\/\/chemitool.com\/pt-pt\/products\/cutting\/abrasivos-rigidos\/discos-de-rebarbar\/disco-rebarbar-metal-blacklabel\/\" \/>\n<meta property=\"og:locale\" content=\"pt_PT\" \/>\n<meta property=\"og:type\" content=\"article\" \/>\n<meta property=\"og:title\" content=\"DISCO REBARBAR METAL \u2013 BLACKLABEL &ndash; Chemitool\" \/>\n<meta property=\"og:description\" content=\"O Disco de Rebarbar Metal CHEMITOOL BLACKLABEL oferece uma durabilidade excecional, bem como um excelente desempenho no processo de remo\u00e7\u00e3o de material. Indicado para trabalhos profissionais de rebarbar metal.\" \/>\n<meta property=\"og:url\" content=\"https:\/\/chemitool.com\/pt-pt\/products\/cutting\/abrasivos-rigidos\/discos-de-rebarbar\/disco-rebarbar-metal-blacklabel\/\" \/>\n<meta property=\"og:site_name\" content=\"Chemitool\" \/>\n<meta property=\"article:publisher\" content=\"https:\/\/www.facebook.com\/chemitool\" \/>\n<meta property=\"article:modified_time\" content=\"2025-07-15T11:32:25+00:00\" \/>\n<meta property=\"og:image\" content=\"https:\/\/chemitool.com\/wp-content\/uploads\/2022\/04\/CHA0106125600OSA_5604630115421.png\" \/>\n\t<meta property=\"og:image:width\" content=\"800\" \/>\n\t<meta property=\"og:image:height\" content=\"800\" \/>\n<meta name=\"twitter:card\" content=\"summary_large_image\" \/>\n<meta name=\"twitter:label1\" content=\"Tempo estimado de leitura\" \/>\n\t<meta name=\"twitter:data1\" content=\"1 minuto\" \/>\n<script type=\"application\/ld+json\" class=\"yoast-schema-graph\">{\"@context\":\"https:\/\/schema.org\",\"@graph\":[{\"@type\":\"Organization\",\"@id\":\"https:\/\/chemitool.com\/#organization\",\"name\":\"Chemitool\",\"url\":\"https:\/\/chemitool.com\/\",\"sameAs\":[\"https:\/\/www.facebook.com\/chemitool\",\"https:\/\/www.instagram.com\/chemitool\/\"],\"logo\":{\"@type\":\"ImageObject\",\"@id\":\"https:\/\/chemitool.com\/#logo\",\"inLanguage\":\"pt-PT\",\"url\":\"https:\/\/chemitool.com\/wp-content\/uploads\/2020\/10\/logo_chemitool.png\",\"contentUrl\":\"https:\/\/chemitool.com\/wp-content\/uploads\/2020\/10\/logo_chemitool.png\",\"width\":400,\"height\":400,\"caption\":\"Chemitool\"},\"image\":{\"@id\":\"https:\/\/chemitool.com\/#logo\"}},{\"@type\":\"WebSite\",\"@id\":\"https:\/\/chemitool.com\/#website\",\"url\":\"https:\/\/chemitool.com\/\",\"name\":\"Chemitool\",\"description\":\"Chemitool - hardware and tools\",\"publisher\":{\"@id\":\"https:\/\/chemitool.com\/#organization\"},\"potentialAction\":[{\"@type\":\"SearchAction\",\"target\":{\"@type\":\"EntryPoint\",\"urlTemplate\":\"https:\/\/chemitool.com\/?s={search_term_string}\"},\"query-input\":\"required name=search_term_string\"}],\"inLanguage\":\"pt-PT\"},{\"@type\":\"ImageObject\",\"@id\":\"https:\/\/chemitool.com\/pt-pt\/products\/cutting\/abrasivos-rigidos\/discos-de-rebarbar\/disco-rebarbar-metal-blacklabel\/#primaryimage\",\"inLanguage\":\"pt-PT\",\"url\":\"https:\/\/chemitool.com\/wp-content\/uploads\/2022\/04\/CHA0106125600OSA_5604630115421.png\",\"contentUrl\":\"https:\/\/chemitool.com\/wp-content\/uploads\/2022\/04\/CHA0106125600OSA_5604630115421.png\",\"width\":800,\"height\":800},{\"@type\":\"WebPage\",\"@id\":\"https:\/\/chemitool.com\/pt-pt\/products\/cutting\/abrasivos-rigidos\/discos-de-rebarbar\/disco-rebarbar-metal-blacklabel\/#webpage\",\"url\":\"https:\/\/chemitool.com\/pt-pt\/products\/cutting\/abrasivos-rigidos\/discos-de-rebarbar\/disco-rebarbar-metal-blacklabel\/\",\"name\":\"DISCO REBARBAR METAL \\u2013 BLACKLABEL &ndash; Chemitool\",\"isPartOf\":{\"@id\":\"https:\/\/chemitool.com\/#website\"},\"primaryImageOfPage\":{\"@id\":\"https:\/\/chemitool.com\/pt-pt\/products\/cutting\/abrasivos-rigidos\/discos-de-rebarbar\/disco-rebarbar-metal-blacklabel\/#primaryimage\"},\"datePublished\":\"2022-04-28T09:30:08+00:00\",\"dateModified\":\"2025-07-15T11:32:25+00:00\",\"description\":\"O Disco de Rebarbar Metal CHEMITOOL BLACKLABEL oferece uma durabilidade excecional, bem como um excelente desempenho no processo de remo\\u00e7\\u00e3o de material. Indicado para trabalhos profissionais de rebarbar metal.\",\"breadcrumb\":{\"@id\":\"https:\/\/chemitool.com\/pt-pt\/products\/cutting\/abrasivos-rigidos\/discos-de-rebarbar\/disco-rebarbar-metal-blacklabel\/#breadcrumb\"},\"inLanguage\":\"pt-PT\",\"potentialAction\":[{\"@type\":\"ReadAction\",\"target\":[\"https:\/\/chemitool.com\/pt-pt\/products\/cutting\/abrasivos-rigidos\/discos-de-rebarbar\/disco-rebarbar-metal-blacklabel\/\"]}]},{\"@type\":\"BreadcrumbList\",\"@id\":\"https:\/\/chemitool.com\/pt-pt\/products\/cutting\/abrasivos-rigidos\/discos-de-rebarbar\/disco-rebarbar-metal-blacklabel\/#breadcrumb\",\"itemListElement\":[{\"@type\":\"ListItem\",\"position\":1,\"name\":\"Home\",\"item\":\"https:\/\/chemitool.com\/pt-pt\/\"},{\"@type\":\"ListItem\",\"position\":2,\"name\":\"Produtos\",\"item\":\"https:\/\/chemitool.com\/pt-pt\/produtos\/\"},{\"@type\":\"ListItem\",\"position\":3,\"name\":\"Cutting\",\"item\":\"https:\/\/chemitool.com\/product-category\/cutting\/\"},{\"@type\":\"ListItem\",\"position\":4,\"name\":\"DISCO REBARBAR METAL \\u2013 BLACKLABEL\"}]}]}<\/script>\n<!-- \/ Yoast SEO plugin. -->","yoast_head_json":{"title":"DISCO REBARBAR METAL \u2013 BLACKLABEL &ndash; Chemitool","description":"O Disco de Rebarbar Metal CHEMITOOL BLACKLABEL oferece uma durabilidade excecional, bem como um excelente desempenho no processo de remo\u00e7\u00e3o de material. Indicado para trabalhos profissionais de rebarbar metal.","robots":{"index":"index","follow":"follow","max-snippet":"max-snippet:-1","max-image-preview":"max-image-preview:large","max-video-preview":"max-video-preview:-1"},"canonical":"https:\/\/chemitool.com\/pt-pt\/products\/cutting\/abrasivos-rigidos\/discos-de-rebarbar\/disco-rebarbar-metal-blacklabel\/","og_locale":"pt_PT","og_type":"article","og_title":"DISCO REBARBAR METAL \u2013 BLACKLABEL &ndash; Chemitool","og_description":"O Disco de Rebarbar Metal CHEMITOOL BLACKLABEL oferece uma durabilidade excecional, bem como um excelente desempenho no processo de remo\u00e7\u00e3o de material. Indicado para trabalhos profissionais de rebarbar metal.","og_url":"https:\/\/chemitool.com\/pt-pt\/products\/cutting\/abrasivos-rigidos\/discos-de-rebarbar\/disco-rebarbar-metal-blacklabel\/","og_site_name":"Chemitool","article_publisher":"https:\/\/www.facebook.com\/chemitool","article_modified_time":"2025-07-15T11:32:25+00:00","og_image":[{"width":800,"height":800,"url":"https:\/\/chemitool.com\/wp-content\/uploads\/2022\/04\/CHA0106125600OSA_5604630115421.png","type":"image\/png"}],"twitter_card":"summary_large_image","twitter_misc":{"Tempo estimado de leitura":"1 minuto"},"schema":{"@context":"https:\/\/schema.org","@graph":[{"@type":"Organization","@id":"https:\/\/chemitool.com\/#organization","name":"Chemitool","url":"https:\/\/chemitool.com\/","sameAs":["https:\/\/www.facebook.com\/chemitool","https:\/\/www.instagram.com\/chemitool\/"],"logo":{"@type":"ImageObject","@id":"https:\/\/chemitool.com\/#logo","inLanguage":"pt-PT","url":"https:\/\/chemitool.com\/wp-content\/uploads\/2020\/10\/logo_chemitool.png","contentUrl":"https:\/\/chemitool.com\/wp-content\/uploads\/2020\/10\/logo_chemitool.png","width":400,"height":400,"caption":"Chemitool"},"image":{"@id":"https:\/\/chemitool.com\/#logo"}},{"@type":"WebSite","@id":"https:\/\/chemitool.com\/#website","url":"https:\/\/chemitool.com\/","name":"Chemitool","description":"Chemitool - hardware and tools","publisher":{"@id":"https:\/\/chemitool.com\/#organization"},"potentialAction":[{"@type":"SearchAction","target":{"@type":"EntryPoint","urlTemplate":"https:\/\/chemitool.com\/?s={search_term_string}"},"query-input":"required name=search_term_string"}],"inLanguage":"pt-PT"},{"@type":"ImageObject","@id":"https:\/\/chemitool.com\/pt-pt\/products\/cutting\/abrasivos-rigidos\/discos-de-rebarbar\/disco-rebarbar-metal-blacklabel\/#primaryimage","inLanguage":"pt-PT","url":"https:\/\/chemitool.com\/wp-content\/uploads\/2022\/04\/CHA0106125600OSA_5604630115421.png","contentUrl":"https:\/\/chemitool.com\/wp-content\/uploads\/2022\/04\/CHA0106125600OSA_5604630115421.png","width":800,"height":800},{"@type":"WebPage","@id":"https:\/\/chemitool.com\/pt-pt\/products\/cutting\/abrasivos-rigidos\/discos-de-rebarbar\/disco-rebarbar-metal-blacklabel\/#webpage","url":"https:\/\/chemitool.com\/pt-pt\/products\/cutting\/abrasivos-rigidos\/discos-de-rebarbar\/disco-rebarbar-metal-blacklabel\/","name":"DISCO REBARBAR METAL \u2013 BLACKLABEL &ndash; Chemitool","isPartOf":{"@id":"https:\/\/chemitool.com\/#website"},"primaryImageOfPage":{"@id":"https:\/\/chemitool.com\/pt-pt\/products\/cutting\/abrasivos-rigidos\/discos-de-rebarbar\/disco-rebarbar-metal-blacklabel\/#primaryimage"},"datePublished":"2022-04-28T09:30:08+00:00","dateModified":"2025-07-15T11:32:25+00:00","description":"O Disco de Rebarbar Metal CHEMITOOL BLACKLABEL oferece uma durabilidade excecional, bem como um excelente desempenho no processo de remo\u00e7\u00e3o de material. Indicado para trabalhos profissionais de rebarbar metal.","breadcrumb":{"@id":"https:\/\/chemitool.com\/pt-pt\/products\/cutting\/abrasivos-rigidos\/discos-de-rebarbar\/disco-rebarbar-metal-blacklabel\/#breadcrumb"},"inLanguage":"pt-PT","potentialAction":[{"@type":"ReadAction","target":["https:\/\/chemitool.com\/pt-pt\/products\/cutting\/abrasivos-rigidos\/discos-de-rebarbar\/disco-rebarbar-metal-blacklabel\/"]}]},{"@type":"BreadcrumbList","@id":"https:\/\/chemitool.com\/pt-pt\/products\/cutting\/abrasivos-rigidos\/discos-de-rebarbar\/disco-rebarbar-metal-blacklabel\/#breadcrumb","itemListElement":[{"@type":"ListItem","position":1,"name":"Home","item":"https:\/\/chemitool.com\/pt-pt\/"},{"@type":"ListItem","position":2,"name":"Produtos","item":"https:\/\/chemitool.com\/pt-pt\/produtos\/"},{"@type":"ListItem","position":3,"name":"Cutting","item":"https:\/\/chemitool.com\/product-category\/cutting\/"},{"@type":"ListItem","position":4,"name":"DISCO REBARBAR METAL \u2013 BLACKLABEL"}]}]}},"_links":{"self":[{"href":"https:\/\/chemitool.com\/pt-pt\/wp-json\/wp\/v2\/product\/21380"}],"collection":[{"href":"https:\/\/chemitool.com\/pt-pt\/wp-json\/wp\/v2\/product"}],"about":[{"href":"https:\/\/chemitool.com\/pt-pt\/wp-json\/wp\/v2\/types\/product"}],"wp:featuredmedia":[{"embeddable":true,"href":"https:\/\/chemitool.com\/pt-pt\/wp-json\/wp\/v2\/media\/21482"}],"wp:attachment":[{"href":"https:\/\/chemitool.com\/pt-pt\/wp-json\/wp\/v2\/media?parent=21380"}],"wp:term":[{"taxonomy":"product_cat","embeddable":true,"href":"https:\/\/chemitool.com\/pt-pt\/wp-json\/wp\/v2\/product_cat?post=21380"},{"taxonomy":"product_tag","embeddable":true,"href":"https:\/\/chemitool.com\/pt-pt\/wp-json\/wp\/v2\/product_tag?post=21380"}],"curies":[{"name":"wp","href":"https:\/\/api.w.org\/{rel}","templated":true}]}}