{"id":21257,"date":"2022-04-27T08:51:57","date_gmt":"2022-04-27T08:51:58","guid":{"rendered":"https:\/\/chemitool.com\/?post_type=product&#038;p=21257"},"modified":"2025-07-04T13:52:45","modified_gmt":"2025-07-04T13:52:45","slug":"calcas-power-stretch","status":"publish","type":"product","link":"https:\/\/chemitool.com\/pt-pt\/products\/safety\/vestuario-de-trabalho\/calcas-power-stretch\/","title":{"rendered":"CAL\u00c7AS POWER STRETCH"},"content":{"rendered":"<ul>\n<li>98 % algod\u00e3o + 2 % Elastano<\/li>\n<li>Costura tripla refor\u00e7ado entre as pernas<\/li>\n<li>Bolso para metro<\/li>\n<li>Bolso lateral com fecho LOCK SYSTEM<\/li>\n<\/ul>\n<p><img class=\"alignnone wp-image-15379 size-full\" src=\"https:\/\/chemitool.com\/wp-content\/uploads\/2021\/09\/MAN.png\" alt=\"\" width=\"85\" height=\"97\" \/>\u00a0<img class=\"alignnone size-full wp-image-15338\" src=\"https:\/\/chemitool.com\/wp-content\/uploads\/2021\/09\/REGULAR-FIT-3.png\" alt=\"\" width=\"85\" height=\"97\" \/>\u00a0<img class=\"alignnone size-full wp-image-15332\" src=\"https:\/\/chemitool.com\/wp-content\/uploads\/2021\/09\/LOCK-SYSTEM-2.png\" alt=\"\" width=\"85\" height=\"97\" \/><\/p>\n<p><img class=\"alignnone size-full wp-image-15483\" src=\"https:\/\/chemitool.com\/wp-content\/uploads\/2021\/09\/STRETCH.png\" alt=\"\" width=\"85\" height=\"97\" \/><img class=\"alignnone wp-image-15386\" src=\"https:\/\/chemitool.com\/wp-content\/uploads\/2021\/09\/CE_CAT1.png\" alt=\"\" width=\"76\" height=\"86\" \/><img class=\"alignnone wp-image-21264\" src=\"https:\/\/chemitool.com\/wp-content\/uploads\/2022\/04\/BIG-SIZE.png\" alt=\"\" width=\"68\" height=\"71\" \/><\/p>\n","protected":false},"excerpt":{"rendered":"<p><em>Cal\u00e7as POWER STRETCH CHEMITOOL<\/em> com presilhas e el\u00e1stico na cintura, fecho de correr e bot\u00e3o. Costura tripla refor\u00e7ada entre pernas , costuras lateral de agulha dupla, dois bolsos cl\u00e1ssicos na frente, pequeno bolso para moedas, bolso para metro do lado direito. Bolso do lado esquerdo com paleta de fecho LOCK SYSTEM, dois bolsos traseiros um dos quais um com paleta e velcro.<\/p>\n","protected":false},"featured_media":15830,"template":"","meta":[],"product_cat":[1453,3463],"product_tag":[],"yoast_head":"<!-- This site is optimized with the Yoast SEO plugin v17.4 - https:\/\/yoast.com\/wordpress\/plugins\/seo\/ -->\n<title>CAL\u00c7AS POWER STRETCH &ndash; Chemitool<\/title>\n<meta name=\"description\" content=\"Cal\u00e7as POWER STRETCH CHEMITOOL com presilhas e el\u00e1stico na cintura, fecho de correr e bot\u00e3o. Costura tripla refor\u00e7ada entre pernas , costuras lateral de agulha dupla, dois bolsos cl\u00e1ssicos na frente, pequeno bolso para moedas, bolso para metro do lado direito. Bolso do lado esquerdo com paleta de fecho LOCK SYSTEM, dois bolsos traseiros um dos quais um com paleta e velcro.\" \/>\n<meta name=\"robots\" content=\"index, follow, max-snippet:-1, max-image-preview:large, max-video-preview:-1\" \/>\n<link rel=\"canonical\" href=\"https:\/\/chemitool.com\/pt-pt\/products\/safety\/vestuario-de-trabalho\/calcas-power-stretch\/\" \/>\n<meta property=\"og:locale\" content=\"pt_PT\" \/>\n<meta property=\"og:type\" content=\"article\" \/>\n<meta property=\"og:title\" content=\"CAL\u00c7AS POWER STRETCH &ndash; Chemitool\" \/>\n<meta property=\"og:description\" content=\"Cal\u00e7as POWER STRETCH CHEMITOOL com presilhas e el\u00e1stico na cintura, fecho de correr e bot\u00e3o. Costura tripla refor\u00e7ada entre pernas , costuras lateral de agulha dupla, dois bolsos cl\u00e1ssicos na frente, pequeno bolso para moedas, bolso para metro do lado direito. Bolso do lado esquerdo com paleta de fecho LOCK SYSTEM, dois bolsos traseiros um dos quais um com paleta e velcro.\" \/>\n<meta property=\"og:url\" content=\"https:\/\/chemitool.com\/pt-pt\/products\/safety\/vestuario-de-trabalho\/calcas-power-stretch\/\" \/>\n<meta property=\"og:site_name\" content=\"Chemitool\" \/>\n<meta property=\"article:publisher\" content=\"https:\/\/www.facebook.com\/chemitool\" \/>\n<meta property=\"article:modified_time\" content=\"2025-07-04T13:52:45+00:00\" \/>\n<meta property=\"og:image\" content=\"https:\/\/chemitool.com\/wp-content\/uploads\/2021\/09\/P12610331_frente.png\" \/>\n\t<meta property=\"og:image:width\" content=\"800\" \/>\n\t<meta property=\"og:image:height\" content=\"800\" \/>\n<meta name=\"twitter:card\" content=\"summary_large_image\" \/>\n<script type=\"application\/ld+json\" class=\"yoast-schema-graph\">{\"@context\":\"https:\/\/schema.org\",\"@graph\":[{\"@type\":\"Organization\",\"@id\":\"https:\/\/chemitool.com\/#organization\",\"name\":\"Chemitool\",\"url\":\"https:\/\/chemitool.com\/\",\"sameAs\":[\"https:\/\/www.facebook.com\/chemitool\",\"https:\/\/www.instagram.com\/chemitool\/\"],\"logo\":{\"@type\":\"ImageObject\",\"@id\":\"https:\/\/chemitool.com\/#logo\",\"inLanguage\":\"pt-PT\",\"url\":\"https:\/\/chemitool.com\/wp-content\/uploads\/2020\/10\/logo_chemitool.png\",\"contentUrl\":\"https:\/\/chemitool.com\/wp-content\/uploads\/2020\/10\/logo_chemitool.png\",\"width\":400,\"height\":400,\"caption\":\"Chemitool\"},\"image\":{\"@id\":\"https:\/\/chemitool.com\/#logo\"}},{\"@type\":\"WebSite\",\"@id\":\"https:\/\/chemitool.com\/#website\",\"url\":\"https:\/\/chemitool.com\/\",\"name\":\"Chemitool\",\"description\":\"Chemitool - hardware and tools\",\"publisher\":{\"@id\":\"https:\/\/chemitool.com\/#organization\"},\"potentialAction\":[{\"@type\":\"SearchAction\",\"target\":{\"@type\":\"EntryPoint\",\"urlTemplate\":\"https:\/\/chemitool.com\/?s={search_term_string}\"},\"query-input\":\"required name=search_term_string\"}],\"inLanguage\":\"pt-PT\"},{\"@type\":\"ImageObject\",\"@id\":\"https:\/\/chemitool.com\/pt-pt\/products\/safety\/vestuario-de-trabalho\/calcas-power-stretch\/#primaryimage\",\"inLanguage\":\"pt-PT\",\"url\":\"https:\/\/chemitool.com\/wp-content\/uploads\/2021\/09\/P12610331_frente.png\",\"contentUrl\":\"https:\/\/chemitool.com\/wp-content\/uploads\/2021\/09\/P12610331_frente.png\",\"width\":800,\"height\":800},{\"@type\":\"WebPage\",\"@id\":\"https:\/\/chemitool.com\/pt-pt\/products\/safety\/vestuario-de-trabalho\/calcas-power-stretch\/#webpage\",\"url\":\"https:\/\/chemitool.com\/pt-pt\/products\/safety\/vestuario-de-trabalho\/calcas-power-stretch\/\",\"name\":\"CAL\\u00c7AS POWER STRETCH &ndash; Chemitool\",\"isPartOf\":{\"@id\":\"https:\/\/chemitool.com\/#website\"},\"primaryImageOfPage\":{\"@id\":\"https:\/\/chemitool.com\/pt-pt\/products\/safety\/vestuario-de-trabalho\/calcas-power-stretch\/#primaryimage\"},\"datePublished\":\"2022-04-27T08:51:58+00:00\",\"dateModified\":\"2025-07-04T13:52:45+00:00\",\"description\":\"Cal\\u00e7as POWER STRETCH CHEMITOOL com presilhas e el\\u00e1stico na cintura, fecho de correr e bot\\u00e3o. Costura tripla refor\\u00e7ada entre pernas , costuras lateral de agulha dupla, dois bolsos cl\\u00e1ssicos na frente, pequeno bolso para moedas, bolso para metro do lado direito. Bolso do lado esquerdo com paleta de fecho LOCK SYSTEM, dois bolsos traseiros um dos quais um com paleta e velcro.\",\"breadcrumb\":{\"@id\":\"https:\/\/chemitool.com\/pt-pt\/products\/safety\/vestuario-de-trabalho\/calcas-power-stretch\/#breadcrumb\"},\"inLanguage\":\"pt-PT\",\"potentialAction\":[{\"@type\":\"ReadAction\",\"target\":[\"https:\/\/chemitool.com\/pt-pt\/products\/safety\/vestuario-de-trabalho\/calcas-power-stretch\/\"]}]},{\"@type\":\"BreadcrumbList\",\"@id\":\"https:\/\/chemitool.com\/pt-pt\/products\/safety\/vestuario-de-trabalho\/calcas-power-stretch\/#breadcrumb\",\"itemListElement\":[{\"@type\":\"ListItem\",\"position\":1,\"name\":\"Home\",\"item\":\"https:\/\/chemitool.com\/pt-pt\/\"},{\"@type\":\"ListItem\",\"position\":2,\"name\":\"Produtos\",\"item\":\"https:\/\/chemitool.com\/pt-pt\/produtos\/\"},{\"@type\":\"ListItem\",\"position\":3,\"name\":\"Safety\",\"item\":\"https:\/\/chemitool.com\/product-category\/safety\/\"},{\"@type\":\"ListItem\",\"position\":4,\"name\":\"CAL\\u00c7AS POWER STRETCH\"}]}]}<\/script>\n<!-- \/ Yoast SEO plugin. -->","yoast_head_json":{"title":"CAL\u00c7AS POWER STRETCH &ndash; Chemitool","description":"Cal\u00e7as POWER STRETCH CHEMITOOL com presilhas e el\u00e1stico na cintura, fecho de correr e bot\u00e3o. Costura tripla refor\u00e7ada entre pernas , costuras lateral de agulha dupla, dois bolsos cl\u00e1ssicos na frente, pequeno bolso para moedas, bolso para metro do lado direito. Bolso do lado esquerdo com paleta de fecho LOCK SYSTEM, dois bolsos traseiros um dos quais um com paleta e velcro.","robots":{"index":"index","follow":"follow","max-snippet":"max-snippet:-1","max-image-preview":"max-image-preview:large","max-video-preview":"max-video-preview:-1"},"canonical":"https:\/\/chemitool.com\/pt-pt\/products\/safety\/vestuario-de-trabalho\/calcas-power-stretch\/","og_locale":"pt_PT","og_type":"article","og_title":"CAL\u00c7AS POWER STRETCH &ndash; Chemitool","og_description":"Cal\u00e7as POWER STRETCH CHEMITOOL com presilhas e el\u00e1stico na cintura, fecho de correr e bot\u00e3o. Costura tripla refor\u00e7ada entre pernas , costuras lateral de agulha dupla, dois bolsos cl\u00e1ssicos na frente, pequeno bolso para moedas, bolso para metro do lado direito. Bolso do lado esquerdo com paleta de fecho LOCK SYSTEM, dois bolsos traseiros um dos quais um com paleta e velcro.","og_url":"https:\/\/chemitool.com\/pt-pt\/products\/safety\/vestuario-de-trabalho\/calcas-power-stretch\/","og_site_name":"Chemitool","article_publisher":"https:\/\/www.facebook.com\/chemitool","article_modified_time":"2025-07-04T13:52:45+00:00","og_image":[{"width":800,"height":800,"url":"https:\/\/chemitool.com\/wp-content\/uploads\/2021\/09\/P12610331_frente.png","type":"image\/png"}],"twitter_card":"summary_large_image","schema":{"@context":"https:\/\/schema.org","@graph":[{"@type":"Organization","@id":"https:\/\/chemitool.com\/#organization","name":"Chemitool","url":"https:\/\/chemitool.com\/","sameAs":["https:\/\/www.facebook.com\/chemitool","https:\/\/www.instagram.com\/chemitool\/"],"logo":{"@type":"ImageObject","@id":"https:\/\/chemitool.com\/#logo","inLanguage":"pt-PT","url":"https:\/\/chemitool.com\/wp-content\/uploads\/2020\/10\/logo_chemitool.png","contentUrl":"https:\/\/chemitool.com\/wp-content\/uploads\/2020\/10\/logo_chemitool.png","width":400,"height":400,"caption":"Chemitool"},"image":{"@id":"https:\/\/chemitool.com\/#logo"}},{"@type":"WebSite","@id":"https:\/\/chemitool.com\/#website","url":"https:\/\/chemitool.com\/","name":"Chemitool","description":"Chemitool - hardware and tools","publisher":{"@id":"https:\/\/chemitool.com\/#organization"},"potentialAction":[{"@type":"SearchAction","target":{"@type":"EntryPoint","urlTemplate":"https:\/\/chemitool.com\/?s={search_term_string}"},"query-input":"required name=search_term_string"}],"inLanguage":"pt-PT"},{"@type":"ImageObject","@id":"https:\/\/chemitool.com\/pt-pt\/products\/safety\/vestuario-de-trabalho\/calcas-power-stretch\/#primaryimage","inLanguage":"pt-PT","url":"https:\/\/chemitool.com\/wp-content\/uploads\/2021\/09\/P12610331_frente.png","contentUrl":"https:\/\/chemitool.com\/wp-content\/uploads\/2021\/09\/P12610331_frente.png","width":800,"height":800},{"@type":"WebPage","@id":"https:\/\/chemitool.com\/pt-pt\/products\/safety\/vestuario-de-trabalho\/calcas-power-stretch\/#webpage","url":"https:\/\/chemitool.com\/pt-pt\/products\/safety\/vestuario-de-trabalho\/calcas-power-stretch\/","name":"CAL\u00c7AS POWER STRETCH &ndash; Chemitool","isPartOf":{"@id":"https:\/\/chemitool.com\/#website"},"primaryImageOfPage":{"@id":"https:\/\/chemitool.com\/pt-pt\/products\/safety\/vestuario-de-trabalho\/calcas-power-stretch\/#primaryimage"},"datePublished":"2022-04-27T08:51:58+00:00","dateModified":"2025-07-04T13:52:45+00:00","description":"Cal\u00e7as POWER STRETCH CHEMITOOL com presilhas e el\u00e1stico na cintura, fecho de correr e bot\u00e3o. Costura tripla refor\u00e7ada entre pernas , costuras lateral de agulha dupla, dois bolsos cl\u00e1ssicos na frente, pequeno bolso para moedas, bolso para metro do lado direito. Bolso do lado esquerdo com paleta de fecho LOCK SYSTEM, dois bolsos traseiros um dos quais um com paleta e velcro.","breadcrumb":{"@id":"https:\/\/chemitool.com\/pt-pt\/products\/safety\/vestuario-de-trabalho\/calcas-power-stretch\/#breadcrumb"},"inLanguage":"pt-PT","potentialAction":[{"@type":"ReadAction","target":["https:\/\/chemitool.com\/pt-pt\/products\/safety\/vestuario-de-trabalho\/calcas-power-stretch\/"]}]},{"@type":"BreadcrumbList","@id":"https:\/\/chemitool.com\/pt-pt\/products\/safety\/vestuario-de-trabalho\/calcas-power-stretch\/#breadcrumb","itemListElement":[{"@type":"ListItem","position":1,"name":"Home","item":"https:\/\/chemitool.com\/pt-pt\/"},{"@type":"ListItem","position":2,"name":"Produtos","item":"https:\/\/chemitool.com\/pt-pt\/produtos\/"},{"@type":"ListItem","position":3,"name":"Safety","item":"https:\/\/chemitool.com\/product-category\/safety\/"},{"@type":"ListItem","position":4,"name":"CAL\u00c7AS POWER STRETCH"}]}]}},"_links":{"self":[{"href":"https:\/\/chemitool.com\/pt-pt\/wp-json\/wp\/v2\/product\/21257"}],"collection":[{"href":"https:\/\/chemitool.com\/pt-pt\/wp-json\/wp\/v2\/product"}],"about":[{"href":"https:\/\/chemitool.com\/pt-pt\/wp-json\/wp\/v2\/types\/product"}],"wp:featuredmedia":[{"embeddable":true,"href":"https:\/\/chemitool.com\/pt-pt\/wp-json\/wp\/v2\/media\/15830"}],"wp:attachment":[{"href":"https:\/\/chemitool.com\/pt-pt\/wp-json\/wp\/v2\/media?parent=21257"}],"wp:term":[{"taxonomy":"product_cat","embeddable":true,"href":"https:\/\/chemitool.com\/pt-pt\/wp-json\/wp\/v2\/product_cat?post=21257"},{"taxonomy":"product_tag","embeddable":true,"href":"https:\/\/chemitool.com\/pt-pt\/wp-json\/wp\/v2\/product_tag?post=21257"}],"curies":[{"name":"wp","href":"https:\/\/api.w.org\/{rel}","templated":true}]}}