{"id":21074,"date":"2022-04-20T08:56:59","date_gmt":"2022-04-20T08:57:14","guid":{"rendered":"https:\/\/chemitool.com\/?post_type=product&#038;p=21074"},"modified":"2025-10-09T14:00:07","modified_gmt":"2025-10-09T14:00:07","slug":"viseira-rede-metalica","status":"publish","type":"product","link":"https:\/\/chemitool.com\/pt-pt\/products\/safety\/protecao-ocular-e-facial\/viseira-rede-metalica\/","title":{"rendered":"VISEIRA REDE MET\u00c1LICA"},"content":{"rendered":"<ul>\n<li>Viseira rebat\u00edvel em rede met\u00e1lica com 195 x 390 mm<\/li>\n<li>Arn\u00eas com regulador e banda de suor<\/li>\n<li>Cobre todo o rosto<\/li>\n<li>Visor de substitui\u00e7\u00e3o dispon\u00edvel<\/li>\n<li><strong>\u00a0EN1731<\/strong><\/li>\n<\/ul>\n<p>Recomendada para: prote\u00e7\u00e3o contra grandes part\u00edculas de alta velocidade, durante a utiliza\u00e7\u00e3o de motosserras, foices e cortadores de relva, onde \u00e9 particularmente importante proteger o rosto de v\u00e1rios tipos part\u00edculas voadoras.<\/p>\n<p><img class=\"alignnone wp-image-18666\" src=\"https:\/\/chemitool.com\/wp-content\/uploads\/2022\/01\/CE_CAT2.png\" alt=\"\" width=\"80\" height=\"90\" \/><\/p>\n","protected":false},"excerpt":{"rendered":"<p><b class=\"sap-label\">SAP:<\/b> <span class=\"codesap-label\">CHS06010102<\/span><\/p>\n<p><em>Viseira Rede Met\u00e1lica CHEMITOOL.<\/em><\/p>\n","protected":false},"featured_media":21850,"template":"","meta":[],"product_cat":[1453,3740],"product_tag":[],"yoast_head":"<!-- This site is optimized with the Yoast SEO plugin v17.4 - https:\/\/yoast.com\/wordpress\/plugins\/seo\/ -->\n<title>VISEIRA REDE MET\u00c1LICA &ndash; Chemitool<\/title>\n<meta name=\"description\" content=\"SAP: CHS06010102  Viseira Rede Met\u00e1lica CHEMITOOL.\" \/>\n<meta name=\"robots\" content=\"index, follow, max-snippet:-1, max-image-preview:large, max-video-preview:-1\" \/>\n<link rel=\"canonical\" href=\"https:\/\/chemitool.com\/pt-pt\/products\/safety\/protecao-ocular-e-facial\/viseira-rede-metalica\/\" \/>\n<meta property=\"og:locale\" content=\"pt_PT\" \/>\n<meta property=\"og:type\" content=\"article\" \/>\n<meta property=\"og:title\" content=\"VISEIRA REDE MET\u00c1LICA &ndash; Chemitool\" \/>\n<meta property=\"og:description\" content=\"SAP: CHS06010102  Viseira Rede Met\u00e1lica CHEMITOOL.\" \/>\n<meta property=\"og:url\" content=\"https:\/\/chemitool.com\/pt-pt\/products\/safety\/protecao-ocular-e-facial\/viseira-rede-metalica\/\" \/>\n<meta property=\"og:site_name\" content=\"Chemitool\" \/>\n<meta property=\"article:publisher\" content=\"https:\/\/www.facebook.com\/chemitool\" \/>\n<meta property=\"article:modified_time\" content=\"2025-10-09T14:00:07+00:00\" \/>\n<meta property=\"og:image\" content=\"https:\/\/chemitool.com\/wp-content\/uploads\/2022\/05\/CHS06010102-1.jpg\" \/>\n\t<meta property=\"og:image:width\" content=\"600\" \/>\n\t<meta property=\"og:image:height\" content=\"600\" \/>\n<meta name=\"twitter:card\" content=\"summary_large_image\" \/>\n<script type=\"application\/ld+json\" class=\"yoast-schema-graph\">{\"@context\":\"https:\/\/schema.org\",\"@graph\":[{\"@type\":\"Organization\",\"@id\":\"https:\/\/chemitool.com\/#organization\",\"name\":\"Chemitool\",\"url\":\"https:\/\/chemitool.com\/\",\"sameAs\":[\"https:\/\/www.facebook.com\/chemitool\",\"https:\/\/www.instagram.com\/chemitool\/\"],\"logo\":{\"@type\":\"ImageObject\",\"@id\":\"https:\/\/chemitool.com\/#logo\",\"inLanguage\":\"pt-PT\",\"url\":\"https:\/\/chemitool.com\/wp-content\/uploads\/2020\/10\/logo_chemitool.png\",\"contentUrl\":\"https:\/\/chemitool.com\/wp-content\/uploads\/2020\/10\/logo_chemitool.png\",\"width\":400,\"height\":400,\"caption\":\"Chemitool\"},\"image\":{\"@id\":\"https:\/\/chemitool.com\/#logo\"}},{\"@type\":\"WebSite\",\"@id\":\"https:\/\/chemitool.com\/#website\",\"url\":\"https:\/\/chemitool.com\/\",\"name\":\"Chemitool\",\"description\":\"Chemitool - hardware and tools\",\"publisher\":{\"@id\":\"https:\/\/chemitool.com\/#organization\"},\"potentialAction\":[{\"@type\":\"SearchAction\",\"target\":{\"@type\":\"EntryPoint\",\"urlTemplate\":\"https:\/\/chemitool.com\/?s={search_term_string}\"},\"query-input\":\"required name=search_term_string\"}],\"inLanguage\":\"pt-PT\"},{\"@type\":\"ImageObject\",\"@id\":\"https:\/\/chemitool.com\/pt-pt\/products\/safety\/protecao-ocular-e-facial\/viseira-rede-metalica\/#primaryimage\",\"inLanguage\":\"pt-PT\",\"url\":\"https:\/\/chemitool.com\/wp-content\/uploads\/2022\/05\/CHS06010102-1.jpg\",\"contentUrl\":\"https:\/\/chemitool.com\/wp-content\/uploads\/2022\/05\/CHS06010102-1.jpg\",\"width\":600,\"height\":600},{\"@type\":\"WebPage\",\"@id\":\"https:\/\/chemitool.com\/pt-pt\/products\/safety\/protecao-ocular-e-facial\/viseira-rede-metalica\/#webpage\",\"url\":\"https:\/\/chemitool.com\/pt-pt\/products\/safety\/protecao-ocular-e-facial\/viseira-rede-metalica\/\",\"name\":\"VISEIRA REDE MET\\u00c1LICA &ndash; Chemitool\",\"isPartOf\":{\"@id\":\"https:\/\/chemitool.com\/#website\"},\"primaryImageOfPage\":{\"@id\":\"https:\/\/chemitool.com\/pt-pt\/products\/safety\/protecao-ocular-e-facial\/viseira-rede-metalica\/#primaryimage\"},\"datePublished\":\"2022-04-20T08:57:14+00:00\",\"dateModified\":\"2025-10-09T14:00:07+00:00\",\"description\":\"SAP: CHS06010102 Viseira Rede Met\\u00e1lica CHEMITOOL.\",\"breadcrumb\":{\"@id\":\"https:\/\/chemitool.com\/pt-pt\/products\/safety\/protecao-ocular-e-facial\/viseira-rede-metalica\/#breadcrumb\"},\"inLanguage\":\"pt-PT\",\"potentialAction\":[{\"@type\":\"ReadAction\",\"target\":[\"https:\/\/chemitool.com\/pt-pt\/products\/safety\/protecao-ocular-e-facial\/viseira-rede-metalica\/\"]}]},{\"@type\":\"BreadcrumbList\",\"@id\":\"https:\/\/chemitool.com\/pt-pt\/products\/safety\/protecao-ocular-e-facial\/viseira-rede-metalica\/#breadcrumb\",\"itemListElement\":[{\"@type\":\"ListItem\",\"position\":1,\"name\":\"Home\",\"item\":\"https:\/\/chemitool.com\/pt-pt\/\"},{\"@type\":\"ListItem\",\"position\":2,\"name\":\"Produtos\",\"item\":\"https:\/\/chemitool.com\/pt-pt\/produtos\/\"},{\"@type\":\"ListItem\",\"position\":3,\"name\":\"Safety\",\"item\":\"https:\/\/chemitool.com\/product-category\/safety\/\"},{\"@type\":\"ListItem\",\"position\":4,\"name\":\"VISEIRA REDE MET\\u00c1LICA\"}]}]}<\/script>\n<!-- \/ Yoast SEO plugin. -->","yoast_head_json":{"title":"VISEIRA REDE MET\u00c1LICA &ndash; Chemitool","description":"SAP: CHS06010102  Viseira Rede Met\u00e1lica CHEMITOOL.","robots":{"index":"index","follow":"follow","max-snippet":"max-snippet:-1","max-image-preview":"max-image-preview:large","max-video-preview":"max-video-preview:-1"},"canonical":"https:\/\/chemitool.com\/pt-pt\/products\/safety\/protecao-ocular-e-facial\/viseira-rede-metalica\/","og_locale":"pt_PT","og_type":"article","og_title":"VISEIRA REDE MET\u00c1LICA &ndash; Chemitool","og_description":"SAP: CHS06010102  Viseira Rede Met\u00e1lica CHEMITOOL.","og_url":"https:\/\/chemitool.com\/pt-pt\/products\/safety\/protecao-ocular-e-facial\/viseira-rede-metalica\/","og_site_name":"Chemitool","article_publisher":"https:\/\/www.facebook.com\/chemitool","article_modified_time":"2025-10-09T14:00:07+00:00","og_image":[{"width":600,"height":600,"url":"https:\/\/chemitool.com\/wp-content\/uploads\/2022\/05\/CHS06010102-1.jpg","type":"image\/jpeg"}],"twitter_card":"summary_large_image","schema":{"@context":"https:\/\/schema.org","@graph":[{"@type":"Organization","@id":"https:\/\/chemitool.com\/#organization","name":"Chemitool","url":"https:\/\/chemitool.com\/","sameAs":["https:\/\/www.facebook.com\/chemitool","https:\/\/www.instagram.com\/chemitool\/"],"logo":{"@type":"ImageObject","@id":"https:\/\/chemitool.com\/#logo","inLanguage":"pt-PT","url":"https:\/\/chemitool.com\/wp-content\/uploads\/2020\/10\/logo_chemitool.png","contentUrl":"https:\/\/chemitool.com\/wp-content\/uploads\/2020\/10\/logo_chemitool.png","width":400,"height":400,"caption":"Chemitool"},"image":{"@id":"https:\/\/chemitool.com\/#logo"}},{"@type":"WebSite","@id":"https:\/\/chemitool.com\/#website","url":"https:\/\/chemitool.com\/","name":"Chemitool","description":"Chemitool - hardware and tools","publisher":{"@id":"https:\/\/chemitool.com\/#organization"},"potentialAction":[{"@type":"SearchAction","target":{"@type":"EntryPoint","urlTemplate":"https:\/\/chemitool.com\/?s={search_term_string}"},"query-input":"required name=search_term_string"}],"inLanguage":"pt-PT"},{"@type":"ImageObject","@id":"https:\/\/chemitool.com\/pt-pt\/products\/safety\/protecao-ocular-e-facial\/viseira-rede-metalica\/#primaryimage","inLanguage":"pt-PT","url":"https:\/\/chemitool.com\/wp-content\/uploads\/2022\/05\/CHS06010102-1.jpg","contentUrl":"https:\/\/chemitool.com\/wp-content\/uploads\/2022\/05\/CHS06010102-1.jpg","width":600,"height":600},{"@type":"WebPage","@id":"https:\/\/chemitool.com\/pt-pt\/products\/safety\/protecao-ocular-e-facial\/viseira-rede-metalica\/#webpage","url":"https:\/\/chemitool.com\/pt-pt\/products\/safety\/protecao-ocular-e-facial\/viseira-rede-metalica\/","name":"VISEIRA REDE MET\u00c1LICA &ndash; Chemitool","isPartOf":{"@id":"https:\/\/chemitool.com\/#website"},"primaryImageOfPage":{"@id":"https:\/\/chemitool.com\/pt-pt\/products\/safety\/protecao-ocular-e-facial\/viseira-rede-metalica\/#primaryimage"},"datePublished":"2022-04-20T08:57:14+00:00","dateModified":"2025-10-09T14:00:07+00:00","description":"SAP: CHS06010102 Viseira Rede Met\u00e1lica CHEMITOOL.","breadcrumb":{"@id":"https:\/\/chemitool.com\/pt-pt\/products\/safety\/protecao-ocular-e-facial\/viseira-rede-metalica\/#breadcrumb"},"inLanguage":"pt-PT","potentialAction":[{"@type":"ReadAction","target":["https:\/\/chemitool.com\/pt-pt\/products\/safety\/protecao-ocular-e-facial\/viseira-rede-metalica\/"]}]},{"@type":"BreadcrumbList","@id":"https:\/\/chemitool.com\/pt-pt\/products\/safety\/protecao-ocular-e-facial\/viseira-rede-metalica\/#breadcrumb","itemListElement":[{"@type":"ListItem","position":1,"name":"Home","item":"https:\/\/chemitool.com\/pt-pt\/"},{"@type":"ListItem","position":2,"name":"Produtos","item":"https:\/\/chemitool.com\/pt-pt\/produtos\/"},{"@type":"ListItem","position":3,"name":"Safety","item":"https:\/\/chemitool.com\/product-category\/safety\/"},{"@type":"ListItem","position":4,"name":"VISEIRA REDE MET\u00c1LICA"}]}]}},"_links":{"self":[{"href":"https:\/\/chemitool.com\/pt-pt\/wp-json\/wp\/v2\/product\/21074"}],"collection":[{"href":"https:\/\/chemitool.com\/pt-pt\/wp-json\/wp\/v2\/product"}],"about":[{"href":"https:\/\/chemitool.com\/pt-pt\/wp-json\/wp\/v2\/types\/product"}],"wp:featuredmedia":[{"embeddable":true,"href":"https:\/\/chemitool.com\/pt-pt\/wp-json\/wp\/v2\/media\/21850"}],"wp:attachment":[{"href":"https:\/\/chemitool.com\/pt-pt\/wp-json\/wp\/v2\/media?parent=21074"}],"wp:term":[{"taxonomy":"product_cat","embeddable":true,"href":"https:\/\/chemitool.com\/pt-pt\/wp-json\/wp\/v2\/product_cat?post=21074"},{"taxonomy":"product_tag","embeddable":true,"href":"https:\/\/chemitool.com\/pt-pt\/wp-json\/wp\/v2\/product_tag?post=21074"}],"curies":[{"name":"wp","href":"https:\/\/api.w.org\/{rel}","templated":true}]}}