{"id":21049,"date":"2022-04-14T14:46:10","date_gmt":"2022-04-14T14:46:11","guid":{"rendered":"https:\/\/chemitool.com\/?post_type=product&#038;p=21049"},"modified":"2025-10-09T13:52:48","modified_gmt":"2025-10-09T13:52:48","slug":"oculos-soldador-policarbonato-lente-dupla-escuro-t5","status":"publish","type":"product","link":"https:\/\/chemitool.com\/pt-pt\/products\/safety\/protecao-ocular-e-facial\/oculos-soldador-policarbonato-lente-dupla-escuro-t5\/","title":{"rendered":"\u00d3CULOS SOLDADOR POLICARBONATO LENTE DUPLA ESCURO T5"},"content":{"rendered":"<ul>\n<li>Lentes interiores em policarbonato<\/li>\n<li>Lentes exteriores rebat\u00edveis em policarbonato tonalidade 5<\/li>\n<li>Banda el\u00e1stica ajust\u00e1vel<\/li>\n<li>Sistema de ventila\u00e7\u00e3o indireta atrav\u00e9s de 4 v\u00e1lvulas<\/li>\n<li>Compat\u00edvel com o uso de \u00f3culos graduados em simult\u00e2neo<\/li>\n<li><strong>EN166 &#8211; EN170<\/strong><\/li>\n<\/ul>\n<p><img class=\"alignnone wp-image-18666\" src=\"https:\/\/chemitool.com\/wp-content\/uploads\/2022\/01\/CE_CAT2.png\" alt=\"\" width=\"80\" height=\"90\" \/><\/p>\n","protected":false},"excerpt":{"rendered":"<p><b class=\"sap-label\">SAP:<\/b> <span class=\"codesap-label\">CHS06030108<\/span><\/p>\n<p><em>\u00d3culos Soldador Policarbonato Lente Dupla Escuro <\/em><em>T5 CHEMITOOL.<\/em><\/p>\n","protected":false},"featured_media":21051,"template":"","meta":[],"product_cat":[1453,3740],"product_tag":[],"yoast_head":"<!-- This site is optimized with the Yoast SEO plugin v17.4 - https:\/\/yoast.com\/wordpress\/plugins\/seo\/ -->\n<title>\u00d3CULOS SOLDADOR POLICARBONATO LENTE DUPLA ESCURO T5 &ndash; Chemitool<\/title>\n<meta name=\"description\" content=\"SAP: CHS06030108  \u00d3culos Soldador Policarbonato Lente Dupla Escuro T5 CHEMITOOL.\" \/>\n<meta name=\"robots\" content=\"index, follow, max-snippet:-1, max-image-preview:large, max-video-preview:-1\" \/>\n<link rel=\"canonical\" href=\"https:\/\/chemitool.com\/pt-pt\/products\/safety\/protecao-ocular-e-facial\/oculos-soldador-policarbonato-lente-dupla-escuro-t5\/\" \/>\n<meta property=\"og:locale\" content=\"pt_PT\" \/>\n<meta property=\"og:type\" content=\"article\" \/>\n<meta property=\"og:title\" content=\"\u00d3CULOS SOLDADOR POLICARBONATO LENTE DUPLA ESCURO T5 &ndash; Chemitool\" \/>\n<meta property=\"og:description\" content=\"SAP: CHS06030108  \u00d3culos Soldador Policarbonato Lente Dupla Escuro T5 CHEMITOOL.\" \/>\n<meta property=\"og:url\" content=\"https:\/\/chemitool.com\/pt-pt\/products\/safety\/protecao-ocular-e-facial\/oculos-soldador-policarbonato-lente-dupla-escuro-t5\/\" \/>\n<meta property=\"og:site_name\" content=\"Chemitool\" \/>\n<meta property=\"article:publisher\" content=\"https:\/\/www.facebook.com\/chemitool\" \/>\n<meta property=\"article:modified_time\" content=\"2025-10-09T13:52:48+00:00\" \/>\n<meta property=\"og:image\" content=\"https:\/\/chemitool.com\/wp-content\/uploads\/2022\/04\/MP0302006.png\" \/>\n\t<meta property=\"og:image:width\" content=\"800\" \/>\n\t<meta property=\"og:image:height\" content=\"800\" \/>\n<meta name=\"twitter:card\" content=\"summary_large_image\" \/>\n<script type=\"application\/ld+json\" class=\"yoast-schema-graph\">{\"@context\":\"https:\/\/schema.org\",\"@graph\":[{\"@type\":\"Organization\",\"@id\":\"https:\/\/chemitool.com\/#organization\",\"name\":\"Chemitool\",\"url\":\"https:\/\/chemitool.com\/\",\"sameAs\":[\"https:\/\/www.facebook.com\/chemitool\",\"https:\/\/www.instagram.com\/chemitool\/\"],\"logo\":{\"@type\":\"ImageObject\",\"@id\":\"https:\/\/chemitool.com\/#logo\",\"inLanguage\":\"pt-PT\",\"url\":\"https:\/\/chemitool.com\/wp-content\/uploads\/2020\/10\/logo_chemitool.png\",\"contentUrl\":\"https:\/\/chemitool.com\/wp-content\/uploads\/2020\/10\/logo_chemitool.png\",\"width\":400,\"height\":400,\"caption\":\"Chemitool\"},\"image\":{\"@id\":\"https:\/\/chemitool.com\/#logo\"}},{\"@type\":\"WebSite\",\"@id\":\"https:\/\/chemitool.com\/#website\",\"url\":\"https:\/\/chemitool.com\/\",\"name\":\"Chemitool\",\"description\":\"Chemitool - hardware and tools\",\"publisher\":{\"@id\":\"https:\/\/chemitool.com\/#organization\"},\"potentialAction\":[{\"@type\":\"SearchAction\",\"target\":{\"@type\":\"EntryPoint\",\"urlTemplate\":\"https:\/\/chemitool.com\/?s={search_term_string}\"},\"query-input\":\"required name=search_term_string\"}],\"inLanguage\":\"pt-PT\"},{\"@type\":\"ImageObject\",\"@id\":\"https:\/\/chemitool.com\/pt-pt\/products\/safety\/protecao-ocular-e-facial\/oculos-soldador-policarbonato-lente-dupla-escuro-t5\/#primaryimage\",\"inLanguage\":\"pt-PT\",\"url\":\"https:\/\/chemitool.com\/wp-content\/uploads\/2022\/04\/MP0302006.png\",\"contentUrl\":\"https:\/\/chemitool.com\/wp-content\/uploads\/2022\/04\/MP0302006.png\",\"width\":800,\"height\":800},{\"@type\":\"WebPage\",\"@id\":\"https:\/\/chemitool.com\/pt-pt\/products\/safety\/protecao-ocular-e-facial\/oculos-soldador-policarbonato-lente-dupla-escuro-t5\/#webpage\",\"url\":\"https:\/\/chemitool.com\/pt-pt\/products\/safety\/protecao-ocular-e-facial\/oculos-soldador-policarbonato-lente-dupla-escuro-t5\/\",\"name\":\"\\u00d3CULOS SOLDADOR POLICARBONATO LENTE DUPLA ESCURO T5 &ndash; Chemitool\",\"isPartOf\":{\"@id\":\"https:\/\/chemitool.com\/#website\"},\"primaryImageOfPage\":{\"@id\":\"https:\/\/chemitool.com\/pt-pt\/products\/safety\/protecao-ocular-e-facial\/oculos-soldador-policarbonato-lente-dupla-escuro-t5\/#primaryimage\"},\"datePublished\":\"2022-04-14T14:46:11+00:00\",\"dateModified\":\"2025-10-09T13:52:48+00:00\",\"description\":\"SAP: CHS06030108 \\u00d3culos Soldador Policarbonato Lente Dupla Escuro T5 CHEMITOOL.\",\"breadcrumb\":{\"@id\":\"https:\/\/chemitool.com\/pt-pt\/products\/safety\/protecao-ocular-e-facial\/oculos-soldador-policarbonato-lente-dupla-escuro-t5\/#breadcrumb\"},\"inLanguage\":\"pt-PT\",\"potentialAction\":[{\"@type\":\"ReadAction\",\"target\":[\"https:\/\/chemitool.com\/pt-pt\/products\/safety\/protecao-ocular-e-facial\/oculos-soldador-policarbonato-lente-dupla-escuro-t5\/\"]}]},{\"@type\":\"BreadcrumbList\",\"@id\":\"https:\/\/chemitool.com\/pt-pt\/products\/safety\/protecao-ocular-e-facial\/oculos-soldador-policarbonato-lente-dupla-escuro-t5\/#breadcrumb\",\"itemListElement\":[{\"@type\":\"ListItem\",\"position\":1,\"name\":\"Home\",\"item\":\"https:\/\/chemitool.com\/pt-pt\/\"},{\"@type\":\"ListItem\",\"position\":2,\"name\":\"Produtos\",\"item\":\"https:\/\/chemitool.com\/pt-pt\/produtos\/\"},{\"@type\":\"ListItem\",\"position\":3,\"name\":\"Safety\",\"item\":\"https:\/\/chemitool.com\/product-category\/safety\/\"},{\"@type\":\"ListItem\",\"position\":4,\"name\":\"\\u00d3CULOS SOLDADOR POLICARBONATO LENTE DUPLA ESCURO T5\"}]}]}<\/script>\n<!-- \/ Yoast SEO plugin. -->","yoast_head_json":{"title":"\u00d3CULOS SOLDADOR POLICARBONATO LENTE DUPLA ESCURO T5 &ndash; Chemitool","description":"SAP: CHS06030108  \u00d3culos Soldador Policarbonato Lente Dupla Escuro T5 CHEMITOOL.","robots":{"index":"index","follow":"follow","max-snippet":"max-snippet:-1","max-image-preview":"max-image-preview:large","max-video-preview":"max-video-preview:-1"},"canonical":"https:\/\/chemitool.com\/pt-pt\/products\/safety\/protecao-ocular-e-facial\/oculos-soldador-policarbonato-lente-dupla-escuro-t5\/","og_locale":"pt_PT","og_type":"article","og_title":"\u00d3CULOS SOLDADOR POLICARBONATO LENTE DUPLA ESCURO T5 &ndash; Chemitool","og_description":"SAP: CHS06030108  \u00d3culos Soldador Policarbonato Lente Dupla Escuro T5 CHEMITOOL.","og_url":"https:\/\/chemitool.com\/pt-pt\/products\/safety\/protecao-ocular-e-facial\/oculos-soldador-policarbonato-lente-dupla-escuro-t5\/","og_site_name":"Chemitool","article_publisher":"https:\/\/www.facebook.com\/chemitool","article_modified_time":"2025-10-09T13:52:48+00:00","og_image":[{"width":800,"height":800,"url":"https:\/\/chemitool.com\/wp-content\/uploads\/2022\/04\/MP0302006.png","type":"image\/png"}],"twitter_card":"summary_large_image","schema":{"@context":"https:\/\/schema.org","@graph":[{"@type":"Organization","@id":"https:\/\/chemitool.com\/#organization","name":"Chemitool","url":"https:\/\/chemitool.com\/","sameAs":["https:\/\/www.facebook.com\/chemitool","https:\/\/www.instagram.com\/chemitool\/"],"logo":{"@type":"ImageObject","@id":"https:\/\/chemitool.com\/#logo","inLanguage":"pt-PT","url":"https:\/\/chemitool.com\/wp-content\/uploads\/2020\/10\/logo_chemitool.png","contentUrl":"https:\/\/chemitool.com\/wp-content\/uploads\/2020\/10\/logo_chemitool.png","width":400,"height":400,"caption":"Chemitool"},"image":{"@id":"https:\/\/chemitool.com\/#logo"}},{"@type":"WebSite","@id":"https:\/\/chemitool.com\/#website","url":"https:\/\/chemitool.com\/","name":"Chemitool","description":"Chemitool - hardware and tools","publisher":{"@id":"https:\/\/chemitool.com\/#organization"},"potentialAction":[{"@type":"SearchAction","target":{"@type":"EntryPoint","urlTemplate":"https:\/\/chemitool.com\/?s={search_term_string}"},"query-input":"required name=search_term_string"}],"inLanguage":"pt-PT"},{"@type":"ImageObject","@id":"https:\/\/chemitool.com\/pt-pt\/products\/safety\/protecao-ocular-e-facial\/oculos-soldador-policarbonato-lente-dupla-escuro-t5\/#primaryimage","inLanguage":"pt-PT","url":"https:\/\/chemitool.com\/wp-content\/uploads\/2022\/04\/MP0302006.png","contentUrl":"https:\/\/chemitool.com\/wp-content\/uploads\/2022\/04\/MP0302006.png","width":800,"height":800},{"@type":"WebPage","@id":"https:\/\/chemitool.com\/pt-pt\/products\/safety\/protecao-ocular-e-facial\/oculos-soldador-policarbonato-lente-dupla-escuro-t5\/#webpage","url":"https:\/\/chemitool.com\/pt-pt\/products\/safety\/protecao-ocular-e-facial\/oculos-soldador-policarbonato-lente-dupla-escuro-t5\/","name":"\u00d3CULOS SOLDADOR POLICARBONATO LENTE DUPLA ESCURO T5 &ndash; Chemitool","isPartOf":{"@id":"https:\/\/chemitool.com\/#website"},"primaryImageOfPage":{"@id":"https:\/\/chemitool.com\/pt-pt\/products\/safety\/protecao-ocular-e-facial\/oculos-soldador-policarbonato-lente-dupla-escuro-t5\/#primaryimage"},"datePublished":"2022-04-14T14:46:11+00:00","dateModified":"2025-10-09T13:52:48+00:00","description":"SAP: CHS06030108 \u00d3culos Soldador Policarbonato Lente Dupla Escuro T5 CHEMITOOL.","breadcrumb":{"@id":"https:\/\/chemitool.com\/pt-pt\/products\/safety\/protecao-ocular-e-facial\/oculos-soldador-policarbonato-lente-dupla-escuro-t5\/#breadcrumb"},"inLanguage":"pt-PT","potentialAction":[{"@type":"ReadAction","target":["https:\/\/chemitool.com\/pt-pt\/products\/safety\/protecao-ocular-e-facial\/oculos-soldador-policarbonato-lente-dupla-escuro-t5\/"]}]},{"@type":"BreadcrumbList","@id":"https:\/\/chemitool.com\/pt-pt\/products\/safety\/protecao-ocular-e-facial\/oculos-soldador-policarbonato-lente-dupla-escuro-t5\/#breadcrumb","itemListElement":[{"@type":"ListItem","position":1,"name":"Home","item":"https:\/\/chemitool.com\/pt-pt\/"},{"@type":"ListItem","position":2,"name":"Produtos","item":"https:\/\/chemitool.com\/pt-pt\/produtos\/"},{"@type":"ListItem","position":3,"name":"Safety","item":"https:\/\/chemitool.com\/product-category\/safety\/"},{"@type":"ListItem","position":4,"name":"\u00d3CULOS SOLDADOR POLICARBONATO LENTE DUPLA ESCURO T5"}]}]}},"_links":{"self":[{"href":"https:\/\/chemitool.com\/pt-pt\/wp-json\/wp\/v2\/product\/21049"}],"collection":[{"href":"https:\/\/chemitool.com\/pt-pt\/wp-json\/wp\/v2\/product"}],"about":[{"href":"https:\/\/chemitool.com\/pt-pt\/wp-json\/wp\/v2\/types\/product"}],"wp:featuredmedia":[{"embeddable":true,"href":"https:\/\/chemitool.com\/pt-pt\/wp-json\/wp\/v2\/media\/21051"}],"wp:attachment":[{"href":"https:\/\/chemitool.com\/pt-pt\/wp-json\/wp\/v2\/media?parent=21049"}],"wp:term":[{"taxonomy":"product_cat","embeddable":true,"href":"https:\/\/chemitool.com\/pt-pt\/wp-json\/wp\/v2\/product_cat?post=21049"},{"taxonomy":"product_tag","embeddable":true,"href":"https:\/\/chemitool.com\/pt-pt\/wp-json\/wp\/v2\/product_tag?post=21049"}],"curies":[{"name":"wp","href":"https:\/\/api.w.org\/{rel}","templated":true}]}}