{"id":21007,"date":"2022-04-13T14:11:43","date_gmt":"2022-04-13T14:11:44","guid":{"rendered":"https:\/\/chemitool.com\/?post_type=product&#038;p=21007"},"modified":"2025-10-09T13:25:33","modified_gmt":"2025-10-09T13:25:33","slug":"oculo-ajustavel-policarbonato-fumado-uv","status":"publish","type":"product","link":"https:\/\/chemitool.com\/pt-pt\/products\/safety\/protecao-ocular-e-facial\/oculo-ajustavel-policarbonato-fumado-uv\/","title":{"rendered":"\u00d3CULOS AJUST\u00c1VEIS POLICARBONATO FUMADO UV"},"content":{"rendered":"<ul>\n<li>Lentes em policarbonato<\/li>\n<li>Marca\u00e7\u00e3o F: prote\u00e7\u00e3o contra impactos de baixa energia<\/li>\n<li>Hastes regul\u00e1veis em longitude<\/li>\n<li>Prote\u00e7\u00e3o lateral incorporada<\/li>\n<li>Anti-riscos<\/li>\n<li><strong>EN166 &#8211; EN170<\/strong><\/li>\n<\/ul>\n<p>Recomendada para: trabalhos no exterior, constru\u00e7\u00e3o civil, nos setores da agricultura e ind\u00fastria no geral.<\/p>\n<p><img class=\"alignnone wp-image-18666\" src=\"https:\/\/chemitool.com\/wp-content\/uploads\/2022\/01\/CE_CAT2.png\" alt=\"\" width=\"80\" height=\"90\" \/><\/p>\n","protected":false},"excerpt":{"rendered":"<p><b class=\"sap-label\">SAP:<\/b> <span class=\"codesap-label\">CHS06030105<\/span><br \/>\n<em>\u00d3culos Ajust\u00e1veis Policarbonato Fumado UV<\/em><em>\u00a0CHEMITOOL.<\/em><\/p>\n","protected":false},"featured_media":21003,"template":"","meta":[],"product_cat":[1453,3740],"product_tag":[],"yoast_head":"<!-- This site is optimized with the Yoast SEO plugin v17.4 - https:\/\/yoast.com\/wordpress\/plugins\/seo\/ -->\n<title>\u00d3CULOS AJUST\u00c1VEIS POLICARBONATO FUMADO UV &ndash; Chemitool<\/title>\n<meta name=\"description\" content=\"SAP: CHS06030105 \u00d3culos Ajust\u00e1veis Policarbonato Fumado UV\u00a0CHEMITOOL.\" \/>\n<meta name=\"robots\" content=\"index, follow, max-snippet:-1, max-image-preview:large, max-video-preview:-1\" \/>\n<link rel=\"canonical\" href=\"https:\/\/chemitool.com\/pt-pt\/products\/safety\/protecao-ocular-e-facial\/oculo-ajustavel-policarbonato-fumado-uv\/\" \/>\n<meta property=\"og:locale\" content=\"pt_PT\" \/>\n<meta property=\"og:type\" content=\"article\" \/>\n<meta property=\"og:title\" content=\"\u00d3CULOS AJUST\u00c1VEIS POLICARBONATO FUMADO UV &ndash; Chemitool\" \/>\n<meta property=\"og:description\" content=\"SAP: CHS06030105 \u00d3culos Ajust\u00e1veis Policarbonato Fumado UV\u00a0CHEMITOOL.\" \/>\n<meta property=\"og:url\" content=\"https:\/\/chemitool.com\/pt-pt\/products\/safety\/protecao-ocular-e-facial\/oculo-ajustavel-policarbonato-fumado-uv\/\" \/>\n<meta property=\"og:site_name\" content=\"Chemitool\" \/>\n<meta property=\"article:publisher\" content=\"https:\/\/www.facebook.com\/chemitool\" \/>\n<meta property=\"article:modified_time\" content=\"2025-10-09T13:25:33+00:00\" \/>\n<meta property=\"og:image\" content=\"https:\/\/chemitool.com\/wp-content\/uploads\/2022\/04\/MP0301026-1.png\" \/>\n\t<meta property=\"og:image:width\" content=\"800\" \/>\n\t<meta property=\"og:image:height\" content=\"800\" \/>\n<meta name=\"twitter:card\" content=\"summary_large_image\" \/>\n<script type=\"application\/ld+json\" class=\"yoast-schema-graph\">{\"@context\":\"https:\/\/schema.org\",\"@graph\":[{\"@type\":\"Organization\",\"@id\":\"https:\/\/chemitool.com\/#organization\",\"name\":\"Chemitool\",\"url\":\"https:\/\/chemitool.com\/\",\"sameAs\":[\"https:\/\/www.facebook.com\/chemitool\",\"https:\/\/www.instagram.com\/chemitool\/\"],\"logo\":{\"@type\":\"ImageObject\",\"@id\":\"https:\/\/chemitool.com\/#logo\",\"inLanguage\":\"pt-PT\",\"url\":\"https:\/\/chemitool.com\/wp-content\/uploads\/2020\/10\/logo_chemitool.png\",\"contentUrl\":\"https:\/\/chemitool.com\/wp-content\/uploads\/2020\/10\/logo_chemitool.png\",\"width\":400,\"height\":400,\"caption\":\"Chemitool\"},\"image\":{\"@id\":\"https:\/\/chemitool.com\/#logo\"}},{\"@type\":\"WebSite\",\"@id\":\"https:\/\/chemitool.com\/#website\",\"url\":\"https:\/\/chemitool.com\/\",\"name\":\"Chemitool\",\"description\":\"Chemitool - hardware and tools\",\"publisher\":{\"@id\":\"https:\/\/chemitool.com\/#organization\"},\"potentialAction\":[{\"@type\":\"SearchAction\",\"target\":{\"@type\":\"EntryPoint\",\"urlTemplate\":\"https:\/\/chemitool.com\/?s={search_term_string}\"},\"query-input\":\"required name=search_term_string\"}],\"inLanguage\":\"pt-PT\"},{\"@type\":\"ImageObject\",\"@id\":\"https:\/\/chemitool.com\/pt-pt\/products\/safety\/protecao-ocular-e-facial\/oculo-ajustavel-policarbonato-fumado-uv\/#primaryimage\",\"inLanguage\":\"pt-PT\",\"url\":\"https:\/\/chemitool.com\/wp-content\/uploads\/2022\/04\/MP0301026-1.png\",\"contentUrl\":\"https:\/\/chemitool.com\/wp-content\/uploads\/2022\/04\/MP0301026-1.png\",\"width\":800,\"height\":800},{\"@type\":\"WebPage\",\"@id\":\"https:\/\/chemitool.com\/pt-pt\/products\/safety\/protecao-ocular-e-facial\/oculo-ajustavel-policarbonato-fumado-uv\/#webpage\",\"url\":\"https:\/\/chemitool.com\/pt-pt\/products\/safety\/protecao-ocular-e-facial\/oculo-ajustavel-policarbonato-fumado-uv\/\",\"name\":\"\\u00d3CULOS AJUST\\u00c1VEIS POLICARBONATO FUMADO UV &ndash; Chemitool\",\"isPartOf\":{\"@id\":\"https:\/\/chemitool.com\/#website\"},\"primaryImageOfPage\":{\"@id\":\"https:\/\/chemitool.com\/pt-pt\/products\/safety\/protecao-ocular-e-facial\/oculo-ajustavel-policarbonato-fumado-uv\/#primaryimage\"},\"datePublished\":\"2022-04-13T14:11:44+00:00\",\"dateModified\":\"2025-10-09T13:25:33+00:00\",\"description\":\"SAP: CHS06030105 \\u00d3culos Ajust\\u00e1veis Policarbonato Fumado UV\\u00a0CHEMITOOL.\",\"breadcrumb\":{\"@id\":\"https:\/\/chemitool.com\/pt-pt\/products\/safety\/protecao-ocular-e-facial\/oculo-ajustavel-policarbonato-fumado-uv\/#breadcrumb\"},\"inLanguage\":\"pt-PT\",\"potentialAction\":[{\"@type\":\"ReadAction\",\"target\":[\"https:\/\/chemitool.com\/pt-pt\/products\/safety\/protecao-ocular-e-facial\/oculo-ajustavel-policarbonato-fumado-uv\/\"]}]},{\"@type\":\"BreadcrumbList\",\"@id\":\"https:\/\/chemitool.com\/pt-pt\/products\/safety\/protecao-ocular-e-facial\/oculo-ajustavel-policarbonato-fumado-uv\/#breadcrumb\",\"itemListElement\":[{\"@type\":\"ListItem\",\"position\":1,\"name\":\"Home\",\"item\":\"https:\/\/chemitool.com\/pt-pt\/\"},{\"@type\":\"ListItem\",\"position\":2,\"name\":\"Produtos\",\"item\":\"https:\/\/chemitool.com\/pt-pt\/produtos\/\"},{\"@type\":\"ListItem\",\"position\":3,\"name\":\"Safety\",\"item\":\"https:\/\/chemitool.com\/product-category\/safety\/\"},{\"@type\":\"ListItem\",\"position\":4,\"name\":\"\\u00d3CULOS AJUST\\u00c1VEIS POLICARBONATO FUMADO UV\"}]}]}<\/script>\n<!-- \/ Yoast SEO plugin. -->","yoast_head_json":{"title":"\u00d3CULOS AJUST\u00c1VEIS POLICARBONATO FUMADO UV &ndash; Chemitool","description":"SAP: CHS06030105 \u00d3culos Ajust\u00e1veis Policarbonato Fumado UV\u00a0CHEMITOOL.","robots":{"index":"index","follow":"follow","max-snippet":"max-snippet:-1","max-image-preview":"max-image-preview:large","max-video-preview":"max-video-preview:-1"},"canonical":"https:\/\/chemitool.com\/pt-pt\/products\/safety\/protecao-ocular-e-facial\/oculo-ajustavel-policarbonato-fumado-uv\/","og_locale":"pt_PT","og_type":"article","og_title":"\u00d3CULOS AJUST\u00c1VEIS POLICARBONATO FUMADO UV &ndash; Chemitool","og_description":"SAP: CHS06030105 \u00d3culos Ajust\u00e1veis Policarbonato Fumado UV\u00a0CHEMITOOL.","og_url":"https:\/\/chemitool.com\/pt-pt\/products\/safety\/protecao-ocular-e-facial\/oculo-ajustavel-policarbonato-fumado-uv\/","og_site_name":"Chemitool","article_publisher":"https:\/\/www.facebook.com\/chemitool","article_modified_time":"2025-10-09T13:25:33+00:00","og_image":[{"width":800,"height":800,"url":"https:\/\/chemitool.com\/wp-content\/uploads\/2022\/04\/MP0301026-1.png","type":"image\/png"}],"twitter_card":"summary_large_image","schema":{"@context":"https:\/\/schema.org","@graph":[{"@type":"Organization","@id":"https:\/\/chemitool.com\/#organization","name":"Chemitool","url":"https:\/\/chemitool.com\/","sameAs":["https:\/\/www.facebook.com\/chemitool","https:\/\/www.instagram.com\/chemitool\/"],"logo":{"@type":"ImageObject","@id":"https:\/\/chemitool.com\/#logo","inLanguage":"pt-PT","url":"https:\/\/chemitool.com\/wp-content\/uploads\/2020\/10\/logo_chemitool.png","contentUrl":"https:\/\/chemitool.com\/wp-content\/uploads\/2020\/10\/logo_chemitool.png","width":400,"height":400,"caption":"Chemitool"},"image":{"@id":"https:\/\/chemitool.com\/#logo"}},{"@type":"WebSite","@id":"https:\/\/chemitool.com\/#website","url":"https:\/\/chemitool.com\/","name":"Chemitool","description":"Chemitool - hardware and tools","publisher":{"@id":"https:\/\/chemitool.com\/#organization"},"potentialAction":[{"@type":"SearchAction","target":{"@type":"EntryPoint","urlTemplate":"https:\/\/chemitool.com\/?s={search_term_string}"},"query-input":"required name=search_term_string"}],"inLanguage":"pt-PT"},{"@type":"ImageObject","@id":"https:\/\/chemitool.com\/pt-pt\/products\/safety\/protecao-ocular-e-facial\/oculo-ajustavel-policarbonato-fumado-uv\/#primaryimage","inLanguage":"pt-PT","url":"https:\/\/chemitool.com\/wp-content\/uploads\/2022\/04\/MP0301026-1.png","contentUrl":"https:\/\/chemitool.com\/wp-content\/uploads\/2022\/04\/MP0301026-1.png","width":800,"height":800},{"@type":"WebPage","@id":"https:\/\/chemitool.com\/pt-pt\/products\/safety\/protecao-ocular-e-facial\/oculo-ajustavel-policarbonato-fumado-uv\/#webpage","url":"https:\/\/chemitool.com\/pt-pt\/products\/safety\/protecao-ocular-e-facial\/oculo-ajustavel-policarbonato-fumado-uv\/","name":"\u00d3CULOS AJUST\u00c1VEIS POLICARBONATO FUMADO UV &ndash; Chemitool","isPartOf":{"@id":"https:\/\/chemitool.com\/#website"},"primaryImageOfPage":{"@id":"https:\/\/chemitool.com\/pt-pt\/products\/safety\/protecao-ocular-e-facial\/oculo-ajustavel-policarbonato-fumado-uv\/#primaryimage"},"datePublished":"2022-04-13T14:11:44+00:00","dateModified":"2025-10-09T13:25:33+00:00","description":"SAP: CHS06030105 \u00d3culos Ajust\u00e1veis Policarbonato Fumado UV\u00a0CHEMITOOL.","breadcrumb":{"@id":"https:\/\/chemitool.com\/pt-pt\/products\/safety\/protecao-ocular-e-facial\/oculo-ajustavel-policarbonato-fumado-uv\/#breadcrumb"},"inLanguage":"pt-PT","potentialAction":[{"@type":"ReadAction","target":["https:\/\/chemitool.com\/pt-pt\/products\/safety\/protecao-ocular-e-facial\/oculo-ajustavel-policarbonato-fumado-uv\/"]}]},{"@type":"BreadcrumbList","@id":"https:\/\/chemitool.com\/pt-pt\/products\/safety\/protecao-ocular-e-facial\/oculo-ajustavel-policarbonato-fumado-uv\/#breadcrumb","itemListElement":[{"@type":"ListItem","position":1,"name":"Home","item":"https:\/\/chemitool.com\/pt-pt\/"},{"@type":"ListItem","position":2,"name":"Produtos","item":"https:\/\/chemitool.com\/pt-pt\/produtos\/"},{"@type":"ListItem","position":3,"name":"Safety","item":"https:\/\/chemitool.com\/product-category\/safety\/"},{"@type":"ListItem","position":4,"name":"\u00d3CULOS AJUST\u00c1VEIS POLICARBONATO FUMADO UV"}]}]}},"_links":{"self":[{"href":"https:\/\/chemitool.com\/pt-pt\/wp-json\/wp\/v2\/product\/21007"}],"collection":[{"href":"https:\/\/chemitool.com\/pt-pt\/wp-json\/wp\/v2\/product"}],"about":[{"href":"https:\/\/chemitool.com\/pt-pt\/wp-json\/wp\/v2\/types\/product"}],"wp:featuredmedia":[{"embeddable":true,"href":"https:\/\/chemitool.com\/pt-pt\/wp-json\/wp\/v2\/media\/21003"}],"wp:attachment":[{"href":"https:\/\/chemitool.com\/pt-pt\/wp-json\/wp\/v2\/media?parent=21007"}],"wp:term":[{"taxonomy":"product_cat","embeddable":true,"href":"https:\/\/chemitool.com\/pt-pt\/wp-json\/wp\/v2\/product_cat?post=21007"},{"taxonomy":"product_tag","embeddable":true,"href":"https:\/\/chemitool.com\/pt-pt\/wp-json\/wp\/v2\/product_tag?post=21007"}],"curies":[{"name":"wp","href":"https:\/\/api.w.org\/{rel}","templated":true}]}}