{"id":20885,"date":"2022-04-06T13:55:38","date_gmt":"2022-04-06T13:55:46","guid":{"rendered":"https:\/\/chemitool.com\/?post_type=product&#038;p=20885"},"modified":"2022-07-05T09:15:06","modified_gmt":"2022-07-05T09:15:06","slug":"cordao-de-fundo-de-junta-pe","status":"publish","type":"product","link":"https:\/\/chemitool.com\/pt-pt\/products\/chemicals\/acessorios-pt-pt\/cordao-de-fundo-de-junta-pe\/","title":{"rendered":"Cord\u00e3o de Fundo de Junta PE"},"content":{"rendered":"<p><strong>CARACTER\u00cdSTICAS<\/strong><\/p>\n<ul>\n<li>Por ser um material \u00e0 base de PE \u00e9 produto inerte e com uma elevada resist\u00eancia<br \/>\naos agentes qu\u00edmicos<\/li>\n<li>Compat\u00edvel com todos os tipos de selantes de veda\u00e7\u00e3o<\/li>\n<li>Evita a ader\u00eancia do selante ao fundo da junta, promovendo um comportamento<br \/>\nadequado do selante<\/li>\n<li>Respeita o meio ambiente: livre de CFC, HCFC e elementos qu\u00edmicos<\/li>\n<li>100% recicl\u00e1vel<\/li>\n<li>Material flex\u00edvel, leve e f\u00e1cil de instalar;<\/li>\n<li>A sua estrutura celular fina e as c\u00e9lulas fechadas oferecem um excelente efeito de<br \/>\nbarreira e n\u00e3o absorve \u00e1gua<\/li>\n<li>Cor standard \u2013 cinzento<\/li>\n<li>Volume: Cx com bobina- 60x58x58 cm; Cx com pe\u00e7as 2m: 204x41x62 cm.<\/li>\n<\/ul>\n","protected":false},"excerpt":{"rendered":"<p>Cord\u00e3o de fundo de junta <em>CHEMITOOL <\/em>em espuma de polietileno n\u00e3o reticulado projectado especialmente para uso como limitador de profundidade em todos os tipos de veda\u00e7\u00f5es e juntas frias de expans\u00e3o\/dilata\u00e7\u00e3o (at\u00e9 +90 \u00b0 C).<\/p>\n","protected":false},"featured_media":20867,"template":"","meta":[],"product_cat":[109,3730],"product_tag":[3679,3688,2874],"yoast_head":"<!-- This site is optimized with the Yoast SEO plugin v17.4 - https:\/\/yoast.com\/wordpress\/plugins\/seo\/ -->\n<title>Cord\u00e3o de Fundo de Junta PE &ndash; Chemitool<\/title>\n<meta name=\"description\" content=\"Cord\u00e3o de fundo de junta CHEMITOOL em espuma de polietileno n\u00e3o reticulado projectado especialmente para uso como limitador de profundidade em todos os tipos de veda\u00e7\u00f5es e juntas frias de expans\u00e3o\/dilata\u00e7\u00e3o (at\u00e9 +90 \u00b0 C).\" \/>\n<meta name=\"robots\" content=\"index, follow, max-snippet:-1, max-image-preview:large, max-video-preview:-1\" \/>\n<link rel=\"canonical\" href=\"https:\/\/chemitool.com\/pt-pt\/products\/chemicals\/acessorios-pt-pt\/cordao-de-fundo-de-junta-pe\/\" \/>\n<meta property=\"og:locale\" content=\"pt_PT\" \/>\n<meta property=\"og:type\" content=\"article\" \/>\n<meta property=\"og:title\" content=\"Cord\u00e3o de Fundo de Junta PE &ndash; Chemitool\" \/>\n<meta property=\"og:description\" content=\"Cord\u00e3o de fundo de junta CHEMITOOL em espuma de polietileno n\u00e3o reticulado projectado especialmente para uso como limitador de profundidade em todos os tipos de veda\u00e7\u00f5es e juntas frias de expans\u00e3o\/dilata\u00e7\u00e3o (at\u00e9 +90 \u00b0 C).\" \/>\n<meta property=\"og:url\" content=\"https:\/\/chemitool.com\/pt-pt\/products\/chemicals\/acessorios-pt-pt\/cordao-de-fundo-de-junta-pe\/\" \/>\n<meta property=\"og:site_name\" content=\"Chemitool\" \/>\n<meta property=\"article:publisher\" content=\"https:\/\/www.facebook.com\/chemitool\" \/>\n<meta property=\"article:modified_time\" content=\"2022-07-05T09:15:06+00:00\" \/>\n<meta property=\"og:image\" content=\"https:\/\/chemitool.com\/wp-content\/uploads\/2022\/04\/cordao_juntas.jpg\" \/>\n\t<meta property=\"og:image:width\" content=\"800\" \/>\n\t<meta property=\"og:image:height\" content=\"800\" \/>\n<meta name=\"twitter:card\" content=\"summary_large_image\" \/>\n<meta name=\"twitter:label1\" content=\"Tempo estimado de leitura\" \/>\n\t<meta name=\"twitter:data1\" content=\"1 minuto\" \/>\n<script type=\"application\/ld+json\" class=\"yoast-schema-graph\">{\"@context\":\"https:\/\/schema.org\",\"@graph\":[{\"@type\":\"Organization\",\"@id\":\"https:\/\/chemitool.com\/#organization\",\"name\":\"Chemitool\",\"url\":\"https:\/\/chemitool.com\/\",\"sameAs\":[\"https:\/\/www.facebook.com\/chemitool\",\"https:\/\/www.instagram.com\/chemitool\/\"],\"logo\":{\"@type\":\"ImageObject\",\"@id\":\"https:\/\/chemitool.com\/#logo\",\"inLanguage\":\"pt-PT\",\"url\":\"https:\/\/chemitool.com\/wp-content\/uploads\/2020\/10\/logo_chemitool.png\",\"contentUrl\":\"https:\/\/chemitool.com\/wp-content\/uploads\/2020\/10\/logo_chemitool.png\",\"width\":400,\"height\":400,\"caption\":\"Chemitool\"},\"image\":{\"@id\":\"https:\/\/chemitool.com\/#logo\"}},{\"@type\":\"WebSite\",\"@id\":\"https:\/\/chemitool.com\/#website\",\"url\":\"https:\/\/chemitool.com\/\",\"name\":\"Chemitool\",\"description\":\"Chemitool - hardware and tools\",\"publisher\":{\"@id\":\"https:\/\/chemitool.com\/#organization\"},\"potentialAction\":[{\"@type\":\"SearchAction\",\"target\":{\"@type\":\"EntryPoint\",\"urlTemplate\":\"https:\/\/chemitool.com\/?s={search_term_string}\"},\"query-input\":\"required name=search_term_string\"}],\"inLanguage\":\"pt-PT\"},{\"@type\":\"ImageObject\",\"@id\":\"https:\/\/chemitool.com\/pt-pt\/products\/chemicals\/acessorios-pt-pt\/cordao-de-fundo-de-junta-pe\/#primaryimage\",\"inLanguage\":\"pt-PT\",\"url\":\"https:\/\/chemitool.com\/wp-content\/uploads\/2022\/04\/cordao_juntas.jpg\",\"contentUrl\":\"https:\/\/chemitool.com\/wp-content\/uploads\/2022\/04\/cordao_juntas.jpg\",\"width\":800,\"height\":800},{\"@type\":\"WebPage\",\"@id\":\"https:\/\/chemitool.com\/pt-pt\/products\/chemicals\/acessorios-pt-pt\/cordao-de-fundo-de-junta-pe\/#webpage\",\"url\":\"https:\/\/chemitool.com\/pt-pt\/products\/chemicals\/acessorios-pt-pt\/cordao-de-fundo-de-junta-pe\/\",\"name\":\"Cord\\u00e3o de Fundo de Junta PE &ndash; Chemitool\",\"isPartOf\":{\"@id\":\"https:\/\/chemitool.com\/#website\"},\"primaryImageOfPage\":{\"@id\":\"https:\/\/chemitool.com\/pt-pt\/products\/chemicals\/acessorios-pt-pt\/cordao-de-fundo-de-junta-pe\/#primaryimage\"},\"datePublished\":\"2022-04-06T13:55:46+00:00\",\"dateModified\":\"2022-07-05T09:15:06+00:00\",\"description\":\"Cord\\u00e3o de fundo de junta CHEMITOOL em espuma de polietileno n\\u00e3o reticulado projectado especialmente para uso como limitador de profundidade em todos os tipos de veda\\u00e7\\u00f5es e juntas frias de expans\\u00e3o\/dilata\\u00e7\\u00e3o (at\\u00e9 +90 \\u00b0 C).\",\"breadcrumb\":{\"@id\":\"https:\/\/chemitool.com\/pt-pt\/products\/chemicals\/acessorios-pt-pt\/cordao-de-fundo-de-junta-pe\/#breadcrumb\"},\"inLanguage\":\"pt-PT\",\"potentialAction\":[{\"@type\":\"ReadAction\",\"target\":[\"https:\/\/chemitool.com\/pt-pt\/products\/chemicals\/acessorios-pt-pt\/cordao-de-fundo-de-junta-pe\/\"]}]},{\"@type\":\"BreadcrumbList\",\"@id\":\"https:\/\/chemitool.com\/pt-pt\/products\/chemicals\/acessorios-pt-pt\/cordao-de-fundo-de-junta-pe\/#breadcrumb\",\"itemListElement\":[{\"@type\":\"ListItem\",\"position\":1,\"name\":\"Home\",\"item\":\"https:\/\/chemitool.com\/pt-pt\/\"},{\"@type\":\"ListItem\",\"position\":2,\"name\":\"Produtos\",\"item\":\"https:\/\/chemitool.com\/pt-pt\/produtos\/\"},{\"@type\":\"ListItem\",\"position\":3,\"name\":\"Chemicals\",\"item\":\"https:\/\/chemitool.com\/pt-pt\/categoria-produto\/chemicals\/\"},{\"@type\":\"ListItem\",\"position\":4,\"name\":\"Acess\\u00f3rios\",\"item\":\"https:\/\/chemitool.com\/pt-pt\/categoria-produto\/chemicals\/acessorios-pt-pt\/\"},{\"@type\":\"ListItem\",\"position\":5,\"name\":\"Cord\\u00e3o de Fundo de Junta PE\"}]}]}<\/script>\n<!-- \/ Yoast SEO plugin. -->","yoast_head_json":{"title":"Cord\u00e3o de Fundo de Junta PE &ndash; Chemitool","description":"Cord\u00e3o de fundo de junta CHEMITOOL em espuma de polietileno n\u00e3o reticulado projectado especialmente para uso como limitador de profundidade em todos os tipos de veda\u00e7\u00f5es e juntas frias de expans\u00e3o\/dilata\u00e7\u00e3o (at\u00e9 +90 \u00b0 C).","robots":{"index":"index","follow":"follow","max-snippet":"max-snippet:-1","max-image-preview":"max-image-preview:large","max-video-preview":"max-video-preview:-1"},"canonical":"https:\/\/chemitool.com\/pt-pt\/products\/chemicals\/acessorios-pt-pt\/cordao-de-fundo-de-junta-pe\/","og_locale":"pt_PT","og_type":"article","og_title":"Cord\u00e3o de Fundo de Junta PE &ndash; Chemitool","og_description":"Cord\u00e3o de fundo de junta CHEMITOOL em espuma de polietileno n\u00e3o reticulado projectado especialmente para uso como limitador de profundidade em todos os tipos de veda\u00e7\u00f5es e juntas frias de expans\u00e3o\/dilata\u00e7\u00e3o (at\u00e9 +90 \u00b0 C).","og_url":"https:\/\/chemitool.com\/pt-pt\/products\/chemicals\/acessorios-pt-pt\/cordao-de-fundo-de-junta-pe\/","og_site_name":"Chemitool","article_publisher":"https:\/\/www.facebook.com\/chemitool","article_modified_time":"2022-07-05T09:15:06+00:00","og_image":[{"width":800,"height":800,"url":"https:\/\/chemitool.com\/wp-content\/uploads\/2022\/04\/cordao_juntas.jpg","type":"image\/jpeg"}],"twitter_card":"summary_large_image","twitter_misc":{"Tempo estimado de leitura":"1 minuto"},"schema":{"@context":"https:\/\/schema.org","@graph":[{"@type":"Organization","@id":"https:\/\/chemitool.com\/#organization","name":"Chemitool","url":"https:\/\/chemitool.com\/","sameAs":["https:\/\/www.facebook.com\/chemitool","https:\/\/www.instagram.com\/chemitool\/"],"logo":{"@type":"ImageObject","@id":"https:\/\/chemitool.com\/#logo","inLanguage":"pt-PT","url":"https:\/\/chemitool.com\/wp-content\/uploads\/2020\/10\/logo_chemitool.png","contentUrl":"https:\/\/chemitool.com\/wp-content\/uploads\/2020\/10\/logo_chemitool.png","width":400,"height":400,"caption":"Chemitool"},"image":{"@id":"https:\/\/chemitool.com\/#logo"}},{"@type":"WebSite","@id":"https:\/\/chemitool.com\/#website","url":"https:\/\/chemitool.com\/","name":"Chemitool","description":"Chemitool - hardware and tools","publisher":{"@id":"https:\/\/chemitool.com\/#organization"},"potentialAction":[{"@type":"SearchAction","target":{"@type":"EntryPoint","urlTemplate":"https:\/\/chemitool.com\/?s={search_term_string}"},"query-input":"required name=search_term_string"}],"inLanguage":"pt-PT"},{"@type":"ImageObject","@id":"https:\/\/chemitool.com\/pt-pt\/products\/chemicals\/acessorios-pt-pt\/cordao-de-fundo-de-junta-pe\/#primaryimage","inLanguage":"pt-PT","url":"https:\/\/chemitool.com\/wp-content\/uploads\/2022\/04\/cordao_juntas.jpg","contentUrl":"https:\/\/chemitool.com\/wp-content\/uploads\/2022\/04\/cordao_juntas.jpg","width":800,"height":800},{"@type":"WebPage","@id":"https:\/\/chemitool.com\/pt-pt\/products\/chemicals\/acessorios-pt-pt\/cordao-de-fundo-de-junta-pe\/#webpage","url":"https:\/\/chemitool.com\/pt-pt\/products\/chemicals\/acessorios-pt-pt\/cordao-de-fundo-de-junta-pe\/","name":"Cord\u00e3o de Fundo de Junta PE &ndash; Chemitool","isPartOf":{"@id":"https:\/\/chemitool.com\/#website"},"primaryImageOfPage":{"@id":"https:\/\/chemitool.com\/pt-pt\/products\/chemicals\/acessorios-pt-pt\/cordao-de-fundo-de-junta-pe\/#primaryimage"},"datePublished":"2022-04-06T13:55:46+00:00","dateModified":"2022-07-05T09:15:06+00:00","description":"Cord\u00e3o de fundo de junta CHEMITOOL em espuma de polietileno n\u00e3o reticulado projectado especialmente para uso como limitador de profundidade em todos os tipos de veda\u00e7\u00f5es e juntas frias de expans\u00e3o\/dilata\u00e7\u00e3o (at\u00e9 +90 \u00b0 C).","breadcrumb":{"@id":"https:\/\/chemitool.com\/pt-pt\/products\/chemicals\/acessorios-pt-pt\/cordao-de-fundo-de-junta-pe\/#breadcrumb"},"inLanguage":"pt-PT","potentialAction":[{"@type":"ReadAction","target":["https:\/\/chemitool.com\/pt-pt\/products\/chemicals\/acessorios-pt-pt\/cordao-de-fundo-de-junta-pe\/"]}]},{"@type":"BreadcrumbList","@id":"https:\/\/chemitool.com\/pt-pt\/products\/chemicals\/acessorios-pt-pt\/cordao-de-fundo-de-junta-pe\/#breadcrumb","itemListElement":[{"@type":"ListItem","position":1,"name":"Home","item":"https:\/\/chemitool.com\/pt-pt\/"},{"@type":"ListItem","position":2,"name":"Produtos","item":"https:\/\/chemitool.com\/pt-pt\/produtos\/"},{"@type":"ListItem","position":3,"name":"Chemicals","item":"https:\/\/chemitool.com\/pt-pt\/categoria-produto\/chemicals\/"},{"@type":"ListItem","position":4,"name":"Acess\u00f3rios","item":"https:\/\/chemitool.com\/pt-pt\/categoria-produto\/chemicals\/acessorios-pt-pt\/"},{"@type":"ListItem","position":5,"name":"Cord\u00e3o de Fundo de Junta PE"}]}]}},"_links":{"self":[{"href":"https:\/\/chemitool.com\/pt-pt\/wp-json\/wp\/v2\/product\/20885"}],"collection":[{"href":"https:\/\/chemitool.com\/pt-pt\/wp-json\/wp\/v2\/product"}],"about":[{"href":"https:\/\/chemitool.com\/pt-pt\/wp-json\/wp\/v2\/types\/product"}],"wp:featuredmedia":[{"embeddable":true,"href":"https:\/\/chemitool.com\/pt-pt\/wp-json\/wp\/v2\/media\/20867"}],"wp:attachment":[{"href":"https:\/\/chemitool.com\/pt-pt\/wp-json\/wp\/v2\/media?parent=20885"}],"wp:term":[{"taxonomy":"product_cat","embeddable":true,"href":"https:\/\/chemitool.com\/pt-pt\/wp-json\/wp\/v2\/product_cat?post=20885"},{"taxonomy":"product_tag","embeddable":true,"href":"https:\/\/chemitool.com\/pt-pt\/wp-json\/wp\/v2\/product_tag?post=20885"}],"curies":[{"name":"wp","href":"https:\/\/api.w.org\/{rel}","templated":true}]}}