{"id":20757,"date":"2022-04-05T10:50:35","date_gmt":"2022-04-05T10:50:49","guid":{"rendered":"https:\/\/chemitool.com\/?post_type=product&#038;p=20757"},"modified":"2022-08-02T09:14:36","modified_gmt":"2022-08-02T09:14:36","slug":"disco-de-limpeza-s-base","status":"publish","type":"product","link":"https:\/\/chemitool.com\/pt-pt\/products\/cutting\/discos-de-lamelas\/discos-de-lamelas-standard\/disco-de-limpeza-s-base\/","title":{"rendered":"DISCO DE LIMPEZA S\/ BASE"},"content":{"rendered":"<p><strong>VANTAGENS<\/strong><\/p>\n<ul>\n<li>Prepara\u00e7\u00e3o da superf\u00edcie<\/li>\n<li>Flexibilidade<\/li>\n<li>Adapta\u00e7\u00e3o aos contornos<\/li>\n<li>N\u00e3o empapa<\/li>\n<li>Longa vida \u00fatil da ferramenta<\/li>\n<\/ul>\n<p>O Disco de Limpeza CHEMITOOL \u00e9 feito de material n\u00e3o-tecido de estrutura grossa, desenvolvido atrav\u00e9s de uma combina\u00e7\u00e3o especial de fibras de poli\u00e9ster com gr\u00e3os<br \/>\nabrasivos de carboneto de sil\u00edcio.<\/p>\n<p>Adequado para limpeza e prepara\u00e7\u00e3o da superf\u00edcie a ser trabalhada, com alta taxa de remo\u00e7\u00e3o de material, mantendo uma vida \u00fatil muito longa.<\/p>\n<p>Pode ser usado para limpeza h\u00famida ou seca. \u00c9 recomendado o uso de berbequins com a fun\u00e7\u00e3o de percuss\u00e3o desativada e para melhores resultados, a uma velocidade aproximada dos 43 m\/s.<\/p>\n<p><img class=\"alignnone wp-image-20763\" src=\"https:\/\/chemitool.com\/wp-content\/uploads\/2022\/04\/Artboard-4-300x300.png\" alt=\"\" width=\"80\" height=\"80\" srcset=\"https:\/\/chemitool.com\/wp-content\/uploads\/2022\/04\/Artboard-4-300x300.png 300w, https:\/\/chemitool.com\/wp-content\/uploads\/2022\/04\/Artboard-4-150x150.png 150w, https:\/\/chemitool.com\/wp-content\/uploads\/2022\/04\/Artboard-4-768x767.png 768w, https:\/\/chemitool.com\/wp-content\/uploads\/2022\/04\/Artboard-4-650x650.png 650w, https:\/\/chemitool.com\/wp-content\/uploads\/2022\/04\/Artboard-4-600x599.png 600w, https:\/\/chemitool.com\/wp-content\/uploads\/2022\/04\/Artboard-4-100x100.png 100w, https:\/\/chemitool.com\/wp-content\/uploads\/2022\/04\/Artboard-4.png 801w\" sizes=\"(max-width: 80px) 100vw, 80px\" \/>\u00a0<img class=\"alignnone wp-image-20759\" src=\"https:\/\/chemitool.com\/wp-content\/uploads\/2022\/04\/Artboard-8-300x300.png\" alt=\"\" width=\"80\" height=\"80\" srcset=\"https:\/\/chemitool.com\/wp-content\/uploads\/2022\/04\/Artboard-8-300x300.png 300w, https:\/\/chemitool.com\/wp-content\/uploads\/2022\/04\/Artboard-8-150x150.png 150w, https:\/\/chemitool.com\/wp-content\/uploads\/2022\/04\/Artboard-8-768x767.png 768w, https:\/\/chemitool.com\/wp-content\/uploads\/2022\/04\/Artboard-8-650x650.png 650w, https:\/\/chemitool.com\/wp-content\/uploads\/2022\/04\/Artboard-8-600x599.png 600w, https:\/\/chemitool.com\/wp-content\/uploads\/2022\/04\/Artboard-8-100x100.png 100w, https:\/\/chemitool.com\/wp-content\/uploads\/2022\/04\/Artboard-8.png 801w\" sizes=\"(max-width: 80px) 100vw, 80px\" \/>\u00a0<img class=\"alignnone wp-image-20767\" src=\"https:\/\/chemitool.com\/wp-content\/uploads\/2022\/04\/Artboard-6-300x300.png\" alt=\"\" width=\"80\" height=\"80\" srcset=\"https:\/\/chemitool.com\/wp-content\/uploads\/2022\/04\/Artboard-6-300x300.png 300w, https:\/\/chemitool.com\/wp-content\/uploads\/2022\/04\/Artboard-6-150x150.png 150w, https:\/\/chemitool.com\/wp-content\/uploads\/2022\/04\/Artboard-6-768x767.png 768w, https:\/\/chemitool.com\/wp-content\/uploads\/2022\/04\/Artboard-6-650x650.png 650w, https:\/\/chemitool.com\/wp-content\/uploads\/2022\/04\/Artboard-6-600x599.png 600w, https:\/\/chemitool.com\/wp-content\/uploads\/2022\/04\/Artboard-6-100x100.png 100w, https:\/\/chemitool.com\/wp-content\/uploads\/2022\/04\/Artboard-6.png 801w\" sizes=\"(max-width: 80px) 100vw, 80px\" \/>\u00a0<img class=\"alignnone wp-image-20770\" src=\"https:\/\/chemitool.com\/wp-content\/uploads\/2022\/04\/Artboard-5-300x300.png\" alt=\"\" width=\"80\" height=\"80\" srcset=\"https:\/\/chemitool.com\/wp-content\/uploads\/2022\/04\/Artboard-5-300x300.png 300w, https:\/\/chemitool.com\/wp-content\/uploads\/2022\/04\/Artboard-5-150x150.png 150w, https:\/\/chemitool.com\/wp-content\/uploads\/2022\/04\/Artboard-5-768x767.png 768w, https:\/\/chemitool.com\/wp-content\/uploads\/2022\/04\/Artboard-5-650x650.png 650w, https:\/\/chemitool.com\/wp-content\/uploads\/2022\/04\/Artboard-5-600x599.png 600w, https:\/\/chemitool.com\/wp-content\/uploads\/2022\/04\/Artboard-5-100x100.png 100w, https:\/\/chemitool.com\/wp-content\/uploads\/2022\/04\/Artboard-5.png 801w\" sizes=\"(max-width: 80px) 100vw, 80px\" \/>\u00a0<img class=\"alignnone wp-image-20773\" src=\"https:\/\/chemitool.com\/wp-content\/uploads\/2022\/04\/Artboard-3-300x300.png\" alt=\"\" width=\"80\" height=\"80\" srcset=\"https:\/\/chemitool.com\/wp-content\/uploads\/2022\/04\/Artboard-3-300x300.png 300w, https:\/\/chemitool.com\/wp-content\/uploads\/2022\/04\/Artboard-3-150x150.png 150w, https:\/\/chemitool.com\/wp-content\/uploads\/2022\/04\/Artboard-3-768x767.png 768w, https:\/\/chemitool.com\/wp-content\/uploads\/2022\/04\/Artboard-3-650x650.png 650w, https:\/\/chemitool.com\/wp-content\/uploads\/2022\/04\/Artboard-3-600x599.png 600w, https:\/\/chemitool.com\/wp-content\/uploads\/2022\/04\/Artboard-3-100x100.png 100w, https:\/\/chemitool.com\/wp-content\/uploads\/2022\/04\/Artboard-3.png 801w\" sizes=\"(max-width: 80px) 100vw, 80px\" \/>\u00a0<img class=\"alignnone wp-image-20776\" src=\"https:\/\/chemitool.com\/wp-content\/uploads\/2022\/04\/Artboard-2-300x300.png\" alt=\"\" width=\"80\" height=\"80\" srcset=\"https:\/\/chemitool.com\/wp-content\/uploads\/2022\/04\/Artboard-2-300x300.png 300w, https:\/\/chemitool.com\/wp-content\/uploads\/2022\/04\/Artboard-2-150x150.png 150w, https:\/\/chemitool.com\/wp-content\/uploads\/2022\/04\/Artboard-2-768x767.png 768w, https:\/\/chemitool.com\/wp-content\/uploads\/2022\/04\/Artboard-2-650x650.png 650w, https:\/\/chemitool.com\/wp-content\/uploads\/2022\/04\/Artboard-2-600x599.png 600w, https:\/\/chemitool.com\/wp-content\/uploads\/2022\/04\/Artboard-2-100x100.png 100w, https:\/\/chemitool.com\/wp-content\/uploads\/2022\/04\/Artboard-2.png 801w\" sizes=\"(max-width: 80px) 100vw, 80px\" \/><img class=\"alignnone wp-image-20804\" src=\"https:\/\/chemitool.com\/wp-content\/uploads\/2022\/04\/LONG-TIME-01-black-300x241.png\" alt=\"\" width=\"90\" height=\"72\" srcset=\"https:\/\/chemitool.com\/wp-content\/uploads\/2022\/04\/LONG-TIME-01-black-300x241.png 300w, https:\/\/chemitool.com\/wp-content\/uploads\/2022\/04\/LONG-TIME-01-black.png 555w\" sizes=\"(max-width: 90px) 100vw, 90px\" \/><\/p>\n","protected":false},"excerpt":{"rendered":"<p>O <em>Disco de Limpeza CHEMITOOL<\/em> \u00e9 adequado para trabalhos de decapagem e limpeza de superf\u00edcies com dif\u00edcil acesso, conseguindo abranger uma \u00e1rea superior \u00e0s escovas de arame e com maior n\u00edvel de seguran\u00e7a.<\/p>\n","protected":false},"featured_media":21491,"template":"","meta":[],"product_cat":[1422,1448,1494],"product_tag":[1474],"yoast_head":"<!-- This site is optimized with the Yoast SEO plugin v17.4 - https:\/\/yoast.com\/wordpress\/plugins\/seo\/ -->\n<title>DISCO DE LIMPEZA S\/ BASE &ndash; Chemitool<\/title>\n<meta name=\"description\" content=\"O Disco de Limpeza CHEMITOOL \u00e9 adequado para trabalhos de decapagem e limpeza de superf\u00edcies com dif\u00edcil acesso, conseguindo abranger uma \u00e1rea superior \u00e0s escovas de arame e com maior n\u00edvel de seguran\u00e7a.\" \/>\n<meta name=\"robots\" content=\"index, follow, max-snippet:-1, max-image-preview:large, max-video-preview:-1\" \/>\n<link rel=\"canonical\" href=\"https:\/\/chemitool.com\/pt-pt\/products\/cutting\/discos-de-lamelas\/discos-de-lamelas-standard\/disco-de-limpeza-s-base\/\" \/>\n<meta property=\"og:locale\" content=\"pt_PT\" \/>\n<meta property=\"og:type\" content=\"article\" \/>\n<meta property=\"og:title\" content=\"DISCO DE LIMPEZA S\/ BASE &ndash; Chemitool\" \/>\n<meta property=\"og:description\" content=\"O Disco de Limpeza CHEMITOOL \u00e9 adequado para trabalhos de decapagem e limpeza de superf\u00edcies com dif\u00edcil acesso, conseguindo abranger uma \u00e1rea superior \u00e0s escovas de arame e com maior n\u00edvel de seguran\u00e7a.\" \/>\n<meta property=\"og:url\" content=\"https:\/\/chemitool.com\/pt-pt\/products\/cutting\/discos-de-lamelas\/discos-de-lamelas-standard\/disco-de-limpeza-s-base\/\" \/>\n<meta property=\"og:site_name\" content=\"Chemitool\" \/>\n<meta property=\"article:publisher\" content=\"https:\/\/www.facebook.com\/chemitool\" \/>\n<meta property=\"article:modified_time\" content=\"2022-08-02T09:14:36+00:00\" \/>\n<meta property=\"og:image\" content=\"https:\/\/chemitool.com\/wp-content\/uploads\/2022\/04\/CHA0602150001_SOMBRA.png\" \/>\n\t<meta property=\"og:image:width\" content=\"800\" \/>\n\t<meta property=\"og:image:height\" content=\"800\" \/>\n<meta name=\"twitter:card\" content=\"summary_large_image\" \/>\n<meta name=\"twitter:label1\" content=\"Tempo estimado de leitura\" \/>\n\t<meta name=\"twitter:data1\" content=\"1 minuto\" \/>\n<script type=\"application\/ld+json\" class=\"yoast-schema-graph\">{\"@context\":\"https:\/\/schema.org\",\"@graph\":[{\"@type\":\"Organization\",\"@id\":\"https:\/\/chemitool.com\/#organization\",\"name\":\"Chemitool\",\"url\":\"https:\/\/chemitool.com\/\",\"sameAs\":[\"https:\/\/www.facebook.com\/chemitool\",\"https:\/\/www.instagram.com\/chemitool\/\"],\"logo\":{\"@type\":\"ImageObject\",\"@id\":\"https:\/\/chemitool.com\/#logo\",\"inLanguage\":\"pt-PT\",\"url\":\"https:\/\/chemitool.com\/wp-content\/uploads\/2020\/10\/logo_chemitool.png\",\"contentUrl\":\"https:\/\/chemitool.com\/wp-content\/uploads\/2020\/10\/logo_chemitool.png\",\"width\":400,\"height\":400,\"caption\":\"Chemitool\"},\"image\":{\"@id\":\"https:\/\/chemitool.com\/#logo\"}},{\"@type\":\"WebSite\",\"@id\":\"https:\/\/chemitool.com\/#website\",\"url\":\"https:\/\/chemitool.com\/\",\"name\":\"Chemitool\",\"description\":\"Chemitool - hardware and tools\",\"publisher\":{\"@id\":\"https:\/\/chemitool.com\/#organization\"},\"potentialAction\":[{\"@type\":\"SearchAction\",\"target\":{\"@type\":\"EntryPoint\",\"urlTemplate\":\"https:\/\/chemitool.com\/?s={search_term_string}\"},\"query-input\":\"required name=search_term_string\"}],\"inLanguage\":\"pt-PT\"},{\"@type\":\"ImageObject\",\"@id\":\"https:\/\/chemitool.com\/pt-pt\/products\/cutting\/discos-de-lamelas\/discos-de-lamelas-standard\/disco-de-limpeza-s-base\/#primaryimage\",\"inLanguage\":\"pt-PT\",\"url\":\"https:\/\/chemitool.com\/wp-content\/uploads\/2022\/04\/CHA0602150001_SOMBRA.png\",\"contentUrl\":\"https:\/\/chemitool.com\/wp-content\/uploads\/2022\/04\/CHA0602150001_SOMBRA.png\",\"width\":800,\"height\":800},{\"@type\":\"WebPage\",\"@id\":\"https:\/\/chemitool.com\/pt-pt\/products\/cutting\/discos-de-lamelas\/discos-de-lamelas-standard\/disco-de-limpeza-s-base\/#webpage\",\"url\":\"https:\/\/chemitool.com\/pt-pt\/products\/cutting\/discos-de-lamelas\/discos-de-lamelas-standard\/disco-de-limpeza-s-base\/\",\"name\":\"DISCO DE LIMPEZA S\/ BASE &ndash; Chemitool\",\"isPartOf\":{\"@id\":\"https:\/\/chemitool.com\/#website\"},\"primaryImageOfPage\":{\"@id\":\"https:\/\/chemitool.com\/pt-pt\/products\/cutting\/discos-de-lamelas\/discos-de-lamelas-standard\/disco-de-limpeza-s-base\/#primaryimage\"},\"datePublished\":\"2022-04-05T10:50:49+00:00\",\"dateModified\":\"2022-08-02T09:14:36+00:00\",\"description\":\"O Disco de Limpeza CHEMITOOL \\u00e9 adequado para trabalhos de decapagem e limpeza de superf\\u00edcies com dif\\u00edcil acesso, conseguindo abranger uma \\u00e1rea superior \\u00e0s escovas de arame e com maior n\\u00edvel de seguran\\u00e7a.\",\"breadcrumb\":{\"@id\":\"https:\/\/chemitool.com\/pt-pt\/products\/cutting\/discos-de-lamelas\/discos-de-lamelas-standard\/disco-de-limpeza-s-base\/#breadcrumb\"},\"inLanguage\":\"pt-PT\",\"potentialAction\":[{\"@type\":\"ReadAction\",\"target\":[\"https:\/\/chemitool.com\/pt-pt\/products\/cutting\/discos-de-lamelas\/discos-de-lamelas-standard\/disco-de-limpeza-s-base\/\"]}]},{\"@type\":\"BreadcrumbList\",\"@id\":\"https:\/\/chemitool.com\/pt-pt\/products\/cutting\/discos-de-lamelas\/discos-de-lamelas-standard\/disco-de-limpeza-s-base\/#breadcrumb\",\"itemListElement\":[{\"@type\":\"ListItem\",\"position\":1,\"name\":\"Home\",\"item\":\"https:\/\/chemitool.com\/pt-pt\/\"},{\"@type\":\"ListItem\",\"position\":2,\"name\":\"Produtos\",\"item\":\"https:\/\/chemitool.com\/pt-pt\/produtos\/\"},{\"@type\":\"ListItem\",\"position\":3,\"name\":\"Cutting\",\"item\":\"https:\/\/chemitool.com\/pt-pt\/categoria-produto\/cutting\/\"},{\"@type\":\"ListItem\",\"position\":4,\"name\":\"Discos de Lamelas\",\"item\":\"https:\/\/chemitool.com\/pt-pt\/categoria-produto\/cutting\/discos-de-lamelas\/\"},{\"@type\":\"ListItem\",\"position\":5,\"name\":\"Discos de Lamelas Standard\",\"item\":\"https:\/\/chemitool.com\/pt-pt\/categoria-produto\/cutting\/discos-de-lamelas\/discos-de-lamelas-standard\/\"},{\"@type\":\"ListItem\",\"position\":6,\"name\":\"DISCO DE LIMPEZA S\/ BASE\"}]}]}<\/script>\n<!-- \/ Yoast SEO plugin. -->","yoast_head_json":{"title":"DISCO DE LIMPEZA S\/ BASE &ndash; Chemitool","description":"O Disco de Limpeza CHEMITOOL \u00e9 adequado para trabalhos de decapagem e limpeza de superf\u00edcies com dif\u00edcil acesso, conseguindo abranger uma \u00e1rea superior \u00e0s escovas de arame e com maior n\u00edvel de seguran\u00e7a.","robots":{"index":"index","follow":"follow","max-snippet":"max-snippet:-1","max-image-preview":"max-image-preview:large","max-video-preview":"max-video-preview:-1"},"canonical":"https:\/\/chemitool.com\/pt-pt\/products\/cutting\/discos-de-lamelas\/discos-de-lamelas-standard\/disco-de-limpeza-s-base\/","og_locale":"pt_PT","og_type":"article","og_title":"DISCO DE LIMPEZA S\/ BASE &ndash; Chemitool","og_description":"O Disco de Limpeza CHEMITOOL \u00e9 adequado para trabalhos de decapagem e limpeza de superf\u00edcies com dif\u00edcil acesso, conseguindo abranger uma \u00e1rea superior \u00e0s escovas de arame e com maior n\u00edvel de seguran\u00e7a.","og_url":"https:\/\/chemitool.com\/pt-pt\/products\/cutting\/discos-de-lamelas\/discos-de-lamelas-standard\/disco-de-limpeza-s-base\/","og_site_name":"Chemitool","article_publisher":"https:\/\/www.facebook.com\/chemitool","article_modified_time":"2022-08-02T09:14:36+00:00","og_image":[{"width":800,"height":800,"url":"https:\/\/chemitool.com\/wp-content\/uploads\/2022\/04\/CHA0602150001_SOMBRA.png","type":"image\/png"}],"twitter_card":"summary_large_image","twitter_misc":{"Tempo estimado de leitura":"1 minuto"},"schema":{"@context":"https:\/\/schema.org","@graph":[{"@type":"Organization","@id":"https:\/\/chemitool.com\/#organization","name":"Chemitool","url":"https:\/\/chemitool.com\/","sameAs":["https:\/\/www.facebook.com\/chemitool","https:\/\/www.instagram.com\/chemitool\/"],"logo":{"@type":"ImageObject","@id":"https:\/\/chemitool.com\/#logo","inLanguage":"pt-PT","url":"https:\/\/chemitool.com\/wp-content\/uploads\/2020\/10\/logo_chemitool.png","contentUrl":"https:\/\/chemitool.com\/wp-content\/uploads\/2020\/10\/logo_chemitool.png","width":400,"height":400,"caption":"Chemitool"},"image":{"@id":"https:\/\/chemitool.com\/#logo"}},{"@type":"WebSite","@id":"https:\/\/chemitool.com\/#website","url":"https:\/\/chemitool.com\/","name":"Chemitool","description":"Chemitool - hardware and tools","publisher":{"@id":"https:\/\/chemitool.com\/#organization"},"potentialAction":[{"@type":"SearchAction","target":{"@type":"EntryPoint","urlTemplate":"https:\/\/chemitool.com\/?s={search_term_string}"},"query-input":"required name=search_term_string"}],"inLanguage":"pt-PT"},{"@type":"ImageObject","@id":"https:\/\/chemitool.com\/pt-pt\/products\/cutting\/discos-de-lamelas\/discos-de-lamelas-standard\/disco-de-limpeza-s-base\/#primaryimage","inLanguage":"pt-PT","url":"https:\/\/chemitool.com\/wp-content\/uploads\/2022\/04\/CHA0602150001_SOMBRA.png","contentUrl":"https:\/\/chemitool.com\/wp-content\/uploads\/2022\/04\/CHA0602150001_SOMBRA.png","width":800,"height":800},{"@type":"WebPage","@id":"https:\/\/chemitool.com\/pt-pt\/products\/cutting\/discos-de-lamelas\/discos-de-lamelas-standard\/disco-de-limpeza-s-base\/#webpage","url":"https:\/\/chemitool.com\/pt-pt\/products\/cutting\/discos-de-lamelas\/discos-de-lamelas-standard\/disco-de-limpeza-s-base\/","name":"DISCO DE LIMPEZA S\/ BASE &ndash; Chemitool","isPartOf":{"@id":"https:\/\/chemitool.com\/#website"},"primaryImageOfPage":{"@id":"https:\/\/chemitool.com\/pt-pt\/products\/cutting\/discos-de-lamelas\/discos-de-lamelas-standard\/disco-de-limpeza-s-base\/#primaryimage"},"datePublished":"2022-04-05T10:50:49+00:00","dateModified":"2022-08-02T09:14:36+00:00","description":"O Disco de Limpeza CHEMITOOL \u00e9 adequado para trabalhos de decapagem e limpeza de superf\u00edcies com dif\u00edcil acesso, conseguindo abranger uma \u00e1rea superior \u00e0s escovas de arame e com maior n\u00edvel de seguran\u00e7a.","breadcrumb":{"@id":"https:\/\/chemitool.com\/pt-pt\/products\/cutting\/discos-de-lamelas\/discos-de-lamelas-standard\/disco-de-limpeza-s-base\/#breadcrumb"},"inLanguage":"pt-PT","potentialAction":[{"@type":"ReadAction","target":["https:\/\/chemitool.com\/pt-pt\/products\/cutting\/discos-de-lamelas\/discos-de-lamelas-standard\/disco-de-limpeza-s-base\/"]}]},{"@type":"BreadcrumbList","@id":"https:\/\/chemitool.com\/pt-pt\/products\/cutting\/discos-de-lamelas\/discos-de-lamelas-standard\/disco-de-limpeza-s-base\/#breadcrumb","itemListElement":[{"@type":"ListItem","position":1,"name":"Home","item":"https:\/\/chemitool.com\/pt-pt\/"},{"@type":"ListItem","position":2,"name":"Produtos","item":"https:\/\/chemitool.com\/pt-pt\/produtos\/"},{"@type":"ListItem","position":3,"name":"Cutting","item":"https:\/\/chemitool.com\/pt-pt\/categoria-produto\/cutting\/"},{"@type":"ListItem","position":4,"name":"Discos de Lamelas","item":"https:\/\/chemitool.com\/pt-pt\/categoria-produto\/cutting\/discos-de-lamelas\/"},{"@type":"ListItem","position":5,"name":"Discos de Lamelas Standard","item":"https:\/\/chemitool.com\/pt-pt\/categoria-produto\/cutting\/discos-de-lamelas\/discos-de-lamelas-standard\/"},{"@type":"ListItem","position":6,"name":"DISCO DE LIMPEZA S\/ BASE"}]}]}},"_links":{"self":[{"href":"https:\/\/chemitool.com\/pt-pt\/wp-json\/wp\/v2\/product\/20757"}],"collection":[{"href":"https:\/\/chemitool.com\/pt-pt\/wp-json\/wp\/v2\/product"}],"about":[{"href":"https:\/\/chemitool.com\/pt-pt\/wp-json\/wp\/v2\/types\/product"}],"wp:featuredmedia":[{"embeddable":true,"href":"https:\/\/chemitool.com\/pt-pt\/wp-json\/wp\/v2\/media\/21491"}],"wp:attachment":[{"href":"https:\/\/chemitool.com\/pt-pt\/wp-json\/wp\/v2\/media?parent=20757"}],"wp:term":[{"taxonomy":"product_cat","embeddable":true,"href":"https:\/\/chemitool.com\/pt-pt\/wp-json\/wp\/v2\/product_cat?post=20757"},{"taxonomy":"product_tag","embeddable":true,"href":"https:\/\/chemitool.com\/pt-pt\/wp-json\/wp\/v2\/product_tag?post=20757"}],"curies":[{"name":"wp","href":"https:\/\/api.w.org\/{rel}","templated":true}]}}