{"id":20655,"date":"2022-04-01T10:37:28","date_gmt":"2022-04-01T10:37:36","guid":{"rendered":"https:\/\/chemitool.com\/?post_type=product&#038;p=20655"},"modified":"2022-11-28T11:57:45","modified_gmt":"2022-11-28T11:57:45","slug":"escadote-aluminio-reforcado","status":"publish","type":"product","link":"https:\/\/chemitool.com\/pt-pt\/products\/tools\/escadas-e-escadotes\/escadotes\/escadote-aluminio-reforcado\/","title":{"rendered":"ESCADOTE ALUM\u00cdNIO REFOR\u00c7ADO"},"content":{"rendered":"<ul>\n<li>Dispon\u00edvel na vers\u00e3o de 3 a 8 degraus<\/li>\n<li>Estrutura s\u00f3lida e resistente<\/li>\n<li>Tampo superior antiderrapante em a\u00e7o tratado com sistema de bloqueio<\/li>\n<li>Equipado com bandeja porta-ferramentas<\/li>\n<li>Tacos de apoio em PVC antiderrapante com m\u00e1xima robustez<\/li>\n<li>Precintas com seguran\u00e7a antiabertura<\/li>\n<li>Degrau antiderrapante extra largo com 120 mm e em alum\u00ednio com capas de prote\u00e7\u00e3o<\/li>\n<li>Degraus com soldadura robotizada<\/li>\n<\/ul>\n<p><strong>Certificado com a norma europeia EN131<\/strong><\/p>\n","protected":false},"excerpt":{"rendered":"<p><em>Escadote de Alum\u00ednio Refor\u00e7ado CHEMITOOL<\/em> \u00e9 um escadote profissional em alum\u00ednio &#8211; soldadura robotizada. Degraus antiderrapantes (120 mm) e plataforma (290 mm) com largura extra, articula\u00e7\u00f5es de alta qualidade e porta ferramentas. Cintas de seguran\u00e7a e p\u00e9s antiderrapantes extra.<\/p>\n","protected":false},"featured_media":20657,"template":"","meta":[],"product_cat":[1455,3617,3607],"product_tag":[3718,3723],"yoast_head":"<!-- This site is optimized with the Yoast SEO plugin v17.4 - https:\/\/yoast.com\/wordpress\/plugins\/seo\/ -->\n<title>ESCADOTE ALUM\u00cdNIO REFOR\u00c7ADO &ndash; Chemitool<\/title>\n<meta name=\"description\" content=\"Escadote de Alum\u00ednio Refor\u00e7ado CHEMITOOL \u00e9 um escadote profissional em alum\u00ednio - soldadura robotizada. Degraus antiderrapantes (120 mm) e plataforma (290 mm) com largura extra, articula\u00e7\u00f5es de alta qualidade e porta ferramentas. Cintas de seguran\u00e7a e p\u00e9s antiderrapantes extra.\" \/>\n<meta name=\"robots\" content=\"index, follow, max-snippet:-1, max-image-preview:large, max-video-preview:-1\" \/>\n<link rel=\"canonical\" href=\"https:\/\/chemitool.com\/pt-pt\/products\/tools\/escadas-e-escadotes\/escadotes\/escadote-aluminio-reforcado\/\" \/>\n<meta property=\"og:locale\" content=\"pt_PT\" \/>\n<meta property=\"og:type\" content=\"article\" \/>\n<meta property=\"og:title\" content=\"ESCADOTE ALUM\u00cdNIO REFOR\u00c7ADO &ndash; Chemitool\" \/>\n<meta property=\"og:description\" content=\"Escadote de Alum\u00ednio Refor\u00e7ado CHEMITOOL \u00e9 um escadote profissional em alum\u00ednio - soldadura robotizada. Degraus antiderrapantes (120 mm) e plataforma (290 mm) com largura extra, articula\u00e7\u00f5es de alta qualidade e porta ferramentas. Cintas de seguran\u00e7a e p\u00e9s antiderrapantes extra.\" \/>\n<meta property=\"og:url\" content=\"https:\/\/chemitool.com\/pt-pt\/products\/tools\/escadas-e-escadotes\/escadotes\/escadote-aluminio-reforcado\/\" \/>\n<meta property=\"og:site_name\" content=\"Chemitool\" \/>\n<meta property=\"article:publisher\" content=\"https:\/\/www.facebook.com\/chemitool\" \/>\n<meta property=\"article:modified_time\" content=\"2022-11-28T11:57:45+00:00\" \/>\n<meta property=\"og:image\" content=\"https:\/\/chemitool.com\/wp-content\/uploads\/2022\/04\/chemitool-tools_cht200203030.png\" \/>\n\t<meta property=\"og:image:width\" content=\"800\" \/>\n\t<meta property=\"og:image:height\" content=\"800\" \/>\n<meta name=\"twitter:card\" content=\"summary_large_image\" \/>\n<script type=\"application\/ld+json\" class=\"yoast-schema-graph\">{\"@context\":\"https:\/\/schema.org\",\"@graph\":[{\"@type\":\"Organization\",\"@id\":\"https:\/\/chemitool.com\/#organization\",\"name\":\"Chemitool\",\"url\":\"https:\/\/chemitool.com\/\",\"sameAs\":[\"https:\/\/www.facebook.com\/chemitool\",\"https:\/\/www.instagram.com\/chemitool\/\"],\"logo\":{\"@type\":\"ImageObject\",\"@id\":\"https:\/\/chemitool.com\/#logo\",\"inLanguage\":\"pt-PT\",\"url\":\"https:\/\/chemitool.com\/wp-content\/uploads\/2020\/10\/logo_chemitool.png\",\"contentUrl\":\"https:\/\/chemitool.com\/wp-content\/uploads\/2020\/10\/logo_chemitool.png\",\"width\":400,\"height\":400,\"caption\":\"Chemitool\"},\"image\":{\"@id\":\"https:\/\/chemitool.com\/#logo\"}},{\"@type\":\"WebSite\",\"@id\":\"https:\/\/chemitool.com\/#website\",\"url\":\"https:\/\/chemitool.com\/\",\"name\":\"Chemitool\",\"description\":\"Chemitool - hardware and tools\",\"publisher\":{\"@id\":\"https:\/\/chemitool.com\/#organization\"},\"potentialAction\":[{\"@type\":\"SearchAction\",\"target\":{\"@type\":\"EntryPoint\",\"urlTemplate\":\"https:\/\/chemitool.com\/?s={search_term_string}\"},\"query-input\":\"required name=search_term_string\"}],\"inLanguage\":\"pt-PT\"},{\"@type\":\"ImageObject\",\"@id\":\"https:\/\/chemitool.com\/pt-pt\/products\/tools\/escadas-e-escadotes\/escadotes\/escadote-aluminio-reforcado\/#primaryimage\",\"inLanguage\":\"pt-PT\",\"url\":\"https:\/\/chemitool.com\/wp-content\/uploads\/2022\/04\/chemitool-tools_cht200203030.png\",\"contentUrl\":\"https:\/\/chemitool.com\/wp-content\/uploads\/2022\/04\/chemitool-tools_cht200203030.png\",\"width\":800,\"height\":800},{\"@type\":\"WebPage\",\"@id\":\"https:\/\/chemitool.com\/pt-pt\/products\/tools\/escadas-e-escadotes\/escadotes\/escadote-aluminio-reforcado\/#webpage\",\"url\":\"https:\/\/chemitool.com\/pt-pt\/products\/tools\/escadas-e-escadotes\/escadotes\/escadote-aluminio-reforcado\/\",\"name\":\"ESCADOTE ALUM\\u00cdNIO REFOR\\u00c7ADO &ndash; Chemitool\",\"isPartOf\":{\"@id\":\"https:\/\/chemitool.com\/#website\"},\"primaryImageOfPage\":{\"@id\":\"https:\/\/chemitool.com\/pt-pt\/products\/tools\/escadas-e-escadotes\/escadotes\/escadote-aluminio-reforcado\/#primaryimage\"},\"datePublished\":\"2022-04-01T10:37:36+00:00\",\"dateModified\":\"2022-11-28T11:57:45+00:00\",\"description\":\"Escadote de Alum\\u00ednio Refor\\u00e7ado CHEMITOOL \\u00e9 um escadote profissional em alum\\u00ednio - soldadura robotizada. Degraus antiderrapantes (120 mm) e plataforma (290 mm) com largura extra, articula\\u00e7\\u00f5es de alta qualidade e porta ferramentas. Cintas de seguran\\u00e7a e p\\u00e9s antiderrapantes extra.\",\"breadcrumb\":{\"@id\":\"https:\/\/chemitool.com\/pt-pt\/products\/tools\/escadas-e-escadotes\/escadotes\/escadote-aluminio-reforcado\/#breadcrumb\"},\"inLanguage\":\"pt-PT\",\"potentialAction\":[{\"@type\":\"ReadAction\",\"target\":[\"https:\/\/chemitool.com\/pt-pt\/products\/tools\/escadas-e-escadotes\/escadotes\/escadote-aluminio-reforcado\/\"]}]},{\"@type\":\"BreadcrumbList\",\"@id\":\"https:\/\/chemitool.com\/pt-pt\/products\/tools\/escadas-e-escadotes\/escadotes\/escadote-aluminio-reforcado\/#breadcrumb\",\"itemListElement\":[{\"@type\":\"ListItem\",\"position\":1,\"name\":\"Home\",\"item\":\"https:\/\/chemitool.com\/pt-pt\/\"},{\"@type\":\"ListItem\",\"position\":2,\"name\":\"Produtos\",\"item\":\"https:\/\/chemitool.com\/pt-pt\/produtos\/\"},{\"@type\":\"ListItem\",\"position\":3,\"name\":\"Tools\",\"item\":\"https:\/\/chemitool.com\/pt-pt\/categoria-produto\/tools\/\"},{\"@type\":\"ListItem\",\"position\":4,\"name\":\"Escadas e Escadotes\",\"item\":\"https:\/\/chemitool.com\/pt-pt\/categoria-produto\/tools\/escadas-e-escadotes\/\"},{\"@type\":\"ListItem\",\"position\":5,\"name\":\"ESCADOTE ALUM\\u00cdNIO REFOR\\u00c7ADO\"}]}]}<\/script>\n<!-- \/ Yoast SEO plugin. -->","yoast_head_json":{"title":"ESCADOTE ALUM\u00cdNIO REFOR\u00c7ADO &ndash; Chemitool","description":"Escadote de Alum\u00ednio Refor\u00e7ado CHEMITOOL \u00e9 um escadote profissional em alum\u00ednio - soldadura robotizada. Degraus antiderrapantes (120 mm) e plataforma (290 mm) com largura extra, articula\u00e7\u00f5es de alta qualidade e porta ferramentas. Cintas de seguran\u00e7a e p\u00e9s antiderrapantes extra.","robots":{"index":"index","follow":"follow","max-snippet":"max-snippet:-1","max-image-preview":"max-image-preview:large","max-video-preview":"max-video-preview:-1"},"canonical":"https:\/\/chemitool.com\/pt-pt\/products\/tools\/escadas-e-escadotes\/escadotes\/escadote-aluminio-reforcado\/","og_locale":"pt_PT","og_type":"article","og_title":"ESCADOTE ALUM\u00cdNIO REFOR\u00c7ADO &ndash; Chemitool","og_description":"Escadote de Alum\u00ednio Refor\u00e7ado CHEMITOOL \u00e9 um escadote profissional em alum\u00ednio - soldadura robotizada. Degraus antiderrapantes (120 mm) e plataforma (290 mm) com largura extra, articula\u00e7\u00f5es de alta qualidade e porta ferramentas. Cintas de seguran\u00e7a e p\u00e9s antiderrapantes extra.","og_url":"https:\/\/chemitool.com\/pt-pt\/products\/tools\/escadas-e-escadotes\/escadotes\/escadote-aluminio-reforcado\/","og_site_name":"Chemitool","article_publisher":"https:\/\/www.facebook.com\/chemitool","article_modified_time":"2022-11-28T11:57:45+00:00","og_image":[{"width":800,"height":800,"url":"https:\/\/chemitool.com\/wp-content\/uploads\/2022\/04\/chemitool-tools_cht200203030.png","type":"image\/png"}],"twitter_card":"summary_large_image","schema":{"@context":"https:\/\/schema.org","@graph":[{"@type":"Organization","@id":"https:\/\/chemitool.com\/#organization","name":"Chemitool","url":"https:\/\/chemitool.com\/","sameAs":["https:\/\/www.facebook.com\/chemitool","https:\/\/www.instagram.com\/chemitool\/"],"logo":{"@type":"ImageObject","@id":"https:\/\/chemitool.com\/#logo","inLanguage":"pt-PT","url":"https:\/\/chemitool.com\/wp-content\/uploads\/2020\/10\/logo_chemitool.png","contentUrl":"https:\/\/chemitool.com\/wp-content\/uploads\/2020\/10\/logo_chemitool.png","width":400,"height":400,"caption":"Chemitool"},"image":{"@id":"https:\/\/chemitool.com\/#logo"}},{"@type":"WebSite","@id":"https:\/\/chemitool.com\/#website","url":"https:\/\/chemitool.com\/","name":"Chemitool","description":"Chemitool - hardware and tools","publisher":{"@id":"https:\/\/chemitool.com\/#organization"},"potentialAction":[{"@type":"SearchAction","target":{"@type":"EntryPoint","urlTemplate":"https:\/\/chemitool.com\/?s={search_term_string}"},"query-input":"required name=search_term_string"}],"inLanguage":"pt-PT"},{"@type":"ImageObject","@id":"https:\/\/chemitool.com\/pt-pt\/products\/tools\/escadas-e-escadotes\/escadotes\/escadote-aluminio-reforcado\/#primaryimage","inLanguage":"pt-PT","url":"https:\/\/chemitool.com\/wp-content\/uploads\/2022\/04\/chemitool-tools_cht200203030.png","contentUrl":"https:\/\/chemitool.com\/wp-content\/uploads\/2022\/04\/chemitool-tools_cht200203030.png","width":800,"height":800},{"@type":"WebPage","@id":"https:\/\/chemitool.com\/pt-pt\/products\/tools\/escadas-e-escadotes\/escadotes\/escadote-aluminio-reforcado\/#webpage","url":"https:\/\/chemitool.com\/pt-pt\/products\/tools\/escadas-e-escadotes\/escadotes\/escadote-aluminio-reforcado\/","name":"ESCADOTE ALUM\u00cdNIO REFOR\u00c7ADO &ndash; Chemitool","isPartOf":{"@id":"https:\/\/chemitool.com\/#website"},"primaryImageOfPage":{"@id":"https:\/\/chemitool.com\/pt-pt\/products\/tools\/escadas-e-escadotes\/escadotes\/escadote-aluminio-reforcado\/#primaryimage"},"datePublished":"2022-04-01T10:37:36+00:00","dateModified":"2022-11-28T11:57:45+00:00","description":"Escadote de Alum\u00ednio Refor\u00e7ado CHEMITOOL \u00e9 um escadote profissional em alum\u00ednio - soldadura robotizada. Degraus antiderrapantes (120 mm) e plataforma (290 mm) com largura extra, articula\u00e7\u00f5es de alta qualidade e porta ferramentas. Cintas de seguran\u00e7a e p\u00e9s antiderrapantes extra.","breadcrumb":{"@id":"https:\/\/chemitool.com\/pt-pt\/products\/tools\/escadas-e-escadotes\/escadotes\/escadote-aluminio-reforcado\/#breadcrumb"},"inLanguage":"pt-PT","potentialAction":[{"@type":"ReadAction","target":["https:\/\/chemitool.com\/pt-pt\/products\/tools\/escadas-e-escadotes\/escadotes\/escadote-aluminio-reforcado\/"]}]},{"@type":"BreadcrumbList","@id":"https:\/\/chemitool.com\/pt-pt\/products\/tools\/escadas-e-escadotes\/escadotes\/escadote-aluminio-reforcado\/#breadcrumb","itemListElement":[{"@type":"ListItem","position":1,"name":"Home","item":"https:\/\/chemitool.com\/pt-pt\/"},{"@type":"ListItem","position":2,"name":"Produtos","item":"https:\/\/chemitool.com\/pt-pt\/produtos\/"},{"@type":"ListItem","position":3,"name":"Tools","item":"https:\/\/chemitool.com\/pt-pt\/categoria-produto\/tools\/"},{"@type":"ListItem","position":4,"name":"Escadas e Escadotes","item":"https:\/\/chemitool.com\/pt-pt\/categoria-produto\/tools\/escadas-e-escadotes\/"},{"@type":"ListItem","position":5,"name":"ESCADOTE ALUM\u00cdNIO REFOR\u00c7ADO"}]}]}},"_links":{"self":[{"href":"https:\/\/chemitool.com\/pt-pt\/wp-json\/wp\/v2\/product\/20655"}],"collection":[{"href":"https:\/\/chemitool.com\/pt-pt\/wp-json\/wp\/v2\/product"}],"about":[{"href":"https:\/\/chemitool.com\/pt-pt\/wp-json\/wp\/v2\/types\/product"}],"wp:featuredmedia":[{"embeddable":true,"href":"https:\/\/chemitool.com\/pt-pt\/wp-json\/wp\/v2\/media\/20657"}],"wp:attachment":[{"href":"https:\/\/chemitool.com\/pt-pt\/wp-json\/wp\/v2\/media?parent=20655"}],"wp:term":[{"taxonomy":"product_cat","embeddable":true,"href":"https:\/\/chemitool.com\/pt-pt\/wp-json\/wp\/v2\/product_cat?post=20655"},{"taxonomy":"product_tag","embeddable":true,"href":"https:\/\/chemitool.com\/pt-pt\/wp-json\/wp\/v2\/product_tag?post=20655"}],"curies":[{"name":"wp","href":"https:\/\/api.w.org\/{rel}","templated":true}]}}