{"id":20514,"date":"2022-03-28T10:50:53","date_gmt":"2022-03-28T10:51:01","guid":{"rendered":"https:\/\/chemitool.com\/?post_type=product&#038;p=20514"},"modified":"2022-03-29T10:12:08","modified_gmt":"2022-03-29T10:12:08","slug":"compressores-silenciosos","status":"publish","type":"product","link":"https:\/\/chemitool.com\/pt-pt\/products\/tools\/compressores\/compressores-silenciosos\/compressores-silenciosos\/","title":{"rendered":"COMPRESSORES SILENCIOSOS"},"content":{"rendered":"<ul>\n<li>Qualidade profissional<\/li>\n<li>Port\u00e1til<\/li>\n<li>Leve e f\u00e1cil de transportar<\/li>\n<li>Sem \u00f3leo<\/li>\n<li>Grande capacidade de produ\u00e7\u00e3o de ar com menor consumo de energia<\/li>\n<li>Pico de arranque reduzido<\/li>\n<li>Modelos dispon\u00edveis com capacidade de tanque de: 10 L ; 24 L ; 50 L.<\/li>\n<\/ul>\n<p><strong>Aplica\u00e7\u00f5es<\/strong><br \/>\nTodo o tipo de necessidades de ar comprimido, em aplica\u00e7\u00f5es na ind\u00fastria,<br \/>\ntrabalhos de oficinas, manuten\u00e7\u00e3o e produ\u00e7\u00e3o.<\/p>\n","protected":false},"excerpt":{"rendered":"<p><em>Compressores silenciosos CHEMITOOL <\/em>desenvolvidos para utiliza\u00e7\u00e3o intensiva em<br \/>\nambiente industrial.Compressores silenciosos, motor sem \u00f3leo, profissionais e fi\u00e1veis<\/p>\n","protected":false},"featured_media":20927,"template":"","meta":[],"product_cat":[1455,2644,3697],"product_tag":[],"yoast_head":"<!-- This site is optimized with the Yoast SEO plugin v17.4 - https:\/\/yoast.com\/wordpress\/plugins\/seo\/ -->\n<title>COMPRESSORES SILENCIOSOS &ndash; Chemitool<\/title>\n<meta name=\"description\" content=\"Compressores silenciosos CHEMITOOL desenvolvidos para utiliza\u00e7\u00e3o intensiva em ambiente industrial.Compressores silenciosos, motor sem \u00f3leo, profissionais e fi\u00e1veis\" \/>\n<meta name=\"robots\" content=\"index, follow, max-snippet:-1, max-image-preview:large, max-video-preview:-1\" \/>\n<link rel=\"canonical\" href=\"https:\/\/chemitool.com\/pt-pt\/products\/tools\/compressores\/compressores-silenciosos\/compressores-silenciosos\/\" \/>\n<meta property=\"og:locale\" content=\"pt_PT\" \/>\n<meta property=\"og:type\" content=\"article\" \/>\n<meta property=\"og:title\" content=\"COMPRESSORES SILENCIOSOS &ndash; Chemitool\" \/>\n<meta property=\"og:description\" content=\"Compressores silenciosos CHEMITOOL desenvolvidos para utiliza\u00e7\u00e3o intensiva em ambiente industrial.Compressores silenciosos, motor sem \u00f3leo, profissionais e fi\u00e1veis\" \/>\n<meta property=\"og:url\" content=\"https:\/\/chemitool.com\/pt-pt\/products\/tools\/compressores\/compressores-silenciosos\/compressores-silenciosos\/\" \/>\n<meta property=\"og:site_name\" content=\"Chemitool\" \/>\n<meta property=\"article:publisher\" content=\"https:\/\/www.facebook.com\/chemitool\" \/>\n<meta property=\"article:modified_time\" content=\"2022-03-29T10:12:08+00:00\" \/>\n<meta property=\"og:image\" content=\"https:\/\/chemitool.com\/wp-content\/uploads\/2022\/03\/CHT100102024WM0.png\" \/>\n\t<meta property=\"og:image:width\" content=\"800\" \/>\n\t<meta property=\"og:image:height\" content=\"800\" \/>\n<meta name=\"twitter:card\" content=\"summary_large_image\" \/>\n<script type=\"application\/ld+json\" class=\"yoast-schema-graph\">{\"@context\":\"https:\/\/schema.org\",\"@graph\":[{\"@type\":\"Organization\",\"@id\":\"https:\/\/chemitool.com\/#organization\",\"name\":\"Chemitool\",\"url\":\"https:\/\/chemitool.com\/\",\"sameAs\":[\"https:\/\/www.facebook.com\/chemitool\",\"https:\/\/www.instagram.com\/chemitool\/\"],\"logo\":{\"@type\":\"ImageObject\",\"@id\":\"https:\/\/chemitool.com\/#logo\",\"inLanguage\":\"pt-PT\",\"url\":\"https:\/\/chemitool.com\/wp-content\/uploads\/2020\/10\/logo_chemitool.png\",\"contentUrl\":\"https:\/\/chemitool.com\/wp-content\/uploads\/2020\/10\/logo_chemitool.png\",\"width\":400,\"height\":400,\"caption\":\"Chemitool\"},\"image\":{\"@id\":\"https:\/\/chemitool.com\/#logo\"}},{\"@type\":\"WebSite\",\"@id\":\"https:\/\/chemitool.com\/#website\",\"url\":\"https:\/\/chemitool.com\/\",\"name\":\"Chemitool\",\"description\":\"Chemitool - hardware and tools\",\"publisher\":{\"@id\":\"https:\/\/chemitool.com\/#organization\"},\"potentialAction\":[{\"@type\":\"SearchAction\",\"target\":{\"@type\":\"EntryPoint\",\"urlTemplate\":\"https:\/\/chemitool.com\/?s={search_term_string}\"},\"query-input\":\"required name=search_term_string\"}],\"inLanguage\":\"pt-PT\"},{\"@type\":\"ImageObject\",\"@id\":\"https:\/\/chemitool.com\/pt-pt\/products\/tools\/compressores\/compressores-silenciosos\/compressores-silenciosos\/#primaryimage\",\"inLanguage\":\"pt-PT\",\"url\":\"https:\/\/chemitool.com\/wp-content\/uploads\/2022\/04\/CHT100102050WM0.png\",\"contentUrl\":\"https:\/\/chemitool.com\/wp-content\/uploads\/2022\/04\/CHT100102050WM0.png\",\"width\":800,\"height\":800},{\"@type\":\"WebPage\",\"@id\":\"https:\/\/chemitool.com\/pt-pt\/products\/tools\/compressores\/compressores-silenciosos\/compressores-silenciosos\/#webpage\",\"url\":\"https:\/\/chemitool.com\/pt-pt\/products\/tools\/compressores\/compressores-silenciosos\/compressores-silenciosos\/\",\"name\":\"COMPRESSORES SILENCIOSOS &ndash; Chemitool\",\"isPartOf\":{\"@id\":\"https:\/\/chemitool.com\/#website\"},\"primaryImageOfPage\":{\"@id\":\"https:\/\/chemitool.com\/pt-pt\/products\/tools\/compressores\/compressores-silenciosos\/compressores-silenciosos\/#primaryimage\"},\"datePublished\":\"2022-03-28T10:51:01+00:00\",\"dateModified\":\"2022-03-29T10:12:08+00:00\",\"description\":\"Compressores silenciosos CHEMITOOL desenvolvidos para utiliza\\u00e7\\u00e3o intensiva em ambiente industrial.Compressores silenciosos, motor sem \\u00f3leo, profissionais e fi\\u00e1veis\",\"breadcrumb\":{\"@id\":\"https:\/\/chemitool.com\/pt-pt\/products\/tools\/compressores\/compressores-silenciosos\/compressores-silenciosos\/#breadcrumb\"},\"inLanguage\":\"pt-PT\",\"potentialAction\":[{\"@type\":\"ReadAction\",\"target\":[\"https:\/\/chemitool.com\/pt-pt\/products\/tools\/compressores\/compressores-silenciosos\/compressores-silenciosos\/\"]}]},{\"@type\":\"BreadcrumbList\",\"@id\":\"https:\/\/chemitool.com\/pt-pt\/products\/tools\/compressores\/compressores-silenciosos\/compressores-silenciosos\/#breadcrumb\",\"itemListElement\":[{\"@type\":\"ListItem\",\"position\":1,\"name\":\"Home\",\"item\":\"https:\/\/chemitool.com\/pt-pt\/\"},{\"@type\":\"ListItem\",\"position\":2,\"name\":\"Produtos\",\"item\":\"https:\/\/chemitool.com\/pt-pt\/produtos\/\"},{\"@type\":\"ListItem\",\"position\":3,\"name\":\"Tools\",\"item\":\"https:\/\/chemitool.com\/pt-pt\/categoria-produto\/tools\/\"},{\"@type\":\"ListItem\",\"position\":4,\"name\":\"Compressores\",\"item\":\"https:\/\/chemitool.com\/pt-pt\/categoria-produto\/tools\/compressores\/\"},{\"@type\":\"ListItem\",\"position\":5,\"name\":\"Compressores silenciosos\",\"item\":\"https:\/\/chemitool.com\/pt-pt\/categoria-produto\/tools\/compressores\/compressores-silenciosos\/\"},{\"@type\":\"ListItem\",\"position\":6,\"name\":\"COMPRESSORES SILENCIOSOS\"}]}]}<\/script>\n<!-- \/ Yoast SEO plugin. -->","yoast_head_json":{"title":"COMPRESSORES SILENCIOSOS &ndash; Chemitool","description":"Compressores silenciosos CHEMITOOL desenvolvidos para utiliza\u00e7\u00e3o intensiva em ambiente industrial.Compressores silenciosos, motor sem \u00f3leo, profissionais e fi\u00e1veis","robots":{"index":"index","follow":"follow","max-snippet":"max-snippet:-1","max-image-preview":"max-image-preview:large","max-video-preview":"max-video-preview:-1"},"canonical":"https:\/\/chemitool.com\/pt-pt\/products\/tools\/compressores\/compressores-silenciosos\/compressores-silenciosos\/","og_locale":"pt_PT","og_type":"article","og_title":"COMPRESSORES SILENCIOSOS &ndash; Chemitool","og_description":"Compressores silenciosos CHEMITOOL desenvolvidos para utiliza\u00e7\u00e3o intensiva em ambiente industrial.Compressores silenciosos, motor sem \u00f3leo, profissionais e fi\u00e1veis","og_url":"https:\/\/chemitool.com\/pt-pt\/products\/tools\/compressores\/compressores-silenciosos\/compressores-silenciosos\/","og_site_name":"Chemitool","article_publisher":"https:\/\/www.facebook.com\/chemitool","article_modified_time":"2022-03-29T10:12:08+00:00","og_image":[{"width":800,"height":800,"url":"https:\/\/chemitool.com\/wp-content\/uploads\/2022\/03\/CHT100102024WM0.png","type":"image\/png"}],"twitter_card":"summary_large_image","schema":{"@context":"https:\/\/schema.org","@graph":[{"@type":"Organization","@id":"https:\/\/chemitool.com\/#organization","name":"Chemitool","url":"https:\/\/chemitool.com\/","sameAs":["https:\/\/www.facebook.com\/chemitool","https:\/\/www.instagram.com\/chemitool\/"],"logo":{"@type":"ImageObject","@id":"https:\/\/chemitool.com\/#logo","inLanguage":"pt-PT","url":"https:\/\/chemitool.com\/wp-content\/uploads\/2020\/10\/logo_chemitool.png","contentUrl":"https:\/\/chemitool.com\/wp-content\/uploads\/2020\/10\/logo_chemitool.png","width":400,"height":400,"caption":"Chemitool"},"image":{"@id":"https:\/\/chemitool.com\/#logo"}},{"@type":"WebSite","@id":"https:\/\/chemitool.com\/#website","url":"https:\/\/chemitool.com\/","name":"Chemitool","description":"Chemitool - hardware and tools","publisher":{"@id":"https:\/\/chemitool.com\/#organization"},"potentialAction":[{"@type":"SearchAction","target":{"@type":"EntryPoint","urlTemplate":"https:\/\/chemitool.com\/?s={search_term_string}"},"query-input":"required name=search_term_string"}],"inLanguage":"pt-PT"},{"@type":"ImageObject","@id":"https:\/\/chemitool.com\/pt-pt\/products\/tools\/compressores\/compressores-silenciosos\/compressores-silenciosos\/#primaryimage","inLanguage":"pt-PT","url":"https:\/\/chemitool.com\/wp-content\/uploads\/2022\/04\/CHT100102050WM0.png","contentUrl":"https:\/\/chemitool.com\/wp-content\/uploads\/2022\/04\/CHT100102050WM0.png","width":800,"height":800},{"@type":"WebPage","@id":"https:\/\/chemitool.com\/pt-pt\/products\/tools\/compressores\/compressores-silenciosos\/compressores-silenciosos\/#webpage","url":"https:\/\/chemitool.com\/pt-pt\/products\/tools\/compressores\/compressores-silenciosos\/compressores-silenciosos\/","name":"COMPRESSORES SILENCIOSOS &ndash; Chemitool","isPartOf":{"@id":"https:\/\/chemitool.com\/#website"},"primaryImageOfPage":{"@id":"https:\/\/chemitool.com\/pt-pt\/products\/tools\/compressores\/compressores-silenciosos\/compressores-silenciosos\/#primaryimage"},"datePublished":"2022-03-28T10:51:01+00:00","dateModified":"2022-03-29T10:12:08+00:00","description":"Compressores silenciosos CHEMITOOL desenvolvidos para utiliza\u00e7\u00e3o intensiva em ambiente industrial.Compressores silenciosos, motor sem \u00f3leo, profissionais e fi\u00e1veis","breadcrumb":{"@id":"https:\/\/chemitool.com\/pt-pt\/products\/tools\/compressores\/compressores-silenciosos\/compressores-silenciosos\/#breadcrumb"},"inLanguage":"pt-PT","potentialAction":[{"@type":"ReadAction","target":["https:\/\/chemitool.com\/pt-pt\/products\/tools\/compressores\/compressores-silenciosos\/compressores-silenciosos\/"]}]},{"@type":"BreadcrumbList","@id":"https:\/\/chemitool.com\/pt-pt\/products\/tools\/compressores\/compressores-silenciosos\/compressores-silenciosos\/#breadcrumb","itemListElement":[{"@type":"ListItem","position":1,"name":"Home","item":"https:\/\/chemitool.com\/pt-pt\/"},{"@type":"ListItem","position":2,"name":"Produtos","item":"https:\/\/chemitool.com\/pt-pt\/produtos\/"},{"@type":"ListItem","position":3,"name":"Tools","item":"https:\/\/chemitool.com\/pt-pt\/categoria-produto\/tools\/"},{"@type":"ListItem","position":4,"name":"Compressores","item":"https:\/\/chemitool.com\/pt-pt\/categoria-produto\/tools\/compressores\/"},{"@type":"ListItem","position":5,"name":"Compressores silenciosos","item":"https:\/\/chemitool.com\/pt-pt\/categoria-produto\/tools\/compressores\/compressores-silenciosos\/"},{"@type":"ListItem","position":6,"name":"COMPRESSORES SILENCIOSOS"}]}]}},"_links":{"self":[{"href":"https:\/\/chemitool.com\/pt-pt\/wp-json\/wp\/v2\/product\/20514"}],"collection":[{"href":"https:\/\/chemitool.com\/pt-pt\/wp-json\/wp\/v2\/product"}],"about":[{"href":"https:\/\/chemitool.com\/pt-pt\/wp-json\/wp\/v2\/types\/product"}],"wp:featuredmedia":[{"embeddable":true,"href":"https:\/\/chemitool.com\/pt-pt\/wp-json\/wp\/v2\/media\/20927"}],"wp:attachment":[{"href":"https:\/\/chemitool.com\/pt-pt\/wp-json\/wp\/v2\/media?parent=20514"}],"wp:term":[{"taxonomy":"product_cat","embeddable":true,"href":"https:\/\/chemitool.com\/pt-pt\/wp-json\/wp\/v2\/product_cat?post=20514"},{"taxonomy":"product_tag","embeddable":true,"href":"https:\/\/chemitool.com\/pt-pt\/wp-json\/wp\/v2\/product_tag?post=20514"}],"curies":[{"name":"wp","href":"https:\/\/api.w.org\/{rel}","templated":true}]}}