{"id":20383,"date":"2022-03-18T17:02:06","date_gmt":"2022-03-18T17:02:07","guid":{"rendered":"https:\/\/chemitool.com\/?post_type=product&#038;p=20383"},"modified":"2022-11-25T12:50:49","modified_gmt":"2022-11-25T12:50:49","slug":"escada-aluminio-multiusos","status":"publish","type":"product","link":"https:\/\/chemitool.com\/pt-pt\/products\/tools\/escadas-e-escadotes\/escadas\/escada-aluminio-multiusos\/","title":{"rendered":"ESCADA ALUM\u00cdNIO MULTIUSOS"},"content":{"rendered":"<ul>\n<li>Sistema de seguran\u00e7a autobloqueio para as diversas posi\u00e7\u00f5es<\/li>\n<li>Bases estabilizadores antiderrapantes<\/li>\n<li>Perfil lateral em alum\u00ednio sec\u00e7\u00e3o 65 x 65 mm<\/li>\n<li>Degrau em alum\u00ednio sec\u00e7\u00e3o 30 x 30 mm com relevo antiderrapante<\/li>\n<li>Base estabilizadora com p\u00e9s de borracha antiderrapantes<\/li>\n<li>Dispon\u00edvel nas vers\u00f5es de 3 a 4 degraus por lance<\/li>\n<li>Op\u00e7\u00e3o de uso com plataforma met\u00e1lica<\/li>\n<\/ul>\n<p><strong>Certificado com a norma europeia EN131<\/strong><\/p>\n","protected":false},"excerpt":{"rendered":"<p>A<em> Escada de Alum\u00ednio Multiusos CHEMITOOL\u00a0<\/em>com plataforma pode ser utilizada em 3 posi\u00e7\u00f5es diferentes: escada extens\u00edvel, posi\u00e7\u00e3o de escadote e bancada de trabalho (1400&#215;290 mm). Tem um degrau antiderrapante confort\u00e1vel (30&#215;30 mm) e largura interior da escada com 285 mm. Articula\u00e7\u00f5es multiusos e estabilizador antiderrapante.<\/p>\n","protected":false},"featured_media":27438,"template":"","meta":[],"product_cat":[1455,3617,3595],"product_tag":[],"yoast_head":"<!-- This site is optimized with the Yoast SEO plugin v17.4 - https:\/\/yoast.com\/wordpress\/plugins\/seo\/ -->\n<title>ESCADA ALUM\u00cdNIO MULTIUSOS &ndash; Chemitool<\/title>\n<meta name=\"description\" content=\"A Escada de Alum\u00ednio Multiusos CHEMITOOL\u00a0com plataforma pode ser utilizada em 3 posi\u00e7\u00f5es diferentes: escada extens\u00edvel, posi\u00e7\u00e3o de escadote e bancada de trabalho (1400x290 mm). Tem um degrau antiderrapante confort\u00e1vel (30x30 mm) e largura interior da escada com 285 mm. Articula\u00e7\u00f5es multiusos e estabilizador antiderrapante.\" \/>\n<meta name=\"robots\" content=\"index, follow, max-snippet:-1, max-image-preview:large, max-video-preview:-1\" \/>\n<link rel=\"canonical\" href=\"https:\/\/chemitool.com\/pt-pt\/products\/tools\/escadas-e-escadotes\/escadas\/escada-aluminio-multiusos\/\" \/>\n<meta property=\"og:locale\" content=\"pt_PT\" \/>\n<meta property=\"og:type\" content=\"article\" \/>\n<meta property=\"og:title\" content=\"ESCADA ALUM\u00cdNIO MULTIUSOS &ndash; Chemitool\" \/>\n<meta property=\"og:description\" content=\"A Escada de Alum\u00ednio Multiusos CHEMITOOL\u00a0com plataforma pode ser utilizada em 3 posi\u00e7\u00f5es diferentes: escada extens\u00edvel, posi\u00e7\u00e3o de escadote e bancada de trabalho (1400x290 mm). Tem um degrau antiderrapante confort\u00e1vel (30x30 mm) e largura interior da escada com 285 mm. Articula\u00e7\u00f5es multiusos e estabilizador antiderrapante.\" \/>\n<meta property=\"og:url\" content=\"https:\/\/chemitool.com\/pt-pt\/products\/tools\/escadas-e-escadotes\/escadas\/escada-aluminio-multiusos\/\" \/>\n<meta property=\"og:site_name\" content=\"Chemitool\" \/>\n<meta property=\"article:publisher\" content=\"https:\/\/www.facebook.com\/chemitool\" \/>\n<meta property=\"article:modified_time\" content=\"2022-11-25T12:50:49+00:00\" \/>\n<meta property=\"og:image\" content=\"https:\/\/chemitool.com\/wp-content\/uploads\/2022\/03\/chemitool-tools_cht2002020104-1.png\" \/>\n\t<meta property=\"og:image:width\" content=\"800\" \/>\n\t<meta property=\"og:image:height\" content=\"800\" \/>\n<meta name=\"twitter:card\" content=\"summary_large_image\" \/>\n<script type=\"application\/ld+json\" class=\"yoast-schema-graph\">{\"@context\":\"https:\/\/schema.org\",\"@graph\":[{\"@type\":\"Organization\",\"@id\":\"https:\/\/chemitool.com\/#organization\",\"name\":\"Chemitool\",\"url\":\"https:\/\/chemitool.com\/\",\"sameAs\":[\"https:\/\/www.facebook.com\/chemitool\",\"https:\/\/www.instagram.com\/chemitool\/\"],\"logo\":{\"@type\":\"ImageObject\",\"@id\":\"https:\/\/chemitool.com\/#logo\",\"inLanguage\":\"pt-PT\",\"url\":\"https:\/\/chemitool.com\/wp-content\/uploads\/2020\/10\/logo_chemitool.png\",\"contentUrl\":\"https:\/\/chemitool.com\/wp-content\/uploads\/2020\/10\/logo_chemitool.png\",\"width\":400,\"height\":400,\"caption\":\"Chemitool\"},\"image\":{\"@id\":\"https:\/\/chemitool.com\/#logo\"}},{\"@type\":\"WebSite\",\"@id\":\"https:\/\/chemitool.com\/#website\",\"url\":\"https:\/\/chemitool.com\/\",\"name\":\"Chemitool\",\"description\":\"Chemitool - hardware and tools\",\"publisher\":{\"@id\":\"https:\/\/chemitool.com\/#organization\"},\"potentialAction\":[{\"@type\":\"SearchAction\",\"target\":{\"@type\":\"EntryPoint\",\"urlTemplate\":\"https:\/\/chemitool.com\/?s={search_term_string}\"},\"query-input\":\"required name=search_term_string\"}],\"inLanguage\":\"pt-PT\"},{\"@type\":\"ImageObject\",\"@id\":\"https:\/\/chemitool.com\/pt-pt\/products\/tools\/escadas-e-escadotes\/escadas\/escada-aluminio-multiusos\/#primaryimage\",\"inLanguage\":\"pt-PT\",\"url\":\"https:\/\/chemitool.com\/wp-content\/uploads\/2022\/03\/chemitool-tools_cht2002020104-1.png\",\"contentUrl\":\"https:\/\/chemitool.com\/wp-content\/uploads\/2022\/03\/chemitool-tools_cht2002020104-1.png\",\"width\":800,\"height\":800},{\"@type\":\"WebPage\",\"@id\":\"https:\/\/chemitool.com\/pt-pt\/products\/tools\/escadas-e-escadotes\/escadas\/escada-aluminio-multiusos\/#webpage\",\"url\":\"https:\/\/chemitool.com\/pt-pt\/products\/tools\/escadas-e-escadotes\/escadas\/escada-aluminio-multiusos\/\",\"name\":\"ESCADA ALUM\\u00cdNIO MULTIUSOS &ndash; Chemitool\",\"isPartOf\":{\"@id\":\"https:\/\/chemitool.com\/#website\"},\"primaryImageOfPage\":{\"@id\":\"https:\/\/chemitool.com\/pt-pt\/products\/tools\/escadas-e-escadotes\/escadas\/escada-aluminio-multiusos\/#primaryimage\"},\"datePublished\":\"2022-03-18T17:02:07+00:00\",\"dateModified\":\"2022-11-25T12:50:49+00:00\",\"description\":\"A Escada de Alum\\u00ednio Multiusos CHEMITOOL\\u00a0com plataforma pode ser utilizada em 3 posi\\u00e7\\u00f5es diferentes: escada extens\\u00edvel, posi\\u00e7\\u00e3o de escadote e bancada de trabalho (1400x290 mm). Tem um degrau antiderrapante confort\\u00e1vel (30x30 mm) e largura interior da escada com 285 mm. Articula\\u00e7\\u00f5es multiusos e estabilizador antiderrapante.\",\"breadcrumb\":{\"@id\":\"https:\/\/chemitool.com\/pt-pt\/products\/tools\/escadas-e-escadotes\/escadas\/escada-aluminio-multiusos\/#breadcrumb\"},\"inLanguage\":\"pt-PT\",\"potentialAction\":[{\"@type\":\"ReadAction\",\"target\":[\"https:\/\/chemitool.com\/pt-pt\/products\/tools\/escadas-e-escadotes\/escadas\/escada-aluminio-multiusos\/\"]}]},{\"@type\":\"BreadcrumbList\",\"@id\":\"https:\/\/chemitool.com\/pt-pt\/products\/tools\/escadas-e-escadotes\/escadas\/escada-aluminio-multiusos\/#breadcrumb\",\"itemListElement\":[{\"@type\":\"ListItem\",\"position\":1,\"name\":\"Home\",\"item\":\"https:\/\/chemitool.com\/pt-pt\/\"},{\"@type\":\"ListItem\",\"position\":2,\"name\":\"Produtos\",\"item\":\"https:\/\/chemitool.com\/pt-pt\/produtos\/\"},{\"@type\":\"ListItem\",\"position\":3,\"name\":\"Chemicals\",\"item\":\"https:\/\/chemitool.com\/product-category\/chemical-products\/\"},{\"@type\":\"ListItem\",\"position\":4,\"name\":\"ESCADA ALUM\\u00cdNIO MULTIUSOS\"}]}]}<\/script>\n<!-- \/ Yoast SEO plugin. -->","yoast_head_json":{"title":"ESCADA ALUM\u00cdNIO MULTIUSOS &ndash; Chemitool","description":"A Escada de Alum\u00ednio Multiusos CHEMITOOL\u00a0com plataforma pode ser utilizada em 3 posi\u00e7\u00f5es diferentes: escada extens\u00edvel, posi\u00e7\u00e3o de escadote e bancada de trabalho (1400x290 mm). Tem um degrau antiderrapante confort\u00e1vel (30x30 mm) e largura interior da escada com 285 mm. Articula\u00e7\u00f5es multiusos e estabilizador antiderrapante.","robots":{"index":"index","follow":"follow","max-snippet":"max-snippet:-1","max-image-preview":"max-image-preview:large","max-video-preview":"max-video-preview:-1"},"canonical":"https:\/\/chemitool.com\/pt-pt\/products\/tools\/escadas-e-escadotes\/escadas\/escada-aluminio-multiusos\/","og_locale":"pt_PT","og_type":"article","og_title":"ESCADA ALUM\u00cdNIO MULTIUSOS &ndash; Chemitool","og_description":"A Escada de Alum\u00ednio Multiusos CHEMITOOL\u00a0com plataforma pode ser utilizada em 3 posi\u00e7\u00f5es diferentes: escada extens\u00edvel, posi\u00e7\u00e3o de escadote e bancada de trabalho (1400x290 mm). Tem um degrau antiderrapante confort\u00e1vel (30x30 mm) e largura interior da escada com 285 mm. Articula\u00e7\u00f5es multiusos e estabilizador antiderrapante.","og_url":"https:\/\/chemitool.com\/pt-pt\/products\/tools\/escadas-e-escadotes\/escadas\/escada-aluminio-multiusos\/","og_site_name":"Chemitool","article_publisher":"https:\/\/www.facebook.com\/chemitool","article_modified_time":"2022-11-25T12:50:49+00:00","og_image":[{"width":800,"height":800,"url":"https:\/\/chemitool.com\/wp-content\/uploads\/2022\/03\/chemitool-tools_cht2002020104-1.png","type":"image\/png"}],"twitter_card":"summary_large_image","schema":{"@context":"https:\/\/schema.org","@graph":[{"@type":"Organization","@id":"https:\/\/chemitool.com\/#organization","name":"Chemitool","url":"https:\/\/chemitool.com\/","sameAs":["https:\/\/www.facebook.com\/chemitool","https:\/\/www.instagram.com\/chemitool\/"],"logo":{"@type":"ImageObject","@id":"https:\/\/chemitool.com\/#logo","inLanguage":"pt-PT","url":"https:\/\/chemitool.com\/wp-content\/uploads\/2020\/10\/logo_chemitool.png","contentUrl":"https:\/\/chemitool.com\/wp-content\/uploads\/2020\/10\/logo_chemitool.png","width":400,"height":400,"caption":"Chemitool"},"image":{"@id":"https:\/\/chemitool.com\/#logo"}},{"@type":"WebSite","@id":"https:\/\/chemitool.com\/#website","url":"https:\/\/chemitool.com\/","name":"Chemitool","description":"Chemitool - hardware and tools","publisher":{"@id":"https:\/\/chemitool.com\/#organization"},"potentialAction":[{"@type":"SearchAction","target":{"@type":"EntryPoint","urlTemplate":"https:\/\/chemitool.com\/?s={search_term_string}"},"query-input":"required name=search_term_string"}],"inLanguage":"pt-PT"},{"@type":"ImageObject","@id":"https:\/\/chemitool.com\/pt-pt\/products\/tools\/escadas-e-escadotes\/escadas\/escada-aluminio-multiusos\/#primaryimage","inLanguage":"pt-PT","url":"https:\/\/chemitool.com\/wp-content\/uploads\/2022\/03\/chemitool-tools_cht2002020104-1.png","contentUrl":"https:\/\/chemitool.com\/wp-content\/uploads\/2022\/03\/chemitool-tools_cht2002020104-1.png","width":800,"height":800},{"@type":"WebPage","@id":"https:\/\/chemitool.com\/pt-pt\/products\/tools\/escadas-e-escadotes\/escadas\/escada-aluminio-multiusos\/#webpage","url":"https:\/\/chemitool.com\/pt-pt\/products\/tools\/escadas-e-escadotes\/escadas\/escada-aluminio-multiusos\/","name":"ESCADA ALUM\u00cdNIO MULTIUSOS &ndash; Chemitool","isPartOf":{"@id":"https:\/\/chemitool.com\/#website"},"primaryImageOfPage":{"@id":"https:\/\/chemitool.com\/pt-pt\/products\/tools\/escadas-e-escadotes\/escadas\/escada-aluminio-multiusos\/#primaryimage"},"datePublished":"2022-03-18T17:02:07+00:00","dateModified":"2022-11-25T12:50:49+00:00","description":"A Escada de Alum\u00ednio Multiusos CHEMITOOL\u00a0com plataforma pode ser utilizada em 3 posi\u00e7\u00f5es diferentes: escada extens\u00edvel, posi\u00e7\u00e3o de escadote e bancada de trabalho (1400x290 mm). Tem um degrau antiderrapante confort\u00e1vel (30x30 mm) e largura interior da escada com 285 mm. Articula\u00e7\u00f5es multiusos e estabilizador antiderrapante.","breadcrumb":{"@id":"https:\/\/chemitool.com\/pt-pt\/products\/tools\/escadas-e-escadotes\/escadas\/escada-aluminio-multiusos\/#breadcrumb"},"inLanguage":"pt-PT","potentialAction":[{"@type":"ReadAction","target":["https:\/\/chemitool.com\/pt-pt\/products\/tools\/escadas-e-escadotes\/escadas\/escada-aluminio-multiusos\/"]}]},{"@type":"BreadcrumbList","@id":"https:\/\/chemitool.com\/pt-pt\/products\/tools\/escadas-e-escadotes\/escadas\/escada-aluminio-multiusos\/#breadcrumb","itemListElement":[{"@type":"ListItem","position":1,"name":"Home","item":"https:\/\/chemitool.com\/pt-pt\/"},{"@type":"ListItem","position":2,"name":"Produtos","item":"https:\/\/chemitool.com\/pt-pt\/produtos\/"},{"@type":"ListItem","position":3,"name":"Chemicals","item":"https:\/\/chemitool.com\/product-category\/chemical-products\/"},{"@type":"ListItem","position":4,"name":"ESCADA ALUM\u00cdNIO MULTIUSOS"}]}]}},"_links":{"self":[{"href":"https:\/\/chemitool.com\/pt-pt\/wp-json\/wp\/v2\/product\/20383"}],"collection":[{"href":"https:\/\/chemitool.com\/pt-pt\/wp-json\/wp\/v2\/product"}],"about":[{"href":"https:\/\/chemitool.com\/pt-pt\/wp-json\/wp\/v2\/types\/product"}],"wp:featuredmedia":[{"embeddable":true,"href":"https:\/\/chemitool.com\/pt-pt\/wp-json\/wp\/v2\/media\/27438"}],"wp:attachment":[{"href":"https:\/\/chemitool.com\/pt-pt\/wp-json\/wp\/v2\/media?parent=20383"}],"wp:term":[{"taxonomy":"product_cat","embeddable":true,"href":"https:\/\/chemitool.com\/pt-pt\/wp-json\/wp\/v2\/product_cat?post=20383"},{"taxonomy":"product_tag","embeddable":true,"href":"https:\/\/chemitool.com\/pt-pt\/wp-json\/wp\/v2\/product_tag?post=20383"}],"curies":[{"name":"wp","href":"https:\/\/api.w.org\/{rel}","templated":true}]}}