{"id":20362,"date":"2022-03-18T15:50:35","date_gmt":"2022-03-18T15:50:51","guid":{"rendered":"https:\/\/chemitool.com\/?post_type=product&#038;p=20362"},"modified":"2022-06-22T14:17:17","modified_gmt":"2022-06-22T14:17:17","slug":"carro-porta-mangueira","status":"publish","type":"product","link":"https:\/\/chemitool.com\/pt-pt\/products\/agro-pt-pt\/acessorios-jardim\/carro-porta-mangueira\/","title":{"rendered":"CARRO PORTA MANGUEIRA"},"content":{"rendered":"<ul>\n<li>Estrutura robusta e resistente<\/li>\n<li>Mangueira com di\u00e2metro de 1\/2&#8243;, o enrolador tem capacidade para 80m de mangueira<\/li>\n<li>Mangueira com di\u00e2metro de 3\/4&#8243;, o enrolador tem capacidade para 50m de mangueira<\/li>\n<\/ul>\n","protected":false},"excerpt":{"rendered":"<p><b class=\"sap-label\">SAP:<\/b> <span class=\"codesap-label\"> CHG00301001003 <\/span><\/p>\n<p><i>O Carro Porta Mangueira CHEMITOOL<\/i> \u00e9 ideal para o armazenamento de mangueiras. Fabricado em a\u00e7o galvanizado. Carretel de mangueira com rodas, ideal para \u00e1reas de pequenas e m\u00e9dias dimens\u00f5es.<\/p>\n","protected":false},"featured_media":20307,"template":"","meta":[],"product_cat":[3655,4160],"product_tag":[],"yoast_head":"<!-- This site is optimized with the Yoast SEO plugin v17.4 - https:\/\/yoast.com\/wordpress\/plugins\/seo\/ -->\n<title>CARRO PORTA MANGUEIRA &ndash; Chemitool<\/title>\n<meta name=\"description\" content=\"SAP: CHG00301001003   O Carro Porta Mangueira CHEMITOOL \u00e9 ideal para o armazenamento de mangueiras. Fabricado em a\u00e7o galvanizado. Carretel de mangueira com rodas, ideal para \u00e1reas de pequenas e m\u00e9dias dimens\u00f5es.\" \/>\n<meta name=\"robots\" content=\"index, follow, max-snippet:-1, max-image-preview:large, max-video-preview:-1\" \/>\n<link rel=\"canonical\" href=\"https:\/\/chemitool.com\/pt-pt\/products\/agro-pt-pt\/acessorios-jardim\/carro-porta-mangueira\/\" \/>\n<meta property=\"og:locale\" content=\"pt_PT\" \/>\n<meta property=\"og:type\" content=\"article\" \/>\n<meta property=\"og:title\" content=\"CARRO PORTA MANGUEIRA &ndash; Chemitool\" \/>\n<meta property=\"og:description\" content=\"SAP: CHG00301001003   O Carro Porta Mangueira CHEMITOOL \u00e9 ideal para o armazenamento de mangueiras. Fabricado em a\u00e7o galvanizado. Carretel de mangueira com rodas, ideal para \u00e1reas de pequenas e m\u00e9dias dimens\u00f5es.\" \/>\n<meta property=\"og:url\" content=\"https:\/\/chemitool.com\/pt-pt\/products\/agro-pt-pt\/acessorios-jardim\/carro-porta-mangueira\/\" \/>\n<meta property=\"og:site_name\" content=\"Chemitool\" \/>\n<meta property=\"article:publisher\" content=\"https:\/\/www.facebook.com\/chemitool\" \/>\n<meta property=\"article:modified_time\" content=\"2022-06-22T14:17:17+00:00\" \/>\n<meta property=\"og:image\" content=\"https:\/\/chemitool.com\/wp-content\/uploads\/2022\/03\/CHG00301001003.png\" \/>\n\t<meta property=\"og:image:width\" content=\"800\" \/>\n\t<meta property=\"og:image:height\" content=\"800\" \/>\n<meta name=\"twitter:card\" content=\"summary_large_image\" \/>\n<script type=\"application\/ld+json\" class=\"yoast-schema-graph\">{\"@context\":\"https:\/\/schema.org\",\"@graph\":[{\"@type\":\"Organization\",\"@id\":\"https:\/\/chemitool.com\/#organization\",\"name\":\"Chemitool\",\"url\":\"https:\/\/chemitool.com\/\",\"sameAs\":[\"https:\/\/www.facebook.com\/chemitool\",\"https:\/\/www.instagram.com\/chemitool\/\"],\"logo\":{\"@type\":\"ImageObject\",\"@id\":\"https:\/\/chemitool.com\/#logo\",\"inLanguage\":\"pt-PT\",\"url\":\"https:\/\/chemitool.com\/wp-content\/uploads\/2020\/10\/logo_chemitool.png\",\"contentUrl\":\"https:\/\/chemitool.com\/wp-content\/uploads\/2020\/10\/logo_chemitool.png\",\"width\":400,\"height\":400,\"caption\":\"Chemitool\"},\"image\":{\"@id\":\"https:\/\/chemitool.com\/#logo\"}},{\"@type\":\"WebSite\",\"@id\":\"https:\/\/chemitool.com\/#website\",\"url\":\"https:\/\/chemitool.com\/\",\"name\":\"Chemitool\",\"description\":\"Chemitool - hardware and tools\",\"publisher\":{\"@id\":\"https:\/\/chemitool.com\/#organization\"},\"potentialAction\":[{\"@type\":\"SearchAction\",\"target\":{\"@type\":\"EntryPoint\",\"urlTemplate\":\"https:\/\/chemitool.com\/?s={search_term_string}\"},\"query-input\":\"required name=search_term_string\"}],\"inLanguage\":\"pt-PT\"},{\"@type\":\"ImageObject\",\"@id\":\"https:\/\/chemitool.com\/pt-pt\/products\/agro-pt-pt\/acessorios-jardim\/carro-porta-mangueira\/#primaryimage\",\"inLanguage\":\"pt-PT\",\"url\":\"https:\/\/chemitool.com\/wp-content\/uploads\/2022\/03\/CHG00301001003.png\",\"contentUrl\":\"https:\/\/chemitool.com\/wp-content\/uploads\/2022\/03\/CHG00301001003.png\",\"width\":800,\"height\":800},{\"@type\":\"WebPage\",\"@id\":\"https:\/\/chemitool.com\/pt-pt\/products\/agro-pt-pt\/acessorios-jardim\/carro-porta-mangueira\/#webpage\",\"url\":\"https:\/\/chemitool.com\/pt-pt\/products\/agro-pt-pt\/acessorios-jardim\/carro-porta-mangueira\/\",\"name\":\"CARRO PORTA MANGUEIRA &ndash; Chemitool\",\"isPartOf\":{\"@id\":\"https:\/\/chemitool.com\/#website\"},\"primaryImageOfPage\":{\"@id\":\"https:\/\/chemitool.com\/pt-pt\/products\/agro-pt-pt\/acessorios-jardim\/carro-porta-mangueira\/#primaryimage\"},\"datePublished\":\"2022-03-18T15:50:51+00:00\",\"dateModified\":\"2022-06-22T14:17:17+00:00\",\"description\":\"SAP: CHG00301001003 O Carro Porta Mangueira CHEMITOOL \\u00e9 ideal para o armazenamento de mangueiras. Fabricado em a\\u00e7o galvanizado. Carretel de mangueira com rodas, ideal para \\u00e1reas de pequenas e m\\u00e9dias dimens\\u00f5es.\",\"breadcrumb\":{\"@id\":\"https:\/\/chemitool.com\/pt-pt\/products\/agro-pt-pt\/acessorios-jardim\/carro-porta-mangueira\/#breadcrumb\"},\"inLanguage\":\"pt-PT\",\"potentialAction\":[{\"@type\":\"ReadAction\",\"target\":[\"https:\/\/chemitool.com\/pt-pt\/products\/agro-pt-pt\/acessorios-jardim\/carro-porta-mangueira\/\"]}]},{\"@type\":\"BreadcrumbList\",\"@id\":\"https:\/\/chemitool.com\/pt-pt\/products\/agro-pt-pt\/acessorios-jardim\/carro-porta-mangueira\/#breadcrumb\",\"itemListElement\":[{\"@type\":\"ListItem\",\"position\":1,\"name\":\"Home\",\"item\":\"https:\/\/chemitool.com\/pt-pt\/\"},{\"@type\":\"ListItem\",\"position\":2,\"name\":\"Produtos\",\"item\":\"https:\/\/chemitool.com\/pt-pt\/produtos\/\"},{\"@type\":\"ListItem\",\"position\":3,\"name\":\"Tools\",\"item\":\"https:\/\/chemitool.com\/pt-pt\/categoria-produto\/tools\/\"},{\"@type\":\"ListItem\",\"position\":4,\"name\":\"Escadas e Escadotes\",\"item\":\"https:\/\/chemitool.com\/pt-pt\/categoria-produto\/tools\/escadas-e-escadotes\/\"},{\"@type\":\"ListItem\",\"position\":5,\"name\":\"CARRO PORTA MANGUEIRA\"}]}]}<\/script>\n<!-- \/ Yoast SEO plugin. -->","yoast_head_json":{"title":"CARRO PORTA MANGUEIRA &ndash; Chemitool","description":"SAP: CHG00301001003   O Carro Porta Mangueira CHEMITOOL \u00e9 ideal para o armazenamento de mangueiras. Fabricado em a\u00e7o galvanizado. Carretel de mangueira com rodas, ideal para \u00e1reas de pequenas e m\u00e9dias dimens\u00f5es.","robots":{"index":"index","follow":"follow","max-snippet":"max-snippet:-1","max-image-preview":"max-image-preview:large","max-video-preview":"max-video-preview:-1"},"canonical":"https:\/\/chemitool.com\/pt-pt\/products\/agro-pt-pt\/acessorios-jardim\/carro-porta-mangueira\/","og_locale":"pt_PT","og_type":"article","og_title":"CARRO PORTA MANGUEIRA &ndash; Chemitool","og_description":"SAP: CHG00301001003   O Carro Porta Mangueira CHEMITOOL \u00e9 ideal para o armazenamento de mangueiras. Fabricado em a\u00e7o galvanizado. Carretel de mangueira com rodas, ideal para \u00e1reas de pequenas e m\u00e9dias dimens\u00f5es.","og_url":"https:\/\/chemitool.com\/pt-pt\/products\/agro-pt-pt\/acessorios-jardim\/carro-porta-mangueira\/","og_site_name":"Chemitool","article_publisher":"https:\/\/www.facebook.com\/chemitool","article_modified_time":"2022-06-22T14:17:17+00:00","og_image":[{"width":800,"height":800,"url":"https:\/\/chemitool.com\/wp-content\/uploads\/2022\/03\/CHG00301001003.png","type":"image\/png"}],"twitter_card":"summary_large_image","schema":{"@context":"https:\/\/schema.org","@graph":[{"@type":"Organization","@id":"https:\/\/chemitool.com\/#organization","name":"Chemitool","url":"https:\/\/chemitool.com\/","sameAs":["https:\/\/www.facebook.com\/chemitool","https:\/\/www.instagram.com\/chemitool\/"],"logo":{"@type":"ImageObject","@id":"https:\/\/chemitool.com\/#logo","inLanguage":"pt-PT","url":"https:\/\/chemitool.com\/wp-content\/uploads\/2020\/10\/logo_chemitool.png","contentUrl":"https:\/\/chemitool.com\/wp-content\/uploads\/2020\/10\/logo_chemitool.png","width":400,"height":400,"caption":"Chemitool"},"image":{"@id":"https:\/\/chemitool.com\/#logo"}},{"@type":"WebSite","@id":"https:\/\/chemitool.com\/#website","url":"https:\/\/chemitool.com\/","name":"Chemitool","description":"Chemitool - hardware and tools","publisher":{"@id":"https:\/\/chemitool.com\/#organization"},"potentialAction":[{"@type":"SearchAction","target":{"@type":"EntryPoint","urlTemplate":"https:\/\/chemitool.com\/?s={search_term_string}"},"query-input":"required name=search_term_string"}],"inLanguage":"pt-PT"},{"@type":"ImageObject","@id":"https:\/\/chemitool.com\/pt-pt\/products\/agro-pt-pt\/acessorios-jardim\/carro-porta-mangueira\/#primaryimage","inLanguage":"pt-PT","url":"https:\/\/chemitool.com\/wp-content\/uploads\/2022\/03\/CHG00301001003.png","contentUrl":"https:\/\/chemitool.com\/wp-content\/uploads\/2022\/03\/CHG00301001003.png","width":800,"height":800},{"@type":"WebPage","@id":"https:\/\/chemitool.com\/pt-pt\/products\/agro-pt-pt\/acessorios-jardim\/carro-porta-mangueira\/#webpage","url":"https:\/\/chemitool.com\/pt-pt\/products\/agro-pt-pt\/acessorios-jardim\/carro-porta-mangueira\/","name":"CARRO PORTA MANGUEIRA &ndash; Chemitool","isPartOf":{"@id":"https:\/\/chemitool.com\/#website"},"primaryImageOfPage":{"@id":"https:\/\/chemitool.com\/pt-pt\/products\/agro-pt-pt\/acessorios-jardim\/carro-porta-mangueira\/#primaryimage"},"datePublished":"2022-03-18T15:50:51+00:00","dateModified":"2022-06-22T14:17:17+00:00","description":"SAP: CHG00301001003 O Carro Porta Mangueira CHEMITOOL \u00e9 ideal para o armazenamento de mangueiras. Fabricado em a\u00e7o galvanizado. Carretel de mangueira com rodas, ideal para \u00e1reas de pequenas e m\u00e9dias dimens\u00f5es.","breadcrumb":{"@id":"https:\/\/chemitool.com\/pt-pt\/products\/agro-pt-pt\/acessorios-jardim\/carro-porta-mangueira\/#breadcrumb"},"inLanguage":"pt-PT","potentialAction":[{"@type":"ReadAction","target":["https:\/\/chemitool.com\/pt-pt\/products\/agro-pt-pt\/acessorios-jardim\/carro-porta-mangueira\/"]}]},{"@type":"BreadcrumbList","@id":"https:\/\/chemitool.com\/pt-pt\/products\/agro-pt-pt\/acessorios-jardim\/carro-porta-mangueira\/#breadcrumb","itemListElement":[{"@type":"ListItem","position":1,"name":"Home","item":"https:\/\/chemitool.com\/pt-pt\/"},{"@type":"ListItem","position":2,"name":"Produtos","item":"https:\/\/chemitool.com\/pt-pt\/produtos\/"},{"@type":"ListItem","position":3,"name":"Tools","item":"https:\/\/chemitool.com\/pt-pt\/categoria-produto\/tools\/"},{"@type":"ListItem","position":4,"name":"Escadas e Escadotes","item":"https:\/\/chemitool.com\/pt-pt\/categoria-produto\/tools\/escadas-e-escadotes\/"},{"@type":"ListItem","position":5,"name":"CARRO PORTA MANGUEIRA"}]}]}},"_links":{"self":[{"href":"https:\/\/chemitool.com\/pt-pt\/wp-json\/wp\/v2\/product\/20362"}],"collection":[{"href":"https:\/\/chemitool.com\/pt-pt\/wp-json\/wp\/v2\/product"}],"about":[{"href":"https:\/\/chemitool.com\/pt-pt\/wp-json\/wp\/v2\/types\/product"}],"wp:featuredmedia":[{"embeddable":true,"href":"https:\/\/chemitool.com\/pt-pt\/wp-json\/wp\/v2\/media\/20307"}],"wp:attachment":[{"href":"https:\/\/chemitool.com\/pt-pt\/wp-json\/wp\/v2\/media?parent=20362"}],"wp:term":[{"taxonomy":"product_cat","embeddable":true,"href":"https:\/\/chemitool.com\/pt-pt\/wp-json\/wp\/v2\/product_cat?post=20362"},{"taxonomy":"product_tag","embeddable":true,"href":"https:\/\/chemitool.com\/pt-pt\/wp-json\/wp\/v2\/product_tag?post=20362"}],"curies":[{"name":"wp","href":"https:\/\/api.w.org\/{rel}","templated":true}]}}