{"id":20216,"date":"2022-03-17T09:36:17","date_gmt":"2022-03-17T09:36:18","guid":{"rendered":"https:\/\/chemitool.com\/?post_type=product&#038;p=20216"},"modified":"2022-06-29T16:49:41","modified_gmt":"2022-06-29T16:49:41","slug":"suporte-com-tripe-para-rolo-de-papel","status":"publish","type":"product","link":"https:\/\/chemitool.com\/pt-pt\/products\/automotive-3\/dispensadores-de-rolos-de-papel-pt-pt-automovel\/suporte-com-tripe-para-rolo-de-papel\/","title":{"rendered":"Suporte com Trip\u00e9 para Rolo de Papel"},"content":{"rendered":"<ul>\n<li>Para rolos de papel com 30 cm de largura m\u00e1xima<\/li>\n<li>Rolo de papel n\u00e3o inclu\u00eddo<\/li>\n<\/ul>\n","protected":false},"excerpt":{"rendered":"<p><b class=\"sap-label\">SAP:<\/b> <span class=\"codesap-label\"> CH12000003 <\/span><\/p>\n<p><em>Porta Rolos Papel com Suporte de Sacos CHEMITOOL <\/em>de a\u00e7o galvanizado. Recomendado para uso dom\u00e9stico e industrial. Equipado com suportes especiais que tornam a substitui\u00e7\u00e3o do rolo de papel mais f\u00e1cil e mais r\u00e1pida.<\/p>\n","protected":false},"featured_media":29647,"template":"","meta":[],"product_cat":[1430,4199],"product_tag":[3679,3688],"yoast_head":"<!-- This site is optimized with the Yoast SEO plugin v17.4 - https:\/\/yoast.com\/wordpress\/plugins\/seo\/ -->\n<title>Suporte com Trip\u00e9 para Rolo de Papel &ndash; Chemitool<\/title>\n<meta name=\"description\" content=\"SAP: CH12000003   Porta Rolos Papel com Suporte de Sacos CHEMITOOL de a\u00e7o galvanizado. Recomendado para uso dom\u00e9stico e industrial. Equipado com suportes especiais que tornam a substitui\u00e7\u00e3o do rolo de papel mais f\u00e1cil e mais r\u00e1pida.\" \/>\n<meta name=\"robots\" content=\"index, follow, max-snippet:-1, max-image-preview:large, max-video-preview:-1\" \/>\n<link rel=\"canonical\" href=\"https:\/\/chemitool.com\/pt-pt\/products\/automotive-3\/dispensadores-de-rolos-de-papel-pt-pt-automovel\/suporte-com-tripe-para-rolo-de-papel\/\" \/>\n<meta property=\"og:locale\" content=\"pt_PT\" \/>\n<meta property=\"og:type\" content=\"article\" \/>\n<meta property=\"og:title\" content=\"Suporte com Trip\u00e9 para Rolo de Papel &ndash; Chemitool\" \/>\n<meta property=\"og:description\" content=\"SAP: CH12000003   Porta Rolos Papel com Suporte de Sacos CHEMITOOL de a\u00e7o galvanizado. Recomendado para uso dom\u00e9stico e industrial. Equipado com suportes especiais que tornam a substitui\u00e7\u00e3o do rolo de papel mais f\u00e1cil e mais r\u00e1pida.\" \/>\n<meta property=\"og:url\" content=\"https:\/\/chemitool.com\/pt-pt\/products\/automotive-3\/dispensadores-de-rolos-de-papel-pt-pt-automovel\/suporte-com-tripe-para-rolo-de-papel\/\" \/>\n<meta property=\"og:site_name\" content=\"Chemitool\" \/>\n<meta property=\"article:publisher\" content=\"https:\/\/www.facebook.com\/chemitool\" \/>\n<meta property=\"article:modified_time\" content=\"2022-06-29T16:49:41+00:00\" \/>\n<meta property=\"og:image\" content=\"https:\/\/chemitool.com\/wp-content\/uploads\/2022\/03\/CH12000003.png\" \/>\n\t<meta property=\"og:image:width\" content=\"800\" \/>\n\t<meta property=\"og:image:height\" content=\"800\" \/>\n<meta name=\"twitter:card\" content=\"summary_large_image\" \/>\n<script type=\"application\/ld+json\" class=\"yoast-schema-graph\">{\"@context\":\"https:\/\/schema.org\",\"@graph\":[{\"@type\":\"Organization\",\"@id\":\"https:\/\/chemitool.com\/#organization\",\"name\":\"Chemitool\",\"url\":\"https:\/\/chemitool.com\/\",\"sameAs\":[\"https:\/\/www.facebook.com\/chemitool\",\"https:\/\/www.instagram.com\/chemitool\/\"],\"logo\":{\"@type\":\"ImageObject\",\"@id\":\"https:\/\/chemitool.com\/#logo\",\"inLanguage\":\"pt-PT\",\"url\":\"https:\/\/chemitool.com\/wp-content\/uploads\/2020\/10\/logo_chemitool.png\",\"contentUrl\":\"https:\/\/chemitool.com\/wp-content\/uploads\/2020\/10\/logo_chemitool.png\",\"width\":400,\"height\":400,\"caption\":\"Chemitool\"},\"image\":{\"@id\":\"https:\/\/chemitool.com\/#logo\"}},{\"@type\":\"WebSite\",\"@id\":\"https:\/\/chemitool.com\/#website\",\"url\":\"https:\/\/chemitool.com\/\",\"name\":\"Chemitool\",\"description\":\"Chemitool - hardware and tools\",\"publisher\":{\"@id\":\"https:\/\/chemitool.com\/#organization\"},\"potentialAction\":[{\"@type\":\"SearchAction\",\"target\":{\"@type\":\"EntryPoint\",\"urlTemplate\":\"https:\/\/chemitool.com\/?s={search_term_string}\"},\"query-input\":\"required name=search_term_string\"}],\"inLanguage\":\"pt-PT\"},{\"@type\":\"ImageObject\",\"@id\":\"https:\/\/chemitool.com\/pt-pt\/products\/automotive-3\/dispensadores-de-rolos-de-papel-pt-pt-automovel\/suporte-com-tripe-para-rolo-de-papel\/#primaryimage\",\"inLanguage\":\"pt-PT\",\"url\":\"https:\/\/chemitool.com\/wp-content\/uploads\/2022\/03\/CH12000003_1.png\",\"contentUrl\":\"https:\/\/chemitool.com\/wp-content\/uploads\/2022\/03\/CH12000003_1.png\",\"width\":800,\"height\":800},{\"@type\":\"WebPage\",\"@id\":\"https:\/\/chemitool.com\/pt-pt\/products\/automotive-3\/dispensadores-de-rolos-de-papel-pt-pt-automovel\/suporte-com-tripe-para-rolo-de-papel\/#webpage\",\"url\":\"https:\/\/chemitool.com\/pt-pt\/products\/automotive-3\/dispensadores-de-rolos-de-papel-pt-pt-automovel\/suporte-com-tripe-para-rolo-de-papel\/\",\"name\":\"Suporte com Trip\\u00e9 para Rolo de Papel &ndash; Chemitool\",\"isPartOf\":{\"@id\":\"https:\/\/chemitool.com\/#website\"},\"primaryImageOfPage\":{\"@id\":\"https:\/\/chemitool.com\/pt-pt\/products\/automotive-3\/dispensadores-de-rolos-de-papel-pt-pt-automovel\/suporte-com-tripe-para-rolo-de-papel\/#primaryimage\"},\"datePublished\":\"2022-03-17T09:36:18+00:00\",\"dateModified\":\"2022-06-29T16:49:41+00:00\",\"description\":\"SAP: CH12000003 Porta Rolos Papel com Suporte de Sacos CHEMITOOL de a\\u00e7o galvanizado. Recomendado para uso dom\\u00e9stico e industrial. Equipado com suportes especiais que tornam a substitui\\u00e7\\u00e3o do rolo de papel mais f\\u00e1cil e mais r\\u00e1pida.\",\"breadcrumb\":{\"@id\":\"https:\/\/chemitool.com\/pt-pt\/products\/automotive-3\/dispensadores-de-rolos-de-papel-pt-pt-automovel\/suporte-com-tripe-para-rolo-de-papel\/#breadcrumb\"},\"inLanguage\":\"pt-PT\",\"potentialAction\":[{\"@type\":\"ReadAction\",\"target\":[\"https:\/\/chemitool.com\/pt-pt\/products\/automotive-3\/dispensadores-de-rolos-de-papel-pt-pt-automovel\/suporte-com-tripe-para-rolo-de-papel\/\"]}]},{\"@type\":\"BreadcrumbList\",\"@id\":\"https:\/\/chemitool.com\/pt-pt\/products\/automotive-3\/dispensadores-de-rolos-de-papel-pt-pt-automovel\/suporte-com-tripe-para-rolo-de-papel\/#breadcrumb\",\"itemListElement\":[{\"@type\":\"ListItem\",\"position\":1,\"name\":\"Home\",\"item\":\"https:\/\/chemitool.com\/pt-pt\/\"},{\"@type\":\"ListItem\",\"position\":2,\"name\":\"Produtos\",\"item\":\"https:\/\/chemitool.com\/pt-pt\/produtos\/\"},{\"@type\":\"ListItem\",\"position\":3,\"name\":\"Automotive\",\"item\":\"https:\/\/chemitool.com\/pt-pt\/categoria-produto\/automotive-3\/\"},{\"@type\":\"ListItem\",\"position\":4,\"name\":\"Dispensadores e Rolos de Papel\",\"item\":\"https:\/\/chemitool.com\/pt-pt\/categoria-produto\/automotive-3\/dispensadores-de-rolos-de-papel-pt-pt-automovel\/\"},{\"@type\":\"ListItem\",\"position\":5,\"name\":\"Suporte com Trip\\u00e9 para Rolo de Papel\"}]}]}<\/script>\n<!-- \/ Yoast SEO plugin. -->","yoast_head_json":{"title":"Suporte com Trip\u00e9 para Rolo de Papel &ndash; Chemitool","description":"SAP: CH12000003   Porta Rolos Papel com Suporte de Sacos CHEMITOOL de a\u00e7o galvanizado. Recomendado para uso dom\u00e9stico e industrial. Equipado com suportes especiais que tornam a substitui\u00e7\u00e3o do rolo de papel mais f\u00e1cil e mais r\u00e1pida.","robots":{"index":"index","follow":"follow","max-snippet":"max-snippet:-1","max-image-preview":"max-image-preview:large","max-video-preview":"max-video-preview:-1"},"canonical":"https:\/\/chemitool.com\/pt-pt\/products\/automotive-3\/dispensadores-de-rolos-de-papel-pt-pt-automovel\/suporte-com-tripe-para-rolo-de-papel\/","og_locale":"pt_PT","og_type":"article","og_title":"Suporte com Trip\u00e9 para Rolo de Papel &ndash; Chemitool","og_description":"SAP: CH12000003   Porta Rolos Papel com Suporte de Sacos CHEMITOOL de a\u00e7o galvanizado. Recomendado para uso dom\u00e9stico e industrial. Equipado com suportes especiais que tornam a substitui\u00e7\u00e3o do rolo de papel mais f\u00e1cil e mais r\u00e1pida.","og_url":"https:\/\/chemitool.com\/pt-pt\/products\/automotive-3\/dispensadores-de-rolos-de-papel-pt-pt-automovel\/suporte-com-tripe-para-rolo-de-papel\/","og_site_name":"Chemitool","article_publisher":"https:\/\/www.facebook.com\/chemitool","article_modified_time":"2022-06-29T16:49:41+00:00","og_image":[{"width":800,"height":800,"url":"https:\/\/chemitool.com\/wp-content\/uploads\/2022\/03\/CH12000003.png","type":"image\/png"}],"twitter_card":"summary_large_image","schema":{"@context":"https:\/\/schema.org","@graph":[{"@type":"Organization","@id":"https:\/\/chemitool.com\/#organization","name":"Chemitool","url":"https:\/\/chemitool.com\/","sameAs":["https:\/\/www.facebook.com\/chemitool","https:\/\/www.instagram.com\/chemitool\/"],"logo":{"@type":"ImageObject","@id":"https:\/\/chemitool.com\/#logo","inLanguage":"pt-PT","url":"https:\/\/chemitool.com\/wp-content\/uploads\/2020\/10\/logo_chemitool.png","contentUrl":"https:\/\/chemitool.com\/wp-content\/uploads\/2020\/10\/logo_chemitool.png","width":400,"height":400,"caption":"Chemitool"},"image":{"@id":"https:\/\/chemitool.com\/#logo"}},{"@type":"WebSite","@id":"https:\/\/chemitool.com\/#website","url":"https:\/\/chemitool.com\/","name":"Chemitool","description":"Chemitool - hardware and tools","publisher":{"@id":"https:\/\/chemitool.com\/#organization"},"potentialAction":[{"@type":"SearchAction","target":{"@type":"EntryPoint","urlTemplate":"https:\/\/chemitool.com\/?s={search_term_string}"},"query-input":"required name=search_term_string"}],"inLanguage":"pt-PT"},{"@type":"ImageObject","@id":"https:\/\/chemitool.com\/pt-pt\/products\/automotive-3\/dispensadores-de-rolos-de-papel-pt-pt-automovel\/suporte-com-tripe-para-rolo-de-papel\/#primaryimage","inLanguage":"pt-PT","url":"https:\/\/chemitool.com\/wp-content\/uploads\/2022\/03\/CH12000003_1.png","contentUrl":"https:\/\/chemitool.com\/wp-content\/uploads\/2022\/03\/CH12000003_1.png","width":800,"height":800},{"@type":"WebPage","@id":"https:\/\/chemitool.com\/pt-pt\/products\/automotive-3\/dispensadores-de-rolos-de-papel-pt-pt-automovel\/suporte-com-tripe-para-rolo-de-papel\/#webpage","url":"https:\/\/chemitool.com\/pt-pt\/products\/automotive-3\/dispensadores-de-rolos-de-papel-pt-pt-automovel\/suporte-com-tripe-para-rolo-de-papel\/","name":"Suporte com Trip\u00e9 para Rolo de Papel &ndash; Chemitool","isPartOf":{"@id":"https:\/\/chemitool.com\/#website"},"primaryImageOfPage":{"@id":"https:\/\/chemitool.com\/pt-pt\/products\/automotive-3\/dispensadores-de-rolos-de-papel-pt-pt-automovel\/suporte-com-tripe-para-rolo-de-papel\/#primaryimage"},"datePublished":"2022-03-17T09:36:18+00:00","dateModified":"2022-06-29T16:49:41+00:00","description":"SAP: CH12000003 Porta Rolos Papel com Suporte de Sacos CHEMITOOL de a\u00e7o galvanizado. Recomendado para uso dom\u00e9stico e industrial. Equipado com suportes especiais que tornam a substitui\u00e7\u00e3o do rolo de papel mais f\u00e1cil e mais r\u00e1pida.","breadcrumb":{"@id":"https:\/\/chemitool.com\/pt-pt\/products\/automotive-3\/dispensadores-de-rolos-de-papel-pt-pt-automovel\/suporte-com-tripe-para-rolo-de-papel\/#breadcrumb"},"inLanguage":"pt-PT","potentialAction":[{"@type":"ReadAction","target":["https:\/\/chemitool.com\/pt-pt\/products\/automotive-3\/dispensadores-de-rolos-de-papel-pt-pt-automovel\/suporte-com-tripe-para-rolo-de-papel\/"]}]},{"@type":"BreadcrumbList","@id":"https:\/\/chemitool.com\/pt-pt\/products\/automotive-3\/dispensadores-de-rolos-de-papel-pt-pt-automovel\/suporte-com-tripe-para-rolo-de-papel\/#breadcrumb","itemListElement":[{"@type":"ListItem","position":1,"name":"Home","item":"https:\/\/chemitool.com\/pt-pt\/"},{"@type":"ListItem","position":2,"name":"Produtos","item":"https:\/\/chemitool.com\/pt-pt\/produtos\/"},{"@type":"ListItem","position":3,"name":"Automotive","item":"https:\/\/chemitool.com\/pt-pt\/categoria-produto\/automotive-3\/"},{"@type":"ListItem","position":4,"name":"Dispensadores e Rolos de Papel","item":"https:\/\/chemitool.com\/pt-pt\/categoria-produto\/automotive-3\/dispensadores-de-rolos-de-papel-pt-pt-automovel\/"},{"@type":"ListItem","position":5,"name":"Suporte com Trip\u00e9 para Rolo de Papel"}]}]}},"_links":{"self":[{"href":"https:\/\/chemitool.com\/pt-pt\/wp-json\/wp\/v2\/product\/20216"}],"collection":[{"href":"https:\/\/chemitool.com\/pt-pt\/wp-json\/wp\/v2\/product"}],"about":[{"href":"https:\/\/chemitool.com\/pt-pt\/wp-json\/wp\/v2\/types\/product"}],"wp:featuredmedia":[{"embeddable":true,"href":"https:\/\/chemitool.com\/pt-pt\/wp-json\/wp\/v2\/media\/29647"}],"wp:attachment":[{"href":"https:\/\/chemitool.com\/pt-pt\/wp-json\/wp\/v2\/media?parent=20216"}],"wp:term":[{"taxonomy":"product_cat","embeddable":true,"href":"https:\/\/chemitool.com\/pt-pt\/wp-json\/wp\/v2\/product_cat?post=20216"},{"taxonomy":"product_tag","embeddable":true,"href":"https:\/\/chemitool.com\/pt-pt\/wp-json\/wp\/v2\/product_tag?post=20216"}],"curies":[{"name":"wp","href":"https:\/\/api.w.org\/{rel}","templated":true}]}}