{"id":20149,"date":"2022-03-16T11:21:06","date_gmt":"2022-03-16T11:21:07","guid":{"rendered":"https:\/\/chemitool.com\/?post_type=product&#038;p=20149"},"modified":"2022-07-05T13:49:09","modified_gmt":"2022-07-05T13:49:09","slug":"trincha-junior","status":"publish","type":"product","link":"https:\/\/chemitool.com\/pt-pt\/products\/tools\/pintura\/trincha-junior\/","title":{"rendered":"Trincha J\u00fanior"},"content":{"rendered":"<ul>\n<li>Cerda Natural Preta<\/li>\n<li>Virola em A\u00e7o Niquelado<\/li>\n<li>Cabo de Pl\u00e1stico<\/li>\n<li>Dimens\u00f5es de \u00bd\u201d a 5\u201d<\/li>\n<\/ul>\n","protected":false},"excerpt":{"rendered":"<p><em>Trincha J\u00fanior CHEMITOOL <\/em>indicada para todo tipo de tintas. Boa reten\u00e7\u00e3o de tinta, bom rendimento e acabamento.Trincha profissional de alta qualidade. Para uso profissional em todos os tipos de tintas e vernizes, tanto em \u00e1gua como em solvente. Cabo ergon\u00f3mico em polipropileno de alta resist\u00eancia. Fibra de cerdas 100% natural, de qualidade extra. Cerdas regulares de igual comprimento. Carga melhor, solta a tinta mais devagar. Fabrica\u00e7\u00e3o vulcanizada. Limpeza f\u00e1cil e de longa durabilidade.<\/p>\n","protected":false},"featured_media":20088,"template":"","meta":[],"product_cat":[1455,3667],"product_tag":[],"yoast_head":"<!-- This site is optimized with the Yoast SEO plugin v17.4 - https:\/\/yoast.com\/wordpress\/plugins\/seo\/ -->\n<title>Trincha J\u00fanior &ndash; Chemitool<\/title>\n<meta name=\"description\" content=\"Trincha J\u00fanior CHEMITOOL indicada para todo tipo de tintas. Boa reten\u00e7\u00e3o de tinta, bom rendimento e acabamento.Trincha profissional de alta qualidade. Para uso profissional em todos os tipos de tintas e vernizes, tanto em \u00e1gua como em solvente. Cabo ergon\u00f3mico em polipropileno de alta resist\u00eancia. Fibra de cerdas 100% natural, de qualidade extra. Cerdas regulares de igual comprimento. Carga melhor, solta a tinta mais devagar. Fabrica\u00e7\u00e3o vulcanizada. Limpeza f\u00e1cil e de longa durabilidade.\" \/>\n<meta name=\"robots\" content=\"index, follow, max-snippet:-1, max-image-preview:large, max-video-preview:-1\" \/>\n<link rel=\"canonical\" href=\"https:\/\/chemitool.com\/pt-pt\/products\/tools\/pintura\/trincha-junior\/\" \/>\n<meta property=\"og:locale\" content=\"pt_PT\" \/>\n<meta property=\"og:type\" content=\"article\" \/>\n<meta property=\"og:title\" content=\"Trincha J\u00fanior &ndash; Chemitool\" \/>\n<meta property=\"og:description\" content=\"Trincha J\u00fanior CHEMITOOL indicada para todo tipo de tintas. Boa reten\u00e7\u00e3o de tinta, bom rendimento e acabamento.Trincha profissional de alta qualidade. Para uso profissional em todos os tipos de tintas e vernizes, tanto em \u00e1gua como em solvente. Cabo ergon\u00f3mico em polipropileno de alta resist\u00eancia. Fibra de cerdas 100% natural, de qualidade extra. Cerdas regulares de igual comprimento. Carga melhor, solta a tinta mais devagar. Fabrica\u00e7\u00e3o vulcanizada. Limpeza f\u00e1cil e de longa durabilidade.\" \/>\n<meta property=\"og:url\" content=\"https:\/\/chemitool.com\/pt-pt\/products\/tools\/pintura\/trincha-junior\/\" \/>\n<meta property=\"og:site_name\" content=\"Chemitool\" \/>\n<meta property=\"article:publisher\" content=\"https:\/\/www.facebook.com\/chemitool\" \/>\n<meta property=\"article:modified_time\" content=\"2022-07-05T13:49:09+00:00\" \/>\n<meta property=\"og:image\" content=\"https:\/\/chemitool.com\/wp-content\/uploads\/2022\/03\/CHT200101000.png\" \/>\n\t<meta property=\"og:image:width\" content=\"800\" \/>\n\t<meta property=\"og:image:height\" content=\"800\" \/>\n<meta name=\"twitter:card\" content=\"summary_large_image\" \/>\n<script type=\"application\/ld+json\" class=\"yoast-schema-graph\">{\"@context\":\"https:\/\/schema.org\",\"@graph\":[{\"@type\":\"Organization\",\"@id\":\"https:\/\/chemitool.com\/#organization\",\"name\":\"Chemitool\",\"url\":\"https:\/\/chemitool.com\/\",\"sameAs\":[\"https:\/\/www.facebook.com\/chemitool\",\"https:\/\/www.instagram.com\/chemitool\/\"],\"logo\":{\"@type\":\"ImageObject\",\"@id\":\"https:\/\/chemitool.com\/#logo\",\"inLanguage\":\"pt-PT\",\"url\":\"https:\/\/chemitool.com\/wp-content\/uploads\/2020\/10\/logo_chemitool.png\",\"contentUrl\":\"https:\/\/chemitool.com\/wp-content\/uploads\/2020\/10\/logo_chemitool.png\",\"width\":400,\"height\":400,\"caption\":\"Chemitool\"},\"image\":{\"@id\":\"https:\/\/chemitool.com\/#logo\"}},{\"@type\":\"WebSite\",\"@id\":\"https:\/\/chemitool.com\/#website\",\"url\":\"https:\/\/chemitool.com\/\",\"name\":\"Chemitool\",\"description\":\"Chemitool - hardware and tools\",\"publisher\":{\"@id\":\"https:\/\/chemitool.com\/#organization\"},\"potentialAction\":[{\"@type\":\"SearchAction\",\"target\":{\"@type\":\"EntryPoint\",\"urlTemplate\":\"https:\/\/chemitool.com\/?s={search_term_string}\"},\"query-input\":\"required name=search_term_string\"}],\"inLanguage\":\"pt-PT\"},{\"@type\":\"ImageObject\",\"@id\":\"https:\/\/chemitool.com\/pt-pt\/products\/tools\/pintura\/trincha-junior\/#primaryimage\",\"inLanguage\":\"pt-PT\",\"url\":\"https:\/\/chemitool.com\/wp-content\/uploads\/2022\/03\/CHT200101000.png\",\"contentUrl\":\"https:\/\/chemitool.com\/wp-content\/uploads\/2022\/03\/CHT200101000.png\",\"width\":800,\"height\":800},{\"@type\":\"WebPage\",\"@id\":\"https:\/\/chemitool.com\/pt-pt\/products\/tools\/pintura\/trincha-junior\/#webpage\",\"url\":\"https:\/\/chemitool.com\/pt-pt\/products\/tools\/pintura\/trincha-junior\/\",\"name\":\"Trincha J\\u00fanior &ndash; Chemitool\",\"isPartOf\":{\"@id\":\"https:\/\/chemitool.com\/#website\"},\"primaryImageOfPage\":{\"@id\":\"https:\/\/chemitool.com\/pt-pt\/products\/tools\/pintura\/trincha-junior\/#primaryimage\"},\"datePublished\":\"2022-03-16T11:21:07+00:00\",\"dateModified\":\"2022-07-05T13:49:09+00:00\",\"description\":\"Trincha J\\u00fanior CHEMITOOL indicada para todo tipo de tintas. Boa reten\\u00e7\\u00e3o de tinta, bom rendimento e acabamento.Trincha profissional de alta qualidade. Para uso profissional em todos os tipos de tintas e vernizes, tanto em \\u00e1gua como em solvente. Cabo ergon\\u00f3mico em polipropileno de alta resist\\u00eancia. Fibra de cerdas 100% natural, de qualidade extra. Cerdas regulares de igual comprimento. Carga melhor, solta a tinta mais devagar. Fabrica\\u00e7\\u00e3o vulcanizada. Limpeza f\\u00e1cil e de longa durabilidade.\",\"breadcrumb\":{\"@id\":\"https:\/\/chemitool.com\/pt-pt\/products\/tools\/pintura\/trincha-junior\/#breadcrumb\"},\"inLanguage\":\"pt-PT\",\"potentialAction\":[{\"@type\":\"ReadAction\",\"target\":[\"https:\/\/chemitool.com\/pt-pt\/products\/tools\/pintura\/trincha-junior\/\"]}]},{\"@type\":\"BreadcrumbList\",\"@id\":\"https:\/\/chemitool.com\/pt-pt\/products\/tools\/pintura\/trincha-junior\/#breadcrumb\",\"itemListElement\":[{\"@type\":\"ListItem\",\"position\":1,\"name\":\"Home\",\"item\":\"https:\/\/chemitool.com\/pt-pt\/\"},{\"@type\":\"ListItem\",\"position\":2,\"name\":\"Produtos\",\"item\":\"https:\/\/chemitool.com\/pt-pt\/produtos\/\"},{\"@type\":\"ListItem\",\"position\":3,\"name\":\"Tools\",\"item\":\"https:\/\/chemitool.com\/pt-pt\/categoria-produto\/tools\/\"},{\"@type\":\"ListItem\",\"position\":4,\"name\":\"Escadas e Escadotes\",\"item\":\"https:\/\/chemitool.com\/pt-pt\/categoria-produto\/tools\/escadas-e-escadotes\/\"},{\"@type\":\"ListItem\",\"position\":5,\"name\":\"Trincha J\\u00fanior\"}]}]}<\/script>\n<!-- \/ Yoast SEO plugin. -->","yoast_head_json":{"title":"Trincha J\u00fanior &ndash; Chemitool","description":"Trincha J\u00fanior CHEMITOOL indicada para todo tipo de tintas. Boa reten\u00e7\u00e3o de tinta, bom rendimento e acabamento.Trincha profissional de alta qualidade. Para uso profissional em todos os tipos de tintas e vernizes, tanto em \u00e1gua como em solvente. Cabo ergon\u00f3mico em polipropileno de alta resist\u00eancia. Fibra de cerdas 100% natural, de qualidade extra. Cerdas regulares de igual comprimento. Carga melhor, solta a tinta mais devagar. Fabrica\u00e7\u00e3o vulcanizada. Limpeza f\u00e1cil e de longa durabilidade.","robots":{"index":"index","follow":"follow","max-snippet":"max-snippet:-1","max-image-preview":"max-image-preview:large","max-video-preview":"max-video-preview:-1"},"canonical":"https:\/\/chemitool.com\/pt-pt\/products\/tools\/pintura\/trincha-junior\/","og_locale":"pt_PT","og_type":"article","og_title":"Trincha J\u00fanior &ndash; Chemitool","og_description":"Trincha J\u00fanior CHEMITOOL indicada para todo tipo de tintas. Boa reten\u00e7\u00e3o de tinta, bom rendimento e acabamento.Trincha profissional de alta qualidade. Para uso profissional em todos os tipos de tintas e vernizes, tanto em \u00e1gua como em solvente. Cabo ergon\u00f3mico em polipropileno de alta resist\u00eancia. Fibra de cerdas 100% natural, de qualidade extra. Cerdas regulares de igual comprimento. Carga melhor, solta a tinta mais devagar. Fabrica\u00e7\u00e3o vulcanizada. Limpeza f\u00e1cil e de longa durabilidade.","og_url":"https:\/\/chemitool.com\/pt-pt\/products\/tools\/pintura\/trincha-junior\/","og_site_name":"Chemitool","article_publisher":"https:\/\/www.facebook.com\/chemitool","article_modified_time":"2022-07-05T13:49:09+00:00","og_image":[{"width":800,"height":800,"url":"https:\/\/chemitool.com\/wp-content\/uploads\/2022\/03\/CHT200101000.png","type":"image\/png"}],"twitter_card":"summary_large_image","schema":{"@context":"https:\/\/schema.org","@graph":[{"@type":"Organization","@id":"https:\/\/chemitool.com\/#organization","name":"Chemitool","url":"https:\/\/chemitool.com\/","sameAs":["https:\/\/www.facebook.com\/chemitool","https:\/\/www.instagram.com\/chemitool\/"],"logo":{"@type":"ImageObject","@id":"https:\/\/chemitool.com\/#logo","inLanguage":"pt-PT","url":"https:\/\/chemitool.com\/wp-content\/uploads\/2020\/10\/logo_chemitool.png","contentUrl":"https:\/\/chemitool.com\/wp-content\/uploads\/2020\/10\/logo_chemitool.png","width":400,"height":400,"caption":"Chemitool"},"image":{"@id":"https:\/\/chemitool.com\/#logo"}},{"@type":"WebSite","@id":"https:\/\/chemitool.com\/#website","url":"https:\/\/chemitool.com\/","name":"Chemitool","description":"Chemitool - hardware and tools","publisher":{"@id":"https:\/\/chemitool.com\/#organization"},"potentialAction":[{"@type":"SearchAction","target":{"@type":"EntryPoint","urlTemplate":"https:\/\/chemitool.com\/?s={search_term_string}"},"query-input":"required name=search_term_string"}],"inLanguage":"pt-PT"},{"@type":"ImageObject","@id":"https:\/\/chemitool.com\/pt-pt\/products\/tools\/pintura\/trincha-junior\/#primaryimage","inLanguage":"pt-PT","url":"https:\/\/chemitool.com\/wp-content\/uploads\/2022\/03\/CHT200101000.png","contentUrl":"https:\/\/chemitool.com\/wp-content\/uploads\/2022\/03\/CHT200101000.png","width":800,"height":800},{"@type":"WebPage","@id":"https:\/\/chemitool.com\/pt-pt\/products\/tools\/pintura\/trincha-junior\/#webpage","url":"https:\/\/chemitool.com\/pt-pt\/products\/tools\/pintura\/trincha-junior\/","name":"Trincha J\u00fanior &ndash; Chemitool","isPartOf":{"@id":"https:\/\/chemitool.com\/#website"},"primaryImageOfPage":{"@id":"https:\/\/chemitool.com\/pt-pt\/products\/tools\/pintura\/trincha-junior\/#primaryimage"},"datePublished":"2022-03-16T11:21:07+00:00","dateModified":"2022-07-05T13:49:09+00:00","description":"Trincha J\u00fanior CHEMITOOL indicada para todo tipo de tintas. Boa reten\u00e7\u00e3o de tinta, bom rendimento e acabamento.Trincha profissional de alta qualidade. Para uso profissional em todos os tipos de tintas e vernizes, tanto em \u00e1gua como em solvente. Cabo ergon\u00f3mico em polipropileno de alta resist\u00eancia. Fibra de cerdas 100% natural, de qualidade extra. Cerdas regulares de igual comprimento. Carga melhor, solta a tinta mais devagar. Fabrica\u00e7\u00e3o vulcanizada. Limpeza f\u00e1cil e de longa durabilidade.","breadcrumb":{"@id":"https:\/\/chemitool.com\/pt-pt\/products\/tools\/pintura\/trincha-junior\/#breadcrumb"},"inLanguage":"pt-PT","potentialAction":[{"@type":"ReadAction","target":["https:\/\/chemitool.com\/pt-pt\/products\/tools\/pintura\/trincha-junior\/"]}]},{"@type":"BreadcrumbList","@id":"https:\/\/chemitool.com\/pt-pt\/products\/tools\/pintura\/trincha-junior\/#breadcrumb","itemListElement":[{"@type":"ListItem","position":1,"name":"Home","item":"https:\/\/chemitool.com\/pt-pt\/"},{"@type":"ListItem","position":2,"name":"Produtos","item":"https:\/\/chemitool.com\/pt-pt\/produtos\/"},{"@type":"ListItem","position":3,"name":"Tools","item":"https:\/\/chemitool.com\/pt-pt\/categoria-produto\/tools\/"},{"@type":"ListItem","position":4,"name":"Escadas e Escadotes","item":"https:\/\/chemitool.com\/pt-pt\/categoria-produto\/tools\/escadas-e-escadotes\/"},{"@type":"ListItem","position":5,"name":"Trincha J\u00fanior"}]}]}},"_links":{"self":[{"href":"https:\/\/chemitool.com\/pt-pt\/wp-json\/wp\/v2\/product\/20149"}],"collection":[{"href":"https:\/\/chemitool.com\/pt-pt\/wp-json\/wp\/v2\/product"}],"about":[{"href":"https:\/\/chemitool.com\/pt-pt\/wp-json\/wp\/v2\/types\/product"}],"wp:featuredmedia":[{"embeddable":true,"href":"https:\/\/chemitool.com\/pt-pt\/wp-json\/wp\/v2\/media\/20088"}],"wp:attachment":[{"href":"https:\/\/chemitool.com\/pt-pt\/wp-json\/wp\/v2\/media?parent=20149"}],"wp:term":[{"taxonomy":"product_cat","embeddable":true,"href":"https:\/\/chemitool.com\/pt-pt\/wp-json\/wp\/v2\/product_cat?post=20149"},{"taxonomy":"product_tag","embeddable":true,"href":"https:\/\/chemitool.com\/pt-pt\/wp-json\/wp\/v2\/product_tag?post=20149"}],"curies":[{"name":"wp","href":"https:\/\/api.w.org\/{rel}","templated":true}]}}