{"id":19703,"date":"2022-03-07T15:12:06","date_gmt":"2022-03-07T15:12:22","guid":{"rendered":"https:\/\/chemitool.com\/?post_type=product&#038;p=19703"},"modified":"2022-07-05T11:29:47","modified_gmt":"2022-07-05T11:29:47","slug":"banco-rolante","status":"publish","type":"product","link":"https:\/\/chemitool.com\/pt-pt\/products\/tools\/escadas-e-escadotes\/escadotes\/banco-rolante\/","title":{"rendered":"BANCO ROLANTE"},"content":{"rendered":"<ul>\n<li>Abertura acidental \u00e9 impedida pela plataforma anti-bloqueio.<\/li>\n<li>Em polipropileno \u00e9 ideal para uso profissional e dom\u00e9stico, oficina, lojas e armaz\u00e9ns.<\/li>\n<\/ul>\n<p><strong>Certificado com a norma europeia EN131<\/strong><\/p>\n","protected":false},"excerpt":{"rendered":"<p><b class=\"sap-label\">SAP:<\/b> <span class=\"codesap-label\">CHT200205010010<\/span><\/p>\n<p><em>Banco Rolante CHEMITOOL<\/em> com tamborete girat\u00f3rio e rodas retr\u00e1teis. Revestido a polipropileno, este banco \u00e9 ideal para uso profissional e dom\u00e9stico em oficinas, lojas e armaz\u00e9ns. O tamborete pode ser movido com o p\u00e9 e ser posicionado sem necessidade de se levantar. Quando se levanta, as rodas desaparecem instantaneamente, podendo ser bloqueadas mediante um anel de borracha anti deslizante posicionado na base.<\/p>\n","protected":false},"featured_media":19717,"template":"","meta":[],"product_cat":[1455,3617,3607],"product_tag":[],"yoast_head":"<!-- This site is optimized with the Yoast SEO plugin v17.4 - https:\/\/yoast.com\/wordpress\/plugins\/seo\/ -->\n<title>BANCO ROLANTE &ndash; Chemitool<\/title>\n<meta name=\"description\" content=\"SAP: CHT200205010010  Banco Rolante CHEMITOOL com tamborete girat\u00f3rio e rodas retr\u00e1teis. Revestido a polipropileno, este banco \u00e9 ideal para uso profissional e dom\u00e9stico em oficinas, lojas e armaz\u00e9ns. O tamborete pode ser movido com o p\u00e9 e ser posicionado sem necessidade de se levantar. Quando se levanta, as rodas desaparecem instantaneamente, podendo ser bloqueadas mediante um anel de borracha anti deslizante posicionado na base.\" \/>\n<meta name=\"robots\" content=\"index, follow, max-snippet:-1, max-image-preview:large, max-video-preview:-1\" \/>\n<link rel=\"canonical\" href=\"https:\/\/chemitool.com\/pt-pt\/products\/tools\/escadas-e-escadotes\/escadotes\/banco-rolante\/\" \/>\n<meta property=\"og:locale\" content=\"pt_PT\" \/>\n<meta property=\"og:type\" content=\"article\" \/>\n<meta property=\"og:title\" content=\"BANCO ROLANTE &ndash; Chemitool\" \/>\n<meta property=\"og:description\" content=\"SAP: CHT200205010010  Banco Rolante CHEMITOOL com tamborete girat\u00f3rio e rodas retr\u00e1teis. Revestido a polipropileno, este banco \u00e9 ideal para uso profissional e dom\u00e9stico em oficinas, lojas e armaz\u00e9ns. O tamborete pode ser movido com o p\u00e9 e ser posicionado sem necessidade de se levantar. Quando se levanta, as rodas desaparecem instantaneamente, podendo ser bloqueadas mediante um anel de borracha anti deslizante posicionado na base.\" \/>\n<meta property=\"og:url\" content=\"https:\/\/chemitool.com\/pt-pt\/products\/tools\/escadas-e-escadotes\/escadotes\/banco-rolante\/\" \/>\n<meta property=\"og:site_name\" content=\"Chemitool\" \/>\n<meta property=\"article:publisher\" content=\"https:\/\/www.facebook.com\/chemitool\" \/>\n<meta property=\"article:modified_time\" content=\"2022-07-05T11:29:47+00:00\" \/>\n<meta property=\"og:image\" content=\"https:\/\/chemitool.com\/wp-content\/uploads\/2022\/03\/CHT200205010010.jpg\" \/>\n\t<meta property=\"og:image:width\" content=\"900\" \/>\n\t<meta property=\"og:image:height\" content=\"900\" \/>\n<meta name=\"twitter:card\" content=\"summary_large_image\" \/>\n<script type=\"application\/ld+json\" class=\"yoast-schema-graph\">{\"@context\":\"https:\/\/schema.org\",\"@graph\":[{\"@type\":\"Organization\",\"@id\":\"https:\/\/chemitool.com\/#organization\",\"name\":\"Chemitool\",\"url\":\"https:\/\/chemitool.com\/\",\"sameAs\":[\"https:\/\/www.facebook.com\/chemitool\",\"https:\/\/www.instagram.com\/chemitool\/\"],\"logo\":{\"@type\":\"ImageObject\",\"@id\":\"https:\/\/chemitool.com\/#logo\",\"inLanguage\":\"pt-PT\",\"url\":\"https:\/\/chemitool.com\/wp-content\/uploads\/2020\/10\/logo_chemitool.png\",\"contentUrl\":\"https:\/\/chemitool.com\/wp-content\/uploads\/2020\/10\/logo_chemitool.png\",\"width\":400,\"height\":400,\"caption\":\"Chemitool\"},\"image\":{\"@id\":\"https:\/\/chemitool.com\/#logo\"}},{\"@type\":\"WebSite\",\"@id\":\"https:\/\/chemitool.com\/#website\",\"url\":\"https:\/\/chemitool.com\/\",\"name\":\"Chemitool\",\"description\":\"Chemitool - hardware and tools\",\"publisher\":{\"@id\":\"https:\/\/chemitool.com\/#organization\"},\"potentialAction\":[{\"@type\":\"SearchAction\",\"target\":{\"@type\":\"EntryPoint\",\"urlTemplate\":\"https:\/\/chemitool.com\/?s={search_term_string}\"},\"query-input\":\"required name=search_term_string\"}],\"inLanguage\":\"pt-PT\"},{\"@type\":\"ImageObject\",\"@id\":\"https:\/\/chemitool.com\/pt-pt\/products\/tools\/escadas-e-escadotes\/escadotes\/banco-rolante\/#primaryimage\",\"inLanguage\":\"pt-PT\",\"url\":\"https:\/\/chemitool.com\/wp-content\/uploads\/2022\/03\/CHT200205010010.jpg\",\"contentUrl\":\"https:\/\/chemitool.com\/wp-content\/uploads\/2022\/03\/CHT200205010010.jpg\",\"width\":900,\"height\":900},{\"@type\":\"WebPage\",\"@id\":\"https:\/\/chemitool.com\/pt-pt\/products\/tools\/escadas-e-escadotes\/escadotes\/banco-rolante\/#webpage\",\"url\":\"https:\/\/chemitool.com\/pt-pt\/products\/tools\/escadas-e-escadotes\/escadotes\/banco-rolante\/\",\"name\":\"BANCO ROLANTE &ndash; Chemitool\",\"isPartOf\":{\"@id\":\"https:\/\/chemitool.com\/#website\"},\"primaryImageOfPage\":{\"@id\":\"https:\/\/chemitool.com\/pt-pt\/products\/tools\/escadas-e-escadotes\/escadotes\/banco-rolante\/#primaryimage\"},\"datePublished\":\"2022-03-07T15:12:22+00:00\",\"dateModified\":\"2022-07-05T11:29:47+00:00\",\"description\":\"SAP: CHT200205010010 Banco Rolante CHEMITOOL com tamborete girat\\u00f3rio e rodas retr\\u00e1teis. Revestido a polipropileno, este banco \\u00e9 ideal para uso profissional e dom\\u00e9stico em oficinas, lojas e armaz\\u00e9ns. O tamborete pode ser movido com o p\\u00e9 e ser posicionado sem necessidade de se levantar. Quando se levanta, as rodas desaparecem instantaneamente, podendo ser bloqueadas mediante um anel de borracha anti deslizante posicionado na base.\",\"breadcrumb\":{\"@id\":\"https:\/\/chemitool.com\/pt-pt\/products\/tools\/escadas-e-escadotes\/escadotes\/banco-rolante\/#breadcrumb\"},\"inLanguage\":\"pt-PT\",\"potentialAction\":[{\"@type\":\"ReadAction\",\"target\":[\"https:\/\/chemitool.com\/pt-pt\/products\/tools\/escadas-e-escadotes\/escadotes\/banco-rolante\/\"]}]},{\"@type\":\"BreadcrumbList\",\"@id\":\"https:\/\/chemitool.com\/pt-pt\/products\/tools\/escadas-e-escadotes\/escadotes\/banco-rolante\/#breadcrumb\",\"itemListElement\":[{\"@type\":\"ListItem\",\"position\":1,\"name\":\"Home\",\"item\":\"https:\/\/chemitool.com\/pt-pt\/\"},{\"@type\":\"ListItem\",\"position\":2,\"name\":\"Produtos\",\"item\":\"https:\/\/chemitool.com\/pt-pt\/produtos\/\"},{\"@type\":\"ListItem\",\"position\":3,\"name\":\"Tools\",\"item\":\"https:\/\/chemitool.com\/pt-pt\/categoria-produto\/tools\/\"},{\"@type\":\"ListItem\",\"position\":4,\"name\":\"Escadas e Escadotes\",\"item\":\"https:\/\/chemitool.com\/pt-pt\/categoria-produto\/tools\/escadas-e-escadotes\/\"},{\"@type\":\"ListItem\",\"position\":5,\"name\":\"BANCO ROLANTE\"}]}]}<\/script>\n<!-- \/ Yoast SEO plugin. -->","yoast_head_json":{"title":"BANCO ROLANTE &ndash; Chemitool","description":"SAP: CHT200205010010  Banco Rolante CHEMITOOL com tamborete girat\u00f3rio e rodas retr\u00e1teis. Revestido a polipropileno, este banco \u00e9 ideal para uso profissional e dom\u00e9stico em oficinas, lojas e armaz\u00e9ns. O tamborete pode ser movido com o p\u00e9 e ser posicionado sem necessidade de se levantar. Quando se levanta, as rodas desaparecem instantaneamente, podendo ser bloqueadas mediante um anel de borracha anti deslizante posicionado na base.","robots":{"index":"index","follow":"follow","max-snippet":"max-snippet:-1","max-image-preview":"max-image-preview:large","max-video-preview":"max-video-preview:-1"},"canonical":"https:\/\/chemitool.com\/pt-pt\/products\/tools\/escadas-e-escadotes\/escadotes\/banco-rolante\/","og_locale":"pt_PT","og_type":"article","og_title":"BANCO ROLANTE &ndash; Chemitool","og_description":"SAP: CHT200205010010  Banco Rolante CHEMITOOL com tamborete girat\u00f3rio e rodas retr\u00e1teis. Revestido a polipropileno, este banco \u00e9 ideal para uso profissional e dom\u00e9stico em oficinas, lojas e armaz\u00e9ns. O tamborete pode ser movido com o p\u00e9 e ser posicionado sem necessidade de se levantar. Quando se levanta, as rodas desaparecem instantaneamente, podendo ser bloqueadas mediante um anel de borracha anti deslizante posicionado na base.","og_url":"https:\/\/chemitool.com\/pt-pt\/products\/tools\/escadas-e-escadotes\/escadotes\/banco-rolante\/","og_site_name":"Chemitool","article_publisher":"https:\/\/www.facebook.com\/chemitool","article_modified_time":"2022-07-05T11:29:47+00:00","og_image":[{"width":900,"height":900,"url":"https:\/\/chemitool.com\/wp-content\/uploads\/2022\/03\/CHT200205010010.jpg","type":"image\/jpeg"}],"twitter_card":"summary_large_image","schema":{"@context":"https:\/\/schema.org","@graph":[{"@type":"Organization","@id":"https:\/\/chemitool.com\/#organization","name":"Chemitool","url":"https:\/\/chemitool.com\/","sameAs":["https:\/\/www.facebook.com\/chemitool","https:\/\/www.instagram.com\/chemitool\/"],"logo":{"@type":"ImageObject","@id":"https:\/\/chemitool.com\/#logo","inLanguage":"pt-PT","url":"https:\/\/chemitool.com\/wp-content\/uploads\/2020\/10\/logo_chemitool.png","contentUrl":"https:\/\/chemitool.com\/wp-content\/uploads\/2020\/10\/logo_chemitool.png","width":400,"height":400,"caption":"Chemitool"},"image":{"@id":"https:\/\/chemitool.com\/#logo"}},{"@type":"WebSite","@id":"https:\/\/chemitool.com\/#website","url":"https:\/\/chemitool.com\/","name":"Chemitool","description":"Chemitool - hardware and tools","publisher":{"@id":"https:\/\/chemitool.com\/#organization"},"potentialAction":[{"@type":"SearchAction","target":{"@type":"EntryPoint","urlTemplate":"https:\/\/chemitool.com\/?s={search_term_string}"},"query-input":"required name=search_term_string"}],"inLanguage":"pt-PT"},{"@type":"ImageObject","@id":"https:\/\/chemitool.com\/pt-pt\/products\/tools\/escadas-e-escadotes\/escadotes\/banco-rolante\/#primaryimage","inLanguage":"pt-PT","url":"https:\/\/chemitool.com\/wp-content\/uploads\/2022\/03\/CHT200205010010.jpg","contentUrl":"https:\/\/chemitool.com\/wp-content\/uploads\/2022\/03\/CHT200205010010.jpg","width":900,"height":900},{"@type":"WebPage","@id":"https:\/\/chemitool.com\/pt-pt\/products\/tools\/escadas-e-escadotes\/escadotes\/banco-rolante\/#webpage","url":"https:\/\/chemitool.com\/pt-pt\/products\/tools\/escadas-e-escadotes\/escadotes\/banco-rolante\/","name":"BANCO ROLANTE &ndash; Chemitool","isPartOf":{"@id":"https:\/\/chemitool.com\/#website"},"primaryImageOfPage":{"@id":"https:\/\/chemitool.com\/pt-pt\/products\/tools\/escadas-e-escadotes\/escadotes\/banco-rolante\/#primaryimage"},"datePublished":"2022-03-07T15:12:22+00:00","dateModified":"2022-07-05T11:29:47+00:00","description":"SAP: CHT200205010010 Banco Rolante CHEMITOOL com tamborete girat\u00f3rio e rodas retr\u00e1teis. Revestido a polipropileno, este banco \u00e9 ideal para uso profissional e dom\u00e9stico em oficinas, lojas e armaz\u00e9ns. O tamborete pode ser movido com o p\u00e9 e ser posicionado sem necessidade de se levantar. Quando se levanta, as rodas desaparecem instantaneamente, podendo ser bloqueadas mediante um anel de borracha anti deslizante posicionado na base.","breadcrumb":{"@id":"https:\/\/chemitool.com\/pt-pt\/products\/tools\/escadas-e-escadotes\/escadotes\/banco-rolante\/#breadcrumb"},"inLanguage":"pt-PT","potentialAction":[{"@type":"ReadAction","target":["https:\/\/chemitool.com\/pt-pt\/products\/tools\/escadas-e-escadotes\/escadotes\/banco-rolante\/"]}]},{"@type":"BreadcrumbList","@id":"https:\/\/chemitool.com\/pt-pt\/products\/tools\/escadas-e-escadotes\/escadotes\/banco-rolante\/#breadcrumb","itemListElement":[{"@type":"ListItem","position":1,"name":"Home","item":"https:\/\/chemitool.com\/pt-pt\/"},{"@type":"ListItem","position":2,"name":"Produtos","item":"https:\/\/chemitool.com\/pt-pt\/produtos\/"},{"@type":"ListItem","position":3,"name":"Tools","item":"https:\/\/chemitool.com\/pt-pt\/categoria-produto\/tools\/"},{"@type":"ListItem","position":4,"name":"Escadas e Escadotes","item":"https:\/\/chemitool.com\/pt-pt\/categoria-produto\/tools\/escadas-e-escadotes\/"},{"@type":"ListItem","position":5,"name":"BANCO ROLANTE"}]}]}},"_links":{"self":[{"href":"https:\/\/chemitool.com\/pt-pt\/wp-json\/wp\/v2\/product\/19703"}],"collection":[{"href":"https:\/\/chemitool.com\/pt-pt\/wp-json\/wp\/v2\/product"}],"about":[{"href":"https:\/\/chemitool.com\/pt-pt\/wp-json\/wp\/v2\/types\/product"}],"wp:featuredmedia":[{"embeddable":true,"href":"https:\/\/chemitool.com\/pt-pt\/wp-json\/wp\/v2\/media\/19717"}],"wp:attachment":[{"href":"https:\/\/chemitool.com\/pt-pt\/wp-json\/wp\/v2\/media?parent=19703"}],"wp:term":[{"taxonomy":"product_cat","embeddable":true,"href":"https:\/\/chemitool.com\/pt-pt\/wp-json\/wp\/v2\/product_cat?post=19703"},{"taxonomy":"product_tag","embeddable":true,"href":"https:\/\/chemitool.com\/pt-pt\/wp-json\/wp\/v2\/product_tag?post=19703"}],"curies":[{"name":"wp","href":"https:\/\/api.w.org\/{rel}","templated":true}]}}