{"id":19569,"date":"2022-02-28T17:13:27","date_gmt":"2022-02-28T17:13:42","guid":{"rendered":"https:\/\/chemitool.com\/?post_type=product&#038;p=19569"},"modified":"2022-07-05T10:51:23","modified_gmt":"2022-07-05T10:51:23","slug":"escadote-aluminio-taburete","status":"publish","type":"product","link":"https:\/\/chemitool.com\/pt-pt\/products\/tools\/escadas-e-escadotes\/escadotes\/escadote-aluminio-taburete\/","title":{"rendered":"ESCADOTE ALUM\u00cdNIO TABURETE"},"content":{"rendered":"<ul>\n<li>Dispon\u00edvel na vers\u00e3o de 2 a 3 degraus<\/li>\n<li>F\u00e1cil transporte e armazenamento<\/li>\n<li>Utiliza\u00e7\u00e3o pr\u00e1tica<\/li>\n<li>Robusto e extremamente leve<\/li>\n<li>Tampo superior antiderrapante com a\u00e7o tratado com<br \/>\nsistema de bloqueio<\/li>\n<li>Tacos de apoio em PVC antiderrapante<\/li>\n<li>Sistema seguran\u00e7a anti fecho<\/li>\n<li>Degrau antiderrapante com 80 mm em alum\u00ednio com<br \/>\ncapas de prote\u00e7\u00e3o<\/li>\n<li>Perfil alum\u00ednio frente 50 x 20 mm<\/li>\n<li>Perfil alum\u00ednio Costas 33 x 20 mm<\/li>\n<\/ul>\n<p><strong>Certificado com a norma europeia EN131<\/strong><\/p>\n","protected":false},"excerpt":{"rendered":"<p><em>Escadote de Alum\u00ednio Taburete CHEMITOOL<\/em> para acesso r\u00e1pido a pequenas alturas. Banco escadote em alum\u00ednio com plataforma em polipropileno de elevada resist\u00eancia. Ideal para uso dom\u00e9stico e trabalhos de pouca altura.<\/p>\n","protected":false},"featured_media":19584,"template":"","meta":[],"product_cat":[1455,3617,3607],"product_tag":[],"yoast_head":"<!-- This site is optimized with the Yoast SEO plugin v17.4 - https:\/\/yoast.com\/wordpress\/plugins\/seo\/ -->\n<title>ESCADOTE ALUM\u00cdNIO TABURETE &ndash; Chemitool<\/title>\n<meta name=\"description\" content=\"Escadote de Alum\u00ednio Taburete CHEMITOOL para acesso r\u00e1pido a pequenas alturas. Banco escadote em alum\u00ednio com plataforma em polipropileno de elevada resist\u00eancia. Ideal para uso dom\u00e9stico e trabalhos de pouca altura.\" \/>\n<meta name=\"robots\" content=\"index, follow, max-snippet:-1, max-image-preview:large, max-video-preview:-1\" \/>\n<link rel=\"canonical\" href=\"https:\/\/chemitool.com\/pt-pt\/products\/tools\/escadas-e-escadotes\/escadotes\/escadote-aluminio-taburete\/\" \/>\n<meta property=\"og:locale\" content=\"pt_PT\" \/>\n<meta property=\"og:type\" content=\"article\" \/>\n<meta property=\"og:title\" content=\"ESCADOTE ALUM\u00cdNIO TABURETE &ndash; Chemitool\" \/>\n<meta property=\"og:description\" content=\"Escadote de Alum\u00ednio Taburete CHEMITOOL para acesso r\u00e1pido a pequenas alturas. Banco escadote em alum\u00ednio com plataforma em polipropileno de elevada resist\u00eancia. Ideal para uso dom\u00e9stico e trabalhos de pouca altura.\" \/>\n<meta property=\"og:url\" content=\"https:\/\/chemitool.com\/pt-pt\/products\/tools\/escadas-e-escadotes\/escadotes\/escadote-aluminio-taburete\/\" \/>\n<meta property=\"og:site_name\" content=\"Chemitool\" \/>\n<meta property=\"article:publisher\" content=\"https:\/\/www.facebook.com\/chemitool\" \/>\n<meta property=\"article:modified_time\" content=\"2022-07-05T10:51:23+00:00\" \/>\n<meta property=\"og:image\" content=\"https:\/\/chemitool.com\/wp-content\/uploads\/2022\/02\/chemitool-tools_cht200203050_.png\" \/>\n\t<meta property=\"og:image:width\" content=\"800\" \/>\n\t<meta property=\"og:image:height\" content=\"800\" \/>\n<meta name=\"twitter:card\" content=\"summary_large_image\" \/>\n<script type=\"application\/ld+json\" class=\"yoast-schema-graph\">{\"@context\":\"https:\/\/schema.org\",\"@graph\":[{\"@type\":\"Organization\",\"@id\":\"https:\/\/chemitool.com\/#organization\",\"name\":\"Chemitool\",\"url\":\"https:\/\/chemitool.com\/\",\"sameAs\":[\"https:\/\/www.facebook.com\/chemitool\",\"https:\/\/www.instagram.com\/chemitool\/\"],\"logo\":{\"@type\":\"ImageObject\",\"@id\":\"https:\/\/chemitool.com\/#logo\",\"inLanguage\":\"pt-PT\",\"url\":\"https:\/\/chemitool.com\/wp-content\/uploads\/2020\/10\/logo_chemitool.png\",\"contentUrl\":\"https:\/\/chemitool.com\/wp-content\/uploads\/2020\/10\/logo_chemitool.png\",\"width\":400,\"height\":400,\"caption\":\"Chemitool\"},\"image\":{\"@id\":\"https:\/\/chemitool.com\/#logo\"}},{\"@type\":\"WebSite\",\"@id\":\"https:\/\/chemitool.com\/#website\",\"url\":\"https:\/\/chemitool.com\/\",\"name\":\"Chemitool\",\"description\":\"Chemitool - hardware and tools\",\"publisher\":{\"@id\":\"https:\/\/chemitool.com\/#organization\"},\"potentialAction\":[{\"@type\":\"SearchAction\",\"target\":{\"@type\":\"EntryPoint\",\"urlTemplate\":\"https:\/\/chemitool.com\/?s={search_term_string}\"},\"query-input\":\"required name=search_term_string\"}],\"inLanguage\":\"pt-PT\"},{\"@type\":\"ImageObject\",\"@id\":\"https:\/\/chemitool.com\/pt-pt\/products\/tools\/escadas-e-escadotes\/escadotes\/escadote-aluminio-taburete\/#primaryimage\",\"inLanguage\":\"pt-PT\",\"url\":\"https:\/\/chemitool.com\/wp-content\/uploads\/2022\/02\/chemitool-tools_cht200203050_.png\",\"contentUrl\":\"https:\/\/chemitool.com\/wp-content\/uploads\/2022\/02\/chemitool-tools_cht200203050_.png\",\"width\":800,\"height\":800},{\"@type\":\"WebPage\",\"@id\":\"https:\/\/chemitool.com\/pt-pt\/products\/tools\/escadas-e-escadotes\/escadotes\/escadote-aluminio-taburete\/#webpage\",\"url\":\"https:\/\/chemitool.com\/pt-pt\/products\/tools\/escadas-e-escadotes\/escadotes\/escadote-aluminio-taburete\/\",\"name\":\"ESCADOTE ALUM\\u00cdNIO TABURETE &ndash; Chemitool\",\"isPartOf\":{\"@id\":\"https:\/\/chemitool.com\/#website\"},\"primaryImageOfPage\":{\"@id\":\"https:\/\/chemitool.com\/pt-pt\/products\/tools\/escadas-e-escadotes\/escadotes\/escadote-aluminio-taburete\/#primaryimage\"},\"datePublished\":\"2022-02-28T17:13:42+00:00\",\"dateModified\":\"2022-07-05T10:51:23+00:00\",\"description\":\"Escadote de Alum\\u00ednio Taburete CHEMITOOL para acesso r\\u00e1pido a pequenas alturas. Banco escadote em alum\\u00ednio com plataforma em polipropileno de elevada resist\\u00eancia. Ideal para uso dom\\u00e9stico e trabalhos de pouca altura.\",\"breadcrumb\":{\"@id\":\"https:\/\/chemitool.com\/pt-pt\/products\/tools\/escadas-e-escadotes\/escadotes\/escadote-aluminio-taburete\/#breadcrumb\"},\"inLanguage\":\"pt-PT\",\"potentialAction\":[{\"@type\":\"ReadAction\",\"target\":[\"https:\/\/chemitool.com\/pt-pt\/products\/tools\/escadas-e-escadotes\/escadotes\/escadote-aluminio-taburete\/\"]}]},{\"@type\":\"BreadcrumbList\",\"@id\":\"https:\/\/chemitool.com\/pt-pt\/products\/tools\/escadas-e-escadotes\/escadotes\/escadote-aluminio-taburete\/#breadcrumb\",\"itemListElement\":[{\"@type\":\"ListItem\",\"position\":1,\"name\":\"Home\",\"item\":\"https:\/\/chemitool.com\/pt-pt\/\"},{\"@type\":\"ListItem\",\"position\":2,\"name\":\"Produtos\",\"item\":\"https:\/\/chemitool.com\/pt-pt\/produtos\/\"},{\"@type\":\"ListItem\",\"position\":3,\"name\":\"Tools\",\"item\":\"https:\/\/chemitool.com\/pt-pt\/categoria-produto\/tools\/\"},{\"@type\":\"ListItem\",\"position\":4,\"name\":\"Escadas e Escadotes\",\"item\":\"https:\/\/chemitool.com\/pt-pt\/categoria-produto\/tools\/escadas-e-escadotes\/\"},{\"@type\":\"ListItem\",\"position\":5,\"name\":\"ESCADOTE ALUM\\u00cdNIO TABURETE\"}]}]}<\/script>\n<!-- \/ Yoast SEO plugin. -->","yoast_head_json":{"title":"ESCADOTE ALUM\u00cdNIO TABURETE &ndash; Chemitool","description":"Escadote de Alum\u00ednio Taburete CHEMITOOL para acesso r\u00e1pido a pequenas alturas. Banco escadote em alum\u00ednio com plataforma em polipropileno de elevada resist\u00eancia. Ideal para uso dom\u00e9stico e trabalhos de pouca altura.","robots":{"index":"index","follow":"follow","max-snippet":"max-snippet:-1","max-image-preview":"max-image-preview:large","max-video-preview":"max-video-preview:-1"},"canonical":"https:\/\/chemitool.com\/pt-pt\/products\/tools\/escadas-e-escadotes\/escadotes\/escadote-aluminio-taburete\/","og_locale":"pt_PT","og_type":"article","og_title":"ESCADOTE ALUM\u00cdNIO TABURETE &ndash; Chemitool","og_description":"Escadote de Alum\u00ednio Taburete CHEMITOOL para acesso r\u00e1pido a pequenas alturas. Banco escadote em alum\u00ednio com plataforma em polipropileno de elevada resist\u00eancia. Ideal para uso dom\u00e9stico e trabalhos de pouca altura.","og_url":"https:\/\/chemitool.com\/pt-pt\/products\/tools\/escadas-e-escadotes\/escadotes\/escadote-aluminio-taburete\/","og_site_name":"Chemitool","article_publisher":"https:\/\/www.facebook.com\/chemitool","article_modified_time":"2022-07-05T10:51:23+00:00","og_image":[{"width":800,"height":800,"url":"https:\/\/chemitool.com\/wp-content\/uploads\/2022\/02\/chemitool-tools_cht200203050_.png","type":"image\/png"}],"twitter_card":"summary_large_image","schema":{"@context":"https:\/\/schema.org","@graph":[{"@type":"Organization","@id":"https:\/\/chemitool.com\/#organization","name":"Chemitool","url":"https:\/\/chemitool.com\/","sameAs":["https:\/\/www.facebook.com\/chemitool","https:\/\/www.instagram.com\/chemitool\/"],"logo":{"@type":"ImageObject","@id":"https:\/\/chemitool.com\/#logo","inLanguage":"pt-PT","url":"https:\/\/chemitool.com\/wp-content\/uploads\/2020\/10\/logo_chemitool.png","contentUrl":"https:\/\/chemitool.com\/wp-content\/uploads\/2020\/10\/logo_chemitool.png","width":400,"height":400,"caption":"Chemitool"},"image":{"@id":"https:\/\/chemitool.com\/#logo"}},{"@type":"WebSite","@id":"https:\/\/chemitool.com\/#website","url":"https:\/\/chemitool.com\/","name":"Chemitool","description":"Chemitool - hardware and tools","publisher":{"@id":"https:\/\/chemitool.com\/#organization"},"potentialAction":[{"@type":"SearchAction","target":{"@type":"EntryPoint","urlTemplate":"https:\/\/chemitool.com\/?s={search_term_string}"},"query-input":"required name=search_term_string"}],"inLanguage":"pt-PT"},{"@type":"ImageObject","@id":"https:\/\/chemitool.com\/pt-pt\/products\/tools\/escadas-e-escadotes\/escadotes\/escadote-aluminio-taburete\/#primaryimage","inLanguage":"pt-PT","url":"https:\/\/chemitool.com\/wp-content\/uploads\/2022\/02\/chemitool-tools_cht200203050_.png","contentUrl":"https:\/\/chemitool.com\/wp-content\/uploads\/2022\/02\/chemitool-tools_cht200203050_.png","width":800,"height":800},{"@type":"WebPage","@id":"https:\/\/chemitool.com\/pt-pt\/products\/tools\/escadas-e-escadotes\/escadotes\/escadote-aluminio-taburete\/#webpage","url":"https:\/\/chemitool.com\/pt-pt\/products\/tools\/escadas-e-escadotes\/escadotes\/escadote-aluminio-taburete\/","name":"ESCADOTE ALUM\u00cdNIO TABURETE &ndash; Chemitool","isPartOf":{"@id":"https:\/\/chemitool.com\/#website"},"primaryImageOfPage":{"@id":"https:\/\/chemitool.com\/pt-pt\/products\/tools\/escadas-e-escadotes\/escadotes\/escadote-aluminio-taburete\/#primaryimage"},"datePublished":"2022-02-28T17:13:42+00:00","dateModified":"2022-07-05T10:51:23+00:00","description":"Escadote de Alum\u00ednio Taburete CHEMITOOL para acesso r\u00e1pido a pequenas alturas. Banco escadote em alum\u00ednio com plataforma em polipropileno de elevada resist\u00eancia. Ideal para uso dom\u00e9stico e trabalhos de pouca altura.","breadcrumb":{"@id":"https:\/\/chemitool.com\/pt-pt\/products\/tools\/escadas-e-escadotes\/escadotes\/escadote-aluminio-taburete\/#breadcrumb"},"inLanguage":"pt-PT","potentialAction":[{"@type":"ReadAction","target":["https:\/\/chemitool.com\/pt-pt\/products\/tools\/escadas-e-escadotes\/escadotes\/escadote-aluminio-taburete\/"]}]},{"@type":"BreadcrumbList","@id":"https:\/\/chemitool.com\/pt-pt\/products\/tools\/escadas-e-escadotes\/escadotes\/escadote-aluminio-taburete\/#breadcrumb","itemListElement":[{"@type":"ListItem","position":1,"name":"Home","item":"https:\/\/chemitool.com\/pt-pt\/"},{"@type":"ListItem","position":2,"name":"Produtos","item":"https:\/\/chemitool.com\/pt-pt\/produtos\/"},{"@type":"ListItem","position":3,"name":"Tools","item":"https:\/\/chemitool.com\/pt-pt\/categoria-produto\/tools\/"},{"@type":"ListItem","position":4,"name":"Escadas e Escadotes","item":"https:\/\/chemitool.com\/pt-pt\/categoria-produto\/tools\/escadas-e-escadotes\/"},{"@type":"ListItem","position":5,"name":"ESCADOTE ALUM\u00cdNIO TABURETE"}]}]}},"_links":{"self":[{"href":"https:\/\/chemitool.com\/pt-pt\/wp-json\/wp\/v2\/product\/19569"}],"collection":[{"href":"https:\/\/chemitool.com\/pt-pt\/wp-json\/wp\/v2\/product"}],"about":[{"href":"https:\/\/chemitool.com\/pt-pt\/wp-json\/wp\/v2\/types\/product"}],"wp:featuredmedia":[{"embeddable":true,"href":"https:\/\/chemitool.com\/pt-pt\/wp-json\/wp\/v2\/media\/19584"}],"wp:attachment":[{"href":"https:\/\/chemitool.com\/pt-pt\/wp-json\/wp\/v2\/media?parent=19569"}],"wp:term":[{"taxonomy":"product_cat","embeddable":true,"href":"https:\/\/chemitool.com\/pt-pt\/wp-json\/wp\/v2\/product_cat?post=19569"},{"taxonomy":"product_tag","embeddable":true,"href":"https:\/\/chemitool.com\/pt-pt\/wp-json\/wp\/v2\/product_tag?post=19569"}],"curies":[{"name":"wp","href":"https:\/\/api.w.org\/{rel}","templated":true}]}}