{"id":19337,"date":"2022-02-18T09:50:56","date_gmt":"2022-02-18T09:50:57","guid":{"rendered":"https:\/\/chemitool.com\/?post_type=product&#038;p=19337"},"modified":"2023-04-06T16:06:59","modified_gmt":"2023-04-06T16:06:59","slug":"escadote-aluminio-duplo","status":"publish","type":"product","link":"https:\/\/chemitool.com\/pt-pt\/products\/tools\/escadas-e-escadotes\/escadotes\/escadote-aluminio-duplo\/","title":{"rendered":"ESCADOTE ALUM\u00cdNIO DUPLO"},"content":{"rendered":"<ul>\n<li>Escadote em alum\u00ednio de duplo acesso<\/li>\n<li>Dispon\u00edvel com 3, 4, 5 ,6 e 7 escadas<\/li>\n<li>Uso dom\u00e9stico<\/li>\n<li>Degraus estriados<\/li>\n<li>Estabilidade refor\u00e7ada<\/li>\n<li>Cintas de seguran\u00e7a<\/li>\n<li>P\u00e9s antiderrapantes<\/li>\n<\/ul>\n","protected":false},"excerpt":{"rendered":"<p><em>Escadote Alum\u00ednio Duplo CHEMITOOL<\/em> com degraus estriados antiderrapantes com duplo rebite e dispositivo de seguran\u00e7a anti-abertura. Cintas de seguran\u00e7a e p\u00e9s antiderrapantes.<\/p>\n","protected":false},"featured_media":32316,"template":"","meta":[],"product_cat":[1455,3617,3607],"product_tag":[],"yoast_head":"<!-- This site is optimized with the Yoast SEO plugin v17.4 - https:\/\/yoast.com\/wordpress\/plugins\/seo\/ -->\n<title>ESCADOTE ALUM\u00cdNIO DUPLO &ndash; Chemitool<\/title>\n<meta name=\"description\" content=\"Escadote Alum\u00ednio Duplo CHEMITOOL com degraus estriados antiderrapantes com duplo rebite e dispositivo de seguran\u00e7a anti-abertura. Cintas de seguran\u00e7a e p\u00e9s antiderrapantes.\" \/>\n<meta name=\"robots\" content=\"index, follow, max-snippet:-1, max-image-preview:large, max-video-preview:-1\" \/>\n<link rel=\"canonical\" href=\"https:\/\/chemitool.com\/pt-pt\/products\/tools\/ladders-and-stepladders\/stepladders\/aluminium-double-sided-stepladders\/\" \/>\n<meta property=\"og:locale\" content=\"pt_PT\" \/>\n<meta property=\"og:type\" content=\"article\" \/>\n<meta property=\"og:title\" content=\"ESCADOTE ALUM\u00cdNIO DUPLO &ndash; Chemitool\" \/>\n<meta property=\"og:description\" content=\"Escadote Alum\u00ednio Duplo CHEMITOOL com degraus estriados antiderrapantes com duplo rebite e dispositivo de seguran\u00e7a anti-abertura. Cintas de seguran\u00e7a e p\u00e9s antiderrapantes.\" \/>\n<meta property=\"og:url\" content=\"https:\/\/chemitool.com\/products\/tools\/ladders-and-stepladders\/stepladders\/aluminium-double-sided-stepladders\/\" \/>\n<meta property=\"og:site_name\" content=\"Chemitool\" \/>\n<meta property=\"article:publisher\" content=\"https:\/\/www.facebook.com\/chemitool\" \/>\n<meta property=\"article:modified_time\" content=\"2023-04-06T16:06:59+00:00\" \/>\n<meta property=\"og:image\" content=\"https:\/\/chemitool.com\/wp-content\/uploads\/2022\/02\/CHT20020304020-1.png\" \/>\n\t<meta property=\"og:image:width\" content=\"800\" \/>\n\t<meta property=\"og:image:height\" content=\"800\" \/>\n<meta name=\"twitter:card\" content=\"summary_large_image\" \/>\n<script type=\"application\/ld+json\" class=\"yoast-schema-graph\">{\"@context\":\"https:\/\/schema.org\",\"@graph\":[{\"@type\":\"Organization\",\"@id\":\"https:\/\/chemitool.com\/#organization\",\"name\":\"Chemitool\",\"url\":\"https:\/\/chemitool.com\/\",\"sameAs\":[\"https:\/\/www.facebook.com\/chemitool\",\"https:\/\/www.instagram.com\/chemitool\/\"],\"logo\":{\"@type\":\"ImageObject\",\"@id\":\"https:\/\/chemitool.com\/#logo\",\"inLanguage\":\"pt-PT\",\"url\":\"https:\/\/chemitool.com\/wp-content\/uploads\/2020\/10\/logo_chemitool.png\",\"contentUrl\":\"https:\/\/chemitool.com\/wp-content\/uploads\/2020\/10\/logo_chemitool.png\",\"width\":400,\"height\":400,\"caption\":\"Chemitool\"},\"image\":{\"@id\":\"https:\/\/chemitool.com\/#logo\"}},{\"@type\":\"WebSite\",\"@id\":\"https:\/\/chemitool.com\/#website\",\"url\":\"https:\/\/chemitool.com\/\",\"name\":\"Chemitool\",\"description\":\"Chemitool - hardware and tools\",\"publisher\":{\"@id\":\"https:\/\/chemitool.com\/#organization\"},\"potentialAction\":[{\"@type\":\"SearchAction\",\"target\":{\"@type\":\"EntryPoint\",\"urlTemplate\":\"https:\/\/chemitool.com\/?s={search_term_string}\"},\"query-input\":\"required name=search_term_string\"}],\"inLanguage\":\"pt-PT\"},{\"@type\":\"ImageObject\",\"@id\":\"https:\/\/chemitool.com\/products\/tools\/ladders-and-stepladders\/stepladders\/aluminium-double-sided-stepladders\/#primaryimage\",\"inLanguage\":\"pt-PT\",\"url\":\"https:\/\/chemitool.com\/wp-content\/uploads\/2022\/02\/CHT20020304020-1.png\",\"contentUrl\":\"https:\/\/chemitool.com\/wp-content\/uploads\/2022\/02\/CHT20020304020-1.png\",\"width\":800,\"height\":800},{\"@type\":\"WebPage\",\"@id\":\"https:\/\/chemitool.com\/products\/tools\/ladders-and-stepladders\/stepladders\/aluminium-double-sided-stepladders\/#webpage\",\"url\":\"https:\/\/chemitool.com\/products\/tools\/ladders-and-stepladders\/stepladders\/aluminium-double-sided-stepladders\/\",\"name\":\"ESCADOTE ALUM\\u00cdNIO DUPLO &ndash; Chemitool\",\"isPartOf\":{\"@id\":\"https:\/\/chemitool.com\/#website\"},\"primaryImageOfPage\":{\"@id\":\"https:\/\/chemitool.com\/products\/tools\/ladders-and-stepladders\/stepladders\/aluminium-double-sided-stepladders\/#primaryimage\"},\"datePublished\":\"2022-02-18T09:50:57+00:00\",\"dateModified\":\"2023-04-06T16:06:59+00:00\",\"description\":\"Escadote Alum\\u00ednio Duplo CHEMITOOL com degraus estriados antiderrapantes com duplo rebite e dispositivo de seguran\\u00e7a anti-abertura. Cintas de seguran\\u00e7a e p\\u00e9s antiderrapantes.\",\"breadcrumb\":{\"@id\":\"https:\/\/chemitool.com\/products\/tools\/ladders-and-stepladders\/stepladders\/aluminium-double-sided-stepladders\/#breadcrumb\"},\"inLanguage\":\"pt-PT\",\"potentialAction\":[{\"@type\":\"ReadAction\",\"target\":[\"https:\/\/chemitool.com\/products\/tools\/ladders-and-stepladders\/stepladders\/aluminium-double-sided-stepladders\/\"]}]},{\"@type\":\"BreadcrumbList\",\"@id\":\"https:\/\/chemitool.com\/products\/tools\/ladders-and-stepladders\/stepladders\/aluminium-double-sided-stepladders\/#breadcrumb\",\"itemListElement\":[{\"@type\":\"ListItem\",\"position\":1,\"name\":\"Home\",\"item\":\"https:\/\/chemitool.com\/pt-pt\/\"},{\"@type\":\"ListItem\",\"position\":2,\"name\":\"Produtos\",\"item\":\"https:\/\/chemitool.com\/pt-pt\/produtos\/\"},{\"@type\":\"ListItem\",\"position\":3,\"name\":\"Chemicals\",\"item\":\"https:\/\/chemitool.com\/product-category\/chemical-products\/\"},{\"@type\":\"ListItem\",\"position\":4,\"name\":\"ESCADOTE ALUM\\u00cdNIO DUPLO\"}]}]}<\/script>\n<!-- \/ Yoast SEO plugin. -->","yoast_head_json":{"title":"ESCADOTE ALUM\u00cdNIO DUPLO &ndash; Chemitool","description":"Escadote Alum\u00ednio Duplo CHEMITOOL com degraus estriados antiderrapantes com duplo rebite e dispositivo de seguran\u00e7a anti-abertura. Cintas de seguran\u00e7a e p\u00e9s antiderrapantes.","robots":{"index":"index","follow":"follow","max-snippet":"max-snippet:-1","max-image-preview":"max-image-preview:large","max-video-preview":"max-video-preview:-1"},"canonical":"https:\/\/chemitool.com\/pt-pt\/products\/tools\/ladders-and-stepladders\/stepladders\/aluminium-double-sided-stepladders\/","og_locale":"pt_PT","og_type":"article","og_title":"ESCADOTE ALUM\u00cdNIO DUPLO &ndash; Chemitool","og_description":"Escadote Alum\u00ednio Duplo CHEMITOOL com degraus estriados antiderrapantes com duplo rebite e dispositivo de seguran\u00e7a anti-abertura. Cintas de seguran\u00e7a e p\u00e9s antiderrapantes.","og_url":"https:\/\/chemitool.com\/products\/tools\/ladders-and-stepladders\/stepladders\/aluminium-double-sided-stepladders\/","og_site_name":"Chemitool","article_publisher":"https:\/\/www.facebook.com\/chemitool","article_modified_time":"2023-04-06T16:06:59+00:00","og_image":[{"width":800,"height":800,"url":"https:\/\/chemitool.com\/wp-content\/uploads\/2022\/02\/CHT20020304020-1.png","type":"image\/png"}],"twitter_card":"summary_large_image","schema":{"@context":"https:\/\/schema.org","@graph":[{"@type":"Organization","@id":"https:\/\/chemitool.com\/#organization","name":"Chemitool","url":"https:\/\/chemitool.com\/","sameAs":["https:\/\/www.facebook.com\/chemitool","https:\/\/www.instagram.com\/chemitool\/"],"logo":{"@type":"ImageObject","@id":"https:\/\/chemitool.com\/#logo","inLanguage":"pt-PT","url":"https:\/\/chemitool.com\/wp-content\/uploads\/2020\/10\/logo_chemitool.png","contentUrl":"https:\/\/chemitool.com\/wp-content\/uploads\/2020\/10\/logo_chemitool.png","width":400,"height":400,"caption":"Chemitool"},"image":{"@id":"https:\/\/chemitool.com\/#logo"}},{"@type":"WebSite","@id":"https:\/\/chemitool.com\/#website","url":"https:\/\/chemitool.com\/","name":"Chemitool","description":"Chemitool - hardware and tools","publisher":{"@id":"https:\/\/chemitool.com\/#organization"},"potentialAction":[{"@type":"SearchAction","target":{"@type":"EntryPoint","urlTemplate":"https:\/\/chemitool.com\/?s={search_term_string}"},"query-input":"required name=search_term_string"}],"inLanguage":"pt-PT"},{"@type":"ImageObject","@id":"https:\/\/chemitool.com\/products\/tools\/ladders-and-stepladders\/stepladders\/aluminium-double-sided-stepladders\/#primaryimage","inLanguage":"pt-PT","url":"https:\/\/chemitool.com\/wp-content\/uploads\/2022\/02\/CHT20020304020-1.png","contentUrl":"https:\/\/chemitool.com\/wp-content\/uploads\/2022\/02\/CHT20020304020-1.png","width":800,"height":800},{"@type":"WebPage","@id":"https:\/\/chemitool.com\/products\/tools\/ladders-and-stepladders\/stepladders\/aluminium-double-sided-stepladders\/#webpage","url":"https:\/\/chemitool.com\/products\/tools\/ladders-and-stepladders\/stepladders\/aluminium-double-sided-stepladders\/","name":"ESCADOTE ALUM\u00cdNIO DUPLO &ndash; Chemitool","isPartOf":{"@id":"https:\/\/chemitool.com\/#website"},"primaryImageOfPage":{"@id":"https:\/\/chemitool.com\/products\/tools\/ladders-and-stepladders\/stepladders\/aluminium-double-sided-stepladders\/#primaryimage"},"datePublished":"2022-02-18T09:50:57+00:00","dateModified":"2023-04-06T16:06:59+00:00","description":"Escadote Alum\u00ednio Duplo CHEMITOOL com degraus estriados antiderrapantes com duplo rebite e dispositivo de seguran\u00e7a anti-abertura. Cintas de seguran\u00e7a e p\u00e9s antiderrapantes.","breadcrumb":{"@id":"https:\/\/chemitool.com\/products\/tools\/ladders-and-stepladders\/stepladders\/aluminium-double-sided-stepladders\/#breadcrumb"},"inLanguage":"pt-PT","potentialAction":[{"@type":"ReadAction","target":["https:\/\/chemitool.com\/products\/tools\/ladders-and-stepladders\/stepladders\/aluminium-double-sided-stepladders\/"]}]},{"@type":"BreadcrumbList","@id":"https:\/\/chemitool.com\/products\/tools\/ladders-and-stepladders\/stepladders\/aluminium-double-sided-stepladders\/#breadcrumb","itemListElement":[{"@type":"ListItem","position":1,"name":"Home","item":"https:\/\/chemitool.com\/pt-pt\/"},{"@type":"ListItem","position":2,"name":"Produtos","item":"https:\/\/chemitool.com\/pt-pt\/produtos\/"},{"@type":"ListItem","position":3,"name":"Chemicals","item":"https:\/\/chemitool.com\/product-category\/chemical-products\/"},{"@type":"ListItem","position":4,"name":"ESCADOTE ALUM\u00cdNIO DUPLO"}]}]}},"_links":{"self":[{"href":"https:\/\/chemitool.com\/pt-pt\/wp-json\/wp\/v2\/product\/19337"}],"collection":[{"href":"https:\/\/chemitool.com\/pt-pt\/wp-json\/wp\/v2\/product"}],"about":[{"href":"https:\/\/chemitool.com\/pt-pt\/wp-json\/wp\/v2\/types\/product"}],"wp:featuredmedia":[{"embeddable":true,"href":"https:\/\/chemitool.com\/pt-pt\/wp-json\/wp\/v2\/media\/32316"}],"wp:attachment":[{"href":"https:\/\/chemitool.com\/pt-pt\/wp-json\/wp\/v2\/media?parent=19337"}],"wp:term":[{"taxonomy":"product_cat","embeddable":true,"href":"https:\/\/chemitool.com\/pt-pt\/wp-json\/wp\/v2\/product_cat?post=19337"},{"taxonomy":"product_tag","embeddable":true,"href":"https:\/\/chemitool.com\/pt-pt\/wp-json\/wp\/v2\/product_tag?post=19337"}],"curies":[{"name":"wp","href":"https:\/\/api.w.org\/{rel}","templated":true}]}}