{"id":19284,"date":"2022-02-17T16:53:42","date_gmt":"2022-02-17T16:53:50","guid":{"rendered":"https:\/\/chemitool.com\/?post_type=product&#038;p=19284"},"modified":"2022-07-05T10:04:02","modified_gmt":"2022-07-05T10:04:02","slug":"escada-telescopica-em-aluminio","status":"publish","type":"product","link":"https:\/\/chemitool.com\/pt-pt\/products\/tools\/escadas-e-escadotes\/escadas\/escada-telescopica-em-aluminio\/","title":{"rendered":"ESCADA TELESC\u00d3PICA EM ALUM\u00cdNIO"},"content":{"rendered":"<ul>\n<li>Escada telesc\u00f3pica em alum\u00ednio<\/li>\n<li>Dispon\u00edvel com 9 e 13 degraus<\/li>\n<li>Facilidade de transporte e arruma\u00e7\u00e3o<\/li>\n<li>Disp\u00f5e de pulsadores de seguran\u00e7a<\/li>\n<\/ul>\n<p><strong>Respeita a norma europeia EN131<\/strong><\/p>\n","protected":false},"excerpt":{"rendered":"<p><em>Escada Telesc\u00f3pica em Alum\u00ednio CHEMITOOL<\/em> com fecho autom\u00e1tico. \u00c9 uma escada multifun\u00e7\u00f5es adequado para uso profissional e dom\u00e9stico. Permite trabalhar em comodidade e seguran\u00e7a. Os degraus s\u00e3o planos e anti deslizantes. Tem um sistema de fecho autom\u00e1tico.<\/p>\n","protected":false},"featured_media":19333,"template":"","meta":[],"product_cat":[1455,3617,3595],"product_tag":[],"yoast_head":"<!-- This site is optimized with the Yoast SEO plugin v17.4 - https:\/\/yoast.com\/wordpress\/plugins\/seo\/ -->\n<title>ESCADA TELESC\u00d3PICA EM ALUM\u00cdNIO &ndash; Chemitool<\/title>\n<meta name=\"description\" content=\"Escada Telesc\u00f3pica em Alum\u00ednio CHEMITOOL com fecho autom\u00e1tico. \u00c9 uma escada multifun\u00e7\u00f5es adequado para uso profissional e dom\u00e9stico. Permite trabalhar em comodidade e seguran\u00e7a. Os degraus s\u00e3o planos e anti deslizantes. Tem um sistema de fecho autom\u00e1tico.\" \/>\n<meta name=\"robots\" content=\"index, follow, max-snippet:-1, max-image-preview:large, max-video-preview:-1\" \/>\n<link rel=\"canonical\" href=\"https:\/\/chemitool.com\/pt-pt\/products\/tools\/escadas-e-escadotes\/escadas\/escada-telescopica-em-aluminio\/\" \/>\n<meta property=\"og:locale\" content=\"pt_PT\" \/>\n<meta property=\"og:type\" content=\"article\" \/>\n<meta property=\"og:title\" content=\"ESCADA TELESC\u00d3PICA EM ALUM\u00cdNIO &ndash; Chemitool\" \/>\n<meta property=\"og:description\" content=\"Escada Telesc\u00f3pica em Alum\u00ednio CHEMITOOL com fecho autom\u00e1tico. \u00c9 uma escada multifun\u00e7\u00f5es adequado para uso profissional e dom\u00e9stico. Permite trabalhar em comodidade e seguran\u00e7a. Os degraus s\u00e3o planos e anti deslizantes. Tem um sistema de fecho autom\u00e1tico.\" \/>\n<meta property=\"og:url\" content=\"https:\/\/chemitool.com\/pt-pt\/products\/tools\/escadas-e-escadotes\/escadas\/escada-telescopica-em-aluminio\/\" \/>\n<meta property=\"og:site_name\" content=\"Chemitool\" \/>\n<meta property=\"article:publisher\" content=\"https:\/\/www.facebook.com\/chemitool\" \/>\n<meta property=\"article:modified_time\" content=\"2022-07-05T10:04:02+00:00\" \/>\n<meta property=\"og:image\" content=\"https:\/\/chemitool.com\/wp-content\/uploads\/2022\/02\/CHT20020402-3.png\" \/>\n\t<meta property=\"og:image:width\" content=\"800\" \/>\n\t<meta property=\"og:image:height\" content=\"800\" \/>\n<meta name=\"twitter:card\" content=\"summary_large_image\" \/>\n<script type=\"application\/ld+json\" class=\"yoast-schema-graph\">{\"@context\":\"https:\/\/schema.org\",\"@graph\":[{\"@type\":\"Organization\",\"@id\":\"https:\/\/chemitool.com\/#organization\",\"name\":\"Chemitool\",\"url\":\"https:\/\/chemitool.com\/\",\"sameAs\":[\"https:\/\/www.facebook.com\/chemitool\",\"https:\/\/www.instagram.com\/chemitool\/\"],\"logo\":{\"@type\":\"ImageObject\",\"@id\":\"https:\/\/chemitool.com\/#logo\",\"inLanguage\":\"pt-PT\",\"url\":\"https:\/\/chemitool.com\/wp-content\/uploads\/2020\/10\/logo_chemitool.png\",\"contentUrl\":\"https:\/\/chemitool.com\/wp-content\/uploads\/2020\/10\/logo_chemitool.png\",\"width\":400,\"height\":400,\"caption\":\"Chemitool\"},\"image\":{\"@id\":\"https:\/\/chemitool.com\/#logo\"}},{\"@type\":\"WebSite\",\"@id\":\"https:\/\/chemitool.com\/#website\",\"url\":\"https:\/\/chemitool.com\/\",\"name\":\"Chemitool\",\"description\":\"Chemitool - hardware and tools\",\"publisher\":{\"@id\":\"https:\/\/chemitool.com\/#organization\"},\"potentialAction\":[{\"@type\":\"SearchAction\",\"target\":{\"@type\":\"EntryPoint\",\"urlTemplate\":\"https:\/\/chemitool.com\/?s={search_term_string}\"},\"query-input\":\"required name=search_term_string\"}],\"inLanguage\":\"pt-PT\"},{\"@type\":\"ImageObject\",\"@id\":\"https:\/\/chemitool.com\/pt-pt\/products\/tools\/escadas-e-escadotes\/escadas\/escada-telescopica-em-aluminio\/#primaryimage\",\"inLanguage\":\"pt-PT\",\"url\":\"https:\/\/chemitool.com\/wp-content\/uploads\/2022\/02\/CHT20020402-3.png\",\"contentUrl\":\"https:\/\/chemitool.com\/wp-content\/uploads\/2022\/02\/CHT20020402-3.png\",\"width\":800,\"height\":800},{\"@type\":\"WebPage\",\"@id\":\"https:\/\/chemitool.com\/pt-pt\/products\/tools\/escadas-e-escadotes\/escadas\/escada-telescopica-em-aluminio\/#webpage\",\"url\":\"https:\/\/chemitool.com\/pt-pt\/products\/tools\/escadas-e-escadotes\/escadas\/escada-telescopica-em-aluminio\/\",\"name\":\"ESCADA TELESC\\u00d3PICA EM ALUM\\u00cdNIO &ndash; Chemitool\",\"isPartOf\":{\"@id\":\"https:\/\/chemitool.com\/#website\"},\"primaryImageOfPage\":{\"@id\":\"https:\/\/chemitool.com\/pt-pt\/products\/tools\/escadas-e-escadotes\/escadas\/escada-telescopica-em-aluminio\/#primaryimage\"},\"datePublished\":\"2022-02-17T16:53:50+00:00\",\"dateModified\":\"2022-07-05T10:04:02+00:00\",\"description\":\"Escada Telesc\\u00f3pica em Alum\\u00ednio CHEMITOOL com fecho autom\\u00e1tico. \\u00c9 uma escada multifun\\u00e7\\u00f5es adequado para uso profissional e dom\\u00e9stico. Permite trabalhar em comodidade e seguran\\u00e7a. Os degraus s\\u00e3o planos e anti deslizantes. Tem um sistema de fecho autom\\u00e1tico.\",\"breadcrumb\":{\"@id\":\"https:\/\/chemitool.com\/pt-pt\/products\/tools\/escadas-e-escadotes\/escadas\/escada-telescopica-em-aluminio\/#breadcrumb\"},\"inLanguage\":\"pt-PT\",\"potentialAction\":[{\"@type\":\"ReadAction\",\"target\":[\"https:\/\/chemitool.com\/pt-pt\/products\/tools\/escadas-e-escadotes\/escadas\/escada-telescopica-em-aluminio\/\"]}]},{\"@type\":\"BreadcrumbList\",\"@id\":\"https:\/\/chemitool.com\/pt-pt\/products\/tools\/escadas-e-escadotes\/escadas\/escada-telescopica-em-aluminio\/#breadcrumb\",\"itemListElement\":[{\"@type\":\"ListItem\",\"position\":1,\"name\":\"Home\",\"item\":\"https:\/\/chemitool.com\/pt-pt\/\"},{\"@type\":\"ListItem\",\"position\":2,\"name\":\"Produtos\",\"item\":\"https:\/\/chemitool.com\/pt-pt\/produtos\/\"},{\"@type\":\"ListItem\",\"position\":3,\"name\":\"Chemicals\",\"item\":\"https:\/\/chemitool.com\/product-category\/chemical-products\/\"},{\"@type\":\"ListItem\",\"position\":4,\"name\":\"ESCADA TELESC\\u00d3PICA EM ALUM\\u00cdNIO\"}]}]}<\/script>\n<!-- \/ Yoast SEO plugin. -->","yoast_head_json":{"title":"ESCADA TELESC\u00d3PICA EM ALUM\u00cdNIO &ndash; Chemitool","description":"Escada Telesc\u00f3pica em Alum\u00ednio CHEMITOOL com fecho autom\u00e1tico. \u00c9 uma escada multifun\u00e7\u00f5es adequado para uso profissional e dom\u00e9stico. Permite trabalhar em comodidade e seguran\u00e7a. Os degraus s\u00e3o planos e anti deslizantes. Tem um sistema de fecho autom\u00e1tico.","robots":{"index":"index","follow":"follow","max-snippet":"max-snippet:-1","max-image-preview":"max-image-preview:large","max-video-preview":"max-video-preview:-1"},"canonical":"https:\/\/chemitool.com\/pt-pt\/products\/tools\/escadas-e-escadotes\/escadas\/escada-telescopica-em-aluminio\/","og_locale":"pt_PT","og_type":"article","og_title":"ESCADA TELESC\u00d3PICA EM ALUM\u00cdNIO &ndash; Chemitool","og_description":"Escada Telesc\u00f3pica em Alum\u00ednio CHEMITOOL com fecho autom\u00e1tico. \u00c9 uma escada multifun\u00e7\u00f5es adequado para uso profissional e dom\u00e9stico. Permite trabalhar em comodidade e seguran\u00e7a. Os degraus s\u00e3o planos e anti deslizantes. Tem um sistema de fecho autom\u00e1tico.","og_url":"https:\/\/chemitool.com\/pt-pt\/products\/tools\/escadas-e-escadotes\/escadas\/escada-telescopica-em-aluminio\/","og_site_name":"Chemitool","article_publisher":"https:\/\/www.facebook.com\/chemitool","article_modified_time":"2022-07-05T10:04:02+00:00","og_image":[{"width":800,"height":800,"url":"https:\/\/chemitool.com\/wp-content\/uploads\/2022\/02\/CHT20020402-3.png","type":"image\/png"}],"twitter_card":"summary_large_image","schema":{"@context":"https:\/\/schema.org","@graph":[{"@type":"Organization","@id":"https:\/\/chemitool.com\/#organization","name":"Chemitool","url":"https:\/\/chemitool.com\/","sameAs":["https:\/\/www.facebook.com\/chemitool","https:\/\/www.instagram.com\/chemitool\/"],"logo":{"@type":"ImageObject","@id":"https:\/\/chemitool.com\/#logo","inLanguage":"pt-PT","url":"https:\/\/chemitool.com\/wp-content\/uploads\/2020\/10\/logo_chemitool.png","contentUrl":"https:\/\/chemitool.com\/wp-content\/uploads\/2020\/10\/logo_chemitool.png","width":400,"height":400,"caption":"Chemitool"},"image":{"@id":"https:\/\/chemitool.com\/#logo"}},{"@type":"WebSite","@id":"https:\/\/chemitool.com\/#website","url":"https:\/\/chemitool.com\/","name":"Chemitool","description":"Chemitool - hardware and tools","publisher":{"@id":"https:\/\/chemitool.com\/#organization"},"potentialAction":[{"@type":"SearchAction","target":{"@type":"EntryPoint","urlTemplate":"https:\/\/chemitool.com\/?s={search_term_string}"},"query-input":"required name=search_term_string"}],"inLanguage":"pt-PT"},{"@type":"ImageObject","@id":"https:\/\/chemitool.com\/pt-pt\/products\/tools\/escadas-e-escadotes\/escadas\/escada-telescopica-em-aluminio\/#primaryimage","inLanguage":"pt-PT","url":"https:\/\/chemitool.com\/wp-content\/uploads\/2022\/02\/CHT20020402-3.png","contentUrl":"https:\/\/chemitool.com\/wp-content\/uploads\/2022\/02\/CHT20020402-3.png","width":800,"height":800},{"@type":"WebPage","@id":"https:\/\/chemitool.com\/pt-pt\/products\/tools\/escadas-e-escadotes\/escadas\/escada-telescopica-em-aluminio\/#webpage","url":"https:\/\/chemitool.com\/pt-pt\/products\/tools\/escadas-e-escadotes\/escadas\/escada-telescopica-em-aluminio\/","name":"ESCADA TELESC\u00d3PICA EM ALUM\u00cdNIO &ndash; Chemitool","isPartOf":{"@id":"https:\/\/chemitool.com\/#website"},"primaryImageOfPage":{"@id":"https:\/\/chemitool.com\/pt-pt\/products\/tools\/escadas-e-escadotes\/escadas\/escada-telescopica-em-aluminio\/#primaryimage"},"datePublished":"2022-02-17T16:53:50+00:00","dateModified":"2022-07-05T10:04:02+00:00","description":"Escada Telesc\u00f3pica em Alum\u00ednio CHEMITOOL com fecho autom\u00e1tico. \u00c9 uma escada multifun\u00e7\u00f5es adequado para uso profissional e dom\u00e9stico. Permite trabalhar em comodidade e seguran\u00e7a. Os degraus s\u00e3o planos e anti deslizantes. Tem um sistema de fecho autom\u00e1tico.","breadcrumb":{"@id":"https:\/\/chemitool.com\/pt-pt\/products\/tools\/escadas-e-escadotes\/escadas\/escada-telescopica-em-aluminio\/#breadcrumb"},"inLanguage":"pt-PT","potentialAction":[{"@type":"ReadAction","target":["https:\/\/chemitool.com\/pt-pt\/products\/tools\/escadas-e-escadotes\/escadas\/escada-telescopica-em-aluminio\/"]}]},{"@type":"BreadcrumbList","@id":"https:\/\/chemitool.com\/pt-pt\/products\/tools\/escadas-e-escadotes\/escadas\/escada-telescopica-em-aluminio\/#breadcrumb","itemListElement":[{"@type":"ListItem","position":1,"name":"Home","item":"https:\/\/chemitool.com\/pt-pt\/"},{"@type":"ListItem","position":2,"name":"Produtos","item":"https:\/\/chemitool.com\/pt-pt\/produtos\/"},{"@type":"ListItem","position":3,"name":"Chemicals","item":"https:\/\/chemitool.com\/product-category\/chemical-products\/"},{"@type":"ListItem","position":4,"name":"ESCADA TELESC\u00d3PICA EM ALUM\u00cdNIO"}]}]}},"_links":{"self":[{"href":"https:\/\/chemitool.com\/pt-pt\/wp-json\/wp\/v2\/product\/19284"}],"collection":[{"href":"https:\/\/chemitool.com\/pt-pt\/wp-json\/wp\/v2\/product"}],"about":[{"href":"https:\/\/chemitool.com\/pt-pt\/wp-json\/wp\/v2\/types\/product"}],"wp:featuredmedia":[{"embeddable":true,"href":"https:\/\/chemitool.com\/pt-pt\/wp-json\/wp\/v2\/media\/19333"}],"wp:attachment":[{"href":"https:\/\/chemitool.com\/pt-pt\/wp-json\/wp\/v2\/media?parent=19284"}],"wp:term":[{"taxonomy":"product_cat","embeddable":true,"href":"https:\/\/chemitool.com\/pt-pt\/wp-json\/wp\/v2\/product_cat?post=19284"},{"taxonomy":"product_tag","embeddable":true,"href":"https:\/\/chemitool.com\/pt-pt\/wp-json\/wp\/v2\/product_tag?post=19284"}],"curies":[{"name":"wp","href":"https:\/\/api.w.org\/{rel}","templated":true}]}}