{"id":19035,"date":"2022-01-31T09:44:16","date_gmt":"2022-01-31T09:44:17","guid":{"rendered":"https:\/\/chemitool.com\/?post_type=product&#038;p=19035"},"modified":"2024-01-24T11:50:32","modified_gmt":"2024-01-24T11:50:32","slug":"carregador-de-bateria-booster-600","status":"publish","type":"product","link":"https:\/\/chemitool.com\/pt-pt\/products\/automotive-3\/carregadores-de-bateria\/carregador-de-bateria-booster-600\/","title":{"rendered":"CARREGADOR DE BATERIA BOOSTER 600"},"content":{"rendered":"<ul>\n<li>Alimenta\u00e7\u00e3o monof\u00e1sica<\/li>\n<li>Para baterias 12V e 24V<\/li>\n<li>Amper\u00edmetro<\/li>\n<\/ul>\n<p><strong>CAMPOS DE APLICA\u00c7\u00c3O<\/strong><\/p>\n<ul>\n<li>Oficinas autom\u00f3vel<\/li>\n<li>Estaleiros<\/li>\n<\/ul>\n","protected":false},"excerpt":{"rendered":"<p><b class=\"sap-label\">SAP:<\/b> <span class=\"codesap-label\"> CHU020103101600 <\/span><\/p>\n<p><em>Carregador de Bateria Booster 600 CHEMITOOL<\/em> port\u00e1til monof\u00e1sico para ve\u00edculos ligeiros e pesados. Com uma tens\u00e3o de entrada de 230V e tens\u00e3o de carga de 12\/24V. Protegido contra sobrecarga e invers\u00e3o de polaridade. Equipado com amper\u00edmetro e v\u00e1rias fichas dispon\u00edveis. Possibilidade de uso em condi\u00e7\u00f5es adversas: IP23C.<\/p>\n","protected":false},"featured_media":37104,"template":"","meta":[],"product_cat":[1430,3550],"product_tag":[3554],"yoast_head":"<!-- This site is optimized with the Yoast SEO plugin v17.4 - https:\/\/yoast.com\/wordpress\/plugins\/seo\/ -->\n<title>CARREGADOR DE BATERIA BOOSTER 600 &ndash; Chemitool<\/title>\n<meta name=\"description\" content=\"SAP: CHU020103101600   Carregador de Bateria Booster 600 CHEMITOOL port\u00e1til monof\u00e1sico para ve\u00edculos ligeiros e pesados. Com uma tens\u00e3o de entrada de 230V e tens\u00e3o de carga de 12\/24V. Protegido contra sobrecarga e invers\u00e3o de polaridade. Equipado com amper\u00edmetro e v\u00e1rias fichas dispon\u00edveis. Possibilidade de uso em condi\u00e7\u00f5es adversas: IP23C.\" \/>\n<meta name=\"robots\" content=\"index, follow, max-snippet:-1, max-image-preview:large, max-video-preview:-1\" \/>\n<link rel=\"canonical\" href=\"https:\/\/chemitool.com\/pt-pt\/products\/automotive-3\/carregadores-de-bateria\/carregador-de-bateria-booster-600\/\" \/>\n<meta property=\"og:locale\" content=\"pt_PT\" \/>\n<meta property=\"og:type\" content=\"article\" \/>\n<meta property=\"og:title\" content=\"CARREGADOR DE BATERIA BOOSTER 600 &ndash; Chemitool\" \/>\n<meta property=\"og:description\" content=\"SAP: CHU020103101600   Carregador de Bateria Booster 600 CHEMITOOL port\u00e1til monof\u00e1sico para ve\u00edculos ligeiros e pesados. Com uma tens\u00e3o de entrada de 230V e tens\u00e3o de carga de 12\/24V. Protegido contra sobrecarga e invers\u00e3o de polaridade. Equipado com amper\u00edmetro e v\u00e1rias fichas dispon\u00edveis. Possibilidade de uso em condi\u00e7\u00f5es adversas: IP23C.\" \/>\n<meta property=\"og:url\" content=\"https:\/\/chemitool.com\/pt-pt\/products\/automotive-3\/carregadores-de-bateria\/carregador-de-bateria-booster-600\/\" \/>\n<meta property=\"og:site_name\" content=\"Chemitool\" \/>\n<meta property=\"article:publisher\" content=\"https:\/\/www.facebook.com\/chemitool\" \/>\n<meta property=\"article:modified_time\" content=\"2024-01-24T11:50:32+00:00\" \/>\n<meta property=\"og:image\" content=\"https:\/\/chemitool.com\/wp-content\/uploads\/2024\/01\/CHU020103101600_1_web.png\" \/>\n\t<meta property=\"og:image:width\" content=\"800\" \/>\n\t<meta property=\"og:image:height\" content=\"800\" \/>\n<meta name=\"twitter:card\" content=\"summary_large_image\" \/>\n<script type=\"application\/ld+json\" class=\"yoast-schema-graph\">{\"@context\":\"https:\/\/schema.org\",\"@graph\":[{\"@type\":\"Organization\",\"@id\":\"https:\/\/chemitool.com\/#organization\",\"name\":\"Chemitool\",\"url\":\"https:\/\/chemitool.com\/\",\"sameAs\":[\"https:\/\/www.facebook.com\/chemitool\",\"https:\/\/www.instagram.com\/chemitool\/\"],\"logo\":{\"@type\":\"ImageObject\",\"@id\":\"https:\/\/chemitool.com\/#logo\",\"inLanguage\":\"pt-PT\",\"url\":\"https:\/\/chemitool.com\/wp-content\/uploads\/2020\/10\/logo_chemitool.png\",\"contentUrl\":\"https:\/\/chemitool.com\/wp-content\/uploads\/2020\/10\/logo_chemitool.png\",\"width\":400,\"height\":400,\"caption\":\"Chemitool\"},\"image\":{\"@id\":\"https:\/\/chemitool.com\/#logo\"}},{\"@type\":\"WebSite\",\"@id\":\"https:\/\/chemitool.com\/#website\",\"url\":\"https:\/\/chemitool.com\/\",\"name\":\"Chemitool\",\"description\":\"Chemitool - hardware and tools\",\"publisher\":{\"@id\":\"https:\/\/chemitool.com\/#organization\"},\"potentialAction\":[{\"@type\":\"SearchAction\",\"target\":{\"@type\":\"EntryPoint\",\"urlTemplate\":\"https:\/\/chemitool.com\/?s={search_term_string}\"},\"query-input\":\"required name=search_term_string\"}],\"inLanguage\":\"pt-PT\"},{\"@type\":\"ImageObject\",\"@id\":\"https:\/\/chemitool.com\/pt-pt\/products\/automotive-3\/carregadores-de-bateria\/carregador-de-bateria-booster-600\/#primaryimage\",\"inLanguage\":\"pt-PT\",\"url\":\"https:\/\/chemitool.com\/wp-content\/uploads\/2024\/01\/CHU020103101600_1_web.png\",\"contentUrl\":\"https:\/\/chemitool.com\/wp-content\/uploads\/2024\/01\/CHU020103101600_1_web.png\",\"width\":800,\"height\":800},{\"@type\":\"WebPage\",\"@id\":\"https:\/\/chemitool.com\/pt-pt\/products\/automotive-3\/carregadores-de-bateria\/carregador-de-bateria-booster-600\/#webpage\",\"url\":\"https:\/\/chemitool.com\/pt-pt\/products\/automotive-3\/carregadores-de-bateria\/carregador-de-bateria-booster-600\/\",\"name\":\"CARREGADOR DE BATERIA BOOSTER 600 &ndash; Chemitool\",\"isPartOf\":{\"@id\":\"https:\/\/chemitool.com\/#website\"},\"primaryImageOfPage\":{\"@id\":\"https:\/\/chemitool.com\/pt-pt\/products\/automotive-3\/carregadores-de-bateria\/carregador-de-bateria-booster-600\/#primaryimage\"},\"datePublished\":\"2022-01-31T09:44:17+00:00\",\"dateModified\":\"2024-01-24T11:50:32+00:00\",\"description\":\"SAP: CHU020103101600 Carregador de Bateria Booster 600 CHEMITOOL port\\u00e1til monof\\u00e1sico para ve\\u00edculos ligeiros e pesados. Com uma tens\\u00e3o de entrada de 230V e tens\\u00e3o de carga de 12\/24V. Protegido contra sobrecarga e invers\\u00e3o de polaridade. Equipado com amper\\u00edmetro e v\\u00e1rias fichas dispon\\u00edveis. Possibilidade de uso em condi\\u00e7\\u00f5es adversas: IP23C.\",\"breadcrumb\":{\"@id\":\"https:\/\/chemitool.com\/pt-pt\/products\/automotive-3\/carregadores-de-bateria\/carregador-de-bateria-booster-600\/#breadcrumb\"},\"inLanguage\":\"pt-PT\",\"potentialAction\":[{\"@type\":\"ReadAction\",\"target\":[\"https:\/\/chemitool.com\/pt-pt\/products\/automotive-3\/carregadores-de-bateria\/carregador-de-bateria-booster-600\/\"]}]},{\"@type\":\"BreadcrumbList\",\"@id\":\"https:\/\/chemitool.com\/pt-pt\/products\/automotive-3\/carregadores-de-bateria\/carregador-de-bateria-booster-600\/#breadcrumb\",\"itemListElement\":[{\"@type\":\"ListItem\",\"position\":1,\"name\":\"Home\",\"item\":\"https:\/\/chemitool.com\/pt-pt\/\"},{\"@type\":\"ListItem\",\"position\":2,\"name\":\"Produtos\",\"item\":\"https:\/\/chemitool.com\/pt-pt\/produtos\/\"},{\"@type\":\"ListItem\",\"position\":3,\"name\":\"Chemicals\",\"item\":\"https:\/\/chemitool.com\/product-category\/chemical-products\/\"},{\"@type\":\"ListItem\",\"position\":4,\"name\":\"CARREGADOR DE BATERIA BOOSTER 600\"}]}]}<\/script>\n<!-- \/ Yoast SEO plugin. -->","yoast_head_json":{"title":"CARREGADOR DE BATERIA BOOSTER 600 &ndash; Chemitool","description":"SAP: CHU020103101600   Carregador de Bateria Booster 600 CHEMITOOL port\u00e1til monof\u00e1sico para ve\u00edculos ligeiros e pesados. Com uma tens\u00e3o de entrada de 230V e tens\u00e3o de carga de 12\/24V. Protegido contra sobrecarga e invers\u00e3o de polaridade. Equipado com amper\u00edmetro e v\u00e1rias fichas dispon\u00edveis. Possibilidade de uso em condi\u00e7\u00f5es adversas: IP23C.","robots":{"index":"index","follow":"follow","max-snippet":"max-snippet:-1","max-image-preview":"max-image-preview:large","max-video-preview":"max-video-preview:-1"},"canonical":"https:\/\/chemitool.com\/pt-pt\/products\/automotive-3\/carregadores-de-bateria\/carregador-de-bateria-booster-600\/","og_locale":"pt_PT","og_type":"article","og_title":"CARREGADOR DE BATERIA BOOSTER 600 &ndash; Chemitool","og_description":"SAP: CHU020103101600   Carregador de Bateria Booster 600 CHEMITOOL port\u00e1til monof\u00e1sico para ve\u00edculos ligeiros e pesados. Com uma tens\u00e3o de entrada de 230V e tens\u00e3o de carga de 12\/24V. Protegido contra sobrecarga e invers\u00e3o de polaridade. Equipado com amper\u00edmetro e v\u00e1rias fichas dispon\u00edveis. Possibilidade de uso em condi\u00e7\u00f5es adversas: IP23C.","og_url":"https:\/\/chemitool.com\/pt-pt\/products\/automotive-3\/carregadores-de-bateria\/carregador-de-bateria-booster-600\/","og_site_name":"Chemitool","article_publisher":"https:\/\/www.facebook.com\/chemitool","article_modified_time":"2024-01-24T11:50:32+00:00","og_image":[{"width":800,"height":800,"url":"https:\/\/chemitool.com\/wp-content\/uploads\/2024\/01\/CHU020103101600_1_web.png","type":"image\/png"}],"twitter_card":"summary_large_image","schema":{"@context":"https:\/\/schema.org","@graph":[{"@type":"Organization","@id":"https:\/\/chemitool.com\/#organization","name":"Chemitool","url":"https:\/\/chemitool.com\/","sameAs":["https:\/\/www.facebook.com\/chemitool","https:\/\/www.instagram.com\/chemitool\/"],"logo":{"@type":"ImageObject","@id":"https:\/\/chemitool.com\/#logo","inLanguage":"pt-PT","url":"https:\/\/chemitool.com\/wp-content\/uploads\/2020\/10\/logo_chemitool.png","contentUrl":"https:\/\/chemitool.com\/wp-content\/uploads\/2020\/10\/logo_chemitool.png","width":400,"height":400,"caption":"Chemitool"},"image":{"@id":"https:\/\/chemitool.com\/#logo"}},{"@type":"WebSite","@id":"https:\/\/chemitool.com\/#website","url":"https:\/\/chemitool.com\/","name":"Chemitool","description":"Chemitool - hardware and tools","publisher":{"@id":"https:\/\/chemitool.com\/#organization"},"potentialAction":[{"@type":"SearchAction","target":{"@type":"EntryPoint","urlTemplate":"https:\/\/chemitool.com\/?s={search_term_string}"},"query-input":"required name=search_term_string"}],"inLanguage":"pt-PT"},{"@type":"ImageObject","@id":"https:\/\/chemitool.com\/pt-pt\/products\/automotive-3\/carregadores-de-bateria\/carregador-de-bateria-booster-600\/#primaryimage","inLanguage":"pt-PT","url":"https:\/\/chemitool.com\/wp-content\/uploads\/2024\/01\/CHU020103101600_1_web.png","contentUrl":"https:\/\/chemitool.com\/wp-content\/uploads\/2024\/01\/CHU020103101600_1_web.png","width":800,"height":800},{"@type":"WebPage","@id":"https:\/\/chemitool.com\/pt-pt\/products\/automotive-3\/carregadores-de-bateria\/carregador-de-bateria-booster-600\/#webpage","url":"https:\/\/chemitool.com\/pt-pt\/products\/automotive-3\/carregadores-de-bateria\/carregador-de-bateria-booster-600\/","name":"CARREGADOR DE BATERIA BOOSTER 600 &ndash; Chemitool","isPartOf":{"@id":"https:\/\/chemitool.com\/#website"},"primaryImageOfPage":{"@id":"https:\/\/chemitool.com\/pt-pt\/products\/automotive-3\/carregadores-de-bateria\/carregador-de-bateria-booster-600\/#primaryimage"},"datePublished":"2022-01-31T09:44:17+00:00","dateModified":"2024-01-24T11:50:32+00:00","description":"SAP: CHU020103101600 Carregador de Bateria Booster 600 CHEMITOOL port\u00e1til monof\u00e1sico para ve\u00edculos ligeiros e pesados. Com uma tens\u00e3o de entrada de 230V e tens\u00e3o de carga de 12\/24V. Protegido contra sobrecarga e invers\u00e3o de polaridade. Equipado com amper\u00edmetro e v\u00e1rias fichas dispon\u00edveis. Possibilidade de uso em condi\u00e7\u00f5es adversas: IP23C.","breadcrumb":{"@id":"https:\/\/chemitool.com\/pt-pt\/products\/automotive-3\/carregadores-de-bateria\/carregador-de-bateria-booster-600\/#breadcrumb"},"inLanguage":"pt-PT","potentialAction":[{"@type":"ReadAction","target":["https:\/\/chemitool.com\/pt-pt\/products\/automotive-3\/carregadores-de-bateria\/carregador-de-bateria-booster-600\/"]}]},{"@type":"BreadcrumbList","@id":"https:\/\/chemitool.com\/pt-pt\/products\/automotive-3\/carregadores-de-bateria\/carregador-de-bateria-booster-600\/#breadcrumb","itemListElement":[{"@type":"ListItem","position":1,"name":"Home","item":"https:\/\/chemitool.com\/pt-pt\/"},{"@type":"ListItem","position":2,"name":"Produtos","item":"https:\/\/chemitool.com\/pt-pt\/produtos\/"},{"@type":"ListItem","position":3,"name":"Chemicals","item":"https:\/\/chemitool.com\/product-category\/chemical-products\/"},{"@type":"ListItem","position":4,"name":"CARREGADOR DE BATERIA BOOSTER 600"}]}]}},"_links":{"self":[{"href":"https:\/\/chemitool.com\/pt-pt\/wp-json\/wp\/v2\/product\/19035"}],"collection":[{"href":"https:\/\/chemitool.com\/pt-pt\/wp-json\/wp\/v2\/product"}],"about":[{"href":"https:\/\/chemitool.com\/pt-pt\/wp-json\/wp\/v2\/types\/product"}],"wp:featuredmedia":[{"embeddable":true,"href":"https:\/\/chemitool.com\/pt-pt\/wp-json\/wp\/v2\/media\/37104"}],"wp:attachment":[{"href":"https:\/\/chemitool.com\/pt-pt\/wp-json\/wp\/v2\/media?parent=19035"}],"wp:term":[{"taxonomy":"product_cat","embeddable":true,"href":"https:\/\/chemitool.com\/pt-pt\/wp-json\/wp\/v2\/product_cat?post=19035"},{"taxonomy":"product_tag","embeddable":true,"href":"https:\/\/chemitool.com\/pt-pt\/wp-json\/wp\/v2\/product_tag?post=19035"}],"curies":[{"name":"wp","href":"https:\/\/api.w.org\/{rel}","templated":true}]}}