{"id":18736,"date":"2022-01-10T14:41:30","date_gmt":"2022-01-10T14:41:44","guid":{"rendered":"https:\/\/chemitool.com\/?post_type=product&#038;p=18736"},"modified":"2022-01-10T15:34:45","modified_gmt":"2022-01-10T15:34:45","slug":"calcas-madras-3","status":"publish","type":"product","link":"https:\/\/chemitool.com\/pt-pt\/products\/safety\/vestuario-tecnico\/alta-visibilidade\/calcas-madras-3\/","title":{"rendered":"CAL\u00c7AS MADRAS 3"},"content":{"rendered":"<ul>\n<li>Fitas refletoras<\/li>\n<li>Alta visibilidade<\/li>\n<li>Costuras refor\u00e7adas<\/li>\n<\/ul>\n<p><img class=\"alignnone wp-image-18666\" src=\"https:\/\/chemitool.com\/wp-content\/uploads\/2022\/01\/CE_CAT2.png\" alt=\"\" width=\"75\" height=\"84\" \/><img class=\"alignnone wp-image-18663\" src=\"https:\/\/chemitool.com\/wp-content\/uploads\/2022\/01\/EN-ISO-20471_1.png\" alt=\"\" width=\"61\" height=\"70\" \/><\/p>\n","protected":false},"excerpt":{"rendered":"<p><em>CAL\u00c7AS MADRAS 3 CHEMITOOL &#8211;<\/em> Cal\u00e7a bicolor alta visibilidade com cintura el\u00e1stica, 2 bolsos frontais inclinados, bolso para rel\u00f3gio, 1 bolso traseiro de chapa com pala, 2 bolsos de chapa laterais com fole, carcela e velcro em ambas as pernas.<\/p>\n<p>2 bandas refletoras.<\/p>\n","protected":false},"featured_media":18762,"template":"","meta":[],"product_cat":[1453,3454,3461],"product_tag":[],"yoast_head":"<!-- This site is optimized with the Yoast SEO plugin v17.4 - https:\/\/yoast.com\/wordpress\/plugins\/seo\/ -->\n<title>CAL\u00c7AS MADRAS 3 &ndash; Chemitool<\/title>\n<meta name=\"description\" content=\"CAL\u00c7AS MADRAS 3 CHEMITOOL - Cal\u00e7a bicolor alta visibilidade com cintura el\u00e1stica, 2 bolsos frontais inclinados, bolso para rel\u00f3gio, 1 bolso traseiro de chapa com pala, 2 bolsos de chapa laterais com fole, carcela e velcro em ambas as pernas.  2 bandas refletoras.\" \/>\n<meta name=\"robots\" content=\"index, follow, max-snippet:-1, max-image-preview:large, max-video-preview:-1\" \/>\n<link rel=\"canonical\" href=\"https:\/\/chemitool.com\/pt-pt\/products\/safety\/vestuario-tecnico\/alta-visibilidade\/calcas-madras-3\/\" \/>\n<meta property=\"og:locale\" content=\"pt_PT\" \/>\n<meta property=\"og:type\" content=\"article\" \/>\n<meta property=\"og:title\" content=\"CAL\u00c7AS MADRAS 3 &ndash; Chemitool\" \/>\n<meta property=\"og:description\" content=\"CAL\u00c7AS MADRAS 3 CHEMITOOL - Cal\u00e7a bicolor alta visibilidade com cintura el\u00e1stica, 2 bolsos frontais inclinados, bolso para rel\u00f3gio, 1 bolso traseiro de chapa com pala, 2 bolsos de chapa laterais com fole, carcela e velcro em ambas as pernas.  2 bandas refletoras.\" \/>\n<meta property=\"og:url\" content=\"https:\/\/chemitool.com\/pt-pt\/products\/safety\/vestuario-tecnico\/alta-visibilidade\/calcas-madras-3\/\" \/>\n<meta property=\"og:site_name\" content=\"Chemitool\" \/>\n<meta property=\"article:publisher\" content=\"https:\/\/www.facebook.com\/chemitool\" \/>\n<meta property=\"article:modified_time\" content=\"2022-01-10T15:34:45+00:00\" \/>\n<meta property=\"og:image\" content=\"https:\/\/chemitool.com\/wp-content\/uploads\/2022\/01\/CHS100605-1.png\" \/>\n\t<meta property=\"og:image:width\" content=\"800\" \/>\n\t<meta property=\"og:image:height\" content=\"800\" \/>\n<meta name=\"twitter:card\" content=\"summary_large_image\" \/>\n<script type=\"application\/ld+json\" class=\"yoast-schema-graph\">{\"@context\":\"https:\/\/schema.org\",\"@graph\":[{\"@type\":\"Organization\",\"@id\":\"https:\/\/chemitool.com\/#organization\",\"name\":\"Chemitool\",\"url\":\"https:\/\/chemitool.com\/\",\"sameAs\":[\"https:\/\/www.facebook.com\/chemitool\",\"https:\/\/www.instagram.com\/chemitool\/\"],\"logo\":{\"@type\":\"ImageObject\",\"@id\":\"https:\/\/chemitool.com\/#logo\",\"inLanguage\":\"pt-PT\",\"url\":\"https:\/\/chemitool.com\/wp-content\/uploads\/2020\/10\/logo_chemitool.png\",\"contentUrl\":\"https:\/\/chemitool.com\/wp-content\/uploads\/2020\/10\/logo_chemitool.png\",\"width\":400,\"height\":400,\"caption\":\"Chemitool\"},\"image\":{\"@id\":\"https:\/\/chemitool.com\/#logo\"}},{\"@type\":\"WebSite\",\"@id\":\"https:\/\/chemitool.com\/#website\",\"url\":\"https:\/\/chemitool.com\/\",\"name\":\"Chemitool\",\"description\":\"Chemitool - hardware and tools\",\"publisher\":{\"@id\":\"https:\/\/chemitool.com\/#organization\"},\"potentialAction\":[{\"@type\":\"SearchAction\",\"target\":{\"@type\":\"EntryPoint\",\"urlTemplate\":\"https:\/\/chemitool.com\/?s={search_term_string}\"},\"query-input\":\"required name=search_term_string\"}],\"inLanguage\":\"pt-PT\"},{\"@type\":\"ImageObject\",\"@id\":\"https:\/\/chemitool.com\/pt-pt\/products\/safety\/vestuario-tecnico\/alta-visibilidade\/calcas-madras-3\/#primaryimage\",\"inLanguage\":\"pt-PT\",\"url\":\"https:\/\/chemitool.com\/wp-content\/uploads\/2022\/01\/CHS100605-1.png\",\"contentUrl\":\"https:\/\/chemitool.com\/wp-content\/uploads\/2022\/01\/CHS100605-1.png\",\"width\":800,\"height\":800},{\"@type\":\"WebPage\",\"@id\":\"https:\/\/chemitool.com\/pt-pt\/products\/safety\/vestuario-tecnico\/alta-visibilidade\/calcas-madras-3\/#webpage\",\"url\":\"https:\/\/chemitool.com\/pt-pt\/products\/safety\/vestuario-tecnico\/alta-visibilidade\/calcas-madras-3\/\",\"name\":\"CAL\\u00c7AS MADRAS 3 &ndash; Chemitool\",\"isPartOf\":{\"@id\":\"https:\/\/chemitool.com\/#website\"},\"primaryImageOfPage\":{\"@id\":\"https:\/\/chemitool.com\/pt-pt\/products\/safety\/vestuario-tecnico\/alta-visibilidade\/calcas-madras-3\/#primaryimage\"},\"datePublished\":\"2022-01-10T14:41:44+00:00\",\"dateModified\":\"2022-01-10T15:34:45+00:00\",\"description\":\"CAL\\u00c7AS MADRAS 3 CHEMITOOL - Cal\\u00e7a bicolor alta visibilidade com cintura el\\u00e1stica, 2 bolsos frontais inclinados, bolso para rel\\u00f3gio, 1 bolso traseiro de chapa com pala, 2 bolsos de chapa laterais com fole, carcela e velcro em ambas as pernas. 2 bandas refletoras.\",\"breadcrumb\":{\"@id\":\"https:\/\/chemitool.com\/pt-pt\/products\/safety\/vestuario-tecnico\/alta-visibilidade\/calcas-madras-3\/#breadcrumb\"},\"inLanguage\":\"pt-PT\",\"potentialAction\":[{\"@type\":\"ReadAction\",\"target\":[\"https:\/\/chemitool.com\/pt-pt\/products\/safety\/vestuario-tecnico\/alta-visibilidade\/calcas-madras-3\/\"]}]},{\"@type\":\"BreadcrumbList\",\"@id\":\"https:\/\/chemitool.com\/pt-pt\/products\/safety\/vestuario-tecnico\/alta-visibilidade\/calcas-madras-3\/#breadcrumb\",\"itemListElement\":[{\"@type\":\"ListItem\",\"position\":1,\"name\":\"Home\",\"item\":\"https:\/\/chemitool.com\/pt-pt\/\"},{\"@type\":\"ListItem\",\"position\":2,\"name\":\"Produtos\",\"item\":\"https:\/\/chemitool.com\/pt-pt\/produtos\/\"},{\"@type\":\"ListItem\",\"position\":3,\"name\":\"Safety\",\"item\":\"https:\/\/chemitool.com\/pt-pt\/categoria-produto\/safety\/\"},{\"@type\":\"ListItem\",\"position\":4,\"name\":\"Vestu\\u00e1rio T\\u00e9cnico\",\"item\":\"https:\/\/chemitool.com\/pt-pt\/categoria-produto\/safety\/vestuario-tecnico\/\"},{\"@type\":\"ListItem\",\"position\":5,\"name\":\"Alta Visibilidade\",\"item\":\"https:\/\/chemitool.com\/pt-pt\/categoria-produto\/safety\/vestuario-tecnico\/alta-visibilidade\/\"},{\"@type\":\"ListItem\",\"position\":6,\"name\":\"CAL\\u00c7AS MADRAS 3\"}]}]}<\/script>\n<!-- \/ Yoast SEO plugin. -->","yoast_head_json":{"title":"CAL\u00c7AS MADRAS 3 &ndash; Chemitool","description":"CAL\u00c7AS MADRAS 3 CHEMITOOL - Cal\u00e7a bicolor alta visibilidade com cintura el\u00e1stica, 2 bolsos frontais inclinados, bolso para rel\u00f3gio, 1 bolso traseiro de chapa com pala, 2 bolsos de chapa laterais com fole, carcela e velcro em ambas as pernas.  2 bandas refletoras.","robots":{"index":"index","follow":"follow","max-snippet":"max-snippet:-1","max-image-preview":"max-image-preview:large","max-video-preview":"max-video-preview:-1"},"canonical":"https:\/\/chemitool.com\/pt-pt\/products\/safety\/vestuario-tecnico\/alta-visibilidade\/calcas-madras-3\/","og_locale":"pt_PT","og_type":"article","og_title":"CAL\u00c7AS MADRAS 3 &ndash; Chemitool","og_description":"CAL\u00c7AS MADRAS 3 CHEMITOOL - Cal\u00e7a bicolor alta visibilidade com cintura el\u00e1stica, 2 bolsos frontais inclinados, bolso para rel\u00f3gio, 1 bolso traseiro de chapa com pala, 2 bolsos de chapa laterais com fole, carcela e velcro em ambas as pernas.  2 bandas refletoras.","og_url":"https:\/\/chemitool.com\/pt-pt\/products\/safety\/vestuario-tecnico\/alta-visibilidade\/calcas-madras-3\/","og_site_name":"Chemitool","article_publisher":"https:\/\/www.facebook.com\/chemitool","article_modified_time":"2022-01-10T15:34:45+00:00","og_image":[{"width":800,"height":800,"url":"https:\/\/chemitool.com\/wp-content\/uploads\/2022\/01\/CHS100605-1.png","type":"image\/png"}],"twitter_card":"summary_large_image","schema":{"@context":"https:\/\/schema.org","@graph":[{"@type":"Organization","@id":"https:\/\/chemitool.com\/#organization","name":"Chemitool","url":"https:\/\/chemitool.com\/","sameAs":["https:\/\/www.facebook.com\/chemitool","https:\/\/www.instagram.com\/chemitool\/"],"logo":{"@type":"ImageObject","@id":"https:\/\/chemitool.com\/#logo","inLanguage":"pt-PT","url":"https:\/\/chemitool.com\/wp-content\/uploads\/2020\/10\/logo_chemitool.png","contentUrl":"https:\/\/chemitool.com\/wp-content\/uploads\/2020\/10\/logo_chemitool.png","width":400,"height":400,"caption":"Chemitool"},"image":{"@id":"https:\/\/chemitool.com\/#logo"}},{"@type":"WebSite","@id":"https:\/\/chemitool.com\/#website","url":"https:\/\/chemitool.com\/","name":"Chemitool","description":"Chemitool - hardware and tools","publisher":{"@id":"https:\/\/chemitool.com\/#organization"},"potentialAction":[{"@type":"SearchAction","target":{"@type":"EntryPoint","urlTemplate":"https:\/\/chemitool.com\/?s={search_term_string}"},"query-input":"required name=search_term_string"}],"inLanguage":"pt-PT"},{"@type":"ImageObject","@id":"https:\/\/chemitool.com\/pt-pt\/products\/safety\/vestuario-tecnico\/alta-visibilidade\/calcas-madras-3\/#primaryimage","inLanguage":"pt-PT","url":"https:\/\/chemitool.com\/wp-content\/uploads\/2022\/01\/CHS100605-1.png","contentUrl":"https:\/\/chemitool.com\/wp-content\/uploads\/2022\/01\/CHS100605-1.png","width":800,"height":800},{"@type":"WebPage","@id":"https:\/\/chemitool.com\/pt-pt\/products\/safety\/vestuario-tecnico\/alta-visibilidade\/calcas-madras-3\/#webpage","url":"https:\/\/chemitool.com\/pt-pt\/products\/safety\/vestuario-tecnico\/alta-visibilidade\/calcas-madras-3\/","name":"CAL\u00c7AS MADRAS 3 &ndash; Chemitool","isPartOf":{"@id":"https:\/\/chemitool.com\/#website"},"primaryImageOfPage":{"@id":"https:\/\/chemitool.com\/pt-pt\/products\/safety\/vestuario-tecnico\/alta-visibilidade\/calcas-madras-3\/#primaryimage"},"datePublished":"2022-01-10T14:41:44+00:00","dateModified":"2022-01-10T15:34:45+00:00","description":"CAL\u00c7AS MADRAS 3 CHEMITOOL - Cal\u00e7a bicolor alta visibilidade com cintura el\u00e1stica, 2 bolsos frontais inclinados, bolso para rel\u00f3gio, 1 bolso traseiro de chapa com pala, 2 bolsos de chapa laterais com fole, carcela e velcro em ambas as pernas. 2 bandas refletoras.","breadcrumb":{"@id":"https:\/\/chemitool.com\/pt-pt\/products\/safety\/vestuario-tecnico\/alta-visibilidade\/calcas-madras-3\/#breadcrumb"},"inLanguage":"pt-PT","potentialAction":[{"@type":"ReadAction","target":["https:\/\/chemitool.com\/pt-pt\/products\/safety\/vestuario-tecnico\/alta-visibilidade\/calcas-madras-3\/"]}]},{"@type":"BreadcrumbList","@id":"https:\/\/chemitool.com\/pt-pt\/products\/safety\/vestuario-tecnico\/alta-visibilidade\/calcas-madras-3\/#breadcrumb","itemListElement":[{"@type":"ListItem","position":1,"name":"Home","item":"https:\/\/chemitool.com\/pt-pt\/"},{"@type":"ListItem","position":2,"name":"Produtos","item":"https:\/\/chemitool.com\/pt-pt\/produtos\/"},{"@type":"ListItem","position":3,"name":"Safety","item":"https:\/\/chemitool.com\/pt-pt\/categoria-produto\/safety\/"},{"@type":"ListItem","position":4,"name":"Vestu\u00e1rio T\u00e9cnico","item":"https:\/\/chemitool.com\/pt-pt\/categoria-produto\/safety\/vestuario-tecnico\/"},{"@type":"ListItem","position":5,"name":"Alta Visibilidade","item":"https:\/\/chemitool.com\/pt-pt\/categoria-produto\/safety\/vestuario-tecnico\/alta-visibilidade\/"},{"@type":"ListItem","position":6,"name":"CAL\u00c7AS MADRAS 3"}]}]}},"_links":{"self":[{"href":"https:\/\/chemitool.com\/pt-pt\/wp-json\/wp\/v2\/product\/18736"}],"collection":[{"href":"https:\/\/chemitool.com\/pt-pt\/wp-json\/wp\/v2\/product"}],"about":[{"href":"https:\/\/chemitool.com\/pt-pt\/wp-json\/wp\/v2\/types\/product"}],"wp:featuredmedia":[{"embeddable":true,"href":"https:\/\/chemitool.com\/pt-pt\/wp-json\/wp\/v2\/media\/18762"}],"wp:attachment":[{"href":"https:\/\/chemitool.com\/pt-pt\/wp-json\/wp\/v2\/media?parent=18736"}],"wp:term":[{"taxonomy":"product_cat","embeddable":true,"href":"https:\/\/chemitool.com\/pt-pt\/wp-json\/wp\/v2\/product_cat?post=18736"},{"taxonomy":"product_tag","embeddable":true,"href":"https:\/\/chemitool.com\/pt-pt\/wp-json\/wp\/v2\/product_tag?post=18736"}],"curies":[{"name":"wp","href":"https:\/\/api.w.org\/{rel}","templated":true}]}}