{"id":18681,"date":"2022-01-07T11:56:30","date_gmt":"2022-01-07T11:56:30","guid":{"rendered":"https:\/\/chemitool.com\/products\/sem%20categoria\/luva-de-nitrilo-xtouch\/"},"modified":"2022-06-22T13:35:03","modified_gmt":"2022-06-22T13:35:03","slug":"luva-de-nitrilo-xtouch","status":"publish","type":"product","link":"https:\/\/chemitool.com\/pt-pt\/products\/safety\/luvas-de-seguranca\/luvas-descartaveis\/luva-de-nitrilo-xtouch\/","title":{"rendered":"LUVA DE NITRILO XTOUCH"},"content":{"rendered":"<ul>\n<li>Texturadas na ponta dos dedos<\/li>\n<li>Resistentes a hidrocarbonetos<\/li>\n<li>Resist\u00eancia a produtos qu\u00edmicos<\/li>\n<li>Caixa de 100 unidades<\/li>\n<\/ul>\n<p><img class=\"alignnone size-full wp-image-23713\" src=\"https:\/\/chemitool.com\/wp-content\/uploads\/2022\/06\/CE_CAT3_only.png\" alt=\"\" width=\"104\" height=\"119\" \/> <img class=\"alignnone size-full wp-image-23819\" src=\"https:\/\/chemitool.com\/wp-content\/uploads\/2022\/01\/EN-ISO-374-6-2016-1.png\" alt=\"\" width=\"104\" height=\"119\" \/> <img class=\"alignnone size-full wp-image-23815\" src=\"https:\/\/chemitool.com\/wp-content\/uploads\/2022\/06\/EN-374-1_2016_TIPOB.png\" alt=\"\" width=\"105\" height=\"121\" \/><\/p>\n","protected":false},"excerpt":{"rendered":"<p><em>Luvas de Nitrilo XTOUCH CHEMITOOL<\/em> descart\u00e1veis, ambidestras, resistentes e sem p\u00f3. Caraterizam-se pelo seu conforto, destreza, ader\u00eancia, sensibilidade, precis\u00e3o, resist\u00eancia a hidrocarbonetos, l\u00edquidos e \u00f3leos no geral.<\/p>\n","protected":false},"featured_media":23760,"template":"","meta":[],"product_cat":[1453,3529],"product_tag":[3535,3534],"yoast_head":"<!-- This site is optimized with the Yoast SEO plugin v17.4 - https:\/\/yoast.com\/wordpress\/plugins\/seo\/ -->\n<title>LUVA DE NITRILO XTOUCH &ndash; Chemitool<\/title>\n<meta name=\"description\" content=\"Luvas de Nitrilo XTOUCH CHEMITOOL descart\u00e1veis, ambidestras, resistentes e sem p\u00f3. Caraterizam-se pelo seu conforto, destreza, ader\u00eancia, sensibilidade, precis\u00e3o, resist\u00eancia a hidrocarbonetos, l\u00edquidos e \u00f3leos no geral.\" \/>\n<meta name=\"robots\" content=\"index, follow, max-snippet:-1, max-image-preview:large, max-video-preview:-1\" \/>\n<link rel=\"canonical\" href=\"https:\/\/chemitool.com\/pt-pt\/products\/safety\/luvas-de-seguranca\/luvas-descartaveis\/luva-de-nitrilo-xtouch\/\" \/>\n<meta property=\"og:locale\" content=\"pt_PT\" \/>\n<meta property=\"og:type\" content=\"article\" \/>\n<meta property=\"og:title\" content=\"LUVA DE NITRILO XTOUCH &ndash; Chemitool\" \/>\n<meta property=\"og:description\" content=\"Luvas de Nitrilo XTOUCH CHEMITOOL descart\u00e1veis, ambidestras, resistentes e sem p\u00f3. Caraterizam-se pelo seu conforto, destreza, ader\u00eancia, sensibilidade, precis\u00e3o, resist\u00eancia a hidrocarbonetos, l\u00edquidos e \u00f3leos no geral.\" \/>\n<meta property=\"og:url\" content=\"https:\/\/chemitool.com\/pt-pt\/products\/safety\/luvas-de-seguranca\/luvas-descartaveis\/luva-de-nitrilo-xtouch\/\" \/>\n<meta property=\"og:site_name\" content=\"Chemitool\" \/>\n<meta property=\"article:publisher\" content=\"https:\/\/www.facebook.com\/chemitool\" \/>\n<meta property=\"article:modified_time\" content=\"2022-06-22T13:35:03+00:00\" \/>\n<meta property=\"og:image\" content=\"https:\/\/chemitool.com\/wp-content\/uploads\/2022\/01\/chs020802_chs020803_new.png\" \/>\n\t<meta property=\"og:image:width\" content=\"800\" \/>\n\t<meta property=\"og:image:height\" content=\"800\" \/>\n<meta name=\"twitter:card\" content=\"summary_large_image\" \/>\n<script type=\"application\/ld+json\" class=\"yoast-schema-graph\">{\"@context\":\"https:\/\/schema.org\",\"@graph\":[{\"@type\":\"Organization\",\"@id\":\"https:\/\/chemitool.com\/#organization\",\"name\":\"Chemitool\",\"url\":\"https:\/\/chemitool.com\/\",\"sameAs\":[\"https:\/\/www.facebook.com\/chemitool\",\"https:\/\/www.instagram.com\/chemitool\/\"],\"logo\":{\"@type\":\"ImageObject\",\"@id\":\"https:\/\/chemitool.com\/#logo\",\"inLanguage\":\"pt-PT\",\"url\":\"https:\/\/chemitool.com\/wp-content\/uploads\/2020\/10\/logo_chemitool.png\",\"contentUrl\":\"https:\/\/chemitool.com\/wp-content\/uploads\/2020\/10\/logo_chemitool.png\",\"width\":400,\"height\":400,\"caption\":\"Chemitool\"},\"image\":{\"@id\":\"https:\/\/chemitool.com\/#logo\"}},{\"@type\":\"WebSite\",\"@id\":\"https:\/\/chemitool.com\/#website\",\"url\":\"https:\/\/chemitool.com\/\",\"name\":\"Chemitool\",\"description\":\"Chemitool - hardware and tools\",\"publisher\":{\"@id\":\"https:\/\/chemitool.com\/#organization\"},\"potentialAction\":[{\"@type\":\"SearchAction\",\"target\":{\"@type\":\"EntryPoint\",\"urlTemplate\":\"https:\/\/chemitool.com\/?s={search_term_string}\"},\"query-input\":\"required name=search_term_string\"}],\"inLanguage\":\"pt-PT\"},{\"@type\":\"ImageObject\",\"@id\":\"https:\/\/chemitool.com\/pt-pt\/products\/safety\/luvas-de-seguranca\/luvas-descartaveis\/luva-de-nitrilo-xtouch\/#primaryimage\",\"inLanguage\":\"pt-PT\",\"url\":\"https:\/\/chemitool.com\/wp-content\/uploads\/2022\/01\/chs020802_chs020803_new.png\",\"contentUrl\":\"https:\/\/chemitool.com\/wp-content\/uploads\/2022\/01\/chs020802_chs020803_new.png\",\"width\":800,\"height\":800},{\"@type\":\"WebPage\",\"@id\":\"https:\/\/chemitool.com\/pt-pt\/products\/safety\/luvas-de-seguranca\/luvas-descartaveis\/luva-de-nitrilo-xtouch\/#webpage\",\"url\":\"https:\/\/chemitool.com\/pt-pt\/products\/safety\/luvas-de-seguranca\/luvas-descartaveis\/luva-de-nitrilo-xtouch\/\",\"name\":\"LUVA DE NITRILO XTOUCH &ndash; Chemitool\",\"isPartOf\":{\"@id\":\"https:\/\/chemitool.com\/#website\"},\"primaryImageOfPage\":{\"@id\":\"https:\/\/chemitool.com\/pt-pt\/products\/safety\/luvas-de-seguranca\/luvas-descartaveis\/luva-de-nitrilo-xtouch\/#primaryimage\"},\"datePublished\":\"2022-01-07T11:56:30+00:00\",\"dateModified\":\"2022-06-22T13:35:03+00:00\",\"description\":\"Luvas de Nitrilo XTOUCH CHEMITOOL descart\\u00e1veis, ambidestras, resistentes e sem p\\u00f3. Caraterizam-se pelo seu conforto, destreza, ader\\u00eancia, sensibilidade, precis\\u00e3o, resist\\u00eancia a hidrocarbonetos, l\\u00edquidos e \\u00f3leos no geral.\",\"breadcrumb\":{\"@id\":\"https:\/\/chemitool.com\/pt-pt\/products\/safety\/luvas-de-seguranca\/luvas-descartaveis\/luva-de-nitrilo-xtouch\/#breadcrumb\"},\"inLanguage\":\"pt-PT\",\"potentialAction\":[{\"@type\":\"ReadAction\",\"target\":[\"https:\/\/chemitool.com\/pt-pt\/products\/safety\/luvas-de-seguranca\/luvas-descartaveis\/luva-de-nitrilo-xtouch\/\"]}]},{\"@type\":\"BreadcrumbList\",\"@id\":\"https:\/\/chemitool.com\/pt-pt\/products\/safety\/luvas-de-seguranca\/luvas-descartaveis\/luva-de-nitrilo-xtouch\/#breadcrumb\",\"itemListElement\":[{\"@type\":\"ListItem\",\"position\":1,\"name\":\"Home\",\"item\":\"https:\/\/chemitool.com\/pt-pt\/\"},{\"@type\":\"ListItem\",\"position\":2,\"name\":\"Produtos\",\"item\":\"https:\/\/chemitool.com\/pt-pt\/produtos\/\"},{\"@type\":\"ListItem\",\"position\":3,\"name\":\"Safety\",\"item\":\"https:\/\/chemitool.com\/pt-pt\/categoria-produto\/safety\/\"},{\"@type\":\"ListItem\",\"position\":4,\"name\":\"Luvas de seguran\\u00e7a\",\"item\":\"https:\/\/chemitool.com\/pt-pt\/categoria-produto\/safety\/luvas-de-seguranca\/\"},{\"@type\":\"ListItem\",\"position\":5,\"name\":\"Luvas Descart\\u00e1veis\",\"item\":\"https:\/\/chemitool.com\/pt-pt\/categoria-produto\/safety\/luvas-de-seguranca\/luvas-descartaveis\/\"},{\"@type\":\"ListItem\",\"position\":6,\"name\":\"LUVA DE NITRILO XTOUCH\"}]}]}<\/script>\n<!-- \/ Yoast SEO plugin. -->","yoast_head_json":{"title":"LUVA DE NITRILO XTOUCH &ndash; Chemitool","description":"Luvas de Nitrilo XTOUCH CHEMITOOL descart\u00e1veis, ambidestras, resistentes e sem p\u00f3. Caraterizam-se pelo seu conforto, destreza, ader\u00eancia, sensibilidade, precis\u00e3o, resist\u00eancia a hidrocarbonetos, l\u00edquidos e \u00f3leos no geral.","robots":{"index":"index","follow":"follow","max-snippet":"max-snippet:-1","max-image-preview":"max-image-preview:large","max-video-preview":"max-video-preview:-1"},"canonical":"https:\/\/chemitool.com\/pt-pt\/products\/safety\/luvas-de-seguranca\/luvas-descartaveis\/luva-de-nitrilo-xtouch\/","og_locale":"pt_PT","og_type":"article","og_title":"LUVA DE NITRILO XTOUCH &ndash; Chemitool","og_description":"Luvas de Nitrilo XTOUCH CHEMITOOL descart\u00e1veis, ambidestras, resistentes e sem p\u00f3. Caraterizam-se pelo seu conforto, destreza, ader\u00eancia, sensibilidade, precis\u00e3o, resist\u00eancia a hidrocarbonetos, l\u00edquidos e \u00f3leos no geral.","og_url":"https:\/\/chemitool.com\/pt-pt\/products\/safety\/luvas-de-seguranca\/luvas-descartaveis\/luva-de-nitrilo-xtouch\/","og_site_name":"Chemitool","article_publisher":"https:\/\/www.facebook.com\/chemitool","article_modified_time":"2022-06-22T13:35:03+00:00","og_image":[{"width":800,"height":800,"url":"https:\/\/chemitool.com\/wp-content\/uploads\/2022\/01\/chs020802_chs020803_new.png","type":"image\/png"}],"twitter_card":"summary_large_image","schema":{"@context":"https:\/\/schema.org","@graph":[{"@type":"Organization","@id":"https:\/\/chemitool.com\/#organization","name":"Chemitool","url":"https:\/\/chemitool.com\/","sameAs":["https:\/\/www.facebook.com\/chemitool","https:\/\/www.instagram.com\/chemitool\/"],"logo":{"@type":"ImageObject","@id":"https:\/\/chemitool.com\/#logo","inLanguage":"pt-PT","url":"https:\/\/chemitool.com\/wp-content\/uploads\/2020\/10\/logo_chemitool.png","contentUrl":"https:\/\/chemitool.com\/wp-content\/uploads\/2020\/10\/logo_chemitool.png","width":400,"height":400,"caption":"Chemitool"},"image":{"@id":"https:\/\/chemitool.com\/#logo"}},{"@type":"WebSite","@id":"https:\/\/chemitool.com\/#website","url":"https:\/\/chemitool.com\/","name":"Chemitool","description":"Chemitool - hardware and tools","publisher":{"@id":"https:\/\/chemitool.com\/#organization"},"potentialAction":[{"@type":"SearchAction","target":{"@type":"EntryPoint","urlTemplate":"https:\/\/chemitool.com\/?s={search_term_string}"},"query-input":"required name=search_term_string"}],"inLanguage":"pt-PT"},{"@type":"ImageObject","@id":"https:\/\/chemitool.com\/pt-pt\/products\/safety\/luvas-de-seguranca\/luvas-descartaveis\/luva-de-nitrilo-xtouch\/#primaryimage","inLanguage":"pt-PT","url":"https:\/\/chemitool.com\/wp-content\/uploads\/2022\/01\/chs020802_chs020803_new.png","contentUrl":"https:\/\/chemitool.com\/wp-content\/uploads\/2022\/01\/chs020802_chs020803_new.png","width":800,"height":800},{"@type":"WebPage","@id":"https:\/\/chemitool.com\/pt-pt\/products\/safety\/luvas-de-seguranca\/luvas-descartaveis\/luva-de-nitrilo-xtouch\/#webpage","url":"https:\/\/chemitool.com\/pt-pt\/products\/safety\/luvas-de-seguranca\/luvas-descartaveis\/luva-de-nitrilo-xtouch\/","name":"LUVA DE NITRILO XTOUCH &ndash; Chemitool","isPartOf":{"@id":"https:\/\/chemitool.com\/#website"},"primaryImageOfPage":{"@id":"https:\/\/chemitool.com\/pt-pt\/products\/safety\/luvas-de-seguranca\/luvas-descartaveis\/luva-de-nitrilo-xtouch\/#primaryimage"},"datePublished":"2022-01-07T11:56:30+00:00","dateModified":"2022-06-22T13:35:03+00:00","description":"Luvas de Nitrilo XTOUCH CHEMITOOL descart\u00e1veis, ambidestras, resistentes e sem p\u00f3. Caraterizam-se pelo seu conforto, destreza, ader\u00eancia, sensibilidade, precis\u00e3o, resist\u00eancia a hidrocarbonetos, l\u00edquidos e \u00f3leos no geral.","breadcrumb":{"@id":"https:\/\/chemitool.com\/pt-pt\/products\/safety\/luvas-de-seguranca\/luvas-descartaveis\/luva-de-nitrilo-xtouch\/#breadcrumb"},"inLanguage":"pt-PT","potentialAction":[{"@type":"ReadAction","target":["https:\/\/chemitool.com\/pt-pt\/products\/safety\/luvas-de-seguranca\/luvas-descartaveis\/luva-de-nitrilo-xtouch\/"]}]},{"@type":"BreadcrumbList","@id":"https:\/\/chemitool.com\/pt-pt\/products\/safety\/luvas-de-seguranca\/luvas-descartaveis\/luva-de-nitrilo-xtouch\/#breadcrumb","itemListElement":[{"@type":"ListItem","position":1,"name":"Home","item":"https:\/\/chemitool.com\/pt-pt\/"},{"@type":"ListItem","position":2,"name":"Produtos","item":"https:\/\/chemitool.com\/pt-pt\/produtos\/"},{"@type":"ListItem","position":3,"name":"Safety","item":"https:\/\/chemitool.com\/pt-pt\/categoria-produto\/safety\/"},{"@type":"ListItem","position":4,"name":"Luvas de seguran\u00e7a","item":"https:\/\/chemitool.com\/pt-pt\/categoria-produto\/safety\/luvas-de-seguranca\/"},{"@type":"ListItem","position":5,"name":"Luvas Descart\u00e1veis","item":"https:\/\/chemitool.com\/pt-pt\/categoria-produto\/safety\/luvas-de-seguranca\/luvas-descartaveis\/"},{"@type":"ListItem","position":6,"name":"LUVA DE NITRILO XTOUCH"}]}]}},"_links":{"self":[{"href":"https:\/\/chemitool.com\/pt-pt\/wp-json\/wp\/v2\/product\/18681"}],"collection":[{"href":"https:\/\/chemitool.com\/pt-pt\/wp-json\/wp\/v2\/product"}],"about":[{"href":"https:\/\/chemitool.com\/pt-pt\/wp-json\/wp\/v2\/types\/product"}],"wp:featuredmedia":[{"embeddable":true,"href":"https:\/\/chemitool.com\/pt-pt\/wp-json\/wp\/v2\/media\/23760"}],"wp:attachment":[{"href":"https:\/\/chemitool.com\/pt-pt\/wp-json\/wp\/v2\/media?parent=18681"}],"wp:term":[{"taxonomy":"product_cat","embeddable":true,"href":"https:\/\/chemitool.com\/pt-pt\/wp-json\/wp\/v2\/product_cat?post=18681"},{"taxonomy":"product_tag","embeddable":true,"href":"https:\/\/chemitool.com\/pt-pt\/wp-json\/wp\/v2\/product_tag?post=18681"}],"curies":[{"name":"wp","href":"https:\/\/api.w.org\/{rel}","templated":true}]}}